{"id":53898,"date":"2024-11-20T00:36:34","date_gmt":"2024-11-20T00:36:34","guid":{"rendered":"http:\/\/vevorshop.edigo.lv\/Prece\/vevor-band-saw-benchtop-bandsaw-1100w-1-5hp-motor-13-39-inch-max-throat-width-13-inch-cutting-height-109-45-inch-sawblade-length-stepless-operational-table-band-saw-with-stop-and-miter-gauge-for\/"},"modified":"2026-02-26T16:50:34","modified_gmt":"2026-02-26T14:50:34","slug":"vevor-band-saw-benchtop-bandsaw-1100w-1-5hp-motor-13-39-inch-max-throat-width-13-inch-cutting-height-109-45-inch-sawblade-length-stepless-operational-table-band-saw-with-stop-and-miter-gauge-for","status":"publish","type":"product","link":"https:\/\/vevorshop.lv\/lv\/Prece\/vevor-lentzagis-benchtop-lentzagis-1100w-1-5hp-motors-13-39-collu-maksimalais-rikles-platums-13-collu-griesanas-augstums-109-45-collu-zaga-asmens-garums-bezpakapju-darbibas-galda-lentzagis-ar-apstadin\/","title":{"rendered":"VEVOR 330mm galda lentz\u0101\u0123is, 1100W 1.5ZS, 880 m\/min \u0101trums, 340mm kakls, 2780mm asmens, \u017eogs un le\u0146\u0137m\u0113rs, kokam un alum\u012bnijam"},"content":{"rendered":"<div style=\"color: #fff!important; font-size: 16px; height: 24px; line-height: 24px; margin-top: -24px; \" class=\"product_original_name\">VEVOR Band Saw, 13.39-Inch, 440-846 RPM Continuously Viable Benchtop Bandsaw, 1100W 1-1\/2HP Motor 13\" Cutting Height 109.45\" Sawblade Length, with Fence and Miter Gauge, for Woodworking Aluminum<\/div>\n<div style=\"color: #fff!important; font-size: 16px; height: 24px; line-height: 24px; margin-top: -24px; \" class=\"product_sku\">M4I4M6HZ<\/div>\n<div style=\"color: #fff!important; font-size: 16px; height: 24px; line-height: 24px; margin-top: -24px; \" class=\"product_mpn\">MCQGDJL1415HPTM7WV2<\/div><div id=\"js-DM_at-goodDescRich\"><html><head><style>  body {    font-family: Arial;    line-height: 1.5;    color: #1c1c1c;    overflow-x: hidden;    margin: 0;    padding: 0;  }  .MsoNormal b {    font-weight: bolder;  }<\/style><style>  .container.small {    width: 970px;    margin: 0 auto;  }  .logo {    margin: 0 auto 0;  }  .logo img {    display: block;    margin: 0 auto;    max-width: 100%;  }  .logo .pc-banner {    display: block;    width: 1200px;    height: 247.4px;    margin: 0 auto;  }  .logo .pc-banner.small {    width: 970px;  }  .logo .pc-banner.small img {    height: auto!important;  }  .logo .m-banner {    display: none;  }  .ytvideo {    position: relative;    height: 546px;    width: 100%;    margin: 0 auto;  }  .ytvideo img {    width: 100%;    margin: 0 auto;  }  .ytvideo .play-btn {    width: 60px;    height: 42px;    position: absolute;    top: 50%;    left: 50%;    transform: translate(-50%, -50%);    background: url(\"data:image\/png;base64,iVBORw0KGgoAAAANSUhEUgAAAGQAAABGCAMAAAANWMFbAAAC+lBMVEUAAADBGB3kLCfBGB3kLCfcJC7BFx3KKSbiKybkLCbWJCPSIiLSIiLPICHAFx3kLCfgKSXNHiDZJiTIGx\/p4eHcjo7LHSDbJyTkLCbjKyfOHyHPIiL28fHJHB\/GGh7EGR7eKCXDGB3RISHlLSbBGB3AFxzGHB7DGB7BGB3hKybkKybAFx3lLCfAFxzDGR3hKibDGB7cJyTmz8\/elJTlwcHjurrUIyLlLSflLSfAFx3DGR7lLSfCFx3hKibhKibhKybjKybkLCblLSfbJSX49vbx7e3NNzjNMTLMJyjVIyLZf3\/ZQ0LaeHjx0tLgoqLkLCfCGB3HGx\/BGB3BFx3PICHCGB7WJCLOHyC\/Fxy\/Fx3lLCfQISHkLSe\/FxzbJiTBFx3FGx\/AGB7BFx3EGR7AGB3HHSDfKiXAFh3TISHYNzbhKibbJyTTIiL57e325+f039\/v2NjUV1fOHiHiqanfmprch4feKSXVIyPOICHmLibFGh\/mLSe\/Fx7XJCPeKSXXJSPNHyHaJyTGGh7lLCbmLCflLSjSIiLkLCbdKSXLHiC\/GB3KHh++Fh3lKyfoLiXcKCPkx8fYb2\/XaGfVXl3aU1LLHiDksbHgKibPICHbJyTfKSXbJyTCGB3KHSDiKybFGh7TIiL\/\/\/\/VIyPRISHIHB\/GGx\/HHB\/DGR7gKibdKCXLHiDZJiTMHiDNHyHYJSTOICHPICHWJCPcKCXXJSPjLCblLCf+\/f3NGR\/uLijzLynPGR\/IGB7WISHaIyLLGh7UAADxLynNAADRLzDbICLQAADIAAD3MCrUHSHXMTDpKSbLAADp5OTij4\/ejo\/VLy\/1LyngJSTcJCPQHx\/OHB7+\/PzaMS\/OLS\/vLijrLSjSAADaNTPwLyjkKSbNJCbYISHPHB\/KGB7WAAD7+vrn3d3aKynTKCjoLCfsKifRGh\/YAADq5+fhjo7QNDXXKCfmJyXt5+fTLzDLLi\/QKivYHRvMGBrQJCXLISPMExXLDxLaEAvkkI\/bOTfaFQ\/SCgpvLcnHAAAAmnRSTlMA+vv7+gT9Bvf9+8z8\/NSv\/Pr5+P7++vnQIBMP\/v38\/Pn348XDiCYf9OjbzcqxXVcx\/fz8+\/rj1r2poo1+fXFqX0orGP7+\/v7+\/fz8+\/r68uzn4trIxsG\/vri3p6GcmZSNbWVYUUZEPQv+\/f39+\/v7+\/v7+vr64tvV1NTTz87FtbSurqeblJKFg4B3bUY+NjL7+\/v7+\/v67t1cDo8JLQAABkRJREFUWMO0kz9rwkAYh0OIeJkum6YugUAhISCdKoj\/P4C7SMdS+gEKIhSKil10LSg4mzXkILdlEpxCpwTiWOLX6BujvQaEQuGeHLnL+\/64J+SIcKGYTYWnntpdLjrVdqvZmNdn0+EE40GtpuuWVS6Xx6N7YDSGpWXpeq02wHgynM7q80az1a52HpddtVcpsi1zFARBrdaxbhp9iUReTGmwA4KAAr7vx3EYejnCMI6hQYEgy0LQi4jUN0wL19vqFcUC9\/1dAKmEEFkWRYkh5oBejnxQJiSJPJ\/uKBp0Thszx9Mw8hMRIQjKsptCfuES9zr5WJY6vSFCIvE9fCMUmEM1A1kSXcYGxgVYsvI1IPKTZciSTI0us\/SMGG04gDzELDoFBwdcFJrF88dqgYMTiL6DILWYyfOWE8\/kIz38olCNlC03FK95+imxp6y4oUSvAnBjHHhKNtotSDqJzVFiK8c2SBqhZtsrTtgrLXwAyduxZHNE26eHUt5rtuM4WSmds3G+sUdWYo1L+XyxButoh5eKUHk5lByO3G1LqqCWVnfrv\/lyPtf\/4ps1cndNGIri8J1TJ0lx6dR\/oPjq1nbRwdp2dCk4CtIOLW3pVKRL6WZfS5vF2KkIQhpwSsjiYIgNCs1gEMGqiIq24NQX9NwoXFy8Ufrl3twTcg4fv8T9\/JBEySduj6Mjm4bMzYV7EEOxKjjoNDud7yY3Dy71Hq2oLmqfbNR723edH9PgMrNL2utoQ3VmaIDkiw\/4w51P06hlZsTZvkRrbVuSIs\/zwSOsycgzStQouoAkWQqioRT5XI7n2Z1wfVhoZmcAJLsoqjqpjbWCgpOAJXBwHK8PzWbNvoUZJND5wCnSkLAkZ1legx6vqQzjoiTahKlGUGLAiIIoABOHaNVw4sexZBym6\/HWlH5h3IC7yRbxtipcWxdTOkORKiNQAEkFf66x5S2oeRbroOlLgg0sSYkR0hRGEqJZ0jTPiQKatESdBckpWigxaapEH0lImHdWu9pUFF2XqMNM2Z4kped7IwEJw2qabwtrQqnpw6HyKkgcadKWsmpywwesDyIhYRpdzXddqegtGIJlXbAIUMOLkGxJUjRIkokwjUaX9d\/kK62ps\/tYUqZLIMkLTyBhsMZ3C5Z\/kDxOSCb\/DOs\/\/J0qcWSX\/2ipe56EgTCA4\/cB7NAYOsni4mZM1MUPAISoEwkDi4lhVBQ1cWQyIcwalw4EpqZN68JUSK7XC0kTlkLYii5uXSC8jT5ncCAS7mjCv0uHp\/3lueHEEAeQ\/\/VgmdN71\/2uCSA1Xr6DO6uI6sW56zqT2tp2PhgiRUAajV8CY2fkcz6WGNKMgLAt7tJAhD4YHMTeRxlALE6+43WqjSWi8ITxyJl8WrwWSNESQZZOqhDDntO3hJLsd5RtSpbJqdv3YrDJH3F7jL1R2O2aQkn2MyCyKYz0GPGIvSAMgBCrCEiJyKbBaYGwLW4uPRr0A0M4Ux5kUI7IBh+hMdiCEWNqhMZGyYMsOgNE58UQuEQeUnSWCMYwL54hkxK6IoqucQZbQ3pc3XtL0lky1dL0zZJJDpWJovFqpWj6JEHnyam2eQp5QRVAVHjWparTOaVwUOx99YS2MvgxIGV0bb+qIg2HX2qkFFJB+XZcbLiuRkuxD9GRroKyveLxdh4d7Orx+hb7qc3uVRuEogCOnyIxm4ubUoPgF4jianDrC+SDQDKEfJb0GUKmjCGPYHGJvVC6X4hw1\/sAfQAdfYyephIaspXe36RwOP+Ljvfx9B6B3i+Nk0DGq+oCbLn6JpBa9nWAveAIHwFAwtVcIJXPMPL8kRu5OAYPMaL1WScTxjiZDqB9LTJSWphow\/pTYKRTLjCBhvi9iBidvKcDasGSm0QQkycYuLBqj6QCELPctqChDWpTRMWkngNNpQ1Pfp1KkiT\/Y0DGffXAweUNfLAfaJFKDwhb6I+bkYRbkERoEeu3Fyjg2opMz2daZCS9jt6Q7txNfB+OZEVF6Zl5web2xunnLQrtrjXseXKaFYziYINeMFZVxS9VxRhOoesYwxPKXm+gWLG9cuFeq93UNNeJNsf1KlwuDok9n02n3TgIJpOxNfL9naIoQwXtfH9kjceTIIi709ncTg6LZbg+biLH1V6u\/7rxBem06VXKn9raAAAAAElFTkSuQmCC\")      no-repeat center center \/ contain;  }  @media screen and (max-width: 960px) and (orientation: portrait) {    .logo {      width: 100%;    }    .logo .pc-banner {      display: none;    }    .logo .m-banner {      display: block;      width: 100%;    }    .logo .m-banner img {      height: auto!important;    }    .ytvideo {      height: 200px;      width: 100%;    }  }<\/style><style>  .video-section {    width: 100%;    margin: 0 auto;  }  .video-section > img {    width: 100%;  }  .video-section iframe,  .video-section video {    width: 100%;    height: 100%;      }  .video-section-img-m,  .video-section-img-pc > img {    width: 100%;    height: auto;  }  .video-section-img-pc.small > img {    width: 970px;  }  .video-desc {    line-height: 1.5;    font-size: 20px;    font-weight: 400;    margin: 20px 0;    text-align: center;    color: #0f1111;    word-break: break-word;  }  @media screen and (max-width: 960px) and (orientation: portrait) {    .video-section {      width: 100%;    }    .video-section-pc,    .video-section-img-pc {      display: none;    }    .video-section-m,    .video-section-img-m {      display: block;    }    .video-desc {      font-size: 15px;    }  }  @media screen and (min-width: 960px) {    .video-section {      width: 100%;      margin: 0 auto;    }    .video-section-pc,    .video-section-img-pc {      display: block;    }    .video-section-m,    .video-section-img-m {      display: none;    }    .video-desc {      font-size: 20px;    }  }<\/style><style>  .section + .section {    margin-top: 35px;  }  .section-title {    text-align: center;    font-weight: bold;    color: #0d1111;    font-family: \"Arial\";    font-size: 32px;    margin: 15px 0;  }  .section-title:empty {    display: none;  }  .section-desc {    text-align: center;    font-weight: normal;    color: #0d1111;    margin-top: 20px;  }  .section-desc:empty {    display: none;  }  .section-img {    width: 1200px;    height: 492px;    margin: 0 auto;    display: block;  }  .section-img.small {    width: 970px;    height: auto;  }  .section-img.small > img {    height: auto;  }  .section-img > img {    width: 100%;    height: 100%;  }  .section-mobile-img {    display: none;    max-width: 100vw;    max-height: 75vw;    height: 450px;    margin: 0 auto;  }  .section-mobile-img > img {    width: 100%;    height: 100%;  }  @media screen and (max-width: 960px) and (orientation: portrait) {    .container {      width: 100%;    }    .container.small {      width: 100%;    }    .section-mobile-img {      display: block;    }    .section-img {      display: none;    }    .section-title {      font-size: 22px;      margin: 10px 0;    }    .section-desc {      margin-top: 10px;    }    .section + .section {      margin-top: 20px;    }  }<\/style><\/head><body><div class=\"container small\"><div class=\"logo\"><div class=\"pc-banner small\"><div><img decoding=\"async\" src=\"\/vevor\/vevor\/boutique-banner\/pc\/en-pc@1x.jpg\" style=\"width: 100%;\" \/><\/div><\/div><div class=\"m-banner\"><div><img decoding=\"async\" src=\"\/vevor\/vevor\/boutique-banner\/mobile\/en-m@1x.jpg\" style=\"width: 100%;\" \/><\/div><\/div><\/div><div class=\"section-title\">Paveiciet jebkuru projektu acumirkl\u012b!<\/div><div class=\"video-section\"><div class=\"video-section-img-pc small\"><img decoding=\"async\" src=\"\/vevor\/product\/MCQGDJL1415HPTM7W\/wood-lathe-a100-1.4-pt.jpg\" \/><\/div><div class=\"video-section-img-m\"><img decoding=\"async\" src=\"\/vevor\/product\/MCQGDJL1415HPTM7W\/wood-lathe-a100-1.4-pt.jpg\" \/><\/div><div class=\"section-desc\">VEVOR kokapstr\u0101des lentz\u0101\u0123is ir konstru\u0113ts ar grie\u0161anas augstumu 330 mm, grie\u0161anas platumu 340 mm un 1-1\/2 ZS 1100 W motoru. Tam ir ar\u012b nep\u0101rtraukti main\u012bga \u0101truma regul\u0113\u0161anas funkcija un optimiz\u0113ts darba apgaismojums \u0113rtai lieto\u0161anai. Grieziet p\u0101rliecino\u0161i ar VEVOR lentz\u0101\u0123i!<\/div><\/div><div class=\"section\"><div class=\"section-title\"><\/div><div class=\"section-img small\"><img decoding=\"async\" src=\"\/vevor\/product\/MCQGDJL1415HPTM7W\/wood-lathe-a100-2.2-pt.jpg\" \/><\/div><div class=\"section-mobile-img\"><img decoding=\"async\" src=\"\/vevor\/product\/MCQGDJL1415HPTM7W\/wood-lathe-a100-2.2-pt.jpg\" \/><\/div><div class=\"section-desc\">With a maximum cutting height of 13 in \/ 330 mm and a maximum cutting width of 13.39 in \/ 340 mm, you can cut large-size wood to meet your processing specifications.<\/div><\/div><div class=\"section\"><div class=\"section-title\"><\/div><div class=\"section-img small\"><img decoding=\"async\" src=\"\/vevor\/product\/MCQGDJL1415HPTM7W\/wood-lathe-a100-2.3-pt.jpg\" \/><\/div><div class=\"section-mobile-img\"><img decoding=\"async\" src=\"\/vevor\/product\/MCQGDJL1415HPTM7W\/wood-lathe-a100-2.3-pt.jpg\" \/><\/div><div class=\"section-desc\">Z\u0101\u0123a asmens garums ir 2780 mm, un tas ir izgatavots no 65Mn t\u0113rauda liel\u0101kai iztur\u012bbai. Maksim\u0101lais \u0101trums: 1050 m\/min, biezums: 0,02 collas\/0,5 mm, ciet\u012bba: 423\u2013493 HB. Piez\u012bme: M\u016bsu produkts pied\u0101v\u0101 Eiropas standarta mode\u013cus ar maksim\u0101lo grie\u0161anas \u0101trumu 880 m\/min.<\/div><\/div><div class=\"section\"><div class=\"section-title\"><\/div><div class=\"section-img small\"><img decoding=\"async\" src=\"\/vevor\/product\/MCQGDJL1415HPTM7W\/wood-lathe-a100-2.4-pt.jpg\" \/><\/div><div class=\"section-mobile-img\"><img decoding=\"async\" src=\"\/vevor\/product\/MCQGDJL1415HPTM7W\/wood-lathe-a100-2.4-pt.jpg\" \/><\/div><div class=\"section-desc\">Lai darbn\u012bcas vide b\u016btu sakopta, m\u016bsu kokapstr\u0101des lentz\u0101\u0123is ir apr\u012bkots ar putek\u013cu sav\u0101k\u0161anas portu; jums tikai j\u0101pievieno putek\u013cu sav\u0101k\u0161anas ports vakuuma iek\u0101rtai, kad varat sav\u0101kt putek\u013cus!<\/div><\/div><div class=\"section\"><div class=\"section-title\"><\/div><div class=\"section-img small\"><img decoding=\"async\" src=\"\/vevor\/product\/MCQGDJL1415HPTM7W\/wood-lathe-a100-2.5-pt.jpg\" \/><\/div><div class=\"section-mobile-img\"><img decoding=\"async\" src=\"\/vevor\/product\/MCQGDJL1415HPTM7W\/wood-lathe-a100-2.5-pt.jpg\" \/><\/div><div class=\"section-desc\">Galda lentz\u0101\u0123is ir piem\u0113rots &#034;dari pats&#034; entuziastiem, kokapstr\u0101des speci\u0101listiem, dekoratoriem u.\u00a0c. \u0160o ma\u0161\u012bnu var izmantot m\u0101jas dekor\u0113\u0161anai vai kokapstr\u0101dei, un ar to var griezt cietkoksni, m\u012bkstkoksni, varu, alum\u012bniju un plastmasu.<\/div><\/div><div class=\"section\"><div class=\"section-img small\"><img decoding=\"async\" src=\"\/vevor\/product\/MCQGDJL1415HPTM7W\/wood-lathe-a100-1.11-pt.jpg\" \/><\/div><div class=\"section-mobile-img\"><img decoding=\"async\" src=\"\/vevor\/product\/MCQGDJL1415HPTM7W\/wood-lathe-a100-1.11-pt.jpg\" \/><\/div><\/div><\/div><\/body><\/html><\/div>\n<div class=\"DM_at-title\" id=\"js-DM_at-title\"> <div>Produkta specifik\u0101cija<\/div> <i class=\"icon-arrowup_line\"><\/i> <\/div><div class=\"DM_at-goodsDescAttr\" id=\"js-DM_at-goodsDescAttr\"> <div class=\"DM_at-goodsDescAttrInner\"> <dl class=\"goodsDesc_item goodsDesc_item_even\"> <dt>Preces Mode\u013ca Numurs<\/dt> <dd> HBS350<\/dd> <\/dl> <dl class=\"goodsDesc_item\"> <dt>Jauda<\/dt> <dd> 1100\u00a0W, 1,5\u00a0ZS<\/dd> <\/dl> <dl class=\"goodsDesc_item goodsDesc_item_even\"> <dt>Maks. kakla platums<\/dt> <dd> 13,39 collas \/ 340 mm<\/dd> <\/dl> <dl class=\"goodsDesc_item\"> <dt>Maks. p\u013cau\u0161anas augstums<\/dt> <dd> 13 collas \/ 330 mm<\/dd> <\/dl> <dl class=\"goodsDesc_item goodsDesc_item_even\"> <dt>Z\u0101\u0123a asmens garums<\/dt> <dd> 109,45 collas \/ 2780 mm<\/dd> <\/dl> <dl class=\"goodsDesc_item\"> <dt>Z\u0101\u0123a galda izm\u0113rs<\/dt> <dd> 15.75 x 21.57 in \/ 400 x 548 mm<\/dd> <\/dl> <dl class=\"goodsDesc_item goodsDesc_item_even\"> <dt>Bezslodzes \u0101trums<\/dt> <dd> 480\u2013960 apgr.\/min (ASV standarts); 440\u2013846 apgr.\/min (Eiropas standarts)<\/dd> <\/dl> <dl class=\"goodsDesc_item\"> <dt>Maks. z\u0101\u0123ripas \u0101trums<\/dt> <dd> 1050 m\/min (ASV standarts); 880 m\/min (Eiropas standarts)<\/dd> <\/dl> <dl class=\"goodsDesc_item goodsDesc_item_even\"> <dt>Galvenais materi\u0101ls<\/dt> <dd> Q235<\/dd> <\/dl> <dl class=\"goodsDesc_item\"> <dt>Aizsardz\u012bba<\/dt> <dd> Aizsardz\u012bba pret p\u0101rkar\u0161anu<\/dd> <\/dl> <dl class=\"goodsDesc_item goodsDesc_item_even\"> <dt>Z\u0101\u0123a asmens platums<\/dt> <dd> 0,39 collas \/ 10 mm<\/dd> <\/dl> <dl class=\"goodsDesc_item\"> <dt>Z\u0101\u0123a asmens biezums<\/dt> <dd> 0,02 collas \/ 0,5 mm<\/dd> <\/dl> <dl class=\"goodsDesc_item goodsDesc_item_even\"> <dt>Z\u0101\u0123a asmens materi\u0101ls<\/dt> <dd> 65 miljoni<\/dd> <\/dl> <dl class=\"goodsDesc_item\"> <dt>Z\u0101\u0123a asmens ciet\u012bba<\/dt> <dd> 423-493HB<\/dd> <\/dl> <dl class=\"goodsDesc_item goodsDesc_item_even\"> <dt>Sil\u012bcija t\u0113rauda \u0101r\u0113jais diametrs<\/dt> <dd> \u03c65,02 collas \/ 127,5 mm<\/dd> <\/dl> <dl class=\"goodsDesc_item\"> <dt>Str\u0101vas Vads<\/dt> <dd> 3 x 10 AWG, PVC, 72,04\u00b13,9 collas \/ 183\u00b110 cm<\/dd> <\/dl> <dl class=\"goodsDesc_item goodsDesc_item_even\"> <dt>Produkta izm\u0113ri (G x P x A)<\/dt> <dd> 53,15 x 18,5 x 21,65 collas \/ 135 x 47 x 55 cm<\/dd> <\/dl> <dl class=\"goodsDesc_item\"> <dt>Neto Svars<\/dt> <dd> 182,98 m\u0101rci\u0146as \/ 83 kg<\/dd> <\/dl> <\/div> <\/div>","protected":false},"excerpt":{"rendered":"<ul>\n<li> Nevainojama grie\u0161anas prasme: Vai esat gatavs neticamai grie\u0161anas pieredzei? Kokapstr\u0101des lentz\u0101\u0123is var griezt koksni ar maksim\u0101lo grie\u0161anas augstumu 330 mm. Maksim\u0101lais atveres platums: 340 mm. Maksim\u0101lais z\u0101\u0123ripas \u0101trums: 880 m\/min. <\/li>\n<li> Nep\u0101rtraukta darbsp\u0113ja: Galda lentz\u0101\u0123is ir apr\u012bkots ar nep\u0101rtraukti main\u0101mu \u0101truma regul\u0113\u0161anas funkciju, kas \u013cauj lietot\u0101jiem viegli piel\u0101got \u0101trumu sav\u0101m \u012bpa\u0161aj\u0101m vajadz\u012bb\u0101m. T\u0101 maksim\u0101lais \u0101trums ir 864 apgr.\/min. un minim\u0101lais \u0101trums ir 440 apgr.\/min., ko var viegli regul\u0113t. <\/li>\n<li> Augstas veiktsp\u0113jas motors: M\u016bsu galda lentz\u0101\u0123im ir jaud\u012bgs 1,5 ZS 1100 W ierosmes motors. Sil\u012bcija t\u0113rauda biezums ir 3,62 collas \/ 92 mm, bet \u0101r\u0113jais diametrs ir 5,02 collas \/ 127,5 mm. Tam ir ar\u012b p\u0101rkar\u0161anas aizsardz\u012bba, lai nodro\u0161in\u0101tu vienm\u0113r\u012bgu un dro\u0161u iek\u0101rtas darb\u012bbu. <\/li>\n<li> Grie\u0161ana da\u017e\u0101dos le\u0146\u0137os: Koka lentz\u0101\u0123im ir noliecams galds, ko var regul\u0113t no 0 l\u012bdz 45\u00b0, nodro\u0161inot liel\u0101ku elast\u012bbu grie\u0161anas laik\u0101. Z\u0101\u0123a galda izm\u0113rs ir 15,75 x 21,57 collas \/ 400 x 548 mm, tas ir izgatavots no Q235 t\u0113rauda, \u200b\u200blai nodro\u0161in\u0101tu papildu iztur\u012bbu un ilgm\u016b\u017e\u012bbu. Noliecot galdu par 45 gr\u0101diem pa labi, var viegli un prec\u012bzi griezt sl\u012bpumus. <\/li>\n<li> Optimiz\u0113ta apgaismojuma poz\u012bcija: T\u0101 ir izstr\u0101d\u0101ta, \u0146emot v\u0113r\u0101 j\u016bsu ikdienas vajadz\u012bbas. Darba apgaismojuma poz\u012bcija ir elast\u012bga un viegli lietojama, t\u0101p\u0113c to var piel\u0101got konkr\u0113tu darba zonu apgaismo\u0161anai, neuztraucoties par \u0113n\u0101m vai tum\u0161iem plankumiem, \u013caujot str\u0101d\u0101t prec\u012bzi un bez piep\u016bles. <\/li>\n<\/ul>","protected":false},"featured_media":335717,"comment_status":"closed","ping_status":"open","template":"","meta":{"om_disable_all_campaigns":false,"_monsterinsights_skip_tracking":false,"_monsterinsights_sitenote_active":false,"_monsterinsights_sitenote_note":"","_monsterinsights_sitenote_category":0,"_uf_show_specific_survey":0,"_uf_disable_surveys":false},"location":[1935,1934],"product_brand":[21],"product_cat":[2920,2397,2919,2374,4461],"product_tag":[],"class_list":{"0":"post-53898","1":"product","2":"type-product","3":"status-publish","4":"has-post-thumbnail","6":"location-supplier_stock_location","7":"location-local_stock_location","8":"product_brand-vevor","9":"product_cat-band-saws","10":"product_cat-power-tools-tools","11":"product_cat-saws","12":"product_cat-tools","13":"product_cat-woodworking-bandsaw","15":"first","16":"outofstock","17":"taxable","18":"shipping-taxable","19":"purchasable","20":"product-type-simple"},"aioseo_notices":[],"jetpack_sharing_enabled":true,"locations":[{"id":1935,"name":"Pieg\u0101d\u0101t\u0101ja noliktav\u0101 (5-7d.d.)","slug":"supplier_stock_location","quantity":"0"},{"id":1934,"name":"R\u012bgas veikal\u0101 (0-2d.d.)","slug":"local_stock_location","quantity":"0"}],"_links":{"self":[{"href":"https:\/\/vevorshop.lv\/lv\/wp-json\/wp\/v2\/product\/53898","targetHints":{"allow":["GET"]}}],"collection":[{"href":"https:\/\/vevorshop.lv\/lv\/wp-json\/wp\/v2\/product"}],"about":[{"href":"https:\/\/vevorshop.lv\/lv\/wp-json\/wp\/v2\/types\/product"}],"replies":[{"embeddable":true,"href":"https:\/\/vevorshop.lv\/lv\/wp-json\/wp\/v2\/comments?post=53898"}],"wp:featuredmedia":[{"embeddable":true,"href":"https:\/\/vevorshop.lv\/lv\/wp-json\/wp\/v2\/media\/335717"}],"wp:attachment":[{"href":"https:\/\/vevorshop.lv\/lv\/wp-json\/wp\/v2\/media?parent=53898"}],"wp:term":[{"taxonomy":"location","embeddable":true,"href":"https:\/\/vevorshop.lv\/lv\/wp-json\/wp\/v2\/location?post=53898"},{"taxonomy":"product_brand","embeddable":true,"href":"https:\/\/vevorshop.lv\/lv\/wp-json\/wp\/v2\/product_brand?post=53898"},{"taxonomy":"product_cat","embeddable":true,"href":"https:\/\/vevorshop.lv\/lv\/wp-json\/wp\/v2\/product_cat?post=53898"},{"taxonomy":"product_tag","embeddable":true,"href":"https:\/\/vevorshop.lv\/lv\/wp-json\/wp\/v2\/product_tag?post=53898"}],"curies":[{"name":"wp","href":"https:\/\/api.w.org\/{rel}","templated":true}]}}