{"id":53930,"date":"2024-11-20T00:41:04","date_gmt":"2024-11-20T00:41:04","guid":{"rendered":"http:\/\/vevorshop.edigo.lv\/Prece\/vevor-10-2mm-dynamic-climbing-rope-60m197ft-outdoor-rock-climbing-rope-blue\/"},"modified":"2026-04-20T00:32:18","modified_gmt":"2026-04-19T21:32:18","slug":"vevor-10-2mm-dynamic-climbing-rope-60m197ft-outdoor-rock-climbing-rope-blue","status":"publish","type":"product","link":"https:\/\/vevorshop.lv\/lv\/Prece\/vevor-10-2mm-dinamiska-kapsanas-virve-60m197ft-ara-klinsu-kapsanas-virve-zila\/","title":{"rendered":"VEVOR 10,2mm Dinamisk\u0101 Klin\u0161u K\u0101p\u0161anas Virve 60m, 25KN Iztur\u012bba, Elast\u012bga ar T\u0113rauda \u0100\u0137iem, \u0100ra K\u0101p\u0161anai, Zila"},"content":{"rendered":"<div style=\"color: #fff!important; font-size: 16px; height: 24px; line-height: 24px; margin-top: -24px; \" class=\"product_original_name\">VEVOR 10.2mm dinamisk\u0101 k\u0101p\u0161anas virve, 60M (197ft) \u0101ra klin\u0161u k\u0101p\u0161anas virve 25KN p\u0101rrau\u0161anas spriegojums, izstiepjama \u0161\u0137iedras virve ar t\u0113rauda fiks\u0101cijas \u0101\u0137iem b\u0113g\u0161anai, repel\u0113\u0161anai, ugunsdro\u0161\u012bbai, zilai<\/div>\n<div style=\"color: #fff!important; font-size: 16px; height: 24px; line-height: 24px; margin-top: -24px; \" class=\"product_sku\">M4I4M6MM<\/div>\n<div style=\"color: #fff!important; font-size: 16px; height: 24px; line-height: 24px; margin-top: -24px; \" class=\"product_mpn\">DSDLS197YC10KNO0JV0<\/div><div id=\"js-DM_at-goodDescRich\"><html><head><style>  body {    font-family: Arial;    line-height: 1.5;    color: #1c1c1c;    overflow-x: hidden;    margin: 0;    padding: 0;  }  .MsoNormal b {    font-weight: bolder;  }<\/style><style>  .container.small {    width: 970px;    margin: 0 auto;  }  .logo {    margin: 0 auto 0;  }  .logo img {    display: block;    margin: 0 auto;    max-width: 100%;  }  .logo .pc-banner {    display: block;    width: 1200px;    height: 247.4px;    margin: 0 auto;  }  .logo .pc-banner.small {    width: 970px;  }  .logo .pc-banner.small img {    height: auto!important;  }  .logo .m-banner {    display: none;  }  .ytvideo {    position: relative;    height: 546px;    width: 100%;    margin: 0 auto;  }  .ytvideo img {    width: 100%;    margin: 0 auto;  }  .ytvideo .play-btn {    width: 60px;    height: 42px;    position: absolute;    top: 50%;    left: 50%;    transform: translate(-50%, -50%);    background: url(\"data:image\/png;base64,iVBORw0KGgoAAAANSUhEUgAAAGQAAABGCAMAAAANWMFbAAAC+lBMVEUAAADBGB3kLCfBGB3kLCfcJC7BFx3KKSbiKybkLCbWJCPSIiLSIiLPICHAFx3kLCfgKSXNHiDZJiTIGx\/p4eHcjo7LHSDbJyTkLCbjKyfOHyHPIiL28fHJHB\/GGh7EGR7eKCXDGB3RISHlLSbBGB3AFxzGHB7DGB7BGB3hKybkKybAFx3lLCfAFxzDGR3hKibDGB7cJyTmz8\/elJTlwcHjurrUIyLlLSflLSfAFx3DGR7lLSfCFx3hKibhKibhKybjKybkLCblLSfbJSX49vbx7e3NNzjNMTLMJyjVIyLZf3\/ZQ0LaeHjx0tLgoqLkLCfCGB3HGx\/BGB3BFx3PICHCGB7WJCLOHyC\/Fxy\/Fx3lLCfQISHkLSe\/FxzbJiTBFx3FGx\/AGB7BFx3EGR7AGB3HHSDfKiXAFh3TISHYNzbhKibbJyTTIiL57e325+f039\/v2NjUV1fOHiHiqanfmprch4feKSXVIyPOICHmLibFGh\/mLSe\/Fx7XJCPeKSXXJSPNHyHaJyTGGh7lLCbmLCflLSjSIiLkLCbdKSXLHiC\/GB3KHh++Fh3lKyfoLiXcKCPkx8fYb2\/XaGfVXl3aU1LLHiDksbHgKibPICHbJyTfKSXbJyTCGB3KHSDiKybFGh7TIiL\/\/\/\/VIyPRISHIHB\/GGx\/HHB\/DGR7gKibdKCXLHiDZJiTMHiDNHyHYJSTOICHPICHWJCPcKCXXJSPjLCblLCf+\/f3NGR\/uLijzLynPGR\/IGB7WISHaIyLLGh7UAADxLynNAADRLzDbICLQAADIAAD3MCrUHSHXMTDpKSbLAADp5OTij4\/ejo\/VLy\/1LyngJSTcJCPQHx\/OHB7+\/PzaMS\/OLS\/vLijrLSjSAADaNTPwLyjkKSbNJCbYISHPHB\/KGB7WAAD7+vrn3d3aKynTKCjoLCfsKifRGh\/YAADq5+fhjo7QNDXXKCfmJyXt5+fTLzDLLi\/QKivYHRvMGBrQJCXLISPMExXLDxLaEAvkkI\/bOTfaFQ\/SCgpvLcnHAAAAmnRSTlMA+vv7+gT9Bvf9+8z8\/NSv\/Pr5+P7++vnQIBMP\/v38\/Pn348XDiCYf9OjbzcqxXVcx\/fz8+\/rj1r2poo1+fXFqX0orGP7+\/v7+\/fz8+\/r68uzn4trIxsG\/vri3p6GcmZSNbWVYUUZEPQv+\/f39+\/v7+\/v7+vr64tvV1NTTz87FtbSurqeblJKFg4B3bUY+NjL7+\/v7+\/v67t1cDo8JLQAABkRJREFUWMO0kz9rwkAYh0OIeJkum6YugUAhISCdKoj\/P4C7SMdS+gEKIhSKil10LSg4mzXkILdlEpxCpwTiWOLX6BujvQaEQuGeHLnL+\/64J+SIcKGYTYWnntpdLjrVdqvZmNdn0+EE40GtpuuWVS6Xx6N7YDSGpWXpeq02wHgynM7q80az1a52HpddtVcpsi1zFARBrdaxbhp9iUReTGmwA4KAAr7vx3EYejnCMI6hQYEgy0LQi4jUN0wL19vqFcUC9\/1dAKmEEFkWRYkh5oBejnxQJiSJPJ\/uKBp0Thszx9Mw8hMRIQjKsptCfuES9zr5WJY6vSFCIvE9fCMUmEM1A1kSXcYGxgVYsvI1IPKTZciSTI0us\/SMGG04gDzELDoFBwdcFJrF88dqgYMTiL6DILWYyfOWE8\/kIz38olCNlC03FK95+imxp6y4oUSvAnBjHHhKNtotSDqJzVFiK8c2SBqhZtsrTtgrLXwAyduxZHNE26eHUt5rtuM4WSmds3G+sUdWYo1L+XyxButoh5eKUHk5lByO3G1LqqCWVnfrv\/lyPtf\/4ps1cndNGIri8J1TJ0lx6dR\/oPjq1nbRwdp2dCk4CtIOLW3pVKRL6WZfS5vF2KkIQhpwSsjiYIgNCs1gEMGqiIq24NQX9NwoXFy8Ufrl3twTcg4fv8T9\/JBEySduj6Mjm4bMzYV7EEOxKjjoNDud7yY3Dy71Hq2oLmqfbNR723edH9PgMrNL2utoQ3VmaIDkiw\/4w51P06hlZsTZvkRrbVuSIs\/zwSOsycgzStQouoAkWQqioRT5XI7n2Z1wfVhoZmcAJLsoqjqpjbWCgpOAJXBwHK8PzWbNvoUZJND5wCnSkLAkZ1legx6vqQzjoiTahKlGUGLAiIIoABOHaNVw4sexZBym6\/HWlH5h3IC7yRbxtipcWxdTOkORKiNQAEkFf66x5S2oeRbroOlLgg0sSYkR0hRGEqJZ0jTPiQKatESdBckpWigxaapEH0lImHdWu9pUFF2XqMNM2Z4kped7IwEJw2qabwtrQqnpw6HyKkgcadKWsmpywwesDyIhYRpdzXddqegtGIJlXbAIUMOLkGxJUjRIkokwjUaX9d\/kK62ps\/tYUqZLIMkLTyBhsMZ3C5Z\/kDxOSCb\/DOs\/\/J0qcWSX\/2ipe56EgTCA4\/cB7NAYOsni4mZM1MUPAISoEwkDi4lhVBQ1cWQyIcwalw4EpqZN68JUSK7XC0kTlkLYii5uXSC8jT5ncCAS7mjCv0uHp\/3lueHEEAeQ\/\/VgmdN71\/2uCSA1Xr6DO6uI6sW56zqT2tp2PhgiRUAajV8CY2fkcz6WGNKMgLAt7tJAhD4YHMTeRxlALE6+43WqjSWi8ITxyJl8WrwWSNESQZZOqhDDntO3hJLsd5RtSpbJqdv3YrDJH3F7jL1R2O2aQkn2MyCyKYz0GPGIvSAMgBCrCEiJyKbBaYGwLW4uPRr0A0M4Ux5kUI7IBh+hMdiCEWNqhMZGyYMsOgNE58UQuEQeUnSWCMYwL54hkxK6IoqucQZbQ3pc3XtL0lky1dL0zZJJDpWJovFqpWj6JEHnyam2eQp5QRVAVHjWparTOaVwUOx99YS2MvgxIGV0bb+qIg2HX2qkFFJB+XZcbLiuRkuxD9GRroKyveLxdh4d7Orx+hb7qc3uVRuEogCOnyIxm4ubUoPgF4jianDrC+SDQDKEfJb0GUKmjCGPYHGJvVC6X4hw1\/sAfQAdfYyephIaspXe36RwOP+Ljvfx9B6B3i+Nk0DGq+oCbLn6JpBa9nWAveAIHwFAwtVcIJXPMPL8kRu5OAYPMaL1WScTxjiZDqB9LTJSWphow\/pTYKRTLjCBhvi9iBidvKcDasGSm0QQkycYuLBqj6QCELPctqChDWpTRMWkngNNpQ1Pfp1KkiT\/Y0DGffXAweUNfLAfaJFKDwhb6I+bkYRbkERoEeu3Fyjg2opMz2daZCS9jt6Q7txNfB+OZEVF6Zl5web2xunnLQrtrjXseXKaFYziYINeMFZVxS9VxRhOoesYwxPKXm+gWLG9cuFeq93UNNeJNsf1KlwuDok9n02n3TgIJpOxNfL9naIoQwXtfH9kjceTIIi709ncTg6LZbg+biLH1V6u\/7rxBem06VXKn9raAAAAAElFTkSuQmCC\")      no-repeat center center \/ contain;  }  @media screen and (max-width: 960px) and (orientation: portrait) {    .logo {      width: 100%;    }    .logo .pc-banner {      display: none;    }    .logo .m-banner {      display: block;      width: 100%;    }    .logo .m-banner img {      height: auto!important;    }    .ytvideo {      height: 200px;      width: 100%;    }  }<\/style><style>  .video-section {    width: 100%;    margin: 0 auto;  }  .video-section > img {    width: 100%;  }  .video-section iframe,  .video-section video {    width: 100%;    height: 100%;      }  .video-section-img-m,  .video-section-img-pc > img {    width: 100%;    height: auto;  }  .video-section-img-pc.small > img {    width: 970px;  }  .video-desc {    line-height: 1.5;    font-size: 20px;    font-weight: 400;    margin: 20px 0;    text-align: center;    color: #0f1111;    word-break: break-word;  }  @media screen and (max-width: 960px) and (orientation: portrait) {    .video-section {      width: 100%;    }    .video-section-pc,    .video-section-img-pc {      display: none;    }    .video-section-m,    .video-section-img-m {      display: block;    }    .video-desc {      font-size: 15px;    }  }  @media screen and (min-width: 960px) {    .video-section {      width: 100%;      margin: 0 auto;    }    .video-section-pc,    .video-section-img-pc {      display: block;    }    .video-section-m,    .video-section-img-m {      display: none;    }    .video-desc {      font-size: 20px;    }  }<\/style><style>  .section + .section {    margin-top: 35px;  }  .section-title {    text-align: center;    font-weight: bold;    color: #0d1111;    font-family: \"Arial\";    font-size: 32px;    margin: 15px 0;  }  .section-title:empty {    display: none;  }  .section-desc {    text-align: center;    font-weight: normal;    color: #0d1111;    margin-top: 20px;  }  .section-desc:empty {    display: none;  }  .section-img {    width: 1200px;    height: 492px;    margin: 0 auto;    display: block;  }  .section-img.small {    width: 970px;    height: auto;  }  .section-img.small > img {    height: auto;  }  .section-img > img {    width: 100%;    height: 100%;  }  .section-mobile-img {    display: none;    max-width: 100vw;    max-height: 75vw;    height: 450px;    margin: 0 auto;  }  .section-mobile-img > img {    width: 100%;    height: 100%;  }  @media screen and (max-width: 960px) and (orientation: portrait) {    .container {      width: 100%;    }    .container.small {      width: 100%;    }    .section-mobile-img {      display: block;    }    .section-img {      display: none;    }    .section-title {      font-size: 22px;      margin: 10px 0;    }    .section-desc {      margin-top: 10px;    }    .section + .section {      margin-top: 20px;    }  }<\/style><\/head><body><div class=\"container small\"><div class=\"logo\"><div class=\"pc-banner small\"><div><img decoding=\"async\" src=\"\/vevor\/vevor\/boutique-banner\/pc\/en-pc@1x.jpg\" style=\"width: 100%;\" \/><\/div><\/div><div class=\"m-banner\"><div><img decoding=\"async\" src=\"\/vevor\/vevor\/boutique-banner\/mobile\/en-m@1x.jpg\" style=\"width: 100%;\" \/><\/div><\/div><\/div><div class=\"section-title\">VEVOR dinamisk\u0101s k\u0101p\u0161anas virve \u2014 paredz\u0113ta piedz\u012bvojumiem<\/div><div class=\"video-section\"><div class=\"video-section-img-pc small\"><img decoding=\"async\" src=\"\/vevor\/product\/DSDLS197YC10KNO0J\/static-climbing-rope-a100-1.4-pt.jpg\" \/><\/div><div class=\"video-section-img-m\"><img decoding=\"async\" src=\"\/vevor\/product\/DSDLS197YC10KNO0J\/static-climbing-rope-a100-1.4-pt.jpg\" \/><\/div><div class=\"section-desc\">Ar augstu p\u0101rrau\u0161anas spriegumu 25KN un ANSI sertifik\u0101tu m\u016bsu dinamisk\u0101 virve ir j\u016bsu uzticam\u0101kais k\u0101p\u0161anas partneris, kas pied\u0101v\u0101 nep\u0101rsp\u0113jamu dro\u0161\u012bbu un uzticam\u012bbu.<\/div><\/div><div class=\"section\"><div class=\"section-title\"><\/div><div class=\"section-img small\"><img decoding=\"async\" src=\"\/vevor\/product\/DSDLS197YC10KNO0J\/static-climbing-rope-a100-2.2-pt.jpg\" \/><\/div><div class=\"section-mobile-img\"><img decoding=\"async\" src=\"\/vevor\/product\/DSDLS197YC10KNO0J\/static-climbing-rope-a100-2.2-pt.jpg\" \/><\/div><div class=\"section-desc\">Neatkar\u012bgi no t\u0101, ar k\u0101diem izaicin\u0101jumiem j\u016bs saskaraties, m\u016bsu virves saglab\u0101 optim\u0101lu veiktsp\u0113ju, ir iztur\u012bgas pret mitrumu, UV stariem un nodilumu, lai nodro\u0161in\u0101tu ilgsto\u0161u iztur\u012bbu.<\/div><\/div><div class=\"section\"><div class=\"section-title\"><\/div><div class=\"section-img small\"><img decoding=\"async\" src=\"\/vevor\/product\/DSDLS197YC10KNO0J\/static-climbing-rope-a100-2.3-pt.jpg\" \/><\/div><div class=\"section-mobile-img\"><img decoding=\"async\" src=\"\/vevor\/product\/DSDLS197YC10KNO0J\/static-climbing-rope-a100-2.3-pt.jpg\" \/><\/div><div class=\"section-desc\">Vieglais dizains atvieglo p\u0101rn\u0113s\u0101\u0161anu un manevr\u0113\u0161anu. Izbaudiet k\u0101p\u0161anas prieku ar vieglu kravu, padarot katru k\u0101pienu vieglu un \u0113rtu.<\/div><\/div><div class=\"section\"><div class=\"section-title\"><\/div><div class=\"section-img small\"><img decoding=\"async\" src=\"\/vevor\/product\/DSDLS197YC10KNO0J\/static-climbing-rope-a100-2.4-pt.jpg\" \/><\/div><div class=\"section-mobile-img\"><img decoding=\"async\" src=\"\/vevor\/product\/DSDLS197YC10KNO0J\/static-climbing-rope-a100-2.4-pt.jpg\" \/><\/div><div class=\"section-desc\">8,5% statisk\u0101 pagarin\u0101\u0161an\u0101s un 35% dinamisk\u0101 pagarin\u0101\u0161an\u0101s nodro\u0161ina lab\u0101ku elast\u012bbu un komfortu, padarot j\u016bsu k\u0101p\u0161anu elast\u012bg\u0101ku un \u0113rt\u0101ku.<\/div><\/div><div class=\"section\"><div class=\"section-title\"><\/div><div class=\"section-img small\"><img decoding=\"async\" src=\"\/vevor\/product\/DSDLS197YC10KNO0J\/static-climbing-rope-a100-2.5-pt.jpg\" \/><\/div><div class=\"section-mobile-img\"><img decoding=\"async\" src=\"\/vevor\/product\/DSDLS197YC10KNO0J\/static-climbing-rope-a100-2.5-pt.jpg\" \/><\/div><div class=\"section-desc\">M\u016bsu dinamisk\u0101 k\u0101p\u0161anas virve, kas ir piem\u0113rota p\u0101rg\u0101jieniem, k\u0101p\u0161anai, gl\u0101b\u0161anas darbiem, kempingam un cit\u0101m aktivit\u0101t\u0113m br\u012bv\u0101 dab\u0101, ir j\u016bsu univers\u0101lais partneris br\u012bv\u0101 dab\u0101.<\/div><\/div><div class=\"section\"><div class=\"section-img small\"><img decoding=\"async\" src=\"\/vevor\/product\/DSDLS197YC10KNO0J\/static-climbing-rope-a100-1.11-pt.jpg\" \/><\/div><div class=\"section-mobile-img\"><img decoding=\"async\" src=\"\/vevor\/product\/DSDLS197YC10KNO0J\/static-climbing-rope-a100-1.11-pt.jpg\" \/><\/div><\/div><\/div><\/body><\/html><\/div>\n<div class=\"DM_at-title\" id=\"js-DM_at-title\"> <div>Produkta specifik\u0101cija<\/div> <i class=\"icon-arrowup_line\"><\/i> <\/div><div class=\"DM_at-goodsDescAttr\" id=\"js-DM_at-goodsDescAttr\"> <div class=\"DM_at-goodsDescAttrInner\"> <dl class=\"goodsDesc_item goodsDesc_item_even\"> <dt>Modelis<\/dt> <dd> ROPE-D-102-197<\/dd> <\/dl> <dl class=\"goodsDesc_item\"> <dt>Produkta Tips<\/dt> <dd> Dinamisk\u0101 virve<\/dd> <\/dl> <dl class=\"goodsDesc_item goodsDesc_item_even\"> <dt>Kr\u0101sa<\/dt> <dd> Zils<\/dd> <\/dl> <dl class=\"goodsDesc_item\"> <dt>Garums<\/dt> <dd> 197 p\u0113das \/ 60 m<\/dd> <\/dl> <dl class=\"goodsDesc_item goodsDesc_item_even\"> <dt>Trieciena sp\u0113ks (80 kg)<\/dt> <dd> 8,5 kN<\/dd> <\/dl> <dl class=\"goodsDesc_item\"> <dt>Svars<\/dt> <dd> 4,2 m\u0101rci\u0146as \/ 9,26 kg<\/dd> <\/dl> <\/div> <\/div>","protected":false},"excerpt":{"rendered":"<ul>\n<li> K\u0101piet ar p\u0101rliec\u012bbu: Neatkar\u012bgi no t\u0101, vai j\u016bs izaicin\u0101t augstkalnus vai klin\u0161u sienas, m\u016bsu dinamisk\u0101s virves ir j\u016bsu visuzticam\u0101kais sargs. 25KN \u012bpa\u0161i sp\u0113c\u012bg\u0101 stiepes iztur\u012bba \u013cauj jums justies p\u0101rliecin\u0101ti k\u0101pjot. <\/li>\n<li> Augst\u0101k\u0101s kvalit\u0101tes p\u012bta virve: Izgatavota no augstas stipr\u012bbas poliestera materi\u0101la, \u0161\u012b k\u0101p\u0161anas virve ir mitrumiztur\u012bga, UV starojuma iztur\u012bga un nodilumiztur\u012bga, t\u0101 sp\u0113j uztur\u0113t optim\u0101lu veiktsp\u0113ju visskarb\u0101kajos apst\u0101k\u013cos un k\u013c\u016bt par j\u016bsu uzticamo partneri k\u0101p\u0161anas ce\u013c\u0101. <\/li>\n<li> Kustieties viegli: 8,5% statisk\u0101 pagarin\u0101\u0161an\u0101s un 35% dinamisk\u0101 pagarin\u0101\u0161an\u0101s nodro\u0161ina lab\u0101ku lokan\u012bbu un komfortu. Padariet savu k\u0101p\u0161anu lokan\u0101ku un br\u012bv\u0101ku. <\/li>\n<li> Viegls dizains: Produkts ir izstr\u0101d\u0101ts \u013coti vieglam svaram, kas atvieglo t\u0101 p\u0101rn\u0113s\u0101\u0161anu un manevr\u0113\u0161anu. Izbaudiet k\u0101p\u0161anas prieku ar vieglu kravu un padariet katru k\u0101pienu vieglu un \u0113rtu. <\/li>\n<li> Pla\u0161s pielietojums: M\u016bsu dinamisk\u0101 k\u0101p\u0161anas virve ir piem\u0113rota da\u017e\u0101diem lietojumiem. T\u0101 ir iztur\u012bga un ilgm\u016b\u017e\u012bga, ide\u0101li piem\u0113rota p\u0101rg\u0101jieniem, k\u0101p\u0161anai, gl\u0101b\u0161anas darbiem, kempingam un daudz\u0101m cit\u0101m aktivit\u0101t\u0113m br\u012bv\u0101 dab\u0101. Uzticieties \u0161ai virvei, lai nodro\u0161in\u0101tu uzticamu atbalstu jebkur\u0101 piedz\u012bvojum\u0101 vai misij\u0101! <\/li>\n<\/ul>","protected":false},"featured_media":335861,"comment_status":"closed","ping_status":"open","template":"","meta":{"om_disable_all_campaigns":false,"_monsterinsights_skip_tracking":false,"_monsterinsights_sitenote_active":false,"_monsterinsights_sitenote_note":"","_monsterinsights_sitenote_category":0,"_uf_show_specific_survey":0,"_uf_disable_surveys":false},"location":[1935,1934],"product_brand":[21],"product_cat":[4018,3093,4440],"product_tag":[],"class_list":{"0":"post-53930","1":"product","2":"type-product","3":"status-publish","4":"has-post-thumbnail","6":"location-supplier_stock_location","7":"location-local_stock_location","8":"product_brand-vevor","9":"product_cat-fall-protection-equipment-safety-equipment","10":"product_cat-safety-equipment","11":"product_cat-self-retracting-lifelines","13":"first","14":"instock","15":"taxable","16":"shipping-taxable","17":"purchasable","18":"product-type-simple"},"aioseo_notices":[],"jetpack_sharing_enabled":true,"locations":[{"id":1935,"name":"Pieg\u0101d\u0101ja noliktav\u0101 (5-7dd.d)","slug":"supplier_stock_location","quantity":"27"},{"id":1934,"name":"R\u012bgas veikal\u0101 (0-2d.d.)","slug":"local_stock_location","quantity":"0"}],"_links":{"self":[{"href":"https:\/\/vevorshop.lv\/lv\/wp-json\/wp\/v2\/product\/53930","targetHints":{"allow":["GET"]}}],"collection":[{"href":"https:\/\/vevorshop.lv\/lv\/wp-json\/wp\/v2\/product"}],"about":[{"href":"https:\/\/vevorshop.lv\/lv\/wp-json\/wp\/v2\/types\/product"}],"replies":[{"embeddable":true,"href":"https:\/\/vevorshop.lv\/lv\/wp-json\/wp\/v2\/comments?post=53930"}],"wp:featuredmedia":[{"embeddable":true,"href":"https:\/\/vevorshop.lv\/lv\/wp-json\/wp\/v2\/media\/335861"}],"wp:attachment":[{"href":"https:\/\/vevorshop.lv\/lv\/wp-json\/wp\/v2\/media?parent=53930"}],"wp:term":[{"taxonomy":"location","embeddable":true,"href":"https:\/\/vevorshop.lv\/lv\/wp-json\/wp\/v2\/location?post=53930"},{"taxonomy":"product_brand","embeddable":true,"href":"https:\/\/vevorshop.lv\/lv\/wp-json\/wp\/v2\/product_brand?post=53930"},{"taxonomy":"product_cat","embeddable":true,"href":"https:\/\/vevorshop.lv\/lv\/wp-json\/wp\/v2\/product_cat?post=53930"},{"taxonomy":"product_tag","embeddable":true,"href":"https:\/\/vevorshop.lv\/lv\/wp-json\/wp\/v2\/product_tag?post=53930"}],"curies":[{"name":"wp","href":"https:\/\/api.w.org\/{rel}","templated":true}]}}