{"id":53985,"date":"2024-11-20T00:48:13","date_gmt":"2024-11-20T00:48:13","guid":{"rendered":"http:\/\/vevorshop.edigo.lv\/Prece\/vevor-2-pcs-rc-boat-2-4-ghz-remote-control-racing-boat-12-km-h-kids-adults-gift-2\/"},"modified":"2026-04-20T00:29:25","modified_gmt":"2026-04-19T21:29:25","slug":"vevor-2-pcs-rc-boat-2-4-ghz-remote-control-racing-boat-12-km-h-kids-adults-gift-2","status":"publish","type":"product","link":"https:\/\/vevorshop.lv\/lv\/Prece\/vevor-2-gab-rc-laiva-2-4-ghz-talvadibas-pults-saciksu-laiva-12-km-h-berniem-pieaugusajiem-davana-2\/","title":{"rendered":"VEVOR RC laivas 2 gab., 12 km\/h \u016bdensdro\u0161as t\u0101lvad\u012bbas \u0101trlaivas ar LED, 4 baterijas, baseiniem un ezeriem, zila un oran\u017ea"},"content":{"rendered":"<div style=\"color: #fff!important; font-size: 16px; height: 24px; line-height: 24px; margin-top: -24px; \" class=\"product_original_name\">VEVOR RC Boat, 2 Pack 2.4GHz 12 km\/h, Remote Control Boat for Pools & Lakes, Racing Boat with LED Light, 4 Rechargeable Batteries, Whole Body Waterproof, Gift for Adults Boys & Girls, Blue & Orange<\/div>\n<div style=\"color: #fff!important; font-size: 16px; height: 24px; line-height: 24px; margin-top: -24px; \" class=\"product_sku\">M4I4M6XB<\/div>\n<div style=\"color: #fff!important; font-size: 16px; height: 24px; line-height: 24px; margin-top: -24px; \" class=\"product_mpn\">SSYKCLHCJ30KRX4B9V9<\/div><div id=\"js-DM_at-goodDescRich\"><html><head><style>  body {    font-family: Arial;    line-height: 1.5;    color: #1c1c1c;    overflow-x: hidden;    margin: 0;    padding: 0;  }  .MsoNormal b {    font-weight: bolder;  }<\/style><style>  .container.small {    width: 970px;    margin: 0 auto;  }  .logo {    margin: 0 auto 0;  }  .logo img {    display: block;    margin: 0 auto;    max-width: 100%;  }  .logo .pc-banner {    display: block;    width: 1200px;    height: 247.4px;    margin: 0 auto;  }  .logo .pc-banner.small {    width: 970px;  }  .logo .pc-banner.small img {    height: auto!important;  }  .logo .m-banner {    display: none;  }  .ytvideo {    position: relative;    height: 546px;    width: 100%;    margin: 0 auto;  }  .ytvideo img {    width: 100%;    margin: 0 auto;  }  .ytvideo .play-btn {    width: 60px;    height: 42px;    position: absolute;    top: 50%;    left: 50%;    transform: translate(-50%, -50%);    background: url(\"data:image\/png;base64,iVBORw0KGgoAAAANSUhEUgAAAGQAAABGCAMAAAANWMFbAAAC+lBMVEUAAADBGB3kLCfBGB3kLCfcJC7BFx3KKSbiKybkLCbWJCPSIiLSIiLPICHAFx3kLCfgKSXNHiDZJiTIGx\/p4eHcjo7LHSDbJyTkLCbjKyfOHyHPIiL28fHJHB\/GGh7EGR7eKCXDGB3RISHlLSbBGB3AFxzGHB7DGB7BGB3hKybkKybAFx3lLCfAFxzDGR3hKibDGB7cJyTmz8\/elJTlwcHjurrUIyLlLSflLSfAFx3DGR7lLSfCFx3hKibhKibhKybjKybkLCblLSfbJSX49vbx7e3NNzjNMTLMJyjVIyLZf3\/ZQ0LaeHjx0tLgoqLkLCfCGB3HGx\/BGB3BFx3PICHCGB7WJCLOHyC\/Fxy\/Fx3lLCfQISHkLSe\/FxzbJiTBFx3FGx\/AGB7BFx3EGR7AGB3HHSDfKiXAFh3TISHYNzbhKibbJyTTIiL57e325+f039\/v2NjUV1fOHiHiqanfmprch4feKSXVIyPOICHmLibFGh\/mLSe\/Fx7XJCPeKSXXJSPNHyHaJyTGGh7lLCbmLCflLSjSIiLkLCbdKSXLHiC\/GB3KHh++Fh3lKyfoLiXcKCPkx8fYb2\/XaGfVXl3aU1LLHiDksbHgKibPICHbJyTfKSXbJyTCGB3KHSDiKybFGh7TIiL\/\/\/\/VIyPRISHIHB\/GGx\/HHB\/DGR7gKibdKCXLHiDZJiTMHiDNHyHYJSTOICHPICHWJCPcKCXXJSPjLCblLCf+\/f3NGR\/uLijzLynPGR\/IGB7WISHaIyLLGh7UAADxLynNAADRLzDbICLQAADIAAD3MCrUHSHXMTDpKSbLAADp5OTij4\/ejo\/VLy\/1LyngJSTcJCPQHx\/OHB7+\/PzaMS\/OLS\/vLijrLSjSAADaNTPwLyjkKSbNJCbYISHPHB\/KGB7WAAD7+vrn3d3aKynTKCjoLCfsKifRGh\/YAADq5+fhjo7QNDXXKCfmJyXt5+fTLzDLLi\/QKivYHRvMGBrQJCXLISPMExXLDxLaEAvkkI\/bOTfaFQ\/SCgpvLcnHAAAAmnRSTlMA+vv7+gT9Bvf9+8z8\/NSv\/Pr5+P7++vnQIBMP\/v38\/Pn348XDiCYf9OjbzcqxXVcx\/fz8+\/rj1r2poo1+fXFqX0orGP7+\/v7+\/fz8+\/r68uzn4trIxsG\/vri3p6GcmZSNbWVYUUZEPQv+\/f39+\/v7+\/v7+vr64tvV1NTTz87FtbSurqeblJKFg4B3bUY+NjL7+\/v7+\/v67t1cDo8JLQAABkRJREFUWMO0kz9rwkAYh0OIeJkum6YugUAhISCdKoj\/P4C7SMdS+gEKIhSKil10LSg4mzXkILdlEpxCpwTiWOLX6BujvQaEQuGeHLnL+\/64J+SIcKGYTYWnntpdLjrVdqvZmNdn0+EE40GtpuuWVS6Xx6N7YDSGpWXpeq02wHgynM7q80az1a52HpddtVcpsi1zFARBrdaxbhp9iUReTGmwA4KAAr7vx3EYejnCMI6hQYEgy0LQi4jUN0wL19vqFcUC9\/1dAKmEEFkWRYkh5oBejnxQJiSJPJ\/uKBp0Thszx9Mw8hMRIQjKsptCfuES9zr5WJY6vSFCIvE9fCMUmEM1A1kSXcYGxgVYsvI1IPKTZciSTI0us\/SMGG04gDzELDoFBwdcFJrF88dqgYMTiL6DILWYyfOWE8\/kIz38olCNlC03FK95+imxp6y4oUSvAnBjHHhKNtotSDqJzVFiK8c2SBqhZtsrTtgrLXwAyduxZHNE26eHUt5rtuM4WSmds3G+sUdWYo1L+XyxButoh5eKUHk5lByO3G1LqqCWVnfrv\/lyPtf\/4ps1cndNGIri8J1TJ0lx6dR\/oPjq1nbRwdp2dCk4CtIOLW3pVKRL6WZfS5vF2KkIQhpwSsjiYIgNCs1gEMGqiIq24NQX9NwoXFy8Ufrl3twTcg4fv8T9\/JBEySduj6Mjm4bMzYV7EEOxKjjoNDud7yY3Dy71Hq2oLmqfbNR723edH9PgMrNL2utoQ3VmaIDkiw\/4w51P06hlZsTZvkRrbVuSIs\/zwSOsycgzStQouoAkWQqioRT5XI7n2Z1wfVhoZmcAJLsoqjqpjbWCgpOAJXBwHK8PzWbNvoUZJND5wCnSkLAkZ1legx6vqQzjoiTahKlGUGLAiIIoABOHaNVw4sexZBym6\/HWlH5h3IC7yRbxtipcWxdTOkORKiNQAEkFf66x5S2oeRbroOlLgg0sSYkR0hRGEqJZ0jTPiQKatESdBckpWigxaapEH0lImHdWu9pUFF2XqMNM2Z4kped7IwEJw2qabwtrQqnpw6HyKkgcadKWsmpywwesDyIhYRpdzXddqegtGIJlXbAIUMOLkGxJUjRIkokwjUaX9d\/kK62ps\/tYUqZLIMkLTyBhsMZ3C5Z\/kDxOSCb\/DOs\/\/J0qcWSX\/2ipe56EgTCA4\/cB7NAYOsni4mZM1MUPAISoEwkDi4lhVBQ1cWQyIcwalw4EpqZN68JUSK7XC0kTlkLYii5uXSC8jT5ncCAS7mjCv0uHp\/3lueHEEAeQ\/\/VgmdN71\/2uCSA1Xr6DO6uI6sW56zqT2tp2PhgiRUAajV8CY2fkcz6WGNKMgLAt7tJAhD4YHMTeRxlALE6+43WqjSWi8ITxyJl8WrwWSNESQZZOqhDDntO3hJLsd5RtSpbJqdv3YrDJH3F7jL1R2O2aQkn2MyCyKYz0GPGIvSAMgBCrCEiJyKbBaYGwLW4uPRr0A0M4Ux5kUI7IBh+hMdiCEWNqhMZGyYMsOgNE58UQuEQeUnSWCMYwL54hkxK6IoqucQZbQ3pc3XtL0lky1dL0zZJJDpWJovFqpWj6JEHnyam2eQp5QRVAVHjWparTOaVwUOx99YS2MvgxIGV0bb+qIg2HX2qkFFJB+XZcbLiuRkuxD9GRroKyveLxdh4d7Orx+hb7qc3uVRuEogCOnyIxm4ubUoPgF4jianDrC+SDQDKEfJb0GUKmjCGPYHGJvVC6X4hw1\/sAfQAdfYyephIaspXe36RwOP+Ljvfx9B6B3i+Nk0DGq+oCbLn6JpBa9nWAveAIHwFAwtVcIJXPMPL8kRu5OAYPMaL1WScTxjiZDqB9LTJSWphow\/pTYKRTLjCBhvi9iBidvKcDasGSm0QQkycYuLBqj6QCELPctqChDWpTRMWkngNNpQ1Pfp1KkiT\/Y0DGffXAweUNfLAfaJFKDwhb6I+bkYRbkERoEeu3Fyjg2opMz2daZCS9jt6Q7txNfB+OZEVF6Zl5web2xunnLQrtrjXseXKaFYziYINeMFZVxS9VxRhOoesYwxPKXm+gWLG9cuFeq93UNNeJNsf1KlwuDok9n02n3TgIJpOxNfL9naIoQwXtfH9kjceTIIi709ncTg6LZbg+biLH1V6u\/7rxBem06VXKn9raAAAAAElFTkSuQmCC\")      no-repeat center center \/ contain;  }  @media screen and (max-width: 960px) and (orientation: portrait) {    .logo {      width: 100%;    }    .logo .pc-banner {      display: none;    }    .logo .m-banner {      display: block;      width: 100%;    }    .logo .m-banner img {      height: auto!important;    }    .ytvideo {      height: 200px;      width: 100%;    }  }<\/style><style>  .video-section {    width: 100%;    margin: 0 auto;  }  .video-section > img {    width: 100%;  }  .video-section iframe,  .video-section video {    width: 100%;    height: 100%;      }  .video-section-img-m,  .video-section-img-pc > img {    width: 100%;    height: auto;  }  .video-section-img-pc.small > img {    width: 970px;  }  .video-desc {    line-height: 1.5;    font-size: 20px;    font-weight: 400;    margin: 20px 0;    text-align: center;    color: #0f1111;    word-break: break-word;  }  @media screen and (max-width: 960px) and (orientation: portrait) {    .video-section {      width: 100%;    }    .video-section-pc,    .video-section-img-pc {      display: none;    }    .video-section-m,    .video-section-img-m {      display: block;    }    .video-desc {      font-size: 15px;    }  }  @media screen and (min-width: 960px) {    .video-section {      width: 100%;      margin: 0 auto;    }    .video-section-pc,    .video-section-img-pc {      display: block;    }    .video-section-m,    .video-section-img-m {      display: none;    }    .video-desc {      font-size: 20px;    }  }<\/style><style>  .section + .section {    margin-top: 35px;  }  .section-title {    text-align: center;    font-weight: bold;    color: #0d1111;    font-family: \"Arial\";    font-size: 32px;    margin: 15px 0;  }  .section-title:empty {    display: none;  }  .section-desc {    text-align: center;    font-weight: normal;    color: #0d1111;    margin-top: 20px;  }  .section-desc:empty {    display: none;  }  .section-img {    width: 1200px;    height: 492px;    margin: 0 auto;    display: block;  }  .section-img.small {    width: 970px;    height: auto;  }  .section-img.small > img {    height: auto;  }  .section-img > img {    width: 100%;    height: 100%;  }  .section-mobile-img {    display: none;    max-width: 100vw;    max-height: 75vw;    height: 450px;    margin: 0 auto;  }  .section-mobile-img > img {    width: 100%;    height: 100%;  }  @media screen and (max-width: 960px) and (orientation: portrait) {    .container {      width: 100%;    }    .container.small {      width: 100%;    }    .section-mobile-img {      display: block;    }    .section-img {      display: none;    }    .section-title {      font-size: 22px;      margin: 10px 0;    }    .section-desc {      margin-top: 10px;    }    .section + .section {      margin-top: 20px;    }  }<\/style><\/head><body><div class=\"container\"><div class=\"logo\"><div class=\"pc-banner\"><div><img decoding=\"async\" src=\"\/vevor\/vevor\/boutique-banner\/pc\/en-pc@1x.jpg\" style=\"width: 100%;\" \/><\/div><\/div><div class=\"m-banner\"><div><img decoding=\"async\" src=\"\/vevor\/vevor\/boutique-banner\/mobile\/en-m@1x.jpg\" style=\"width: 100%;\" \/><\/div><\/div><\/div><div class=\"section-title\">Brauciet pa vi\u013c\u0146iem \u2014 neizsak\u0101ma VEVOR RC laivas izklaide<\/div><div class=\"video-section\"><div class=\"video-section-img-pc\"><img decoding=\"async\" src=\"\/vevor\/product\/SSYKCLHCJ30KRX4B9\/rc-boat-a100-1.4.jpg\" \/><\/div><div class=\"video-section-img-m\"><img decoding=\"async\" src=\"\/vevor\/product\/SSYKCLHCJ30KRX4B9\/rc-boat-a100-1.4-m.jpg\" \/><\/div><div class=\"section-desc\">Gluds un stil\u012bgs, \u0161\u012b RC laiva ir ar sac\u012bk\u0161u iedvesmotu dizainu.Ar savu \u016bdens izsviedes izsl\u0113g\u0161anas sist\u0113mu un pilnu \u016bdensnecaurlaid\u012bgu uzb\u016bvi b\u0113rniem ir dro\u0161i un jautri baud\u012bt bez raiz\u0113m.<\/div><\/div><div class=\"section\"><div class=\"section-title\"><\/div><div class=\"section-img\"><img decoding=\"async\" src=\"\/vevor\/product\/SSYKCLHCJ30KRX4B9\/rc-boat-a100-2.2.jpg\" \/><\/div><div class=\"section-mobile-img\"><img decoding=\"async\" src=\"\/vevor\/product\/SSYKCLHCJ30KRX4B9\/rc-boat-a100-2.2-m.jpg\" \/><\/div><div class=\"section-desc\">Pateicoties diviem motoriem un dzenskr\u016bv\u0113m, \u0161\u012b t\u0101lvad\u012bbas laiva nodro\u0161ina sp\u0113c\u012bgu, stabilu veiktsp\u0113ju, sasniedzot \u0101trumu l\u012bdz 12 km\/h. Tas ir lieliski piem\u0113rots, lai pievienotu aizraut\u012bbu un jautr\u012bbu jebkurai \u016bdens aktivit\u0101tei.<\/div><\/div><div class=\"section\"><div class=\"section-title\"><\/div><div class=\"section-img\"><img decoding=\"async\" src=\"\/vevor\/product\/SSYKCLHCJ30KRX4B9\/rc-boat-a100-2.3.jpg\" \/><\/div><div class=\"section-mobile-img\"><img decoding=\"async\" src=\"\/vevor\/product\/SSYKCLHCJ30KRX4B9\/rc-boat-a100-2.3-m.jpg\" \/><\/div><div class=\"section-desc\">\u0160\u012b RC \u0101trlaiva, kas izgatavota no iztur\u012bga ABS un piln\u012bb\u0101 \u016bdensiztur\u012bga, ir izstr\u0101d\u0101ta, lai iztur\u0113tu smagus apst\u0101k\u013cus un iztur\u0113tu triecienus. T\u0101 ir uzticama gan piem\u0101jas, gan \u0101ra piedz\u012bvojumiem.<\/div><\/div><div class=\"section\"><div class=\"section-title\"><\/div><div class=\"section-img\"><img decoding=\"async\" src=\"\/vevor\/product\/SSYKCLHCJ30KRX4B9\/rc-boat-a100-2.4.jpg\" \/><\/div><div class=\"section-mobile-img\"><img decoding=\"async\" src=\"\/vevor\/product\/SSYKCLHCJ30KRX4B9\/rc-boat-a100-2.4-m.jpg\" \/><\/div><div class=\"section-desc\">T\u0101lvad\u012bbas laivai ir 2,4G tehnolo\u0123ija vienm\u0113r\u012bgai vad\u012bbai l\u012bdz 164 p\u0113du\/50 m att\u0101lum\u0101. Tas ir lieliski piem\u0113rots vair\u0101k\u0101m laivu sac\u012bkst\u0113m un ietver att\u0101luma br\u012bdin\u0101jumu, lai laiva b\u016btu dro\u0161i sasniedzama.<\/div><\/div><div class=\"section\"><div class=\"section-title\"><\/div><div class=\"section-img\"><img decoding=\"async\" src=\"\/vevor\/product\/SSYKCLHCJ30KRX4B9\/rc-boat-a100-2.5.jpg\" \/><\/div><div class=\"section-mobile-img\"><img decoding=\"async\" src=\"\/vevor\/product\/SSYKCLHCJ30KRX4B9\/rc-boat-a100-2.5-m.jpg\" \/><\/div><div class=\"section-desc\">Ar USB uzl\u0101di un divu akumulatoru sist\u0113mu \u0161\u012b t\u0101lvad\u012bbas laiva nodro\u0161ina vair\u0101k nek\u0101 80 min\u016b\u0161u atska\u0146o\u0161anas laiku. Pa\u0146emiet l\u012bdzi \u0101r\u0113jo akumulatoru, lai nebeidzami izbaud\u012btu jautr\u012bbu piedz\u012bvojumu laik\u0101 br\u012bv\u0101 dab\u0101.<\/div><\/div><div class=\"section\"><div class=\"section-img\"><img decoding=\"async\" src=\"\/vevor\/product\/SSYKCLHCJ30KRX4B9\/rc-boat-a100-1.11.jpg\" \/><\/div><div class=\"section-mobile-img\"><img decoding=\"async\" src=\"\/vevor\/product\/SSYKCLHCJ30KRX4B9\/rc-boat-a100-1.11-m.jpg\" \/><\/div><\/div><\/div><\/body><\/html><\/div>\n<div class=\"DM_at-title\" id=\"js-DM_at-title\"> <div>Produkta specifik\u0101cija<\/div> <i class=\"icon-arrowup_line\"><\/i> <\/div><div class=\"DM_at-goodsDescAttr\" id=\"js-DM_at-goodsDescAttr\"> <div class=\"DM_at-goodsDescAttrInner\"> <dl class=\"goodsDesc_item goodsDesc_item_even\"> <dt>Preces Mode\u013ca Numurs<\/dt> <dd> HJ819<\/dd> <\/dl> <dl class=\"goodsDesc_item\"> <dt>Produkta Svars<\/dt> <dd> 1,83 m\u0101rci\u0146as\/0,83 kg<\/dd> <\/dl> <dl class=\"goodsDesc_item goodsDesc_item_even\"> <dt>Produkta Izm\u0113ri<\/dt> <dd> 9,84 x 3,14 x 2,75 collas\/250 x 80 x 70 mm<\/dd> <\/dl> <\/div> <\/div>","protected":false},"excerpt":{"rendered":"<ul>\n<li> \u017dilbino\u0161a t\u0101lvad\u012bbas laiva: Izbaudiet nakts bur\u0101\u0161anas priekus ar \u0161o eleganto, stil\u012bgo t\u0101lvad\u012bbas laivu! T\u0101 ir piln\u012bb\u0101 \u016bdensiztur\u012bga un iztur\u012bga, t\u0101p\u0113c t\u0101 ir ide\u0101li piem\u0113rota dro\u0161iem vasaras piedz\u012bvojumiem. \u012apa\u0161\u0101 autom\u0101tisk\u0101s izsl\u0113g\u0161an\u0101s funkcija, kad laiva atrodas \u0101rpus \u016bdens, nodro\u0161ina lietu dro\u0161\u012bbu. \u013baujiet saviem b\u0113rniem baud\u012bt aizraujo\u0161as \u016bdens sp\u0113les visu nakti! <\/li>\n<li> \u0100tra jautr\u012bba: \u0161\u012b t\u0101lvad\u012bbas laiva traucas pa \u016bdeni ar \u0101trumu l\u012bdz 12 km\/h, pateicoties t\u0101s diviem motoriem un propelleriem. Neatkar\u012bgi no t\u0101, vai piedal\u0101ties sac\u012bkst\u0113s vai izp\u0113t\u0101t apk\u0101rtni, t\u0101 ir stabila un jaud\u012bga, pie\u0161\u0137irot aizraujo\u0161u saj\u016btu katram \u016bdens piedz\u012bvojumam. <\/li>\n<li> Daudzpus\u012bga bur\u0101\u0161ana: No pagalma baseiniem l\u012bdz ros\u012bgiem akvaparkiem un gleznainiem ezeriem \u2014 \u0161\u012b t\u0101lvad\u012bbas laiva ir gatava jebkurai videi. T\u0101s \u016bdensiztur\u012bgais un triecieniztur\u012bgais dizains nodro\u0161ina bezr\u016bp\u012bgu izklaidi neatkar\u012bgi no t\u0101, kur j\u016bs bur\u0101jaties. <\/li>\n<li> Vad\u012bba lielos att\u0101lumos: Pateicoties 2.4G tehnolo\u0123ijai, t\u0101lvad\u012bbas \u0101trlaivu var vad\u012bt l\u012bdz pat 50 m att\u0101lum\u0101. T\u0101 labi tiek gal\u0101 ar trauc\u0113jumiem un \u013cauj piedal\u012bties vair\u0101k\u0101s laivu sac\u012bkst\u0113s. Turkl\u0101t t\u0101lvad\u012bbas pultij ir darb\u012bbas r\u0101diusa br\u012bdin\u0101jums, kas inform\u0113, ja laiva iziet \u0101rpus darb\u012bbas r\u0101diusa, t\u0101d\u0113j\u0101di nodro\u0161inot dro\u0161u sp\u0113les laiku. <\/li>\n<li> Vienk\u0101r\u0161a uzl\u0101de un ilgs atska\u0146o\u0161anas laiks: ar USB uzl\u0101di un 1200 mAh divu akumulatoru sist\u0113mu \u0161\u012b b\u0113rnu t\u0101lvad\u012bbas laiva nodro\u0161ina l\u012bdz pat 80 min\u016bt\u0113m sp\u0113les laika. Lieliski piem\u0113rots izklaidei br\u012bv\u0101 dab\u0101 - vienk\u0101r\u0161i pa\u0146emiet l\u012bdzi baro\u0161anas banku, lai piedz\u012bvojums turpin\u0101tos visu dienu! <\/li>\n<\/ul>","protected":false},"featured_media":336185,"comment_status":"closed","ping_status":"open","template":"","meta":{"om_disable_all_campaigns":false,"_uf_show_specific_survey":0,"_uf_disable_surveys":false},"location":[1935,1934],"product_brand":[21],"product_cat":[4324,2490,4456,2378],"product_tag":[],"class_list":{"0":"post-53985","1":"product","2":"type-product","3":"status-publish","4":"has-post-thumbnail","6":"location-supplier_stock_location","7":"location-local_stock_location","8":"product_brand-vevor","9":"product_cat-kids-intelligent-toys","10":"product_cat-kids-toys","11":"product_cat-rc-boat","12":"product_cat-sports-outdoors","14":"first","15":"outofstock","16":"taxable","17":"shipping-taxable","18":"purchasable","19":"product-type-simple"},"aioseo_notices":[],"locations":[{"id":1935,"name":"Pieg\u0101d\u0101ja noliktav\u0101 (5-7dd.d)","slug":"supplier_stock_location","quantity":"0"},{"id":1934,"name":"R\u012bgas veikal\u0101 (0-2d.d.)","slug":"local_stock_location","quantity":"0"}],"_links":{"self":[{"href":"https:\/\/vevorshop.lv\/lv\/wp-json\/wp\/v2\/product\/53985","targetHints":{"allow":["GET"]}}],"collection":[{"href":"https:\/\/vevorshop.lv\/lv\/wp-json\/wp\/v2\/product"}],"about":[{"href":"https:\/\/vevorshop.lv\/lv\/wp-json\/wp\/v2\/types\/product"}],"replies":[{"embeddable":true,"href":"https:\/\/vevorshop.lv\/lv\/wp-json\/wp\/v2\/comments?post=53985"}],"wp:featuredmedia":[{"embeddable":true,"href":"https:\/\/vevorshop.lv\/lv\/wp-json\/wp\/v2\/media\/336185"}],"wp:attachment":[{"href":"https:\/\/vevorshop.lv\/lv\/wp-json\/wp\/v2\/media?parent=53985"}],"wp:term":[{"taxonomy":"location","embeddable":true,"href":"https:\/\/vevorshop.lv\/lv\/wp-json\/wp\/v2\/location?post=53985"},{"taxonomy":"product_brand","embeddable":true,"href":"https:\/\/vevorshop.lv\/lv\/wp-json\/wp\/v2\/product_brand?post=53985"},{"taxonomy":"product_cat","embeddable":true,"href":"https:\/\/vevorshop.lv\/lv\/wp-json\/wp\/v2\/product_cat?post=53985"},{"taxonomy":"product_tag","embeddable":true,"href":"https:\/\/vevorshop.lv\/lv\/wp-json\/wp\/v2\/product_tag?post=53985"}],"curies":[{"name":"wp","href":"https:\/\/api.w.org\/{rel}","templated":true}]}}