{"id":54365,"date":"2024-11-20T01:31:51","date_gmt":"2024-11-20T01:31:51","guid":{"rendered":"http:\/\/vevorshop.edigo.lv\/Prece\/vevor-portable-propane-forge-3-burner-farrier-forge-2600%e2%84%89-knife-metal-square-3\/"},"modified":"2026-04-20T00:16:04","modified_gmt":"2026-04-19T21:16:04","slug":"vevor-portable-propane-forge-3-burner-farrier-forge-2600%e2%84%89-knife-metal-square-3","status":"publish","type":"product","link":"https:\/\/vevorshop.lv\/lv\/Prece\/vevor-parnesajama-propana-kalve-3-deglu-kalve-2600\u2109-nazis-metala-kvadratveida-3\/","title":{"rendered":"VEVOR p\u0101rn\u0113s\u0101jam\u0101 3 deg\u013cu kvadr\u0101tveida g\u0101zes kalve, 1425\u00b0C ner\u016bs\u0113jo\u0161\u0101 t\u0113rauda kalve met\u0101lapstr\u0101dei un na\u017eu izgatavo\u0161anai"},"content":{"rendered":"<div style=\"color: #fff!important; font-size: 16px; height: 24px; line-height: 24px; margin-top: -24px; \" class=\"product_original_name\">VEVOR p\u0101rn\u0113s\u0101jamais prop\u0101na kalums, 3 deg\u013cu farrier kalums, 2600\u00b0F instrumentu un na\u017eu izgatavo\u0161anas kal\u0113ja g\u0101zes kalums, lielas ietilp\u012bbas kvadr\u0101tveida ner\u016bs\u0113jo\u0161\u0101 t\u0113rauda g\u0101zes kal\u0161anas instrumenti un iek\u0101rtas met\u0101la kal\u0161anai<\/div>\n<div style=\"color: #fff!important; font-size: 16px; height: 24px; line-height: 24px; margin-top: -24px; \" class=\"product_sku\">M4I4M8H8<\/div>\n<div style=\"color: #fff!important; font-size: 16px; height: 24px; line-height: 24px; margin-top: -24px; \" class=\"product_mpn\">FXDZL3GSYFGGS005RV0<\/div><div id=\"js-DM_at-goodDescRich\"><html><head><style>  body {    font-family: Arial;    line-height: 1.5;    color: #1c1c1c;    overflow-x: hidden;    margin: 0;    padding: 0;  }  .MsoNormal b {    font-weight: bolder;  }<\/style><style>  .container.small {    width: 970px;    margin: 0 auto;  }  .logo {    margin: 0 auto 0;  }  .logo img {    display: block;    margin: 0 auto;    max-width: 100%;  }  .logo .pc-banner {    display: block;    width: 1200px;    height: 247.4px;    margin: 0 auto;  }  .logo .pc-banner.small {    width: 970px;  }  .logo .pc-banner.small img {    height: auto!important;  }  .logo .m-banner {    display: none;  }  .ytvideo {    position: relative;    height: 546px;    width: 100%;    margin: 0 auto;  }  .ytvideo img {    width: 100%;    margin: 0 auto;  }  .ytvideo .play-btn {    width: 60px;    height: 42px;    position: absolute;    top: 50%;    left: 50%;    transform: translate(-50%, -50%);    background: url(\"data:image\/png;base64,iVBORw0KGgoAAAANSUhEUgAAAGQAAABGCAMAAAANWMFbAAAC+lBMVEUAAADBGB3kLCfBGB3kLCfcJC7BFx3KKSbiKybkLCbWJCPSIiLSIiLPICHAFx3kLCfgKSXNHiDZJiTIGx\/p4eHcjo7LHSDbJyTkLCbjKyfOHyHPIiL28fHJHB\/GGh7EGR7eKCXDGB3RISHlLSbBGB3AFxzGHB7DGB7BGB3hKybkKybAFx3lLCfAFxzDGR3hKibDGB7cJyTmz8\/elJTlwcHjurrUIyLlLSflLSfAFx3DGR7lLSfCFx3hKibhKibhKybjKybkLCblLSfbJSX49vbx7e3NNzjNMTLMJyjVIyLZf3\/ZQ0LaeHjx0tLgoqLkLCfCGB3HGx\/BGB3BFx3PICHCGB7WJCLOHyC\/Fxy\/Fx3lLCfQISHkLSe\/FxzbJiTBFx3FGx\/AGB7BFx3EGR7AGB3HHSDfKiXAFh3TISHYNzbhKibbJyTTIiL57e325+f039\/v2NjUV1fOHiHiqanfmprch4feKSXVIyPOICHmLibFGh\/mLSe\/Fx7XJCPeKSXXJSPNHyHaJyTGGh7lLCbmLCflLSjSIiLkLCbdKSXLHiC\/GB3KHh++Fh3lKyfoLiXcKCPkx8fYb2\/XaGfVXl3aU1LLHiDksbHgKibPICHbJyTfKSXbJyTCGB3KHSDiKybFGh7TIiL\/\/\/\/VIyPRISHIHB\/GGx\/HHB\/DGR7gKibdKCXLHiDZJiTMHiDNHyHYJSTOICHPICHWJCPcKCXXJSPjLCblLCf+\/f3NGR\/uLijzLynPGR\/IGB7WISHaIyLLGh7UAADxLynNAADRLzDbICLQAADIAAD3MCrUHSHXMTDpKSbLAADp5OTij4\/ejo\/VLy\/1LyngJSTcJCPQHx\/OHB7+\/PzaMS\/OLS\/vLijrLSjSAADaNTPwLyjkKSbNJCbYISHPHB\/KGB7WAAD7+vrn3d3aKynTKCjoLCfsKifRGh\/YAADq5+fhjo7QNDXXKCfmJyXt5+fTLzDLLi\/QKivYHRvMGBrQJCXLISPMExXLDxLaEAvkkI\/bOTfaFQ\/SCgpvLcnHAAAAmnRSTlMA+vv7+gT9Bvf9+8z8\/NSv\/Pr5+P7++vnQIBMP\/v38\/Pn348XDiCYf9OjbzcqxXVcx\/fz8+\/rj1r2poo1+fXFqX0orGP7+\/v7+\/fz8+\/r68uzn4trIxsG\/vri3p6GcmZSNbWVYUUZEPQv+\/f39+\/v7+\/v7+vr64tvV1NTTz87FtbSurqeblJKFg4B3bUY+NjL7+\/v7+\/v67t1cDo8JLQAABkRJREFUWMO0kz9rwkAYh0OIeJkum6YugUAhISCdKoj\/P4C7SMdS+gEKIhSKil10LSg4mzXkILdlEpxCpwTiWOLX6BujvQaEQuGeHLnL+\/64J+SIcKGYTYWnntpdLjrVdqvZmNdn0+EE40GtpuuWVS6Xx6N7YDSGpWXpeq02wHgynM7q80az1a52HpddtVcpsi1zFARBrdaxbhp9iUReTGmwA4KAAr7vx3EYejnCMI6hQYEgy0LQi4jUN0wL19vqFcUC9\/1dAKmEEFkWRYkh5oBejnxQJiSJPJ\/uKBp0Thszx9Mw8hMRIQjKsptCfuES9zr5WJY6vSFCIvE9fCMUmEM1A1kSXcYGxgVYsvI1IPKTZciSTI0us\/SMGG04gDzELDoFBwdcFJrF88dqgYMTiL6DILWYyfOWE8\/kIz38olCNlC03FK95+imxp6y4oUSvAnBjHHhKNtotSDqJzVFiK8c2SBqhZtsrTtgrLXwAyduxZHNE26eHUt5rtuM4WSmds3G+sUdWYo1L+XyxButoh5eKUHk5lByO3G1LqqCWVnfrv\/lyPtf\/4ps1cndNGIri8J1TJ0lx6dR\/oPjq1nbRwdp2dCk4CtIOLW3pVKRL6WZfS5vF2KkIQhpwSsjiYIgNCs1gEMGqiIq24NQX9NwoXFy8Ufrl3twTcg4fv8T9\/JBEySduj6Mjm4bMzYV7EEOxKjjoNDud7yY3Dy71Hq2oLmqfbNR723edH9PgMrNL2utoQ3VmaIDkiw\/4w51P06hlZsTZvkRrbVuSIs\/zwSOsycgzStQouoAkWQqioRT5XI7n2Z1wfVhoZmcAJLsoqjqpjbWCgpOAJXBwHK8PzWbNvoUZJND5wCnSkLAkZ1legx6vqQzjoiTahKlGUGLAiIIoABOHaNVw4sexZBym6\/HWlH5h3IC7yRbxtipcWxdTOkORKiNQAEkFf66x5S2oeRbroOlLgg0sSYkR0hRGEqJZ0jTPiQKatESdBckpWigxaapEH0lImHdWu9pUFF2XqMNM2Z4kped7IwEJw2qabwtrQqnpw6HyKkgcadKWsmpywwesDyIhYRpdzXddqegtGIJlXbAIUMOLkGxJUjRIkokwjUaX9d\/kK62ps\/tYUqZLIMkLTyBhsMZ3C5Z\/kDxOSCb\/DOs\/\/J0qcWSX\/2ipe56EgTCA4\/cB7NAYOsni4mZM1MUPAISoEwkDi4lhVBQ1cWQyIcwalw4EpqZN68JUSK7XC0kTlkLYii5uXSC8jT5ncCAS7mjCv0uHp\/3lueHEEAeQ\/\/VgmdN71\/2uCSA1Xr6DO6uI6sW56zqT2tp2PhgiRUAajV8CY2fkcz6WGNKMgLAt7tJAhD4YHMTeRxlALE6+43WqjSWi8ITxyJl8WrwWSNESQZZOqhDDntO3hJLsd5RtSpbJqdv3YrDJH3F7jL1R2O2aQkn2MyCyKYz0GPGIvSAMgBCrCEiJyKbBaYGwLW4uPRr0A0M4Ux5kUI7IBh+hMdiCEWNqhMZGyYMsOgNE58UQuEQeUnSWCMYwL54hkxK6IoqucQZbQ3pc3XtL0lky1dL0zZJJDpWJovFqpWj6JEHnyam2eQp5QRVAVHjWparTOaVwUOx99YS2MvgxIGV0bb+qIg2HX2qkFFJB+XZcbLiuRkuxD9GRroKyveLxdh4d7Orx+hb7qc3uVRuEogCOnyIxm4ubUoPgF4jianDrC+SDQDKEfJb0GUKmjCGPYHGJvVC6X4hw1\/sAfQAdfYyephIaspXe36RwOP+Ljvfx9B6B3i+Nk0DGq+oCbLn6JpBa9nWAveAIHwFAwtVcIJXPMPL8kRu5OAYPMaL1WScTxjiZDqB9LTJSWphow\/pTYKRTLjCBhvi9iBidvKcDasGSm0QQkycYuLBqj6QCELPctqChDWpTRMWkngNNpQ1Pfp1KkiT\/Y0DGffXAweUNfLAfaJFKDwhb6I+bkYRbkERoEeu3Fyjg2opMz2daZCS9jt6Q7txNfB+OZEVF6Zl5web2xunnLQrtrjXseXKaFYziYINeMFZVxS9VxRhOoesYwxPKXm+gWLG9cuFeq93UNNeJNsf1KlwuDok9n02n3TgIJpOxNfL9naIoQwXtfH9kjceTIIi709ncTg6LZbg+biLH1V6u\/7rxBem06VXKn9raAAAAAElFTkSuQmCC\")      no-repeat center center \/ contain;  }  @media screen and (max-width: 960px) and (orientation: portrait) {    .logo {      width: 100%;    }    .logo .pc-banner {      display: none;    }    .logo .m-banner {      display: block;      width: 100%;    }    .logo .m-banner img {      height: auto!important;    }    .ytvideo {      height: 200px;      width: 100%;    }  }<\/style><style>  .video-section {    width: 100%;    margin: 0 auto;  }  .video-section > img {    width: 100%;  }  .video-section iframe,  .video-section video {    width: 100%;    height: 100%;      }  .video-section-img-m,  .video-section-img-pc > img {    width: 100%;    height: auto;  }  .video-section-img-pc.small > img {    width: 970px;  }  .video-desc {    line-height: 1.5;    font-size: 20px;    font-weight: 400;    margin: 20px 0;    text-align: center;    color: #0f1111;    word-break: break-word;  }  @media screen and (max-width: 960px) and (orientation: portrait) {    .video-section {      width: 100%;    }    .video-section-pc,    .video-section-img-pc {      display: none;    }    .video-section-m,    .video-section-img-m {      display: block;    }    .video-desc {      font-size: 15px;    }  }  @media screen and (min-width: 960px) {    .video-section {      width: 100%;      margin: 0 auto;    }    .video-section-pc,    .video-section-img-pc {      display: block;    }    .video-section-m,    .video-section-img-m {      display: none;    }    .video-desc {      font-size: 20px;    }  }<\/style><style>  .section + .section {    margin-top: 35px;  }  .section-title {    text-align: center;    font-weight: bold;    color: #0d1111;    font-family: \"Arial\";    font-size: 32px;    margin: 15px 0;  }  .section-title:empty {    display: none;  }  .section-desc {    text-align: center;    font-weight: normal;    color: #0d1111;    margin-top: 20px;  }  .section-desc:empty {    display: none;  }  .section-img {    width: 1200px;    height: 492px;    margin: 0 auto;    display: block;  }  .section-img.small {    width: 970px;    height: auto;  }  .section-img.small > img {    height: auto;  }  .section-img > img {    width: 100%;    height: 100%;  }  .section-mobile-img {    display: none;    max-width: 100vw;    max-height: 75vw;    height: 450px;    margin: 0 auto;  }  .section-mobile-img > img {    width: 100%;    height: 100%;  }  @media screen and (max-width: 960px) and (orientation: portrait) {    .container {      width: 100%;    }    .container.small {      width: 100%;    }    .section-mobile-img {      display: block;    }    .section-img {      display: none;    }    .section-title {      font-size: 22px;      margin: 10px 0;    }    .section-desc {      margin-top: 10px;    }    .section + .section {      margin-top: 20px;    }  }<\/style><\/head><body><div class=\"container\"><div class=\"logo\"><div class=\"pc-banner\"><div><img decoding=\"async\" src=\"\/vevor\/vevor\/boutique-banner\/pc\/en-pc@1x.jpg\" style=\"width: 100%;\" \/><\/div><\/div><div class=\"m-banner\"><div><img decoding=\"async\" src=\"\/vevor\/vevor\/boutique-banner\/mobile\/en-m@1x.jpg\" style=\"width: 100%;\" \/><\/div><\/div><\/div><div class=\"section-title\">VEVOR prop\u0101na kalve<\/div><div class=\"video-section\"><div class=\"video-section-img-pc\"><img decoding=\"async\" src=\"\/vevor\/product\/FXDZL3GSYFGGS005R\/propane-forge-a100-1.4.jpg\" \/><\/div><div class=\"video-section-img-m\"><img decoding=\"async\" src=\"\/vevor\/product\/FXDZL3GSYFGGS005R\/propane-forge-a100-1.4-m.jpg\" \/><\/div><div class=\"section-desc\">Ar m\u016bsu portat\u012bvo prop\u0101na kalti izcilo veiktsp\u0113ju j\u016bs varat bez piep\u016bles izveidot augstas kvalit\u0101tes met\u0101la instrumentus vai m\u0101kslas darbus.<\/div><\/div><div class=\"section\"><div class=\"section-title\"><\/div><div class=\"section-img\"><img decoding=\"async\" src=\"\/vevor\/product\/FXDZL3GSYFGGS005R\/propane-forge-a100-2.2.jpg\" \/><\/div><div class=\"section-mobile-img\"><img decoding=\"async\" src=\"\/vevor\/product\/FXDZL3GSYFGGS005R\/propane-forge-a100-2.2-m.jpg\" \/><\/div><div class=\"section-desc\">Farrier kalums atbilst da\u017e\u0101d\u0101m kal\u0161anas vajadz\u012bb\u0101m neatkar\u012bgi no t\u0101, vai tie ir na\u017ei, tapas, rokasspr\u0101dzes, skr\u016bves, \u0161\u0137\u0113res un daudz kas cits, kas atbilst da\u017e\u0101d\u0101m pras\u012bb\u0101m.<\/div><\/div><div class=\"section\"><div class=\"section-title\"><\/div><div class=\"section-img\"><img decoding=\"async\" src=\"\/vevor\/product\/FXDZL3GSYFGGS005R\/propane-forge-a100-2.3.jpg\" \/><\/div><div class=\"section-mobile-img\"><img decoding=\"async\" src=\"\/vevor\/product\/FXDZL3GSYFGGS005R\/propane-forge-a100-2.3-m.jpg\" \/><\/div><div class=\"section-desc\">Uzlabot\u0101 meistar\u012bba nodro\u0161ina liel\u0101ku dro\u0161\u012bbu ra\u017eo\u0161an\u0101 un izveid\u0113. Korozijiztur\u012bgais 201 ner\u016bs\u0113jo\u0161ais t\u0113rauds iztur augstu temperat\u016bru, d\u016bmg\u0101zes un \u0137\u012bmisko koroziju, nodro\u0161inot prop\u0101na kalves ilgsto\u0161u iztur\u012bbu.<\/div><\/div><div class=\"section\"><div class=\"section-title\"><\/div><div class=\"section-img\"><img decoding=\"async\" src=\"\/vevor\/product\/FXDZL3GSYFGGS005R\/propane-forge-a100-2.4.jpg\" \/><\/div><div class=\"section-mobile-img\"><img decoding=\"async\" src=\"\/vevor\/product\/FXDZL3GSYFGGS005R\/propane-forge-a100-2.4-m.jpg\" \/><\/div><div class=\"section-desc\">Kontrol\u0113jiet uguns jaudu un temperat\u016bru, izmantojot tikai tr\u012bs regul\u0113jumus. M\u016bsu g\u0101zes kalves kal\u0161anai apmierina da\u017e\u0101das met\u0101lu kal\u0161anas vajadz\u012bbas, tostarp zelta, sudraba, ner\u016bs\u0113jo\u0161\u0101 t\u0113rauda, \u200b\u200bt\u0113rauda, \u200b\u200bmisi\u0146a, bronzas, magnija, alum\u012bnija, sakaus\u0113jumu, svina, alvas un citu met\u0101lu kal\u0161anu.<\/div><\/div><div class=\"section\"><div class=\"section-title\"><\/div><div class=\"section-img\"><img decoding=\"async\" src=\"\/vevor\/product\/FXDZL3GSYFGGS005R\/propane-forge-a100-2.5.jpg\" \/><\/div><div class=\"section-mobile-img\"><img decoding=\"async\" src=\"\/vevor\/product\/FXDZL3GSYFGGS005R\/propane-forge-a100-2.5-m.jpg\" \/><\/div><div class=\"section-desc\">\u0160\u012b kal\u0113ja g\u0101zes kalve, kuras modul\u0101r\u0101 konstrukcija ir viegla un p\u0101rn\u0113s\u0101jama, \u013caujot \u0113rti main\u012bt kal\u0161anas vietas.<\/div><\/div><div class=\"section\"><div class=\"section-img\"><img decoding=\"async\" src=\"\/vevor\/product\/FXDZL3GSYFGGS005R\/propane-forge-a100-1.11.jpg\" \/><\/div><div class=\"section-mobile-img\"><img decoding=\"async\" src=\"\/vevor\/product\/FXDZL3GSYFGGS005R\/propane-forge-a100-1.11-m.jpg\" \/><\/div><\/div><\/div><\/body><\/html><\/div>\n<div class=\"DM_at-title\" id=\"js-DM_at-title\"> <div>Produkta specifik\u0101cija<\/div> <i class=\"icon-arrowup_line\"><\/i> <\/div><div class=\"DM_at-goodsDescAttr\" id=\"js-DM_at-goodsDescAttr\"> <div class=\"DM_at-goodsDescAttrInner\"> <dl class=\"goodsDesc_item goodsDesc_item_even\"> <dt>Preces Mode\u013ca Numurs<\/dt> <dd> JHBXG3B<\/dd> <\/dl> <dl class=\"goodsDesc_item\"> <dt>Maksim\u0101l\u0101 temperat\u016bra<\/dt> <dd> 2600\u2109 \/ 1427\u2103<\/dd> <\/dl> <dl class=\"goodsDesc_item goodsDesc_item_even\"> <dt>Deg\u013ca daudzums<\/dt> <dd> 3<\/dd> <\/dl> <dl class=\"goodsDesc_item\"> <dt>Forma<\/dt> <dd> Kvadr\u0101ts<\/dd> <\/dl> <dl class=\"goodsDesc_item goodsDesc_item_even\"> <dt>Materi\u0101ls<\/dt> <dd> 201 Ner\u016bs\u0113jo\u0161\u0101 T\u0113rauda<\/dd> <\/dl> <dl class=\"goodsDesc_item\"> <dt>Regulatora v\u012bt\u0146ot\u0101s saskarnes specifik\u0101cija<\/dt> <dd> 21,7x1,814 kreisais<\/dd> <\/dl> <dl class=\"goodsDesc_item goodsDesc_item_even\"> <dt>Regulatora v\u012bt\u0146ot\u0101s saskarnes standarts<\/dt> <dd> NF E 29-650\/E<\/dd> <\/dl> <\/div> <\/div>","protected":false},"excerpt":{"rendered":"<ul>\n<li> Uzlabota meistar\u012bba un iztur\u012bba: augstas kvalit\u0101tes meistar\u012bba uzlabo dro\u0161\u012bbu ra\u017eo\u0161anas laik\u0101.Izgatavots no korozijiztur\u012bga 201 ner\u016bs\u0113jo\u0161\u0101 t\u0113rauda, \u0161is prop\u0101na kalums iztur augstas temperat\u016bras, d\u016bmg\u0101zu un \u0137\u012bmisko koroziju, nodro\u0161inot ilgsto\u0161u iztur\u012bbu. <\/li>\n<li> Efekt\u012bva sild\u012b\u0161ana &amp; stabila temperat\u016bra: p\u0101rn\u0113s\u0101jam\u0101 prop\u0101na kaluma 30mm biezais ugunsiztur\u012bg\u0101s kokvilnas dizains nodro\u0161ina efekt\u012bvu siltuma koncentr\u0101ciju un samazina siltuma zudumus.P\u0101r\u012b ar 3 jaud\u012bgiem deg\u013ciem tas nodro\u0161ina sp\u0113c\u012bgu un vienm\u0113r\u012bgu siltumu, \u013caujot kalumam \u0101tri sasniegt un uztur\u0113t stabilu temperat\u016bru l\u012bdz 2600\u00b0F, radot ide\u0101lu vidi kal\u0161anai Ar savu izcilo veiktsp\u0113ju j\u016bs varat viegli izgatavot augstas kvalit\u0101tes met\u0101la instrumentus vai m\u0101kslas darbus. <\/li>\n<li> Liel\u0101ka telpa un elast\u012bga iekrau\u0161ana: farrier kalumam ir kvadr\u0101tveida dizains, radot gar\u0101ku un pla\u0161\u0101ku interjeru, kas atbilst da\u017e\u0101da izm\u0113ra un formas met\u0101la izstr\u0101d\u0101jumiem. \u0160is dizains atbalsta da\u017e\u0101das kal\u0161anas vajadz\u012bbas neatkar\u012bgi no t\u0101, vai tie ir na\u017ei, tapas, rokasspr\u0101dzes, skr\u016bves vai \u0161\u0137\u0113res. Turkl\u0101t zin\u0101tniski izstr\u0101d\u0101t\u0101 iek\u0161\u0113j\u0101 telpa uzlabo apkures efektivit\u0101ti. <\/li>\n<li> Uzlabota meistar\u012bba un dro\u0161\u012bba: prop\u0101na kaluma korpuss ir izgatavots no 1,2 mm korozijiztur\u012bga 201 ner\u016bs\u0113jo\u0161\u0101 t\u0113rauda ar bez\u0161uvju \u0101rpusi.Uzlaboti deg\u013ci ar atlokiem un knied\u0113m nodro\u0161ina iztur\u012bbu un nov\u0113r\u0161 ugunsgr\u0113ka nopl\u016bdes risku.Pastiprin\u0101tai dro\u0161\u012bbai CSA sertific\u0113t\u0101 prop\u0101na \u0161\u013c\u016btene ir moderniz\u0113ta no tradicion\u0101laj\u0101m skav\u0101m uz v\u012bt\u0146otiem savienojumiem, nodro\u0161inot g\u0101zes nopl\u016bdes neesam\u012bbu. <\/li>\n<li> Vienk\u0101r\u0161a darb\u012bba un temperat\u016bras kontrole: g\u0101zes kalumi kal\u0113ja darbam ir apr\u012bkoti ar 3 deg\u013ciem ar regul\u0113jamiem v\u0101rstiem, lai kontrol\u0113tu 1, 2 vai visu 3 deg\u013cu izmanto\u0161anu. Gaisa v\u0101rsts regul\u0113 gaisa un prop\u0101na attiec\u012bbu, un regulators kontrol\u0113 prop\u0101na pl\u016bsmu. \u0160ie iestat\u012bjumi \u013cauj prec\u012bzi kontrol\u0113t uguns sp\u0113ku un temperat\u016bru da\u017e\u0101diem met\u0101liem, tostarp zeltam, varam, sudrabam, ner\u016bs\u0113jo\u0161ajam t\u0113raudam, t\u0113raudam, misi\u0146am, bronzai, magnijam, alum\u012bnijam, sakaus\u0113jumiem, svinam un alvai. <\/li>\n<\/ul>","protected":false},"featured_media":337888,"comment_status":"closed","ping_status":"open","template":"","meta":{"om_disable_all_campaigns":false,"_monsterinsights_skip_tracking":false,"_monsterinsights_sitenote_active":false,"_monsterinsights_sitenote_note":"","_monsterinsights_sitenote_category":0,"_uf_show_specific_survey":0,"_uf_disable_surveys":false},"location":[1935,1934],"product_brand":[21],"product_cat":[2445,2697,2446,4394,2701],"product_tag":[],"class_list":{"0":"post-54365","1":"product","2":"type-product","3":"status-publish","4":"has-post-thumbnail","6":"location-supplier_stock_location","7":"location-local_stock_location","8":"product_brand-vevor","9":"product_cat-appliances","10":"product_cat-crafting-machines","11":"product_cat-crafts-sewing","12":"product_cat-forge-burner","13":"product_cat-jewelry-making-kits","15":"first","16":"outofstock","17":"taxable","18":"shipping-taxable","19":"purchasable","20":"product-type-simple"},"aioseo_notices":[],"jetpack_sharing_enabled":true,"locations":[{"id":1935,"name":"Pieg\u0101d\u0101ja noliktav\u0101 (5-7dd.d)","slug":"supplier_stock_location","quantity":"0"},{"id":1934,"name":"R\u012bgas veikal\u0101 (0-2d.d.)","slug":"local_stock_location","quantity":"0"}],"_links":{"self":[{"href":"https:\/\/vevorshop.lv\/lv\/wp-json\/wp\/v2\/product\/54365","targetHints":{"allow":["GET"]}}],"collection":[{"href":"https:\/\/vevorshop.lv\/lv\/wp-json\/wp\/v2\/product"}],"about":[{"href":"https:\/\/vevorshop.lv\/lv\/wp-json\/wp\/v2\/types\/product"}],"replies":[{"embeddable":true,"href":"https:\/\/vevorshop.lv\/lv\/wp-json\/wp\/v2\/comments?post=54365"}],"wp:featuredmedia":[{"embeddable":true,"href":"https:\/\/vevorshop.lv\/lv\/wp-json\/wp\/v2\/media\/337888"}],"wp:attachment":[{"href":"https:\/\/vevorshop.lv\/lv\/wp-json\/wp\/v2\/media?parent=54365"}],"wp:term":[{"taxonomy":"location","embeddable":true,"href":"https:\/\/vevorshop.lv\/lv\/wp-json\/wp\/v2\/location?post=54365"},{"taxonomy":"product_brand","embeddable":true,"href":"https:\/\/vevorshop.lv\/lv\/wp-json\/wp\/v2\/product_brand?post=54365"},{"taxonomy":"product_cat","embeddable":true,"href":"https:\/\/vevorshop.lv\/lv\/wp-json\/wp\/v2\/product_cat?post=54365"},{"taxonomy":"product_tag","embeddable":true,"href":"https:\/\/vevorshop.lv\/lv\/wp-json\/wp\/v2\/product_tag?post=54365"}],"curies":[{"name":"wp","href":"https:\/\/api.w.org\/{rel}","templated":true}]}}