{"id":54427,"date":"2024-11-20T01:42:29","date_gmt":"2024-11-20T01:42:29","guid":{"rendered":"http:\/\/vevorshop.edigo.lv\/Prece\/vevor-double-stroller-foldable-lightweight-twin-tandem-stroller-light-grayblack\/"},"modified":"2026-02-26T16:51:54","modified_gmt":"2026-02-26T14:51:54","slug":"vevor-double-stroller-foldable-lightweight-twin-tandem-stroller-light-grayblack","status":"publish","type":"product","link":"https:\/\/vevorshop.lv\/lv\/Prece\/vevor-dubulta-ratini-salokams-viegls-dvinu-tandema-ratinu-ratini-gaisi-peleks-melns\/","title":{"rendered":"VEVOR salok\u0101ms dv\u012b\u0146u rati\u0146i ar tand\u0113ma s\u0113dek\u013ciem, amortiz\u0113jo\u0161i rite\u0146i, regul\u0113jams atzveltne, jaundzimu\u0161ajiem un mazu\u013ciem, 30kg\/s\u0113deklis"},"content":{"rendered":"<div style=\"color: #fff!important; font-size: 16px; height: 24px; line-height: 24px; margin-top: -24px; \" class=\"product_original_name\">VEVOR Double Stroller, Foldable Lightweight Twin Stroller with Tandem Seating, Adjustable Backrest\/Footrest, Wrap-Around Safety Harness,Storage Basket & Tray,for Newborn & Toddler (Light Gray,Black)<\/div>\n<div style=\"color: #fff!important; font-size: 16px; height: 24px; line-height: 24px; margin-top: -24px; \" class=\"product_sku\">M4I4M8WU<\/div>\n<div style=\"color: #fff!important; font-size: 16px; height: 24px; line-height: 24px; margin-top: -24px; \" class=\"product_mpn\">SRYETCQH2RKQ1MB0KV0<\/div><div id=\"js-DM_at-goodDescRich\"><html><head><style>  body {    font-family: Arial;    line-height: 1.5;    color: #1c1c1c;    overflow-x: hidden;    margin: 0;    padding: 0;  }  .MsoNormal b {    font-weight: bolder;  }<\/style><style>  .container.small {    width: 970px;    margin: 0 auto;  }  .logo {    margin: 0 auto 0;  }  .logo img {    display: block;    margin: 0 auto;    max-width: 100%;  }  .logo .pc-banner {    display: block;    width: 1200px;    height: 247.4px;    margin: 0 auto;  }  .logo .pc-banner.small {    width: 970px;  }  .logo .pc-banner.small img {    height: auto!important;  }  .logo .m-banner {    display: none;  }  .ytvideo {    position: relative;    height: 546px;    width: 100%;    margin: 0 auto;  }  .ytvideo img {    width: 100%;    margin: 0 auto;  }  .ytvideo .play-btn {    width: 60px;    height: 42px;    position: absolute;    top: 50%;    left: 50%;    transform: translate(-50%, -50%);    background: url(\"data:image\/png;base64,iVBORw0KGgoAAAANSUhEUgAAAGQAAABGCAMAAAANWMFbAAAC+lBMVEUAAADBGB3kLCfBGB3kLCfcJC7BFx3KKSbiKybkLCbWJCPSIiLSIiLPICHAFx3kLCfgKSXNHiDZJiTIGx\/p4eHcjo7LHSDbJyTkLCbjKyfOHyHPIiL28fHJHB\/GGh7EGR7eKCXDGB3RISHlLSbBGB3AFxzGHB7DGB7BGB3hKybkKybAFx3lLCfAFxzDGR3hKibDGB7cJyTmz8\/elJTlwcHjurrUIyLlLSflLSfAFx3DGR7lLSfCFx3hKibhKibhKybjKybkLCblLSfbJSX49vbx7e3NNzjNMTLMJyjVIyLZf3\/ZQ0LaeHjx0tLgoqLkLCfCGB3HGx\/BGB3BFx3PICHCGB7WJCLOHyC\/Fxy\/Fx3lLCfQISHkLSe\/FxzbJiTBFx3FGx\/AGB7BFx3EGR7AGB3HHSDfKiXAFh3TISHYNzbhKibbJyTTIiL57e325+f039\/v2NjUV1fOHiHiqanfmprch4feKSXVIyPOICHmLibFGh\/mLSe\/Fx7XJCPeKSXXJSPNHyHaJyTGGh7lLCbmLCflLSjSIiLkLCbdKSXLHiC\/GB3KHh++Fh3lKyfoLiXcKCPkx8fYb2\/XaGfVXl3aU1LLHiDksbHgKibPICHbJyTfKSXbJyTCGB3KHSDiKybFGh7TIiL\/\/\/\/VIyPRISHIHB\/GGx\/HHB\/DGR7gKibdKCXLHiDZJiTMHiDNHyHYJSTOICHPICHWJCPcKCXXJSPjLCblLCf+\/f3NGR\/uLijzLynPGR\/IGB7WISHaIyLLGh7UAADxLynNAADRLzDbICLQAADIAAD3MCrUHSHXMTDpKSbLAADp5OTij4\/ejo\/VLy\/1LyngJSTcJCPQHx\/OHB7+\/PzaMS\/OLS\/vLijrLSjSAADaNTPwLyjkKSbNJCbYISHPHB\/KGB7WAAD7+vrn3d3aKynTKCjoLCfsKifRGh\/YAADq5+fhjo7QNDXXKCfmJyXt5+fTLzDLLi\/QKivYHRvMGBrQJCXLISPMExXLDxLaEAvkkI\/bOTfaFQ\/SCgpvLcnHAAAAmnRSTlMA+vv7+gT9Bvf9+8z8\/NSv\/Pr5+P7++vnQIBMP\/v38\/Pn348XDiCYf9OjbzcqxXVcx\/fz8+\/rj1r2poo1+fXFqX0orGP7+\/v7+\/fz8+\/r68uzn4trIxsG\/vri3p6GcmZSNbWVYUUZEPQv+\/f39+\/v7+\/v7+vr64tvV1NTTz87FtbSurqeblJKFg4B3bUY+NjL7+\/v7+\/v67t1cDo8JLQAABkRJREFUWMO0kz9rwkAYh0OIeJkum6YugUAhISCdKoj\/P4C7SMdS+gEKIhSKil10LSg4mzXkILdlEpxCpwTiWOLX6BujvQaEQuGeHLnL+\/64J+SIcKGYTYWnntpdLjrVdqvZmNdn0+EE40GtpuuWVS6Xx6N7YDSGpWXpeq02wHgynM7q80az1a52HpddtVcpsi1zFARBrdaxbhp9iUReTGmwA4KAAr7vx3EYejnCMI6hQYEgy0LQi4jUN0wL19vqFcUC9\/1dAKmEEFkWRYkh5oBejnxQJiSJPJ\/uKBp0Thszx9Mw8hMRIQjKsptCfuES9zr5WJY6vSFCIvE9fCMUmEM1A1kSXcYGxgVYsvI1IPKTZciSTI0us\/SMGG04gDzELDoFBwdcFJrF88dqgYMTiL6DILWYyfOWE8\/kIz38olCNlC03FK95+imxp6y4oUSvAnBjHHhKNtotSDqJzVFiK8c2SBqhZtsrTtgrLXwAyduxZHNE26eHUt5rtuM4WSmds3G+sUdWYo1L+XyxButoh5eKUHk5lByO3G1LqqCWVnfrv\/lyPtf\/4ps1cndNGIri8J1TJ0lx6dR\/oPjq1nbRwdp2dCk4CtIOLW3pVKRL6WZfS5vF2KkIQhpwSsjiYIgNCs1gEMGqiIq24NQX9NwoXFy8Ufrl3twTcg4fv8T9\/JBEySduj6Mjm4bMzYV7EEOxKjjoNDud7yY3Dy71Hq2oLmqfbNR723edH9PgMrNL2utoQ3VmaIDkiw\/4w51P06hlZsTZvkRrbVuSIs\/zwSOsycgzStQouoAkWQqioRT5XI7n2Z1wfVhoZmcAJLsoqjqpjbWCgpOAJXBwHK8PzWbNvoUZJND5wCnSkLAkZ1legx6vqQzjoiTahKlGUGLAiIIoABOHaNVw4sexZBym6\/HWlH5h3IC7yRbxtipcWxdTOkORKiNQAEkFf66x5S2oeRbroOlLgg0sSYkR0hRGEqJZ0jTPiQKatESdBckpWigxaapEH0lImHdWu9pUFF2XqMNM2Z4kped7IwEJw2qabwtrQqnpw6HyKkgcadKWsmpywwesDyIhYRpdzXddqegtGIJlXbAIUMOLkGxJUjRIkokwjUaX9d\/kK62ps\/tYUqZLIMkLTyBhsMZ3C5Z\/kDxOSCb\/DOs\/\/J0qcWSX\/2ipe56EgTCA4\/cB7NAYOsni4mZM1MUPAISoEwkDi4lhVBQ1cWQyIcwalw4EpqZN68JUSK7XC0kTlkLYii5uXSC8jT5ncCAS7mjCv0uHp\/3lueHEEAeQ\/\/VgmdN71\/2uCSA1Xr6DO6uI6sW56zqT2tp2PhgiRUAajV8CY2fkcz6WGNKMgLAt7tJAhD4YHMTeRxlALE6+43WqjSWi8ITxyJl8WrwWSNESQZZOqhDDntO3hJLsd5RtSpbJqdv3YrDJH3F7jL1R2O2aQkn2MyCyKYz0GPGIvSAMgBCrCEiJyKbBaYGwLW4uPRr0A0M4Ux5kUI7IBh+hMdiCEWNqhMZGyYMsOgNE58UQuEQeUnSWCMYwL54hkxK6IoqucQZbQ3pc3XtL0lky1dL0zZJJDpWJovFqpWj6JEHnyam2eQp5QRVAVHjWparTOaVwUOx99YS2MvgxIGV0bb+qIg2HX2qkFFJB+XZcbLiuRkuxD9GRroKyveLxdh4d7Orx+hb7qc3uVRuEogCOnyIxm4ubUoPgF4jianDrC+SDQDKEfJb0GUKmjCGPYHGJvVC6X4hw1\/sAfQAdfYyephIaspXe36RwOP+Ljvfx9B6B3i+Nk0DGq+oCbLn6JpBa9nWAveAIHwFAwtVcIJXPMPL8kRu5OAYPMaL1WScTxjiZDqB9LTJSWphow\/pTYKRTLjCBhvi9iBidvKcDasGSm0QQkycYuLBqj6QCELPctqChDWpTRMWkngNNpQ1Pfp1KkiT\/Y0DGffXAweUNfLAfaJFKDwhb6I+bkYRbkERoEeu3Fyjg2opMz2daZCS9jt6Q7txNfB+OZEVF6Zl5web2xunnLQrtrjXseXKaFYziYINeMFZVxS9VxRhOoesYwxPKXm+gWLG9cuFeq93UNNeJNsf1KlwuDok9n02n3TgIJpOxNfL9naIoQwXtfH9kjceTIIi709ncTg6LZbg+biLH1V6u\/7rxBem06VXKn9raAAAAAElFTkSuQmCC\")      no-repeat center center \/ contain;  }  @media screen and (max-width: 960px) and (orientation: portrait) {    .logo {      width: 100%;    }    .logo .pc-banner {      display: none;    }    .logo .m-banner {      display: block;      width: 100%;    }    .logo .m-banner img {      height: auto!important;    }    .ytvideo {      height: 200px;      width: 100%;    }  }<\/style><style>  .video-section {    width: 100%;    margin: 0 auto;  }  .video-section > img {    width: 100%;  }  .video-section iframe,  .video-section video {    width: 100%;    height: 100%;      }  .video-section-img-m,  .video-section-img-pc > img {    width: 100%;    height: auto;  }  .video-section-img-pc.small > img {    width: 970px;  }  .video-desc {    line-height: 1.5;    font-size: 20px;    font-weight: 400;    margin: 20px 0;    text-align: center;    color: #0f1111;    word-break: break-word;  }  @media screen and (max-width: 960px) and (orientation: portrait) {    .video-section {      width: 100%;    }    .video-section-pc,    .video-section-img-pc {      display: none;    }    .video-section-m,    .video-section-img-m {      display: block;    }    .video-desc {      font-size: 15px;    }  }  @media screen and (min-width: 960px) {    .video-section {      width: 100%;      margin: 0 auto;    }    .video-section-pc,    .video-section-img-pc {      display: block;    }    .video-section-m,    .video-section-img-m {      display: none;    }    .video-desc {      font-size: 20px;    }  }<\/style><style>  .section + .section {    margin-top: 35px;  }  .section-title {    text-align: center;    font-weight: bold;    color: #0d1111;    font-family: \"Arial\";    font-size: 32px;    margin: 15px 0;  }  .section-title:empty {    display: none;  }  .section-desc {    text-align: center;    font-weight: normal;    color: #0d1111;    margin-top: 20px;  }  .section-desc:empty {    display: none;  }  .section-img {    width: 1200px;    height: 492px;    margin: 0 auto;    display: block;  }  .section-img.small {    width: 970px;    height: auto;  }  .section-img.small > img {    height: auto;  }  .section-img > img {    width: 100%;    height: 100%;  }  .section-mobile-img {    display: none;    max-width: 100vw;    max-height: 75vw;    height: 450px;    margin: 0 auto;  }  .section-mobile-img > img {    width: 100%;    height: 100%;  }  @media screen and (max-width: 960px) and (orientation: portrait) {    .container {      width: 100%;    }    .container.small {      width: 100%;    }    .section-mobile-img {      display: block;    }    .section-img {      display: none;    }    .section-title {      font-size: 22px;      margin: 10px 0;    }    .section-desc {      margin-top: 10px;    }    .section + .section {      margin-top: 20px;    }  }<\/style><\/head><body><div class=\"container small\"><div class=\"logo\"><div class=\"pc-banner small\"><div><img decoding=\"async\" src=\"\/vevor\/vevor\/boutique-banner\/pc\/en-pc@1x.jpg\" style=\"width: 100%;\" \/><\/div><\/div><div class=\"m-banner\"><div><img decoding=\"async\" src=\"\/vevor\/vevor\/boutique-banner\/mobile\/en-m@1x.jpg\" style=\"width: 100%;\" \/><\/div><\/div><\/div><div class=\"section-title\">Izp\u0113tiet kop\u0101 ar m\u016bsu rati\u0146iem!<\/div><div class=\"video-section\"><div class=\"video-section-img-pc small\"><img decoding=\"async\" src=\"\/vevor\/product\/SRYETCQH2RKQ1MB0K\/tandem-strollers-a100-1.4-pt.jpg\" \/><\/div><div class=\"video-section-img-m\"><img decoding=\"async\" src=\"\/vevor\/product\/SRYETCQH2RKQ1MB0K\/tandem-strollers-a100-1.4-pt.jpg\" \/><\/div><div class=\"section-desc\">M\u016bsu divviet\u012bgie rati\u0146i ir viegli un p\u0101rn\u0113s\u0101jami, tie \u0113rti iederas j\u016bsu automa\u0161\u012bnas bag\u0101\u017eniek\u0101 vai m\u0101j\u0101s. Pateicoties oglek\u013ca t\u0113rauda r\u0101mim un \u0113rtiem s\u0113dek\u013ciem, tie piel\u0101gojas da\u017e\u0101diem reljefiem. Izbaudiet dz\u012bvi bez raiz\u0113m un jautrus piedz\u012bvojumus kop\u0101 ar savu mazuli!<\/div><\/div><div class=\"section\"><div class=\"section-title\"><\/div><div class=\"section-img small\"><img decoding=\"async\" src=\"\/vevor\/product\/SRYETCQH2RKQ1MB0K\/tandem-strollers-a100-2.2-pt.jpg\" \/><\/div><div class=\"section-mobile-img\"><img decoding=\"async\" src=\"\/vevor\/product\/SRYETCQH2RKQ1MB0K\/tandem-strollers-a100-2.2-pt.jpg\" \/><\/div><div class=\"section-desc\">\u0160is dubultais rati\u0146\u0161 apvieno iztur\u012bbu un dro\u0161\u012bbu, nodro\u0161inot j\u016bsu mazu\u013ciem visliel\u0101ko aizsardz\u012bbu Pilna p\u0101rkl\u0101juma dro\u0161\u012bbas josta nodro\u0161ina j\u016bsu mazu\u013cu dro\u0161\u012bbu brauciena laik\u0101, sniedzot jums sirdsmieru ce\u013cojuma laik\u0101.<\/div><\/div><div class=\"section\"><div class=\"section-title\"><\/div><div class=\"section-img small\"><img decoding=\"async\" src=\"\/vevor\/product\/SRYETCQH2RKQ1MB0K\/tandem-strollers-a100-2.3-pt.jpg\" \/><\/div><div class=\"section-mobile-img\"><img decoding=\"async\" src=\"\/vevor\/product\/SRYETCQH2RKQ1MB0K\/tandem-strollers-a100-2.3-pt.jpg\" \/><\/div><div class=\"section-desc\">Dubultie rati\u0146i ir viegli un viegli mont\u0113jami un izjaucami, padarot to \u0113rti p\u0101rn\u0113s\u0101jamu Neatkar\u012bgi no t\u0101, vai ievietojat to automa\u0161\u012bnas bag\u0101\u017eniek\u0101 vai uzglab\u0101jat m\u0101j\u0101s, tas neaiz\u0146ems daudz vietas.<\/div><\/div><div class=\"section\"><div class=\"section-title\"><\/div><div class=\"section-img small\"><img decoding=\"async\" src=\"\/vevor\/product\/SRYETCQH2RKQ1MB0K\/tandem-strollers-a100-2.4-pt.jpg\" \/><\/div><div class=\"section-mobile-img\"><img decoding=\"async\" src=\"\/vevor\/product\/SRYETCQH2RKQ1MB0K\/tandem-strollers-a100-2.4-pt.jpg\" \/><\/div><div class=\"section-desc\">Designed with your baby's comfort and health in mind, the seat features a skin-friendly surface that gently cares for your baby's delicate skin, offering warmth and comfort. The thickened cushion design ensures your baby remains comfortable even during long periods of sitting.<\/div><\/div><div class=\"section\"><div class=\"section-title\"><\/div><div class=\"section-img small\"><img decoding=\"async\" src=\"\/vevor\/product\/SRYETCQH2RKQ1MB0K\/tandem-strollers-a100-2.5-pt.jpg\" \/><\/div><div class=\"section-mobile-img\"><img decoding=\"async\" src=\"\/vevor\/product\/SRYETCQH2RKQ1MB0K\/tandem-strollers-a100-2.5-pt.jpg\" \/><\/div><div class=\"section-desc\">Handles various terrains with ease, including sand, grass, roads, and wooden boardwalks. Whether you're on an outing, strolling in the park, or navigating city streets, the stroller provides a stable ride, allowing you and your baby to explore the world with confidence.<\/div><\/div><div class=\"section\"><div class=\"section-img small\"><img decoding=\"async\" src=\"\/vevor\/product\/SRYETCQH2RKQ1MB0K\/tandem-strollers-a100-1.11-pt.jpg\" \/><\/div><div class=\"section-mobile-img\"><img decoding=\"async\" src=\"\/vevor\/product\/SRYETCQH2RKQ1MB0K\/tandem-strollers-a100-1.11-pt.jpg\" \/><\/div><\/div><\/div><\/body><\/html><\/div>\n<div class=\"DM_at-title\" id=\"js-DM_at-title\"> <div>Produkta specifik\u0101cija<\/div> <i class=\"icon-arrowup_line\"><\/i> <\/div><div class=\"DM_at-goodsDescAttr\" id=\"js-DM_at-goodsDescAttr\"> <div class=\"DM_at-goodsDescAttrInner\"> <dl class=\"goodsDesc_item goodsDesc_item_even\"> <dt>Preces Mode\u013ca Numurs<\/dt> <dd> T33<\/dd> <\/dl> <dl class=\"goodsDesc_item\"> <dt>Produkta Izm\u0113ri<\/dt> <dd> 47,2 x 21,1 x 40,2 collas \/ 1200 x 535 x 1020 mm<\/dd> <\/dl> <dl class=\"goodsDesc_item goodsDesc_item_even\"> <dt>Neto Svars<\/dt> <dd> 25,5 m\u0101rci\u0146as \/ 11,6 kg<\/dd> <\/dl> <dl class=\"goodsDesc_item\"> <dt>Katra s\u0113dek\u013ca slodzes iztur\u012bba<\/dt> <dd> 33 m\u0101rci\u0146as \/ 15 kg<\/dd> <\/dl> <dl class=\"goodsDesc_item goodsDesc_item_even\"> <dt>K\u0101ju balsts<\/dt> <dd> Regul\u0113jams<\/dd> <\/dl> <dl class=\"goodsDesc_item\"> <dt>Saliekamais izm\u0113rs<\/dt> <dd> 43,7 x 20,5 x 15,2 collas \/ 1110 x 520 x 385 mm<\/dd> <\/dl> <dl class=\"goodsDesc_item goodsDesc_item_even\"> <dt>Saloc\u012b\u0161anas metode<\/dt> <dd> Salok\u0101ms<\/dd> <\/dl> <dl class=\"goodsDesc_item\"> <dt>Priek\u0161\u0113j\u0101 rite\u0146a specifik\u0101cija<\/dt> <dd>7 collas ar virziena fiksatoru<\/dd> <\/dl> <dl class=\"goodsDesc_item goodsDesc_item_even\"> <dt>Aizmugur\u0113j\u0101 rite\u0146a specifik\u0101cija<\/dt> <dd> 8 collas ar pievienotu bremzi<\/dd> <\/dl> <dl class=\"goodsDesc_item\"> <dt>Galvenais materi\u0101ls<\/dt> <dd> R\u0101mis<\/dd> <\/dl> <\/div> <\/div>","protected":false},"excerpt":{"rendered":"<ul>\n<li> Vienk\u0101r\u0161a saloc\u012b\u0161ana: Ce\u013co\u0161ana ar b\u0113rniem vairs nav izaicin\u0101jums! M\u016bsu divviet\u012bgajiem rati\u0146iem ir vienas klik\u0161\u0137a saloc\u012b\u0161anas meh\u0101nisms, kas \u013cauj \u0101tri un vienk\u0101r\u0161i saloc\u012bt rati\u0146us tikai ar da\u017e\u0101m darb\u012bb\u0101m. Neatkar\u012bgi no t\u0101, vai iep\u0113rkaties vai ce\u013cojat, j\u016bs var\u0113siet viegli tikt gal\u0101 ar aiz\u0146emtajiem br\u012b\u017eiem. <\/li>\n<li> Augsta kravnes\u012bba: paredz\u0113ts dv\u012b\u0146u \u0123imen\u0113m, tas lepojas ar iztur\u012bgu oglek\u013ca t\u0113rauda r\u0101mi, katrs s\u0113deklis var iztur\u0113t l\u012bdz 33 m\u0101rci\u0146\u0101m (kop\u0101 66 m\u0101rci\u0146as), nodro\u0161inot j\u016bsu mazu\u013cu dro\u0161u p\u0101rvad\u0101\u0161anu. Sakabes stie\u0146a augstums ir regul\u0113jams, piel\u0101gojoties da\u017e\u0101d\u0101m lieto\u0161anas vajadz\u012bb\u0101m, lai nodro\u0161in\u0101tu liel\u0101ku elast\u012bbu un \u0113rt\u012bbas. <\/li>\n<li> Iztur\u012bgs un triecienus absorb\u0113jo\u0161s: Apr\u012bkots ar nodilumiztur\u012bgiem, triecienus absorb\u0113jo\u0161iem rite\u0146iem, tas vienm\u0113r\u012bgi tiek gal\u0101 ar jebk\u0101diem reljefa nel\u012bdzenumiem. Priek\u0161\u0113jo un aizmugur\u0113jo rite\u0146u triecienu absorb\u0113jo\u0161ais dizains iev\u0113rojami samazina vibr\u0101cijas no ce\u013ca, nodro\u0161inot \u0113rt\u0101ku braucienu j\u016bsu mazulim. <\/li>\n<li> Daudzfunkcion\u0101ls: Priek\u0161\u0113jie un aizmugur\u0113jie p\u0101rsegi nodro\u0161ina aizsardz\u012bbu pret sauli vai lietu, nodro\u0161inot mazu\u013ca komfortu rati\u0146os. Turkl\u0101t rati\u0146iem ir b\u0113rnu \u0113damgalda \u0161\u0137\u012bvis, aizmugur\u0113j\u0101 uzglab\u0101\u0161anas soma un kr\u016bz\u012b\u0161u tur\u0113t\u0101js, nodro\u0161inot daudzfunkcion\u0101lu dizainu \u0113no\u0161anai, \u0113\u0161anai un uzglab\u0101\u0161anai. <\/li>\n<li> Vienk\u0101r\u0161a izjauk\u0161ana: Vienk\u0101r\u0161a un \u0113rta uzst\u0101d\u012b\u0161ana, vairs nav apgr\u016btino\u0161a mont\u0101\u017eas procesa. Vienk\u0101r\u0161i izpildiet manu\u0101l\u0101s darb\u012bbas, lai saliktu deta\u013cas pareiz\u0101 sec\u012bb\u0101. Izjauk\u0161ana un saloc\u012b\u0161ana ar\u012b ietaupa vietu, padarot uzglab\u0101\u0161anu \u0113rtu. <\/li>\n<\/ul>","protected":false},"featured_media":338380,"comment_status":"closed","ping_status":"open","template":"","meta":{"om_disable_all_campaigns":false,"_monsterinsights_skip_tracking":false,"_monsterinsights_sitenote_active":false,"_monsterinsights_sitenote_note":"","_monsterinsights_sitenote_category":0,"_uf_show_specific_survey":0,"_uf_disable_surveys":false},"location":[1935,1934],"product_brand":[21],"product_cat":[4046,4045,2454,2453,4047,4370,2374],"product_tag":[],"class_list":{"0":"post-54427","1":"product","2":"type-product","3":"status-publish","4":"has-post-thumbnail","6":"location-supplier_stock_location","7":"location-local_stock_location","8":"product_brand-vevor","9":"product_cat-car-seats-strollers","10":"product_cat-child-safety","11":"product_cat-home-safety","12":"product_cat-safety-security","13":"product_cat-strollers","14":"product_cat-tandem-strollers","15":"product_cat-tools","17":"first","18":"outofstock","19":"taxable","20":"shipping-taxable","21":"purchasable","22":"product-type-simple"},"aioseo_notices":[],"jetpack_sharing_enabled":true,"locations":[{"id":1935,"name":"Pieg\u0101d\u0101t\u0101ja noliktav\u0101 (5-7d.d.)","slug":"supplier_stock_location","quantity":"0"},{"id":1934,"name":"R\u012bgas veikal\u0101 (0-2d.d.)","slug":"local_stock_location","quantity":"0"}],"_links":{"self":[{"href":"https:\/\/vevorshop.lv\/lv\/wp-json\/wp\/v2\/product\/54427","targetHints":{"allow":["GET"]}}],"collection":[{"href":"https:\/\/vevorshop.lv\/lv\/wp-json\/wp\/v2\/product"}],"about":[{"href":"https:\/\/vevorshop.lv\/lv\/wp-json\/wp\/v2\/types\/product"}],"replies":[{"embeddable":true,"href":"https:\/\/vevorshop.lv\/lv\/wp-json\/wp\/v2\/comments?post=54427"}],"wp:featuredmedia":[{"embeddable":true,"href":"https:\/\/vevorshop.lv\/lv\/wp-json\/wp\/v2\/media\/338380"}],"wp:attachment":[{"href":"https:\/\/vevorshop.lv\/lv\/wp-json\/wp\/v2\/media?parent=54427"}],"wp:term":[{"taxonomy":"location","embeddable":true,"href":"https:\/\/vevorshop.lv\/lv\/wp-json\/wp\/v2\/location?post=54427"},{"taxonomy":"product_brand","embeddable":true,"href":"https:\/\/vevorshop.lv\/lv\/wp-json\/wp\/v2\/product_brand?post=54427"},{"taxonomy":"product_cat","embeddable":true,"href":"https:\/\/vevorshop.lv\/lv\/wp-json\/wp\/v2\/product_cat?post=54427"},{"taxonomy":"product_tag","embeddable":true,"href":"https:\/\/vevorshop.lv\/lv\/wp-json\/wp\/v2\/product_tag?post=54427"}],"curies":[{"name":"wp","href":"https:\/\/api.w.org\/{rel}","templated":true}]}}