{"id":54981,"date":"2024-11-20T02:33:39","date_gmt":"2024-11-20T02:33:39","guid":{"rendered":"http:\/\/vevorshop.edigo.lv\/Prece\/vevor-2pcs-snow-chains-manganese-alloy-steel-traction-wheels-chains-silver\/"},"modified":"2026-04-19T23:55:52","modified_gmt":"2026-04-19T20:55:52","slug":"vevor-2pcs-snow-chains-manganese-alloy-steel-traction-wheels-chains-silver","status":"publish","type":"product","link":"https:\/\/vevorshop.lv\/lv\/Prece\/vevor-2-gab-sniega-kedes-mangana-terauda-pretslides-riepu-kedes-225-70-15-235-60-16-235-50-18-245-45-18-245-45-17\/","title":{"rendered":"VEVOR 2GB sniega \u0137\u0113des automa\u0161\u012bn\u0101m, SUV un kravas auto, mang\u0101na t\u0113rauds, \u0101rk\u0101rtas riepu \u0137\u0113des 225\/70R15\u2013245\/45R18"},"content":{"rendered":"<div style=\"color: #fff!important; font-size: 16px; height: 24px; line-height: 24px; margin-top: -24px; \" class=\"product_original_name\">VEVOR 2PC sniega \u0137\u0113des, mang\u0101na sakaus\u0113juma t\u0113rauda av\u0101rijas vilces riepu \u0137\u0113des automa\u0161\u012bn\u0101m, pikapiem, apvidus automa\u0161\u012bn\u0101m un kravas automa\u0161\u012bn\u0101m, sniega riepu \u0137\u0113des 225\/70-15, 235\/60-16, 235\/50-18, 245\/45-18, 245\/45-17, Sudrabs<\/div>\n<div style=\"color: #fff!important; font-size: 16px; height: 24px; line-height: 24px; margin-top: -24px; \" class=\"product_sku\">M4I4MANY<\/div>\n<div style=\"color: #fff!important; font-size: 16px; height: 24px; line-height: 24px; margin-top: -24px; \" class=\"product_mpn\">XDLTOZ1NO120X97ZHV0<\/div><div id=\"js-DM_at-goodDescRich\"><html><head><style>  body {    font-family: Arial;    line-height: 1.5;    color: #1c1c1c;    overflow-x: hidden;    margin: 0;    padding: 0;  }  .MsoNormal b {    font-weight: bolder;  }<\/style><style>  .container.small {    width: 970px;    margin: 0 auto;  }  .logo {    margin: 0 auto 0;  }  .logo img {    display: block;    margin: 0 auto;    max-width: 100%;  }  .logo .pc-banner {    display: block;    width: 1200px;    height: 247.4px;    margin: 0 auto;  }  .logo .pc-banner.small {    width: 970px;  }  .logo .pc-banner.small img {    height: auto!important;  }  .logo .m-banner {    display: none;  }  .ytvideo {    position: relative;    height: 546px;    width: 100%;    margin: 0 auto;  }  .ytvideo img {    width: 100%;    margin: 0 auto;  }  .ytvideo .play-btn {    width: 60px;    height: 42px;    position: absolute;    top: 50%;    left: 50%;    transform: translate(-50%, -50%);    background: url(\"data:image\/png;base64,iVBORw0KGgoAAAANSUhEUgAAAGQAAABGCAMAAAANWMFbAAAC+lBMVEUAAADBGB3kLCfBGB3kLCfcJC7BFx3KKSbiKybkLCbWJCPSIiLSIiLPICHAFx3kLCfgKSXNHiDZJiTIGx\/p4eHcjo7LHSDbJyTkLCbjKyfOHyHPIiL28fHJHB\/GGh7EGR7eKCXDGB3RISHlLSbBGB3AFxzGHB7DGB7BGB3hKybkKybAFx3lLCfAFxzDGR3hKibDGB7cJyTmz8\/elJTlwcHjurrUIyLlLSflLSfAFx3DGR7lLSfCFx3hKibhKibhKybjKybkLCblLSfbJSX49vbx7e3NNzjNMTLMJyjVIyLZf3\/ZQ0LaeHjx0tLgoqLkLCfCGB3HGx\/BGB3BFx3PICHCGB7WJCLOHyC\/Fxy\/Fx3lLCfQISHkLSe\/FxzbJiTBFx3FGx\/AGB7BFx3EGR7AGB3HHSDfKiXAFh3TISHYNzbhKibbJyTTIiL57e325+f039\/v2NjUV1fOHiHiqanfmprch4feKSXVIyPOICHmLibFGh\/mLSe\/Fx7XJCPeKSXXJSPNHyHaJyTGGh7lLCbmLCflLSjSIiLkLCbdKSXLHiC\/GB3KHh++Fh3lKyfoLiXcKCPkx8fYb2\/XaGfVXl3aU1LLHiDksbHgKibPICHbJyTfKSXbJyTCGB3KHSDiKybFGh7TIiL\/\/\/\/VIyPRISHIHB\/GGx\/HHB\/DGR7gKibdKCXLHiDZJiTMHiDNHyHYJSTOICHPICHWJCPcKCXXJSPjLCblLCf+\/f3NGR\/uLijzLynPGR\/IGB7WISHaIyLLGh7UAADxLynNAADRLzDbICLQAADIAAD3MCrUHSHXMTDpKSbLAADp5OTij4\/ejo\/VLy\/1LyngJSTcJCPQHx\/OHB7+\/PzaMS\/OLS\/vLijrLSjSAADaNTPwLyjkKSbNJCbYISHPHB\/KGB7WAAD7+vrn3d3aKynTKCjoLCfsKifRGh\/YAADq5+fhjo7QNDXXKCfmJyXt5+fTLzDLLi\/QKivYHRvMGBrQJCXLISPMExXLDxLaEAvkkI\/bOTfaFQ\/SCgpvLcnHAAAAmnRSTlMA+vv7+gT9Bvf9+8z8\/NSv\/Pr5+P7++vnQIBMP\/v38\/Pn348XDiCYf9OjbzcqxXVcx\/fz8+\/rj1r2poo1+fXFqX0orGP7+\/v7+\/fz8+\/r68uzn4trIxsG\/vri3p6GcmZSNbWVYUUZEPQv+\/f39+\/v7+\/v7+vr64tvV1NTTz87FtbSurqeblJKFg4B3bUY+NjL7+\/v7+\/v67t1cDo8JLQAABkRJREFUWMO0kz9rwkAYh0OIeJkum6YugUAhISCdKoj\/P4C7SMdS+gEKIhSKil10LSg4mzXkILdlEpxCpwTiWOLX6BujvQaEQuGeHLnL+\/64J+SIcKGYTYWnntpdLjrVdqvZmNdn0+EE40GtpuuWVS6Xx6N7YDSGpWXpeq02wHgynM7q80az1a52HpddtVcpsi1zFARBrdaxbhp9iUReTGmwA4KAAr7vx3EYejnCMI6hQYEgy0LQi4jUN0wL19vqFcUC9\/1dAKmEEFkWRYkh5oBejnxQJiSJPJ\/uKBp0Thszx9Mw8hMRIQjKsptCfuES9zr5WJY6vSFCIvE9fCMUmEM1A1kSXcYGxgVYsvI1IPKTZciSTI0us\/SMGG04gDzELDoFBwdcFJrF88dqgYMTiL6DILWYyfOWE8\/kIz38olCNlC03FK95+imxp6y4oUSvAnBjHHhKNtotSDqJzVFiK8c2SBqhZtsrTtgrLXwAyduxZHNE26eHUt5rtuM4WSmds3G+sUdWYo1L+XyxButoh5eKUHk5lByO3G1LqqCWVnfrv\/lyPtf\/4ps1cndNGIri8J1TJ0lx6dR\/oPjq1nbRwdp2dCk4CtIOLW3pVKRL6WZfS5vF2KkIQhpwSsjiYIgNCs1gEMGqiIq24NQX9NwoXFy8Ufrl3twTcg4fv8T9\/JBEySduj6Mjm4bMzYV7EEOxKjjoNDud7yY3Dy71Hq2oLmqfbNR723edH9PgMrNL2utoQ3VmaIDkiw\/4w51P06hlZsTZvkRrbVuSIs\/zwSOsycgzStQouoAkWQqioRT5XI7n2Z1wfVhoZmcAJLsoqjqpjbWCgpOAJXBwHK8PzWbNvoUZJND5wCnSkLAkZ1legx6vqQzjoiTahKlGUGLAiIIoABOHaNVw4sexZBym6\/HWlH5h3IC7yRbxtipcWxdTOkORKiNQAEkFf66x5S2oeRbroOlLgg0sSYkR0hRGEqJZ0jTPiQKatESdBckpWigxaapEH0lImHdWu9pUFF2XqMNM2Z4kped7IwEJw2qabwtrQqnpw6HyKkgcadKWsmpywwesDyIhYRpdzXddqegtGIJlXbAIUMOLkGxJUjRIkokwjUaX9d\/kK62ps\/tYUqZLIMkLTyBhsMZ3C5Z\/kDxOSCb\/DOs\/\/J0qcWSX\/2ipe56EgTCA4\/cB7NAYOsni4mZM1MUPAISoEwkDi4lhVBQ1cWQyIcwalw4EpqZN68JUSK7XC0kTlkLYii5uXSC8jT5ncCAS7mjCv0uHp\/3lueHEEAeQ\/\/VgmdN71\/2uCSA1Xr6DO6uI6sW56zqT2tp2PhgiRUAajV8CY2fkcz6WGNKMgLAt7tJAhD4YHMTeRxlALE6+43WqjSWi8ITxyJl8WrwWSNESQZZOqhDDntO3hJLsd5RtSpbJqdv3YrDJH3F7jL1R2O2aQkn2MyCyKYz0GPGIvSAMgBCrCEiJyKbBaYGwLW4uPRr0A0M4Ux5kUI7IBh+hMdiCEWNqhMZGyYMsOgNE58UQuEQeUnSWCMYwL54hkxK6IoqucQZbQ3pc3XtL0lky1dL0zZJJDpWJovFqpWj6JEHnyam2eQp5QRVAVHjWparTOaVwUOx99YS2MvgxIGV0bb+qIg2HX2qkFFJB+XZcbLiuRkuxD9GRroKyveLxdh4d7Orx+hb7qc3uVRuEogCOnyIxm4ubUoPgF4jianDrC+SDQDKEfJb0GUKmjCGPYHGJvVC6X4hw1\/sAfQAdfYyephIaspXe36RwOP+Ljvfx9B6B3i+Nk0DGq+oCbLn6JpBa9nWAveAIHwFAwtVcIJXPMPL8kRu5OAYPMaL1WScTxjiZDqB9LTJSWphow\/pTYKRTLjCBhvi9iBidvKcDasGSm0QQkycYuLBqj6QCELPctqChDWpTRMWkngNNpQ1Pfp1KkiT\/Y0DGffXAweUNfLAfaJFKDwhb6I+bkYRbkERoEeu3Fyjg2opMz2daZCS9jt6Q7txNfB+OZEVF6Zl5web2xunnLQrtrjXseXKaFYziYINeMFZVxS9VxRhOoesYwxPKXm+gWLG9cuFeq93UNNeJNsf1KlwuDok9n02n3TgIJpOxNfL9naIoQwXtfH9kjceTIIi709ncTg6LZbg+biLH1V6u\/7rxBem06VXKn9raAAAAAElFTkSuQmCC\")      no-repeat center center \/ contain;  }  @media screen and (max-width: 960px) and (orientation: portrait) {    .logo {      width: 100%;    }    .logo .pc-banner {      display: none;    }    .logo .m-banner {      display: block;      width: 100%;    }    .logo .m-banner img {      height: auto!important;    }    .ytvideo {      height: 200px;      width: 100%;    }  }<\/style><style>  .video-section {    width: 100%;    margin: 0 auto;  }  .video-section > img {    width: 100%;  }  .video-section iframe,  .video-section video {    width: 100%;    height: 100%;      }  .video-section-img-m,  .video-section-img-pc > img {    width: 100%;    height: auto;  }  .video-section-img-pc.small > img {    width: 970px;  }  .video-desc {    line-height: 1.5;    font-size: 20px;    font-weight: 400;    margin: 20px 0;    text-align: center;    color: #0f1111;    word-break: break-word;  }  @media screen and (max-width: 960px) and (orientation: portrait) {    .video-section {      width: 100%;    }    .video-section-pc,    .video-section-img-pc {      display: none;    }    .video-section-m,    .video-section-img-m {      display: block;    }    .video-desc {      font-size: 15px;    }  }  @media screen and (min-width: 960px) {    .video-section {      width: 100%;      margin: 0 auto;    }    .video-section-pc,    .video-section-img-pc {      display: block;    }    .video-section-m,    .video-section-img-m {      display: none;    }    .video-desc {      font-size: 20px;    }  }<\/style><style>  .section + .section {    margin-top: 35px;  }  .section-title {    text-align: center;    font-weight: bold;    color: #0d1111;    font-family: \"Arial\";    font-size: 32px;    margin: 15px 0;  }  .section-title:empty {    display: none;  }  .section-desc {    text-align: center;    font-weight: normal;    color: #0d1111;    margin-top: 20px;  }  .section-desc:empty {    display: none;  }  .section-img {    width: 1200px;    height: 492px;    margin: 0 auto;    display: block;  }  .section-img.small {    width: 970px;    height: auto;  }  .section-img.small > img {    height: auto;  }  .section-img > img {    width: 100%;    height: 100%;  }  .section-mobile-img {    display: none;    max-width: 100vw;    max-height: 75vw;    height: 450px;    margin: 0 auto;  }  .section-mobile-img > img {    width: 100%;    height: 100%;  }  @media screen and (max-width: 960px) and (orientation: portrait) {    .container {      width: 100%;    }    .container.small {      width: 100%;    }    .section-mobile-img {      display: block;    }    .section-img {      display: none;    }    .section-title {      font-size: 22px;      margin: 10px 0;    }    .section-desc {      margin-top: 10px;    }    .section + .section {      margin-top: 20px;    }  }<\/style><\/head><body><div class=\"container small\"><div class=\"logo\"><div class=\"pc-banner small\"><div><img decoding=\"async\" src=\"\/vevor\/vevor\/boutique-banner\/pc\/en-pc@1x.jpg\" style=\"width: 100%;\" \/><\/div><\/div><div class=\"m-banner\"><div><img decoding=\"async\" src=\"\/vevor\/vevor\/boutique-banner\/mobile\/en-m@1x.jpg\" style=\"width: 100%;\" \/><\/div><\/div><\/div><div class=\"section-title\">VEVOR sniega \u0137\u0113des \u2014 ziemas brauk\u0161anas dro\u0161\u012bbas sargs<\/div><div class=\"video-section\"><div class=\"video-section-img-pc small\"><img decoding=\"async\" src=\"\/vevor\/product\/XDLTOZ1NO120X97ZH\/snow-chains-a100-1.4-pt.jpg\" \/><\/div><div class=\"video-section-img-m\"><img decoding=\"async\" src=\"\/vevor\/product\/XDLTOZ1NO120X97ZH\/snow-chains-a100-1.4-pt.jpg\" \/><\/div><div class=\"section-desc\">M\u016bsu sniega \u0137\u0113des ir paredz\u0113tas vieglaj\u0101m automa\u0161\u012bn\u0101m, apvidus automa\u0161\u012bn\u0101m un kravas automa\u0161\u012bn\u0101m. L\u016bdzu, izm\u0113riet riepu platumu, lai nodro\u0161in\u0101tu pareizu uzst\u0101d\u012b\u0161anu, un p\u0101rliecinieties, ka sniega \u0137\u0113des ir p\u0113c iesp\u0113jas cie\u0161\u0101k pievilktas dro\u0161\u012bbas un iztur\u012bbas labad.<\/div><\/div><div class=\"section\"><div class=\"section-title\"><\/div><div class=\"section-img small\"><img decoding=\"async\" src=\"\/vevor\/product\/XDLTOZ1NO120X97ZH\/snow-chains-a100-2.2-pt.jpg\" \/><\/div><div class=\"section-mobile-img\"><img decoding=\"async\" src=\"\/vevor\/product\/XDLTOZ1NO120X97ZH\/snow-chains-a100-2.2-pt.jpg\" \/><\/div><div class=\"section-desc\">P\u0113c sniega rite\u0146u \u0137\u0113\u017eu uzst\u0101d\u012b\u0161anas, l\u016bdzu, brauciet ar \u0101trumu, kas nep\u0101rsniedz 30 km\/h (18,6 j\u016bdzes stund\u0101). P\u0101rtrauciet lieto\u0161anu, ja \u0137\u0113d\u0113m ir p\u0101rm\u0113r\u012bga nodiluma vai l\u016bzuma paz\u012bmes.<\/div><\/div><div class=\"section\"><div class=\"section-title\"><\/div><div class=\"section-img small\"><img decoding=\"async\" src=\"\/vevor\/product\/XDLTOZ1NO120X97ZH\/snow-chains-a100-2.3-pt.jpg\" \/><\/div><div class=\"section-mobile-img\"><img decoding=\"async\" src=\"\/vevor\/product\/XDLTOZ1NO120X97ZH\/snow-chains-a100-2.3-pt.jpg\" \/><\/div><div class=\"section-desc\">\u0160\u012bs riepu \u0137\u0113des var \u0101tri uzst\u0101d\u012bt bez domkrata, padarot t\u0101s par praktisku risin\u0101jumu ziemas brauk\u0161anas \u0101rk\u0101rtas situ\u0101cij\u0101s.<\/div><\/div><div class=\"section\"><div class=\"section-title\"><\/div><div class=\"section-img small\"><img decoding=\"async\" src=\"\/vevor\/product\/XDLTOZ1NO120X97ZH\/snow-chains-a100-2.4-pt.jpg\" \/><\/div><div class=\"section-mobile-img\"><img decoding=\"async\" src=\"\/vevor\/product\/XDLTOZ1NO120X97ZH\/snow-chains-a100-2.4-pt.jpg\" \/><\/div><div class=\"section-desc\">\u0160\u012bs tro\u0161u riepu \u0137\u0113des, kas izgatavotas no augstas stipr\u012bbas mang\u0101na sakaus\u0113juma t\u0113rauda, \u200b\u200bir \u013coti iztur\u012bgas, iztur\u012bgas pret nodilumu un l\u016bzumiem, nodro\u0161inot ilgsto\u0161u lieto\u0161anu uz sniega.<\/div><\/div><div class=\"section\"><div class=\"section-title\"><\/div><div class=\"section-img small\"><img decoding=\"async\" src=\"\/vevor\/product\/XDLTOZ1NO120X97ZH\/snow-chains-a100-2.5-pt.jpg\" \/><\/div><div class=\"section-mobile-img\"><img decoding=\"async\" src=\"\/vevor\/product\/XDLTOZ1NO120X97ZH\/snow-chains-a100-2.5-pt.jpg\" \/><\/div><div class=\"section-desc\">\u0160\u012bs riepu sniega \u0137\u0113des nodro\u0161ina lielisku sa\u0137eri ar sniegu un ledu, saglab\u0101jot stabilu st\u016br\u0113\u0161anu un vad\u0101m\u012bbu, vienlaikus efekt\u012bvi p\u0101rbraucot ledu.<\/div><\/div><div class=\"section\"><div class=\"section-img small\"><img decoding=\"async\" src=\"\/vevor\/product\/XDLTOZ1NO120X97ZH\/snow-chains-a100-1.11-pt.jpg\" \/><\/div><div class=\"section-mobile-img\"><img decoding=\"async\" src=\"\/vevor\/product\/XDLTOZ1NO120X97ZH\/snow-chains-a100-1.11-pt.jpg\" \/><\/div><\/div><\/div><\/body><\/html><\/div>\n<div class=\"DM_at-title\" id=\"js-DM_at-title\"> <div>Produkta specifik\u0101cija<\/div> <i class=\"icon-arrowup_line\"><\/i> <\/div><div class=\"DM_at-goodsDescAttr\" id=\"js-DM_at-goodsDescAttr\"> <div class=\"DM_at-goodsDescAttrInner\"> <dl class=\"goodsDesc_item goodsDesc_item_even\"> <dt>Produkta modelis<\/dt> <dd> SO2-KNS120<\/dd> <\/dl> <dl class=\"goodsDesc_item\"> <dt>Riepu izm\u0113ri<\/dt> <dd> 225\/70-15\uff1b235\/60-16\uff1b235\/50-18\uff1b245\/45-18\uff1b245\/45-17<\/dd> <\/dl> <dl class=\"goodsDesc_item goodsDesc_item_even\"> <dt>Daudzums<\/dt> <dd> 2<\/dd> <\/dl> <dl class=\"goodsDesc_item\"> <dt>Materi\u0101ls<\/dt> <dd> Mang\u0101na le\u0123\u0113tais t\u0113rauds<\/dd> <\/dl> <dl class=\"goodsDesc_item goodsDesc_item_even\"> <dt>\u0160\u0137\u0113rsgriezuma izm\u0113ri<\/dt> <dd> 3 x 2,5 mm<\/dd> <\/dl> <dl class=\"goodsDesc_item\"> <dt>\u0160\u0137\u0113rsgriezuma diametrs<\/dt> <dd> \u03a62,8 mm<\/dd> <\/dl> <dl class=\"goodsDesc_item goodsDesc_item_even\"> <dt>Virsma<\/dt> <dd> Dzeltens pulverkr\u0101sojums<\/dd> <\/dl> <dl class=\"goodsDesc_item\"> <dt>Neto Svars<\/dt> <dd> 6,7 m\u0101rci\u0146as \/ 3,04 kg (ieskaitot visus piederumus)<\/dd> <\/dl> <dl class=\"goodsDesc_item goodsDesc_item_even\"> <dt>Produkta Izm\u0113ri<\/dt> <dd> 66,9 x 16,5 x 0,4 collas\/1700 x 420 x 9,6 mm (stiep\u013cu garums (ieskaitot galus) x kop\u0113jais p\u0101rejas \u0137\u0113des garums x p\u0101rejas \u0137\u0113des platums)<\/dd> <\/dl> <\/div> <\/div>","protected":false},"excerpt":{"rendered":"<ul>\n<li> Sabiezin\u0101ts mang\u0101na sakaus\u0113juma t\u0113rauds: \u0160\u012bs sniega \u0137\u0113des ir izgatavotas no mang\u0101na sakaus\u0113juma t\u0113rauda, \u200b\u200bun t\u0101s ir iztur\u012bgas un nodilumiztur\u012bgas. T\u0101s ir paredz\u0113tas \u0101rk\u0101rt\u0113jam aukstumam, saglab\u0101 iztur\u012bbu un ret\u0101k l\u016bzt sniega apst\u0101k\u013cos. <\/li>\n<li> Izcila sa\u0137ere un vilkme: Ide\u0101li piem\u0113rota brauk\u0161anai \u0101rk\u0101rtas situ\u0101cij\u0101s pa sniegu un ledu, riepu \u0137\u0113des strukt\u016bra nodro\u0161ina sp\u0113c\u012bgu pretsl\u012bdes veiktsp\u0113ju. T\u0101 efekt\u012bvi uzlabo sa\u0137eri, \u0101tri p\u0101rlau\u017e ledu un nodro\u0161ina stabilu brauk\u0161anu ar minim\u0101lu vibr\u0101ciju un troksni. <\/li>\n<li> Riepu izm\u0113ru sader\u012bba: \u0160\u012bs sniega \u0137\u0113des ir sader\u012bgas ar \u0161\u0101diem riepu izm\u0113riem: 225\/70-15\uff1b235\/60-16\uff1b235\/50-18\uff1b245\/45-18\uff1b245\/45-17. L\u016bdzu, p\u0101rbaudiet riepu izm\u0113ru, lai nodro\u0161in\u0101tu sader\u012bbu, un uzst\u0101diet \u0137\u0113des p\u0113c iesp\u0113jas cie\u0161\u0101k, lai nodro\u0161in\u0101tu optim\u0101lu veiktsp\u0113ju. <\/li>\n<li> Manu\u0101la pievilk\u0161ana stingrai piegul\u0161anai: Apr\u012bkota ar manu\u0101lu pievilk\u0161anas ier\u012bci, lai noregul\u0113tu \u0137\u0113des dro\u0161ai piegul\u0161anai, nodro\u0161inot to notur\u0113\u0161anu viet\u0101. Daudzfunkcion\u0101l\u0101 fiks\u0101cijas sist\u0113ma \u013cauj viegli uzst\u0101d\u012bt bez domkrata. <\/li>\n<li> Dro\u0161as brauk\u0161anas padomi: Lai ziem\u0101 brauktu dro\u0161i, p\u0113c uzst\u0101d\u012b\u0161anas ieteicams braukt l\u0113ni, ne vair\u0101k k\u0101 30 km\/h (18,6 j\u016bdzes stund\u0101). Lai nodro\u0161in\u0101tu optim\u0101lu veiktsp\u0113ju un dro\u0161\u012bbu, izvairieties no p\u0113k\u0161\u0146as bremz\u0113\u0161anas vai strauja pa\u0101trin\u0101juma. <\/li>\n<\/ul>","protected":false},"featured_media":340288,"comment_status":"closed","ping_status":"open","template":"","meta":{"om_disable_all_campaigns":false,"_monsterinsights_skip_tracking":false,"_monsterinsights_sitenote_active":false,"_monsterinsights_sitenote_note":"","_monsterinsights_sitenote_category":0,"_uf_show_specific_survey":0,"_uf_disable_surveys":false},"location":[1935,1934],"product_brand":[21],"product_cat":[2483,2365,3488,4512],"product_tag":[],"class_list":{"0":"post-54981","1":"product","2":"type-product","3":"status-publish","4":"has-post-thumbnail","6":"location-supplier_stock_location","7":"location-local_stock_location","8":"product_brand-vevor","9":"product_cat-outdoor-power-equipment-outdoors","10":"product_cat-outdoors","11":"product_cat-snow-removal-equipment","12":"product_cat-tire-chains","14":"first","15":"outofstock","16":"taxable","17":"shipping-taxable","18":"purchasable","19":"product-type-simple"},"aioseo_notices":[],"jetpack_sharing_enabled":true,"locations":[{"id":1935,"name":"Pieg\u0101d\u0101ja noliktav\u0101 (5-7dd.d)","slug":"supplier_stock_location","quantity":"0"},{"id":1934,"name":"R\u012bgas veikal\u0101 (0-2d.d.)","slug":"local_stock_location","quantity":"0"}],"_links":{"self":[{"href":"https:\/\/vevorshop.lv\/lv\/wp-json\/wp\/v2\/product\/54981","targetHints":{"allow":["GET"]}}],"collection":[{"href":"https:\/\/vevorshop.lv\/lv\/wp-json\/wp\/v2\/product"}],"about":[{"href":"https:\/\/vevorshop.lv\/lv\/wp-json\/wp\/v2\/types\/product"}],"replies":[{"embeddable":true,"href":"https:\/\/vevorshop.lv\/lv\/wp-json\/wp\/v2\/comments?post=54981"}],"wp:featuredmedia":[{"embeddable":true,"href":"https:\/\/vevorshop.lv\/lv\/wp-json\/wp\/v2\/media\/340288"}],"wp:attachment":[{"href":"https:\/\/vevorshop.lv\/lv\/wp-json\/wp\/v2\/media?parent=54981"}],"wp:term":[{"taxonomy":"location","embeddable":true,"href":"https:\/\/vevorshop.lv\/lv\/wp-json\/wp\/v2\/location?post=54981"},{"taxonomy":"product_brand","embeddable":true,"href":"https:\/\/vevorshop.lv\/lv\/wp-json\/wp\/v2\/product_brand?post=54981"},{"taxonomy":"product_cat","embeddable":true,"href":"https:\/\/vevorshop.lv\/lv\/wp-json\/wp\/v2\/product_cat?post=54981"},{"taxonomy":"product_tag","embeddable":true,"href":"https:\/\/vevorshop.lv\/lv\/wp-json\/wp\/v2\/product_tag?post=54981"}],"curies":[{"name":"wp","href":"https:\/\/api.w.org\/{rel}","templated":true}]}}