{"id":55085,"date":"2024-11-20T02:46:35","date_gmt":"2024-11-20T02:46:35","guid":{"rendered":"http:\/\/vevorshop.edigo.lv\/Prece\/vevor-air-compressor-compact-portable-oil-free-compressor-20-gallon-90-psi\/"},"modified":"2026-04-09T06:33:08","modified_gmt":"2026-04-09T03:33:08","slug":"vevor-air-compressor-compact-portable-oil-free-compressor-20-gallon-90-psi","status":"publish","type":"product","link":"https:\/\/vevorshop.lv\/lv\/Prece\/vevor-gaisa-kompresors-kompakts-parnesajams-bez-ellas-kompresors-20-galonu-90-psi\/","title":{"rendered":"VEVOR 75L bez e\u013c\u013cas gaisa kompresors, 3kW 10.6 CFM@6.2 Bar, max 8.6 Bar, 78dB kluss, p\u0101rn\u0113s\u0101jams t\u0113rauda tvertnes kompresors auto remontam"},"content":{"rendered":"<div style=\"color: #fff!important; font-size: 16px; height: 24px; line-height: 24px; margin-top: -24px; \" class=\"product_original_name\">VEVOR gaisa kompresors, 20 galonu t\u0113rauda tvertne, 4HP 10,6 CFM@90 PSI beze\u013c\u013cas gaisa kompresors un maks. 125PSI spiediens, 78dB \u012bpa\u0161i kluss p\u0101rn\u0113s\u0101jams kompresors, autom\u0101tiskam remontam, riepu piep\u016b\u0161anai, izsmidzin\u0101\u0161anas kr\u0101so\u0161anai<\/div>\n<div style=\"color: #fff!important; font-size: 16px; height: 24px; line-height: 24px; margin-top: -24px; \" class=\"product_sku\">M4I4MB6I<\/div>\n<div style=\"color: #fff!important; font-size: 16px; height: 24px; line-height: 24px; margin-top: -24px; \" class=\"product_mpn\">WYWSKYJ75L30L2754V2<\/div><div id=\"js-DM_at-goodDescRich\"><html><head><style>  body {    font-family: Arial;    line-height: 1.5;    color: #1c1c1c;    overflow-x: hidden;    margin: 0;    padding: 0;  }  .MsoNormal b {    font-weight: bolder;  }<\/style><style>  .container.small {    width: 970px;    margin: 0 auto;  }  .logo {    margin: 0 auto 0;  }  .logo img {    display: block;    margin: 0 auto;    max-width: 100%;  }  .logo .pc-banner {    display: block;    width: 1200px;    height: 247.4px;    margin: 0 auto;  }  .logo .pc-banner.small {    width: 970px;  }  .logo .pc-banner.small img {    height: auto!important;  }  .logo .m-banner {    display: none;  }  .ytvideo {    position: relative;    height: 546px;    width: 100%;    margin: 0 auto;  }  .ytvideo img {    width: 100%;    margin: 0 auto;  }  .ytvideo .play-btn {    width: 60px;    height: 42px;    position: absolute;    top: 50%;    left: 50%;    transform: translate(-50%, -50%);    background: url(\"data:image\/png;base64,iVBORw0KGgoAAAANSUhEUgAAAGQAAABGCAMAAAANWMFbAAAC+lBMVEUAAADBGB3kLCfBGB3kLCfcJC7BFx3KKSbiKybkLCbWJCPSIiLSIiLPICHAFx3kLCfgKSXNHiDZJiTIGx\/p4eHcjo7LHSDbJyTkLCbjKyfOHyHPIiL28fHJHB\/GGh7EGR7eKCXDGB3RISHlLSbBGB3AFxzGHB7DGB7BGB3hKybkKybAFx3lLCfAFxzDGR3hKibDGB7cJyTmz8\/elJTlwcHjurrUIyLlLSflLSfAFx3DGR7lLSfCFx3hKibhKibhKybjKybkLCblLSfbJSX49vbx7e3NNzjNMTLMJyjVIyLZf3\/ZQ0LaeHjx0tLgoqLkLCfCGB3HGx\/BGB3BFx3PICHCGB7WJCLOHyC\/Fxy\/Fx3lLCfQISHkLSe\/FxzbJiTBFx3FGx\/AGB7BFx3EGR7AGB3HHSDfKiXAFh3TISHYNzbhKibbJyTTIiL57e325+f039\/v2NjUV1fOHiHiqanfmprch4feKSXVIyPOICHmLibFGh\/mLSe\/Fx7XJCPeKSXXJSPNHyHaJyTGGh7lLCbmLCflLSjSIiLkLCbdKSXLHiC\/GB3KHh++Fh3lKyfoLiXcKCPkx8fYb2\/XaGfVXl3aU1LLHiDksbHgKibPICHbJyTfKSXbJyTCGB3KHSDiKybFGh7TIiL\/\/\/\/VIyPRISHIHB\/GGx\/HHB\/DGR7gKibdKCXLHiDZJiTMHiDNHyHYJSTOICHPICHWJCPcKCXXJSPjLCblLCf+\/f3NGR\/uLijzLynPGR\/IGB7WISHaIyLLGh7UAADxLynNAADRLzDbICLQAADIAAD3MCrUHSHXMTDpKSbLAADp5OTij4\/ejo\/VLy\/1LyngJSTcJCPQHx\/OHB7+\/PzaMS\/OLS\/vLijrLSjSAADaNTPwLyjkKSbNJCbYISHPHB\/KGB7WAAD7+vrn3d3aKynTKCjoLCfsKifRGh\/YAADq5+fhjo7QNDXXKCfmJyXt5+fTLzDLLi\/QKivYHRvMGBrQJCXLISPMExXLDxLaEAvkkI\/bOTfaFQ\/SCgpvLcnHAAAAmnRSTlMA+vv7+gT9Bvf9+8z8\/NSv\/Pr5+P7++vnQIBMP\/v38\/Pn348XDiCYf9OjbzcqxXVcx\/fz8+\/rj1r2poo1+fXFqX0orGP7+\/v7+\/fz8+\/r68uzn4trIxsG\/vri3p6GcmZSNbWVYUUZEPQv+\/f39+\/v7+\/v7+vr64tvV1NTTz87FtbSurqeblJKFg4B3bUY+NjL7+\/v7+\/v67t1cDo8JLQAABkRJREFUWMO0kz9rwkAYh0OIeJkum6YugUAhISCdKoj\/P4C7SMdS+gEKIhSKil10LSg4mzXkILdlEpxCpwTiWOLX6BujvQaEQuGeHLnL+\/64J+SIcKGYTYWnntpdLjrVdqvZmNdn0+EE40GtpuuWVS6Xx6N7YDSGpWXpeq02wHgynM7q80az1a52HpddtVcpsi1zFARBrdaxbhp9iUReTGmwA4KAAr7vx3EYejnCMI6hQYEgy0LQi4jUN0wL19vqFcUC9\/1dAKmEEFkWRYkh5oBejnxQJiSJPJ\/uKBp0Thszx9Mw8hMRIQjKsptCfuES9zr5WJY6vSFCIvE9fCMUmEM1A1kSXcYGxgVYsvI1IPKTZciSTI0us\/SMGG04gDzELDoFBwdcFJrF88dqgYMTiL6DILWYyfOWE8\/kIz38olCNlC03FK95+imxp6y4oUSvAnBjHHhKNtotSDqJzVFiK8c2SBqhZtsrTtgrLXwAyduxZHNE26eHUt5rtuM4WSmds3G+sUdWYo1L+XyxButoh5eKUHk5lByO3G1LqqCWVnfrv\/lyPtf\/4ps1cndNGIri8J1TJ0lx6dR\/oPjq1nbRwdp2dCk4CtIOLW3pVKRL6WZfS5vF2KkIQhpwSsjiYIgNCs1gEMGqiIq24NQX9NwoXFy8Ufrl3twTcg4fv8T9\/JBEySduj6Mjm4bMzYV7EEOxKjjoNDud7yY3Dy71Hq2oLmqfbNR723edH9PgMrNL2utoQ3VmaIDkiw\/4w51P06hlZsTZvkRrbVuSIs\/zwSOsycgzStQouoAkWQqioRT5XI7n2Z1wfVhoZmcAJLsoqjqpjbWCgpOAJXBwHK8PzWbNvoUZJND5wCnSkLAkZ1legx6vqQzjoiTahKlGUGLAiIIoABOHaNVw4sexZBym6\/HWlH5h3IC7yRbxtipcWxdTOkORKiNQAEkFf66x5S2oeRbroOlLgg0sSYkR0hRGEqJZ0jTPiQKatESdBckpWigxaapEH0lImHdWu9pUFF2XqMNM2Z4kped7IwEJw2qabwtrQqnpw6HyKkgcadKWsmpywwesDyIhYRpdzXddqegtGIJlXbAIUMOLkGxJUjRIkokwjUaX9d\/kK62ps\/tYUqZLIMkLTyBhsMZ3C5Z\/kDxOSCb\/DOs\/\/J0qcWSX\/2ipe56EgTCA4\/cB7NAYOsni4mZM1MUPAISoEwkDi4lhVBQ1cWQyIcwalw4EpqZN68JUSK7XC0kTlkLYii5uXSC8jT5ncCAS7mjCv0uHp\/3lueHEEAeQ\/\/VgmdN71\/2uCSA1Xr6DO6uI6sW56zqT2tp2PhgiRUAajV8CY2fkcz6WGNKMgLAt7tJAhD4YHMTeRxlALE6+43WqjSWi8ITxyJl8WrwWSNESQZZOqhDDntO3hJLsd5RtSpbJqdv3YrDJH3F7jL1R2O2aQkn2MyCyKYz0GPGIvSAMgBCrCEiJyKbBaYGwLW4uPRr0A0M4Ux5kUI7IBh+hMdiCEWNqhMZGyYMsOgNE58UQuEQeUnSWCMYwL54hkxK6IoqucQZbQ3pc3XtL0lky1dL0zZJJDpWJovFqpWj6JEHnyam2eQp5QRVAVHjWparTOaVwUOx99YS2MvgxIGV0bb+qIg2HX2qkFFJB+XZcbLiuRkuxD9GRroKyveLxdh4d7Orx+hb7qc3uVRuEogCOnyIxm4ubUoPgF4jianDrC+SDQDKEfJb0GUKmjCGPYHGJvVC6X4hw1\/sAfQAdfYyephIaspXe36RwOP+Ljvfx9B6B3i+Nk0DGq+oCbLn6JpBa9nWAveAIHwFAwtVcIJXPMPL8kRu5OAYPMaL1WScTxjiZDqB9LTJSWphow\/pTYKRTLjCBhvi9iBidvKcDasGSm0QQkycYuLBqj6QCELPctqChDWpTRMWkngNNpQ1Pfp1KkiT\/Y0DGffXAweUNfLAfaJFKDwhb6I+bkYRbkERoEeu3Fyjg2opMz2daZCS9jt6Q7txNfB+OZEVF6Zl5web2xunnLQrtrjXseXKaFYziYINeMFZVxS9VxRhOoesYwxPKXm+gWLG9cuFeq93UNNeJNsf1KlwuDok9n02n3TgIJpOxNfL9naIoQwXtfH9kjceTIIi709ncTg6LZbg+biLH1V6u\/7rxBem06VXKn9raAAAAAElFTkSuQmCC\")      no-repeat center center \/ contain;  }  @media screen and (max-width: 960px) and (orientation: portrait) {    .logo {      width: 100%;    }    .logo .pc-banner {      display: none;    }    .logo .m-banner {      display: block;      width: 100%;    }    .logo .m-banner img {      height: auto!important;    }    .ytvideo {      height: 200px;      width: 100%;    }  }<\/style><style>  .video-section {    width: 100%;    margin: 0 auto;  }  .video-section > img {    width: 100%;  }  .video-section iframe,  .video-section video {    width: 100%;    height: 100%;      }  .video-section-img-m,  .video-section-img-pc > img {    width: 100%;    height: auto;  }  .video-section-img-pc.small > img {    width: 970px;  }  .video-desc {    line-height: 1.5;    font-size: 20px;    font-weight: 400;    margin: 20px 0;    text-align: center;    color: #0f1111;    word-break: break-word;  }  @media screen and (max-width: 960px) and (orientation: portrait) {    .video-section {      width: 100%;    }    .video-section-pc,    .video-section-img-pc {      display: none;    }    .video-section-m,    .video-section-img-m {      display: block;    }    .video-desc {      font-size: 15px;    }  }  @media screen and (min-width: 960px) {    .video-section {      width: 100%;      margin: 0 auto;    }    .video-section-pc,    .video-section-img-pc {      display: block;    }    .video-section-m,    .video-section-img-m {      display: none;    }    .video-desc {      font-size: 20px;    }  }<\/style><style>  .section + .section {    margin-top: 35px;  }  .section-title {    text-align: center;    font-weight: bold;    color: #0d1111;    font-family: \"Arial\";    font-size: 32px;    margin: 15px 0;  }  .section-title:empty {    display: none;  }  .section-desc {    text-align: center;    font-weight: normal;    color: #0d1111;    margin-top: 20px;  }  .section-desc:empty {    display: none;  }  .section-img {    width: 1200px;    height: 492px;    margin: 0 auto;    display: block;  }  .section-img.small {    width: 970px;    height: auto;  }  .section-img.small > img {    height: auto;  }  .section-img > img {    width: 100%;    height: 100%;  }  .section-mobile-img {    display: none;    max-width: 100vw;    max-height: 75vw;    height: 450px;    margin: 0 auto;  }  .section-mobile-img > img {    width: 100%;    height: 100%;  }  @media screen and (max-width: 960px) and (orientation: portrait) {    .container {      width: 100%;    }    .container.small {      width: 100%;    }    .section-mobile-img {      display: block;    }    .section-img {      display: none;    }    .section-title {      font-size: 22px;      margin: 10px 0;    }    .section-desc {      margin-top: 10px;    }    .section + .section {      margin-top: 20px;    }  }<\/style><\/head><body><div class=\"container small\"><div class=\"logo\"><div class=\"pc-banner small\"><div><img decoding=\"async\" src=\"\/vevor\/vevor\/boutique-banner\/pc\/en-pc@1x.jpg\" style=\"width: 100%;\" \/><\/div><\/div><div class=\"m-banner\"><div><img decoding=\"async\" src=\"\/vevor\/vevor\/boutique-banner\/mobile\/en-m@1x.jpg\" style=\"width: 100%;\" \/><\/div><\/div><\/div><div class=\"section-title\">Jaud\u012bgs horizont\u0101lais gaisa kompresors<\/div><div class=\"video-section\"><div class=\"video-section-img-pc small\"><img decoding=\"async\" src=\"\/vevor\/product\/WYWSKYJ75L30L2754\/stationary-air-compressor-a100-1.4-pt.jpg\" \/><\/div><div class=\"video-section-img-m\"><img decoding=\"async\" src=\"\/vevor\/product\/WYWSKYJ75L30L2754\/stationary-air-compressor-a100-1.4-pt.jpg\" \/><\/div><div class=\"section-desc\">\u0160im horizont\u0101lajam gaisa kompresoram ir 4 ZS beze\u013c\u013cas motors, kas nodro\u0161ina pietiekamu jaudu, lai apmierin\u0101tu da\u017e\u0101du pneimatisko instrumentu pras\u012bbas. Tas pied\u0101v\u0101 pietiekamu gaisa un jaudas atbalstu naglo\u0161anas, kr\u0101so\u0161anas un citiem darbiem.<\/div><\/div><div class=\"section\"><div class=\"section-title\"><\/div><div class=\"section-img small\"><img decoding=\"async\" src=\"\/vevor\/product\/WYWSKYJ75L30L2754\/stationary-air-compressor-a100-2.2-pt.jpg\" \/><\/div><div class=\"section-mobile-img\"><img decoding=\"async\" src=\"\/vevor\/product\/WYWSKYJ75L30L2754\/stationary-air-compressor-a100-2.2-pt.jpg\" \/><\/div><div class=\"section-desc\">\u0160is horizont\u0101lais gaisa kompresors ir apr\u012bkots ar 20 galonu ietilp\u012bgu gaisa tvertni, kas nodro\u0161ina pietiekamu gaisa rezervi. Tas garant\u0113 nep\u0101rtrauktu un stabilu gaisa padevi ilgu un intens\u012bvu darba sesiju laik\u0101.<\/div><\/div><div class=\"section\"><div class=\"section-title\"><\/div><div class=\"section-img small\"><img decoding=\"async\" src=\"\/vevor\/product\/WYWSKYJ75L30L2754\/stationary-air-compressor-a100-2.3-pt.jpg\" \/><\/div><div class=\"section-mobile-img\"><img decoding=\"async\" src=\"\/vevor\/product\/WYWSKYJ75L30L2754\/stationary-air-compressor-a100-2.3-pt.jpg\" \/><\/div><div class=\"section-desc\">\u0160\u012b gaisa kompresora tvertne ir piem\u0113rota da\u017e\u0101diem pielietojumiem. Neatkar\u012bgi no t\u0101, vai tas ir paredz\u0113ts m\u0101jas &#034;dari pats&#034; projektiem, profesion\u0101lu darbn\u012bcu uzdevumiem vai citiem r\u016bpnieciskiem m\u0113r\u0137iem, t\u0101 nodro\u0161ina uzticamu gaisa padevi. T\u0101s daudzpus\u012bba un augst\u0101 efektivit\u0101te padara to par ide\u0101lu izv\u0113li da\u017e\u0101d\u0101m darba vid\u0113m.<\/div><\/div><div class=\"section\"><div class=\"section-title\"><\/div><div class=\"section-img small\"><img decoding=\"async\" src=\"\/vevor\/product\/WYWSKYJ75L30L2754\/stationary-air-compressor-a100-2.4-pt.jpg\" \/><\/div><div class=\"section-mobile-img\"><img decoding=\"async\" src=\"\/vevor\/product\/WYWSKYJ75L30L2754\/stationary-air-compressor-a100-2.4-pt.jpg\" \/><\/div><div class=\"section-desc\">Pateicoties uzlabotajai \u0101tr\u0101s dzes\u0113\u0161anas konstrukcijai, \u0161is \u012bpa\u0161i klusais kompresors efekt\u012bvi samazina darba temperat\u016bru un pagarina iek\u0101rtu kalpo\u0161anas laiku. T\u0101 efekt\u012bv\u0101 dzes\u0113\u0161anas sist\u0113ma nodro\u0161ina stabilu veiktsp\u0113ju ilgsto\u0161a nep\u0101rtraukta darba laik\u0101, nov\u0113r\u0161ot izsl\u0113g\u0161anos un boj\u0101jumus p\u0101rkar\u0161anas d\u0113\u013c.<\/div><\/div><div class=\"section\"><div class=\"section-title\"><\/div><div class=\"section-img small\"><img decoding=\"async\" src=\"\/vevor\/product\/WYWSKYJ75L30L2754\/stationary-air-compressor-a100-2.5-pt.jpg\" \/><\/div><div class=\"section-mobile-img\"><img decoding=\"async\" src=\"\/vevor\/product\/WYWSKYJ75L30L2754\/stationary-air-compressor-a100-2.5-pt.jpg\" \/><\/div><div class=\"section-desc\">P\u0101rkar\u0161anas aizsargs autom\u0101tiski atsl\u0113dz str\u0101vas padevi, ja temperat\u016bra ir p\u0101r\u0101k augsta. P\u0101rslodzes aizsargs nodro\u0161ina aizsardz\u012bbu, ja str\u0101va ir p\u0101r\u0101k augsta. Dro\u0161\u012bbas v\u0101rsts autom\u0101tiski atbr\u012bvo spiedienu, ja tas ir p\u0101r\u0101k augsts. \u0160ie dizaini lietot\u0101jiem pied\u0101v\u0101 uzticamu pieredzi.<\/div><\/div><div class=\"section\"><div class=\"section-img small\"><img decoding=\"async\" src=\"\/vevor\/product\/WYWSKYJ75L30L2754\/stationary-air-compressor-a100-1.11-pt.jpg\" \/><\/div><div class=\"section-mobile-img\"><img decoding=\"async\" src=\"\/vevor\/product\/WYWSKYJ75L30L2754\/stationary-air-compressor-a100-1.11-pt.jpg\" \/><\/div><\/div><\/div><\/body><\/html><\/div>\n<div class=\"DM_at-title\" id=\"js-DM_at-title\"> <div>Produkta specifik\u0101cija<\/div> <i class=\"icon-arrowup_line\"><\/i> <\/div><div class=\"DM_at-goodsDescAttr\" id=\"js-DM_at-goodsDescAttr\"> <div class=\"DM_at-goodsDescAttrInner\"> <dl class=\"goodsDesc_item goodsDesc_item_even\"> <dt>Preces Mode\u013ca Numurs<\/dt> <dd> FB1500D0-20C80<\/dd> <\/dl> <dl class=\"goodsDesc_item\"> <dt>Tvertnes Tilpums<\/dt> <dd> 20 galoni \/ 75 l<\/dd> <\/dl> <dl class=\"goodsDesc_item goodsDesc_item_even\"> <dt>Jauda<\/dt> <dd> 4 ZS<\/dd> <\/dl> <dl class=\"goodsDesc_item\"> <dt>Jauda<\/dt> <dd> 3 kW<\/dd> <\/dl> <dl class=\"goodsDesc_item goodsDesc_item_even\"> <dt>\u0100trums<\/dt> <dd> 1400 apgr.\/min<\/dd> <\/dl> <dl class=\"goodsDesc_item\"> <dt>Materi\u0101ls<\/dt> <dd> T\u0113rauda<\/dd> <\/dl> <dl class=\"goodsDesc_item goodsDesc_item_even\"> <dt>Pl\u016bsmas \u0100trums<\/dt> <dd> 10,6 CFM<\/dd> <\/dl> <dl class=\"goodsDesc_item\"> <dt>Maks. gaisa spiediens<\/dt> <dd> 125 PSI<\/dd> <\/dl> <dl class=\"goodsDesc_item goodsDesc_item_even\"> <dt>Aukst\u0101s pl\u016bsmas \u0101trums<\/dt> <dd> 10,6 SCFM pie 90 PSI<\/dd> <\/dl> <dl class=\"goodsDesc_item\"> <dt>Trok\u0161\u0146a l\u012bmenis<\/dt> <dd> \u226478dB<\/dd> <\/dl> <dl class=\"goodsDesc_item goodsDesc_item_even\"> <dt>Postenis Svars<\/dt> <dd> 134,7 m\u0101rci\u0146as \/ 61,1 kg<\/dd> <\/dl> <dl class=\"goodsDesc_item\"> <dt>Postenis Izm\u0113ra<\/dt> <dd> 35,4 x 16,9 x 28,7 collas \/ 900 x 430 x 730 mm<\/dd> <\/dl> <\/div> <\/div>","protected":false},"excerpt":{"rendered":"<ul>\n<li> 20 Galonu gaisa kompresors: M\u016bsu 3KW beze\u013c\u013cas motors darbina kompresoru l\u012bdz 1400 r\/min \u0101trumam un 10,6 CFM@ 90 PSI gaisa padevei.Tas ir ide\u0101li piem\u0113rots da\u017e\u0101du pneimatisko un gaisa instrumentu atbalstam, piem\u0113ram, naglu pistole, triecienatsl\u0113ga, smidzin\u0101\u0161anas pistole, pneimatiskais skr\u016bvgriezis, vislab\u0101k piem\u0113rots riepu piep\u016b\u0161anai, auto remontam, kr\u0101so\u0161anai ar aerosolu, koka izstr\u0101d\u0101jumu naglo\u0161anai utt. <\/li>\n<li> \u0100tra un efekt\u012bva piep\u016b\u0161ana: M\u016bsu beze\u013c\u013cas gaisa kompresors izmanto caurul\u012b\u0161u un cilindru iepl\u016bdes cauruli, efekt\u012bvi ietaupot laiku un p\u016bles. Iepl\u016bdes caurule ir izgatavota no augstas temperat\u016bras iztur\u012bga silikona un ner\u016bs\u0113jo\u0161\u0101 t\u0113rauda pinuma sieta ar dubultu aizsardz\u012bbu, lai samazin\u0101tu boj\u0101jumus un koroziju. <\/li>\n<li> Visa jauda bez trok\u0161\u0146a: M\u016bsu \u012bpa\u0161i klusais 78 dB zema decibelu l\u012bme\u0146a gaisa kompresors ir izgatavots ar kvalitat\u012bvu trok\u0161\u0146a sl\u0101p\u0113t\u0101ju. Katrs trok\u0161\u0146a sl\u0101p\u0113t\u0101js sast\u0101v no sabiezin\u0101ta trok\u0161\u0146a sl\u0101p\u0113t\u0101ja p\u0101rsega, gumijas trok\u0161\u0146a sl\u0101p\u0113t\u0101ja caurules un filtra kokvilnas. Tas ne tikai samazina troksni, bet ar\u012b efekt\u012bvi nov\u0113r\u0161 smalku putek\u013cu iek\u013c\u016b\u0161anu. <\/li>\n<li> Izstr\u0101d\u0101ts, lai Iztur\u0113tu: M\u016bsu elektriskais gaisa kompresors ir izgatavots no 3 sl\u0101\u0146u procesa: r\u016bsas un nodilumiztur\u012bgs sl\u0101nis, plastmasas pulvera stiprin\u0101juma sl\u0101nis un Q235B konstrukcijas t\u0113rauds, kas nodro\u0161ina iztur\u012bbu un maksim\u0101lu iztur\u012bbu pret r\u016bsu. Liels gult\u0146u spiediens un bez\u0161uvju metin\u0101\u0161anas konstrukcija nodro\u0161ina sp\u0113ju iztur\u0113t spr\u0101dzienus un nopl\u016bdes. <\/li>\n<li> Dro\u0161\u012bba ir pirmaj\u0101 viet\u0101: Gaisa kompresora tvertne ir apr\u012bkota ar lielu dzes\u0113\u0161anas ventilatoru un autom\u0101tisku p\u0101rkar\u0161anas aizsardz\u012bbu, lai nov\u0113rstu boj\u0101jumus. Turkl\u0101t, ja str\u0101va vai uzglab\u0101\u0161anas spiediens ir p\u0101r\u0101k augsts, kompresors autom\u0101tiski izsl\u0113gsies vai nodro\u0161in\u0101s spiediena samazin\u0101\u0161anas aizsardz\u012bbu. <\/li>\n<\/ul>","protected":false},"featured_media":340864,"comment_status":"closed","ping_status":"open","template":"","meta":{"om_disable_all_campaigns":false,"_monsterinsights_skip_tracking":false,"_monsterinsights_sitenote_active":false,"_monsterinsights_sitenote_note":"","_monsterinsights_sitenote_category":0,"_uf_show_specific_survey":0,"_uf_disable_surveys":false},"location":[1935,1934],"product_brand":[21],"product_cat":[2375,2415,3022,2374],"product_tag":[],"class_list":{"0":"post-55085","1":"product","2":"type-product","3":"status-publish","4":"has-post-thumbnail","6":"location-supplier_stock_location","7":"location-local_stock_location","8":"product_brand-vevor","9":"product_cat-air-compressor-tools","10":"product_cat-air-compressors-air-compressor-tools","11":"product_cat-hot-dog-air-compressors","12":"product_cat-tools","14":"first","15":"instock","16":"taxable","17":"shipping-taxable","18":"purchasable","19":"product-type-simple"},"aioseo_notices":[],"jetpack_sharing_enabled":true,"locations":[{"id":1935,"name":"Pieg\u0101d\u0101t\u0101ja noliktav\u0101 (5-7d.d.)","slug":"supplier_stock_location","quantity":"56"},{"id":1934,"name":"R\u012bgas veikal\u0101 (0-2d.d.)","slug":"local_stock_location","quantity":"0"}],"_links":{"self":[{"href":"https:\/\/vevorshop.lv\/lv\/wp-json\/wp\/v2\/product\/55085","targetHints":{"allow":["GET"]}}],"collection":[{"href":"https:\/\/vevorshop.lv\/lv\/wp-json\/wp\/v2\/product"}],"about":[{"href":"https:\/\/vevorshop.lv\/lv\/wp-json\/wp\/v2\/types\/product"}],"replies":[{"embeddable":true,"href":"https:\/\/vevorshop.lv\/lv\/wp-json\/wp\/v2\/comments?post=55085"}],"wp:featuredmedia":[{"embeddable":true,"href":"https:\/\/vevorshop.lv\/lv\/wp-json\/wp\/v2\/media\/340864"}],"wp:attachment":[{"href":"https:\/\/vevorshop.lv\/lv\/wp-json\/wp\/v2\/media?parent=55085"}],"wp:term":[{"taxonomy":"location","embeddable":true,"href":"https:\/\/vevorshop.lv\/lv\/wp-json\/wp\/v2\/location?post=55085"},{"taxonomy":"product_brand","embeddable":true,"href":"https:\/\/vevorshop.lv\/lv\/wp-json\/wp\/v2\/product_brand?post=55085"},{"taxonomy":"product_cat","embeddable":true,"href":"https:\/\/vevorshop.lv\/lv\/wp-json\/wp\/v2\/product_cat?post=55085"},{"taxonomy":"product_tag","embeddable":true,"href":"https:\/\/vevorshop.lv\/lv\/wp-json\/wp\/v2\/product_tag?post=55085"}],"curies":[{"name":"wp","href":"https:\/\/api.w.org\/{rel}","templated":true}]}}