{"id":55408,"date":"2024-11-20T03:33:56","date_gmt":"2024-11-20T03:33:56","guid":{"rendered":"http:\/\/vevorshop.edigo.lv\/Prece\/vevor-mid-size-ping-pong-table-foldable-table-tennis-game-table-indoor-with-net\/"},"modified":"2026-04-06T16:19:49","modified_gmt":"2026-04-06T13:19:49","slug":"vevor-mid-size-ping-pong-table-foldable-table-tennis-game-table-indoor-with-net","status":"publish","type":"product","link":"https:\/\/vevorshop.lv\/lv\/Prece\/vevor-videja-izmera-pingponga-galds-saliekams-galda-tenisa-spelu-galds-iekstelpas-ar-tiklu\/","title":{"rendered":"VEVOR Salok\u0101ms vid\u0113ja izm\u0113ra galda tenisa komplekts \u2013 152x66x71 cm iek\u0161telpu pingponga galds ar t\u012bklu, 2 raket\u0113m, 3 bumbi\u0146\u0101m, somu"},"content":{"rendered":"<div style=\"color: #fff!important; font-size: 16px; height: 24px; line-height: 24px; margin-top: -24px; \" class=\"product_original_name\">VEVOR galda tenisa galds, vid\u0113ja izm\u0113ra galda tenisa sp\u0113le, iek\u0161telpu MDF galda tenisa galds, salok\u0101ms p\u0101rn\u0113s\u0101jams galda tenisa galda komplekts ar t\u012bklu, 2 l\u0101psti\u0146as, 3 bumbi\u0146as, somi\u0146a, rokturis (nav nepiecie\u0161ama mont\u0101\u017ea)<\/div>\n<div style=\"color: #fff!important; font-size: 16px; height: 24px; line-height: 24px; margin-top: -24px; \" class=\"product_sku\">M4I4MCV3<\/div>\n<div style=\"color: #fff!important; font-size: 16px; height: 24px; line-height: 24px; margin-top: -24px; \" class=\"product_mpn\">DZDTZDPPQZ12L9WUBV0<\/div><div id=\"js-DM_at-goodDescRich\"><html><head><style>  body {    font-family: Arial;    line-height: 1.5;    color: #1c1c1c;    overflow-x: hidden;    margin: 0;    padding: 0;  }  .MsoNormal b {    font-weight: bolder;  }<\/style><style>  .container.small {    width: 970px;    margin: 0 auto;  }  .logo {    margin: 0 auto 0;  }  .logo img {    display: block;    margin: 0 auto;    max-width: 100%;  }  .logo .pc-banner {    display: block;    width: 1200px;    height: 247.4px;    margin: 0 auto;  }  .logo .pc-banner.small {    width: 970px;  }  .logo .pc-banner.small img {    height: auto!important;  }  .logo .m-banner {    display: none;  }  .ytvideo {    position: relative;    height: 546px;    width: 100%;    margin: 0 auto;  }  .ytvideo img {    width: 100%;    margin: 0 auto;  }  .ytvideo .play-btn {    width: 60px;    height: 42px;    position: absolute;    top: 50%;    left: 50%;    transform: translate(-50%, -50%);    background: url(\"data:image\/png;base64,iVBORw0KGgoAAAANSUhEUgAAAGQAAABGCAMAAAANWMFbAAAC+lBMVEUAAADBGB3kLCfBGB3kLCfcJC7BFx3KKSbiKybkLCbWJCPSIiLSIiLPICHAFx3kLCfgKSXNHiDZJiTIGx\/p4eHcjo7LHSDbJyTkLCbjKyfOHyHPIiL28fHJHB\/GGh7EGR7eKCXDGB3RISHlLSbBGB3AFxzGHB7DGB7BGB3hKybkKybAFx3lLCfAFxzDGR3hKibDGB7cJyTmz8\/elJTlwcHjurrUIyLlLSflLSfAFx3DGR7lLSfCFx3hKibhKibhKybjKybkLCblLSfbJSX49vbx7e3NNzjNMTLMJyjVIyLZf3\/ZQ0LaeHjx0tLgoqLkLCfCGB3HGx\/BGB3BFx3PICHCGB7WJCLOHyC\/Fxy\/Fx3lLCfQISHkLSe\/FxzbJiTBFx3FGx\/AGB7BFx3EGR7AGB3HHSDfKiXAFh3TISHYNzbhKibbJyTTIiL57e325+f039\/v2NjUV1fOHiHiqanfmprch4feKSXVIyPOICHmLibFGh\/mLSe\/Fx7XJCPeKSXXJSPNHyHaJyTGGh7lLCbmLCflLSjSIiLkLCbdKSXLHiC\/GB3KHh++Fh3lKyfoLiXcKCPkx8fYb2\/XaGfVXl3aU1LLHiDksbHgKibPICHbJyTfKSXbJyTCGB3KHSDiKybFGh7TIiL\/\/\/\/VIyPRISHIHB\/GGx\/HHB\/DGR7gKibdKCXLHiDZJiTMHiDNHyHYJSTOICHPICHWJCPcKCXXJSPjLCblLCf+\/f3NGR\/uLijzLynPGR\/IGB7WISHaIyLLGh7UAADxLynNAADRLzDbICLQAADIAAD3MCrUHSHXMTDpKSbLAADp5OTij4\/ejo\/VLy\/1LyngJSTcJCPQHx\/OHB7+\/PzaMS\/OLS\/vLijrLSjSAADaNTPwLyjkKSbNJCbYISHPHB\/KGB7WAAD7+vrn3d3aKynTKCjoLCfsKifRGh\/YAADq5+fhjo7QNDXXKCfmJyXt5+fTLzDLLi\/QKivYHRvMGBrQJCXLISPMExXLDxLaEAvkkI\/bOTfaFQ\/SCgpvLcnHAAAAmnRSTlMA+vv7+gT9Bvf9+8z8\/NSv\/Pr5+P7++vnQIBMP\/v38\/Pn348XDiCYf9OjbzcqxXVcx\/fz8+\/rj1r2poo1+fXFqX0orGP7+\/v7+\/fz8+\/r68uzn4trIxsG\/vri3p6GcmZSNbWVYUUZEPQv+\/f39+\/v7+\/v7+vr64tvV1NTTz87FtbSurqeblJKFg4B3bUY+NjL7+\/v7+\/v67t1cDo8JLQAABkRJREFUWMO0kz9rwkAYh0OIeJkum6YugUAhISCdKoj\/P4C7SMdS+gEKIhSKil10LSg4mzXkILdlEpxCpwTiWOLX6BujvQaEQuGeHLnL+\/64J+SIcKGYTYWnntpdLjrVdqvZmNdn0+EE40GtpuuWVS6Xx6N7YDSGpWXpeq02wHgynM7q80az1a52HpddtVcpsi1zFARBrdaxbhp9iUReTGmwA4KAAr7vx3EYejnCMI6hQYEgy0LQi4jUN0wL19vqFcUC9\/1dAKmEEFkWRYkh5oBejnxQJiSJPJ\/uKBp0Thszx9Mw8hMRIQjKsptCfuES9zr5WJY6vSFCIvE9fCMUmEM1A1kSXcYGxgVYsvI1IPKTZciSTI0us\/SMGG04gDzELDoFBwdcFJrF88dqgYMTiL6DILWYyfOWE8\/kIz38olCNlC03FK95+imxp6y4oUSvAnBjHHhKNtotSDqJzVFiK8c2SBqhZtsrTtgrLXwAyduxZHNE26eHUt5rtuM4WSmds3G+sUdWYo1L+XyxButoh5eKUHk5lByO3G1LqqCWVnfrv\/lyPtf\/4ps1cndNGIri8J1TJ0lx6dR\/oPjq1nbRwdp2dCk4CtIOLW3pVKRL6WZfS5vF2KkIQhpwSsjiYIgNCs1gEMGqiIq24NQX9NwoXFy8Ufrl3twTcg4fv8T9\/JBEySduj6Mjm4bMzYV7EEOxKjjoNDud7yY3Dy71Hq2oLmqfbNR723edH9PgMrNL2utoQ3VmaIDkiw\/4w51P06hlZsTZvkRrbVuSIs\/zwSOsycgzStQouoAkWQqioRT5XI7n2Z1wfVhoZmcAJLsoqjqpjbWCgpOAJXBwHK8PzWbNvoUZJND5wCnSkLAkZ1legx6vqQzjoiTahKlGUGLAiIIoABOHaNVw4sexZBym6\/HWlH5h3IC7yRbxtipcWxdTOkORKiNQAEkFf66x5S2oeRbroOlLgg0sSYkR0hRGEqJZ0jTPiQKatESdBckpWigxaapEH0lImHdWu9pUFF2XqMNM2Z4kped7IwEJw2qabwtrQqnpw6HyKkgcadKWsmpywwesDyIhYRpdzXddqegtGIJlXbAIUMOLkGxJUjRIkokwjUaX9d\/kK62ps\/tYUqZLIMkLTyBhsMZ3C5Z\/kDxOSCb\/DOs\/\/J0qcWSX\/2ipe56EgTCA4\/cB7NAYOsni4mZM1MUPAISoEwkDi4lhVBQ1cWQyIcwalw4EpqZN68JUSK7XC0kTlkLYii5uXSC8jT5ncCAS7mjCv0uHp\/3lueHEEAeQ\/\/VgmdN71\/2uCSA1Xr6DO6uI6sW56zqT2tp2PhgiRUAajV8CY2fkcz6WGNKMgLAt7tJAhD4YHMTeRxlALE6+43WqjSWi8ITxyJl8WrwWSNESQZZOqhDDntO3hJLsd5RtSpbJqdv3YrDJH3F7jL1R2O2aQkn2MyCyKYz0GPGIvSAMgBCrCEiJyKbBaYGwLW4uPRr0A0M4Ux5kUI7IBh+hMdiCEWNqhMZGyYMsOgNE58UQuEQeUnSWCMYwL54hkxK6IoqucQZbQ3pc3XtL0lky1dL0zZJJDpWJovFqpWj6JEHnyam2eQp5QRVAVHjWparTOaVwUOx99YS2MvgxIGV0bb+qIg2HX2qkFFJB+XZcbLiuRkuxD9GRroKyveLxdh4d7Orx+hb7qc3uVRuEogCOnyIxm4ubUoPgF4jianDrC+SDQDKEfJb0GUKmjCGPYHGJvVC6X4hw1\/sAfQAdfYyephIaspXe36RwOP+Ljvfx9B6B3i+Nk0DGq+oCbLn6JpBa9nWAveAIHwFAwtVcIJXPMPL8kRu5OAYPMaL1WScTxjiZDqB9LTJSWphow\/pTYKRTLjCBhvi9iBidvKcDasGSm0QQkycYuLBqj6QCELPctqChDWpTRMWkngNNpQ1Pfp1KkiT\/Y0DGffXAweUNfLAfaJFKDwhb6I+bkYRbkERoEeu3Fyjg2opMz2daZCS9jt6Q7txNfB+OZEVF6Zl5web2xunnLQrtrjXseXKaFYziYINeMFZVxS9VxRhOoesYwxPKXm+gWLG9cuFeq93UNNeJNsf1KlwuDok9n02n3TgIJpOxNfL9naIoQwXtfH9kjceTIIi709ncTg6LZbg+biLH1V6u\/7rxBem06VXKn9raAAAAAElFTkSuQmCC\")      no-repeat center center \/ contain;  }  @media screen and (max-width: 960px) and (orientation: portrait) {    .logo {      width: 100%;    }    .logo .pc-banner {      display: none;    }    .logo .m-banner {      display: block;      width: 100%;    }    .logo .m-banner img {      height: auto!important;    }    .ytvideo {      height: 200px;      width: 100%;    }  }<\/style><style>  .video-section {    width: 100%;    margin: 0 auto;  }  .video-section > img {    width: 100%;  }  .video-section iframe,  .video-section video {    width: 100%;    height: 100%;      }  .video-section-img-m,  .video-section-img-pc > img {    width: 100%;    height: auto;  }  .video-section-img-pc.small > img {    width: 970px;  }  .video-desc {    line-height: 1.5;    font-size: 20px;    font-weight: 400;    margin: 20px 0;    text-align: center;    color: #0f1111;    word-break: break-word;  }  @media screen and (max-width: 960px) and (orientation: portrait) {    .video-section {      width: 100%;    }    .video-section-pc,    .video-section-img-pc {      display: none;    }    .video-section-m,    .video-section-img-m {      display: block;    }    .video-desc {      font-size: 15px;    }  }  @media screen and (min-width: 960px) {    .video-section {      width: 100%;      margin: 0 auto;    }    .video-section-pc,    .video-section-img-pc {      display: block;    }    .video-section-m,    .video-section-img-m {      display: none;    }    .video-desc {      font-size: 20px;    }  }<\/style><style>  .section + .section {    margin-top: 35px;  }  .section-title {    text-align: center;    font-weight: bold;    color: #0d1111;    font-family: \"Arial\";    font-size: 32px;    margin: 15px 0;  }  .section-title:empty {    display: none;  }  .section-desc {    text-align: center;    font-weight: normal;    color: #0d1111;    margin-top: 20px;  }  .section-desc:empty {    display: none;  }  .section-img {    width: 1200px;    height: 492px;    margin: 0 auto;    display: block;  }  .section-img.small {    width: 970px;    height: auto;  }  .section-img.small > img {    height: auto;  }  .section-img > img {    width: 100%;    height: 100%;  }  .section-mobile-img {    display: none;    max-width: 100vw;    max-height: 75vw;    height: 450px;    margin: 0 auto;  }  .section-mobile-img > img {    width: 100%;    height: 100%;  }  @media screen and (max-width: 960px) and (orientation: portrait) {    .container {      width: 100%;    }    .container.small {      width: 100%;    }    .section-mobile-img {      display: block;    }    .section-img {      display: none;    }    .section-title {      font-size: 22px;      margin: 10px 0;    }    .section-desc {      margin-top: 10px;    }    .section + .section {      margin-top: 20px;    }  }<\/style><\/head><body><div class=\"container small\"><div class=\"logo\"><div class=\"pc-banner small\"><div><img decoding=\"async\" src=\"\/vevor\/vevor\/boutique-banner\/pc\/en-pc@1x.jpg\" style=\"width: 100%;\" \/><\/div><\/div><div class=\"m-banner\"><div><img decoding=\"async\" src=\"\/vevor\/vevor\/boutique-banner\/mobile\/en-m@1x.jpg\" style=\"width: 100%;\" \/><\/div><\/div><\/div><div class=\"section-title\">Vid\u0113ja izm\u0113ra galda tenisa galds, iztur\u012bgs un ilgm\u016b\u017e\u012bgs!<\/div><div class=\"video-section\"><div class=\"video-section-img-pc small\"><img decoding=\"async\" src=\"\/vevor\/product\/DZDTZDPPQZ12L9WUB\/table-tennis-table-a100-1.4-pt.jpg\" \/><\/div><div class=\"video-section-img-m\"><img decoding=\"async\" src=\"\/vevor\/product\/DZDTZDPPQZ12L9WUB\/table-tennis-table-a100-1.4-pt.jpg\" \/><\/div><div class=\"section-desc\">Produkta izm\u0113rs: 60 x 26 x 28 collas. \u0160is galda tenisa galds atbilst vis\u0101m j\u016bsu atp\u016btas vajadz\u012bb\u0101m kop\u0101 ar b\u0113rniem. Saloc\u012bt\u0101 veid\u0101 t\u0101 izm\u0113rs: 30 x 31,5 collas, to var novietot jebkur\u0101 m\u0101jas st\u016br\u012b, lai atbr\u012bvotu vietu.<\/div><\/div><div class=\"section\"><div class=\"section-title\"><\/div><div class=\"section-img small\"><img decoding=\"async\" src=\"\/vevor\/product\/DZDTZDPPQZ12L9WUB\/table-tennis-table-a100-2.2-pt.jpg\" \/><\/div><div class=\"section-mobile-img\"><img decoding=\"async\" src=\"\/vevor\/product\/DZDTZDPPQZ12L9WUB\/table-tennis-table-a100-2.2-pt.jpg\" \/><\/div><div class=\"section-desc\">M\u016bsu galda tenisa galda galda materi\u0101lam ir m\u0113rena atsitiena iztur\u012bba Iztur\u012bgas atbalsta caurules ar r\u016bsu un \u016bdensiztur\u012bbu nodro\u0161ina vieglu t\u012br\u012b\u0161anu Profesion\u0101li izstr\u0101d\u0101ts augsta bl\u012bvuma neilona t\u012bkls un standarta stabu uzmavas nodro\u0161ina pat\u012bkamu sp\u0113\u013cu pieredzi.<\/div><\/div><div class=\"section\"><div class=\"section-title\"><\/div><div class=\"section-img small\"><img decoding=\"async\" src=\"\/vevor\/product\/DZDTZDPPQZ12L9WUB\/table-tennis-table-a100-2.3-pt.jpg\" \/><\/div><div class=\"section-mobile-img\"><img decoding=\"async\" src=\"\/vevor\/product\/DZDTZDPPQZ12L9WUB\/table-tennis-table-a100-2.3-pt.jpg\" \/><\/div><div class=\"section-desc\">M\u016bsu p\u0101rn\u0113s\u0101jamajam galda tenisa galdam ir regul\u0113jamas k\u0101jas papildu stabilit\u0101tei. Gumijas pies\u016bcek\u0146i pal\u012bdz aizsarg\u0101t gr\u012bdas no skr\u0101p\u0113jumiem un uztur\u0113t sp\u0113les galda stabilit\u0101ti.<\/div><\/div><div class=\"section\"><div class=\"section-title\"><\/div><div class=\"section-img small\"><img decoding=\"async\" src=\"\/vevor\/product\/DZDTZDPPQZ12L9WUB\/table-tennis-table-a100-2.4-pt.jpg\" \/><\/div><div class=\"section-mobile-img\"><img decoding=\"async\" src=\"\/vevor\/product\/DZDTZDPPQZ12L9WUB\/table-tennis-table-a100-2.4-pt.jpg\" \/><\/div><div class=\"section-desc\">\u0160o p\u0101rn\u0113s\u0101jamo galda tenisa galdu var saloc\u012bt uzglab\u0101\u0161anai da\u017eu sekun\u017eu laik\u0101, un, izmantojot ieb\u016bv\u0113to rokturi, to var viegli p\u0101rn\u0113s\u0101t viena persona.<\/div><\/div><div class=\"section\"><div class=\"section-title\"><\/div><div class=\"section-img small\"><img decoding=\"async\" src=\"\/vevor\/product\/DZDTZDPPQZ12L9WUB\/table-tennis-table-a100-2.5-pt.jpg\" \/><\/div><div class=\"section-mobile-img\"><img decoding=\"async\" src=\"\/vevor\/product\/DZDTZDPPQZ12L9WUB\/table-tennis-table-a100-2.5-pt.jpg\" \/><\/div><div class=\"section-desc\">No\u0146emamais t\u012bkls padara galdu daudzpus\u012bg\u0101ku, piem\u0113rotu lieto\u0161anai pagalm\u0101, kemping\u0101 vai jebkur\u0101 cit\u0101 atkl\u0101t\u0101 telp\u0101. \u0160is ir ide\u0101ls galds sp\u0113l\u0113m un grupu aktivit\u0101t\u0113m.<\/div><\/div><div class=\"section\"><div class=\"section-img small\"><img decoding=\"async\" src=\"\/vevor\/product\/DZDTZDPPQZ12L9WUB\/table-tennis-table-a100-1.11-pt.jpg\" \/><\/div><div class=\"section-mobile-img\"><img decoding=\"async\" src=\"\/vevor\/product\/DZDTZDPPQZ12L9WUB\/table-tennis-table-a100-1.11-pt.jpg\" \/><\/div><\/div><\/div><\/body><\/html><\/div>\n<div class=\"DM_at-title\" id=\"js-DM_at-title\"> <div>Produkta specifik\u0101cija<\/div> <i class=\"icon-arrowup_line\"><\/i> <\/div><div class=\"DM_at-goodsDescAttr\" id=\"js-DM_at-goodsDescAttr\"> <div class=\"DM_at-goodsDescAttrInner\"> <dl class=\"goodsDesc_item goodsDesc_item_even\"> <dt>Preces Mode\u013ca Numurs<\/dt> <dd> VT001<\/dd> <\/dl> <dl class=\"goodsDesc_item\"> <dt>Papla\u0161in\u0101t\u0101 dimensija<\/dt> <dd> 60x26x28 collas \/ 1526x665x718 mm<\/dd> <\/dl> <dl class=\"goodsDesc_item goodsDesc_item_even\"> <dt>Saloc\u012bts izm\u0113rs<\/dt> <dd> 30 x 31,5 collas \/ 765 x 800 mm<\/dd> <\/dl> <dl class=\"goodsDesc_item\"> <dt>Produkta Svars<\/dt> <dd> 26,5 m\u0101rci\u0146as \/ 12 kg<\/dd> <\/dl> <\/div> <\/div>","protected":false},"excerpt":{"rendered":"<ul>\n<li> P\u0101rn\u0113s\u0101jams galda tenisa komplekts: Galda tenisa galda izm\u0113ri: 60x26x28 collas, tas var apmierin\u0101t visas j\u016bsu un j\u016bsu b\u0113rnu atp\u016btas vajadz\u012bbas. Saloc\u012bt\u0101 veid\u0101 izm\u0113ri: 30 \u00d7 31,5 collas, m\u016bsu p\u0101rn\u0113s\u0101jamo tenisa galdu var novietot jebkur\u0101 m\u0101jas st\u016br\u012b, ietaupot vietu. Komplekt\u0101 ietilpst: 2 galda tenisa raketes, 3 galda tenisa bumbi\u0146as, 1 t\u012bkls, 1 uzglab\u0101\u0161anas soma. <\/li>\n<li> Augstas kvalit\u0101tes materi\u0101li: M\u016bsu galda tenisa galda materi\u0101ls pied\u0101v\u0101 vid\u0113ju iztur\u012bbu. Iztur\u012bg\u0101s atbalsta caurules ir iztur\u012bgas pret r\u016bsu un \u016bdeni, nodro\u0161inot vieglu t\u012br\u012b\u0161anu. Profesion\u0101li izstr\u0101d\u0101ts augsta bl\u012bvuma neilona t\u012bkls un standarta stabu uzmavas nodro\u0161ina pat\u012bkamu sp\u0113les pieredzi. <\/li>\n<li> Lietot\u0101jam draudz\u012bgs dizains: \u0160im p\u0101rn\u0113s\u0101jamajam iek\u0161telpu galda tenisa galdam ir salok\u0101mas k\u0101jas, lai to b\u016btu viegl\u0101k uzglab\u0101t, kad tas netiek lietots, un viegls svars p\u0101rn\u0113s\u0101\u0161anai. Regul\u0113jamas k\u0101jas nodro\u0161ina liel\u0101ku stabilit\u0101ti. Gumijas pies\u016bcek\u0146i pal\u012bdz aizsarg\u0101t gr\u012bdas no skr\u0101p\u0113jumiem un notur\u0113t galda stabilit\u0101ti. <\/li>\n<li> \u0100tra uzst\u0101d\u012b\u0161ana: M\u016bsu galda tenisa sp\u0113\u013cu galdu var atv\u0113rt lieto\u0161anai vai saloc\u012bt uzglab\u0101\u0161anai da\u017eu sekun\u017eu laik\u0101, to ir \u013coti viegli uzst\u0101d\u012bt. Salok\u0101mo galda virsmu var nofiks\u0113t, un tai ir rokturis \u0113rtai transport\u0113\u0161anai \u0101rpus telp\u0101m. Ide\u0101li piem\u0113rots sp\u0113\u013cu istab\u0101m, dz\u012bvok\u013ciem, birojiem. <\/li>\n<li> Daudzpus\u012bgs galds: P\u0101rn\u0113s\u0101jamais galda tenisa galds ir lieliska d\u0101vana \u0123imenei un draugiem, sniedzot prieku un veicinot mijiedarb\u012bbu. No\u0146emamais t\u012bkls padara galdu daudzpus\u012bg\u0101ku, piem\u0113rotu lieto\u0161anai pagalm\u0101, kemping\u0101 vai jebkur\u0101 cit\u0101 atkl\u0101t\u0101 telp\u0101. \u0160is ir ide\u0101ls galds sp\u0113l\u0113m un grupu aktivit\u0101t\u0113m. <\/li>\n<\/ul>","protected":false},"featured_media":342807,"comment_status":"closed","ping_status":"open","template":"","meta":{"om_disable_all_campaigns":false,"_monsterinsights_skip_tracking":false,"_monsterinsights_sitenote_active":false,"_monsterinsights_sitenote_note":"","_monsterinsights_sitenote_category":0,"_uf_show_specific_survey":0,"_uf_disable_surveys":false},"location":[1935,1934],"product_brand":[21],"product_cat":[2817,2816,4357,2378,4358],"product_tag":[],"class_list":{"0":"post-55408","1":"product","2":"type-product","3":"status-publish","4":"has-post-thumbnail","6":"location-supplier_stock_location","7":"location-local_stock_location","8":"product_brand-vevor","9":"product_cat-game-room","10":"product_cat-games-sports-outdoors","11":"product_cat-pingpang-ball-equipment","12":"product_cat-sports-outdoors","13":"product_cat-table-tennis-table-pingpang-ball-equipment","15":"first","16":"instock","17":"taxable","18":"shipping-taxable","19":"purchasable","20":"product-type-simple"},"aioseo_notices":[],"jetpack_sharing_enabled":true,"locations":[{"id":1935,"name":"Pieg\u0101d\u0101t\u0101ja noliktav\u0101 (5-7d.d.)","slug":"supplier_stock_location","quantity":"28"},{"id":1934,"name":"R\u012bgas veikal\u0101 (0-2d.d.)","slug":"local_stock_location","quantity":"0"}],"_links":{"self":[{"href":"https:\/\/vevorshop.lv\/lv\/wp-json\/wp\/v2\/product\/55408","targetHints":{"allow":["GET"]}}],"collection":[{"href":"https:\/\/vevorshop.lv\/lv\/wp-json\/wp\/v2\/product"}],"about":[{"href":"https:\/\/vevorshop.lv\/lv\/wp-json\/wp\/v2\/types\/product"}],"replies":[{"embeddable":true,"href":"https:\/\/vevorshop.lv\/lv\/wp-json\/wp\/v2\/comments?post=55408"}],"wp:featuredmedia":[{"embeddable":true,"href":"https:\/\/vevorshop.lv\/lv\/wp-json\/wp\/v2\/media\/342807"}],"wp:attachment":[{"href":"https:\/\/vevorshop.lv\/lv\/wp-json\/wp\/v2\/media?parent=55408"}],"wp:term":[{"taxonomy":"location","embeddable":true,"href":"https:\/\/vevorshop.lv\/lv\/wp-json\/wp\/v2\/location?post=55408"},{"taxonomy":"product_brand","embeddable":true,"href":"https:\/\/vevorshop.lv\/lv\/wp-json\/wp\/v2\/product_brand?post=55408"},{"taxonomy":"product_cat","embeddable":true,"href":"https:\/\/vevorshop.lv\/lv\/wp-json\/wp\/v2\/product_cat?post=55408"},{"taxonomy":"product_tag","embeddable":true,"href":"https:\/\/vevorshop.lv\/lv\/wp-json\/wp\/v2\/product_tag?post=55408"}],"curies":[{"name":"wp","href":"https:\/\/api.w.org\/{rel}","templated":true}]}}