{"id":55439,"date":"2024-11-20T03:38:10","date_gmt":"2024-11-20T03:38:10","guid":{"rendered":"http:\/\/vevorshop.edigo.lv\/Prece\/vevor-10x10-outdoor-retractable-pergola-with-sun-shade-canopy-aluminum-gray\/"},"modified":"2026-04-06T03:18:11","modified_gmt":"2026-04-06T00:18:11","slug":"vevor-10x10-outdoor-retractable-pergola-with-sun-shade-canopy-aluminum-gray","status":"publish","type":"product","link":"https:\/\/vevorshop.lv\/lv\/Prece\/vevor-10x10-ara-izvelkama-pergola-ar-saulessarga-jumtinu-aluminija-peleks\/","title":{"rendered":"VEVOR 3x3m \u0101ra alum\u012bnija pergola ar UV50+ aizsarg\u0101jo\u0161u, \u016bdensiztur\u012bgu, regul\u0113jamu nojumi d\u0101rzam, terasei, pagalmam (Pel\u0113ka)"},"content":{"rendered":"<div style=\"color: #fff!important; font-size: 16px; height: 24px; line-height: 24px; margin-top: -24px; \" class=\"product_original_name\">VEVOR 10'x10' \u0100ra izvelkama Pergola ar nojume, alum\u012bnija Pergola ar izvelkamu nojume, moderna Pergola ar saules nokr\u0101su nojume iek\u0161pagalmiem, d\u0101rziem, kl\u0101jiem, pagalmiem (pel\u0113ka)<\/div>\n<div style=\"color: #fff!important; font-size: 16px; height: 24px; line-height: 24px; margin-top: -24px; \" class=\"product_sku\">M4I4MD1N<\/div>\n<div style=\"color: #fff!important; font-size: 16px; height: 24px; line-height: 24px; margin-top: -24px; \" class=\"product_mpn\">PDSSLP1010FTYRSLVV0<\/div><div id=\"js-DM_at-goodDescRich\"><html><head><style>  body {    font-family: Arial;    line-height: 1.5;    color: #1c1c1c;    overflow-x: hidden;    margin: 0;    padding: 0;  }  .MsoNormal b {    font-weight: bolder;  }<\/style><style>  .container.small {    width: 970px;    margin: 0 auto;  }  .logo {    margin: 0 auto 0;  }  .logo img {    display: block;    margin: 0 auto;    max-width: 100%;  }  .logo .pc-banner {    display: block;    width: 1200px;    height: 247.4px;    margin: 0 auto;  }  .logo .pc-banner.small {    width: 970px;  }  .logo .pc-banner.small img {    height: auto!important;  }  .logo .m-banner {    display: none;  }  .ytvideo {    position: relative;    height: 546px;    width: 100%;    margin: 0 auto;  }  .ytvideo img {    width: 100%;    margin: 0 auto;  }  .ytvideo .play-btn {    width: 60px;    height: 42px;    position: absolute;    top: 50%;    left: 50%;    transform: translate(-50%, -50%);    background: url(\"data:image\/png;base64,iVBORw0KGgoAAAANSUhEUgAAAGQAAABGCAMAAAANWMFbAAAC+lBMVEUAAADBGB3kLCfBGB3kLCfcJC7BFx3KKSbiKybkLCbWJCPSIiLSIiLPICHAFx3kLCfgKSXNHiDZJiTIGx\/p4eHcjo7LHSDbJyTkLCbjKyfOHyHPIiL28fHJHB\/GGh7EGR7eKCXDGB3RISHlLSbBGB3AFxzGHB7DGB7BGB3hKybkKybAFx3lLCfAFxzDGR3hKibDGB7cJyTmz8\/elJTlwcHjurrUIyLlLSflLSfAFx3DGR7lLSfCFx3hKibhKibhKybjKybkLCblLSfbJSX49vbx7e3NNzjNMTLMJyjVIyLZf3\/ZQ0LaeHjx0tLgoqLkLCfCGB3HGx\/BGB3BFx3PICHCGB7WJCLOHyC\/Fxy\/Fx3lLCfQISHkLSe\/FxzbJiTBFx3FGx\/AGB7BFx3EGR7AGB3HHSDfKiXAFh3TISHYNzbhKibbJyTTIiL57e325+f039\/v2NjUV1fOHiHiqanfmprch4feKSXVIyPOICHmLibFGh\/mLSe\/Fx7XJCPeKSXXJSPNHyHaJyTGGh7lLCbmLCflLSjSIiLkLCbdKSXLHiC\/GB3KHh++Fh3lKyfoLiXcKCPkx8fYb2\/XaGfVXl3aU1LLHiDksbHgKibPICHbJyTfKSXbJyTCGB3KHSDiKybFGh7TIiL\/\/\/\/VIyPRISHIHB\/GGx\/HHB\/DGR7gKibdKCXLHiDZJiTMHiDNHyHYJSTOICHPICHWJCPcKCXXJSPjLCblLCf+\/f3NGR\/uLijzLynPGR\/IGB7WISHaIyLLGh7UAADxLynNAADRLzDbICLQAADIAAD3MCrUHSHXMTDpKSbLAADp5OTij4\/ejo\/VLy\/1LyngJSTcJCPQHx\/OHB7+\/PzaMS\/OLS\/vLijrLSjSAADaNTPwLyjkKSbNJCbYISHPHB\/KGB7WAAD7+vrn3d3aKynTKCjoLCfsKifRGh\/YAADq5+fhjo7QNDXXKCfmJyXt5+fTLzDLLi\/QKivYHRvMGBrQJCXLISPMExXLDxLaEAvkkI\/bOTfaFQ\/SCgpvLcnHAAAAmnRSTlMA+vv7+gT9Bvf9+8z8\/NSv\/Pr5+P7++vnQIBMP\/v38\/Pn348XDiCYf9OjbzcqxXVcx\/fz8+\/rj1r2poo1+fXFqX0orGP7+\/v7+\/fz8+\/r68uzn4trIxsG\/vri3p6GcmZSNbWVYUUZEPQv+\/f39+\/v7+\/v7+vr64tvV1NTTz87FtbSurqeblJKFg4B3bUY+NjL7+\/v7+\/v67t1cDo8JLQAABkRJREFUWMO0kz9rwkAYh0OIeJkum6YugUAhISCdKoj\/P4C7SMdS+gEKIhSKil10LSg4mzXkILdlEpxCpwTiWOLX6BujvQaEQuGeHLnL+\/64J+SIcKGYTYWnntpdLjrVdqvZmNdn0+EE40GtpuuWVS6Xx6N7YDSGpWXpeq02wHgynM7q80az1a52HpddtVcpsi1zFARBrdaxbhp9iUReTGmwA4KAAr7vx3EYejnCMI6hQYEgy0LQi4jUN0wL19vqFcUC9\/1dAKmEEFkWRYkh5oBejnxQJiSJPJ\/uKBp0Thszx9Mw8hMRIQjKsptCfuES9zr5WJY6vSFCIvE9fCMUmEM1A1kSXcYGxgVYsvI1IPKTZciSTI0us\/SMGG04gDzELDoFBwdcFJrF88dqgYMTiL6DILWYyfOWE8\/kIz38olCNlC03FK95+imxp6y4oUSvAnBjHHhKNtotSDqJzVFiK8c2SBqhZtsrTtgrLXwAyduxZHNE26eHUt5rtuM4WSmds3G+sUdWYo1L+XyxButoh5eKUHk5lByO3G1LqqCWVnfrv\/lyPtf\/4ps1cndNGIri8J1TJ0lx6dR\/oPjq1nbRwdp2dCk4CtIOLW3pVKRL6WZfS5vF2KkIQhpwSsjiYIgNCs1gEMGqiIq24NQX9NwoXFy8Ufrl3twTcg4fv8T9\/JBEySduj6Mjm4bMzYV7EEOxKjjoNDud7yY3Dy71Hq2oLmqfbNR723edH9PgMrNL2utoQ3VmaIDkiw\/4w51P06hlZsTZvkRrbVuSIs\/zwSOsycgzStQouoAkWQqioRT5XI7n2Z1wfVhoZmcAJLsoqjqpjbWCgpOAJXBwHK8PzWbNvoUZJND5wCnSkLAkZ1legx6vqQzjoiTahKlGUGLAiIIoABOHaNVw4sexZBym6\/HWlH5h3IC7yRbxtipcWxdTOkORKiNQAEkFf66x5S2oeRbroOlLgg0sSYkR0hRGEqJZ0jTPiQKatESdBckpWigxaapEH0lImHdWu9pUFF2XqMNM2Z4kped7IwEJw2qabwtrQqnpw6HyKkgcadKWsmpywwesDyIhYRpdzXddqegtGIJlXbAIUMOLkGxJUjRIkokwjUaX9d\/kK62ps\/tYUqZLIMkLTyBhsMZ3C5Z\/kDxOSCb\/DOs\/\/J0qcWSX\/2ipe56EgTCA4\/cB7NAYOsni4mZM1MUPAISoEwkDi4lhVBQ1cWQyIcwalw4EpqZN68JUSK7XC0kTlkLYii5uXSC8jT5ncCAS7mjCv0uHp\/3lueHEEAeQ\/\/VgmdN71\/2uCSA1Xr6DO6uI6sW56zqT2tp2PhgiRUAajV8CY2fkcz6WGNKMgLAt7tJAhD4YHMTeRxlALE6+43WqjSWi8ITxyJl8WrwWSNESQZZOqhDDntO3hJLsd5RtSpbJqdv3YrDJH3F7jL1R2O2aQkn2MyCyKYz0GPGIvSAMgBCrCEiJyKbBaYGwLW4uPRr0A0M4Ux5kUI7IBh+hMdiCEWNqhMZGyYMsOgNE58UQuEQeUnSWCMYwL54hkxK6IoqucQZbQ3pc3XtL0lky1dL0zZJJDpWJovFqpWj6JEHnyam2eQp5QRVAVHjWparTOaVwUOx99YS2MvgxIGV0bb+qIg2HX2qkFFJB+XZcbLiuRkuxD9GRroKyveLxdh4d7Orx+hb7qc3uVRuEogCOnyIxm4ubUoPgF4jianDrC+SDQDKEfJb0GUKmjCGPYHGJvVC6X4hw1\/sAfQAdfYyephIaspXe36RwOP+Ljvfx9B6B3i+Nk0DGq+oCbLn6JpBa9nWAveAIHwFAwtVcIJXPMPL8kRu5OAYPMaL1WScTxjiZDqB9LTJSWphow\/pTYKRTLjCBhvi9iBidvKcDasGSm0QQkycYuLBqj6QCELPctqChDWpTRMWkngNNpQ1Pfp1KkiT\/Y0DGffXAweUNfLAfaJFKDwhb6I+bkYRbkERoEeu3Fyjg2opMz2daZCS9jt6Q7txNfB+OZEVF6Zl5web2xunnLQrtrjXseXKaFYziYINeMFZVxS9VxRhOoesYwxPKXm+gWLG9cuFeq93UNNeJNsf1KlwuDok9n02n3TgIJpOxNfL9naIoQwXtfH9kjceTIIi709ncTg6LZbg+biLH1V6u\/7rxBem06VXKn9raAAAAAElFTkSuQmCC\")      no-repeat center center \/ contain;  }  @media screen and (max-width: 960px) and (orientation: portrait) {    .logo {      width: 100%;    }    .logo .pc-banner {      display: none;    }    .logo .m-banner {      display: block;      width: 100%;    }    .logo .m-banner img {      height: auto!important;    }    .ytvideo {      height: 200px;      width: 100%;    }  }<\/style><style>  .video-section {    width: 100%;    margin: 0 auto;  }  .video-section > img {    width: 100%;  }  .video-section iframe,  .video-section video {    width: 100%;    height: 100%;      }  .video-section-img-m,  .video-section-img-pc > img {    width: 100%;    height: auto;  }  .video-section-img-pc.small > img {    width: 970px;  }  .video-desc {    line-height: 1.5;    font-size: 20px;    font-weight: 400;    margin: 20px 0;    text-align: center;    color: #0f1111;    word-break: break-word;  }  @media screen and (max-width: 960px) and (orientation: portrait) {    .video-section {      width: 100%;    }    .video-section-pc,    .video-section-img-pc {      display: none;    }    .video-section-m,    .video-section-img-m {      display: block;    }    .video-desc {      font-size: 15px;    }  }  @media screen and (min-width: 960px) {    .video-section {      width: 100%;      margin: 0 auto;    }    .video-section-pc,    .video-section-img-pc {      display: block;    }    .video-section-m,    .video-section-img-m {      display: none;    }    .video-desc {      font-size: 20px;    }  }<\/style><style>  .section + .section {    margin-top: 35px;  }  .section-title {    text-align: center;    font-weight: bold;    color: #0d1111;    font-family: \"Arial\";    font-size: 32px;    margin: 15px 0;  }  .section-title:empty {    display: none;  }  .section-desc {    text-align: center;    font-weight: normal;    color: #0d1111;    margin-top: 20px;  }  .section-desc:empty {    display: none;  }  .section-img {    width: 1200px;    height: 492px;    margin: 0 auto;    display: block;  }  .section-img.small {    width: 970px;    height: auto;  }  .section-img.small > img {    height: auto;  }  .section-img > img {    width: 100%;    height: 100%;  }  .section-mobile-img {    display: none;    max-width: 100vw;    max-height: 75vw;    height: 450px;    margin: 0 auto;  }  .section-mobile-img > img {    width: 100%;    height: 100%;  }  @media screen and (max-width: 960px) and (orientation: portrait) {    .container {      width: 100%;    }    .container.small {      width: 100%;    }    .section-mobile-img {      display: block;    }    .section-img {      display: none;    }    .section-title {      font-size: 22px;      margin: 10px 0;    }    .section-desc {      margin-top: 10px;    }    .section + .section {      margin-top: 20px;    }  }<\/style><\/head><body><div class=\"container small\"><div class=\"logo\"><div class=\"pc-banner small\"><div><img decoding=\"async\" src=\"\/vevor\/vevor\/boutique-banner\/pc\/en-pc@1x.jpg\" style=\"width: 100%;\" \/><\/div><\/div><div class=\"m-banner\"><div><img decoding=\"async\" src=\"\/vevor\/vevor\/boutique-banner\/mobile\/en-m@1x.jpg\" style=\"width: 100%;\" \/><\/div><\/div><\/div><div class=\"section-title\">Izbaudiet m\u0101j\u012bgu laiku br\u012bv\u0101 dab\u0101 ar VEVOR izvelkamo pergolu<\/div><div class=\"video-section\"><div class=\"video-section-img-pc small\"><img decoding=\"async\" src=\"\/vevor\/product\/PDSSLP1010FTYRSLV\/retractable-pergola-a100-1.4-pt.jpg\" \/><\/div><div class=\"video-section-img-m\"><img decoding=\"async\" src=\"\/vevor\/product\/PDSSLP1010FTYRSLV\/retractable-pergola-a100-1.4-pt.jpg\" \/><\/div><div class=\"section-desc\">M\u016bsu izvelkamajai lapenei ir lieljaudas alum\u012bnija sakaus\u0113juma r\u0101mis, kas nodro\u0161ina stabilit\u0101ti un iztur\u012bbu.Nojume ir apstr\u0101d\u0101ta ar UV50+ aizsardz\u012bbu pret sauli, efekt\u012bvi blo\u0137\u0113jot kait\u012bgo UV staru 98%. Pla\u0161ais dizains nodro\u0161ina pla\u0161u komfortu \u0101ra pulc\u0113\u0161an\u0101s un ikdienas relaks\u0101cijai.<\/div><\/div><div class=\"section\"><div class=\"section-title\"><\/div><div class=\"section-img small\"><img decoding=\"async\" src=\"\/vevor\/product\/PDSSLP1010FTYRSLV\/retractable-pergola-a100-2.2-pt.jpg\" \/><\/div><div class=\"section-mobile-img\"><img decoding=\"async\" src=\"\/vevor\/product\/PDSSLP1010FTYRSLV\/retractable-pergola-a100-2.2-pt.jpg\" \/><\/div><div class=\"section-desc\">Pergolas stabi ir konstru\u0113ti ar 90x90 mm biezu r\u0101mi, kas nodro\u0161ina izcilu atbalstu un stabilit\u0101ti jebkuros laika apst\u0101k\u013cos. Izple\u0161an\u0101s skr\u016bves nostiprina konstrukciju pie zemes, uzlabojot v\u0113ja iztur\u012bbu. R\u0101mis ir iztur\u012bgs pret r\u016bsu, nodro\u0161inot izcilu aizsardz\u012bbu pret koroziju.<\/div><\/div><div class=\"section\"><div class=\"section-title\"><\/div><div class=\"section-img small\"><img decoding=\"async\" src=\"\/vevor\/product\/PDSSLP1010FTYRSLV\/retractable-pergola-a100-2.3-pt.jpg\" \/><\/div><div class=\"section-mobile-img\"><img decoding=\"async\" src=\"\/vevor\/product\/PDSSLP1010FTYRSLV\/retractable-pergola-a100-2.3-pt.jpg\" \/><\/div><div class=\"section-desc\">Saules nojumei ir 5+ l\u012bme\u0146u PA p\u0101rkl\u0101jums un UV50+ aizsardz\u012bba pret sauli, kas nodro\u0161ina lielisku \u016bdensnecaurlaid\u012bbu un aizsardz\u012bbu pret sauli, garant\u0113jot, ka nojume paliek neskarta da\u017e\u0101dos laika apst\u0101k\u013cos. Ieb\u016bv\u0113t\u0101 b\u012bd\u0101m\u0101 slie\u017eu konstrukcija \u013cauj viegli un elast\u012bgi regul\u0113t \u0113nas laukumu.<\/div><\/div><div class=\"section\"><div class=\"section-title\"><\/div><div class=\"section-img small\"><img decoding=\"async\" src=\"\/vevor\/product\/PDSSLP1010FTYRSLV\/retractable-pergola-a100-2.4-pt.jpg\" \/><\/div><div class=\"section-mobile-img\"><img decoding=\"async\" src=\"\/vevor\/product\/PDSSLP1010FTYRSLV\/retractable-pergola-a100-2.4-pt.jpg\" \/><\/div><div class=\"section-desc\">Pergola ir izstr\u0101d\u0101ta, \u0146emot v\u0113r\u0101 lietot\u0101ja \u0113rt\u012bbas, visas skr\u016bves ir iepakotas atsevi\u0161\u0137i, un visas sast\u0101vda\u013cas ir mar\u0137\u0113tas, lai nodro\u0161in\u0101tu vienk\u0101r\u0161u mont\u0101\u017eu. Ir sniegtas detaliz\u0113tas instrukcijas un soli pa solim sniegti nor\u0101d\u012bjumi. Mont\u0101\u017eu var viegli veikt 2\u20133 cilv\u0113ki, \u013caujot jums \u0101tri izbaud\u012bt laiku br\u012bv\u0101 dab\u0101.<\/div><\/div><div class=\"section\"><div class=\"section-title\"><\/div><div class=\"section-img small\"><img decoding=\"async\" src=\"\/vevor\/product\/PDSSLP1010FTYRSLV\/retractable-pergola-a100-2.5-pt.jpg\" \/><\/div><div class=\"section-mobile-img\"><img decoding=\"async\" src=\"\/vevor\/product\/PDSSLP1010FTYRSLV\/retractable-pergola-a100-2.5-pt.jpg\" \/><\/div><div class=\"section-desc\">Pergola ir piem\u0113rota da\u017e\u0101diem gad\u012bjumiem, tostarp teras\u0113m, baseina mal\u0101m, br\u012bvdabas ball\u012bt\u0113m un automa\u0161\u012bnu no\u0113no\u0161anai. T\u0101 atbilst da\u017e\u0101d\u0101m \u0101ra vajadz\u012bb\u0101m, nodro\u0161inot \u0113rtu un v\u0113su telpu \u0123imenes atp\u016btai, san\u0101k\u0161an\u0101m vai transportl\u012bdzek\u013cu aizsardz\u012bbai, uzlabojot kop\u0113jo \u0101ra dz\u012bves kvalit\u0101ti.<\/div><\/div><div class=\"section\"><div class=\"section-img small\"><img decoding=\"async\" src=\"\/vevor\/product\/PDSSLP1010FTYRSLV\/retractable-pergola-a100-1.11-pt.jpg\" \/><\/div><div class=\"section-mobile-img\"><img decoding=\"async\" src=\"\/vevor\/product\/PDSSLP1010FTYRSLV\/retractable-pergola-a100-1.11-pt.jpg\" \/><\/div><\/div><\/div><\/body><\/html><\/div>\n<div class=\"DM_at-title\" id=\"js-DM_at-title\"> <div>Produkta specifik\u0101cija<\/div> <i class=\"icon-arrowup_line\"><\/i> <\/div><div class=\"DM_at-goodsDescAttr\" id=\"js-DM_at-goodsDescAttr\"> <div class=\"DM_at-goodsDescAttrInner\"> <dl class=\"goodsDesc_item goodsDesc_item_even\"> <dt>Preces Mode\u013ca Numurs<\/dt> <dd> JDG-098-33DBE<\/dd> <\/dl> <dl class=\"goodsDesc_item\"> <dt>Galvenie materi\u0101li<\/dt> <dd> Alum\u012bnijs + dzelzs<\/dd> <\/dl> <dl class=\"goodsDesc_item goodsDesc_item_even\"> <dt>R\u0101mja Materi\u0101ls<\/dt> <dd> Alum\u012bnija sakaus\u0113jums + pret r\u016bsu iztur\u012bgs p\u0101rkl\u0101jums<\/dd> <\/dl> <dl class=\"goodsDesc_item\"> <dt>UV aizsardz\u012bbas v\u0113rt\u0113jums<\/dt> <dd> UV50+<\/dd> <\/dl> <dl class=\"goodsDesc_item goodsDesc_item_even\"> <dt>Produkta Svars<\/dt> <dd> 90,6 m\u0101rci\u0146as \/ 41,1 kg<\/dd> <\/dl> <dl class=\"goodsDesc_item\"> <dt>Produkta Izm\u0113ri<\/dt> <dd> 10 x 10 x 8 p\u0113das \/ 2,97 x 2,97 x 2,3 m<\/dd> <\/dl> <\/div> <\/div>","protected":false},"excerpt":{"rendered":"<ul>\n<li> Iztur\u012bga un ilgm\u016b\u017e\u012bga: M\u016bsu izvelkamajai pergolai ir iztur\u012bgs alum\u012bnija sakaus\u0113juma r\u0101mis un sabiezin\u0101ti stabi (3,5 collas x 3,5 collas \/ 90 x 90 mm), kas nodro\u0161ina stabilit\u0101ti. R\u0101mis ir p\u0101rkl\u0101ts ar r\u016bsas iztur\u012bgu sl\u0101ni, lai uzlabotu iztur\u012bbu pret koroziju, savuk\u0101rt aug\u0161\u0113j\u0101s \u0161\u0137\u0113rssijas un zemes izple\u0161an\u0101s skr\u016bves nodro\u0161ina papildu stabilit\u0101ti, saglab\u0101jot pergolas dro\u0161\u012bbu un uzticam\u012bbu pat sp\u0113c\u012bg\u0101 v\u0113j\u0101. <\/li>\n<li> Laikapst\u0101k\u013ciem iztur\u012bga nojume: Pergolas aug\u0161\u0113j\u0101 nojume ir izgatavota no 100% sabiezin\u0101ta poliestera auduma, kas apstr\u0101d\u0101ts ar 5+ l\u012bme\u0146a PA p\u0101rkl\u0101jumu, lai nodro\u0161in\u0101tu izcilu \u016bdensnecaurlaid\u012bbu un UV50+ aizsardz\u012bbu pret sauli, efekt\u012bvi blo\u0137\u0113jot 98% UV staru. Nojumes materi\u0101ls ir iztur\u012bgs un notur\u012bgs pret izbal\u0113\u0161anu. Piez\u012bme: Nojume nav ieteicama lieto\u0161anai ekstrem\u0101los laika apst\u0101k\u013cos, piem\u0113ram, sp\u0113c\u012bg\u0101 v\u0113j\u0101 vai sp\u0113c\u012bg\u0101 liet\u016b. <\/li>\n<li> Regul\u0113jama \u0113nas nojume: M\u016bsu pergola ir apr\u012bkota ar regul\u0113jamu, izvelkamu nojumi ar ieb\u016bv\u0113tu b\u012bd\u0101mu slie\u017eu dizainu. J\u016bs varat viegli piel\u0101got \u0113nas zonu, lai baud\u012btu perfektu saules un \u0113nas l\u012bdzsvaru. Neatkar\u012bgi no t\u0101, vai jums ir nepiecie\u0161ama \u0113na karst\u0101s vasaras dien\u0101s vai aizsardz\u012bba pret nelielu lietu, t\u0101 nodro\u0161ina optim\u0101lu komforta pieredzi. <\/li>\n<li> Vienk\u0101r\u0161a uzst\u0101d\u012b\u0161ana: Izstr\u0101d\u0101ts, \u0146emot v\u0113r\u0101 lietot\u0101ja \u0113rt\u012bbas, visas skr\u016bves un sast\u0101vda\u013cas ir mar\u0137\u0113tas, un ir pievienotas detaliz\u0113tas ilustr\u0113tas uzst\u0101d\u012b\u0161anas instrukcijas. Pat pirmaj\u0101 mont\u0101\u017eas reiz\u0113 2\u20133 cilv\u0113ki to var paveikt tikai 2\u20133 stund\u0101s, ietaupot laiku un p\u016bles, k\u0101 ar\u012b \u013caujot jums \u0101tri baud\u012bt savu \u0101ra telpu. <\/li>\n<li> Praktiska un pievilc\u012bga: 10 x 10 p\u0113du (3 x 3 metru) liel\u0101 pergola ir piem\u0113rota da\u017e\u0101d\u0101m \u0101ra vid\u0113m, tostarp teras\u0113m, baseina mal\u0101m, \u0101ra ball\u012bt\u0113m un automa\u0161\u012bnu no\u0113no\u0161anai. T\u0101 pie\u0161\u0137ir j\u016bsu \u0101ra dz\u012bvojamajai telpai eleganci un atmosf\u0113ru, apvienojot praktiskumu un est\u0113tisku pievilc\u012bbu. Radiet neaizmirstamus mirk\u013cus sev un saviem m\u012b\u013cajiem skaisti funkcion\u0101l\u0101 telp\u0101. <\/li>\n<\/ul>","protected":false},"featured_media":343011,"comment_status":"closed","ping_status":"open","template":"","meta":{"om_disable_all_campaigns":false,"_monsterinsights_skip_tracking":false,"_monsterinsights_sitenote_active":false,"_monsterinsights_sitenote_note":"","_monsterinsights_sitenote_category":0,"_uf_show_specific_survey":0,"_uf_disable_surveys":false},"location":[1935,1934],"product_brand":[21],"product_cat":[2996,4548,4549,2997,2506],"product_tag":[],"class_list":{"0":"post-55439","1":"product","2":"type-product","3":"status-publish","4":"has-post-thumbnail","6":"location-supplier_stock_location","7":"location-local_stock_location","8":"product_brand-vevor","9":"product_cat-outdoor-storage","10":"product_cat-pergolas","11":"product_cat-retractable-pergola","12":"product_cat-shade-structures","13":"product_cat-storage-organization-2","15":"first","16":"outofstock","17":"taxable","18":"shipping-taxable","19":"purchasable","20":"product-type-simple"},"aioseo_notices":[],"jetpack_sharing_enabled":true,"locations":[{"id":1935,"name":"Pieg\u0101d\u0101t\u0101ja noliktav\u0101 (5-7d.d.)","slug":"supplier_stock_location","quantity":"0"},{"id":1934,"name":"R\u012bgas veikal\u0101 (0-2d.d.)","slug":"local_stock_location","quantity":"0"}],"_links":{"self":[{"href":"https:\/\/vevorshop.lv\/lv\/wp-json\/wp\/v2\/product\/55439","targetHints":{"allow":["GET"]}}],"collection":[{"href":"https:\/\/vevorshop.lv\/lv\/wp-json\/wp\/v2\/product"}],"about":[{"href":"https:\/\/vevorshop.lv\/lv\/wp-json\/wp\/v2\/types\/product"}],"replies":[{"embeddable":true,"href":"https:\/\/vevorshop.lv\/lv\/wp-json\/wp\/v2\/comments?post=55439"}],"wp:featuredmedia":[{"embeddable":true,"href":"https:\/\/vevorshop.lv\/lv\/wp-json\/wp\/v2\/media\/343011"}],"wp:attachment":[{"href":"https:\/\/vevorshop.lv\/lv\/wp-json\/wp\/v2\/media?parent=55439"}],"wp:term":[{"taxonomy":"location","embeddable":true,"href":"https:\/\/vevorshop.lv\/lv\/wp-json\/wp\/v2\/location?post=55439"},{"taxonomy":"product_brand","embeddable":true,"href":"https:\/\/vevorshop.lv\/lv\/wp-json\/wp\/v2\/product_brand?post=55439"},{"taxonomy":"product_cat","embeddable":true,"href":"https:\/\/vevorshop.lv\/lv\/wp-json\/wp\/v2\/product_cat?post=55439"},{"taxonomy":"product_tag","embeddable":true,"href":"https:\/\/vevorshop.lv\/lv\/wp-json\/wp\/v2\/product_tag?post=55439"}],"curies":[{"name":"wp","href":"https:\/\/api.w.org\/{rel}","templated":true}]}}