{"id":55447,"date":"2024-11-20T03:38:10","date_gmt":"2024-11-20T03:38:10","guid":{"rendered":"http:\/\/vevorshop.edigo.lv\/Prece\/vevor-walking-pad-under-desk-incline-treadmill-for-home-office-working-jogging\/"},"modified":"2026-04-19T23:33:15","modified_gmt":"2026-04-19T20:33:15","slug":"vevor-walking-pad-under-desk-incline-treadmill-for-home-office-working-jogging","status":"publish","type":"product","link":"https:\/\/vevorshop.lv\/lv\/Prece\/vevor-staigasanas-spilventins-zem-galda-slipuma-skrejcelina-majas-birojam-kas-strada-skriesanas-laika\/","title":{"rendered":"VEVOR 2.5HP P\u0101rgald\u0101ms Skrejceli\u0146\u0161 ar 3% Sl\u012bpumu, LED Displejs, Bluetooth, T\u0101lvad\u012bba, Max 120kg, M\u0101jas Birojam"},"content":{"rendered":"<div style=\"color: #fff!important; font-size: 16px; height: 24px; line-height: 24px; margin-top: -24px; \" class=\"product_original_name\">VEVOR Walking Pad, Under Desk skrejce\u013c\u0161 ar sl\u012bpumu, darba pastaigu skrie\u0161anas ma\u0161\u012bna m\u0101jas birojam, 265 m\u0101rci\u0146as ietilp\u012bba 2,5 ZS p\u0101rn\u0113s\u0101jams pastaigu paliktnis ar t\u0101lvad\u012bbas pulti, LED displeju un Bluetooth<\/div>\n<div style=\"color: #fff!important; font-size: 16px; height: 24px; line-height: 24px; margin-top: -24px; \" class=\"product_sku\">M4I4MD22<\/div>\n<div style=\"color: #fff!important; font-size: 16px; height: 24px; line-height: 24px; margin-top: -24px; \" class=\"product_mpn\">ZBJKPDDJ0638JZ5Y8V2<\/div><div id=\"js-DM_at-goodDescRich\"><html><head><style>  body {    font-family: Arial;    line-height: 1.5;    color: #1c1c1c;    overflow-x: hidden;    margin: 0;    padding: 0;  }  .MsoNormal b {    font-weight: bolder;  }<\/style><style>  .container.small {    width: 970px;    margin: 0 auto;  }  .logo {    margin: 0 auto 0;  }  .logo img {    display: block;    margin: 0 auto;    max-width: 100%;  }  .logo .pc-banner {    display: block;    width: 1200px;    height: 247.4px;    margin: 0 auto;  }  .logo .pc-banner.small {    width: 970px;  }  .logo .pc-banner.small img {    height: auto!important;  }  .logo .m-banner {    display: none;  }  .ytvideo {    position: relative;    height: 546px;    width: 100%;    margin: 0 auto;  }  .ytvideo img {    width: 100%;    margin: 0 auto;  }  .ytvideo .play-btn {    width: 60px;    height: 42px;    position: absolute;    top: 50%;    left: 50%;    transform: translate(-50%, -50%);    background: url(\"data:image\/png;base64,iVBORw0KGgoAAAANSUhEUgAAAGQAAABGCAMAAAANWMFbAAAC+lBMVEUAAADBGB3kLCfBGB3kLCfcJC7BFx3KKSbiKybkLCbWJCPSIiLSIiLPICHAFx3kLCfgKSXNHiDZJiTIGx\/p4eHcjo7LHSDbJyTkLCbjKyfOHyHPIiL28fHJHB\/GGh7EGR7eKCXDGB3RISHlLSbBGB3AFxzGHB7DGB7BGB3hKybkKybAFx3lLCfAFxzDGR3hKibDGB7cJyTmz8\/elJTlwcHjurrUIyLlLSflLSfAFx3DGR7lLSfCFx3hKibhKibhKybjKybkLCblLSfbJSX49vbx7e3NNzjNMTLMJyjVIyLZf3\/ZQ0LaeHjx0tLgoqLkLCfCGB3HGx\/BGB3BFx3PICHCGB7WJCLOHyC\/Fxy\/Fx3lLCfQISHkLSe\/FxzbJiTBFx3FGx\/AGB7BFx3EGR7AGB3HHSDfKiXAFh3TISHYNzbhKibbJyTTIiL57e325+f039\/v2NjUV1fOHiHiqanfmprch4feKSXVIyPOICHmLibFGh\/mLSe\/Fx7XJCPeKSXXJSPNHyHaJyTGGh7lLCbmLCflLSjSIiLkLCbdKSXLHiC\/GB3KHh++Fh3lKyfoLiXcKCPkx8fYb2\/XaGfVXl3aU1LLHiDksbHgKibPICHbJyTfKSXbJyTCGB3KHSDiKybFGh7TIiL\/\/\/\/VIyPRISHIHB\/GGx\/HHB\/DGR7gKibdKCXLHiDZJiTMHiDNHyHYJSTOICHPICHWJCPcKCXXJSPjLCblLCf+\/f3NGR\/uLijzLynPGR\/IGB7WISHaIyLLGh7UAADxLynNAADRLzDbICLQAADIAAD3MCrUHSHXMTDpKSbLAADp5OTij4\/ejo\/VLy\/1LyngJSTcJCPQHx\/OHB7+\/PzaMS\/OLS\/vLijrLSjSAADaNTPwLyjkKSbNJCbYISHPHB\/KGB7WAAD7+vrn3d3aKynTKCjoLCfsKifRGh\/YAADq5+fhjo7QNDXXKCfmJyXt5+fTLzDLLi\/QKivYHRvMGBrQJCXLISPMExXLDxLaEAvkkI\/bOTfaFQ\/SCgpvLcnHAAAAmnRSTlMA+vv7+gT9Bvf9+8z8\/NSv\/Pr5+P7++vnQIBMP\/v38\/Pn348XDiCYf9OjbzcqxXVcx\/fz8+\/rj1r2poo1+fXFqX0orGP7+\/v7+\/fz8+\/r68uzn4trIxsG\/vri3p6GcmZSNbWVYUUZEPQv+\/f39+\/v7+\/v7+vr64tvV1NTTz87FtbSurqeblJKFg4B3bUY+NjL7+\/v7+\/v67t1cDo8JLQAABkRJREFUWMO0kz9rwkAYh0OIeJkum6YugUAhISCdKoj\/P4C7SMdS+gEKIhSKil10LSg4mzXkILdlEpxCpwTiWOLX6BujvQaEQuGeHLnL+\/64J+SIcKGYTYWnntpdLjrVdqvZmNdn0+EE40GtpuuWVS6Xx6N7YDSGpWXpeq02wHgynM7q80az1a52HpddtVcpsi1zFARBrdaxbhp9iUReTGmwA4KAAr7vx3EYejnCMI6hQYEgy0LQi4jUN0wL19vqFcUC9\/1dAKmEEFkWRYkh5oBejnxQJiSJPJ\/uKBp0Thszx9Mw8hMRIQjKsptCfuES9zr5WJY6vSFCIvE9fCMUmEM1A1kSXcYGxgVYsvI1IPKTZciSTI0us\/SMGG04gDzELDoFBwdcFJrF88dqgYMTiL6DILWYyfOWE8\/kIz38olCNlC03FK95+imxp6y4oUSvAnBjHHhKNtotSDqJzVFiK8c2SBqhZtsrTtgrLXwAyduxZHNE26eHUt5rtuM4WSmds3G+sUdWYo1L+XyxButoh5eKUHk5lByO3G1LqqCWVnfrv\/lyPtf\/4ps1cndNGIri8J1TJ0lx6dR\/oPjq1nbRwdp2dCk4CtIOLW3pVKRL6WZfS5vF2KkIQhpwSsjiYIgNCs1gEMGqiIq24NQX9NwoXFy8Ufrl3twTcg4fv8T9\/JBEySduj6Mjm4bMzYV7EEOxKjjoNDud7yY3Dy71Hq2oLmqfbNR723edH9PgMrNL2utoQ3VmaIDkiw\/4w51P06hlZsTZvkRrbVuSIs\/zwSOsycgzStQouoAkWQqioRT5XI7n2Z1wfVhoZmcAJLsoqjqpjbWCgpOAJXBwHK8PzWbNvoUZJND5wCnSkLAkZ1legx6vqQzjoiTahKlGUGLAiIIoABOHaNVw4sexZBym6\/HWlH5h3IC7yRbxtipcWxdTOkORKiNQAEkFf66x5S2oeRbroOlLgg0sSYkR0hRGEqJZ0jTPiQKatESdBckpWigxaapEH0lImHdWu9pUFF2XqMNM2Z4kped7IwEJw2qabwtrQqnpw6HyKkgcadKWsmpywwesDyIhYRpdzXddqegtGIJlXbAIUMOLkGxJUjRIkokwjUaX9d\/kK62ps\/tYUqZLIMkLTyBhsMZ3C5Z\/kDxOSCb\/DOs\/\/J0qcWSX\/2ipe56EgTCA4\/cB7NAYOsni4mZM1MUPAISoEwkDi4lhVBQ1cWQyIcwalw4EpqZN68JUSK7XC0kTlkLYii5uXSC8jT5ncCAS7mjCv0uHp\/3lueHEEAeQ\/\/VgmdN71\/2uCSA1Xr6DO6uI6sW56zqT2tp2PhgiRUAajV8CY2fkcz6WGNKMgLAt7tJAhD4YHMTeRxlALE6+43WqjSWi8ITxyJl8WrwWSNESQZZOqhDDntO3hJLsd5RtSpbJqdv3YrDJH3F7jL1R2O2aQkn2MyCyKYz0GPGIvSAMgBCrCEiJyKbBaYGwLW4uPRr0A0M4Ux5kUI7IBh+hMdiCEWNqhMZGyYMsOgNE58UQuEQeUnSWCMYwL54hkxK6IoqucQZbQ3pc3XtL0lky1dL0zZJJDpWJovFqpWj6JEHnyam2eQp5QRVAVHjWparTOaVwUOx99YS2MvgxIGV0bb+qIg2HX2qkFFJB+XZcbLiuRkuxD9GRroKyveLxdh4d7Orx+hb7qc3uVRuEogCOnyIxm4ubUoPgF4jianDrC+SDQDKEfJb0GUKmjCGPYHGJvVC6X4hw1\/sAfQAdfYyephIaspXe36RwOP+Ljvfx9B6B3i+Nk0DGq+oCbLn6JpBa9nWAveAIHwFAwtVcIJXPMPL8kRu5OAYPMaL1WScTxjiZDqB9LTJSWphow\/pTYKRTLjCBhvi9iBidvKcDasGSm0QQkycYuLBqj6QCELPctqChDWpTRMWkngNNpQ1Pfp1KkiT\/Y0DGffXAweUNfLAfaJFKDwhb6I+bkYRbkERoEeu3Fyjg2opMz2daZCS9jt6Q7txNfB+OZEVF6Zl5web2xunnLQrtrjXseXKaFYziYINeMFZVxS9VxRhOoesYwxPKXm+gWLG9cuFeq93UNNeJNsf1KlwuDok9n02n3TgIJpOxNfL9naIoQwXtfH9kjceTIIi709ncTg6LZbg+biLH1V6u\/7rxBem06VXKn9raAAAAAElFTkSuQmCC\")      no-repeat center center \/ contain;  }  @media screen and (max-width: 960px) and (orientation: portrait) {    .logo {      width: 100%;    }    .logo .pc-banner {      display: none;    }    .logo .m-banner {      display: block;      width: 100%;    }    .logo .m-banner img {      height: auto!important;    }    .ytvideo {      height: 200px;      width: 100%;    }  }<\/style><style>  .video-section {    width: 100%;    margin: 0 auto;  }  .video-section > img {    width: 100%;  }  .video-section iframe,  .video-section video {    width: 100%;    height: 100%;      }  .video-section-img-m,  .video-section-img-pc > img {    width: 100%;    height: auto;  }  .video-section-img-pc.small > img {    width: 970px;  }  .video-desc {    line-height: 1.5;    font-size: 20px;    font-weight: 400;    margin: 20px 0;    text-align: center;    color: #0f1111;    word-break: break-word;  }  @media screen and (max-width: 960px) and (orientation: portrait) {    .video-section {      width: 100%;    }    .video-section-pc,    .video-section-img-pc {      display: none;    }    .video-section-m,    .video-section-img-m {      display: block;    }    .video-desc {      font-size: 15px;    }  }  @media screen and (min-width: 960px) {    .video-section {      width: 100%;      margin: 0 auto;    }    .video-section-pc,    .video-section-img-pc {      display: block;    }    .video-section-m,    .video-section-img-m {      display: none;    }    .video-desc {      font-size: 20px;    }  }<\/style><style>  .section + .section {    margin-top: 35px;  }  .section-title {    text-align: center;    font-weight: bold;    color: #0d1111;    font-family: \"Arial\";    font-size: 32px;    margin: 15px 0;  }  .section-title:empty {    display: none;  }  .section-desc {    text-align: center;    font-weight: normal;    color: #0d1111;    margin-top: 20px;  }  .section-desc:empty {    display: none;  }  .section-img {    width: 1200px;    height: 492px;    margin: 0 auto;    display: block;  }  .section-img.small {    width: 970px;    height: auto;  }  .section-img.small > img {    height: auto;  }  .section-img > img {    width: 100%;    height: 100%;  }  .section-mobile-img {    display: none;    max-width: 100vw;    max-height: 75vw;    height: 450px;    margin: 0 auto;  }  .section-mobile-img > img {    width: 100%;    height: 100%;  }  @media screen and (max-width: 960px) and (orientation: portrait) {    .container {      width: 100%;    }    .container.small {      width: 100%;    }    .section-mobile-img {      display: block;    }    .section-img {      display: none;    }    .section-title {      font-size: 22px;      margin: 10px 0;    }    .section-desc {      margin-top: 10px;    }    .section + .section {      margin-top: 20px;    }  }<\/style><\/head><body><div class=\"container\"><div class=\"logo\"><div class=\"pc-banner\"><div><img decoding=\"async\" src=\"\/vevor\/vevor\/boutique-banner\/pc\/en-pc@1x.jpg\" style=\"width: 100%;\" \/><\/div><\/div><div class=\"m-banner\"><div><img decoding=\"async\" src=\"\/vevor\/vevor\/boutique-banner\/mobile\/en-m@1x.jpg\" style=\"width: 100%;\" \/><\/div><\/div><\/div><div class=\"section-title\">Zem galda eso\u0161ais pastaigu paliktnis<\/div><div class=\"video-section\"><div class=\"video-section-img-pc\"><img decoding=\"async\" src=\"\/vevor\/product\/ZBJKPDDJ0638JZ5Y8\/walking-pad-a100-1.4.jpg\" \/><\/div><div class=\"video-section-img-m\"><img decoding=\"async\" src=\"\/vevor\/product\/ZBJKPDDJ0638JZ5Y8\/walking-pad-a100-1.4-m.jpg\" \/><\/div><div class=\"section-desc\">\u0160is pastaigu paliktnis, kas apr\u012bkots ar 6 silikona amortizatoriem un 5 sl\u0101\u0146u nesl\u012bdo\u0161u skrie\u0161anas jostu, nodro\u0161ina minim\u0101lu ietekmi uz ce\u013cgaliem un pot\u012bt\u0113m, nodro\u0161inot vienm\u0113r\u012bgu un atbalsto\u0161u soli.<\/div><\/div><div class=\"section\"><div class=\"section-title\"><\/div><div class=\"section-img\"><img decoding=\"async\" src=\"\/vevor\/product\/ZBJKPDDJ0638JZ5Y8\/walking-pad-a100-2.2.jpg\" \/><\/div><div class=\"section-mobile-img\"><img decoding=\"async\" src=\"\/vevor\/product\/ZBJKPDDJ0638JZ5Y8\/walking-pad-a100-2.2-m.jpg\" \/><\/div><div class=\"section-desc\">\u0160is zemgalda skrejceli\u0146\u0161 palielina kaloriju pat\u0113ri\u0146u un efekt\u012bvi toniz\u0113 gurnu un ikru musku\u013cus ar sl\u012bpuma iesp\u0113ju l\u012bdz pat 3%. Sasniedz kaloriju sadedzin\u0101\u0161anas \u0101trumu l\u012bdz pat 330 kcal stund\u0101, padarot to ide\u0101li piem\u0113rotu efekt\u012bviem treni\u0146iem m\u0101j\u0101s.<\/div><\/div><div class=\"section\"><div class=\"section-title\"><\/div><div class=\"section-img\"><img decoding=\"async\" src=\"\/vevor\/product\/ZBJKPDDJ0638JZ5Y8\/walking-pad-a100-2.3.jpg\" \/><\/div><div class=\"section-mobile-img\"><img decoding=\"async\" src=\"\/vevor\/product\/ZBJKPDDJ0638JZ5Y8\/walking-pad-a100-2.3-m.jpg\" \/><\/div><div class=\"section-desc\">Tren\u0113jieties m\u0101j\u0101s bez uzman\u012bbas nov\u0113r\u0161anas, pateicoties m\u016bsu jaud\u012bgajam 2,5 ZS, bet klusajam motoram. \u0160is p\u0101rn\u0113s\u0101jamais pastaigu paliktnis darbojas ar maz\u0101k nek\u0101 55 dB troksni, \u013caujot jums tren\u0113ties jebkur\u0101 diennakts laik\u0101, netrauc\u0113jot citus m\u0101jsaimniec\u012bb\u0101.<\/div><\/div><div class=\"section\"><div class=\"section-title\"><\/div><div class=\"section-img\"><img decoding=\"async\" src=\"\/vevor\/product\/ZBJKPDDJ0638JZ5Y8\/walking-pad-a100-2.4.jpg\" \/><\/div><div class=\"section-mobile-img\"><img decoding=\"async\" src=\"\/vevor\/product\/ZBJKPDDJ0638JZ5Y8\/walking-pad-a100-2.4-m.jpg\" \/><\/div><div class=\"section-desc\">M\u016bsu skrie\u0161anas trena\u017eieri ir viegli uzglab\u0101t un p\u0101rvietot. To var bez piep\u016bles novietot zem m\u0113bel\u0113m, piem\u0113ram, d\u012bv\u0101na vai gultas. Ieb\u016bv\u0113tie rite\u0146i v\u0113l vair\u0101k uzlabo p\u0101rnesam\u012bbu, padarot to \u0113rti p\u0101rvietojamu p\u0113c nepiecie\u0161am\u012bbas.<\/div><\/div><div class=\"section\"><div class=\"section-title\"><\/div><div class=\"section-img\"><img decoding=\"async\" src=\"\/vevor\/product\/ZBJKPDDJ0638JZ5Y8\/walking-pad-a100-2.5.jpg\" \/><\/div><div class=\"section-mobile-img\"><img decoding=\"async\" src=\"\/vevor\/product\/ZBJKPDDJ0638JZ5Y8\/walking-pad-a100-2.5-m.jpg\" \/><\/div><div class=\"section-desc\">Viegli izsekojiet savu vingrin\u0101jumu progresu, izmantojot t\u0101lvad\u012bbas pulti vai viedlietotni. Svar\u012bg\u0101ko r\u0101d\u012bt\u0101ju, piem\u0113ram, \u0101truma, kaloriju, laika un att\u0101luma, r\u0101d\u012b\u0161ana re\u0101llaik\u0101 nodro\u0161ina visaptvero\u0161u fizisk\u0101s sagatavot\u012bbas uzraudz\u012bbu.<\/div><\/div><div class=\"section\"><div class=\"section-img\"><img decoding=\"async\" src=\"\/vevor\/product\/ZBJKPDDJ0638JZ5Y8\/walking-pad-a100-1.11.jpg\" \/><\/div><div class=\"section-mobile-img\"><img decoding=\"async\" src=\"\/vevor\/product\/ZBJKPDDJ0638JZ5Y8\/walking-pad-a100-1.11-m.jpg\" \/><\/div><\/div><\/div><\/body><\/html><\/div>\n<div class=\"DM_at-title\" id=\"js-DM_at-title\"> <div>Produkta specifik\u0101cija<\/div> <i class=\"icon-arrowup_line\"><\/i> <\/div><div class=\"DM_at-goodsDescAttr\" id=\"js-DM_at-goodsDescAttr\"> <div class=\"DM_at-goodsDescAttrInner\"> <dl class=\"goodsDesc_item goodsDesc_item_even\"> <dt>Preces Mode\u013ca Numurs<\/dt> <dd> S7Y<\/dd> <\/dl> <dl class=\"goodsDesc_item\"> <dt>Kr\u0101sa<\/dt> <dd> Mat\u0113ta melna<\/dd> <\/dl> <dl class=\"goodsDesc_item goodsDesc_item_even\"> <dt>Svars, Tilpums<\/dt> <dd> 265 m\u0101rci\u0146as \/ 120 kg<\/dd> <\/dl> <dl class=\"goodsDesc_item\"> <dt>Neto Svars<\/dt> <dd> 41 m\u0101rci\u0146a \/ 18,5 kg<\/dd> <\/dl> <dl class=\"goodsDesc_item goodsDesc_item_even\"> <dt>\u0100truma diapazons<\/dt> <dd> 0,6\u20133,8 j\u016bdzes stund\u0101 \/ 1\u20136 km\/h<\/dd> <\/dl> <dl class=\"goodsDesc_item\"> <dt>Skrie\u0161anas zona<\/dt> <dd> 15,2 \"x41\" \/ 385x1045 mm<\/dd> <\/dl> <\/div> <\/div>","protected":false},"excerpt":{"rendered":"<ul>\n<li> Uzlabota triecienu absorbcija: Izbaudiet \u0113rtu pastaigu pieredzi ar m\u016bsu uzlaboto triecienu absorbcijas sist\u0113mu. Apr\u012bkots ar 6 silikona triecienu absorb\u0113t\u0101jiem un 5 sl\u0101\u0146u nesl\u012bdo\u0161u skrie\u0161anas jostu, \u0161is pastaigu paliktnis nodro\u0161ina minim\u0101lu triecienu uz j\u016bsu ce\u013cgaliem un pot\u012bt\u0113m. <\/li>\n<li> \u0100tr\u0101ka sadedzin\u0101\u0161ana ar sl\u012bpumu: \u0161\u012b zemgalda skrejceli\u0146a uzlabo kaloriju dedzin\u0101\u0161anu un efekt\u012bvi veido gurnu un ikru musku\u013cus ar sl\u012bpumu l\u012bdz pat 3%. T\u0101 sasniedz kaloriju dedzin\u0101\u0161anas \u0101trumu l\u012bdz 330 kcal stund\u0101, kas ir ide\u0101li piem\u0113rots efekt\u012bviem treni\u0146iem m\u0101j\u0101s. <\/li>\n<li> Jaud\u012bgs &amp; Klusais motors: tren\u0113jieties m\u0101j\u0101s bez trok\u0161\u0146a trauc\u0113k\u013ciem, pateicoties jaud\u012bgajam un klusajam motoram. \u0160is p\u0101rn\u0113s\u0101jamais pastaigu paliktnis, kas lepojas ar 2,5 ZS motora jaudu, darbojas ar \u0101trumu, kas maz\u0101ks par 55 dB, \u013caujot jums vingrot jebkur\u0101 diennakts laik\u0101, netrauc\u0113jot citiem j\u016bsu m\u0101jsaimniec\u012bb\u0101.  <\/li>\n<li> Ultra-Slim &amp; Space-Saving: kompaktais dizains \u013cauj viegli uzglab\u0101t un p\u0101rvietot \u0161o skrie\u0161anas skrie\u0161anas ma\u0161\u012bnu Ar gludu 4,7 collu (120 mm) biezumu tas var viegli ietilpt zem d\u012bv\u0101na, gultas utt. Ieb\u016bv\u0113tie rite\u0146i \u013cauj bez piep\u016bles to p\u0101rvietot, kad tas ir nepiecie\u0161ams.Dizains bez uzst\u0101d\u012b\u0161anas, gatavs lieto\u0161anai tie\u0161i no kastes.\u00a0 <\/li>\n<li> Intuit\u012bvs LED displejs: Viegli uzraugiet treni\u0146a progresu, izmantojot t\u0101lvad\u012bbas pulti vai viedlietotni. Svar\u012bg\u0101ko r\u0101d\u012bt\u0101ju, tostarp \u0101truma, kaloriju, laika un att\u0101luma, att\u0113lo\u0161ana re\u0101llaik\u0101, lai nodro\u0161in\u0101tu inform\u0113tu fitnesa izseko\u0161anu. <\/li>\n<\/ul>","protected":false},"featured_media":343023,"comment_status":"closed","ping_status":"open","template":"","meta":{"om_disable_all_campaigns":false,"_monsterinsights_skip_tracking":false,"_monsterinsights_sitenote_active":false,"_monsterinsights_sitenote_note":"","_monsterinsights_sitenote_category":0,"_uf_show_specific_survey":0,"_uf_disable_surveys":false},"location":[1935,1934],"product_brand":[21],"product_cat":[3082,2386,2378,3083,3084],"product_tag":[],"class_list":{"0":"post-55447","1":"product","2":"type-product","3":"status-publish","4":"has-post-thumbnail","6":"location-supplier_stock_location","7":"location-local_stock_location","8":"product_brand-vevor","9":"product_cat-cardio-equipment","10":"product_cat-exercise-equipment","11":"product_cat-sports-outdoors","12":"product_cat-treadmills","13":"product_cat-walking-pad-treadmills","15":"first","16":"instock","17":"taxable","18":"shipping-taxable","19":"purchasable","20":"product-type-simple"},"aioseo_notices":[],"jetpack_sharing_enabled":true,"locations":[{"id":1935,"name":"Pieg\u0101d\u0101ja noliktav\u0101 (5-7dd.d)","slug":"supplier_stock_location","quantity":"70"},{"id":1934,"name":"R\u012bgas veikal\u0101 (0-2d.d.)","slug":"local_stock_location","quantity":"0"}],"_links":{"self":[{"href":"https:\/\/vevorshop.lv\/lv\/wp-json\/wp\/v2\/product\/55447","targetHints":{"allow":["GET"]}}],"collection":[{"href":"https:\/\/vevorshop.lv\/lv\/wp-json\/wp\/v2\/product"}],"about":[{"href":"https:\/\/vevorshop.lv\/lv\/wp-json\/wp\/v2\/types\/product"}],"replies":[{"embeddable":true,"href":"https:\/\/vevorshop.lv\/lv\/wp-json\/wp\/v2\/comments?post=55447"}],"wp:featuredmedia":[{"embeddable":true,"href":"https:\/\/vevorshop.lv\/lv\/wp-json\/wp\/v2\/media\/343023"}],"wp:attachment":[{"href":"https:\/\/vevorshop.lv\/lv\/wp-json\/wp\/v2\/media?parent=55447"}],"wp:term":[{"taxonomy":"location","embeddable":true,"href":"https:\/\/vevorshop.lv\/lv\/wp-json\/wp\/v2\/location?post=55447"},{"taxonomy":"product_brand","embeddable":true,"href":"https:\/\/vevorshop.lv\/lv\/wp-json\/wp\/v2\/product_brand?post=55447"},{"taxonomy":"product_cat","embeddable":true,"href":"https:\/\/vevorshop.lv\/lv\/wp-json\/wp\/v2\/product_cat?post=55447"},{"taxonomy":"product_tag","embeddable":true,"href":"https:\/\/vevorshop.lv\/lv\/wp-json\/wp\/v2\/product_tag?post=55447"}],"curies":[{"name":"wp","href":"https:\/\/api.w.org\/{rel}","templated":true}]}}