{"id":55455,"date":"2024-11-20T03:41:00","date_gmt":"2024-11-20T03:41:00","guid":{"rendered":"http:\/\/vevorshop.edigo.lv\/Prece\/vevor-bench-drill-press-203-2mm-8-inch-2-3a-induction-motor-500w-maximum-power-tabletop-drilling-machine-with-550-950-1450-1950-2500-rpm-variable-5-speed-control-0-45-tilta\/"},"modified":"2026-02-26T16:55:01","modified_gmt":"2026-02-26T14:55:01","slug":"vevor-bench-drill-press-203-2mm-8-inch-2-3a-induction-motor-500w-maximum-power-tabletop-drilling-machine-with-550-950-1450-1950-2500-rpm-variable-5-speed-control-0-45-tilta","status":"publish","type":"product","link":"https:\/\/vevorshop.lv\/lv\/Prece\/vevor-galda-urbjmasina-203-2mm-8-collu-2-3a-indukcijas-motors-500w-maksimala-jauda-galda-urbjmasina-ar-550-950-950-1450-1950-2500-apgr-min-mainigu-5-atrumu-kontroli-0-45-tilta\/","title":{"rendered":"VEVOR 203 mm galda urbjma\u0161\u012bna, 500W motors, 5 \u0101trumi 500\u20132500 RPM, 45\u00b0 sl\u012bpa virsma, LED apgaismojums, koksnei un met\u0101lam"},"content":{"rendered":"<div style=\"color: #fff!important; font-size: 16px; height: 24px; line-height: 24px; margin-top: -24px; \" class=\"product_original_name\">VEVOR 203.2mm\/8-inch Benchtop Drill Press, 500W Induction Motor, Tabletop Drilling Machine with 550 \/ 950 \/ 1450 \/ 1950 \/ 2500 RPM Adjustable Speed, 0-45\u00b0 Tilting Worktable, LED Work Light, for Wood Metal<\/div>\n<div style=\"color: #fff!important; font-size: 16px; height: 24px; line-height: 24px; margin-top: -24px; \" class=\"product_sku\">M4I4MD4X<\/div>\n<div style=\"color: #fff!important; font-size: 16px; height: 24px; line-height: 24px; margin-top: -24px; \" class=\"product_mpn\">TSZC23A5D800191DHV2<\/div><div id=\"js-DM_at-goodDescRich\"><html><head><style>  body {    font-family: Arial;    line-height: 1.5;    color: #1c1c1c;    overflow-x: hidden;    margin: 0;    padding: 0;  }  .MsoNormal b {    font-weight: bolder;  }<\/style><style>  .container.small {    width: 970px;    margin: 0 auto;  }  .logo {    margin: 0 auto 0;  }  .logo img {    display: block;    margin: 0 auto;    max-width: 100%;  }  .logo .pc-banner {    display: block;    width: 1200px;    height: 247.4px;    margin: 0 auto;  }  .logo .pc-banner.small {    width: 970px;  }  .logo .pc-banner.small img {    height: auto!important;  }  .logo .m-banner {    display: none;  }  .ytvideo {    position: relative;    height: 546px;    width: 100%;    margin: 0 auto;  }  .ytvideo img {    width: 100%;    margin: 0 auto;  }  .ytvideo .play-btn {    width: 60px;    height: 42px;    position: absolute;    top: 50%;    left: 50%;    transform: translate(-50%, -50%);    background: url(\"data:image\/png;base64,iVBORw0KGgoAAAANSUhEUgAAAGQAAABGCAMAAAANWMFbAAAC+lBMVEUAAADBGB3kLCfBGB3kLCfcJC7BFx3KKSbiKybkLCbWJCPSIiLSIiLPICHAFx3kLCfgKSXNHiDZJiTIGx\/p4eHcjo7LHSDbJyTkLCbjKyfOHyHPIiL28fHJHB\/GGh7EGR7eKCXDGB3RISHlLSbBGB3AFxzGHB7DGB7BGB3hKybkKybAFx3lLCfAFxzDGR3hKibDGB7cJyTmz8\/elJTlwcHjurrUIyLlLSflLSfAFx3DGR7lLSfCFx3hKibhKibhKybjKybkLCblLSfbJSX49vbx7e3NNzjNMTLMJyjVIyLZf3\/ZQ0LaeHjx0tLgoqLkLCfCGB3HGx\/BGB3BFx3PICHCGB7WJCLOHyC\/Fxy\/Fx3lLCfQISHkLSe\/FxzbJiTBFx3FGx\/AGB7BFx3EGR7AGB3HHSDfKiXAFh3TISHYNzbhKibbJyTTIiL57e325+f039\/v2NjUV1fOHiHiqanfmprch4feKSXVIyPOICHmLibFGh\/mLSe\/Fx7XJCPeKSXXJSPNHyHaJyTGGh7lLCbmLCflLSjSIiLkLCbdKSXLHiC\/GB3KHh++Fh3lKyfoLiXcKCPkx8fYb2\/XaGfVXl3aU1LLHiDksbHgKibPICHbJyTfKSXbJyTCGB3KHSDiKybFGh7TIiL\/\/\/\/VIyPRISHIHB\/GGx\/HHB\/DGR7gKibdKCXLHiDZJiTMHiDNHyHYJSTOICHPICHWJCPcKCXXJSPjLCblLCf+\/f3NGR\/uLijzLynPGR\/IGB7WISHaIyLLGh7UAADxLynNAADRLzDbICLQAADIAAD3MCrUHSHXMTDpKSbLAADp5OTij4\/ejo\/VLy\/1LyngJSTcJCPQHx\/OHB7+\/PzaMS\/OLS\/vLijrLSjSAADaNTPwLyjkKSbNJCbYISHPHB\/KGB7WAAD7+vrn3d3aKynTKCjoLCfsKifRGh\/YAADq5+fhjo7QNDXXKCfmJyXt5+fTLzDLLi\/QKivYHRvMGBrQJCXLISPMExXLDxLaEAvkkI\/bOTfaFQ\/SCgpvLcnHAAAAmnRSTlMA+vv7+gT9Bvf9+8z8\/NSv\/Pr5+P7++vnQIBMP\/v38\/Pn348XDiCYf9OjbzcqxXVcx\/fz8+\/rj1r2poo1+fXFqX0orGP7+\/v7+\/fz8+\/r68uzn4trIxsG\/vri3p6GcmZSNbWVYUUZEPQv+\/f39+\/v7+\/v7+vr64tvV1NTTz87FtbSurqeblJKFg4B3bUY+NjL7+\/v7+\/v67t1cDo8JLQAABkRJREFUWMO0kz9rwkAYh0OIeJkum6YugUAhISCdKoj\/P4C7SMdS+gEKIhSKil10LSg4mzXkILdlEpxCpwTiWOLX6BujvQaEQuGeHLnL+\/64J+SIcKGYTYWnntpdLjrVdqvZmNdn0+EE40GtpuuWVS6Xx6N7YDSGpWXpeq02wHgynM7q80az1a52HpddtVcpsi1zFARBrdaxbhp9iUReTGmwA4KAAr7vx3EYejnCMI6hQYEgy0LQi4jUN0wL19vqFcUC9\/1dAKmEEFkWRYkh5oBejnxQJiSJPJ\/uKBp0Thszx9Mw8hMRIQjKsptCfuES9zr5WJY6vSFCIvE9fCMUmEM1A1kSXcYGxgVYsvI1IPKTZciSTI0us\/SMGG04gDzELDoFBwdcFJrF88dqgYMTiL6DILWYyfOWE8\/kIz38olCNlC03FK95+imxp6y4oUSvAnBjHHhKNtotSDqJzVFiK8c2SBqhZtsrTtgrLXwAyduxZHNE26eHUt5rtuM4WSmds3G+sUdWYo1L+XyxButoh5eKUHk5lByO3G1LqqCWVnfrv\/lyPtf\/4ps1cndNGIri8J1TJ0lx6dR\/oPjq1nbRwdp2dCk4CtIOLW3pVKRL6WZfS5vF2KkIQhpwSsjiYIgNCs1gEMGqiIq24NQX9NwoXFy8Ufrl3twTcg4fv8T9\/JBEySduj6Mjm4bMzYV7EEOxKjjoNDud7yY3Dy71Hq2oLmqfbNR723edH9PgMrNL2utoQ3VmaIDkiw\/4w51P06hlZsTZvkRrbVuSIs\/zwSOsycgzStQouoAkWQqioRT5XI7n2Z1wfVhoZmcAJLsoqjqpjbWCgpOAJXBwHK8PzWbNvoUZJND5wCnSkLAkZ1legx6vqQzjoiTahKlGUGLAiIIoABOHaNVw4sexZBym6\/HWlH5h3IC7yRbxtipcWxdTOkORKiNQAEkFf66x5S2oeRbroOlLgg0sSYkR0hRGEqJZ0jTPiQKatESdBckpWigxaapEH0lImHdWu9pUFF2XqMNM2Z4kped7IwEJw2qabwtrQqnpw6HyKkgcadKWsmpywwesDyIhYRpdzXddqegtGIJlXbAIUMOLkGxJUjRIkokwjUaX9d\/kK62ps\/tYUqZLIMkLTyBhsMZ3C5Z\/kDxOSCb\/DOs\/\/J0qcWSX\/2ipe56EgTCA4\/cB7NAYOsni4mZM1MUPAISoEwkDi4lhVBQ1cWQyIcwalw4EpqZN68JUSK7XC0kTlkLYii5uXSC8jT5ncCAS7mjCv0uHp\/3lueHEEAeQ\/\/VgmdN71\/2uCSA1Xr6DO6uI6sW56zqT2tp2PhgiRUAajV8CY2fkcz6WGNKMgLAt7tJAhD4YHMTeRxlALE6+43WqjSWi8ITxyJl8WrwWSNESQZZOqhDDntO3hJLsd5RtSpbJqdv3YrDJH3F7jL1R2O2aQkn2MyCyKYz0GPGIvSAMgBCrCEiJyKbBaYGwLW4uPRr0A0M4Ux5kUI7IBh+hMdiCEWNqhMZGyYMsOgNE58UQuEQeUnSWCMYwL54hkxK6IoqucQZbQ3pc3XtL0lky1dL0zZJJDpWJovFqpWj6JEHnyam2eQp5QRVAVHjWparTOaVwUOx99YS2MvgxIGV0bb+qIg2HX2qkFFJB+XZcbLiuRkuxD9GRroKyveLxdh4d7Orx+hb7qc3uVRuEogCOnyIxm4ubUoPgF4jianDrC+SDQDKEfJb0GUKmjCGPYHGJvVC6X4hw1\/sAfQAdfYyephIaspXe36RwOP+Ljvfx9B6B3i+Nk0DGq+oCbLn6JpBa9nWAveAIHwFAwtVcIJXPMPL8kRu5OAYPMaL1WScTxjiZDqB9LTJSWphow\/pTYKRTLjCBhvi9iBidvKcDasGSm0QQkycYuLBqj6QCELPctqChDWpTRMWkngNNpQ1Pfp1KkiT\/Y0DGffXAweUNfLAfaJFKDwhb6I+bkYRbkERoEeu3Fyjg2opMz2daZCS9jt6Q7txNfB+OZEVF6Zl5web2xunnLQrtrjXseXKaFYziYINeMFZVxS9VxRhOoesYwxPKXm+gWLG9cuFeq93UNNeJNsf1KlwuDok9n02n3TgIJpOxNfL9naIoQwXtfH9kjceTIIi709ncTg6LZbg+biLH1V6u\/7rxBem06VXKn9raAAAAAElFTkSuQmCC\")      no-repeat center center \/ contain;  }  @media screen and (max-width: 960px) and (orientation: portrait) {    .logo {      width: 100%;    }    .logo .pc-banner {      display: none;    }    .logo .m-banner {      display: block;      width: 100%;    }    .logo .m-banner img {      height: auto!important;    }    .ytvideo {      height: 200px;      width: 100%;    }  }<\/style><style>  .video-section {    width: 100%;    margin: 0 auto;  }  .video-section > img {    width: 100%;  }  .video-section iframe,  .video-section video {    width: 100%;    height: 100%;      }  .video-section-img-m,  .video-section-img-pc > img {    width: 100%;    height: auto;  }  .video-section-img-pc.small > img {    width: 970px;  }  .video-desc {    line-height: 1.5;    font-size: 20px;    font-weight: 400;    margin: 20px 0;    text-align: center;    color: #0f1111;    word-break: break-word;  }  @media screen and (max-width: 960px) and (orientation: portrait) {    .video-section {      width: 100%;    }    .video-section-pc,    .video-section-img-pc {      display: none;    }    .video-section-m,    .video-section-img-m {      display: block;    }    .video-desc {      font-size: 15px;    }  }  @media screen and (min-width: 960px) {    .video-section {      width: 100%;      margin: 0 auto;    }    .video-section-pc,    .video-section-img-pc {      display: block;    }    .video-section-m,    .video-section-img-m {      display: none;    }    .video-desc {      font-size: 20px;    }  }<\/style><style>  .section + .section {    margin-top: 35px;  }  .section-title {    text-align: center;    font-weight: bold;    color: #0d1111;    font-family: \"Arial\";    font-size: 32px;    margin: 15px 0;  }  .section-title:empty {    display: none;  }  .section-desc {    text-align: center;    font-weight: normal;    color: #0d1111;    margin-top: 20px;  }  .section-desc:empty {    display: none;  }  .section-img {    width: 1200px;    height: 492px;    margin: 0 auto;    display: block;  }  .section-img.small {    width: 970px;    height: auto;  }  .section-img.small > img {    height: auto;  }  .section-img > img {    width: 100%;    height: 100%;  }  .section-mobile-img {    display: none;    max-width: 100vw;    max-height: 75vw;    height: 450px;    margin: 0 auto;  }  .section-mobile-img > img {    width: 100%;    height: 100%;  }  @media screen and (max-width: 960px) and (orientation: portrait) {    .container {      width: 100%;    }    .container.small {      width: 100%;    }    .section-mobile-img {      display: block;    }    .section-img {      display: none;    }    .section-title {      font-size: 22px;      margin: 10px 0;    }    .section-desc {      margin-top: 10px;    }    .section + .section {      margin-top: 20px;    }  }<\/style><\/head><body><div class=\"container\"><div class=\"logo\"><div class=\"pc-banner\"><div><img decoding=\"async\" src=\"\/vevor\/vevor\/boutique-banner\/pc\/en-pc@1x.jpg\" style=\"width: 100%;\" \/><\/div><\/div><div class=\"m-banner\"><div><img decoding=\"async\" src=\"\/vevor\/vevor\/boutique-banner\/mobile\/en-m@1x.jpg\" style=\"width: 100%;\" \/><\/div><\/div><\/div><div class=\"section-title\">8 collu galda urb\u0161anas iek\u0101rta, paceliet savus DIY projektus augst\u0101k<\/div><div class=\"video-section\"><div class=\"video-section-img-pc\"><img decoding=\"async\" src=\"\/vevor\/product\/TSZC23A5D800191DH\/bench-drill-press-uk-a100-1.4.jpg\" \/><\/div><div class=\"video-section-img-m\"><img decoding=\"async\" src=\"\/vevor\/product\/TSZC23A5D800191DH\/bench-drill-press-a100-1.4-m.jpg\" \/><\/div><div class=\"section-desc\">Ar piln\u012bb\u0101 vara indukcijas motoru un 5 \u0101trumu regul\u0113\u0161anu m\u016bsu galda urb\u0161anas iek\u0101rta tiek gal\u0101 ar kokapstr\u0101des, met\u0101lapstr\u0101des vai citiem urb\u0161anas darbiem. LED darba apgaismojums apgaismo j\u016bsu darba vietu, savuk\u0101rt 45\u00b0 sl\u012bpum\u0101 regul\u0113jamais darba galds nodro\u0161ina elast\u012bbu un precizit\u0101ti sare\u017e\u0123\u012btu urb\u0161anas darbu veik\u0161anai.<\/div><\/div><div class=\"section\"><div class=\"section-title\"><\/div><div class=\"section-img\"><img decoding=\"async\" src=\"\/vevor\/product\/TSZC23A5D800191DH\/bench-drill-press-uk-a100-2.2.jpg\" \/><\/div><div class=\"section-mobile-img\"><img decoding=\"async\" src=\"\/vevor\/product\/TSZC23A5D800191DH\/bench-drill-press-a100-2.2-m.jpg\" \/><\/div><div class=\"section-desc\">P\u0101rsl\u0113dzieties starp 5 \u0101truma iestat\u012bjumiem, regul\u0113jot lentes poz\u012bciju, piel\u0101gojot galda urb\u0161anas iek\u0101rtas \u0101trumu da\u017e\u0101diem materi\u0101liem un sagataves izm\u0113riem, lai nodro\u0161in\u0101tu optim\u0101lu efektivit\u0101ti un precizit\u0101ti.<\/div><\/div><div class=\"section\"><div class=\"section-title\"><\/div><div class=\"section-img\"><img decoding=\"async\" src=\"\/vevor\/product\/TSZC23A5D800191DH\/bench-drill-press-uk-a100-2.3.jpg\" \/><\/div><div class=\"section-mobile-img\"><img decoding=\"async\" src=\"\/vevor\/product\/TSZC23A5D800191DH\/bench-drill-press-a100-2.3-m.jpg\" \/><\/div><div class=\"section-desc\">Izgatavots no bieza met\u0101la, darba galds pied\u0101v\u0101 izcilu stabilit\u0101ti. Tam ir ar\u012b regul\u0113jams augstums un 45\u00b0 sl\u012bpums gan horizont\u0101li, gan vertik\u0101li, kas ir ide\u0101li piem\u0113rots prec\u012bzai pozicion\u0113\u0161anai sare\u017e\u0123\u012btos urb\u0161anas darbos.<\/div><\/div><div class=\"section\"><div class=\"section-title\"><\/div><div class=\"section-img\"><img decoding=\"async\" src=\"\/vevor\/product\/TSZC23A5D800191DH\/bench-drill-press-uk-a100-2.4.jpg\" \/><\/div><div class=\"section-mobile-img\"><img decoding=\"async\" src=\"\/vevor\/product\/TSZC23A5D800191DH\/bench-drill-press-a100-2.4-m.jpg\" \/><\/div><div class=\"section-desc\">M\u016bsu galda urb\u0161anas iek\u0101rtai ir regul\u0113jams dzi\u013cuma ierobe\u017eot\u0101js ar 50 mm v\u0101rpstas g\u0101jienu, kas \u013cauj iestat\u012bt prec\u012bzu urb\u0161anas dzi\u013cumu, lai ieg\u016btu nemain\u012bgus rezult\u0101tus. T\u0101 ir apr\u012bkota ar\u012b ar augstas kvalit\u0101tes dzes\u0113\u0161anas sist\u0113mu lielapjoma apstr\u0101dei.<\/div><\/div><div class=\"section\"><div class=\"section-title\"><\/div><div class=\"section-img\"><img decoding=\"async\" src=\"\/vevor\/product\/TSZC23A5D800191DH\/bench-drill-press-uk-a100-2.5.jpg\" \/><\/div><div class=\"section-mobile-img\"><img decoding=\"async\" src=\"\/vevor\/product\/TSZC23A5D800191DH\/bench-drill-press-a100-2.5-m.jpg\" \/><\/div><div class=\"section-desc\">Stabilit\u0101te ir \u013coti svar\u012bga prec\u012bzai urb\u0161anai. M\u016bsu B16 patrona, kas ir saciet\u0113ta ar r\u016bd\u012b\u0161anas metodi, nodro\u0161ina dro\u0161u urbja satv\u0113rienu, vairs nav j\u0101uztraucas par deform\u0101ciju.<\/div><\/div><div class=\"section\"><div class=\"section-img\"><img decoding=\"async\" src=\"\/vevor\/product\/TSZC23A5D800191DH\/bench-drill-press-uk-a100-1.11.jpg\" \/><\/div><div class=\"section-mobile-img\"><img decoding=\"async\" src=\"\/vevor\/product\/TSZC23A5D800191DH\/bench-drill-press-a100-1.11-m.jpg\" \/><\/div><\/div><\/div><\/body><\/html><\/div>\n<div class=\"DM_at-title\" id=\"js-DM_at-title\"> <div>Produkta specifik\u0101cija<\/div> <i class=\"icon-arrowup_line\"><\/i> <\/div><div class=\"DM_at-goodsDescAttr\" id=\"js-DM_at-goodsDescAttr\"> <div class=\"DM_at-goodsDescAttrInner\"> <dl class=\"goodsDesc_item goodsDesc_item_even\"> <dt>Preces Mode\u013ca Numurs<\/dt> <dd> DP20013B<\/dd> <\/dl> <dl class=\"goodsDesc_item\"> <dt>\u0160\u016bpoles<\/dt> <dd> 8 collas\/203,2 mm<\/dd> <\/dl> <dl class=\"goodsDesc_item goodsDesc_item_even\"> <dt>Maksim\u0101l\u0101 jauda<\/dt> <dd> 500 W<\/dd> <\/dl> <dl class=\"goodsDesc_item\"> <dt>V\u0101rpstas \u0100trums<\/dt> <dd> 500\/890\/1400\/1900\/2500 RPM<\/dd> <\/dl> <dl class=\"goodsDesc_item goodsDesc_item_even\"> <dt>Galvenais materi\u0101ls<\/dt> <dd> Q235, HT150<\/dd> <\/dl> <dl class=\"goodsDesc_item\"> <dt>Patronas ietilp\u012bba<\/dt> <dd> \u226413 mm<\/dd> <\/dl> <\/div> <\/div>","protected":false},"excerpt":{"rendered":"<ul>\n<li> Izcila urb\u0161anas veiktsp\u0113ja: Darbin\u0101ms ar sp\u0113c\u012bgu 500 W indukcijas motoru, \u0161\u012b galda urb\u0161anas iek\u0101rta nodro\u0161ina izcilu jaudu un stabilit\u0101ti, garant\u0113jot pirmklas\u012bgu veiktsp\u0113ju pat ilgsto\u0161u urb\u0161anas sesiju laik\u0101. <\/li>\n<li> Variable 5-Speed Control: Customize your drilling experience with five adjustable speeds ranging from 500 to 2500 RPM. Effortlessly switch between speeds by adjusting the belt, our bench drill press allowing you to tackle a variety of materials and projects with precision. <\/li>\n<li> Spilgts LED darba apgaismojums: Nekad nepalaidiet gar\u0101m deta\u013cu ar integr\u0113to LED darba apgaismojumu. M\u016bsu galda urb\u0161anas iek\u0101rtas LED darba apgaismojums izgaismo j\u016bsu darba vietu, nodro\u0161inot skaidru redzam\u012bbu un atvieglojot prec\u012bzu un efekt\u012bvu darbu pat v\u0101ji apgaismotos apst\u0101k\u013cos. <\/li>\n<li> Prec\u012bza urb\u0161ana: Sasniedziet nevainojamus rezult\u0101tus ar m\u016bsu urb\u0161anas iek\u0101rtas zemo radi\u0101lo izvirz\u012bjumu un maksim\u0101lo urb\u0161anas diametru 13 mm. Regul\u0113jamais dzi\u013cuma ierobe\u017eot\u0101js un 50 mm v\u0101rpstas g\u0101jiens \u013cauj iestat\u012bt prec\u012bzu urb\u0161anas dzi\u013cumu, lai katru reizi ieg\u016btu perfektus caurumus. <\/li>\n<li> Flexible &#038; Adjustable Worktable: Experience unmatched flexibility and stability with the thick metal worktable that adjusts in height and tilts up to 45\u00b0. Our benchtop drill press is ideal for precise, complex drilling hole tasks, making it an invaluable tool for any workshop. <\/li>\n<\/ul>","protected":false},"featured_media":343119,"comment_status":"closed","ping_status":"open","template":"","meta":{"om_disable_all_campaigns":false,"_monsterinsights_skip_tracking":false,"_monsterinsights_sitenote_active":false,"_monsterinsights_sitenote_note":"","_monsterinsights_sitenote_category":0,"_uf_show_specific_survey":0,"_uf_disable_surveys":false},"location":[1935,1934],"product_brand":[21],"product_cat":[2576,2472,2575,2397,2374],"product_tag":[],"class_list":{"0":"post-55455","1":"product","2":"type-product","3":"status-publish","4":"has-post-thumbnail","6":"location-supplier_stock_location","7":"location-local_stock_location","8":"product_brand-vevor","9":"product_cat-drill-press-milling-machines-drill-presses","10":"product_cat-metalworking-tools","11":"product_cat-milling-machines-drill-presses","12":"product_cat-power-tools-tools","13":"product_cat-tools","15":"first","16":"outofstock","17":"taxable","18":"shipping-taxable","19":"purchasable","20":"product-type-simple"},"aioseo_notices":[],"jetpack_sharing_enabled":true,"locations":[{"id":1935,"name":"Pieg\u0101d\u0101t\u0101ja noliktav\u0101 (5-7d.d.)","slug":"supplier_stock_location","quantity":"0"},{"id":1934,"name":"R\u012bgas veikal\u0101 (0-2d.d.)","slug":"local_stock_location","quantity":"0"}],"_links":{"self":[{"href":"https:\/\/vevorshop.lv\/lv\/wp-json\/wp\/v2\/product\/55455","targetHints":{"allow":["GET"]}}],"collection":[{"href":"https:\/\/vevorshop.lv\/lv\/wp-json\/wp\/v2\/product"}],"about":[{"href":"https:\/\/vevorshop.lv\/lv\/wp-json\/wp\/v2\/types\/product"}],"replies":[{"embeddable":true,"href":"https:\/\/vevorshop.lv\/lv\/wp-json\/wp\/v2\/comments?post=55455"}],"wp:featuredmedia":[{"embeddable":true,"href":"https:\/\/vevorshop.lv\/lv\/wp-json\/wp\/v2\/media\/343119"}],"wp:attachment":[{"href":"https:\/\/vevorshop.lv\/lv\/wp-json\/wp\/v2\/media?parent=55455"}],"wp:term":[{"taxonomy":"location","embeddable":true,"href":"https:\/\/vevorshop.lv\/lv\/wp-json\/wp\/v2\/location?post=55455"},{"taxonomy":"product_brand","embeddable":true,"href":"https:\/\/vevorshop.lv\/lv\/wp-json\/wp\/v2\/product_brand?post=55455"},{"taxonomy":"product_cat","embeddable":true,"href":"https:\/\/vevorshop.lv\/lv\/wp-json\/wp\/v2\/product_cat?post=55455"},{"taxonomy":"product_tag","embeddable":true,"href":"https:\/\/vevorshop.lv\/lv\/wp-json\/wp\/v2\/product_tag?post=55455"}],"curies":[{"name":"wp","href":"https:\/\/api.w.org\/{rel}","templated":true}]}}