{"id":55530,"date":"2024-11-20T03:48:34","date_gmt":"2024-11-20T03:48:34","guid":{"rendered":"http:\/\/vevorshop.edigo.lv\/Prece\/vevor-elephant-kids-spinning-chair-220-lbs-sensory-swivel-chair-seat-green\/"},"modified":"2026-04-19T23:30:08","modified_gmt":"2026-04-19T20:30:08","slug":"vevor-elephant-kids-spinning-chair-220-lbs-sensory-swivel-chair-seat-green","status":"publish","type":"product","link":"https:\/\/vevorshop.lv\/lv\/Prece\/vevor-zilonis-bernu-rotejosais-kresls-220-lbs-sensorais-grozama-kresla-sedeklis-zals\/","title":{"rendered":"VEVOR Zilo\u0146a Sensor\u0101 B\u0113rnu Groz\u0101mkr\u0113sls, 100 kg Ietilp\u012bba, 360\u00b0 Rot\u0101cija, Nesl\u012bdo\u0161a B\u0101ze, Autisma Rota\u013clieta \u2013 Za\u013c\u0161"},"content":{"rendered":"<div style=\"color: #fff!important; font-size: 16px; height: 24px; line-height: 24px; margin-top: -24px; \" class=\"product_original_name\">VEVOR Elephant Kids groz\u0101mais kr\u0113sls, 220 LBS ietilp\u012bba, 360\u00b0 v\u0113rp\u0161anas kr\u0113sls, autisma b\u0113rnu sensorais rota\u013clietu kr\u0113sls ar nesl\u012bdo\u0161u met\u0101la pamatni, mazu\u013cu s\u0113d\u0113\u0161anas un grie\u0161an\u0101s kr\u0113sls koordin\u0101cijas l\u012bdzsvaram Focus Green<\/div>\n<div style=\"color: #fff!important; font-size: 16px; height: 24px; line-height: 24px; margin-top: -24px; \" class=\"product_sku\">M4I4MDFH<\/div>\n<div style=\"color: #fff!important; font-size: 16px; height: 24px; line-height: 24px; margin-top: -24px; \" class=\"product_mpn\">ETZYYXLS100KTGOBNV0<\/div><div id=\"js-DM_at-goodDescRich\"><html><head><style>  body {    font-family: Arial;    line-height: 1.5;    color: #1c1c1c;    overflow-x: hidden;    margin: 0;    padding: 0;  }  .MsoNormal b {    font-weight: bolder;  }<\/style><style>  .container.small {    width: 970px;    margin: 0 auto;  }  .logo {    margin: 0 auto 0;  }  .logo img {    display: block;    margin: 0 auto;    max-width: 100%;  }  .logo .pc-banner {    display: block;    width: 1200px;    height: 247.4px;    margin: 0 auto;  }  .logo .pc-banner.small {    width: 970px;  }  .logo .pc-banner.small img {    height: auto!important;  }  .logo .m-banner {    display: none;  }  .ytvideo {    position: relative;    height: 546px;    width: 100%;    margin: 0 auto;  }  .ytvideo img {    width: 100%;    margin: 0 auto;  }  .ytvideo .play-btn {    width: 60px;    height: 42px;    position: absolute;    top: 50%;    left: 50%;    transform: translate(-50%, -50%);    background: url(\"data:image\/png;base64,iVBORw0KGgoAAAANSUhEUgAAAGQAAABGCAMAAAANWMFbAAAC+lBMVEUAAADBGB3kLCfBGB3kLCfcJC7BFx3KKSbiKybkLCbWJCPSIiLSIiLPICHAFx3kLCfgKSXNHiDZJiTIGx\/p4eHcjo7LHSDbJyTkLCbjKyfOHyHPIiL28fHJHB\/GGh7EGR7eKCXDGB3RISHlLSbBGB3AFxzGHB7DGB7BGB3hKybkKybAFx3lLCfAFxzDGR3hKibDGB7cJyTmz8\/elJTlwcHjurrUIyLlLSflLSfAFx3DGR7lLSfCFx3hKibhKibhKybjKybkLCblLSfbJSX49vbx7e3NNzjNMTLMJyjVIyLZf3\/ZQ0LaeHjx0tLgoqLkLCfCGB3HGx\/BGB3BFx3PICHCGB7WJCLOHyC\/Fxy\/Fx3lLCfQISHkLSe\/FxzbJiTBFx3FGx\/AGB7BFx3EGR7AGB3HHSDfKiXAFh3TISHYNzbhKibbJyTTIiL57e325+f039\/v2NjUV1fOHiHiqanfmprch4feKSXVIyPOICHmLibFGh\/mLSe\/Fx7XJCPeKSXXJSPNHyHaJyTGGh7lLCbmLCflLSjSIiLkLCbdKSXLHiC\/GB3KHh++Fh3lKyfoLiXcKCPkx8fYb2\/XaGfVXl3aU1LLHiDksbHgKibPICHbJyTfKSXbJyTCGB3KHSDiKybFGh7TIiL\/\/\/\/VIyPRISHIHB\/GGx\/HHB\/DGR7gKibdKCXLHiDZJiTMHiDNHyHYJSTOICHPICHWJCPcKCXXJSPjLCblLCf+\/f3NGR\/uLijzLynPGR\/IGB7WISHaIyLLGh7UAADxLynNAADRLzDbICLQAADIAAD3MCrUHSHXMTDpKSbLAADp5OTij4\/ejo\/VLy\/1LyngJSTcJCPQHx\/OHB7+\/PzaMS\/OLS\/vLijrLSjSAADaNTPwLyjkKSbNJCbYISHPHB\/KGB7WAAD7+vrn3d3aKynTKCjoLCfsKifRGh\/YAADq5+fhjo7QNDXXKCfmJyXt5+fTLzDLLi\/QKivYHRvMGBrQJCXLISPMExXLDxLaEAvkkI\/bOTfaFQ\/SCgpvLcnHAAAAmnRSTlMA+vv7+gT9Bvf9+8z8\/NSv\/Pr5+P7++vnQIBMP\/v38\/Pn348XDiCYf9OjbzcqxXVcx\/fz8+\/rj1r2poo1+fXFqX0orGP7+\/v7+\/fz8+\/r68uzn4trIxsG\/vri3p6GcmZSNbWVYUUZEPQv+\/f39+\/v7+\/v7+vr64tvV1NTTz87FtbSurqeblJKFg4B3bUY+NjL7+\/v7+\/v67t1cDo8JLQAABkRJREFUWMO0kz9rwkAYh0OIeJkum6YugUAhISCdKoj\/P4C7SMdS+gEKIhSKil10LSg4mzXkILdlEpxCpwTiWOLX6BujvQaEQuGeHLnL+\/64J+SIcKGYTYWnntpdLjrVdqvZmNdn0+EE40GtpuuWVS6Xx6N7YDSGpWXpeq02wHgynM7q80az1a52HpddtVcpsi1zFARBrdaxbhp9iUReTGmwA4KAAr7vx3EYejnCMI6hQYEgy0LQi4jUN0wL19vqFcUC9\/1dAKmEEFkWRYkh5oBejnxQJiSJPJ\/uKBp0Thszx9Mw8hMRIQjKsptCfuES9zr5WJY6vSFCIvE9fCMUmEM1A1kSXcYGxgVYsvI1IPKTZciSTI0us\/SMGG04gDzELDoFBwdcFJrF88dqgYMTiL6DILWYyfOWE8\/kIz38olCNlC03FK95+imxp6y4oUSvAnBjHHhKNtotSDqJzVFiK8c2SBqhZtsrTtgrLXwAyduxZHNE26eHUt5rtuM4WSmds3G+sUdWYo1L+XyxButoh5eKUHk5lByO3G1LqqCWVnfrv\/lyPtf\/4ps1cndNGIri8J1TJ0lx6dR\/oPjq1nbRwdp2dCk4CtIOLW3pVKRL6WZfS5vF2KkIQhpwSsjiYIgNCs1gEMGqiIq24NQX9NwoXFy8Ufrl3twTcg4fv8T9\/JBEySduj6Mjm4bMzYV7EEOxKjjoNDud7yY3Dy71Hq2oLmqfbNR723edH9PgMrNL2utoQ3VmaIDkiw\/4w51P06hlZsTZvkRrbVuSIs\/zwSOsycgzStQouoAkWQqioRT5XI7n2Z1wfVhoZmcAJLsoqjqpjbWCgpOAJXBwHK8PzWbNvoUZJND5wCnSkLAkZ1legx6vqQzjoiTahKlGUGLAiIIoABOHaNVw4sexZBym6\/HWlH5h3IC7yRbxtipcWxdTOkORKiNQAEkFf66x5S2oeRbroOlLgg0sSYkR0hRGEqJZ0jTPiQKatESdBckpWigxaapEH0lImHdWu9pUFF2XqMNM2Z4kped7IwEJw2qabwtrQqnpw6HyKkgcadKWsmpywwesDyIhYRpdzXddqegtGIJlXbAIUMOLkGxJUjRIkokwjUaX9d\/kK62ps\/tYUqZLIMkLTyBhsMZ3C5Z\/kDxOSCb\/DOs\/\/J0qcWSX\/2ipe56EgTCA4\/cB7NAYOsni4mZM1MUPAISoEwkDi4lhVBQ1cWQyIcwalw4EpqZN68JUSK7XC0kTlkLYii5uXSC8jT5ncCAS7mjCv0uHp\/3lueHEEAeQ\/\/VgmdN71\/2uCSA1Xr6DO6uI6sW56zqT2tp2PhgiRUAajV8CY2fkcz6WGNKMgLAt7tJAhD4YHMTeRxlALE6+43WqjSWi8ITxyJl8WrwWSNESQZZOqhDDntO3hJLsd5RtSpbJqdv3YrDJH3F7jL1R2O2aQkn2MyCyKYz0GPGIvSAMgBCrCEiJyKbBaYGwLW4uPRr0A0M4Ux5kUI7IBh+hMdiCEWNqhMZGyYMsOgNE58UQuEQeUnSWCMYwL54hkxK6IoqucQZbQ3pc3XtL0lky1dL0zZJJDpWJovFqpWj6JEHnyam2eQp5QRVAVHjWparTOaVwUOx99YS2MvgxIGV0bb+qIg2HX2qkFFJB+XZcbLiuRkuxD9GRroKyveLxdh4d7Orx+hb7qc3uVRuEogCOnyIxm4ubUoPgF4jianDrC+SDQDKEfJb0GUKmjCGPYHGJvVC6X4hw1\/sAfQAdfYyephIaspXe36RwOP+Ljvfx9B6B3i+Nk0DGq+oCbLn6JpBa9nWAveAIHwFAwtVcIJXPMPL8kRu5OAYPMaL1WScTxjiZDqB9LTJSWphow\/pTYKRTLjCBhvi9iBidvKcDasGSm0QQkycYuLBqj6QCELPctqChDWpTRMWkngNNpQ1Pfp1KkiT\/Y0DGffXAweUNfLAfaJFKDwhb6I+bkYRbkERoEeu3Fyjg2opMz2daZCS9jt6Q7txNfB+OZEVF6Zl5web2xunnLQrtrjXseXKaFYziYINeMFZVxS9VxRhOoesYwxPKXm+gWLG9cuFeq93UNNeJNsf1KlwuDok9n02n3TgIJpOxNfL9naIoQwXtfH9kjceTIIi709ncTg6LZbg+biLH1V6u\/7rxBem06VXKn9raAAAAAElFTkSuQmCC\")      no-repeat center center \/ contain;  }  @media screen and (max-width: 960px) and (orientation: portrait) {    .logo {      width: 100%;    }    .logo .pc-banner {      display: none;    }    .logo .m-banner {      display: block;      width: 100%;    }    .logo .m-banner img {      height: auto!important;    }    .ytvideo {      height: 200px;      width: 100%;    }  }<\/style><style>  .video-section {    width: 100%;    margin: 0 auto;  }  .video-section > img {    width: 100%;  }  .video-section iframe,  .video-section video {    width: 100%;    height: 100%;      }  .video-section-img-m,  .video-section-img-pc > img {    width: 100%;    height: auto;  }  .video-section-img-pc.small > img {    width: 970px;  }  .video-desc {    line-height: 1.5;    font-size: 20px;    font-weight: 400;    margin: 20px 0;    text-align: center;    color: #0f1111;    word-break: break-word;  }  @media screen and (max-width: 960px) and (orientation: portrait) {    .video-section {      width: 100%;    }    .video-section-pc,    .video-section-img-pc {      display: none;    }    .video-section-m,    .video-section-img-m {      display: block;    }    .video-desc {      font-size: 15px;    }  }  @media screen and (min-width: 960px) {    .video-section {      width: 100%;      margin: 0 auto;    }    .video-section-pc,    .video-section-img-pc {      display: block;    }    .video-section-m,    .video-section-img-m {      display: none;    }    .video-desc {      font-size: 20px;    }  }<\/style><style>  .section + .section {    margin-top: 35px;  }  .section-title {    text-align: center;    font-weight: bold;    color: #0d1111;    font-family: \"Arial\";    font-size: 32px;    margin: 15px 0;  }  .section-title:empty {    display: none;  }  .section-desc {    text-align: center;    font-weight: normal;    color: #0d1111;    margin-top: 20px;  }  .section-desc:empty {    display: none;  }  .section-img {    width: 1200px;    height: 492px;    margin: 0 auto;    display: block;  }  .section-img.small {    width: 970px;    height: auto;  }  .section-img.small > img {    height: auto;  }  .section-img > img {    width: 100%;    height: 100%;  }  .section-mobile-img {    display: none;    max-width: 100vw;    max-height: 75vw;    height: 450px;    margin: 0 auto;  }  .section-mobile-img > img {    width: 100%;    height: 100%;  }  @media screen and (max-width: 960px) and (orientation: portrait) {    .container {      width: 100%;    }    .container.small {      width: 100%;    }    .section-mobile-img {      display: block;    }    .section-img {      display: none;    }    .section-title {      font-size: 22px;      margin: 10px 0;    }    .section-desc {      margin-top: 10px;    }    .section + .section {      margin-top: 20px;    }  }<\/style><\/head><body><div class=\"container small\"><div class=\"logo\"><div class=\"pc-banner small\"><div><img decoding=\"async\" src=\"\/vevor\/vevor\/boutique-banner\/pc\/en-pc@1x.jpg\" style=\"width: 100%;\" \/><\/div><\/div><div class=\"m-banner\"><div><img decoding=\"async\" src=\"\/vevor\/vevor\/boutique-banner\/mobile\/en-m@1x.jpg\" style=\"width: 100%;\" \/><\/div><\/div><\/div><div class=\"section-title\">VEVOR Sensor\u0101s apm\u0101c\u012bbas b\u0113rnu groz\u0101mais kr\u0113sls<\/div><div class=\"video-section\"><div class=\"video-section-img-pc small\"><img decoding=\"async\" src=\"\/vevor\/product\/ETZYYXLS100KTGOBN\/kids-swivel-chair-a100-1.4-pt.jpg\" \/><\/div><div class=\"video-section-img-m\"><img decoding=\"async\" src=\"\/vevor\/product\/ETZYYXLS100KTGOBN\/kids-swivel-chair-a100-1.4-pt.jpg\" \/><\/div><div class=\"section-desc\">\u0160is 360\u00b0 groz\u0101mais kr\u0113sls iesl\u0113dz b\u0113rnu vestibul\u0101r\u0101s sist\u0113mas, uzlabojot koordin\u0101ciju un l\u012bdzsvaru. Tam ir iztur\u012bga 20,5 collu met\u0101la pamatne, balsti l\u012bdz 220 m\u0101rci\u0146\u0101m, un tam ir polster\u0113ts s\u0113deklis komfortam.Nosl\u012bd\u0113\u0161anas dizains un glud\u0101s malas nodro\u0161ina dro\u0161\u012bbu. Viegli mont\u0113jams, tas ir ide\u0101li piem\u0113rots m\u0101j\u0101m.<\/div><\/div><div class=\"section\"><div class=\"section-title\"><\/div><div class=\"section-img small\"><img decoding=\"async\" src=\"\/vevor\/product\/ETZYYXLS100KTGOBN\/kids-swivel-chair-a100-2.2-pt.jpg\" \/><\/div><div class=\"section-mobile-img\"><img decoding=\"async\" src=\"\/vevor\/product\/ETZYYXLS100KTGOBN\/kids-swivel-chair-a100-2.2-pt.jpg\" \/><\/div><div class=\"section-desc\">Ar 360\u00b0 grie\u0161anos un vair\u0101k\u0101m sp\u0113l\u0113\u0161an\u0101s iesp\u0113j\u0101m b\u0113rni var s\u0113d\u0113t, apgulties, griezt sensorisko rot\u0113jo\u0161o kr\u0113slu un rad\u012bt savas sp\u0113les. Ar\u012b vec\u0101ki var pievienoties jautr\u0101m, interakt\u012bv\u0101m sp\u0113l\u0113m, padarot to par lielisku \u0123imenes rota\u013clietu.<\/div><\/div><div class=\"section\"><div class=\"section-title\"><\/div><div class=\"section-img small\"><img decoding=\"async\" src=\"\/vevor\/product\/ETZYYXLS100KTGOBN\/kids-swivel-chair-a100-2.3-pt.jpg\" \/><\/div><div class=\"section-mobile-img\"><img decoding=\"async\" src=\"\/vevor\/product\/ETZYYXLS100KTGOBN\/kids-swivel-chair-a100-2.3-pt.jpg\" \/><\/div><div class=\"section-desc\">B\u0113rnu v\u0113rp\u0161anas kr\u0113sls ar papla\u0161in\u0101tu 20,5 collu met\u0101la pamatni atbalsta svaru l\u012bdz 220 m\u0101rci\u0146\u0101m (97 kg). T\u0101 tr\u012bsst\u016brveida strukt\u016bra ar lod\u012b\u0161u gult\u0146iem nodro\u0161ina vienm\u0113r\u012bgu grie\u0161anos, un nesl\u012bdo\u0161ais dizains nov\u0113r\u0161 sl\u012bd\u0113\u0161anu sp\u0113les laik\u0101.<\/div><\/div><div class=\"section\"><div class=\"section-title\"><\/div><div class=\"section-img small\"><img decoding=\"async\" src=\"\/vevor\/product\/ETZYYXLS100KTGOBN\/kids-swivel-chair-a100-2.4-pt.jpg\" \/><\/div><div class=\"section-mobile-img\"><img decoding=\"async\" src=\"\/vevor\/product\/ETZYYXLS100KTGOBN\/kids-swivel-chair-a100-2.4-pt.jpg\" \/><\/div><div class=\"section-desc\">Izgatavots no videi draudz\u012bga PP materi\u0101la, b\u0113rnu groz\u0101mais kr\u0113sls ir veidots vien\u0101 gabal\u0101 ar glud\u0101m, pul\u0113t\u0101m mal\u0101m dro\u0161\u012bbai. Padzi\u013cin\u0101tais s\u0113deklis nodro\u0161ina komfortu, un sabiezin\u0101t\u0101s malas nodro\u0161ina dro\u0161u satv\u0113rienu grie\u0161an\u0101s laik\u0101.<\/div><\/div><div class=\"section\"><div class=\"section-title\"><\/div><div class=\"section-img small\"><img decoding=\"async\" src=\"\/vevor\/product\/ETZYYXLS100KTGOBN\/kids-swivel-chair-a100-2.5-pt.jpg\" \/><\/div><div class=\"section-mobile-img\"><img decoding=\"async\" src=\"\/vevor\/product\/ETZYYXLS100KTGOBN\/kids-swivel-chair-a100-2.5-pt.jpg\" \/><\/div><div class=\"section-desc\">\u0160is autisma groz\u0101mais kr\u0113sls ir ide\u0101li piem\u0113rots lieto\u0161anai m\u0101j\u0101s, rota\u013cu laukumos vai dienas apr\u016bpes centros, b\u0113rni var sp\u0113l\u0113ties, griezties vai atp\u016bsties, pie\u0161\u0137irot b\u0113rn\u012bbai vair\u0101k jautr\u012bbas un prieka.<\/div><\/div><div class=\"section\"><div class=\"section-img small\"><img decoding=\"async\" src=\"\/vevor\/product\/ETZYYXLS100KTGOBN\/kids-swivel-chair-a100-1.11-pt.jpg\" \/><\/div><div class=\"section-mobile-img\"><img decoding=\"async\" src=\"\/vevor\/product\/ETZYYXLS100KTGOBN\/kids-swivel-chair-a100-1.11-pt.jpg\" \/><\/div><\/div><\/div><\/body><\/html><\/div>\n<div class=\"DM_at-title\" id=\"js-DM_at-title\"> <div>Produkta specifik\u0101cija<\/div> <i class=\"icon-arrowup_line\"><\/i> <\/div><div class=\"DM_at-goodsDescAttr\" id=\"js-DM_at-goodsDescAttr\"> <div class=\"DM_at-goodsDescAttrInner\"> <dl class=\"goodsDesc_item goodsDesc_item_even\"> <dt>Mode\u013ca numurs<\/dt> <dd> LY-8303<\/dd> <\/dl> <dl class=\"goodsDesc_item\"> <dt>Stils<\/dt> <dd> Zilo\u0146a forma<\/dd> <\/dl> <dl class=\"goodsDesc_item goodsDesc_item_even\"> <dt>Kr\u0101sa<\/dt> <dd> Za\u013c\u0161<\/dd> <\/dl> <dl class=\"goodsDesc_item\"> <dt>Piem\u0113rots vecuma diapazons<\/dt> <dd> 3\u201312 gadi<\/dd> <\/dl> <dl class=\"goodsDesc_item goodsDesc_item_even\"> <dt>Svars, Tilpums<\/dt> <dd> 220 m\u0101rci\u0146as \/ 100 kg<\/dd> <\/dl> <dl class=\"goodsDesc_item\"> <dt>Materi\u0101ls<\/dt> <dd> Met\u0101ls + PP plastmasa<\/dd> <\/dl> <dl class=\"goodsDesc_item goodsDesc_item_even\"> <dt>Produkta Izm\u0113ri<\/dt> <dd> 19,5 \u00d7 20,3 \u00d7 9,8 collas \/ 495 \u00d7 515 \u00d7 250 mm<\/dd> <\/dl> <dl class=\"goodsDesc_item\"> <dt>B\u0101zes Izm\u0113ri<\/dt> <dd> \u03c620,5 collas \/ \u03c6520 mm<\/dd> <\/dl> <dl class=\"goodsDesc_item goodsDesc_item_even\"> <dt>Neto Svars<\/dt> <dd> 10,1 m\u0101rci\u0146as \/ 4,6 kg<\/dd> <\/dl> <\/div> <\/div>","protected":false},"excerpt":{"rendered":"<ul>\n<li> 360\u00b0 groz\u0101mais kr\u0113sls: \u0160is sensor\u0101s apm\u0101c\u012bbas autisma groz\u0101mais kr\u0113sls p\u0101rv\u0113r\u0161as par rota\u013cu laukumu b\u0113rniem. Grie\u0161an\u0101s pal\u012bdz stimul\u0113t vestibul\u0101ro sist\u0113mu, stiprina satv\u0113rienu, korsetes musku\u013cus un uzlabo koordin\u0101ciju un l\u012bdzsvaru, vienlaikus veicinot smadze\u0146u att\u012bst\u012bbu. <\/li>\n<li> Vair\u0101ki jautri sp\u0113l\u0113\u0161an\u0101s veidi: B\u0113rni var ne tikai s\u0113d\u0113t, apgulties, griezties un sp\u0113l\u0113ties da\u017e\u0101dos veidos, radot savu jautr\u012bbu. Ar\u012b vec\u0101ki var pievienoties jautr\u012bbai, padarot to par lielisku interakt\u012bvu rota\u013clietu vec\u0101kiem un b\u0113rniem. <\/li>\n<li> Stabila un iztur\u012bga konstrukcija: Sensorajam groz\u0101majam kr\u0113slam ir 20,5 collas plata met\u0101la pamatne un biezs s\u0113deklis, kas nodro\u0161ina stabilit\u0101ti, atbalstot svaru l\u012bdz 220 m\u0101rci\u0146\u0101m. Tr\u012bsst\u016brveida pamatne un lod\u012b\u0161u gult\u0146i nodro\u0161ina vienm\u0113r\u012bgu grie\u0161anos, savuk\u0101rt nesl\u012bdo\u0161ais dizains nodro\u0161ina kr\u0113sla stabilit\u0101ti sp\u0113les laik\u0101. <\/li>\n<li> Dro\u0161i materi\u0101li: M\u0113s pie\u0161\u0137iram priorit\u0101ti dro\u0161\u012bbai, izmantojot videi draudz\u012bgu PP materi\u0101lu, kas ir veidots vien\u0101 gabal\u0101. Malas ir r\u016bp\u012bgi pul\u0113tas, lai nodro\u0161in\u0101tu gludumu un nov\u0113rstu traumas. Padzi\u013cin\u0101tais sensorais s\u0113deklis nodro\u0161ina komfortu, un sabiezin\u0101t\u0101s malas nodro\u0161ina dro\u0161u satv\u0113rienu b\u0113rniem grie\u0161anas laik\u0101. <\/li>\n<li> Ide\u0101la d\u0101vana b\u0113rniem: \u0160is jaukais groz\u0101mais kr\u0113sls ir ide\u0101la d\u0101vana dzim\u0161anas dien\u0101s, Ziemassv\u0113tkos un citos \u012bpa\u0161os gad\u012bjumos. B\u0113rni var s\u0113d\u0113t, sp\u0113l\u0113ties un atp\u016bsties m\u0101j\u0101s, rota\u013cu laukumos vai b\u0113rnud\u0101rz\u0101, pal\u012bdzot vi\u0146iem p\u0101rvar\u0113t soci\u0101lo trauksmi un padarot b\u0113rn\u012bbu priec\u012bg\u0101ku. <\/li>\n<\/ul>","protected":false},"featured_media":343431,"comment_status":"closed","ping_status":"open","template":"","meta":{"om_disable_all_campaigns":false,"_monsterinsights_skip_tracking":false,"_monsterinsights_sitenote_active":false,"_monsterinsights_sitenote_note":"","_monsterinsights_sitenote_category":0,"_uf_show_specific_survey":0,"_uf_disable_surveys":false},"location":[1935,1934],"product_brand":[21],"product_cat":[2530,3561,3008,3560,4557],"product_tag":[],"class_list":{"0":"post-55530","1":"product","2":"type-product","3":"status-publish","4":"has-post-thumbnail","6":"location-supplier_stock_location","7":"location-local_stock_location","8":"product_brand-vevor","9":"product_cat-furniture-2","10":"product_cat-kids-chairs-kids-playroom","11":"product_cat-kids-furniture-furniture-2","12":"product_cat-kids-playroom","13":"product_cat-kids-swivel-chair","15":"first","16":"outofstock","17":"taxable","18":"shipping-taxable","19":"purchasable","20":"product-type-simple"},"aioseo_notices":[],"jetpack_sharing_enabled":true,"locations":[{"id":1935,"name":"Pieg\u0101d\u0101ja noliktav\u0101 (5-7dd.d)","slug":"supplier_stock_location","quantity":"0"},{"id":1934,"name":"R\u012bgas veikal\u0101 (0-2d.d.)","slug":"local_stock_location","quantity":"0"}],"_links":{"self":[{"href":"https:\/\/vevorshop.lv\/lv\/wp-json\/wp\/v2\/product\/55530","targetHints":{"allow":["GET"]}}],"collection":[{"href":"https:\/\/vevorshop.lv\/lv\/wp-json\/wp\/v2\/product"}],"about":[{"href":"https:\/\/vevorshop.lv\/lv\/wp-json\/wp\/v2\/types\/product"}],"replies":[{"embeddable":true,"href":"https:\/\/vevorshop.lv\/lv\/wp-json\/wp\/v2\/comments?post=55530"}],"wp:featuredmedia":[{"embeddable":true,"href":"https:\/\/vevorshop.lv\/lv\/wp-json\/wp\/v2\/media\/343431"}],"wp:attachment":[{"href":"https:\/\/vevorshop.lv\/lv\/wp-json\/wp\/v2\/media?parent=55530"}],"wp:term":[{"taxonomy":"location","embeddable":true,"href":"https:\/\/vevorshop.lv\/lv\/wp-json\/wp\/v2\/location?post=55530"},{"taxonomy":"product_brand","embeddable":true,"href":"https:\/\/vevorshop.lv\/lv\/wp-json\/wp\/v2\/product_brand?post=55530"},{"taxonomy":"product_cat","embeddable":true,"href":"https:\/\/vevorshop.lv\/lv\/wp-json\/wp\/v2\/product_cat?post=55530"},{"taxonomy":"product_tag","embeddable":true,"href":"https:\/\/vevorshop.lv\/lv\/wp-json\/wp\/v2\/product_tag?post=55530"}],"curies":[{"name":"wp","href":"https:\/\/api.w.org\/{rel}","templated":true}]}}