{"id":55706,"date":"2024-11-20T04:14:21","date_gmt":"2024-11-20T04:14:21","guid":{"rendered":"http:\/\/vevorshop.edigo.lv\/Prece\/vevor-15l-ultrasonic-cleaner-with-heater-timer-basket-digital-sonic-machine\/"},"modified":"2026-04-06T13:48:19","modified_gmt":"2026-04-06T10:48:19","slug":"vevor-15l-ultrasonic-cleaner-with-heater-timer-basket-digital-sonic-machine","status":"publish","type":"product","link":"https:\/\/vevorshop.lv\/lv\/Prece\/vevor-15l-ultraskanas-tiritajs-ar-silditaju-taimera-grozu-digitalais-soniskais-aparats-2-2\/","title":{"rendered":"VEVOR 15L ultraska\u0146as t\u012br\u012bt\u0101js ar sild\u012bt\u0101ju un taimeri, 360W digit\u0101l\u0101 ier\u012bce rot\u0101m, laboratorijas instrumentiem, karburatoriem"},"content":{"rendered":"<div style=\"color: #fff!important; font-size: 16px; height: 24px; line-height: 24px; margin-top: -24px; \" class=\"product_original_name\">VEVOR 15L Ultrasonic Cleaner with Heater Timer & Basket, Professional Digital Sonic Cavitation Machine, 360W Cleaning Machine for Lab Tools, Metal Parts, Carburetor, Brass, Auto Parts, Engine Parts<\/div>\n<div style=\"color: #fff!important; font-size: 16px; height: 24px; line-height: 24px; margin-top: -24px; \" class=\"product_sku\">M4I4MEEN<\/div>\n<div style=\"color: #fff!important; font-size: 16px; height: 24px; line-height: 24px; margin-top: -24px; \" class=\"product_mpn\">XNKZCSBQXJ155D9SDV2<\/div><div id=\"js-DM_at-goodDescRich\"><html><head><style>  body {    font-family: Arial;    line-height: 1.5;    color: #1c1c1c;    overflow-x: hidden;    margin: 0;    padding: 0;  }  .MsoNormal b {    font-weight: bolder;  }<\/style><style>  .container.small {    width: 970px;    margin: 0 auto;  }  .logo {    margin: 0 auto 0;  }  .logo img {    display: block;    margin: 0 auto;    max-width: 100%;  }  .logo .pc-banner {    display: block;    width: 1200px;    height: 247.4px;    margin: 0 auto;  }  .logo .pc-banner.small {    width: 970px;  }  .logo .pc-banner.small img {    height: auto!important;  }  .logo .m-banner {    display: none;  }  .ytvideo {    position: relative;    height: 546px;    width: 100%;    margin: 0 auto;  }  .ytvideo img {    width: 100%;    margin: 0 auto;  }  .ytvideo .play-btn {    width: 60px;    height: 42px;    position: absolute;    top: 50%;    left: 50%;    transform: translate(-50%, -50%);    background: url(\"data:image\/png;base64,iVBORw0KGgoAAAANSUhEUgAAAGQAAABGCAMAAAANWMFbAAAC+lBMVEUAAADBGB3kLCfBGB3kLCfcJC7BFx3KKSbiKybkLCbWJCPSIiLSIiLPICHAFx3kLCfgKSXNHiDZJiTIGx\/p4eHcjo7LHSDbJyTkLCbjKyfOHyHPIiL28fHJHB\/GGh7EGR7eKCXDGB3RISHlLSbBGB3AFxzGHB7DGB7BGB3hKybkKybAFx3lLCfAFxzDGR3hKibDGB7cJyTmz8\/elJTlwcHjurrUIyLlLSflLSfAFx3DGR7lLSfCFx3hKibhKibhKybjKybkLCblLSfbJSX49vbx7e3NNzjNMTLMJyjVIyLZf3\/ZQ0LaeHjx0tLgoqLkLCfCGB3HGx\/BGB3BFx3PICHCGB7WJCLOHyC\/Fxy\/Fx3lLCfQISHkLSe\/FxzbJiTBFx3FGx\/AGB7BFx3EGR7AGB3HHSDfKiXAFh3TISHYNzbhKibbJyTTIiL57e325+f039\/v2NjUV1fOHiHiqanfmprch4feKSXVIyPOICHmLibFGh\/mLSe\/Fx7XJCPeKSXXJSPNHyHaJyTGGh7lLCbmLCflLSjSIiLkLCbdKSXLHiC\/GB3KHh++Fh3lKyfoLiXcKCPkx8fYb2\/XaGfVXl3aU1LLHiDksbHgKibPICHbJyTfKSXbJyTCGB3KHSDiKybFGh7TIiL\/\/\/\/VIyPRISHIHB\/GGx\/HHB\/DGR7gKibdKCXLHiDZJiTMHiDNHyHYJSTOICHPICHWJCPcKCXXJSPjLCblLCf+\/f3NGR\/uLijzLynPGR\/IGB7WISHaIyLLGh7UAADxLynNAADRLzDbICLQAADIAAD3MCrUHSHXMTDpKSbLAADp5OTij4\/ejo\/VLy\/1LyngJSTcJCPQHx\/OHB7+\/PzaMS\/OLS\/vLijrLSjSAADaNTPwLyjkKSbNJCbYISHPHB\/KGB7WAAD7+vrn3d3aKynTKCjoLCfsKifRGh\/YAADq5+fhjo7QNDXXKCfmJyXt5+fTLzDLLi\/QKivYHRvMGBrQJCXLISPMExXLDxLaEAvkkI\/bOTfaFQ\/SCgpvLcnHAAAAmnRSTlMA+vv7+gT9Bvf9+8z8\/NSv\/Pr5+P7++vnQIBMP\/v38\/Pn348XDiCYf9OjbzcqxXVcx\/fz8+\/rj1r2poo1+fXFqX0orGP7+\/v7+\/fz8+\/r68uzn4trIxsG\/vri3p6GcmZSNbWVYUUZEPQv+\/f39+\/v7+\/v7+vr64tvV1NTTz87FtbSurqeblJKFg4B3bUY+NjL7+\/v7+\/v67t1cDo8JLQAABkRJREFUWMO0kz9rwkAYh0OIeJkum6YugUAhISCdKoj\/P4C7SMdS+gEKIhSKil10LSg4mzXkILdlEpxCpwTiWOLX6BujvQaEQuGeHLnL+\/64J+SIcKGYTYWnntpdLjrVdqvZmNdn0+EE40GtpuuWVS6Xx6N7YDSGpWXpeq02wHgynM7q80az1a52HpddtVcpsi1zFARBrdaxbhp9iUReTGmwA4KAAr7vx3EYejnCMI6hQYEgy0LQi4jUN0wL19vqFcUC9\/1dAKmEEFkWRYkh5oBejnxQJiSJPJ\/uKBp0Thszx9Mw8hMRIQjKsptCfuES9zr5WJY6vSFCIvE9fCMUmEM1A1kSXcYGxgVYsvI1IPKTZciSTI0us\/SMGG04gDzELDoFBwdcFJrF88dqgYMTiL6DILWYyfOWE8\/kIz38olCNlC03FK95+imxp6y4oUSvAnBjHHhKNtotSDqJzVFiK8c2SBqhZtsrTtgrLXwAyduxZHNE26eHUt5rtuM4WSmds3G+sUdWYo1L+XyxButoh5eKUHk5lByO3G1LqqCWVnfrv\/lyPtf\/4ps1cndNGIri8J1TJ0lx6dR\/oPjq1nbRwdp2dCk4CtIOLW3pVKRL6WZfS5vF2KkIQhpwSsjiYIgNCs1gEMGqiIq24NQX9NwoXFy8Ufrl3twTcg4fv8T9\/JBEySduj6Mjm4bMzYV7EEOxKjjoNDud7yY3Dy71Hq2oLmqfbNR723edH9PgMrNL2utoQ3VmaIDkiw\/4w51P06hlZsTZvkRrbVuSIs\/zwSOsycgzStQouoAkWQqioRT5XI7n2Z1wfVhoZmcAJLsoqjqpjbWCgpOAJXBwHK8PzWbNvoUZJND5wCnSkLAkZ1legx6vqQzjoiTahKlGUGLAiIIoABOHaNVw4sexZBym6\/HWlH5h3IC7yRbxtipcWxdTOkORKiNQAEkFf66x5S2oeRbroOlLgg0sSYkR0hRGEqJZ0jTPiQKatESdBckpWigxaapEH0lImHdWu9pUFF2XqMNM2Z4kped7IwEJw2qabwtrQqnpw6HyKkgcadKWsmpywwesDyIhYRpdzXddqegtGIJlXbAIUMOLkGxJUjRIkokwjUaX9d\/kK62ps\/tYUqZLIMkLTyBhsMZ3C5Z\/kDxOSCb\/DOs\/\/J0qcWSX\/2ipe56EgTCA4\/cB7NAYOsni4mZM1MUPAISoEwkDi4lhVBQ1cWQyIcwalw4EpqZN68JUSK7XC0kTlkLYii5uXSC8jT5ncCAS7mjCv0uHp\/3lueHEEAeQ\/\/VgmdN71\/2uCSA1Xr6DO6uI6sW56zqT2tp2PhgiRUAajV8CY2fkcz6WGNKMgLAt7tJAhD4YHMTeRxlALE6+43WqjSWi8ITxyJl8WrwWSNESQZZOqhDDntO3hJLsd5RtSpbJqdv3YrDJH3F7jL1R2O2aQkn2MyCyKYz0GPGIvSAMgBCrCEiJyKbBaYGwLW4uPRr0A0M4Ux5kUI7IBh+hMdiCEWNqhMZGyYMsOgNE58UQuEQeUnSWCMYwL54hkxK6IoqucQZbQ3pc3XtL0lky1dL0zZJJDpWJovFqpWj6JEHnyam2eQp5QRVAVHjWparTOaVwUOx99YS2MvgxIGV0bb+qIg2HX2qkFFJB+XZcbLiuRkuxD9GRroKyveLxdh4d7Orx+hb7qc3uVRuEogCOnyIxm4ubUoPgF4jianDrC+SDQDKEfJb0GUKmjCGPYHGJvVC6X4hw1\/sAfQAdfYyephIaspXe36RwOP+Ljvfx9B6B3i+Nk0DGq+oCbLn6JpBa9nWAveAIHwFAwtVcIJXPMPL8kRu5OAYPMaL1WScTxjiZDqB9LTJSWphow\/pTYKRTLjCBhvi9iBidvKcDasGSm0QQkycYuLBqj6QCELPctqChDWpTRMWkngNNpQ1Pfp1KkiT\/Y0DGffXAweUNfLAfaJFKDwhb6I+bkYRbkERoEeu3Fyjg2opMz2daZCS9jt6Q7txNfB+OZEVF6Zl5web2xunnLQrtrjXseXKaFYziYINeMFZVxS9VxRhOoesYwxPKXm+gWLG9cuFeq93UNNeJNsf1KlwuDok9n02n3TgIJpOxNfL9naIoQwXtfH9kjceTIIi709ncTg6LZbg+biLH1V6u\/7rxBem06VXKn9raAAAAAElFTkSuQmCC\")      no-repeat center center \/ contain;  }  @media screen and (max-width: 960px) and (orientation: portrait) {    .logo {      width: 100%;    }    .logo .pc-banner {      display: none;    }    .logo .m-banner {      display: block;      width: 100%;    }    .logo .m-banner img {      height: auto!important;    }    .ytvideo {      height: 200px;      width: 100%;    }  }<\/style><style>  .video-section {    width: 100%;    margin: 0 auto;  }  .video-section > img {    width: 100%;  }  .video-section iframe,  .video-section video {    width: 100%;    height: 100%;      }  .video-section-img-m,  .video-section-img-pc > img {    width: 100%;    height: auto;  }  .video-section-img-pc.small > img {    width: 970px;  }  .video-desc {    line-height: 1.5;    font-size: 20px;    font-weight: 400;    margin: 20px 0;    text-align: center;    color: #0f1111;    word-break: break-word;  }  @media screen and (max-width: 960px) and (orientation: portrait) {    .video-section {      width: 100%;    }    .video-section-pc,    .video-section-img-pc {      display: none;    }    .video-section-m,    .video-section-img-m {      display: block;    }    .video-desc {      font-size: 15px;    }  }  @media screen and (min-width: 960px) {    .video-section {      width: 100%;      margin: 0 auto;    }    .video-section-pc,    .video-section-img-pc {      display: block;    }    .video-section-m,    .video-section-img-m {      display: none;    }    .video-desc {      font-size: 20px;    }  }<\/style><style>  .section + .section {    margin-top: 35px;  }  .section-title {    text-align: center;    font-weight: bold;    color: #0d1111;    font-family: \"Arial\";    font-size: 32px;    margin: 15px 0;  }  .section-title:empty {    display: none;  }  .section-desc {    text-align: center;    font-weight: normal;    color: #0d1111;    margin-top: 20px;  }  .section-desc:empty {    display: none;  }  .section-img {    width: 1200px;    height: 492px;    margin: 0 auto;    display: block;  }  .section-img.small {    width: 970px;    height: auto;  }  .section-img.small > img {    height: auto;  }  .section-img > img {    width: 100%;    height: 100%;  }  .section-mobile-img {    display: none;    max-width: 100vw;    max-height: 75vw;    height: 450px;    margin: 0 auto;  }  .section-mobile-img > img {    width: 100%;    height: 100%;  }  @media screen and (max-width: 960px) and (orientation: portrait) {    .container {      width: 100%;    }    .container.small {      width: 100%;    }    .section-mobile-img {      display: block;    }    .section-img {      display: none;    }    .section-title {      font-size: 22px;      margin: 10px 0;    }    .section-desc {      margin-top: 10px;    }    .section + .section {      margin-top: 20px;    }  }<\/style><\/head><body><div class=\"container small\"><div class=\"logo\"><div class=\"pc-banner small\"><div><img decoding=\"async\" src=\"\/vevor\/vevor\/boutique-banner\/pc\/en-pc@1x.jpg\" style=\"width: 100%;\" \/><\/div><\/div><div class=\"m-banner\"><div><img decoding=\"async\" src=\"\/vevor\/vevor\/boutique-banner\/mobile\/en-m@1x.jpg\" style=\"width: 100%;\" \/><\/div><\/div><\/div><div class=\"section-title\">VEVOR Ultrasonic Cleaner: Power and Precision for Effortless Cleaning!<\/div><div class=\"video-section\"><video class=\"video-section-pc\" controls poster=\"\/vevor\/product\/XNKZCSBQXJ155D9SD\/ultrasonic-cleaner-a100-1.4-pt.jpg\"><source src=\"\/vevor\/product\/SXCSBQXJ13L065IAV\/ultrasonic-cleaner-tvc2.mp4\" type=\"video\/mp4\" \/><\/video><video class=\"video-section-m\" controls poster=\"\/vevor\/product\/XNKZCSBQXJ155D9SD\/ultrasonic-cleaner-a100-1.4-pt.jpg\"><source src=\"\/vevor\/product\/SXCSBQXJ13L065IAV\/ultrasonic-cleaner-tvc2.mp4\" type=\"video\/mp4\" \/><\/video><div class=\"section-desc\">Ultraska\u0146as t\u012br\u012bt\u0101js izmanto profesion\u0101las t\u012br\u012b\u0161anas metodes, kas r\u016bp\u012bgi r\u016bp\u0113jas par da\u017e\u0101diem priek\u0161metiem, aizsarg\u0101jot to integrit\u0101ti un kvalit\u0101ti, nodro\u0161inot, ka j\u016bsu mantas saglab\u0101 mirdzumu un dzirksto\u0161o izskatu.<\/div><\/div><div class=\"section\"><div class=\"section-title\"><\/div><div class=\"section-img small\"><img decoding=\"async\" src=\"\/vevor\/product\/XNKZCSBQXJ155D9SD\/ultrasonic-cleaner-a100-2.2-pt.jpg\" \/><\/div><div class=\"section-mobile-img\"><img decoding=\"async\" src=\"\/vevor\/product\/XNKZCSBQXJ155D9SD\/ultrasonic-cleaner-a100-2.2-pt.jpg\" \/><\/div><div class=\"section-desc\">Utilizing advanced transducer technology, the 40 kHz ultrasonic waves generate millions of tiny cleaning bubbles that penetrate surfaces and crevices, thoroughly removing dirt without damaging the item's appearance or quality.<\/div><\/div><div class=\"section\"><div class=\"section-title\"><\/div><div class=\"section-img small\"><img decoding=\"async\" src=\"\/vevor\/product\/XNKZCSBQXJ155D9SD\/ultrasonic-cleaner-a100-2.3-pt.jpg\" \/><\/div><div class=\"section-mobile-img\"><img decoding=\"async\" src=\"\/vevor\/product\/XNKZCSBQXJ155D9SD\/ultrasonic-cleaner-a100-2.3-pt.jpg\" \/><\/div><div class=\"section-desc\">Izgatavota ar augstas kvalit\u0101tes 304 ner\u016bs\u0113jo\u0161\u0101 t\u0113rauda tvertn\u0113m, \u0161\u012b ultraska\u0146as t\u012br\u012b\u0161anas iek\u0101rta nodro\u0161ina ilgsto\u0161u iztur\u012bbu, vienlaikus nodro\u0161inot nemain\u012bgus t\u012br\u012b\u0161anas rezult\u0101tus un ilgtermi\u0146a lietot\u0101ja pieredzi.<\/div><\/div><div class=\"section\"><div class=\"section-title\"><\/div><div class=\"section-img small\"><img decoding=\"async\" src=\"\/vevor\/product\/XNKZCSBQXJ155D9SD\/ultrasonic-cleaner-a100-2.4-pt.jpg\" \/><\/div><div class=\"section-mobile-img\"><img decoding=\"async\" src=\"\/vevor\/product\/XNKZCSBQXJ155D9SD\/ultrasonic-cleaner-a100-2.4-pt.jpg\" \/><\/div><div class=\"section-desc\">The convenient knob operation allows you to easily set cleaning time and temperature according to the needs of different items, meeting personalized cleaning requirements and maximizing cleaning effectiveness.<\/div><\/div><div class=\"section\"><div class=\"section-title\"><\/div><div class=\"section-img small\"><img decoding=\"async\" src=\"\/vevor\/product\/XNKZCSBQXJ155D9SD\/ultrasonic-cleaner-a100-2.5-pt.jpg\" \/><\/div><div class=\"section-mobile-img\"><img decoding=\"async\" src=\"\/vevor\/product\/XNKZCSBQXJ155D9SD\/ultrasonic-cleaner-a100-2.5-pt.jpg\" \/><\/div><div class=\"section-desc\">\u0160\u012b t\u012br\u012b\u0161anas iek\u0101rta ir piem\u0113rota ne tikai komerci\u0101lai lieto\u0161anai, bet ar\u012b pla\u0161i pielietojama laboratorij\u0101s, karburatoros, sh\u0113mu plat\u0113s, zob\u0101rstniec\u012bbas iek\u0101rt\u0101s, rotasliet\u0101s, brill\u0113s, pulkste\u0146os, galda piederumos un citur.<\/div><\/div><div class=\"section\"><div class=\"section-img small\"><img decoding=\"async\" src=\"\/vevor\/product\/XNKZCSBQXJ155D9SD\/ultrasonic-cleaner-a100-1.11-pt.jpg\" \/><\/div><div class=\"section-mobile-img\"><img decoding=\"async\" src=\"\/vevor\/product\/XNKZCSBQXJ155D9SD\/ultrasonic-cleaner-a100-1.11-pt.jpg\" \/><\/div><\/div><\/div><\/body><\/html><\/div>\n<div class=\"DM_at-title\" id=\"js-DM_at-title\"> <div>Produkta specifik\u0101cija<\/div> <i class=\"icon-arrowup_line\"><\/i> <\/div><div class=\"DM_at-goodsDescAttr\" id=\"js-DM_at-goodsDescAttr\"> <div class=\"DM_at-goodsDescAttrInner\"> <dl class=\"goodsDesc_item goodsDesc_item_even\"> <dt>Modelis<\/dt> <dd> KZ-S15<\/dd> <\/dl> <dl class=\"goodsDesc_item\"> <dt>Ultraska\u0146as jauda<\/dt> <dd> 360 W<\/dd> <\/dl> <dl class=\"goodsDesc_item goodsDesc_item_even\"> <dt>Apkures Jauda<\/dt> <dd> 450W<\/dd> <\/dl> <dl class=\"goodsDesc_item\"> <dt>Bie\u017eums<\/dt> <dd> 40 kHz<\/dd> <\/dl> <dl class=\"goodsDesc_item goodsDesc_item_even\"> <dt>Jauda<\/dt> <dd> 15 litri<\/dd> <\/dl> <dl class=\"goodsDesc_item\"> <dt>Trok\u0161\u0146a l\u012bmenis<\/dt> <dd> \u226475dB<\/dd> <\/dl> <dl class=\"goodsDesc_item goodsDesc_item_even\"> <dt>Kontroles laiks<\/dt> <dd> 0\u201330 min\u016btes<\/dd> <\/dl> <dl class=\"goodsDesc_item\"> <dt>Temperat\u016bras Diapazons<\/dt> <dd> 0-110\u00b0C<\/dd> <\/dl> <dl class=\"goodsDesc_item goodsDesc_item_even\"> <dt>Ner\u016bs\u0113jo\u0161\u0101 t\u0113rauda iek\u0161\u0113j\u0101s tvertnes izm\u0113ri<\/dt> <dd> 325 x 300 x 155 mm (Wall Thickness<\/dd> <\/dl> <dl class=\"goodsDesc_item\"> <dt>Ultrasonic Transducers<\/dt> <dd> 6 PCS<\/dd> <\/dl> <dl class=\"goodsDesc_item goodsDesc_item_even\"> <dt>Str\u0101vas Vada Garums<\/dt> <dd> 1,5 m<\/dd> <\/dl> <dl class=\"goodsDesc_item\"> <dt>Produkta Svars<\/dt> <dd> 7,5 kg<\/dd> <\/dl> <dl class=\"goodsDesc_item goodsDesc_item_even\"> <dt>Produkta Izm\u0113ri<\/dt> <dd> 355 x 325 x 275 mm<\/dd> <\/dl> <\/div> <\/div>","protected":false},"excerpt":{"rendered":"<ul>\n<li> Jaud\u012bga t\u012br\u012b\u0161anas veiktsp\u0113ja: VEVOR ultraska\u0146as t\u012br\u012bt\u0101js darbojas ar \u012bpa\u0161i augstu frekvenci 40 kHz, radot miljoniem s\u012bku burbu\u013cu, kas eksplod\u0113 \u016bden\u012b, atbr\u012bvojot sp\u0113c\u012bgu t\u012br\u012b\u0161anas ener\u0123iju. \u0160\u012b ener\u0123ija iek\u013c\u016bst katr\u0101 spraug\u0101, r\u016bp\u012bgi no\u0146emot sp\u012bt\u012bgus traipus no delik\u0101t\u0101m viet\u0101m, nodro\u0161inot, ka neviena vieta nepaliek net\u012bra. <\/li>\n<li> Uzlabota p\u0101rveidot\u0101ja tehnolo\u0123ija: Efekt\u012bvais p\u0101rveidot\u0101js apvienojum\u0101 ar ultraska\u0146as triecienvi\u013c\u0146iem acumirkl\u012b sadala sp\u012bt\u012bgus taukus. Ar prec\u012bzu instrumentu 360\u00b0 t\u012br\u012b\u0161anu tas viegli no\u0146em sp\u012bt\u012bgus net\u012brumus un e\u013c\u013cu, neboj\u0101jot priek\u0161metus. Neatkar\u012bgi no t\u0101, vai t\u012br\u0101t ikdienas priek\u0161metus vai profesion\u0101las vajadz\u012bbas, to var lietot dro\u0161i. <\/li>\n<li> Heated Cleaning: For different items such as jewelry, watches\/electronic accessories, and heavy grease industrial components, you can control the cleaning temperature from 0-110\u00b0C to accelerate the dissolution of dirt. This provides more efficient and targeted cleaning results. The high-temperature mode quickly breaks down stubborn grease, while the low-temperature mode gently protects sensitive materials. <\/li>\n<li> Izcila kvalit\u0101te: Izgatavots no korozijiztur\u012bgiem un nodilumiztur\u012bgiem 304 ner\u016bs\u0113jo\u0161\u0101 t\u0113rauda groziem un iek\u0161\u0113j\u0101m kamer\u0101m, komplekt\u0101 iek\u013cautais grozs nov\u0113r\u0161 skr\u0101p\u0113jumus t\u012br\u012b\u0161anas laik\u0101. P\u0101rn\u0113s\u0101jamais rokturis un \u0113rt\u0101 dren\u0101\u017eas konstrukcija padara lieto\u0161anu vienk\u0101r\u0161u un \u0113rtu, un katra deta\u013ca ir izstr\u0101d\u0101ta, lai nodro\u0161in\u0101tu izcilu t\u012br\u012b\u0161anas pieredzi. <\/li>\n<li> Pla\u0161a pielietojuma joma: \u0160is ultraska\u0146as t\u012br\u012bt\u0101js viegli tiek gal\u0101 ar visu, s\u0101kot no d\u0101rgliet\u0101m l\u012bdz sare\u017e\u0123\u012bt\u0101m automa\u0161\u012bnu deta\u013c\u0101m un ikdienas brill\u0113m. Neatkar\u012bgi no t\u0101, vai esat profesion\u0101ls meh\u0101ni\u0137is, laboratorijas p\u0113tnieks vai ikdienas lietot\u0101js, \u0161is ultraska\u0146as deta\u013cu t\u012br\u012bt\u0101js ir j\u016bsu uzticamais pal\u012bgs. <\/li>\n<\/ul>","protected":false},"featured_media":344463,"comment_status":"closed","ping_status":"open","template":"","meta":{"om_disable_all_campaigns":false,"_monsterinsights_skip_tracking":false,"_monsterinsights_sitenote_active":false,"_monsterinsights_sitenote_note":"","_monsterinsights_sitenote_category":0,"_uf_show_specific_survey":0,"_uf_disable_surveys":false},"location":[1935,1934],"product_brand":[21],"product_cat":[2562,2842,2844,2843],"product_tag":[],"class_list":{"0":"post-55706","1":"product","2":"type-product","3":"status-publish","4":"has-post-thumbnail","6":"location-supplier_stock_location","7":"location-local_stock_location","8":"product_brand-vevor","9":"product_cat-cleaning","10":"product_cat-cleaning-products","11":"product_cat-industrial-ultrasonic-cleaner","12":"product_cat-jewelry-cleaners","14":"first","15":"instock","16":"taxable","17":"shipping-taxable","18":"purchasable","19":"product-type-simple"},"aioseo_notices":[],"jetpack_sharing_enabled":true,"locations":[{"id":1935,"name":"Pieg\u0101d\u0101t\u0101ja noliktav\u0101 (5-7d.d.)","slug":"supplier_stock_location","quantity":"13"},{"id":1934,"name":"R\u012bgas veikal\u0101 (0-2d.d.)","slug":"local_stock_location","quantity":"0"}],"_links":{"self":[{"href":"https:\/\/vevorshop.lv\/lv\/wp-json\/wp\/v2\/product\/55706","targetHints":{"allow":["GET"]}}],"collection":[{"href":"https:\/\/vevorshop.lv\/lv\/wp-json\/wp\/v2\/product"}],"about":[{"href":"https:\/\/vevorshop.lv\/lv\/wp-json\/wp\/v2\/types\/product"}],"replies":[{"embeddable":true,"href":"https:\/\/vevorshop.lv\/lv\/wp-json\/wp\/v2\/comments?post=55706"}],"wp:featuredmedia":[{"embeddable":true,"href":"https:\/\/vevorshop.lv\/lv\/wp-json\/wp\/v2\/media\/344463"}],"wp:attachment":[{"href":"https:\/\/vevorshop.lv\/lv\/wp-json\/wp\/v2\/media?parent=55706"}],"wp:term":[{"taxonomy":"location","embeddable":true,"href":"https:\/\/vevorshop.lv\/lv\/wp-json\/wp\/v2\/location?post=55706"},{"taxonomy":"product_brand","embeddable":true,"href":"https:\/\/vevorshop.lv\/lv\/wp-json\/wp\/v2\/product_brand?post=55706"},{"taxonomy":"product_cat","embeddable":true,"href":"https:\/\/vevorshop.lv\/lv\/wp-json\/wp\/v2\/product_cat?post=55706"},{"taxonomy":"product_tag","embeddable":true,"href":"https:\/\/vevorshop.lv\/lv\/wp-json\/wp\/v2\/product_tag?post=55706"}],"curies":[{"name":"wp","href":"https:\/\/api.w.org\/{rel}","templated":true}]}}