{"id":55717,"date":"2024-11-20T04:15:42","date_gmt":"2024-11-20T04:15:42","guid":{"rendered":"http:\/\/vevorshop.edigo.lv\/Prece\/vevor-solar-panel-z-mounting-bracket-35-50mm-adjustable-bracket-end-clamps-40pcs\/"},"modified":"2026-04-27T14:10:52","modified_gmt":"2026-04-27T11:10:52","slug":"vevor-solar-panel-z-mounting-bracket-35-50mm-adjustable-bracket-end-clamps-40pcs","status":"publish","type":"product","link":"https:\/\/vevorshop.lv\/lv\/Prece\/vevor-saules-panelu-z-montazas-kronsteins-35-50-mm-regulejams-kronsteins-gala-skavas-40pcs\/","title":{"rendered":"VEVOR 40 gab. regul\u0113jami 35\u201350 mm saules pane\u013cu Z stiprin\u0101jumi un skavas, alum\u012bnija mont\u0101\u017eas komplekts kemperiem, laiv\u0101m, jumtiem"},"content":{"rendered":"<div style=\"color: #fff!important; font-size: 16px; height: 24px; line-height: 24px; margin-top: -24px; \" class=\"product_original_name\">VEVOR Solar Panel Z Mounting Brackets, 35-50mm Adjustable Solar Panel End Clamps, Lightweight Anodized Aluminum Solar Panel Mount Z Brackets for RVs, Campers, Boats, Walls, Roof (40 PCS)<\/div>\n<div style=\"color: #fff!important; font-size: 16px; height: 24px; line-height: 24px; margin-top: -24px; \" class=\"product_sku\">M4I4MEGI<\/div>\n<div style=\"color: #fff!important; font-size: 16px; height: 24px; line-height: 24px; margin-top: -24px; \" class=\"product_mpn\">ZZJ40PCS00007YF58V0<\/div><div id=\"js-DM_at-goodDescRich\"><html><head><style>  body {    font-family: Arial;    line-height: 1.5;    color: #1c1c1c;    overflow-x: hidden;    margin: 0;    padding: 0;  }  .MsoNormal b {    font-weight: bolder;  }<\/style><style>  .container.small {    width: 970px;    margin: 0 auto;  }  .logo {    margin: 0 auto 0;  }  .logo img {    display: block;    margin: 0 auto;    max-width: 100%;  }  .logo .pc-banner {    display: block;    width: 1200px;    height: 247.4px;    margin: 0 auto;  }  .logo .pc-banner.small {    width: 970px;  }  .logo .pc-banner.small img {    height: auto!important;  }  .logo .m-banner {    display: none;  }  .ytvideo {    position: relative;    height: 546px;    width: 100%;    margin: 0 auto;  }  .ytvideo img {    width: 100%;    margin: 0 auto;  }  .ytvideo .play-btn {    width: 60px;    height: 42px;    position: absolute;    top: 50%;    left: 50%;    transform: translate(-50%, -50%);    background: url(\"data:image\/png;base64,iVBORw0KGgoAAAANSUhEUgAAAGQAAABGCAMAAAANWMFbAAAC+lBMVEUAAADBGB3kLCfBGB3kLCfcJC7BFx3KKSbiKybkLCbWJCPSIiLSIiLPICHAFx3kLCfgKSXNHiDZJiTIGx\/p4eHcjo7LHSDbJyTkLCbjKyfOHyHPIiL28fHJHB\/GGh7EGR7eKCXDGB3RISHlLSbBGB3AFxzGHB7DGB7BGB3hKybkKybAFx3lLCfAFxzDGR3hKibDGB7cJyTmz8\/elJTlwcHjurrUIyLlLSflLSfAFx3DGR7lLSfCFx3hKibhKibhKybjKybkLCblLSfbJSX49vbx7e3NNzjNMTLMJyjVIyLZf3\/ZQ0LaeHjx0tLgoqLkLCfCGB3HGx\/BGB3BFx3PICHCGB7WJCLOHyC\/Fxy\/Fx3lLCfQISHkLSe\/FxzbJiTBFx3FGx\/AGB7BFx3EGR7AGB3HHSDfKiXAFh3TISHYNzbhKibbJyTTIiL57e325+f039\/v2NjUV1fOHiHiqanfmprch4feKSXVIyPOICHmLibFGh\/mLSe\/Fx7XJCPeKSXXJSPNHyHaJyTGGh7lLCbmLCflLSjSIiLkLCbdKSXLHiC\/GB3KHh++Fh3lKyfoLiXcKCPkx8fYb2\/XaGfVXl3aU1LLHiDksbHgKibPICHbJyTfKSXbJyTCGB3KHSDiKybFGh7TIiL\/\/\/\/VIyPRISHIHB\/GGx\/HHB\/DGR7gKibdKCXLHiDZJiTMHiDNHyHYJSTOICHPICHWJCPcKCXXJSPjLCblLCf+\/f3NGR\/uLijzLynPGR\/IGB7WISHaIyLLGh7UAADxLynNAADRLzDbICLQAADIAAD3MCrUHSHXMTDpKSbLAADp5OTij4\/ejo\/VLy\/1LyngJSTcJCPQHx\/OHB7+\/PzaMS\/OLS\/vLijrLSjSAADaNTPwLyjkKSbNJCbYISHPHB\/KGB7WAAD7+vrn3d3aKynTKCjoLCfsKifRGh\/YAADq5+fhjo7QNDXXKCfmJyXt5+fTLzDLLi\/QKivYHRvMGBrQJCXLISPMExXLDxLaEAvkkI\/bOTfaFQ\/SCgpvLcnHAAAAmnRSTlMA+vv7+gT9Bvf9+8z8\/NSv\/Pr5+P7++vnQIBMP\/v38\/Pn348XDiCYf9OjbzcqxXVcx\/fz8+\/rj1r2poo1+fXFqX0orGP7+\/v7+\/fz8+\/r68uzn4trIxsG\/vri3p6GcmZSNbWVYUUZEPQv+\/f39+\/v7+\/v7+vr64tvV1NTTz87FtbSurqeblJKFg4B3bUY+NjL7+\/v7+\/v67t1cDo8JLQAABkRJREFUWMO0kz9rwkAYh0OIeJkum6YugUAhISCdKoj\/P4C7SMdS+gEKIhSKil10LSg4mzXkILdlEpxCpwTiWOLX6BujvQaEQuGeHLnL+\/64J+SIcKGYTYWnntpdLjrVdqvZmNdn0+EE40GtpuuWVS6Xx6N7YDSGpWXpeq02wHgynM7q80az1a52HpddtVcpsi1zFARBrdaxbhp9iUReTGmwA4KAAr7vx3EYejnCMI6hQYEgy0LQi4jUN0wL19vqFcUC9\/1dAKmEEFkWRYkh5oBejnxQJiSJPJ\/uKBp0Thszx9Mw8hMRIQjKsptCfuES9zr5WJY6vSFCIvE9fCMUmEM1A1kSXcYGxgVYsvI1IPKTZciSTI0us\/SMGG04gDzELDoFBwdcFJrF88dqgYMTiL6DILWYyfOWE8\/kIz38olCNlC03FK95+imxp6y4oUSvAnBjHHhKNtotSDqJzVFiK8c2SBqhZtsrTtgrLXwAyduxZHNE26eHUt5rtuM4WSmds3G+sUdWYo1L+XyxButoh5eKUHk5lByO3G1LqqCWVnfrv\/lyPtf\/4ps1cndNGIri8J1TJ0lx6dR\/oPjq1nbRwdp2dCk4CtIOLW3pVKRL6WZfS5vF2KkIQhpwSsjiYIgNCs1gEMGqiIq24NQX9NwoXFy8Ufrl3twTcg4fv8T9\/JBEySduj6Mjm4bMzYV7EEOxKjjoNDud7yY3Dy71Hq2oLmqfbNR723edH9PgMrNL2utoQ3VmaIDkiw\/4w51P06hlZsTZvkRrbVuSIs\/zwSOsycgzStQouoAkWQqioRT5XI7n2Z1wfVhoZmcAJLsoqjqpjbWCgpOAJXBwHK8PzWbNvoUZJND5wCnSkLAkZ1legx6vqQzjoiTahKlGUGLAiIIoABOHaNVw4sexZBym6\/HWlH5h3IC7yRbxtipcWxdTOkORKiNQAEkFf66x5S2oeRbroOlLgg0sSYkR0hRGEqJZ0jTPiQKatESdBckpWigxaapEH0lImHdWu9pUFF2XqMNM2Z4kped7IwEJw2qabwtrQqnpw6HyKkgcadKWsmpywwesDyIhYRpdzXddqegtGIJlXbAIUMOLkGxJUjRIkokwjUaX9d\/kK62ps\/tYUqZLIMkLTyBhsMZ3C5Z\/kDxOSCb\/DOs\/\/J0qcWSX\/2ipe56EgTCA4\/cB7NAYOsni4mZM1MUPAISoEwkDi4lhVBQ1cWQyIcwalw4EpqZN68JUSK7XC0kTlkLYii5uXSC8jT5ncCAS7mjCv0uHp\/3lueHEEAeQ\/\/VgmdN71\/2uCSA1Xr6DO6uI6sW56zqT2tp2PhgiRUAajV8CY2fkcz6WGNKMgLAt7tJAhD4YHMTeRxlALE6+43WqjSWi8ITxyJl8WrwWSNESQZZOqhDDntO3hJLsd5RtSpbJqdv3YrDJH3F7jL1R2O2aQkn2MyCyKYz0GPGIvSAMgBCrCEiJyKbBaYGwLW4uPRr0A0M4Ux5kUI7IBh+hMdiCEWNqhMZGyYMsOgNE58UQuEQeUnSWCMYwL54hkxK6IoqucQZbQ3pc3XtL0lky1dL0zZJJDpWJovFqpWj6JEHnyam2eQp5QRVAVHjWparTOaVwUOx99YS2MvgxIGV0bb+qIg2HX2qkFFJB+XZcbLiuRkuxD9GRroKyveLxdh4d7Orx+hb7qc3uVRuEogCOnyIxm4ubUoPgF4jianDrC+SDQDKEfJb0GUKmjCGPYHGJvVC6X4hw1\/sAfQAdfYyephIaspXe36RwOP+Ljvfx9B6B3i+Nk0DGq+oCbLn6JpBa9nWAveAIHwFAwtVcIJXPMPL8kRu5OAYPMaL1WScTxjiZDqB9LTJSWphow\/pTYKRTLjCBhvi9iBidvKcDasGSm0QQkycYuLBqj6QCELPctqChDWpTRMWkngNNpQ1Pfp1KkiT\/Y0DGffXAweUNfLAfaJFKDwhb6I+bkYRbkERoEeu3Fyjg2opMz2daZCS9jt6Q7txNfB+OZEVF6Zl5web2xunnLQrtrjXseXKaFYziYINeMFZVxS9VxRhOoesYwxPKXm+gWLG9cuFeq93UNNeJNsf1KlwuDok9n02n3TgIJpOxNfL9naIoQwXtfH9kjceTIIi709ncTg6LZbg+biLH1V6u\/7rxBem06VXKn9raAAAAAElFTkSuQmCC\")      no-repeat center center \/ contain;  }  @media screen and (max-width: 960px) and (orientation: portrait) {    .logo {      width: 100%;    }    .logo .pc-banner {      display: none;    }    .logo .m-banner {      display: block;      width: 100%;    }    .logo .m-banner img {      height: auto!important;    }    .ytvideo {      height: 200px;      width: 100%;    }  }<\/style><style>  .video-section {    width: 100%;    margin: 0 auto;  }  .video-section > img {    width: 100%;  }  .video-section iframe,  .video-section video {    width: 100%;    height: 100%;      }  .video-section-img-m,  .video-section-img-pc > img {    width: 100%;    height: auto;  }  .video-section-img-pc.small > img {    width: 970px;  }  .video-desc {    line-height: 1.5;    font-size: 20px;    font-weight: 400;    margin: 20px 0;    text-align: center;    color: #0f1111;    word-break: break-word;  }  @media screen and (max-width: 960px) and (orientation: portrait) {    .video-section {      width: 100%;    }    .video-section-pc,    .video-section-img-pc {      display: none;    }    .video-section-m,    .video-section-img-m {      display: block;    }    .video-desc {      font-size: 15px;    }  }  @media screen and (min-width: 960px) {    .video-section {      width: 100%;      margin: 0 auto;    }    .video-section-pc,    .video-section-img-pc {      display: block;    }    .video-section-m,    .video-section-img-m {      display: none;    }    .video-desc {      font-size: 20px;    }  }<\/style><style>  .section + .section {    margin-top: 35px;  }  .section-title {    text-align: center;    font-weight: bold;    color: #0d1111;    font-family: \"Arial\";    font-size: 32px;    margin: 15px 0;  }  .section-title:empty {    display: none;  }  .section-desc {    text-align: center;    font-weight: normal;    color: #0d1111;    margin-top: 20px;  }  .section-desc:empty {    display: none;  }  .section-img {    width: 1200px;    height: 492px;    margin: 0 auto;    display: block;  }  .section-img.small {    width: 970px;    height: auto;  }  .section-img.small > img {    height: auto;  }  .section-img > img {    width: 100%;    height: 100%;  }  .section-mobile-img {    display: none;    max-width: 100vw;    max-height: 75vw;    height: 450px;    margin: 0 auto;  }  .section-mobile-img > img {    width: 100%;    height: 100%;  }  @media screen and (max-width: 960px) and (orientation: portrait) {    .container {      width: 100%;    }    .container.small {      width: 100%;    }    .section-mobile-img {      display: block;    }    .section-img {      display: none;    }    .section-title {      font-size: 22px;      margin: 10px 0;    }    .section-desc {      margin-top: 10px;    }    .section + .section {      margin-top: 20px;    }  }<\/style><\/head><body><div class=\"container small\"><div class=\"logo\"><div class=\"pc-banner small\"><div><img decoding=\"async\" src=\"\/vevor\/vevor\/boutique-banner\/pc\/en-pc@1x.jpg\" style=\"width: 100%;\" \/><\/div><\/div><div class=\"m-banner\"><div><img decoding=\"async\" src=\"\/vevor\/vevor\/boutique-banner\/mobile\/en-m@1x.jpg\" style=\"width: 100%;\" \/><\/div><\/div><\/div><div class=\"section-title\">Uzlabojiet savu saules ener\u0123ijas sist\u0113mu ar uzticamu stiprin\u0101jumu<\/div><div class=\"video-section\"><div class=\"video-section-img-pc small\"><img decoding=\"async\" src=\"\/vevor\/product\/ZZJ40PCS00007YF58\/solar-panel-mounting-bracket-a100-1.4-pt.jpg\" \/><\/div><div class=\"video-section-img-m\"><img decoding=\"async\" src=\"\/vevor\/product\/ZZJ40PCS00007YF58\/solar-panel-mounting-bracket-a100-1.4-pt.jpg\" \/><\/div><div class=\"section-desc\">Izv\u0113lieties VEVOR saules pane\u013cu Z stiprin\u0101juma kron\u0161teinu uzticamai un stabilai mont\u0101\u017eai. Regul\u0113jama gala skava ar diametru no 35 l\u012bdz 50 mm ir piem\u0113rota da\u017e\u0101diem saules pane\u013cu biezumiem, un anod\u0113t\u0101 alum\u012bnija sakaus\u0113juma konstrukcija nodro\u0161ina ilgsto\u0161u stabilit\u0101ti, padarot to par ide\u0101lu izv\u0113li saules pane\u013cu uzst\u0101d\u012b\u0161anai.<\/div><\/div><div class=\"section\"><div class=\"section-title\"><\/div><div class=\"section-img small\"><img decoding=\"async\" src=\"\/vevor\/product\/ZZJ40PCS00007YF58\/solar-panel-mounting-bracket-a100-2.2-pt.jpg\" \/><\/div><div class=\"section-mobile-img\"><img decoding=\"async\" src=\"\/vevor\/product\/ZZJ40PCS00007YF58\/solar-panel-mounting-bracket-a100-2.2-pt.jpg\" \/><\/div><div class=\"section-desc\">Ar regul\u0113jamu gala skavas dizainu saules pane\u013ca Z mont\u0101\u017eas kron\u0161teinus var bez piep\u016bles piel\u0101got, lai tie atbilstu da\u017e\u0101diem saules pane\u013ca biezumiem. Tie ir sader\u012bgi ar ier\u0101m\u0113tiem saules pane\u013ciem, kuru izm\u0113rs ir no 1,38 l\u012bdz 1,97 coll\u0101m (35 l\u012bdz 50 mm).<\/div><\/div><div class=\"section\"><div class=\"section-title\"><\/div><div class=\"section-img small\"><img decoding=\"async\" src=\"\/vevor\/product\/ZZJ40PCS00007YF58\/solar-panel-mounting-bracket-a100-2.3-pt.jpg\" \/><\/div><div class=\"section-mobile-img\"><img decoding=\"async\" src=\"\/vevor\/product\/ZZJ40PCS00007YF58\/solar-panel-mounting-bracket-a100-2.3-pt.jpg\" \/><\/div><div class=\"section-desc\">Saules pane\u013ca mont\u0101\u017eas kron\u0161teins ir izstr\u0101d\u0101ts, lai stabili nostiprin\u0101tu j\u016bsu saules pane\u013cus, nodro\u0161inot sist\u0113mas stabilit\u0101ti un uzlabojot energoefektivit\u0101ti. Tas \u013cauj j\u016bsu saules ener\u0123ijas sist\u0113mai darboties uzticami, nodro\u0161inot efekt\u012bvu ener\u0123ijas izvadi.<\/div><\/div><div class=\"section\"><div class=\"section-title\"><\/div><div class=\"section-img small\"><img decoding=\"async\" src=\"\/vevor\/product\/ZZJ40PCS00007YF58\/solar-panel-mounting-bracket-a100-2.4-pt.jpg\" \/><\/div><div class=\"section-mobile-img\"><img decoding=\"async\" src=\"\/vevor\/product\/ZZJ40PCS00007YF58\/solar-panel-mounting-bracket-a100-2.4-pt.jpg\" \/><\/div><div class=\"section-desc\">M\u016bsu Z mont\u0101\u017eas kron\u0161teini pied\u0101v\u0101 vienk\u0101r\u0161u dizainu \u0101trai un vienk\u0101r\u0161ai uzst\u0101d\u012b\u0161anai Nav nepiecie\u0161ami sare\u017e\u0123\u012bti instrumenti, kas \u013cauj \u0101tri uzst\u0101d\u012bt saules paneli, vienlaikus nodro\u0161inot dro\u0161u un uzticamu uzst\u0101d\u012b\u0161anu.<\/div><\/div><div class=\"section\"><div class=\"section-title\"><\/div><div class=\"section-img small\"><img decoding=\"async\" src=\"\/vevor\/product\/ZZJ40PCS00007YF58\/solar-panel-mounting-bracket-a100-2.5-pt.jpg\" \/><\/div><div class=\"section-mobile-img\"><img decoding=\"async\" src=\"\/vevor\/product\/ZZJ40PCS00007YF58\/solar-panel-mounting-bracket-a100-2.5-pt.jpg\" \/><\/div><div class=\"section-desc\">M\u016bsu saules pane\u013cu mont\u0101\u017eas kron\u0161teini, kas izgatavoti no anod\u0113ta alum\u012bnija sakaus\u0113juma, pied\u0101v\u0101 izcilu iztur\u012bbu pret koroziju un ilgm\u016b\u017e\u012bbu. Vieglais dizains nodro\u0161ina \u0113rtu uzst\u0101d\u012b\u0161anu un transport\u0113\u0161anu, padarot tos ide\u0101li piem\u0113rotus da\u017e\u0101diem pielietojumiem \u0101rpus telp\u0101m.<\/div><\/div><div class=\"section\"><div class=\"section-img small\"><img decoding=\"async\" src=\"\/vevor\/product\/ZZJ40PCS00007YF58\/solar-panel-mounting-bracket-a100-1.11-pt.jpg\" \/><\/div><div class=\"section-mobile-img\"><img decoding=\"async\" src=\"\/vevor\/product\/ZZJ40PCS00007YF58\/solar-panel-mounting-bracket-a100-1.11-pt.jpg\" \/><\/div><\/div><\/div><\/body><\/html><\/div>\n<div class=\"DM_at-title\" id=\"js-DM_at-title\"> <div>Produkta specifik\u0101cija<\/div> <i class=\"icon-arrowup_line\"><\/i> <\/div><div class=\"DM_at-goodsDescAttr\" id=\"js-DM_at-goodsDescAttr\"> <div class=\"DM_at-goodsDescAttrInner\"> <dl class=\"goodsDesc_item goodsDesc_item_even\"> <dt>Preces Mode\u013ca Numurs<\/dt> <dd> SF-SS-SKU5<\/dd> <\/dl> <dl class=\"goodsDesc_item\"> <dt>Produkta Izm\u0113ri<\/dt> <dd> 2 x 1,8 x 1,35 collas \/ 50 x 45,5 x 34,3 mm<\/dd> <\/dl> <dl class=\"goodsDesc_item goodsDesc_item_even\"> <dt>Produkta daudzums<\/dt> <dd> 40 gab.<\/dd> <\/dl> <dl class=\"goodsDesc_item\"> <dt>Galvenais materi\u0101ls<\/dt> <dd> Alum\u012bnija sakaus\u0113jums AL6005-T5<\/dd> <\/dl> <dl class=\"goodsDesc_item goodsDesc_item_even\"> <dt>Produkta Svars<\/dt> <dd> 8,2 m\u0101rci\u0146as \/ 3,71 kg<\/dd> <\/dl> <\/div> <\/div>","protected":false},"excerpt":{"rendered":"<ul>\n<li> 30-50mm Regul\u0113jams gala skava: Featuring regul\u0113jams gala skavas dizains, VEVOR saules pane\u013ca Z mont\u0101\u017eas kron\u0161teini var viegli piel\u0101got, lai piel\u0101gotos da\u017e\u0101diem saules pane\u013cu biezumiem Tas ir piem\u0113rots ier\u0101m\u0113tiem saules pane\u013ciem diapazon\u0101 no 1,38 l\u012bdz 1,97 collas (35 l\u012bdz 50 mm). <\/li>\n<li> Iztur\u012bga konstrukcija: Izgatavots no iztur\u012bga alum\u012bnija sakaus\u0113juma ar anod\u0113tu virsmas apstr\u0101di, saules pane\u013ca gala skavas nodro\u0161ina izcilu koroziju, r\u016bsu un laika apst\u0101k\u013cu iztur\u012bbu Viegls dizains ar\u012b atvieglo vieglu uzst\u0101d\u012b\u0161anu un transport\u0113\u0161anu, padarot tos ide\u0101li piem\u0113rotus da\u017e\u0101diem \u0101ra lietojumiem. <\/li>\n<li> Vienk\u0101r\u0161a uzst\u0101d\u012b\u0161ana: M\u016bsu saules pane\u013cu mont\u0101\u017eas Z kron\u0161teinu ir vienk\u0101r\u0161i uzst\u0101d\u012bt \u2014 vienk\u0101r\u0161i piestipriniet to v\u0113lamaj\u0101 viet\u0101. Regul\u0113jamais dizains \u013cauj \u0101tri un prec\u012bzi noregul\u0113t saules pane\u013cus, nodro\u0161inot optim\u0101lu un stabilu stiprin\u0101jumu maksim\u0101lai energoefektivit\u0101tei. <\/li>\n<li> Visaptvero\u0161s komplekts: \u0160aj\u0101 komplekt\u0101 ietilpst 40 gab. regul\u0113jami saules pane\u013cu Z stiprin\u0101juma kron\u0161teini, kas pied\u0101v\u0101 d\u0101snu daudzumu, lai apmierin\u0101tu j\u016bsu ikdienas uzst\u0101d\u012b\u0161anas vajadz\u012bbas un nodro\u0161in\u0101tu pietiekami daudz nomai\u0146u ilgsto\u0161ai lieto\u0161anai. <\/li>\n<li> Pla\u0161s pielietojums: \u0160\u012bs regul\u0113jam\u0101s saules pane\u013cu gala skavas pied\u0101v\u0101 daudzpus\u012bgu pielietojumu, padarot t\u0101s ide\u0101li piem\u0113rotas plakaniem jumtiem, kemperiem, laiv\u0101m, kaj\u012bt\u0113m un da\u017e\u0101d\u0101m bezsaistes sist\u0113m\u0101m. T\u0101s nodro\u0161ina stabilu stiprin\u0101jumu, ilgsto\u0161u veiktsp\u0113ju un uzlabo j\u016bsu saules ener\u0123ijas sist\u0113mas efektivit\u0101ti. <\/li>\n<\/ul>","protected":false},"featured_media":344511,"comment_status":"closed","ping_status":"open","template":"","meta":{"om_disable_all_campaigns":false,"_uf_show_specific_survey":0,"_uf_disable_surveys":false},"location":[1935,1934],"product_brand":[21],"product_cat":[34,931,4570,2810],"product_tag":[],"class_list":{"0":"post-55717","1":"product","2":"type-product","3":"status-publish","4":"has-post-thumbnail","6":"location-supplier_stock_location","7":"location-local_stock_location","8":"product_brand-vevor","9":"product_cat-electrical","10":"product_cat-renewable-energy","11":"product_cat-solar-panel-mount-brackets","12":"product_cat-solar-power-accessories","14":"first","15":"outofstock","16":"taxable","17":"shipping-taxable","18":"purchasable","19":"product-type-simple"},"aioseo_notices":[],"locations":[{"id":1935,"name":"Pieg\u0101d\u0101ja noliktav\u0101 (5-7dd.d)","slug":"supplier_stock_location","quantity":"0"},{"id":1934,"name":"R\u012bgas veikal\u0101 (0-2d.d.)","slug":"local_stock_location","quantity":"0"}],"_links":{"self":[{"href":"https:\/\/vevorshop.lv\/lv\/wp-json\/wp\/v2\/product\/55717","targetHints":{"allow":["GET"]}}],"collection":[{"href":"https:\/\/vevorshop.lv\/lv\/wp-json\/wp\/v2\/product"}],"about":[{"href":"https:\/\/vevorshop.lv\/lv\/wp-json\/wp\/v2\/types\/product"}],"replies":[{"embeddable":true,"href":"https:\/\/vevorshop.lv\/lv\/wp-json\/wp\/v2\/comments?post=55717"}],"wp:featuredmedia":[{"embeddable":true,"href":"https:\/\/vevorshop.lv\/lv\/wp-json\/wp\/v2\/media\/344511"}],"wp:attachment":[{"href":"https:\/\/vevorshop.lv\/lv\/wp-json\/wp\/v2\/media?parent=55717"}],"wp:term":[{"taxonomy":"location","embeddable":true,"href":"https:\/\/vevorshop.lv\/lv\/wp-json\/wp\/v2\/location?post=55717"},{"taxonomy":"product_brand","embeddable":true,"href":"https:\/\/vevorshop.lv\/lv\/wp-json\/wp\/v2\/product_brand?post=55717"},{"taxonomy":"product_cat","embeddable":true,"href":"https:\/\/vevorshop.lv\/lv\/wp-json\/wp\/v2\/product_cat?post=55717"},{"taxonomy":"product_tag","embeddable":true,"href":"https:\/\/vevorshop.lv\/lv\/wp-json\/wp\/v2\/product_tag?post=55717"}],"curies":[{"name":"wp","href":"https:\/\/api.w.org\/{rel}","templated":true}]}}