{"id":55929,"date":"2024-11-20T04:43:06","date_gmt":"2024-11-20T04:43:06","guid":{"rendered":"http:\/\/vevorshop.edigo.lv\/Prece\/vevor-31-5in-handrails-for-outdoor-steps-2-crossbars-staircase-for-porch-deck\/"},"modified":"2026-04-19T23:12:01","modified_gmt":"2026-04-19T20:12:01","slug":"vevor-31-5in-handrails-for-outdoor-steps-2-crossbars-staircase-for-porch-deck","status":"publish","type":"product","link":"https:\/\/vevorshop.lv\/lv\/Prece\/vevor-315-collu-margas-ara-kapnem-2-skerssijas-kapnes-lievena-klajam\/","title":{"rendered":"VEVOR ner\u016bs\u0113jo\u0161\u0101 t\u0113rauda \u0101ra k\u0101p\u0146u margas, 80 cm dubultstabu margu komplekts ar 2 stie\u0146iem, regul\u0113jams 0\u00b0\u201345\u00b0, senioriem un dro\u0161\u012bbai"},"content":{"rendered":"<div style=\"color: #fff!important; font-size: 16px; height: 24px; line-height: 24px; margin-top: -24px; \" class=\"product_original_name\">VEVOR margas \u0101ra pak\u0101pieniem, 31,5 collu garums 2 \u0161\u0137\u0113rsstie\u0146i K\u0101p\u0146u rokas sliedes komplekts, p\u0101rejas ner\u016bs\u0113jo\u0161\u0101 t\u0113rauda margas w\/uzst\u0101d\u012b\u0161anas komplekts, divkolonnu k\u0101p\u0146u margas senioriem, porch &amp; Deck<\/div>\n<div style=\"color: #fff!important; font-size: 16px; height: 24px; line-height: 24px; margin-top: -24px; \" class=\"product_sku\">M4I4MFGC<\/div>\n<div style=\"color: #fff!important; font-size: 16px; height: 24px; line-height: 24px; margin-top: -24px; \" class=\"product_mpn\">BXGSLZFS80CMSOHDTV0<\/div><div id=\"js-DM_at-goodDescRich\"><html><head><style>  body {    font-family: Arial;    line-height: 1.5;    color: #1c1c1c;    overflow-x: hidden;    margin: 0;    padding: 0;  }  .MsoNormal b {    font-weight: bolder;  }<\/style><style>  .container.small {    width: 970px;    margin: 0 auto;  }  .logo {    margin: 0 auto 0;  }  .logo img {    display: block;    margin: 0 auto;    max-width: 100%;  }  .logo .pc-banner {    display: block;    width: 1200px;    height: 247.4px;    margin: 0 auto;  }  .logo .pc-banner.small {    width: 970px;  }  .logo .pc-banner.small img {    height: auto!important;  }  .logo .m-banner {    display: none;  }  .ytvideo {    position: relative;    height: 546px;    width: 100%;    margin: 0 auto;  }  .ytvideo img {    width: 100%;    margin: 0 auto;  }  .ytvideo .play-btn {    width: 60px;    height: 42px;    position: absolute;    top: 50%;    left: 50%;    transform: translate(-50%, -50%);    background: url(\"data:image\/png;base64,iVBORw0KGgoAAAANSUhEUgAAAGQAAABGCAMAAAANWMFbAAAC+lBMVEUAAADBGB3kLCfBGB3kLCfcJC7BFx3KKSbiKybkLCbWJCPSIiLSIiLPICHAFx3kLCfgKSXNHiDZJiTIGx\/p4eHcjo7LHSDbJyTkLCbjKyfOHyHPIiL28fHJHB\/GGh7EGR7eKCXDGB3RISHlLSbBGB3AFxzGHB7DGB7BGB3hKybkKybAFx3lLCfAFxzDGR3hKibDGB7cJyTmz8\/elJTlwcHjurrUIyLlLSflLSfAFx3DGR7lLSfCFx3hKibhKibhKybjKybkLCblLSfbJSX49vbx7e3NNzjNMTLMJyjVIyLZf3\/ZQ0LaeHjx0tLgoqLkLCfCGB3HGx\/BGB3BFx3PICHCGB7WJCLOHyC\/Fxy\/Fx3lLCfQISHkLSe\/FxzbJiTBFx3FGx\/AGB7BFx3EGR7AGB3HHSDfKiXAFh3TISHYNzbhKibbJyTTIiL57e325+f039\/v2NjUV1fOHiHiqanfmprch4feKSXVIyPOICHmLibFGh\/mLSe\/Fx7XJCPeKSXXJSPNHyHaJyTGGh7lLCbmLCflLSjSIiLkLCbdKSXLHiC\/GB3KHh++Fh3lKyfoLiXcKCPkx8fYb2\/XaGfVXl3aU1LLHiDksbHgKibPICHbJyTfKSXbJyTCGB3KHSDiKybFGh7TIiL\/\/\/\/VIyPRISHIHB\/GGx\/HHB\/DGR7gKibdKCXLHiDZJiTMHiDNHyHYJSTOICHPICHWJCPcKCXXJSPjLCblLCf+\/f3NGR\/uLijzLynPGR\/IGB7WISHaIyLLGh7UAADxLynNAADRLzDbICLQAADIAAD3MCrUHSHXMTDpKSbLAADp5OTij4\/ejo\/VLy\/1LyngJSTcJCPQHx\/OHB7+\/PzaMS\/OLS\/vLijrLSjSAADaNTPwLyjkKSbNJCbYISHPHB\/KGB7WAAD7+vrn3d3aKynTKCjoLCfsKifRGh\/YAADq5+fhjo7QNDXXKCfmJyXt5+fTLzDLLi\/QKivYHRvMGBrQJCXLISPMExXLDxLaEAvkkI\/bOTfaFQ\/SCgpvLcnHAAAAmnRSTlMA+vv7+gT9Bvf9+8z8\/NSv\/Pr5+P7++vnQIBMP\/v38\/Pn348XDiCYf9OjbzcqxXVcx\/fz8+\/rj1r2poo1+fXFqX0orGP7+\/v7+\/fz8+\/r68uzn4trIxsG\/vri3p6GcmZSNbWVYUUZEPQv+\/f39+\/v7+\/v7+vr64tvV1NTTz87FtbSurqeblJKFg4B3bUY+NjL7+\/v7+\/v67t1cDo8JLQAABkRJREFUWMO0kz9rwkAYh0OIeJkum6YugUAhISCdKoj\/P4C7SMdS+gEKIhSKil10LSg4mzXkILdlEpxCpwTiWOLX6BujvQaEQuGeHLnL+\/64J+SIcKGYTYWnntpdLjrVdqvZmNdn0+EE40GtpuuWVS6Xx6N7YDSGpWXpeq02wHgynM7q80az1a52HpddtVcpsi1zFARBrdaxbhp9iUReTGmwA4KAAr7vx3EYejnCMI6hQYEgy0LQi4jUN0wL19vqFcUC9\/1dAKmEEFkWRYkh5oBejnxQJiSJPJ\/uKBp0Thszx9Mw8hMRIQjKsptCfuES9zr5WJY6vSFCIvE9fCMUmEM1A1kSXcYGxgVYsvI1IPKTZciSTI0us\/SMGG04gDzELDoFBwdcFJrF88dqgYMTiL6DILWYyfOWE8\/kIz38olCNlC03FK95+imxp6y4oUSvAnBjHHhKNtotSDqJzVFiK8c2SBqhZtsrTtgrLXwAyduxZHNE26eHUt5rtuM4WSmds3G+sUdWYo1L+XyxButoh5eKUHk5lByO3G1LqqCWVnfrv\/lyPtf\/4ps1cndNGIri8J1TJ0lx6dR\/oPjq1nbRwdp2dCk4CtIOLW3pVKRL6WZfS5vF2KkIQhpwSsjiYIgNCs1gEMGqiIq24NQX9NwoXFy8Ufrl3twTcg4fv8T9\/JBEySduj6Mjm4bMzYV7EEOxKjjoNDud7yY3Dy71Hq2oLmqfbNR723edH9PgMrNL2utoQ3VmaIDkiw\/4w51P06hlZsTZvkRrbVuSIs\/zwSOsycgzStQouoAkWQqioRT5XI7n2Z1wfVhoZmcAJLsoqjqpjbWCgpOAJXBwHK8PzWbNvoUZJND5wCnSkLAkZ1legx6vqQzjoiTahKlGUGLAiIIoABOHaNVw4sexZBym6\/HWlH5h3IC7yRbxtipcWxdTOkORKiNQAEkFf66x5S2oeRbroOlLgg0sSYkR0hRGEqJZ0jTPiQKatESdBckpWigxaapEH0lImHdWu9pUFF2XqMNM2Z4kped7IwEJw2qabwtrQqnpw6HyKkgcadKWsmpywwesDyIhYRpdzXddqegtGIJlXbAIUMOLkGxJUjRIkokwjUaX9d\/kK62ps\/tYUqZLIMkLTyBhsMZ3C5Z\/kDxOSCb\/DOs\/\/J0qcWSX\/2ipe56EgTCA4\/cB7NAYOsni4mZM1MUPAISoEwkDi4lhVBQ1cWQyIcwalw4EpqZN68JUSK7XC0kTlkLYii5uXSC8jT5ncCAS7mjCv0uHp\/3lueHEEAeQ\/\/VgmdN71\/2uCSA1Xr6DO6uI6sW56zqT2tp2PhgiRUAajV8CY2fkcz6WGNKMgLAt7tJAhD4YHMTeRxlALE6+43WqjSWi8ITxyJl8WrwWSNESQZZOqhDDntO3hJLsd5RtSpbJqdv3YrDJH3F7jL1R2O2aQkn2MyCyKYz0GPGIvSAMgBCrCEiJyKbBaYGwLW4uPRr0A0M4Ux5kUI7IBh+hMdiCEWNqhMZGyYMsOgNE58UQuEQeUnSWCMYwL54hkxK6IoqucQZbQ3pc3XtL0lky1dL0zZJJDpWJovFqpWj6JEHnyam2eQp5QRVAVHjWparTOaVwUOx99YS2MvgxIGV0bb+qIg2HX2qkFFJB+XZcbLiuRkuxD9GRroKyveLxdh4d7Orx+hb7qc3uVRuEogCOnyIxm4ubUoPgF4jianDrC+SDQDKEfJb0GUKmjCGPYHGJvVC6X4hw1\/sAfQAdfYyephIaspXe36RwOP+Ljvfx9B6B3i+Nk0DGq+oCbLn6JpBa9nWAveAIHwFAwtVcIJXPMPL8kRu5OAYPMaL1WScTxjiZDqB9LTJSWphow\/pTYKRTLjCBhvi9iBidvKcDasGSm0QQkycYuLBqj6QCELPctqChDWpTRMWkngNNpQ1Pfp1KkiT\/Y0DGffXAweUNfLAfaJFKDwhb6I+bkYRbkERoEeu3Fyjg2opMz2daZCS9jt6Q7txNfB+OZEVF6Zl5web2xunnLQrtrjXseXKaFYziYINeMFZVxS9VxRhOoesYwxPKXm+gWLG9cuFeq93UNNeJNsf1KlwuDok9n02n3TgIJpOxNfL9naIoQwXtfH9kjceTIIi709ncTg6LZbg+biLH1V6u\/7rxBem06VXKn9raAAAAAElFTkSuQmCC\")      no-repeat center center \/ contain;  }  @media screen and (max-width: 960px) and (orientation: portrait) {    .logo {      width: 100%;    }    .logo .pc-banner {      display: none;    }    .logo .m-banner {      display: block;      width: 100%;    }    .logo .m-banner img {      height: auto!important;    }    .ytvideo {      height: 200px;      width: 100%;    }  }<\/style><style>  .video-section {    width: 100%;    margin: 0 auto;  }  .video-section > img {    width: 100%;  }  .video-section iframe,  .video-section video {    width: 100%;    height: 100%;      }  .video-section-img-m,  .video-section-img-pc > img {    width: 100%;    height: auto;  }  .video-section-img-pc.small > img {    width: 970px;  }  .video-desc {    line-height: 1.5;    font-size: 20px;    font-weight: 400;    margin: 20px 0;    text-align: center;    color: #0f1111;    word-break: break-word;  }  @media screen and (max-width: 960px) and (orientation: portrait) {    .video-section {      width: 100%;    }    .video-section-pc,    .video-section-img-pc {      display: none;    }    .video-section-m,    .video-section-img-m {      display: block;    }    .video-desc {      font-size: 15px;    }  }  @media screen and (min-width: 960px) {    .video-section {      width: 100%;      margin: 0 auto;    }    .video-section-pc,    .video-section-img-pc {      display: block;    }    .video-section-m,    .video-section-img-m {      display: none;    }    .video-desc {      font-size: 20px;    }  }<\/style><style>  .section + .section {    margin-top: 35px;  }  .section-title {    text-align: center;    font-weight: bold;    color: #0d1111;    font-family: \"Arial\";    font-size: 32px;    margin: 15px 0;  }  .section-title:empty {    display: none;  }  .section-desc {    text-align: center;    font-weight: normal;    color: #0d1111;    margin-top: 20px;  }  .section-desc:empty {    display: none;  }  .section-img {    width: 1200px;    height: 492px;    margin: 0 auto;    display: block;  }  .section-img.small {    width: 970px;    height: auto;  }  .section-img.small > img {    height: auto;  }  .section-img > img {    width: 100%;    height: 100%;  }  .section-mobile-img {    display: none;    max-width: 100vw;    max-height: 75vw;    height: 450px;    margin: 0 auto;  }  .section-mobile-img > img {    width: 100%;    height: 100%;  }  @media screen and (max-width: 960px) and (orientation: portrait) {    .container {      width: 100%;    }    .container.small {      width: 100%;    }    .section-mobile-img {      display: block;    }    .section-img {      display: none;    }    .section-title {      font-size: 22px;      margin: 10px 0;    }    .section-desc {      margin-top: 10px;    }    .section + .section {      margin-top: 20px;    }  }<\/style><\/head><body><div class=\"container small\"><div class=\"logo\"><div class=\"pc-banner small\"><div><img decoding=\"async\" src=\"\/vevor\/vevor\/boutique-banner\/pc\/en-pc@1x.jpg\" style=\"width: 100%;\" \/><\/div><\/div><div class=\"m-banner\"><div><img decoding=\"async\" src=\"\/vevor\/vevor\/boutique-banner\/mobile\/en-m@1x.jpg\" style=\"width: 100%;\" \/><\/div><\/div><\/div><div class=\"section-title\">VEVOR uzticamas ner\u016bs\u0113jo\u0161\u0101 t\u0113rauda kolonnu margas<\/div><div class=\"video-section\"><div class=\"video-section-img-pc small\"><img decoding=\"async\" src=\"\/vevor\/product\/BXGSLZFS80CMSOHDT\/handrail-a100-1.4-pt.jpg\" \/><\/div><div class=\"video-section-img-m\"><img decoding=\"async\" src=\"\/vevor\/product\/BXGSLZFS80CMSOHDT\/handrail-a100-1.4-pt.jpg\" \/><\/div><div class=\"section-desc\">M\u0113s saprotam, cik svar\u012bga ir dro\u0161\u012bba viet\u0101s, piem\u0113ram, k\u0101p\u0146u, gaite\u0146u vai balkonu zon\u0101s Jums un J\u016bsu \u0123imenei. T\u0101p\u0113c m\u0113s izmantojam iztur\u012bgus stiprin\u0101juma elementus, lai nodro\u0161in\u0101tu stabilit\u0101ti un nov\u0113rstu iesp\u0113jamus negad\u012bjumus.<\/div><\/div><div class=\"section\"><div class=\"section-title\"><\/div><div class=\"section-img small\"><img decoding=\"async\" src=\"\/vevor\/product\/BXGSLZFS80CMSOHDT\/handrail-a100-2.2-pt.jpg\" \/><\/div><div class=\"section-mobile-img\"><img decoding=\"async\" src=\"\/vevor\/product\/BXGSLZFS80CMSOHDT\/handrail-a100-2.2-pt.jpg\" \/><\/div><div class=\"section-desc\">Vec\u0101ka gadag\u0101juma \u0123imenes locek\u013ciem vai lai izvair\u012btos no pasl\u012bd\u0113\u0161anas uz k\u0101pn\u0113m sliktos laika apst\u0101k\u013cos, m\u016bsu k\u0101p\u0146u margas nodro\u0161in\u0101s dro\u0161u un uzticamu atbalstu jums un j\u016bsu tuviniekiem.<\/div><\/div><div class=\"section\"><div class=\"section-title\"><\/div><div class=\"section-img small\"><img decoding=\"async\" src=\"\/vevor\/product\/BXGSLZFS80CMSOHDT\/handrail-a100-2.3-pt.jpg\" \/><\/div><div class=\"section-mobile-img\"><img decoding=\"async\" src=\"\/vevor\/product\/BXGSLZFS80CMSOHDT\/handrail-a100-2.3-pt.jpg\" \/><\/div><div class=\"section-desc\">M\u016bsu margas ir izgatavotas no augstas kvalit\u0101tes materi\u0101liem, kas paredz\u0113ti, lai iztur\u0113tu ekstrem\u0101lus laikapst\u0101k\u013cus. \u0160\u012bs iztur\u012bg\u0101s margas pied\u0101v\u0101 ilgsto\u0161u veiktsp\u0113ju un uzticam\u012bbu, garant\u0113jot dro\u0161\u012bbu un stabilit\u0101ti pat skarbos laikapst\u0101k\u013cos.<\/div><\/div><div class=\"section\"><div class=\"section-title\"><\/div><div class=\"section-img small\"><img decoding=\"async\" src=\"\/vevor\/product\/BXGSLZFS80CMSOHDT\/handrail-a100-2.4-pt.jpg\" \/><\/div><div class=\"section-mobile-img\"><img decoding=\"async\" src=\"\/vevor\/product\/BXGSLZFS80CMSOHDT\/handrail-a100-2.4-pt.jpg\" \/><\/div><div class=\"section-desc\">M\u016bsu rokasgr\u0101matas var uzst\u0101d\u012bt uz betona, koka gr\u012bd\u0101m, fl\u012bz\u0113m vai marmora virsm\u0101m, \u013caujot jums izv\u0113l\u0113ties atbilsto\u0161i j\u016bsu \u012bpa\u0161aj\u0101m vajadz\u012bb\u0101m.<\/div><\/div><div class=\"section\"><div class=\"section-title\"><\/div><div class=\"section-img small\"><img decoding=\"async\" src=\"\/vevor\/product\/BXGSLZFS80CMSOHDT\/handrail-a100-2.5-pt.jpg\" \/><\/div><div class=\"section-mobile-img\"><img decoding=\"async\" src=\"\/vevor\/product\/BXGSLZFS80CMSOHDT\/handrail-a100-2.5-pt.jpg\" \/><\/div><div class=\"section-desc\">Margu le\u0146\u0137i var regul\u0113t, lai tas atbilstu pak\u0101pju skaitam, padarot to piel\u0101gojamu j\u016bsu k\u0101p\u0146u pras\u012bb\u0101m.<\/div><\/div><div class=\"section\"><div class=\"section-img small\"><img decoding=\"async\" src=\"\/vevor\/product\/BXGSLZFS80CMSOHDT\/handrail-a100-1.11-pt.jpg\" \/><\/div><div class=\"section-mobile-img\"><img decoding=\"async\" src=\"\/vevor\/product\/BXGSLZFS80CMSOHDT\/handrail-a100-1.11-pt.jpg\" \/><\/div><\/div><\/div><\/body><\/html><\/div>\n<div class=\"DM_at-title\" id=\"js-DM_at-title\"> <div>Produkta specifik\u0101cija<\/div> <i class=\"icon-arrowup_line\"><\/i> <\/div><div class=\"DM_at-goodsDescAttr\" id=\"js-DM_at-goodsDescAttr\"> <div class=\"DM_at-goodsDescAttrInner\"> <dl class=\"goodsDesc_item goodsDesc_item_even\"> <dt>Preces Mode\u013ca Numurs<\/dt> <dd> SSH-1S-80-2<\/dd> <\/dl> <dl class=\"goodsDesc_item\"> <dt>Produkta Izm\u0113ri<\/dt> <dd> 31,5 x 4,1 x 41,7 collas \/ 800 x 104 x 1060 mm<\/dd> <\/dl> <dl class=\"goodsDesc_item goodsDesc_item_even\"> <dt>Galvenais materi\u0101ls<\/dt> <dd> Ner\u016bs\u0113jo\u0161\u0101 T\u0113rauda<\/dd> <\/dl> <dl class=\"goodsDesc_item\"> <dt>Neto Svars<\/dt> <dd> 21,9 m\u0101rci\u0146as \/ 9,95 kg<\/dd> <\/dl> <dl class=\"goodsDesc_item goodsDesc_item_even\"> <dt>Kr\u0101sa<\/dt> <dd> Sudraba<\/dd> <\/dl> <dl class=\"goodsDesc_item\"> <dt>Roktura Garums<\/dt> <dd> 31,5 collas \/ 2,6 p\u0113das<\/dd> <\/dl> <dl class=\"goodsDesc_item goodsDesc_item_even\"> <dt>Kolonnas centra att\u0101lums (plakaniski)<\/dt> <dd> 19,7 collas \/ 500 mm<\/dd> <\/dl> <dl class=\"goodsDesc_item\"> <dt>Kolonnas centra att\u0101lums (maksim\u0101l\u0101 augstuma at\u0161\u0137ir\u012bba)<\/dt> <dd> 14,2 collas \/ 360 mm<\/dd> <\/dl> <dl class=\"goodsDesc_item goodsDesc_item_even\"> <dt>Maksim\u0101l\u0101 augstuma starp\u012bba<\/dt> <dd> 13,6 collas \/ 345 mm<\/dd> <\/dl> <dl class=\"goodsDesc_item\"> <dt>Regul\u0113jams le\u0146\u0137is<\/dt> <dd> 0\u00b0\u201345\u00b0<\/dd> <\/dl> <\/div> <\/div>","protected":false},"excerpt":{"rendered":"<ul>\n<li> Draudz\u012bgs atg\u0101din\u0101jums: \u0161\u012bs margas ir izgatavotas no 201 ner\u016bs\u0113jo\u0161\u0101 t\u0113rauda un var rad\u012bt potenci\u0101lu risku r\u016bs\u0113t \u0101rpus telp\u0101m L\u016bdzu, pirms ieg\u0101des apstipriniet uzst\u0101d\u012b\u0161anas vietu Izmantojiet zilu Scotch Brite spilventi\u0146u, lai vajadz\u012bbas gad\u012bjum\u0101 not\u012br\u012btu r\u016bsu <\/li>\n<li> 220 m\u0101rci\u0146as Lieljaudas ietilp\u012bba: \u0161\u012b k\u0101p\u0146u marga ir veidota t\u0101, lai t\u0101 kalpotu, pied\u0101v\u0101jot uzticamu dro\u0161\u012bbu un atbalstu gan vec\u0101ka gadag\u0101juma cilv\u0113kiem, gan b\u0113rniem. T\u0101s pastiprin\u0101tais dizains nodro\u0161ina \u0113rtu sa\u0137eri, nodro\u0161inot dro\u0161u lieto\u0161anu gr\u016btniec\u0113m un senioriem, kad vi\u0146i p\u0101rvietojas pa k\u0101pn\u0113m. 0\u00b0-45\u00b0 Regul\u0113jams le\u0146\u0137is: marg\u0101m ir regul\u0113jams diapazons no 0 l\u012bdz 45 gr\u0101diem, padarot to ide\u0101li piem\u0113rotu liel\u0101kajai da\u013cai sliek\u0161\u0146u, gar\u0101\u017eas ieeju, d\u0101rza margu un daudz ko citu. \u0160\u012b elast\u012bba \u013cauj tai efekt\u012bvi piel\u0101got da\u017e\u0101das k\u0101p\u0146u konfigur\u0101cijas. <\/li>\n<li> Vienk\u0101r\u0161a uzst\u0101d\u012b\u0161ana: Apr\u012bkots ar ner\u016bs\u0113jo\u0161\u0101 t\u0113rauda izple\u0161an\u0101s skr\u016bv\u0113m dubultai pastiprin\u0101\u0161anai, kas uzlabo stabilit\u0101ti. Turkl\u0101t ir iek\u013cauta lietot\u0101jam draudz\u012bga rokasgr\u0101mata, lai uzst\u0101d\u012b\u0161anas process b\u016btu vienk\u0101r\u0161s un bez probl\u0113m\u0101m. <\/li>\n<li> Daudzpus\u012bgs pielietojums: \u0160\u012bs \u0101ra k\u0101p\u0146u margas var uzst\u0101d\u012bt uz betona, koka gr\u012bd\u0101m, fl\u012bz\u0113m, marmora un cit\u0101m ciet\u0101m virsm\u0101m. T\u0101s unik\u0101lais dizains papildina da\u017e\u0101dus k\u0101p\u0146u veidus, nodro\u0161inot gan funkcionalit\u0101ti, gan stilu. <\/li>\n<li> Iztur\u012bgi piederumi: M\u0113s nodro\u0161in\u0101m pilnu uzst\u0101d\u012b\u0161anas aparat\u016bras komplektu, tostarp skr\u016bves, uzgrie\u017e\u0146us, izple\u0161an\u0101s skr\u016bves un met\u0101la enkurus, lai nodro\u0161in\u0101tu stabilu atbalstu abos galos. \u0160is visaptvero\u0161ais komplekts nodro\u0161ina vienm\u0113r\u012bgu un dro\u0161u uzst\u0101d\u012b\u0161anas procesu. <\/li>\n<\/ul>","protected":false},"featured_media":345603,"comment_status":"closed","ping_status":"open","template":"","meta":{"om_disable_all_campaigns":false,"_uf_show_specific_survey":0,"_uf_disable_surveys":false},"location":[1935,1934],"product_brand":[21],"product_cat":[2938,2937,2936,2939,2423,2940],"product_tag":[],"class_list":{"0":"post-55929","1":"product","2":"type-product","3":"status-publish","4":"has-post-thumbnail","6":"location-supplier_stock_location","7":"location-local_stock_location","8":"product_brand-vevor","9":"product_cat-deck-railing-systems","10":"product_cat-deck-railings","11":"product_cat-decking","12":"product_cat-handrail","13":"product_cat-lumber-composites","14":"product_cat-outdoor-column-stair-handrail","16":"first","17":"instock","18":"taxable","19":"shipping-taxable","20":"purchasable","21":"product-type-simple"},"aioseo_notices":[],"locations":[{"id":1935,"name":"Pieg\u0101d\u0101ja noliktav\u0101 (5-7dd.d)","slug":"supplier_stock_location","quantity":"188"},{"id":1934,"name":"R\u012bgas veikal\u0101 (0-2d.d.)","slug":"local_stock_location","quantity":"0"}],"_links":{"self":[{"href":"https:\/\/vevorshop.lv\/lv\/wp-json\/wp\/v2\/product\/55929","targetHints":{"allow":["GET"]}}],"collection":[{"href":"https:\/\/vevorshop.lv\/lv\/wp-json\/wp\/v2\/product"}],"about":[{"href":"https:\/\/vevorshop.lv\/lv\/wp-json\/wp\/v2\/types\/product"}],"replies":[{"embeddable":true,"href":"https:\/\/vevorshop.lv\/lv\/wp-json\/wp\/v2\/comments?post=55929"}],"wp:featuredmedia":[{"embeddable":true,"href":"https:\/\/vevorshop.lv\/lv\/wp-json\/wp\/v2\/media\/345603"}],"wp:attachment":[{"href":"https:\/\/vevorshop.lv\/lv\/wp-json\/wp\/v2\/media?parent=55929"}],"wp:term":[{"taxonomy":"location","embeddable":true,"href":"https:\/\/vevorshop.lv\/lv\/wp-json\/wp\/v2\/location?post=55929"},{"taxonomy":"product_brand","embeddable":true,"href":"https:\/\/vevorshop.lv\/lv\/wp-json\/wp\/v2\/product_brand?post=55929"},{"taxonomy":"product_cat","embeddable":true,"href":"https:\/\/vevorshop.lv\/lv\/wp-json\/wp\/v2\/product_cat?post=55929"},{"taxonomy":"product_tag","embeddable":true,"href":"https:\/\/vevorshop.lv\/lv\/wp-json\/wp\/v2\/product_tag?post=55929"}],"curies":[{"name":"wp","href":"https:\/\/api.w.org\/{rel}","templated":true}]}}