{"id":55998,"date":"2024-11-20T04:53:28","date_gmt":"2024-11-20T04:53:28","guid":{"rendered":"http:\/\/vevorshop.edigo.lv\/Prece\/vevor-time-clock-biometric-clock-100000-records-employee-attendance-machine-3\/"},"modified":"2026-02-26T16:57:00","modified_gmt":"2026-02-26T14:57:00","slug":"vevor-time-clock-biometric-clock-100000-records-employee-attendance-machine-3","status":"publish","type":"product","link":"https:\/\/vevorshop.lv\/lv\/Prece\/vevor-darba-laika-pulkstenis-biometriskais-pulkstenis-100000-ierakstu-darbinieku-apmeklejuma-masina-3\/","title":{"rendered":"VEVOR biometriska laika uzskaites ier\u012bce ar pirkstu nospiedumu un PIN, 2.4&#039;&#039; ekr\u0101ns, USB eksports, bez maksas, l\u012bdz 1000 lietot\u0101jiem"},"content":{"rendered":"<div style=\"color: #fff!important; font-size: 16px; height: 24px; line-height: 24px; margin-top: -24px; \" class=\"product_original_name\">VEVOR Time Clock, Employee Attendance Machine with Fingerprint, and PIN Punching in One, Standalone Biometric Time Clock in Machine for Employees Small Business with 2.4 in Screen & No Monthly Fees<\/div>\n<div style=\"color: #fff!important; font-size: 16px; height: 24px; line-height: 24px; margin-top: -24px; \" class=\"product_sku\">M4I4MFT6<\/div>\n<div style=\"color: #fff!important; font-size: 16px; height: 24px; line-height: 24px; margin-top: -24px; \" class=\"product_mpn\">DKKQJBDWIFID4EHH6V2<\/div><div id=\"js-DM_at-goodDescRich\"><html><head><style>  body {    font-family: Arial;    line-height: 1.5;    color: #1c1c1c;    overflow-x: hidden;    margin: 0;    padding: 0;  }  .MsoNormal b {    font-weight: bolder;  }<\/style><style>  .container.small {    width: 970px;    margin: 0 auto;  }  .logo {    margin: 0 auto 0;  }  .logo img {    display: block;    margin: 0 auto;    max-width: 100%;  }  .logo .pc-banner {    display: block;    width: 1200px;    height: 247.4px;    margin: 0 auto;  }  .logo .pc-banner.small {    width: 970px;  }  .logo .pc-banner.small img {    height: auto!important;  }  .logo .m-banner {    display: none;  }  .ytvideo {    position: relative;    height: 546px;    width: 100%;    margin: 0 auto;  }  .ytvideo img {    width: 100%;    margin: 0 auto;  }  .ytvideo .play-btn {    width: 60px;    height: 42px;    position: absolute;    top: 50%;    left: 50%;    transform: translate(-50%, -50%);    background: url(\"data:image\/png;base64,iVBORw0KGgoAAAANSUhEUgAAAGQAAABGCAMAAAANWMFbAAAC+lBMVEUAAADBGB3kLCfBGB3kLCfcJC7BFx3KKSbiKybkLCbWJCPSIiLSIiLPICHAFx3kLCfgKSXNHiDZJiTIGx\/p4eHcjo7LHSDbJyTkLCbjKyfOHyHPIiL28fHJHB\/GGh7EGR7eKCXDGB3RISHlLSbBGB3AFxzGHB7DGB7BGB3hKybkKybAFx3lLCfAFxzDGR3hKibDGB7cJyTmz8\/elJTlwcHjurrUIyLlLSflLSfAFx3DGR7lLSfCFx3hKibhKibhKybjKybkLCblLSfbJSX49vbx7e3NNzjNMTLMJyjVIyLZf3\/ZQ0LaeHjx0tLgoqLkLCfCGB3HGx\/BGB3BFx3PICHCGB7WJCLOHyC\/Fxy\/Fx3lLCfQISHkLSe\/FxzbJiTBFx3FGx\/AGB7BFx3EGR7AGB3HHSDfKiXAFh3TISHYNzbhKibbJyTTIiL57e325+f039\/v2NjUV1fOHiHiqanfmprch4feKSXVIyPOICHmLibFGh\/mLSe\/Fx7XJCPeKSXXJSPNHyHaJyTGGh7lLCbmLCflLSjSIiLkLCbdKSXLHiC\/GB3KHh++Fh3lKyfoLiXcKCPkx8fYb2\/XaGfVXl3aU1LLHiDksbHgKibPICHbJyTfKSXbJyTCGB3KHSDiKybFGh7TIiL\/\/\/\/VIyPRISHIHB\/GGx\/HHB\/DGR7gKibdKCXLHiDZJiTMHiDNHyHYJSTOICHPICHWJCPcKCXXJSPjLCblLCf+\/f3NGR\/uLijzLynPGR\/IGB7WISHaIyLLGh7UAADxLynNAADRLzDbICLQAADIAAD3MCrUHSHXMTDpKSbLAADp5OTij4\/ejo\/VLy\/1LyngJSTcJCPQHx\/OHB7+\/PzaMS\/OLS\/vLijrLSjSAADaNTPwLyjkKSbNJCbYISHPHB\/KGB7WAAD7+vrn3d3aKynTKCjoLCfsKifRGh\/YAADq5+fhjo7QNDXXKCfmJyXt5+fTLzDLLi\/QKivYHRvMGBrQJCXLISPMExXLDxLaEAvkkI\/bOTfaFQ\/SCgpvLcnHAAAAmnRSTlMA+vv7+gT9Bvf9+8z8\/NSv\/Pr5+P7++vnQIBMP\/v38\/Pn348XDiCYf9OjbzcqxXVcx\/fz8+\/rj1r2poo1+fXFqX0orGP7+\/v7+\/fz8+\/r68uzn4trIxsG\/vri3p6GcmZSNbWVYUUZEPQv+\/f39+\/v7+\/v7+vr64tvV1NTTz87FtbSurqeblJKFg4B3bUY+NjL7+\/v7+\/v67t1cDo8JLQAABkRJREFUWMO0kz9rwkAYh0OIeJkum6YugUAhISCdKoj\/P4C7SMdS+gEKIhSKil10LSg4mzXkILdlEpxCpwTiWOLX6BujvQaEQuGeHLnL+\/64J+SIcKGYTYWnntpdLjrVdqvZmNdn0+EE40GtpuuWVS6Xx6N7YDSGpWXpeq02wHgynM7q80az1a52HpddtVcpsi1zFARBrdaxbhp9iUReTGmwA4KAAr7vx3EYejnCMI6hQYEgy0LQi4jUN0wL19vqFcUC9\/1dAKmEEFkWRYkh5oBejnxQJiSJPJ\/uKBp0Thszx9Mw8hMRIQjKsptCfuES9zr5WJY6vSFCIvE9fCMUmEM1A1kSXcYGxgVYsvI1IPKTZciSTI0us\/SMGG04gDzELDoFBwdcFJrF88dqgYMTiL6DILWYyfOWE8\/kIz38olCNlC03FK95+imxp6y4oUSvAnBjHHhKNtotSDqJzVFiK8c2SBqhZtsrTtgrLXwAyduxZHNE26eHUt5rtuM4WSmds3G+sUdWYo1L+XyxButoh5eKUHk5lByO3G1LqqCWVnfrv\/lyPtf\/4ps1cndNGIri8J1TJ0lx6dR\/oPjq1nbRwdp2dCk4CtIOLW3pVKRL6WZfS5vF2KkIQhpwSsjiYIgNCs1gEMGqiIq24NQX9NwoXFy8Ufrl3twTcg4fv8T9\/JBEySduj6Mjm4bMzYV7EEOxKjjoNDud7yY3Dy71Hq2oLmqfbNR723edH9PgMrNL2utoQ3VmaIDkiw\/4w51P06hlZsTZvkRrbVuSIs\/zwSOsycgzStQouoAkWQqioRT5XI7n2Z1wfVhoZmcAJLsoqjqpjbWCgpOAJXBwHK8PzWbNvoUZJND5wCnSkLAkZ1legx6vqQzjoiTahKlGUGLAiIIoABOHaNVw4sexZBym6\/HWlH5h3IC7yRbxtipcWxdTOkORKiNQAEkFf66x5S2oeRbroOlLgg0sSYkR0hRGEqJZ0jTPiQKatESdBckpWigxaapEH0lImHdWu9pUFF2XqMNM2Z4kped7IwEJw2qabwtrQqnpw6HyKkgcadKWsmpywwesDyIhYRpdzXddqegtGIJlXbAIUMOLkGxJUjRIkokwjUaX9d\/kK62ps\/tYUqZLIMkLTyBhsMZ3C5Z\/kDxOSCb\/DOs\/\/J0qcWSX\/2ipe56EgTCA4\/cB7NAYOsni4mZM1MUPAISoEwkDi4lhVBQ1cWQyIcwalw4EpqZN68JUSK7XC0kTlkLYii5uXSC8jT5ncCAS7mjCv0uHp\/3lueHEEAeQ\/\/VgmdN71\/2uCSA1Xr6DO6uI6sW56zqT2tp2PhgiRUAajV8CY2fkcz6WGNKMgLAt7tJAhD4YHMTeRxlALE6+43WqjSWi8ITxyJl8WrwWSNESQZZOqhDDntO3hJLsd5RtSpbJqdv3YrDJH3F7jL1R2O2aQkn2MyCyKYz0GPGIvSAMgBCrCEiJyKbBaYGwLW4uPRr0A0M4Ux5kUI7IBh+hMdiCEWNqhMZGyYMsOgNE58UQuEQeUnSWCMYwL54hkxK6IoqucQZbQ3pc3XtL0lky1dL0zZJJDpWJovFqpWj6JEHnyam2eQp5QRVAVHjWparTOaVwUOx99YS2MvgxIGV0bb+qIg2HX2qkFFJB+XZcbLiuRkuxD9GRroKyveLxdh4d7Orx+hb7qc3uVRuEogCOnyIxm4ubUoPgF4jianDrC+SDQDKEfJb0GUKmjCGPYHGJvVC6X4hw1\/sAfQAdfYyephIaspXe36RwOP+Ljvfx9B6B3i+Nk0DGq+oCbLn6JpBa9nWAveAIHwFAwtVcIJXPMPL8kRu5OAYPMaL1WScTxjiZDqB9LTJSWphow\/pTYKRTLjCBhvi9iBidvKcDasGSm0QQkycYuLBqj6QCELPctqChDWpTRMWkngNNpQ1Pfp1KkiT\/Y0DGffXAweUNfLAfaJFKDwhb6I+bkYRbkERoEeu3Fyjg2opMz2daZCS9jt6Q7txNfB+OZEVF6Zl5web2xunnLQrtrjXseXKaFYziYINeMFZVxS9VxRhOoesYwxPKXm+gWLG9cuFeq93UNNeJNsf1KlwuDok9n02n3TgIJpOxNfL9naIoQwXtfH9kjceTIIi709ncTg6LZbg+biLH1V6u\/7rxBem06VXKn9raAAAAAElFTkSuQmCC\")      no-repeat center center \/ contain;  }  @media screen and (max-width: 960px) and (orientation: portrait) {    .logo {      width: 100%;    }    .logo .pc-banner {      display: none;    }    .logo .m-banner {      display: block;      width: 100%;    }    .logo .m-banner img {      height: auto!important;    }    .ytvideo {      height: 200px;      width: 100%;    }  }<\/style><style>  .video-section {    width: 100%;    margin: 0 auto;  }  .video-section > img {    width: 100%;  }  .video-section iframe,  .video-section video {    width: 100%;    height: 100%;      }  .video-section-img-m,  .video-section-img-pc > img {    width: 100%;    height: auto;  }  .video-section-img-pc.small > img {    width: 970px;  }  .video-desc {    line-height: 1.5;    font-size: 20px;    font-weight: 400;    margin: 20px 0;    text-align: center;    color: #0f1111;    word-break: break-word;  }  @media screen and (max-width: 960px) and (orientation: portrait) {    .video-section {      width: 100%;    }    .video-section-pc,    .video-section-img-pc {      display: none;    }    .video-section-m,    .video-section-img-m {      display: block;    }    .video-desc {      font-size: 15px;    }  }  @media screen and (min-width: 960px) {    .video-section {      width: 100%;      margin: 0 auto;    }    .video-section-pc,    .video-section-img-pc {      display: block;    }    .video-section-m,    .video-section-img-m {      display: none;    }    .video-desc {      font-size: 20px;    }  }<\/style><style>  .section + .section {    margin-top: 35px;  }  .section-title {    text-align: center;    font-weight: bold;    color: #0d1111;    font-family: \"Arial\";    font-size: 32px;    margin: 15px 0;  }  .section-title:empty {    display: none;  }  .section-desc {    text-align: center;    font-weight: normal;    color: #0d1111;    margin-top: 20px;  }  .section-desc:empty {    display: none;  }  .section-img {    width: 1200px;    height: 492px;    margin: 0 auto;    display: block;  }  .section-img.small {    width: 970px;    height: auto;  }  .section-img.small > img {    height: auto;  }  .section-img > img {    width: 100%;    height: 100%;  }  .section-mobile-img {    display: none;    max-width: 100vw;    max-height: 75vw;    height: 450px;    margin: 0 auto;  }  .section-mobile-img > img {    width: 100%;    height: 100%;  }  @media screen and (max-width: 960px) and (orientation: portrait) {    .container {      width: 100%;    }    .container.small {      width: 100%;    }    .section-mobile-img {      display: block;    }    .section-img {      display: none;    }    .section-title {      font-size: 22px;      margin: 10px 0;    }    .section-desc {      margin-top: 10px;    }    .section + .section {      margin-top: 20px;    }  }<\/style><\/head><body><div class=\"container small\"><div class=\"logo\"><div class=\"pc-banner small\"><div><img decoding=\"async\" src=\"\/vevor\/vevor\/boutique-banner\/pc\/en-pc@1x.jpg\" style=\"width: 100%;\" \/><\/div><\/div><div class=\"m-banner\"><div><img decoding=\"async\" src=\"\/vevor\/vevor\/boutique-banner\/mobile\/en-m@1x.jpg\" style=\"width: 100%;\" \/><\/div><\/div><\/div><div class=\"section-title\">B\u016btisks laika pulkstenis: pirkstu nospiedums un parole<\/div><div class=\"video-section\"><div class=\"video-section-img-pc small\"><img decoding=\"async\" src=\"\/vevor\/product\/DKKQJBDWIFID4EHH6\/time-clock-a100-1.4-pt.jpg\" \/><\/div><div class=\"video-section-img-m\"><img decoding=\"async\" src=\"\/vevor\/product\/DKKQJBDWIFID4EHH6\/time-clock-a100-1.4-pt.jpg\" \/><\/div><div class=\"section-desc\">Vienk\u0101r\u0161ojiet laika uzskaiti ar m\u016bsu apmekl\u0113juma pirkstu nospiedumu laika pulksteni. Pirkstu nospiedumu un paroles ietilp\u012bba l\u012bdz 3000 katr\u0101 gad\u012bjum\u0101! Plus 100\u00a0000 inform\u0101cijas ierakstu. Vienk\u0101r\u0161a USB eksport\u0113\u0161ana un bez ikm\u0113ne\u0161a maksas. Gudra izv\u0113le mazajiem uz\u0146\u0113mumiem.<\/div><\/div><div class=\"section\"><div class=\"section-title\"><\/div><div class=\"section-img small\"><img decoding=\"async\" src=\"\/vevor\/product\/DKKQJBDWIFID4EHH6\/time-clock-a100-2.2-pt.jpg\" \/><\/div><div class=\"section-mobile-img\"><img decoding=\"async\" src=\"\/vevor\/product\/DKKQJBDWIFID4EHH6\/time-clock-a100-2.2-pt.jpg\" \/><\/div><div class=\"section-desc\">M\u016bsu biometriskais laika pulkstenis var uzglab\u0101t l\u012bdz 1000 pirkstu nospiedumu ierakstiem, 1000 paro\u013cu ierakstiem un 100\u00a0000 inform\u0101cijas ierakstiem.<\/div><\/div><div class=\"section\"><div class=\"section-title\"><\/div><div class=\"section-img small\"><img decoding=\"async\" src=\"\/vevor\/product\/DKKQJBDWIFID4EHH6\/time-clock-a100-2.3-pt.jpg\" \/><\/div><div class=\"section-mobile-img\"><img decoding=\"async\" src=\"\/vevor\/product\/DKKQJBDWIFID4EHH6\/time-clock-a100-2.3-pt.jpg\" \/><\/div><div class=\"section-desc\">M\u016bsu re\u0123istr\u0101cijas iek\u0101rta var eksport\u0113t apmekl\u0113juma ierakstus, izmantojot USB disku, autom\u0101tiski \u0123ener\u0113jot detaliz\u0113tus p\u0101rskatus par faktisko darba laiku, kop\u0113jo darba laiku, virsstund\u0101m, pusdienu p\u0101rtraukumiem utt.<\/div><\/div><div class=\"section\"><div class=\"section-title\"><\/div><div class=\"section-img small\"><img decoding=\"async\" src=\"\/vevor\/product\/DKKQJBDWIFID4EHH6\/time-clock-a100-2.4-pt.jpg\" \/><\/div><div class=\"section-mobile-img\"><img decoding=\"async\" src=\"\/vevor\/product\/DKKQJBDWIFID4EHH6\/time-clock-a100-2.4-pt.jpg\" \/><\/div><div class=\"section-desc\">Pabeidziet ievades iestat\u012b\u0161anu tikai 3 so\u013cos un piel\u0101gojiet darba laiku, pusdienu p\u0101rtraukumus, atp\u016btas periodus un virsstundas atbilsto\u0161i sav\u0101m personaliz\u0113taj\u0101m darba grafika vajadz\u012bb\u0101m.<\/div><\/div><div class=\"section\"><div class=\"section-title\"><\/div><div class=\"section-img small\"><img decoding=\"async\" src=\"\/vevor\/product\/DKKQJBDWIFID4EHH6\/time-clock-a100-2.5-pt.jpg\" \/><\/div><div class=\"section-mobile-img\"><img decoding=\"async\" src=\"\/vevor\/product\/DKKQJBDWIFID4EHH6\/time-clock-a100-2.5-pt.jpg\" \/><\/div><div class=\"section-desc\">Our time clock for employees&#xa0;has technology with a response time of less than one second. A 2.4-inch HD color screen enhances the verification experience, and 12 language options cater to the diverse workforce needs of various companies.<\/div><\/div><div class=\"section\"><div class=\"section-img small\"><img decoding=\"async\" src=\"\/vevor\/product\/DKKQJBDWIFID4EHH6\/time-clock-a100-1.11-pt.jpg\" \/><\/div><div class=\"section-mobile-img\"><img decoding=\"async\" src=\"\/vevor\/product\/DKKQJBDWIFID4EHH6\/time-clock-a100-1.11-pt.jpg\" \/><\/div><\/div><\/div><\/body><\/html><\/div>\n<div class=\"DM_at-title\" id=\"js-DM_at-title\"> <div>Produkta specifik\u0101cija<\/div> <i class=\"icon-arrowup_line\"><\/i> <\/div><div class=\"DM_at-goodsDescAttr\" id=\"js-DM_at-goodsDescAttr\"> <div class=\"DM_at-goodsDescAttrInner\"> <dl class=\"goodsDesc_item goodsDesc_item_even\"> <dt>Preces Mode\u013ca Numurs<\/dt> <dd> F01H<\/dd> <\/dl> <dl class=\"goodsDesc_item\"> <dt>Kr\u0101sa<\/dt> <dd> Melns<\/dd> <\/dl> <dl class=\"goodsDesc_item goodsDesc_item_even\"> <dt>Galvenais materi\u0101ls<\/dt> <dd> ABS<\/dd> <\/dl> <dl class=\"goodsDesc_item\"> <dt>Uzst\u0101d\u012b\u0161anas metode<\/dt> <dd> Pie sienas piestiprin\u0101ms<\/dd> <\/dl> <dl class=\"goodsDesc_item goodsDesc_item_even\"> <dt>Ievad\u012b\u0161anas metodes<\/dt> <dd> Atbalsta pirkstu nospiedumu un paroli<\/dd> <\/dl> <dl class=\"goodsDesc_item\"> <dt>T\u012bklo\u0161an\u0101s<\/dt> <dd> Atsevi\u0161\u0137a iek\u0101rta (viena iek\u0101rta, nav t\u012bkl\u0101)<\/dd> <\/dl> <dl class=\"goodsDesc_item goodsDesc_item_even\"> <dt>Lejupiel\u0101des metode<\/dt> <dd> USB (FAT32 form\u0101ts)<\/dd> <\/dl> <dl class=\"goodsDesc_item\"> <dt>Valodas izv\u0113le<\/dt> <dd> Atbalsta 12 valodas<\/dd> <\/dl> <dl class=\"goodsDesc_item goodsDesc_item_even\"> <dt>USB ietilp\u012bba<\/dt> <dd> 4 GB<\/dd> <\/dl> <dl class=\"goodsDesc_item\"> <dt>Autom\u0101tiska atskai\u0161u \u0123ener\u0113\u0161ana<\/dt> <dd> J\u0101<\/dd> <\/dl> <dl class=\"goodsDesc_item goodsDesc_item_even\"> <dt>Produkta Izm\u0113ri<\/dt> <dd> 6,7 x 4,7 x 1,4 collas \/ 170 x 120 x 36 mm<\/dd> <\/dl> <dl class=\"goodsDesc_item\"> <dt>Neto Svars<\/dt> <dd> 0,7 m\u0101rci\u0146as \/ 0,33 kg<\/dd> <\/dl> <\/div> <\/div>","protected":false},"excerpt":{"rendered":"<ul>\n<li> Div\u0113j\u0101da re\u017e\u012bma verifik\u0101cija: apr\u012bkojiet savu darbasp\u0113ku ar m\u016bsu laika pulksteni, kas atbalsta pirkstu nospiedumu un paroles verifik\u0101ciju, saglab\u0101jot 1000 ierakstus no katra re\u017e\u012bma un 100\u00a0000 ierakstus. Ide\u0101li piem\u0113rots uz\u0146\u0113mumiem un r\u016bpn\u012bc\u0101m ar l\u012bdz pat 1000 darbiniekiem, racionaliz\u0113jot apmekl\u0113juma procesu un samazinot izmaksas. <\/li>\n<li> T\u016bl\u012bt\u0113jas apmekl\u0113juma atskaites: \u0160is biometriskais laika pulkstenis bez piep\u016bles eksport\u0113 apmekl\u0113juma ierakstus, izmantojot m\u016bsu komplekt\u0101 iek\u013cauto USB disku. Tas var vienk\u0101r\u0161ot algas apr\u0113\u0137in\u0101\u0161anu un datu apstr\u0101di ar detaliz\u0113tiem apmekl\u0113juma \u017eurn\u0101liem, nodro\u0161inot prec\u012bzu darba stundu atalgojumu, tostarp faktisko darba laiku, kop\u0113jo stundu skaitu, virsstundas un pusdienu p\u0101rtraukumus \u2014 iesnieg\u0161anai gatavas atskaites Excel form\u0101t\u0101, kas atvieglo datora darb\u012bbu un druk\u0101\u0161anu. <\/li>\n<li> Lietot\u0101jam draudz\u012bga iestat\u012b\u0161ana: Iepaz\u012bstieties ar m\u016bsu re\u0123istr\u0113\u0161an\u0101s ier\u012bci \u2014 ar m\u016bsu 5 so\u013cu s\u0101kotn\u0113jo iestat\u012b\u0161anu varat izlaist sare\u017e\u0123\u012bt\u0101s proced\u016bras: mai\u0146as konfigur\u0113\u0161ana, noda\u013cas iestat\u012b\u0161ana, darbinieku re\u0123istr\u0101cija un apmekl\u0113juma noteikumi. P\u0113c tam varat s\u0101kt. Piel\u0101gojiet darba laiku, pusdienu p\u0101rtraukumus un virsstundas da\u017e\u0101diem darbinieku grafikiem. <\/li>\n<li> Uzlabota verifik\u0101cijas tehnolo\u0123ija: Ar \u0161o pirkstu nospiedumu laika pulksteni j\u016bs varat baud\u012bt optisk\u0101s pirkstu nospiedumu tehnolo\u0123ijas \u0101trumu ar maz\u0101k nek\u0101 vienas sekundes reakcijas laiku un 2,4 collu HD kr\u0101su ekr\u0101nu, kas nodro\u0161ina izcilu verifik\u0101cijas pieredzi. Tas atbalsta 12 valodas: ang\u013cu, v\u0101cu, fran\u010du, sp\u0101\u0146u, it\u0101\u013cu, krievu, holandie\u0161u, po\u013cu, zviedru, turku, portug\u0101\u013cu un Braz\u012blijas portug\u0101\u013cu. <\/li>\n<li> Pla\u0161a pielietojam\u012bba: \u0161ai darbinieku iera\u0161an\u0101s un izrakst\u012b\u0161an\u0101s re\u0123istr\u0101cijas ier\u012bcei nav nepiecie\u0161amas ikm\u0113ne\u0161a maksas, sare\u017e\u0123\u012bta t\u012bkla iestat\u012b\u0161ana un programmat\u016bras instal\u0113\u0161ana \u2014 to var vienk\u0101r\u0161i lietot uzreiz p\u0113c iz\u0146em\u0161anas no kastes. T\u0101 ir ide\u0101li piem\u0113rota maziem uz\u0146\u0113mumiem. T\u0101 vienk\u0101r\u0161o laika uzskaiti un apmekl\u0113jumu p\u0101rvald\u012bbu, k\u0101 ar\u012b samazina apmekl\u0113jumu statistikas darba slodzi, padarot to par lielisku izv\u0113li korporat\u012bvaj\u0101m apmekl\u0113jumu vajadz\u012bb\u0101m. <\/li>\n<\/ul>","protected":false},"featured_media":346011,"comment_status":"closed","ping_status":"open","template":"","meta":{"om_disable_all_campaigns":false,"_monsterinsights_skip_tracking":false,"_monsterinsights_sitenote_active":false,"_monsterinsights_sitenote_note":"","_monsterinsights_sitenote_category":0,"_uf_show_specific_survey":0,"_uf_disable_surveys":false},"location":[1935,1934],"product_brand":[21],"product_cat":[34,4573,4173,4172],"product_tag":[],"class_list":{"0":"post-55998","1":"product","2":"type-product","3":"status-publish","4":"has-post-thumbnail","6":"location-supplier_stock_location","7":"location-local_stock_location","8":"product_brand-vevor","9":"product_cat-electrical","10":"product_cat-time-clock-timers","11":"product_cat-timers","12":"product_cat-wiring-devices-light-controls","14":"first","15":"outofstock","16":"taxable","17":"shipping-taxable","18":"purchasable","19":"product-type-simple"},"aioseo_notices":[],"jetpack_sharing_enabled":true,"locations":[{"id":1935,"name":"Pieg\u0101d\u0101t\u0101ja noliktav\u0101 (5-7d.d.)","slug":"supplier_stock_location","quantity":"0"},{"id":1934,"name":"R\u012bgas veikal\u0101 (0-2d.d.)","slug":"local_stock_location","quantity":"0"}],"_links":{"self":[{"href":"https:\/\/vevorshop.lv\/lv\/wp-json\/wp\/v2\/product\/55998","targetHints":{"allow":["GET"]}}],"collection":[{"href":"https:\/\/vevorshop.lv\/lv\/wp-json\/wp\/v2\/product"}],"about":[{"href":"https:\/\/vevorshop.lv\/lv\/wp-json\/wp\/v2\/types\/product"}],"replies":[{"embeddable":true,"href":"https:\/\/vevorshop.lv\/lv\/wp-json\/wp\/v2\/comments?post=55998"}],"wp:featuredmedia":[{"embeddable":true,"href":"https:\/\/vevorshop.lv\/lv\/wp-json\/wp\/v2\/media\/346011"}],"wp:attachment":[{"href":"https:\/\/vevorshop.lv\/lv\/wp-json\/wp\/v2\/media?parent=55998"}],"wp:term":[{"taxonomy":"location","embeddable":true,"href":"https:\/\/vevorshop.lv\/lv\/wp-json\/wp\/v2\/location?post=55998"},{"taxonomy":"product_brand","embeddable":true,"href":"https:\/\/vevorshop.lv\/lv\/wp-json\/wp\/v2\/product_brand?post=55998"},{"taxonomy":"product_cat","embeddable":true,"href":"https:\/\/vevorshop.lv\/lv\/wp-json\/wp\/v2\/product_cat?post=55998"},{"taxonomy":"product_tag","embeddable":true,"href":"https:\/\/vevorshop.lv\/lv\/wp-json\/wp\/v2\/product_tag?post=55998"}],"curies":[{"name":"wp","href":"https:\/\/api.w.org\/{rel}","templated":true}]}}