{"id":56010,"date":"2024-11-20T04:55:10","date_gmt":"2024-11-20T04:55:10","guid":{"rendered":"http:\/\/vevorshop.edigo.lv\/Prece\/vevor-commercial-beverage-dispenser-10l-x-3-tanks-cold-juice-ice-drink-dispenser\/"},"modified":"2026-04-19T23:08:03","modified_gmt":"2026-04-19T20:08:03","slug":"vevor-commercial-beverage-dispenser-10l-x-3-tanks-cold-juice-ice-drink-dispenser","status":"publish","type":"product","link":"https:\/\/vevorshop.lv\/lv\/Prece\/vevor-komercialais-auksto-dzerienu-dispensers-3x10l-nerusejosais-terauds-partikas-kvalitate-atra-dzesesana\/","title":{"rendered":"VEVOR Komerci\u0101lais Sulu Dozators 3x10L, 440W Ner\u016bs\u0113jo\u0161\u0101 T\u0113rauda Dz\u0113rienu Ma\u0161\u012bna ar 7\u201312\u00b0C Dzes\u0113\u0161anu Restor\u0101niem\/B\u0101riem"},"content":{"rendered":"<div style=\"color: #fff!important; font-size: 16px; height: 24px; line-height: 24px; margin-top: -24px; \" class=\"product_original_name\">VEVOR Commercial Beverage Dispenser, 3 Tanks 10 L Per Tank Juice Dispenser, 440W Stainless Steel Ice Tea Drink Machine with 45\u00b0F-54\u00b0F Cooling Temperature, for Cold Drink Restaurant Bar Party<\/div>\n<div style=\"color: #fff!important; font-size: 16px; height: 24px; line-height: 24px; margin-top: -24px; \" class=\"product_sku\">M4I4MFVG<\/div>\n<div style=\"color: #fff!important; font-size: 16px; height: 24px; line-height: 24px; margin-top: -24px; \" class=\"product_mpn\">SYYLJJBSJXS1DZ47WV2<\/div><div id=\"js-DM_at-goodDescRich\"><html><head><style>  body {    font-family: Arial;    line-height: 1.5;    color: #1c1c1c;    overflow-x: hidden;    margin: 0;    padding: 0;  }  .MsoNormal b {    font-weight: bolder;  }<\/style><style>  .container.small {    width: 970px;    margin: 0 auto;  }  .logo {    margin: 0 auto 0;  }  .logo img {    display: block;    margin: 0 auto;    max-width: 100%;  }  .logo .pc-banner {    display: block;    width: 1200px;    height: 247.4px;    margin: 0 auto;  }  .logo .pc-banner.small {    width: 970px;  }  .logo .pc-banner.small img {    height: auto!important;  }  .logo .m-banner {    display: none;  }  .ytvideo {    position: relative;    height: 546px;    width: 100%;    margin: 0 auto;  }  .ytvideo img {    width: 100%;    margin: 0 auto;  }  .ytvideo .play-btn {    width: 60px;    height: 42px;    position: absolute;    top: 50%;    left: 50%;    transform: translate(-50%, -50%);    background: url(\"data:image\/png;base64,iVBORw0KGgoAAAANSUhEUgAAAGQAAABGCAMAAAANWMFbAAAC+lBMVEUAAADBGB3kLCfBGB3kLCfcJC7BFx3KKSbiKybkLCbWJCPSIiLSIiLPICHAFx3kLCfgKSXNHiDZJiTIGx\/p4eHcjo7LHSDbJyTkLCbjKyfOHyHPIiL28fHJHB\/GGh7EGR7eKCXDGB3RISHlLSbBGB3AFxzGHB7DGB7BGB3hKybkKybAFx3lLCfAFxzDGR3hKibDGB7cJyTmz8\/elJTlwcHjurrUIyLlLSflLSfAFx3DGR7lLSfCFx3hKibhKibhKybjKybkLCblLSfbJSX49vbx7e3NNzjNMTLMJyjVIyLZf3\/ZQ0LaeHjx0tLgoqLkLCfCGB3HGx\/BGB3BFx3PICHCGB7WJCLOHyC\/Fxy\/Fx3lLCfQISHkLSe\/FxzbJiTBFx3FGx\/AGB7BFx3EGR7AGB3HHSDfKiXAFh3TISHYNzbhKibbJyTTIiL57e325+f039\/v2NjUV1fOHiHiqanfmprch4feKSXVIyPOICHmLibFGh\/mLSe\/Fx7XJCPeKSXXJSPNHyHaJyTGGh7lLCbmLCflLSjSIiLkLCbdKSXLHiC\/GB3KHh++Fh3lKyfoLiXcKCPkx8fYb2\/XaGfVXl3aU1LLHiDksbHgKibPICHbJyTfKSXbJyTCGB3KHSDiKybFGh7TIiL\/\/\/\/VIyPRISHIHB\/GGx\/HHB\/DGR7gKibdKCXLHiDZJiTMHiDNHyHYJSTOICHPICHWJCPcKCXXJSPjLCblLCf+\/f3NGR\/uLijzLynPGR\/IGB7WISHaIyLLGh7UAADxLynNAADRLzDbICLQAADIAAD3MCrUHSHXMTDpKSbLAADp5OTij4\/ejo\/VLy\/1LyngJSTcJCPQHx\/OHB7+\/PzaMS\/OLS\/vLijrLSjSAADaNTPwLyjkKSbNJCbYISHPHB\/KGB7WAAD7+vrn3d3aKynTKCjoLCfsKifRGh\/YAADq5+fhjo7QNDXXKCfmJyXt5+fTLzDLLi\/QKivYHRvMGBrQJCXLISPMExXLDxLaEAvkkI\/bOTfaFQ\/SCgpvLcnHAAAAmnRSTlMA+vv7+gT9Bvf9+8z8\/NSv\/Pr5+P7++vnQIBMP\/v38\/Pn348XDiCYf9OjbzcqxXVcx\/fz8+\/rj1r2poo1+fXFqX0orGP7+\/v7+\/fz8+\/r68uzn4trIxsG\/vri3p6GcmZSNbWVYUUZEPQv+\/f39+\/v7+\/v7+vr64tvV1NTTz87FtbSurqeblJKFg4B3bUY+NjL7+\/v7+\/v67t1cDo8JLQAABkRJREFUWMO0kz9rwkAYh0OIeJkum6YugUAhISCdKoj\/P4C7SMdS+gEKIhSKil10LSg4mzXkILdlEpxCpwTiWOLX6BujvQaEQuGeHLnL+\/64J+SIcKGYTYWnntpdLjrVdqvZmNdn0+EE40GtpuuWVS6Xx6N7YDSGpWXpeq02wHgynM7q80az1a52HpddtVcpsi1zFARBrdaxbhp9iUReTGmwA4KAAr7vx3EYejnCMI6hQYEgy0LQi4jUN0wL19vqFcUC9\/1dAKmEEFkWRYkh5oBejnxQJiSJPJ\/uKBp0Thszx9Mw8hMRIQjKsptCfuES9zr5WJY6vSFCIvE9fCMUmEM1A1kSXcYGxgVYsvI1IPKTZciSTI0us\/SMGG04gDzELDoFBwdcFJrF88dqgYMTiL6DILWYyfOWE8\/kIz38olCNlC03FK95+imxp6y4oUSvAnBjHHhKNtotSDqJzVFiK8c2SBqhZtsrTtgrLXwAyduxZHNE26eHUt5rtuM4WSmds3G+sUdWYo1L+XyxButoh5eKUHk5lByO3G1LqqCWVnfrv\/lyPtf\/4ps1cndNGIri8J1TJ0lx6dR\/oPjq1nbRwdp2dCk4CtIOLW3pVKRL6WZfS5vF2KkIQhpwSsjiYIgNCs1gEMGqiIq24NQX9NwoXFy8Ufrl3twTcg4fv8T9\/JBEySduj6Mjm4bMzYV7EEOxKjjoNDud7yY3Dy71Hq2oLmqfbNR723edH9PgMrNL2utoQ3VmaIDkiw\/4w51P06hlZsTZvkRrbVuSIs\/zwSOsycgzStQouoAkWQqioRT5XI7n2Z1wfVhoZmcAJLsoqjqpjbWCgpOAJXBwHK8PzWbNvoUZJND5wCnSkLAkZ1legx6vqQzjoiTahKlGUGLAiIIoABOHaNVw4sexZBym6\/HWlH5h3IC7yRbxtipcWxdTOkORKiNQAEkFf66x5S2oeRbroOlLgg0sSYkR0hRGEqJZ0jTPiQKatESdBckpWigxaapEH0lImHdWu9pUFF2XqMNM2Z4kped7IwEJw2qabwtrQqnpw6HyKkgcadKWsmpywwesDyIhYRpdzXddqegtGIJlXbAIUMOLkGxJUjRIkokwjUaX9d\/kK62ps\/tYUqZLIMkLTyBhsMZ3C5Z\/kDxOSCb\/DOs\/\/J0qcWSX\/2ipe56EgTCA4\/cB7NAYOsni4mZM1MUPAISoEwkDi4lhVBQ1cWQyIcwalw4EpqZN68JUSK7XC0kTlkLYii5uXSC8jT5ncCAS7mjCv0uHp\/3lueHEEAeQ\/\/VgmdN71\/2uCSA1Xr6DO6uI6sW56zqT2tp2PhgiRUAajV8CY2fkcz6WGNKMgLAt7tJAhD4YHMTeRxlALE6+43WqjSWi8ITxyJl8WrwWSNESQZZOqhDDntO3hJLsd5RtSpbJqdv3YrDJH3F7jL1R2O2aQkn2MyCyKYz0GPGIvSAMgBCrCEiJyKbBaYGwLW4uPRr0A0M4Ux5kUI7IBh+hMdiCEWNqhMZGyYMsOgNE58UQuEQeUnSWCMYwL54hkxK6IoqucQZbQ3pc3XtL0lky1dL0zZJJDpWJovFqpWj6JEHnyam2eQp5QRVAVHjWparTOaVwUOx99YS2MvgxIGV0bb+qIg2HX2qkFFJB+XZcbLiuRkuxD9GRroKyveLxdh4d7Orx+hb7qc3uVRuEogCOnyIxm4ubUoPgF4jianDrC+SDQDKEfJb0GUKmjCGPYHGJvVC6X4hw1\/sAfQAdfYyephIaspXe36RwOP+Ljvfx9B6B3i+Nk0DGq+oCbLn6JpBa9nWAveAIHwFAwtVcIJXPMPL8kRu5OAYPMaL1WScTxjiZDqB9LTJSWphow\/pTYKRTLjCBhvi9iBidvKcDasGSm0QQkycYuLBqj6QCELPctqChDWpTRMWkngNNpQ1Pfp1KkiT\/Y0DGffXAweUNfLAfaJFKDwhb6I+bkYRbkERoEeu3Fyjg2opMz2daZCS9jt6Q7txNfB+OZEVF6Zl5web2xunnLQrtrjXseXKaFYziYINeMFZVxS9VxRhOoesYwxPKXm+gWLG9cuFeq93UNNeJNsf1KlwuDok9n02n3TgIJpOxNfL9naIoQwXtfH9kjceTIIi709ncTg6LZbg+biLH1V6u\/7rxBem06VXKn9raAAAAAElFTkSuQmCC\")      no-repeat center center \/ contain;  }  @media screen and (max-width: 960px) and (orientation: portrait) {    .logo {      width: 100%;    }    .logo .pc-banner {      display: none;    }    .logo .m-banner {      display: block;      width: 100%;    }    .logo .m-banner img {      height: auto!important;    }    .ytvideo {      height: 200px;      width: 100%;    }  }<\/style><style>  .video-section {    width: 100%;    margin: 0 auto;  }  .video-section > img {    width: 100%;  }  .video-section iframe,  .video-section video {    width: 100%;    height: 100%;      }  .video-section-img-m,  .video-section-img-pc > img {    width: 100%;    height: auto;  }  .video-section-img-pc.small > img {    width: 970px;  }  .video-desc {    line-height: 1.5;    font-size: 20px;    font-weight: 400;    margin: 20px 0;    text-align: center;    color: #0f1111;    word-break: break-word;  }  @media screen and (max-width: 960px) and (orientation: portrait) {    .video-section {      width: 100%;    }    .video-section-pc,    .video-section-img-pc {      display: none;    }    .video-section-m,    .video-section-img-m {      display: block;    }    .video-desc {      font-size: 15px;    }  }  @media screen and (min-width: 960px) {    .video-section {      width: 100%;      margin: 0 auto;    }    .video-section-pc,    .video-section-img-pc {      display: block;    }    .video-section-m,    .video-section-img-m {      display: none;    }    .video-desc {      font-size: 20px;    }  }<\/style><style>  .section + .section {    margin-top: 35px;  }  .section-title {    text-align: center;    font-weight: bold;    color: #0d1111;    font-family: \"Arial\";    font-size: 32px;    margin: 15px 0;  }  .section-title:empty {    display: none;  }  .section-desc {    text-align: center;    font-weight: normal;    color: #0d1111;    margin-top: 20px;  }  .section-desc:empty {    display: none;  }  .section-img {    width: 1200px;    height: 492px;    margin: 0 auto;    display: block;  }  .section-img.small {    width: 970px;    height: auto;  }  .section-img.small > img {    height: auto;  }  .section-img > img {    width: 100%;    height: 100%;  }  .section-mobile-img {    display: none;    max-width: 100vw;    max-height: 75vw;    height: 450px;    margin: 0 auto;  }  .section-mobile-img > img {    width: 100%;    height: 100%;  }  @media screen and (max-width: 960px) and (orientation: portrait) {    .container {      width: 100%;    }    .container.small {      width: 100%;    }    .section-mobile-img {      display: block;    }    .section-img {      display: none;    }    .section-title {      font-size: 22px;      margin: 10px 0;    }    .section-desc {      margin-top: 10px;    }    .section + .section {      margin-top: 20px;    }  }<\/style><\/head><body><div class=\"container\"><div class=\"logo\"><div class=\"pc-banner\"><div><img decoding=\"async\" src=\"\/vevor\/vevor\/boutique-banner\/pc\/en-pc@1x.jpg\" style=\"width: 100%;\" \/><\/div><\/div><div class=\"m-banner\"><div><img decoding=\"async\" src=\"\/vevor\/vevor\/boutique-banner\/mobile\/en-m@1x.jpg\" style=\"width: 100%;\" \/><\/div><\/div><\/div><div class=\"section-title\">VEVOR komerci\u0101lais dz\u0113rienu dozators sniedz jums sirdsmieru<\/div><div class=\"video-section\"><div class=\"video-section-img-pc\"><img decoding=\"async\" src=\"\/vevor\/product\/SYYLJJBSJXS1DZ47W\/commercial-beverage-dispenser-a100-1.4.jpg\" \/><\/div><div class=\"video-section-img-m\"><img decoding=\"async\" src=\"\/vevor\/product\/SYYLJJBSJXS1DZ47W\/commercial-beverage-dispenser-a100-1.4-m.jpg\" \/><\/div><div class=\"section-desc\">360 gr\u0101du rot\u0113jo\u0161\u0101 un papla\u0161in\u0101t\u0101 mais\u012b\u0161anas l\u0101psti\u0146as konstrukcija ir sapr\u0101t\u012bga, samazinot nogul\u0161\u0146u veido\u0161anos. Da\u017e\u0101das ietilp\u012bbas un stili atbilst da\u017e\u0101d\u0101m klientu pl\u016bsm\u0101m, pal\u012bdzot j\u016bsu uz\u0146\u0113mumam att\u012bst\u012bties un att\u012bst\u012bties.<\/div><\/div><div class=\"section\"><div class=\"section-title\"><\/div><div class=\"section-img\"><img decoding=\"async\" src=\"\/vevor\/product\/SYYLJJBSJXS1DZ47W\/commercial-beverage-dispenser-a100-2.2.jpg\" \/><\/div><div class=\"section-mobile-img\"><img decoding=\"async\" src=\"\/vevor\/product\/SYYLJJBSJXS1DZ47W\/commercial-beverage-dispenser-a100-2.2-m.jpg\" \/><\/div><div class=\"section-desc\">Ar stabilu kompresora veiktsp\u0113ju un jaud\u012bgu darb\u012bbu tas ietaupa laiku un ener\u0123iju. Iztvaic\u0113t\u0101js \u0101tri sasalst, dzes\u0113\u0161anas laik\u0101 uzturot sulas temperat\u016bru no 7 l\u012bdz 12 \u00b0C (45\u201354 \u00b0F). Apr\u012bkots ar neatkar\u012bgiem sl\u0113d\u017eiem, lai atsevi\u0161\u0137i kontrol\u0113tu sajauk\u0161anu un dzes\u0113\u0161anu.<\/div><\/div><div class=\"section\"><div class=\"section-title\"><\/div><div class=\"section-img\"><img decoding=\"async\" src=\"\/vevor\/product\/SYYLJJBSJXS1DZ47W\/commercial-beverage-dispenser-a100-2.3.jpg\" \/><\/div><div class=\"section-mobile-img\"><img decoding=\"async\" src=\"\/vevor\/product\/SYYLJJBSJXS1DZ47W\/commercial-beverage-dispenser-a100-2.3-m.jpg\" \/><\/div><div class=\"section-desc\">\u0160is liela m\u0113roga dz\u0113rienu dozators ir izgatavots no p\u0101rtikas kvalit\u0101tes materi\u0101liem, ir iztur\u012bgs un notur\u012bgs pret augst\u0101m temperat\u016br\u0101m, nodro\u0161inot dz\u0113riena kvalit\u0101ti un saglab\u0101jot s\u0101kotn\u0113jo gar\u0161u ra\u017eo\u0161anas laik\u0101, sniedzot jums lielisku gar\u0161as pieredzi.<\/div><\/div><div class=\"section\"><div class=\"section-title\"><\/div><div class=\"section-img\"><img decoding=\"async\" src=\"\/vevor\/product\/SYYLJJBSJXS1DZ47W\/commercial-beverage-dispenser-a100-2.4.jpg\" \/><\/div><div class=\"section-mobile-img\"><img decoding=\"async\" src=\"\/vevor\/product\/SYYLJJBSJXS1DZ47W\/commercial-beverage-dispenser-a100-2.4-m.jpg\" \/><\/div><div class=\"section-desc\">Pateicoties vair\u0101k\u0101m lietot\u0101jam draudz\u012bg\u0101m dizaina deta\u013c\u0101m, tas atrisina nopl\u016bdes probl\u0113mas, ir viegli kopjams un t\u012br\u0101ms, k\u0101 ar\u012b vienm\u0113r uztur t\u012bru veikala vidi.<\/div><\/div><div class=\"section\"><div class=\"section-title\"><\/div><div class=\"section-img\"><img decoding=\"async\" src=\"\/vevor\/product\/SYYLJJBSJXS1DZ47W\/commercial-beverage-dispenser-a100-2.5.jpg\" \/><\/div><div class=\"section-mobile-img\"><img decoding=\"async\" src=\"\/vevor\/product\/SYYLJJBSJXS1DZ47W\/commercial-beverage-dispenser-a100-2.5-m.jpg\" \/><\/div><div class=\"section-desc\">\u0160o dz\u0113rienu autom\u0101tu galvenok\u0101rt izmanto dz\u0113rienu atdzes\u0113\u0161anai. Tas ir piem\u0113rots da\u017e\u0101diem gad\u012bjumiem, tostarp \u0123imenes pas\u0101kumiem, restor\u0101niem, viesn\u012bc\u0101m, kinote\u0101triem utt., un taj\u0101 var pagatavot da\u017e\u0101da veida dz\u0113rienus, tostarp kafiju, aug\u013cu sulu, sojas pienu, piena koktei\u013cus, koktei\u013cus, jogurtu un kafiju.<\/div><\/div><div class=\"section\"><div class=\"section-img\"><img decoding=\"async\" src=\"\/vevor\/product\/SYYLJJBSJXS1DZ47W\/commercial-beverage-dispenser-a100-1.11.jpg\" \/><\/div><div class=\"section-mobile-img\"><img decoding=\"async\" src=\"\/vevor\/product\/SYYLJJBSJXS1DZ47W\/commercial-beverage-dispenser-a100-1.11-m.jpg\" \/><\/div><\/div><\/div><\/body><\/html><\/div>\n<div class=\"DM_at-title\" id=\"js-DM_at-title\"> <div>Produkta specifik\u0101cija<\/div> <i class=\"icon-arrowup_line\"><\/i> <\/div><div class=\"DM_at-goodsDescAttr\" id=\"js-DM_at-goodsDescAttr\"> <div class=\"DM_at-goodsDescAttrInner\"> <dl class=\"goodsDesc_item goodsDesc_item_even\"> <dt>Preces Mode\u013ca Numurs<\/dt> <dd> LYJ10LX3<\/dd> <\/dl> <dl class=\"goodsDesc_item\"> <dt>Jauda<\/dt> <dd> 440 W<\/dd> <\/dl> <dl class=\"goodsDesc_item goodsDesc_item_even\"> <dt>Nomin\u0101l\u0101 ietilp\u012bba<\/dt> <dd> 3*10L<\/dd> <\/dl> <dl class=\"goodsDesc_item\"> <dt>Neto Svars<\/dt> <dd> 60 m\u0101rci\u0146as \/ 27,2 kg<\/dd> <\/dl> <dl class=\"goodsDesc_item goodsDesc_item_even\"> <dt>Izstr\u0101d\u0101juma Izm\u0113rs (L x W x H)<\/dt> <dd> 16,9 x 16,1 x 26,8 collas \/ 430 x 410 x 680 mm<\/dd> <\/dl> <\/div> <\/div>","protected":false},"excerpt":{"rendered":"<ul>\n<li> Liela ietilp\u012bba: \u0160im komerci\u0101lajam dz\u0113rienu dozatoram ir 10 litru tvertnes ietilp\u012bba, kas \u013cauj pagatavot lielu daudzumu dz\u0113rienu. Tas nodro\u0161ina uzticamu aukstu dz\u0113rienu pieredzi un viegli tiek gal\u0101 ar klientu pl\u016bsmu. Apr\u012bkots ar gumijas bl\u012bvgredzenu, lai nov\u0113rstu dz\u0113rienu nopl\u016bdi. <\/li>\n<li> Efekt\u012bva temperat\u016bras kontrole: Kompresora un kondensatora komponenti nodro\u0161ina \u0101tru dzes\u0113\u0161anu un augstu efektivit\u0101ti. Liela laukuma 304 p\u0101rtikas kvalit\u0101tes ner\u016bs\u0113jo\u0161\u0101 t\u0113rauda iztvaic\u0113t\u0101js pa\u0101trina dzes\u0113\u0161anu, savuk\u0101rt mais\u012b\u0161anas stienis nodro\u0161ina r\u016bp\u012bgu sajauk\u0161anu, lai dz\u0113riena temperat\u016bra b\u016btu vienm\u0113r\u012bga. Tas uztur dz\u0113riena temperat\u016bru \u0113rt\u0101 diapazon\u0101 no 7 l\u012bdz 12 \u00b0C. Vienk\u0101r\u0161i pogu sl\u0113d\u017ei atvieglo dzes\u0113\u0161anas un mais\u012b\u0161anas funkciju iestat\u012b\u0161anu. <\/li>\n<li> P\u0101rtikas kvalit\u0101tes materi\u0101li: Iztur\u012bg\u0101 un ilgm\u016b\u017e\u012bg\u0101 p\u0101rtikas kvalit\u0101tes PC tvertne ir krist\u0101ldzidra un iztur\u012bga pret boj\u0101jumiem, nodro\u0161inot ide\u0101lu vietu j\u016bsu dz\u0113rieniem un rado\u0161umam. Sabiezin\u0101tais SUS ner\u016bs\u0113jo\u0161\u0101 t\u0113rauda korpuss ir iztur\u012bgs, ilgm\u016b\u017e\u012bgs, ner\u016bs\u0113jo\u0161s un viegli t\u012br\u0101ms un kopjams. Visas deta\u013cas, kas non\u0101k saskar\u0113 ar dz\u0113rieniem, ir izgatavotas no p\u0101rtikas kvalit\u0101tes 304 ner\u016bs\u0113jo\u0161\u0101 t\u0113rauda, \u200b\u200bnodro\u0161inot t\u012br\u012bbu, higi\u0113nu un vesel\u012bbu. <\/li>\n<li> Lietot\u0101jam draudz\u012bgs dizains: Apr\u012bkots ar ner\u016bs\u0113jo\u0161\u0101 t\u0113rauda spiedsl\u0113dzi \u0113rtai sulas izlie\u0161anai un palielin\u0101tu izlie\u0161anas sn\u012bpi nep\u0101rtrauktai dzer\u0161anai. To var vad\u012bt ar vienu roku. Apak\u0161\u0101 ir lielas ietilp\u012bbas \u016bdens sav\u0101k\u0161anas papl\u0101te, lai nov\u0113rstu dz\u0113riena pil\u0113\u0161anu, t\u0101d\u0113j\u0101di nov\u0113r\u0161ot nepiecie\u0161am\u012bbu bie\u017ei liet \u016bdeni. Uzlabots radiators un nesl\u012bdo\u0161a pamatne nodro\u0161ina dro\u0161\u012bbu. <\/li>\n<li> Pla\u0161s pielietojums: \u0160is dz\u0113rienu autom\u0101ts ir piem\u0113rots restor\u0101nu \u0137\u0113d\u0113m, p\u0101rtikas veikaliem, viesn\u012bc\u0101m, \u0123imenes pas\u0101kumiem utt., un taj\u0101 var pagatavot sojas pienu, piena koktei\u013cus, aug\u013cu sulas, koktei\u013cus, jogurtu, kafiju un cita veida dz\u0113rienus. M\u0113s pied\u0101v\u0101jam ar\u012b p\u0101rtikas kvalit\u0101tes gumijas bl\u012bvgredzenu komplektu un vazel\u012bnu, lai aizsarg\u0101tu gumiju, pagarinot autom\u0101ta kalpo\u0161anas laiku. <\/li>\n<\/ul>","protected":false},"featured_media":346071,"comment_status":"closed","ping_status":"open","template":"","meta":{"om_disable_all_campaigns":false,"_uf_show_specific_survey":0,"_uf_disable_surveys":false},"location":[1935,1934],"product_brand":[21],"product_cat":[2856,2857,2403,2855,2748],"product_tag":[],"class_list":{"0":"post-56010","1":"product","2":"type-product","3":"status-publish","4":"has-post-thumbnail","6":"location-supplier_stock_location","7":"location-local_stock_location","8":"product_brand-vevor","9":"product_cat-beverage-servers","10":"product_cat-commercial-beverage-dispenser","11":"product_cat-kitchen","12":"product_cat-serveware","13":"product_cat-tableware-bar","15":"first","16":"instock","17":"taxable","18":"shipping-taxable","19":"purchasable","20":"product-type-simple"},"aioseo_notices":[],"locations":[{"id":1935,"name":"Pieg\u0101d\u0101ja noliktav\u0101 (5-7dd.d)","slug":"supplier_stock_location","quantity":"44"},{"id":1934,"name":"R\u012bgas veikal\u0101 (0-2d.d.)","slug":"local_stock_location","quantity":"0"}],"_links":{"self":[{"href":"https:\/\/vevorshop.lv\/lv\/wp-json\/wp\/v2\/product\/56010","targetHints":{"allow":["GET"]}}],"collection":[{"href":"https:\/\/vevorshop.lv\/lv\/wp-json\/wp\/v2\/product"}],"about":[{"href":"https:\/\/vevorshop.lv\/lv\/wp-json\/wp\/v2\/types\/product"}],"replies":[{"embeddable":true,"href":"https:\/\/vevorshop.lv\/lv\/wp-json\/wp\/v2\/comments?post=56010"}],"wp:featuredmedia":[{"embeddable":true,"href":"https:\/\/vevorshop.lv\/lv\/wp-json\/wp\/v2\/media\/346071"}],"wp:attachment":[{"href":"https:\/\/vevorshop.lv\/lv\/wp-json\/wp\/v2\/media?parent=56010"}],"wp:term":[{"taxonomy":"location","embeddable":true,"href":"https:\/\/vevorshop.lv\/lv\/wp-json\/wp\/v2\/location?post=56010"},{"taxonomy":"product_brand","embeddable":true,"href":"https:\/\/vevorshop.lv\/lv\/wp-json\/wp\/v2\/product_brand?post=56010"},{"taxonomy":"product_cat","embeddable":true,"href":"https:\/\/vevorshop.lv\/lv\/wp-json\/wp\/v2\/product_cat?post=56010"},{"taxonomy":"product_tag","embeddable":true,"href":"https:\/\/vevorshop.lv\/lv\/wp-json\/wp\/v2\/product_tag?post=56010"}],"curies":[{"name":"wp","href":"https:\/\/api.w.org\/{rel}","templated":true}]}}