{"id":56126,"date":"2024-11-20T05:10:10","date_gmt":"2024-11-20T05:10:10","guid":{"rendered":"http:\/\/vevorshop.edigo.lv\/Prece\/vevor-air-compressor-pump-head-5-5hp-5-75cfm-90psi-2-cylinder-piston-pump-head\/"},"modified":"2026-04-19T23:04:55","modified_gmt":"2026-04-19T20:04:55","slug":"vevor-air-compressor-pump-head-5-5hp-5-75cfm-90psi-2-cylinder-piston-pump-head","status":"publish","type":"product","link":"https:\/\/vevorshop.lv\/lv\/Prece\/vevor-gaisa-kompresora-sukna-galva-5-5hp-5-75cfm-90psi-2-cilindru-virzula-sukna-galva\/","title":{"rendered":"VEVOR 5.5ZS Dubultcilindru Gaisa Kompresora Galva, 9.78 m\u00b3\/h @ 6.2 bar, Divpak\u0101pju, E\u013c\u013cas Sm\u0113r\u0113\u0161ana, 12.8 bar Maks, \u010cuguns"},"content":{"rendered":"<div style=\"color: #fff!important; font-size: 16px; height: 24px; line-height: 24px; margin-top: -24px; \" class=\"product_original_name\">VEVOR gaisa kompresora s\u016bk\u0146a galva, 5,5 ZS 5,75 CFM @90PSI, divu cilindru e\u013c\u013cas e\u013c\u013cota gaisa kompresora virzu\u013ca s\u016bk\u0146a galva, divpak\u0101pju V veida \u010duguna gaisa kompresora s\u016bk\u0146a nomai\u0146a ar Max.185PSI spiediens<\/div>\n<div style=\"color: #fff!important; font-size: 16px; height: 24px; line-height: 24px; margin-top: -24px; \" class=\"product_sku\">M4I4MGEG<\/div>\n<div style=\"color: #fff!important; font-size: 16px; height: 24px; line-height: 24px; margin-top: -24px; \" class=\"product_mpn\">KQYSJBTSGBTCUHG46V0<\/div><div id=\"js-DM_at-goodDescRich\"><html><head><style>  body {    font-family: Arial;    line-height: 1.5;    color: #1c1c1c;    overflow-x: hidden;    margin: 0;    padding: 0;  }  .MsoNormal b {    font-weight: bolder;  }<\/style><style>  .container.small {    width: 970px;    margin: 0 auto;  }  .logo {    margin: 0 auto 0;  }  .logo img {    display: block;    margin: 0 auto;    max-width: 100%;  }  .logo .pc-banner {    display: block;    width: 1200px;    height: 247.4px;    margin: 0 auto;  }  .logo .pc-banner.small {    width: 970px;  }  .logo .pc-banner.small img {    height: auto!important;  }  .logo .m-banner {    display: none;  }  .ytvideo {    position: relative;    height: 546px;    width: 100%;    margin: 0 auto;  }  .ytvideo img {    width: 100%;    margin: 0 auto;  }  .ytvideo .play-btn {    width: 60px;    height: 42px;    position: absolute;    top: 50%;    left: 50%;    transform: translate(-50%, -50%);    background: url(\"data:image\/png;base64,iVBORw0KGgoAAAANSUhEUgAAAGQAAABGCAMAAAANWMFbAAAC+lBMVEUAAADBGB3kLCfBGB3kLCfcJC7BFx3KKSbiKybkLCbWJCPSIiLSIiLPICHAFx3kLCfgKSXNHiDZJiTIGx\/p4eHcjo7LHSDbJyTkLCbjKyfOHyHPIiL28fHJHB\/GGh7EGR7eKCXDGB3RISHlLSbBGB3AFxzGHB7DGB7BGB3hKybkKybAFx3lLCfAFxzDGR3hKibDGB7cJyTmz8\/elJTlwcHjurrUIyLlLSflLSfAFx3DGR7lLSfCFx3hKibhKibhKybjKybkLCblLSfbJSX49vbx7e3NNzjNMTLMJyjVIyLZf3\/ZQ0LaeHjx0tLgoqLkLCfCGB3HGx\/BGB3BFx3PICHCGB7WJCLOHyC\/Fxy\/Fx3lLCfQISHkLSe\/FxzbJiTBFx3FGx\/AGB7BFx3EGR7AGB3HHSDfKiXAFh3TISHYNzbhKibbJyTTIiL57e325+f039\/v2NjUV1fOHiHiqanfmprch4feKSXVIyPOICHmLibFGh\/mLSe\/Fx7XJCPeKSXXJSPNHyHaJyTGGh7lLCbmLCflLSjSIiLkLCbdKSXLHiC\/GB3KHh++Fh3lKyfoLiXcKCPkx8fYb2\/XaGfVXl3aU1LLHiDksbHgKibPICHbJyTfKSXbJyTCGB3KHSDiKybFGh7TIiL\/\/\/\/VIyPRISHIHB\/GGx\/HHB\/DGR7gKibdKCXLHiDZJiTMHiDNHyHYJSTOICHPICHWJCPcKCXXJSPjLCblLCf+\/f3NGR\/uLijzLynPGR\/IGB7WISHaIyLLGh7UAADxLynNAADRLzDbICLQAADIAAD3MCrUHSHXMTDpKSbLAADp5OTij4\/ejo\/VLy\/1LyngJSTcJCPQHx\/OHB7+\/PzaMS\/OLS\/vLijrLSjSAADaNTPwLyjkKSbNJCbYISHPHB\/KGB7WAAD7+vrn3d3aKynTKCjoLCfsKifRGh\/YAADq5+fhjo7QNDXXKCfmJyXt5+fTLzDLLi\/QKivYHRvMGBrQJCXLISPMExXLDxLaEAvkkI\/bOTfaFQ\/SCgpvLcnHAAAAmnRSTlMA+vv7+gT9Bvf9+8z8\/NSv\/Pr5+P7++vnQIBMP\/v38\/Pn348XDiCYf9OjbzcqxXVcx\/fz8+\/rj1r2poo1+fXFqX0orGP7+\/v7+\/fz8+\/r68uzn4trIxsG\/vri3p6GcmZSNbWVYUUZEPQv+\/f39+\/v7+\/v7+vr64tvV1NTTz87FtbSurqeblJKFg4B3bUY+NjL7+\/v7+\/v67t1cDo8JLQAABkRJREFUWMO0kz9rwkAYh0OIeJkum6YugUAhISCdKoj\/P4C7SMdS+gEKIhSKil10LSg4mzXkILdlEpxCpwTiWOLX6BujvQaEQuGeHLnL+\/64J+SIcKGYTYWnntpdLjrVdqvZmNdn0+EE40GtpuuWVS6Xx6N7YDSGpWXpeq02wHgynM7q80az1a52HpddtVcpsi1zFARBrdaxbhp9iUReTGmwA4KAAr7vx3EYejnCMI6hQYEgy0LQi4jUN0wL19vqFcUC9\/1dAKmEEFkWRYkh5oBejnxQJiSJPJ\/uKBp0Thszx9Mw8hMRIQjKsptCfuES9zr5WJY6vSFCIvE9fCMUmEM1A1kSXcYGxgVYsvI1IPKTZciSTI0us\/SMGG04gDzELDoFBwdcFJrF88dqgYMTiL6DILWYyfOWE8\/kIz38olCNlC03FK95+imxp6y4oUSvAnBjHHhKNtotSDqJzVFiK8c2SBqhZtsrTtgrLXwAyduxZHNE26eHUt5rtuM4WSmds3G+sUdWYo1L+XyxButoh5eKUHk5lByO3G1LqqCWVnfrv\/lyPtf\/4ps1cndNGIri8J1TJ0lx6dR\/oPjq1nbRwdp2dCk4CtIOLW3pVKRL6WZfS5vF2KkIQhpwSsjiYIgNCs1gEMGqiIq24NQX9NwoXFy8Ufrl3twTcg4fv8T9\/JBEySduj6Mjm4bMzYV7EEOxKjjoNDud7yY3Dy71Hq2oLmqfbNR723edH9PgMrNL2utoQ3VmaIDkiw\/4w51P06hlZsTZvkRrbVuSIs\/zwSOsycgzStQouoAkWQqioRT5XI7n2Z1wfVhoZmcAJLsoqjqpjbWCgpOAJXBwHK8PzWbNvoUZJND5wCnSkLAkZ1legx6vqQzjoiTahKlGUGLAiIIoABOHaNVw4sexZBym6\/HWlH5h3IC7yRbxtipcWxdTOkORKiNQAEkFf66x5S2oeRbroOlLgg0sSYkR0hRGEqJZ0jTPiQKatESdBckpWigxaapEH0lImHdWu9pUFF2XqMNM2Z4kped7IwEJw2qabwtrQqnpw6HyKkgcadKWsmpywwesDyIhYRpdzXddqegtGIJlXbAIUMOLkGxJUjRIkokwjUaX9d\/kK62ps\/tYUqZLIMkLTyBhsMZ3C5Z\/kDxOSCb\/DOs\/\/J0qcWSX\/2ipe56EgTCA4\/cB7NAYOsni4mZM1MUPAISoEwkDi4lhVBQ1cWQyIcwalw4EpqZN68JUSK7XC0kTlkLYii5uXSC8jT5ncCAS7mjCv0uHp\/3lueHEEAeQ\/\/VgmdN71\/2uCSA1Xr6DO6uI6sW56zqT2tp2PhgiRUAajV8CY2fkcz6WGNKMgLAt7tJAhD4YHMTeRxlALE6+43WqjSWi8ITxyJl8WrwWSNESQZZOqhDDntO3hJLsd5RtSpbJqdv3YrDJH3F7jL1R2O2aQkn2MyCyKYz0GPGIvSAMgBCrCEiJyKbBaYGwLW4uPRr0A0M4Ux5kUI7IBh+hMdiCEWNqhMZGyYMsOgNE58UQuEQeUnSWCMYwL54hkxK6IoqucQZbQ3pc3XtL0lky1dL0zZJJDpWJovFqpWj6JEHnyam2eQp5QRVAVHjWparTOaVwUOx99YS2MvgxIGV0bb+qIg2HX2qkFFJB+XZcbLiuRkuxD9GRroKyveLxdh4d7Orx+hb7qc3uVRuEogCOnyIxm4ubUoPgF4jianDrC+SDQDKEfJb0GUKmjCGPYHGJvVC6X4hw1\/sAfQAdfYyephIaspXe36RwOP+Ljvfx9B6B3i+Nk0DGq+oCbLn6JpBa9nWAveAIHwFAwtVcIJXPMPL8kRu5OAYPMaL1WScTxjiZDqB9LTJSWphow\/pTYKRTLjCBhvi9iBidvKcDasGSm0QQkycYuLBqj6QCELPctqChDWpTRMWkngNNpQ1Pfp1KkiT\/Y0DGffXAweUNfLAfaJFKDwhb6I+bkYRbkERoEeu3Fyjg2opMz2daZCS9jt6Q7txNfB+OZEVF6Zl5web2xunnLQrtrjXseXKaFYziYINeMFZVxS9VxRhOoesYwxPKXm+gWLG9cuFeq93UNNeJNsf1KlwuDok9n02n3TgIJpOxNfL9naIoQwXtfH9kjceTIIi709ncTg6LZbg+biLH1V6u\/7rxBem06VXKn9raAAAAAElFTkSuQmCC\")      no-repeat center center \/ contain;  }  @media screen and (max-width: 960px) and (orientation: portrait) {    .logo {      width: 100%;    }    .logo .pc-banner {      display: none;    }    .logo .m-banner {      display: block;      width: 100%;    }    .logo .m-banner img {      height: auto!important;    }    .ytvideo {      height: 200px;      width: 100%;    }  }<\/style><style>  .video-section {    width: 100%;    margin: 0 auto;  }  .video-section > img {    width: 100%;  }  .video-section iframe,  .video-section video {    width: 100%;    height: 100%;      }  .video-section-img-m,  .video-section-img-pc > img {    width: 100%;    height: auto;  }  .video-section-img-pc.small > img {    width: 970px;  }  .video-desc {    line-height: 1.5;    font-size: 20px;    font-weight: 400;    margin: 20px 0;    text-align: center;    color: #0f1111;    word-break: break-word;  }  @media screen and (max-width: 960px) and (orientation: portrait) {    .video-section {      width: 100%;    }    .video-section-pc,    .video-section-img-pc {      display: none;    }    .video-section-m,    .video-section-img-m {      display: block;    }    .video-desc {      font-size: 15px;    }  }  @media screen and (min-width: 960px) {    .video-section {      width: 100%;      margin: 0 auto;    }    .video-section-pc,    .video-section-img-pc {      display: block;    }    .video-section-m,    .video-section-img-m {      display: none;    }    .video-desc {      font-size: 20px;    }  }<\/style><style>  .section + .section {    margin-top: 35px;  }  .section-title {    text-align: center;    font-weight: bold;    color: #0d1111;    font-family: \"Arial\";    font-size: 32px;    margin: 15px 0;  }  .section-title:empty {    display: none;  }  .section-desc {    text-align: center;    font-weight: normal;    color: #0d1111;    margin-top: 20px;  }  .section-desc:empty {    display: none;  }  .section-img {    width: 1200px;    height: 492px;    margin: 0 auto;    display: block;  }  .section-img.small {    width: 970px;    height: auto;  }  .section-img.small > img {    height: auto;  }  .section-img > img {    width: 100%;    height: 100%;  }  .section-mobile-img {    display: none;    max-width: 100vw;    max-height: 75vw;    height: 450px;    margin: 0 auto;  }  .section-mobile-img > img {    width: 100%;    height: 100%;  }  @media screen and (max-width: 960px) and (orientation: portrait) {    .container {      width: 100%;    }    .container.small {      width: 100%;    }    .section-mobile-img {      display: block;    }    .section-img {      display: none;    }    .section-title {      font-size: 22px;      margin: 10px 0;    }    .section-desc {      margin-top: 10px;    }    .section + .section {      margin-top: 20px;    }  }<\/style><\/head><body><div class=\"container\"><div class=\"logo\"><div class=\"pc-banner\"><div><img decoding=\"async\" src=\"\/vevor\/vevor\/boutique-banner\/pc\/en-pc@1x.jpg\" style=\"width: 100%;\" \/><\/div><\/div><div class=\"m-banner\"><div><img decoding=\"async\" src=\"\/vevor\/vevor\/boutique-banner\/mobile\/en-m@1x.jpg\" style=\"width: 100%;\" \/><\/div><\/div><\/div><div class=\"section-title\">Uzticieties VEVOR gaisa kompresora s\u016bknim efekt\u012bvai saspie\u0161anai<\/div><div class=\"video-section\"><div class=\"video-section-img-pc\"><img decoding=\"async\" src=\"\/vevor\/product\/KQYSJBTSGBTCUHG46\/air-compressor-pump-head-a100-1.4.jpg\" \/><\/div><div class=\"video-section-img-m\"><img decoding=\"async\" src=\"\/vevor\/product\/KQYSJBTSGBTCUHG46\/air-compressor-pump-head-a100-1.4-m.jpg\" \/><\/div><div class=\"section-desc\">VEVOR 5,5 ZS divu cilindru gaisa kompresora s\u016bk\u0146a galva ir j\u016bsu lab\u0101kais risin\u0101jums j\u016bsu pneimatiskaj\u0101m vajadz\u012bb\u0101m. T\u0101 lepojas ar iespaid\u012bgu gaisa pl\u016bsmu 5,75 CFM pie 90 PSI, maksim\u0101lo darba spiedienu 185 PSI un divpak\u0101pju kompresiju, nodro\u0161inot vienm\u0113r\u012bgu un bag\u0101t\u012bgu gaisa padevi da\u017e\u0101diem pielietojumiem.<\/div><\/div><div class=\"section\"><div class=\"section-title\"><\/div><div class=\"section-img\"><img decoding=\"async\" src=\"\/vevor\/product\/KQYSJBTSGBTCUHG46\/air-compressor-pump-head-a100-2.2.jpg\" \/><\/div><div class=\"section-mobile-img\"><img decoding=\"async\" src=\"\/vevor\/product\/KQYSJBTSGBTCUHG46\/air-compressor-pump-head-a100-2.2-m.jpg\" \/><\/div><div class=\"section-desc\">M\u016bsu ar e\u013c\u013cu e\u013c\u013cotajai virzu\u013cs\u016bk\u0146a galvai ir siksnas piedzi\u0146as konstrukcija, kas uzlabo efekt\u012bvu saspie\u0161anu, vienlaikus nodro\u0161inot vienm\u0113r\u012bgu darb\u012bbu. T\u0101 veicina efekt\u012bvu siltuma izkliedi, pagarina kalpo\u0161anas laiku un nodro\u0161ina nemain\u012bgu veiktsp\u0113ju laika gait\u0101.<\/div><\/div><div class=\"section\"><div class=\"section-title\"><\/div><div class=\"section-img\"><img decoding=\"async\" src=\"\/vevor\/product\/KQYSJBTSGBTCUHG46\/air-compressor-pump-head-a100-2.3.jpg\" \/><\/div><div class=\"section-mobile-img\"><img decoding=\"async\" src=\"\/vevor\/product\/KQYSJBTSGBTCUHG46\/air-compressor-pump-head-a100-2.3-m.jpg\" \/><\/div><div class=\"section-desc\">\u0160ai kompresora s\u016bk\u0146a galvai ir bez\u0161uvju metin\u0101juma strukt\u016bra, kas nodro\u0161ina izcilu nodilumiztur\u012bbu un boj\u0101jumu toleranci, padarot to sp\u0113j\u012bgu iztur\u0113t ilgsto\u0161u lieto\u0161anu. T\u0101 ir apr\u012bkota ar e\u013c\u013cas nov\u0113ro\u0161anas lodzi\u0146u, kas \u013cauj lietot\u0101jiem viegli uzraudz\u012bt e\u013c\u013cas l\u012bmeni.<\/div><\/div><div class=\"section\"><div class=\"section-title\"><\/div><div class=\"section-img\"><img decoding=\"async\" src=\"\/vevor\/product\/KQYSJBTSGBTCUHG46\/air-compressor-pump-head-a100-2.4.jpg\" \/><\/div><div class=\"section-mobile-img\"><img decoding=\"async\" src=\"\/vevor\/product\/KQYSJBTSGBTCUHG46\/air-compressor-pump-head-a100-2.4-m.jpg\" \/><\/div><div class=\"section-desc\">Ir \u013coti svar\u012bgi nodro\u0161in\u0101t, lai j\u016bsu kompresora s\u016bk\u0146a galvas nomai\u0146a darbotos efekt\u012bvi un dro\u0161i. Iev\u0113rojot \u0161os vienk\u0101r\u0161os piesardz\u012bbas pas\u0101kumus, j\u016bs var\u0113siet maksim\u0101li palielin\u0101t s\u016bk\u0146a galvas veiktsp\u0113ju un nodro\u0161in\u0101t t\u0101s ilgtermi\u0146a stabilit\u0101ti.<\/div><\/div><div class=\"section\"><div class=\"section-title\"><\/div><div class=\"section-img\"><img decoding=\"async\" src=\"\/vevor\/product\/KQYSJBTSGBTCUHG46\/air-compressor-pump-head-a100-2.5.jpg\" \/><\/div><div class=\"section-mobile-img\"><img decoding=\"async\" src=\"\/vevor\/product\/KQYSJBTSGBTCUHG46\/air-compressor-pump-head-a100-2.5-m.jpg\" \/><\/div><div class=\"section-desc\">\u0160is divu cilindru gaisa kompresora s\u016bknis ir pla\u0161i pielietojams auto remont\u0101, kokapstr\u0101des darbn\u012bc\u0101s, m\u0101jas gar\u0101\u017e\u0101s, renov\u0101cijas projektos un citur. Tas nodro\u0161ina uzticamu gaisa padevi, lai apmierin\u0101tu da\u017e\u0101das piep\u016b\u0161anas vajadz\u012bbas un uzlabotu darba efektivit\u0101ti.<\/div><\/div><div class=\"section\"><div class=\"section-img\"><img decoding=\"async\" src=\"\/vevor\/product\/KQYSJBTSGBTCUHG46\/air-compressor-pump-head-a100-1.11.jpg\" \/><\/div><div class=\"section-mobile-img\"><img decoding=\"async\" src=\"\/vevor\/product\/KQYSJBTSGBTCUHG46\/air-compressor-pump-head-a100-1.11-m.jpg\" \/><\/div><\/div><\/div><\/body><\/html><\/div>\n<div class=\"DM_at-title\" id=\"js-DM_at-title\"> <div>Produkta specifik\u0101cija<\/div> <i class=\"icon-arrowup_line\"><\/i> <\/div><div class=\"DM_at-goodsDescAttr\" id=\"js-DM_at-goodsDescAttr\"> <div class=\"DM_at-goodsDescAttrInner\"> <dl class=\"goodsDesc_item goodsDesc_item_even\"> <dt>Preces Mode\u013ca Numurs<\/dt> <dd> FB-2090\/12.5<\/dd> <\/dl> <dl class=\"goodsDesc_item\"> <dt>Jauda<\/dt> <dd> 5,5 ZS<\/dd> <\/dl> <dl class=\"goodsDesc_item goodsDesc_item_even\"> <dt>Cilindru skaits<\/dt> <dd> 2<\/dd> <\/dl> <dl class=\"goodsDesc_item\"> <dt>Maksim\u0101lais gaisa spiediens<\/dt> <dd> 185 PSI<\/dd> <\/dl> <dl class=\"goodsDesc_item goodsDesc_item_even\"> <dt>Pl\u016bsmas \u0100trums<\/dt> <dd> 5,75 CFM pie 90 PSI (162 l\/min)<\/dd> <\/dl> <dl class=\"goodsDesc_item\"> <dt>Produkta Izm\u0113ri<\/dt> <dd> 16,7 x 11,8 x 16,5 collas \/ 425 x 300 x 420 mm<\/dd> <\/dl> <dl class=\"goodsDesc_item goodsDesc_item_even\"> <dt>Produkta Svars<\/dt> <dd> 58 m\u0101rci\u0146as \/ 26,3 kg<\/dd> <\/dl> <\/div> <\/div>","protected":false},"excerpt":{"rendered":"<ul>\n<li> 5.5HP gaisa kompresora s\u016bk\u0146a galva: VEVOR 5.5HP divu cilindru gaisa kompresora s\u016bk\u0146a galva ir apr\u012bkota ar 5.75CFM @ 90PSI gaisa padeves \u0101trumu, divpak\u0101pju kompresiju un 185PSI maksim\u0101lo darba spiedienu, nodro\u0161ina nep\u0101rtrauktu un pietiekamu gaisa padevi pla\u0161am apr\u012bkojuma kl\u0101stam, ide\u0101li piem\u0113rots riepu piep\u016b\u0161anai, kr\u0101so\u0161anai ar aerosolu, kokapstr\u0101dei un citiem uzdevumiem. (PIEZ\u012aME: Motors nav iek\u013cauts) <\/li>\n<li> P\u0101rbaud\u012bta siksnas piedzi\u0146as konstrukcija: Izmantojot p\u0101rbaud\u012bto siksnas piedzi\u0146as konstrukciju, lai nov\u0113rstu gult\u0146u nob\u012bdi, m\u016bsu divpak\u0101pju V veida s\u016bk\u0146a galva nodro\u0161ina izcilu saspie\u0161anu un vienm\u0113r\u012bgu darb\u012bbu. (Uzst\u0101d\u012b\u0161anas piez\u012bmes: Novietojot s\u016bk\u0146a galvu, motora skriemelim un siksnas skriemelim j\u0101atrodas vien\u0101 taisn\u0101 l\u012bnij\u0101. Jo lab\u0101k izl\u012bdzin\u0101ti, jo maz\u0101ka vibr\u0101cija.) <\/li>\n<li> Izcilas \u012bpa\u0161\u012bbas: \u0160im ar e\u013c\u013cu e\u013c\u013cotajam gaisa kompresora s\u016bknim ir augstas kvalit\u0101tes iepl\u016bdes un izpl\u016bdes v\u0101rstu konstrukcija, prec\u012bzs cilindrs, efekt\u012bvas siltuma izkliedes ribas un gaisa filtrs, lai uzlabotu stabilit\u0101ti un pagarin\u0101tu kalpo\u0161anas laiku, un \u0113rtais e\u013c\u013cas nov\u0113ro\u0161anas spogulis \u013cauj lietot\u0101jiem viegli uzraudz\u012bt e\u013c\u013cas l\u012bmeni. <\/li>\n<li> Iztur\u012bgs un efekt\u012bvs: Kompakt\u0101 virzu\u013cs\u016bk\u0146a galva galvenok\u0101rt ir izgatavota no iztur\u012bga \u010duguna, kas nodro\u0161ina izcilu nodilumiztur\u012bbu un nav viegli boj\u0101jams. Apvienojum\u0101 ar augsto efektivit\u0101ti un zemo ener\u0123ijas pat\u0113ri\u0146u t\u0101 nodro\u0161ina jaud\u012bgu pneimatisko veiktsp\u0113ju, vienlaikus pal\u012bdzot ietaup\u012bt ekspluat\u0101cijas izmaksas. <\/li>\n<li> Pla\u0161s pielietojums: VEVOR 5.5HP gaisa kompresora s\u016bk\u0146a galva tiek pla\u0161i izmantota \u0137\u012bmiskaj\u0101, vieglaj\u0101 r\u016bpniec\u012bb\u0101, tekstilr\u016bpniec\u012bb\u0101, ieguves r\u016bpniec\u012bb\u0101, b\u016bvniec\u012bb\u0101, m\u0101jas dekor\u0113\u0161an\u0101, kokapstr\u0101des darbn\u012bc\u0101s, auto remont\u0101 utt. T\u0101 nodro\u0161ina uzticamu saspiestu gaisu, lai apmierin\u0101tu da\u017e\u0101du iek\u0101rtu un instrumentu pras\u012bbas, iev\u0113rojami uzlabojot j\u016bsu darba efektivit\u0101ti. <\/li>\n<\/ul>","protected":false},"featured_media":346623,"comment_status":"closed","ping_status":"open","template":"","meta":{"om_disable_all_campaigns":false,"_monsterinsights_skip_tracking":false,"_monsterinsights_sitenote_active":false,"_monsterinsights_sitenote_note":"","_monsterinsights_sitenote_category":0,"_uf_show_specific_survey":0,"_uf_disable_surveys":false},"location":[1935,1934],"product_brand":[21],"product_cat":[2714,2376,2375,2374],"product_tag":[],"class_list":{"0":"post-56126","1":"product","2":"type-product","3":"status-publish","4":"has-post-thumbnail","6":"location-supplier_stock_location","7":"location-local_stock_location","8":"product_brand-vevor","9":"product_cat-air-compressor-head-pump","10":"product_cat-air-compressor-parts-accessories","11":"product_cat-air-compressor-tools","12":"product_cat-tools","14":"first","15":"instock","16":"taxable","17":"shipping-taxable","18":"purchasable","19":"product-type-simple"},"aioseo_notices":[],"jetpack_sharing_enabled":true,"locations":[{"id":1935,"name":"Pieg\u0101d\u0101ja noliktav\u0101 (5-7dd.d)","slug":"supplier_stock_location","quantity":"25"},{"id":1934,"name":"R\u012bgas veikal\u0101 (0-2d.d.)","slug":"local_stock_location","quantity":"0"}],"_links":{"self":[{"href":"https:\/\/vevorshop.lv\/lv\/wp-json\/wp\/v2\/product\/56126","targetHints":{"allow":["GET"]}}],"collection":[{"href":"https:\/\/vevorshop.lv\/lv\/wp-json\/wp\/v2\/product"}],"about":[{"href":"https:\/\/vevorshop.lv\/lv\/wp-json\/wp\/v2\/types\/product"}],"replies":[{"embeddable":true,"href":"https:\/\/vevorshop.lv\/lv\/wp-json\/wp\/v2\/comments?post=56126"}],"wp:featuredmedia":[{"embeddable":true,"href":"https:\/\/vevorshop.lv\/lv\/wp-json\/wp\/v2\/media\/346623"}],"wp:attachment":[{"href":"https:\/\/vevorshop.lv\/lv\/wp-json\/wp\/v2\/media?parent=56126"}],"wp:term":[{"taxonomy":"location","embeddable":true,"href":"https:\/\/vevorshop.lv\/lv\/wp-json\/wp\/v2\/location?post=56126"},{"taxonomy":"product_brand","embeddable":true,"href":"https:\/\/vevorshop.lv\/lv\/wp-json\/wp\/v2\/product_brand?post=56126"},{"taxonomy":"product_cat","embeddable":true,"href":"https:\/\/vevorshop.lv\/lv\/wp-json\/wp\/v2\/product_cat?post=56126"},{"taxonomy":"product_tag","embeddable":true,"href":"https:\/\/vevorshop.lv\/lv\/wp-json\/wp\/v2\/product_tag?post=56126"}],"curies":[{"name":"wp","href":"https:\/\/api.w.org\/{rel}","templated":true}]}}