{"id":56393,"date":"2024-11-20T05:48:51","date_gmt":"2024-11-20T05:48:51","guid":{"rendered":"http:\/\/vevorshop.edigo.lv\/Prece\/vevor-burlap-fabric-roll-burlap-tree-wrap-36-in-x-150-ft-for-crafts-plants\/"},"modified":"2026-04-19T22:54:27","modified_gmt":"2026-04-19T19:54:27","slug":"vevor-burlap-fabric-roll-burlap-tree-wrap-36-in-x-150-ft-for-crafts-plants","status":"publish","type":"product","link":"https:\/\/vevorshop.lv\/lv\/Prece\/vevor-auduma-auduma-rullu-auduma-rullu-koku-iesainojums-14-collu-x-150-pedu-amatniecibas-augiem-2\/","title":{"rendered":"VEVOR Natural Burlap Auduma Rullis 91 cm x 45,7 m, 270 g, 50\u00d750 Bl\u012bvums, Biolo\u0123iski no\u0101rd\u0101ma D\u017euta Amatniec\u012bbai, D\u0101rzkop\u012bbai &amp; Dekoram"},"content":{"rendered":"<div style=\"color: #fff!important; font-size: 16px; height: 24px; line-height: 24px; margin-top: -24px; \" class=\"product_original_name\">VEVOR Burlap Fabric Roll, 36\u201d x 150 ft & 50 x 50 High Density Wide Natural Burlap Fabric Rolls, Jute Fabric Burlap Tree Wrap Roll, for Decor, Crafts, Wedding, Gardening, Plant & Tree Winter Covering<\/div>\n<div style=\"color: #fff!important; font-size: 16px; height: 24px; line-height: 24px; margin-top: -24px; \" class=\"product_sku\">M4I4MHMD<\/div>\n<div style=\"color: #fff!important; font-size: 16px; height: 24px; line-height: 24px; margin-top: -24px; \" class=\"product_mpn\">CMBJ36INCHES3TQMTV0<\/div><div id=\"js-DM_at-goodDescRich\"><html><head><style>  body {    font-family: Arial;    line-height: 1.5;    color: #1c1c1c;    overflow-x: hidden;    margin: 0;    padding: 0;  }  .MsoNormal b {    font-weight: bolder;  }<\/style><style>  .container.small {    width: 970px;    margin: 0 auto;  }  .logo {    margin: 0 auto 0;  }  .logo img {    display: block;    margin: 0 auto;    max-width: 100%;  }  .logo .pc-banner {    display: block;    width: 1200px;    height: 247.4px;    margin: 0 auto;  }  .logo .pc-banner.small {    width: 970px;  }  .logo .pc-banner.small img {    height: auto!important;  }  .logo .m-banner {    display: none;  }  .ytvideo {    position: relative;    height: 546px;    width: 100%;    margin: 0 auto;  }  .ytvideo img {    width: 100%;    margin: 0 auto;  }  .ytvideo .play-btn {    width: 60px;    height: 42px;    position: absolute;    top: 50%;    left: 50%;    transform: translate(-50%, -50%);    background: url(\"data:image\/png;base64,iVBORw0KGgoAAAANSUhEUgAAAGQAAABGCAMAAAANWMFbAAAC+lBMVEUAAADBGB3kLCfBGB3kLCfcJC7BFx3KKSbiKybkLCbWJCPSIiLSIiLPICHAFx3kLCfgKSXNHiDZJiTIGx\/p4eHcjo7LHSDbJyTkLCbjKyfOHyHPIiL28fHJHB\/GGh7EGR7eKCXDGB3RISHlLSbBGB3AFxzGHB7DGB7BGB3hKybkKybAFx3lLCfAFxzDGR3hKibDGB7cJyTmz8\/elJTlwcHjurrUIyLlLSflLSfAFx3DGR7lLSfCFx3hKibhKibhKybjKybkLCblLSfbJSX49vbx7e3NNzjNMTLMJyjVIyLZf3\/ZQ0LaeHjx0tLgoqLkLCfCGB3HGx\/BGB3BFx3PICHCGB7WJCLOHyC\/Fxy\/Fx3lLCfQISHkLSe\/FxzbJiTBFx3FGx\/AGB7BFx3EGR7AGB3HHSDfKiXAFh3TISHYNzbhKibbJyTTIiL57e325+f039\/v2NjUV1fOHiHiqanfmprch4feKSXVIyPOICHmLibFGh\/mLSe\/Fx7XJCPeKSXXJSPNHyHaJyTGGh7lLCbmLCflLSjSIiLkLCbdKSXLHiC\/GB3KHh++Fh3lKyfoLiXcKCPkx8fYb2\/XaGfVXl3aU1LLHiDksbHgKibPICHbJyTfKSXbJyTCGB3KHSDiKybFGh7TIiL\/\/\/\/VIyPRISHIHB\/GGx\/HHB\/DGR7gKibdKCXLHiDZJiTMHiDNHyHYJSTOICHPICHWJCPcKCXXJSPjLCblLCf+\/f3NGR\/uLijzLynPGR\/IGB7WISHaIyLLGh7UAADxLynNAADRLzDbICLQAADIAAD3MCrUHSHXMTDpKSbLAADp5OTij4\/ejo\/VLy\/1LyngJSTcJCPQHx\/OHB7+\/PzaMS\/OLS\/vLijrLSjSAADaNTPwLyjkKSbNJCbYISHPHB\/KGB7WAAD7+vrn3d3aKynTKCjoLCfsKifRGh\/YAADq5+fhjo7QNDXXKCfmJyXt5+fTLzDLLi\/QKivYHRvMGBrQJCXLISPMExXLDxLaEAvkkI\/bOTfaFQ\/SCgpvLcnHAAAAmnRSTlMA+vv7+gT9Bvf9+8z8\/NSv\/Pr5+P7++vnQIBMP\/v38\/Pn348XDiCYf9OjbzcqxXVcx\/fz8+\/rj1r2poo1+fXFqX0orGP7+\/v7+\/fz8+\/r68uzn4trIxsG\/vri3p6GcmZSNbWVYUUZEPQv+\/f39+\/v7+\/v7+vr64tvV1NTTz87FtbSurqeblJKFg4B3bUY+NjL7+\/v7+\/v67t1cDo8JLQAABkRJREFUWMO0kz9rwkAYh0OIeJkum6YugUAhISCdKoj\/P4C7SMdS+gEKIhSKil10LSg4mzXkILdlEpxCpwTiWOLX6BujvQaEQuGeHLnL+\/64J+SIcKGYTYWnntpdLjrVdqvZmNdn0+EE40GtpuuWVS6Xx6N7YDSGpWXpeq02wHgynM7q80az1a52HpddtVcpsi1zFARBrdaxbhp9iUReTGmwA4KAAr7vx3EYejnCMI6hQYEgy0LQi4jUN0wL19vqFcUC9\/1dAKmEEFkWRYkh5oBejnxQJiSJPJ\/uKBp0Thszx9Mw8hMRIQjKsptCfuES9zr5WJY6vSFCIvE9fCMUmEM1A1kSXcYGxgVYsvI1IPKTZciSTI0us\/SMGG04gDzELDoFBwdcFJrF88dqgYMTiL6DILWYyfOWE8\/kIz38olCNlC03FK95+imxp6y4oUSvAnBjHHhKNtotSDqJzVFiK8c2SBqhZtsrTtgrLXwAyduxZHNE26eHUt5rtuM4WSmds3G+sUdWYo1L+XyxButoh5eKUHk5lByO3G1LqqCWVnfrv\/lyPtf\/4ps1cndNGIri8J1TJ0lx6dR\/oPjq1nbRwdp2dCk4CtIOLW3pVKRL6WZfS5vF2KkIQhpwSsjiYIgNCs1gEMGqiIq24NQX9NwoXFy8Ufrl3twTcg4fv8T9\/JBEySduj6Mjm4bMzYV7EEOxKjjoNDud7yY3Dy71Hq2oLmqfbNR723edH9PgMrNL2utoQ3VmaIDkiw\/4w51P06hlZsTZvkRrbVuSIs\/zwSOsycgzStQouoAkWQqioRT5XI7n2Z1wfVhoZmcAJLsoqjqpjbWCgpOAJXBwHK8PzWbNvoUZJND5wCnSkLAkZ1legx6vqQzjoiTahKlGUGLAiIIoABOHaNVw4sexZBym6\/HWlH5h3IC7yRbxtipcWxdTOkORKiNQAEkFf66x5S2oeRbroOlLgg0sSYkR0hRGEqJZ0jTPiQKatESdBckpWigxaapEH0lImHdWu9pUFF2XqMNM2Z4kped7IwEJw2qabwtrQqnpw6HyKkgcadKWsmpywwesDyIhYRpdzXddqegtGIJlXbAIUMOLkGxJUjRIkokwjUaX9d\/kK62ps\/tYUqZLIMkLTyBhsMZ3C5Z\/kDxOSCb\/DOs\/\/J0qcWSX\/2ipe56EgTCA4\/cB7NAYOsni4mZM1MUPAISoEwkDi4lhVBQ1cWQyIcwalw4EpqZN68JUSK7XC0kTlkLYii5uXSC8jT5ncCAS7mjCv0uHp\/3lueHEEAeQ\/\/VgmdN71\/2uCSA1Xr6DO6uI6sW56zqT2tp2PhgiRUAajV8CY2fkcz6WGNKMgLAt7tJAhD4YHMTeRxlALE6+43WqjSWi8ITxyJl8WrwWSNESQZZOqhDDntO3hJLsd5RtSpbJqdv3YrDJH3F7jL1R2O2aQkn2MyCyKYz0GPGIvSAMgBCrCEiJyKbBaYGwLW4uPRr0A0M4Ux5kUI7IBh+hMdiCEWNqhMZGyYMsOgNE58UQuEQeUnSWCMYwL54hkxK6IoqucQZbQ3pc3XtL0lky1dL0zZJJDpWJovFqpWj6JEHnyam2eQp5QRVAVHjWparTOaVwUOx99YS2MvgxIGV0bb+qIg2HX2qkFFJB+XZcbLiuRkuxD9GRroKyveLxdh4d7Orx+hb7qc3uVRuEogCOnyIxm4ubUoPgF4jianDrC+SDQDKEfJb0GUKmjCGPYHGJvVC6X4hw1\/sAfQAdfYyephIaspXe36RwOP+Ljvfx9B6B3i+Nk0DGq+oCbLn6JpBa9nWAveAIHwFAwtVcIJXPMPL8kRu5OAYPMaL1WScTxjiZDqB9LTJSWphow\/pTYKRTLjCBhvi9iBidvKcDasGSm0QQkycYuLBqj6QCELPctqChDWpTRMWkngNNpQ1Pfp1KkiT\/Y0DGffXAweUNfLAfaJFKDwhb6I+bkYRbkERoEeu3Fyjg2opMz2daZCS9jt6Q7txNfB+OZEVF6Zl5web2xunnLQrtrjXseXKaFYziYINeMFZVxS9VxRhOoesYwxPKXm+gWLG9cuFeq93UNNeJNsf1KlwuDok9n02n3TgIJpOxNfL9naIoQwXtfH9kjceTIIi709ncTg6LZbg+biLH1V6u\/7rxBem06VXKn9raAAAAAElFTkSuQmCC\")      no-repeat center center \/ contain;  }  @media screen and (max-width: 960px) and (orientation: portrait) {    .logo {      width: 100%;    }    .logo .pc-banner {      display: none;    }    .logo .m-banner {      display: block;      width: 100%;    }    .logo .m-banner img {      height: auto!important;    }    .ytvideo {      height: 200px;      width: 100%;    }  }<\/style><style>  .video-section {    width: 100%;    margin: 0 auto;  }  .video-section > img {    width: 100%;  }  .video-section iframe,  .video-section video {    width: 100%;    height: 100%;      }  .video-section-img-m,  .video-section-img-pc > img {    width: 100%;    height: auto;  }  .video-section-img-pc.small > img {    width: 970px;  }  .video-desc {    line-height: 1.5;    font-size: 20px;    font-weight: 400;    margin: 20px 0;    text-align: center;    color: #0f1111;    word-break: break-word;  }  @media screen and (max-width: 960px) and (orientation: portrait) {    .video-section {      width: 100%;    }    .video-section-pc,    .video-section-img-pc {      display: none;    }    .video-section-m,    .video-section-img-m {      display: block;    }    .video-desc {      font-size: 15px;    }  }  @media screen and (min-width: 960px) {    .video-section {      width: 100%;      margin: 0 auto;    }    .video-section-pc,    .video-section-img-pc {      display: block;    }    .video-section-m,    .video-section-img-m {      display: none;    }    .video-desc {      font-size: 20px;    }  }<\/style><style>  .section + .section {    margin-top: 35px;  }  .section-title {    text-align: center;    font-weight: bold;    color: #0d1111;    font-family: \"Arial\";    font-size: 32px;    margin: 15px 0;  }  .section-title:empty {    display: none;  }  .section-desc {    text-align: center;    font-weight: normal;    color: #0d1111;    margin-top: 20px;  }  .section-desc:empty {    display: none;  }  .section-img {    width: 1200px;    height: 492px;    margin: 0 auto;    display: block;  }  .section-img.small {    width: 970px;    height: auto;  }  .section-img.small > img {    height: auto;  }  .section-img > img {    width: 100%;    height: 100%;  }  .section-mobile-img {    display: none;    max-width: 100vw;    max-height: 75vw;    height: 450px;    margin: 0 auto;  }  .section-mobile-img > img {    width: 100%;    height: 100%;  }  @media screen and (max-width: 960px) and (orientation: portrait) {    .container {      width: 100%;    }    .container.small {      width: 100%;    }    .section-mobile-img {      display: block;    }    .section-img {      display: none;    }    .section-title {      font-size: 22px;      margin: 10px 0;    }    .section-desc {      margin-top: 10px;    }    .section + .section {      margin-top: 20px;    }  }<\/style><\/head><body><div class=\"container small\"><div class=\"logo\"><div class=\"pc-banner small\"><div><img decoding=\"async\" src=\"\/vevor\/vevor\/boutique-banner\/pc\/en-pc@1x.jpg\" style=\"width: 100%;\" \/><\/div><\/div><div class=\"m-banner\"><div><img decoding=\"async\" src=\"\/vevor\/vevor\/boutique-banner\/mobile\/en-m@1x.jpg\" style=\"width: 100%;\" \/><\/div><\/div><\/div><div class=\"section-title\">Iztur\u012bgs un elegants rupjdrabs rullis<\/div><div class=\"video-section\"><div class=\"video-section-img-pc small\"><img decoding=\"async\" src=\"\/vevor\/product\/CMBJ36INCHES3TQMT\/burlap-fabric-roll-a100-1.4-pt.jpg\" \/><\/div><div class=\"video-section-img-m\"><img decoding=\"async\" src=\"\/vevor\/product\/CMBJ36INCHES3TQMT\/burlap-fabric-roll-a100-1.4-pt.jpg\" \/><\/div><div class=\"section-desc\">\u0160is 100% dab\u012bgais d\u017eutas audekla auduma rullis pied\u0101v\u0101 lauku \u0161armu pas\u0101kumiem un d\u0101rzkop\u012bbai Iztur\u012bgs un ilgtsp\u0113j\u012bgs, tas ir ide\u0101li piem\u0113rots DIY projektiem, m\u0101jas dekoram un d\u0101rzkop\u012bbai.T\u0101 augsta bl\u012bvuma pinums un malu blo\u0137\u0113\u0161ana nodro\u0161ina ilgm\u016b\u017e\u012bbu Pieejams da\u017e\u0101dos izm\u0113ros.<\/div><\/div><div class=\"section\"><div class=\"section-title\"><\/div><div class=\"section-img small\"><img decoding=\"async\" src=\"\/vevor\/product\/CMBJ36INCHES3TQMT\/burlap-fabric-roll-a100-2.2-pt.jpg\" \/><\/div><div class=\"section-mobile-img\"><img decoding=\"async\" src=\"\/vevor\/product\/CMBJ36INCHES3TQMT\/burlap-fabric-roll-a100-2.2-pt.jpg\" \/><\/div><div class=\"section-desc\">Ar iztur\u012bgu 50 x 50 pinumu \u0161im audekla auduma rullim ir bag\u0101t\u012bga tekst\u016bra, kas lieliski saglab\u0101 savu formu laika gait\u0101. T\u0101 apstr\u0101d\u0101t\u0101s malas saglab\u0101 to gl\u012btu, lai j\u016bs var\u0113tu uz to pa\u013cauties gan dekorat\u012bvos, gan praktiskos nol\u016bkos.<\/div><\/div><div class=\"section\"><div class=\"section-title\"><\/div><div class=\"section-img small\"><img decoding=\"async\" src=\"\/vevor\/product\/CMBJ36INCHES3TQMT\/burlap-fabric-roll-a100-2.3-pt.jpg\" \/><\/div><div class=\"section-mobile-img\"><img decoding=\"async\" src=\"\/vevor\/product\/CMBJ36INCHES3TQMT\/burlap-fabric-roll-a100-2.3-pt.jpg\" \/><\/div><div class=\"section-desc\">Ja jums pat\u012bk rokdarbi, \u0161is rupjdra\u0146\u0137a rullis ir tie\u0161i tas, kas jums nepiecie\u0161ams! Viegli izveidojiet rupjdra\u0146\u0137a aizkarus, galda sedzi\u0146us, bant\u012btes vai jautrus vainagus un lentes \u2014 \u013caujiet va\u013cu izt\u0113lei!<\/div><\/div><div class=\"section\"><div class=\"section-title\"><\/div><div class=\"section-img small\"><img decoding=\"async\" src=\"\/vevor\/product\/CMBJ36INCHES3TQMT\/burlap-fabric-roll-a100-2.4-pt.jpg\" \/><\/div><div class=\"section-mobile-img\"><img decoding=\"async\" src=\"\/vevor\/product\/CMBJ36INCHES3TQMT\/burlap-fabric-roll-a100-2.4-pt.jpg\" \/><\/div><div class=\"section-desc\">\u0160\u012b burlap materi\u0101la siltie to\u0146i un dabiskais izskats padara to ide\u0101li piem\u0113rotu vakari\u0146\u0101m, k\u0101z\u0101m, b\u0113rnu du\u0161\u0101m un dzim\u0161anas dienas svin\u012bb\u0101m.Tas papildina jebkuru virtuvi vai \u0113damistabas zonu bez sadursm\u0113m, pied\u0101v\u0101jot m\u0101j\u012bgu un aicino\u0161u noska\u0146u.<\/div><\/div><div class=\"section\"><div class=\"section-title\"><\/div><div class=\"section-img small\"><img decoding=\"async\" src=\"\/vevor\/product\/CMBJ36INCHES3TQMT\/burlap-fabric-roll-a100-2.5-pt.jpg\" \/><\/div><div class=\"section-mobile-img\"><img decoding=\"async\" src=\"\/vevor\/product\/CMBJ36INCHES3TQMT\/burlap-fabric-roll-a100-2.5-pt.jpg\" \/><\/div><div class=\"section-desc\">Neatkar\u012bgi no t\u0101, vai dekor\u0113jat \u012bpa\u0161u pas\u0101kumu vai izt\u012br\u0101t savu m\u0101ju, \u0161is burlap rullis ir ide\u0101li piem\u0113rots da\u017e\u0101diem projektiem. T\u0101 dabiskais \u0161arms padara to par iecien\u012btu visu veidu amatniekiem.<\/div><\/div><div class=\"section\"><div class=\"section-img small\"><img decoding=\"async\" src=\"\/vevor\/product\/CMBJ36INCHES3TQMT\/burlap-fabric-roll-a100-1.11-pt.jpg\" \/><\/div><div class=\"section-mobile-img\"><img decoding=\"async\" src=\"\/vevor\/product\/CMBJ36INCHES3TQMT\/burlap-fabric-roll-a100-1.11-pt.jpg\" \/><\/div><\/div><\/div><\/body><\/html><\/div>\n<div class=\"DM_at-title\" id=\"js-DM_at-title\"> <div>Produkta specifik\u0101cija<\/div> <i class=\"icon-arrowup_line\"><\/i> <\/div><div class=\"DM_at-goodsDescAttr\" id=\"js-DM_at-goodsDescAttr\"> <div class=\"DM_at-goodsDescAttrInner\"> <dl class=\"goodsDesc_item goodsDesc_item_even\"> <dt>Preces Mode\u013ca Numurs<\/dt> <dd> 122x122x91 cm x 45 m<\/dd> <\/dl> <dl class=\"goodsDesc_item\"> <dt>Galvenais materi\u0101ls<\/dt> <dd> Dab\u012bg\u0101 rupjdrab\u0161\u0137iedras<\/dd> <\/dl> <dl class=\"goodsDesc_item goodsDesc_item_even\"> <dt>Materi\u0101la svars<\/dt> <dd> 7,94 unces\/jards\u00b2 (270 g\/\u33a1)<\/dd> <\/dl> <dl class=\"goodsDesc_item\"> <dt>Dzijas bl\u012bvums<\/dt> <dd> 50 x 50<\/dd> <\/dl> <dl class=\"goodsDesc_item goodsDesc_item_even\"> <dt>Kr\u0101sa<\/dt> <dd> Dabiska kr\u0101sa<\/dd> <\/dl> <dl class=\"goodsDesc_item\"> <dt>Produkta Izm\u0113ri<\/dt> <dd> 36 collas x 150 p\u0113das \/ 914 mm x 45,7 m<\/dd> <\/dl> <dl class=\"goodsDesc_item goodsDesc_item_even\"> <dt>Produkta Svars<\/dt> <dd> 11,6 kg \/ 25,57 m\u0101rci\u0146as<\/dd> <\/dl> <\/div> <\/div>","protected":false},"excerpt":{"rendered":"<ul>\n<li> Biolo\u0123iski no\u0101rd\u0101ms materi\u0101ls: \u0160is rupjdra\u0146\u0137a rullis ir izgatavots no 100% dab\u012bg\u0101m ka\u0146epju \u0161\u0137iedr\u0101m, nodro\u0161inot vesel\u012bgu un videi draudz\u012bgu izv\u0113li. Tas ir iztur\u012bgs un neizbalo, saglab\u0101jot savu \u0161armu gadiem ilgi. Neuztraucieties, ja paman\u0101t smar\u017eu \u2013 tas ir norm\u0101li, jo dab\u012bgaj\u0101m rupjdra\u0146\u0137a \u0161\u0137iedr\u0101m ir unik\u0101la smar\u017ea! <\/li>\n<li> Iztur\u012bgs un ilgm\u016b\u017e\u012bgs: \u0160is rupjdra\u0146\u0137a auduma rullis nav tikai dekorat\u012bvs elements; tas ir uzticams sabiedrotais. Ar stabilu bl\u012bvumu 50 x 50 un svaru 270 g tas ir rad\u012bts ilgam kalpo\u0161anas laikam. Tas nov\u0113r\u0161 nodilumu un pl\u012bsumus, pie\u0161\u0137irot j\u016bsu dekor\u0101cijai skaistu izskatu, neuztraucoties par \u0101tru nolieto\u0161anos. <\/li>\n<li> D\u0101rzkop\u012bbas pamatvajadz\u012bbas: \u0160is d\u0101rza audekla rullis ir b\u016btisks instruments j\u016bsu d\u0101rzkop\u012bbas vajadz\u012bb\u0101m. Neatkar\u012bgi no t\u0101, vai to izmantojat k\u0101 nez\u0101\u013cu barjeru vai augu pasarg\u0101\u0161anai no laikapst\u0101k\u013ciem, t\u0101 elpojam\u012bba nodro\u0161ina j\u016bsu augu labkl\u0101j\u012bbu, saglab\u0101jot j\u016bsu d\u0101rzu vesel\u012bgu un skaistu. <\/li>\n<li> Lauku \u0161arms: Atbr\u012bvojiet savu rado\u0161umu ar \u0161o rupjdra\u0146\u0137a rulli! Rupjdra\u0146\u0137a materi\u0101la dabisk\u0101 tekst\u016bra jebkuram pas\u0101kumam vai m\u0101jas telpai pie\u0161\u0137ir m\u0101j\u012bgu, lauku noska\u0146u. T\u0101 pie\u0161\u0137ir siltu, vintage saj\u016btu, kas atst\u0101s iespaidu uz j\u016bsu viesiem. <\/li>\n<li> D\u0101sns izm\u0113rs: Ar 36 collu (914 mm) platumu un 150 p\u0113du (45,7 m) garumu \u0161is audekla rullis ir ide\u0101li piem\u0113rots visiem j\u016bsu lielajiem projektiem. Neatkar\u012bgi no t\u0101, vai t\u0101s ir k\u0101zas, ball\u012btes vai d\u0101rzkop\u012bba, jums b\u016bs daudz materi\u0101la \u0113rtai dekor\u0113\u0161anai bez ne\u0113rt\u0101m \u0161uv\u0113m. <\/li>\n<\/ul>","protected":false},"featured_media":347942,"comment_status":"closed","ping_status":"open","template":"","meta":{"om_disable_all_campaigns":false,"_monsterinsights_skip_tracking":false,"_monsterinsights_sitenote_active":false,"_monsterinsights_sitenote_note":"","_monsterinsights_sitenote_category":0,"_uf_show_specific_survey":0,"_uf_disable_surveys":false},"location":[1935,1934],"product_brand":[21],"product_cat":[4611,2370,2623,2622,2365],"product_tag":[],"class_list":{"0":"post-56393","1":"product","2":"type-product","3":"status-publish","4":"has-post-thumbnail","6":"location-supplier_stock_location","7":"location-local_stock_location","8":"product_brand-vevor","9":"product_cat-burlap-fabric-roll","10":"product_cat-garden-center","11":"product_cat-landscape-fabric-landscaping-supplies","12":"product_cat-landscaping-supplies","13":"product_cat-outdoors","15":"first","16":"instock","17":"taxable","18":"shipping-taxable","19":"purchasable","20":"product-type-simple"},"aioseo_notices":[],"jetpack_sharing_enabled":true,"locations":[{"id":1935,"name":"Pieg\u0101d\u0101ja noliktav\u0101 (5-7dd.d)","slug":"supplier_stock_location","quantity":"28"},{"id":1934,"name":"R\u012bgas veikal\u0101 (0-2d.d.)","slug":"local_stock_location","quantity":"0"}],"_links":{"self":[{"href":"https:\/\/vevorshop.lv\/lv\/wp-json\/wp\/v2\/product\/56393","targetHints":{"allow":["GET"]}}],"collection":[{"href":"https:\/\/vevorshop.lv\/lv\/wp-json\/wp\/v2\/product"}],"about":[{"href":"https:\/\/vevorshop.lv\/lv\/wp-json\/wp\/v2\/types\/product"}],"replies":[{"embeddable":true,"href":"https:\/\/vevorshop.lv\/lv\/wp-json\/wp\/v2\/comments?post=56393"}],"wp:featuredmedia":[{"embeddable":true,"href":"https:\/\/vevorshop.lv\/lv\/wp-json\/wp\/v2\/media\/347942"}],"wp:attachment":[{"href":"https:\/\/vevorshop.lv\/lv\/wp-json\/wp\/v2\/media?parent=56393"}],"wp:term":[{"taxonomy":"location","embeddable":true,"href":"https:\/\/vevorshop.lv\/lv\/wp-json\/wp\/v2\/location?post=56393"},{"taxonomy":"product_brand","embeddable":true,"href":"https:\/\/vevorshop.lv\/lv\/wp-json\/wp\/v2\/product_brand?post=56393"},{"taxonomy":"product_cat","embeddable":true,"href":"https:\/\/vevorshop.lv\/lv\/wp-json\/wp\/v2\/product_cat?post=56393"},{"taxonomy":"product_tag","embeddable":true,"href":"https:\/\/vevorshop.lv\/lv\/wp-json\/wp\/v2\/product_tag?post=56393"}],"curies":[{"name":"wp","href":"https:\/\/api.w.org\/{rel}","templated":true}]}}