{"id":56456,"date":"2024-11-20T05:59:58","date_gmt":"2024-11-20T05:59:58","guid":{"rendered":"http:\/\/vevorshop.edigo.lv\/Prece\/vevor-90w-co2-laser-tube-49-2-in-1250-mm-borosilicate-glass-laser-cutter-tube\/"},"modified":"2026-04-28T08:23:30","modified_gmt":"2026-04-28T05:23:30","slug":"vevor-90w-co2-laser-tube-49-2-in-1250-mm-borosilicate-glass-laser-cutter-tube","status":"publish","type":"product","link":"https:\/\/vevorshop.lv\/lv\/Prece\/vevor-90w-co2-lazera-caurule-49-2-in-1250-mm-borosilikata-stikla-lazera-griezeja-caurule\/","title":{"rendered":"VEVOR 90W CO2 l\u0101zera caurule, 1250 mm garums, 80 mm diametrs, borosilik\u0101ta stikls, 10 000h darb\u012bba grav\u0113\u0161anas un grie\u0161anas iek\u0101rt\u0101m"},"content":{"rendered":"<div style=\"color: #fff!important; font-size: 16px; height: 24px; line-height: 24px; margin-top: -24px; \" class=\"product_original_name\">VEVOR 90W CO2 l\u0101zera caurule, 49,2 collu (1250 mm) garums, 3,1 collu (80 mm) Dia Borosilicate stikla l\u0101zera griez\u0113ja caurule ar met\u0101la galvu, 10 000 h vadu iepriek\u0161 savienots l\u0101zera graviera grav\u0113\u0161anas grie\u0161anas ma\u0161\u012bnai<\/div>\n<div style=\"color: #fff!important; font-size: 16px; height: 24px; line-height: 24px; margin-top: -24px; \" class=\"product_sku\">M4I4MHY2<\/div>\n<div style=\"color: #fff!important; font-size: 16px; height: 24px; line-height: 24px; margin-top: -24px; \" class=\"product_mpn\">CO2JGG90W000YYZS2V9<\/div><div id=\"js-DM_at-goodDescRich\"><html><head><style>  body {    font-family: Arial;    line-height: 1.5;    color: #1c1c1c;    overflow-x: hidden;    margin: 0;    padding: 0;  }  .MsoNormal b {    font-weight: bolder;  }<\/style><style>  .container.small {    width: 970px;    margin: 0 auto;  }  .logo {    margin: 0 auto 0;  }  .logo img {    display: block;    margin: 0 auto;    max-width: 100%;  }  .logo .pc-banner {    display: block;    width: 1200px;    height: 247.4px;    margin: 0 auto;  }  .logo .pc-banner.small {    width: 970px;  }  .logo .pc-banner.small img {    height: auto!important;  }  .logo .m-banner {    display: none;  }  .ytvideo {    position: relative;    height: 546px;    width: 100%;    margin: 0 auto;  }  .ytvideo img {    width: 100%;    margin: 0 auto;  }  .ytvideo .play-btn {    width: 60px;    height: 42px;    position: absolute;    top: 50%;    left: 50%;    transform: translate(-50%, -50%);    background: url(\"data:image\/png;base64,iVBORw0KGgoAAAANSUhEUgAAAGQAAABGCAMAAAANWMFbAAAC+lBMVEUAAADBGB3kLCfBGB3kLCfcJC7BFx3KKSbiKybkLCbWJCPSIiLSIiLPICHAFx3kLCfgKSXNHiDZJiTIGx\/p4eHcjo7LHSDbJyTkLCbjKyfOHyHPIiL28fHJHB\/GGh7EGR7eKCXDGB3RISHlLSbBGB3AFxzGHB7DGB7BGB3hKybkKybAFx3lLCfAFxzDGR3hKibDGB7cJyTmz8\/elJTlwcHjurrUIyLlLSflLSfAFx3DGR7lLSfCFx3hKibhKibhKybjKybkLCblLSfbJSX49vbx7e3NNzjNMTLMJyjVIyLZf3\/ZQ0LaeHjx0tLgoqLkLCfCGB3HGx\/BGB3BFx3PICHCGB7WJCLOHyC\/Fxy\/Fx3lLCfQISHkLSe\/FxzbJiTBFx3FGx\/AGB7BFx3EGR7AGB3HHSDfKiXAFh3TISHYNzbhKibbJyTTIiL57e325+f039\/v2NjUV1fOHiHiqanfmprch4feKSXVIyPOICHmLibFGh\/mLSe\/Fx7XJCPeKSXXJSPNHyHaJyTGGh7lLCbmLCflLSjSIiLkLCbdKSXLHiC\/GB3KHh++Fh3lKyfoLiXcKCPkx8fYb2\/XaGfVXl3aU1LLHiDksbHgKibPICHbJyTfKSXbJyTCGB3KHSDiKybFGh7TIiL\/\/\/\/VIyPRISHIHB\/GGx\/HHB\/DGR7gKibdKCXLHiDZJiTMHiDNHyHYJSTOICHPICHWJCPcKCXXJSPjLCblLCf+\/f3NGR\/uLijzLynPGR\/IGB7WISHaIyLLGh7UAADxLynNAADRLzDbICLQAADIAAD3MCrUHSHXMTDpKSbLAADp5OTij4\/ejo\/VLy\/1LyngJSTcJCPQHx\/OHB7+\/PzaMS\/OLS\/vLijrLSjSAADaNTPwLyjkKSbNJCbYISHPHB\/KGB7WAAD7+vrn3d3aKynTKCjoLCfsKifRGh\/YAADq5+fhjo7QNDXXKCfmJyXt5+fTLzDLLi\/QKivYHRvMGBrQJCXLISPMExXLDxLaEAvkkI\/bOTfaFQ\/SCgpvLcnHAAAAmnRSTlMA+vv7+gT9Bvf9+8z8\/NSv\/Pr5+P7++vnQIBMP\/v38\/Pn348XDiCYf9OjbzcqxXVcx\/fz8+\/rj1r2poo1+fXFqX0orGP7+\/v7+\/fz8+\/r68uzn4trIxsG\/vri3p6GcmZSNbWVYUUZEPQv+\/f39+\/v7+\/v7+vr64tvV1NTTz87FtbSurqeblJKFg4B3bUY+NjL7+\/v7+\/v67t1cDo8JLQAABkRJREFUWMO0kz9rwkAYh0OIeJkum6YugUAhISCdKoj\/P4C7SMdS+gEKIhSKil10LSg4mzXkILdlEpxCpwTiWOLX6BujvQaEQuGeHLnL+\/64J+SIcKGYTYWnntpdLjrVdqvZmNdn0+EE40GtpuuWVS6Xx6N7YDSGpWXpeq02wHgynM7q80az1a52HpddtVcpsi1zFARBrdaxbhp9iUReTGmwA4KAAr7vx3EYejnCMI6hQYEgy0LQi4jUN0wL19vqFcUC9\/1dAKmEEFkWRYkh5oBejnxQJiSJPJ\/uKBp0Thszx9Mw8hMRIQjKsptCfuES9zr5WJY6vSFCIvE9fCMUmEM1A1kSXcYGxgVYsvI1IPKTZciSTI0us\/SMGG04gDzELDoFBwdcFJrF88dqgYMTiL6DILWYyfOWE8\/kIz38olCNlC03FK95+imxp6y4oUSvAnBjHHhKNtotSDqJzVFiK8c2SBqhZtsrTtgrLXwAyduxZHNE26eHUt5rtuM4WSmds3G+sUdWYo1L+XyxButoh5eKUHk5lByO3G1LqqCWVnfrv\/lyPtf\/4ps1cndNGIri8J1TJ0lx6dR\/oPjq1nbRwdp2dCk4CtIOLW3pVKRL6WZfS5vF2KkIQhpwSsjiYIgNCs1gEMGqiIq24NQX9NwoXFy8Ufrl3twTcg4fv8T9\/JBEySduj6Mjm4bMzYV7EEOxKjjoNDud7yY3Dy71Hq2oLmqfbNR723edH9PgMrNL2utoQ3VmaIDkiw\/4w51P06hlZsTZvkRrbVuSIs\/zwSOsycgzStQouoAkWQqioRT5XI7n2Z1wfVhoZmcAJLsoqjqpjbWCgpOAJXBwHK8PzWbNvoUZJND5wCnSkLAkZ1legx6vqQzjoiTahKlGUGLAiIIoABOHaNVw4sexZBym6\/HWlH5h3IC7yRbxtipcWxdTOkORKiNQAEkFf66x5S2oeRbroOlLgg0sSYkR0hRGEqJZ0jTPiQKatESdBckpWigxaapEH0lImHdWu9pUFF2XqMNM2Z4kped7IwEJw2qabwtrQqnpw6HyKkgcadKWsmpywwesDyIhYRpdzXddqegtGIJlXbAIUMOLkGxJUjRIkokwjUaX9d\/kK62ps\/tYUqZLIMkLTyBhsMZ3C5Z\/kDxOSCb\/DOs\/\/J0qcWSX\/2ipe56EgTCA4\/cB7NAYOsni4mZM1MUPAISoEwkDi4lhVBQ1cWQyIcwalw4EpqZN68JUSK7XC0kTlkLYii5uXSC8jT5ncCAS7mjCv0uHp\/3lueHEEAeQ\/\/VgmdN71\/2uCSA1Xr6DO6uI6sW56zqT2tp2PhgiRUAajV8CY2fkcz6WGNKMgLAt7tJAhD4YHMTeRxlALE6+43WqjSWi8ITxyJl8WrwWSNESQZZOqhDDntO3hJLsd5RtSpbJqdv3YrDJH3F7jL1R2O2aQkn2MyCyKYz0GPGIvSAMgBCrCEiJyKbBaYGwLW4uPRr0A0M4Ux5kUI7IBh+hMdiCEWNqhMZGyYMsOgNE58UQuEQeUnSWCMYwL54hkxK6IoqucQZbQ3pc3XtL0lky1dL0zZJJDpWJovFqpWj6JEHnyam2eQp5QRVAVHjWparTOaVwUOx99YS2MvgxIGV0bb+qIg2HX2qkFFJB+XZcbLiuRkuxD9GRroKyveLxdh4d7Orx+hb7qc3uVRuEogCOnyIxm4ubUoPgF4jianDrC+SDQDKEfJb0GUKmjCGPYHGJvVC6X4hw1\/sAfQAdfYyephIaspXe36RwOP+Ljvfx9B6B3i+Nk0DGq+oCbLn6JpBa9nWAveAIHwFAwtVcIJXPMPL8kRu5OAYPMaL1WScTxjiZDqB9LTJSWphow\/pTYKRTLjCBhvi9iBidvKcDasGSm0QQkycYuLBqj6QCELPctqChDWpTRMWkngNNpQ1Pfp1KkiT\/Y0DGffXAweUNfLAfaJFKDwhb6I+bkYRbkERoEeu3Fyjg2opMz2daZCS9jt6Q7txNfB+OZEVF6Zl5web2xunnLQrtrjXseXKaFYziYINeMFZVxS9VxRhOoesYwxPKXm+gWLG9cuFeq93UNNeJNsf1KlwuDok9n02n3TgIJpOxNfL9naIoQwXtfH9kjceTIIi709ncTg6LZbg+biLH1V6u\/7rxBem06VXKn9raAAAAAElFTkSuQmCC\")      no-repeat center center \/ contain;  }  @media screen and (max-width: 960px) and (orientation: portrait) {    .logo {      width: 100%;    }    .logo .pc-banner {      display: none;    }    .logo .m-banner {      display: block;      width: 100%;    }    .logo .m-banner img {      height: auto!important;    }    .ytvideo {      height: 200px;      width: 100%;    }  }<\/style><style>  .video-section {    width: 100%;    margin: 0 auto;  }  .video-section > img {    width: 100%;  }  .video-section iframe,  .video-section video {    width: 100%;    height: 100%;      }  .video-section-img-m,  .video-section-img-pc > img {    width: 100%;    height: auto;  }  .video-section-img-pc.small > img {    width: 970px;  }  .video-desc {    line-height: 1.5;    font-size: 20px;    font-weight: 400;    margin: 20px 0;    text-align: center;    color: #0f1111;    word-break: break-word;  }  @media screen and (max-width: 960px) and (orientation: portrait) {    .video-section {      width: 100%;    }    .video-section-pc,    .video-section-img-pc {      display: none;    }    .video-section-m,    .video-section-img-m {      display: block;    }    .video-desc {      font-size: 15px;    }  }  @media screen and (min-width: 960px) {    .video-section {      width: 100%;      margin: 0 auto;    }    .video-section-pc,    .video-section-img-pc {      display: block;    }    .video-section-m,    .video-section-img-m {      display: none;    }    .video-desc {      font-size: 20px;    }  }<\/style><style>  .section + .section {    margin-top: 35px;  }  .section-title {    text-align: center;    font-weight: bold;    color: #0d1111;    font-family: \"Arial\";    font-size: 32px;    margin: 15px 0;  }  .section-title:empty {    display: none;  }  .section-desc {    text-align: center;    font-weight: normal;    color: #0d1111;    margin-top: 20px;  }  .section-desc:empty {    display: none;  }  .section-img {    width: 1200px;    height: 492px;    margin: 0 auto;    display: block;  }  .section-img.small {    width: 970px;    height: auto;  }  .section-img.small > img {    height: auto;  }  .section-img > img {    width: 100%;    height: 100%;  }  .section-mobile-img {    display: none;    max-width: 100vw;    max-height: 75vw;    height: 450px;    margin: 0 auto;  }  .section-mobile-img > img {    width: 100%;    height: 100%;  }  @media screen and (max-width: 960px) and (orientation: portrait) {    .container {      width: 100%;    }    .container.small {      width: 100%;    }    .section-mobile-img {      display: block;    }    .section-img {      display: none;    }    .section-title {      font-size: 22px;      margin: 10px 0;    }    .section-desc {      margin-top: 10px;    }    .section + .section {      margin-top: 20px;    }  }<\/style><\/head><body><div class=\"container small\"><div class=\"logo\"><div class=\"pc-banner small\"><div><img decoding=\"async\" src=\"\/vevor\/vevor\/boutique-banner\/pc\/en-pc@1x.jpg\" style=\"width: 100%;\" \/><\/div><\/div><div class=\"m-banner\"><div><img decoding=\"async\" src=\"\/vevor\/vevor\/boutique-banner\/mobile\/en-m@1x.jpg\" style=\"width: 100%;\" \/><\/div><\/div><\/div><div class=\"section-title\">VEVOR 90W CO2 l\u0101zera caurule, 49,2 collu (1250 mm) garums<\/div><div class=\"video-section\"><div class=\"video-section-img-pc small\"><img decoding=\"async\" src=\"\/vevor\/product\/CO2JGG90W000YYZS2\/laser-tube-a100-1.4-pt.jpg\" \/><\/div><div class=\"video-section-img-m\"><img decoding=\"async\" src=\"\/vevor\/product\/CO2JGG90W000YYZS2\/laser-tube-a100-1.4-pt.jpg\" \/><\/div><div class=\"section-desc\">M\u016bsu CO2 l\u0101zera caurule nodro\u0161ina augstas precizit\u0101tes apstr\u0101di, izmantojot TEM00 re\u017e\u012bmu ar 0,16 \"-0,24\" (4-6 mm) staru k\u016b\u013ca vietas diametru.Ar 3,1 \"(80 mm) OD un herm\u0113tiski nosl\u0113gtu borsilik\u0101ta stikla korpusu tas ir sader\u012bgs ar da\u017e\u0101du z\u012bmolu l\u0101zergrav\u0113\u0161anas ma\u0161\u012bn\u0101m. Izbaudiet 10 000 stundu kalpo\u0161anas laiku!<\/div><\/div><div class=\"section\"><div class=\"section-title\"><\/div><div class=\"section-img small\"><img decoding=\"async\" src=\"\/vevor\/product\/CO2JGG90W000YYZS2\/laser-tube-a100-2.2-pt.jpg\" \/><\/div><div class=\"section-mobile-img\"><img decoding=\"async\" src=\"\/vevor\/product\/CO2JGG90W000YYZS2\/laser-tube-a100-2.2-pt.jpg\" \/><\/div><div class=\"section-desc\">Apr\u012bkots ar augstas kvalit\u0101tes l\u0113c\u0101m, kas lepojas ar vair\u0101k nek\u0101 98% gaismas caurlaid\u012bbas \u0101trumu, \u0161\u012b CO2 l\u0101zera caurule nodro\u0161ina vienm\u0113r\u012bgu gaismas sadal\u012bjumu.Izbaudiet krauk\u0161\u0137\u012bgas malas, vienm\u0113r\u012bgu dzi\u013cumu un gludas virsmas visiem saviem projektiem.<\/div><\/div><div class=\"section\"><div class=\"section-title\"><\/div><div class=\"section-img small\"><img decoding=\"async\" src=\"\/vevor\/product\/CO2JGG90W000YYZS2\/laser-tube-a100-2.3-pt.jpg\" \/><\/div><div class=\"section-mobile-img\"><img decoding=\"async\" src=\"\/vevor\/product\/CO2JGG90W000YYZS2\/laser-tube-a100-2.3-pt.jpg\" \/><\/div><div class=\"section-desc\">M\u016bsu CO2 l\u0101zergrie\u0161anas caurule, kas izgatavota no augst\u0101k\u0101s kvalit\u0101tes borsilik\u0101ta stikla, izce\u013cas ar augstu temperat\u016bras un spiediena iztur\u012bbu. Nosl\u0113gt\u0101 konstrukcija nodro\u0161ina, ka p\u0101rraides laik\u0101 nav g\u0101zes nopl\u016bdes, t\u0101d\u0113j\u0101di uzlabojot kop\u0113jo veiktsp\u0113ju.<\/div><\/div><div class=\"section\"><div class=\"section-title\"><\/div><div class=\"section-img small\"><img decoding=\"async\" src=\"\/vevor\/product\/CO2JGG90W000YYZS2\/laser-tube-a100-2.4-pt.jpg\" \/><\/div><div class=\"section-mobile-img\"><img decoding=\"async\" src=\"\/vevor\/product\/CO2JGG90W000YYZS2\/laser-tube-a100-2.4-pt.jpg\" \/><\/div><div class=\"section-desc\">Ide\u0101li piem\u0113rota da\u017e\u0101diem grav\u0113\u0161anas uzdevumiem, tostarp met\u0101la izk\u0101rtn\u0113m, kokapstr\u0101des amatniec\u012bbai un elektronisko komponentu mar\u0137\u0113\u0161anai, \u0161\u012b CO2 l\u0101zergrav\u0113\u0161anas iek\u0101rtas caurule atbilst smalkas apstr\u0101des un piel\u0101gotu dizainu pras\u012bb\u0101m da\u017e\u0101d\u0101s nozar\u0113s.<\/div><\/div><div class=\"section\"><div class=\"section-title\"><\/div><div class=\"section-img small\"><img decoding=\"async\" src=\"\/vevor\/product\/CO2JGG90W000YYZS2\/laser-tube-a100-2.5-pt.jpg\" \/><\/div><div class=\"section-mobile-img\"><img decoding=\"async\" src=\"\/vevor\/product\/CO2JGG90W000YYZS2\/laser-tube-a100-2.5-pt.jpg\" \/><\/div><div class=\"section-desc\">Lai ieg\u016btu optim\u0101lus grav\u0113\u0161anas rezult\u0101tus, l\u016bdzu, stingri iev\u0113rojiet m\u016bsu dzes\u0113\u0161anas \u016bdens vadl\u012bnijas (tostarp temperat\u016bru, tilpumu, t\u012br\u012bbu un burbu\u013cu kl\u0101tb\u016btni), lai uzlabotu grav\u0113\u0161anas pieredzi.<\/div><\/div><div class=\"section\"><div class=\"section-img small\"><img decoding=\"async\" src=\"\/vevor\/product\/CO2JGG90W000YYZS2\/laser-tube-a100-1.11-pt.jpg\" \/><\/div><div class=\"section-mobile-img\"><img decoding=\"async\" src=\"\/vevor\/product\/CO2JGG90W000YYZS2\/laser-tube-a100-1.11-pt.jpg\" \/><\/div><\/div><\/div><\/body><\/html><\/div>\n<div class=\"DM_at-title\" id=\"js-DM_at-title\"> <div>Produkta specifik\u0101cija<\/div> <i class=\"icon-arrowup_line\"><\/i> <\/div><div class=\"DM_at-goodsDescAttr\" id=\"js-DM_at-goodsDescAttr\"> <div class=\"DM_at-goodsDescAttrInner\"> <dl class=\"goodsDesc_item goodsDesc_item_even\"> <dt>Preces Mode\u013ca Numurs<\/dt> <dd> T90<\/dd> <\/dl> <dl class=\"goodsDesc_item\"> <dt>Iesl\u0113g\u0161anas spriegums<\/dt> <dd> 22KV<\/dd> <\/dl> <dl class=\"goodsDesc_item goodsDesc_item_even\"> <dt>Darba spriegums<\/dt> <dd> 15KV<\/dd> <\/dl> <dl class=\"goodsDesc_item\"> <dt>Ieteicam\u0101 darba str\u0101va<\/dt> <dd> 6\u201322 mA<\/dd> <\/dl> <dl class=\"goodsDesc_item goodsDesc_item_even\"> <dt>Faktisk\u0101 jauda<\/dt> <dd> \u226590 W<\/dd> <\/dl> <dl class=\"goodsDesc_item\"> <dt>Caurules garums<\/dt> <dd> 49,2 collas \/ 1250 mm<\/dd> <\/dl> <dl class=\"goodsDesc_item goodsDesc_item_even\"> <dt>Caurules \u0101r\u0113jais diametrs<\/dt> <dd> \u03a63,1 collas \/ \u03a680 mm<\/dd> <\/dl> <dl class=\"goodsDesc_item\"> <dt>L\u0101zera stara diametrs<\/dt> <dd> 0,16\u20130,24 collas \/ 4\u20136 mm<\/dd> <\/dl> <dl class=\"goodsDesc_item goodsDesc_item_even\"> <dt>Neto Svars<\/dt> <dd> 5,7 m\u0101rci\u0146as \/ 2,60 kg<\/dd> <\/dl> <dl class=\"goodsDesc_item\"> <dt>Produkta Izm\u0113ri<\/dt> <dd> 49,2 x 3,9 x 3,2 collas \/ 1250 x 98 x 80 mm<\/dd> <\/dl> <\/div> <\/div>","protected":false},"excerpt":{"rendered":"<ul>\n<li> TEM00 re\u017e\u012bms, prec\u012bza apstr\u0101de: Izbaudiet nep\u0101rsp\u0113jamu precizit\u0101ti ar m\u016bsu 90 W CO2 l\u0101zera lampu, kurai ir TEM00 re\u017e\u012bms gaismas punkta diametram 4\u20136 mm (0,16\u20130,24 collas). \u0160is augstas ener\u0123ijas bl\u012bvuma l\u0101zera stars nodro\u0161ina iev\u0113rojamu stabilit\u0101ti un precizit\u0101ti, \u013caujot jums tikt gal\u0101 ar sare\u017e\u0123\u012btiem dizainiem un detaliz\u0113tiem mar\u0137\u0113jumiem, kas atbilst augstiem l\u0101zerapstr\u0101des standartiem. <\/li>\n<li> Vienk\u0101r\u0161a sader\u012bba, nek\u0101du probl\u0113mu: \u0160\u012b CO2 l\u0101zera griez\u0113ja caurule, kuras garums ir 49,2 collas (1250 mm) un \u0101r\u0113jais diametrs 3,1 collas (80 mm), izstaro jaud\u012bgu vi\u013c\u0146a garumu 0,37\u20130,42 mil (9,3\u201310,6 \u03bcm). T\u0101s univers\u0101lais dizains padara to sader\u012bgu ar da\u017e\u0101du z\u012bmolu l\u0101zergrav\u0113\u0161anas iek\u0101rt\u0101m, nodro\u0161inot nepiecie\u0161amo veiktsp\u0113ju neatkar\u012bgi no iestat\u012bjumiem. <\/li>\n<li> Augsta iztur\u012bba gadiem ilgi: Izgatavota no augst\u0101k\u0101s kvalit\u0101tes borsilik\u0101ta stikla, m\u016bsu CO2 l\u0101zergrav\u0113\u0161anas apar\u0101ta rezerves caurule iztur augstu temperat\u016bru un spiedienu. Ar l\u0113cas caurlaid\u012bbas koeficientu virs 98% t\u0101 samazina gaismas zudumus, savuk\u0101rt nosl\u0113gt\u0101 konstrukcija nov\u0113r\u0161 g\u0101zes nopl\u016bdi p\u0101rraides laik\u0101. Izbaudiet stabilu darb\u012bbu ar 10\u00a0000 stundu kalpo\u0161anas laiku! <\/li>\n<li> Iepriek\u0161 sagatavots vadojums, uzst\u0101d\u012b\u0161ana da\u017eu min\u016b\u0161u laik\u0101: Atvadieties no sare\u017e\u0123\u012btiem iestat\u012bjumiem! M\u016bsu CO2 l\u0101zergrav\u0113\u0161anas iek\u0101rtas caurule, kas paredz\u0113ta \u0113rt\u012bbai, ir apr\u012bkota ar iepriek\u0161 pievienotiem vadiem, lai to b\u016btu viegli piestiprin\u0101t pie pozit\u012bvajiem un negat\u012bvajiem spail\u0113m. Ietaupiet savu d\u0101rgo laiku un nekav\u0113joties \u0137erieties pie saviem projektiem. <\/li>\n<li> Pla\u0161i izmantots da\u017e\u0101diem materi\u0101liem: \u0160\u012b CO2 l\u0101zergrav\u0113\u0161anas grie\u0161anas caurule ir ide\u0101li piem\u0113rota da\u017e\u0101du materi\u0101lu, tostarp met\u0101la, stikla, \u0101das, pap\u012bra, akmens un koka, grav\u0113\u0161anai, un t\u0101 lieliski noder t\u0101d\u0101s jom\u0101s k\u0101 rekl\u0101ma, iepakojums, rokdarbi un citur. Uzlabojiet to uz VEVOR CO2 l\u0101zera cauruli un atkl\u0101jiet jaunas precizit\u0101tes iesp\u0113jas neatkar\u012bgi no t\u0101, vai grie\u017eat, grav\u0113jat vai mar\u0137\u0113jat! <\/li>\n<\/ul>","protected":false},"featured_media":348290,"comment_status":"closed","ping_status":"open","template":"","meta":{"om_disable_all_campaigns":false,"_uf_show_specific_survey":0,"_uf_disable_surveys":false},"location":[1935,1934],"product_brand":[21],"product_cat":[2445,2446,2447,2691,4620],"product_tag":[],"class_list":{"0":"post-56456","1":"product","2":"type-product","3":"status-publish","4":"has-post-thumbnail","6":"location-supplier_stock_location","7":"location-local_stock_location","8":"product_brand-vevor","9":"product_cat-appliances","10":"product_cat-crafts-sewing","11":"product_cat-engraving-cutting","12":"product_cat-laser-engraving-machine-accessories","13":"product_cat-laser-tube-laser-engraving-machine-accessories","15":"first","16":"outofstock","17":"taxable","18":"shipping-taxable","19":"purchasable","20":"product-type-simple"},"aioseo_notices":[],"locations":[{"id":1935,"name":"Pieg\u0101d\u0101ja noliktav\u0101 (5-7dd.d)","slug":"supplier_stock_location","quantity":"0"},{"id":1934,"name":"R\u012bgas veikal\u0101 (0-2d.d.)","slug":"local_stock_location","quantity":"0"}],"_links":{"self":[{"href":"https:\/\/vevorshop.lv\/lv\/wp-json\/wp\/v2\/product\/56456","targetHints":{"allow":["GET"]}}],"collection":[{"href":"https:\/\/vevorshop.lv\/lv\/wp-json\/wp\/v2\/product"}],"about":[{"href":"https:\/\/vevorshop.lv\/lv\/wp-json\/wp\/v2\/types\/product"}],"replies":[{"embeddable":true,"href":"https:\/\/vevorshop.lv\/lv\/wp-json\/wp\/v2\/comments?post=56456"}],"wp:featuredmedia":[{"embeddable":true,"href":"https:\/\/vevorshop.lv\/lv\/wp-json\/wp\/v2\/media\/348290"}],"wp:attachment":[{"href":"https:\/\/vevorshop.lv\/lv\/wp-json\/wp\/v2\/media?parent=56456"}],"wp:term":[{"taxonomy":"location","embeddable":true,"href":"https:\/\/vevorshop.lv\/lv\/wp-json\/wp\/v2\/location?post=56456"},{"taxonomy":"product_brand","embeddable":true,"href":"https:\/\/vevorshop.lv\/lv\/wp-json\/wp\/v2\/product_brand?post=56456"},{"taxonomy":"product_cat","embeddable":true,"href":"https:\/\/vevorshop.lv\/lv\/wp-json\/wp\/v2\/product_cat?post=56456"},{"taxonomy":"product_tag","embeddable":true,"href":"https:\/\/vevorshop.lv\/lv\/wp-json\/wp\/v2\/product_tag?post=56456"}],"curies":[{"name":"wp","href":"https:\/\/api.w.org\/{rel}","templated":true}]}}