{"id":56476,"date":"2024-11-20T06:01:43","date_gmt":"2024-11-20T06:01:43","guid":{"rendered":"http:\/\/vevorshop.edigo.lv\/Prece\/vevor-magnetic-tiles-magnetic-building-toy-121-pcs-magnet-blocks-for-kids-3d-set\/"},"modified":"2026-04-29T05:16:30","modified_gmt":"2026-04-29T02:16:30","slug":"vevor-magnetic-tiles-magnetic-building-toy-121-pcs-magnet-blocks-for-kids-3d-set","status":"publish","type":"product","link":"https:\/\/vevorshop.lv\/lv\/Prece\/vevor-magnetiskas-plaksnes-magnetiska-celtniecibas-rotallieta-55-gab-magnetiskie-klucisi-berniem-3d-komplekts\/","title":{"rendered":"VEVOR 121 gab. magn\u0113tisko b\u016bvbloku komplekts ar auto b\u0101z\u0113m un ciparu kart\u012bt\u0113m, STEM rota\u013clieta b\u0113rniem no 3 gadiem"},"content":{"rendered":"<div style=\"color: #fff!important; font-size: 16px; height: 24px; line-height: 24px; margin-top: -24px; \" class=\"product_original_name\">VEVOR magn\u0113tisk\u0101s fl\u012bzes, 121 gab. Magn\u0113tiskie celtniec\u012bbas bloki b\u0113rniem, magn\u0113tu veido\u0161anas komplekts ar 2 automa\u0161\u012bnu pamatn\u0113m un 26 digit\u0101laj\u0101m kart\u0113m, STEM izgl\u012btojo\u0161as celtniec\u012bbas krau\u0161anas rota\u013clietas maziem b\u0113rniem z\u0113niem, kas vec\u0101ki par 5+ gadiem<\/div>\n<div style=\"color: #fff!important; font-size: 16px; height: 24px; line-height: 24px; margin-top: -24px; \" class=\"product_sku\">M4I4MI0S<\/div>\n<div style=\"color: #fff!important; font-size: 16px; height: 24px; line-height: 24px; margin-top: -24px; \" class=\"product_mpn\">JZKCLPJMTZDSYFDEWV0<\/div><div id=\"js-DM_at-goodDescRich\"><html><head><style>  body {    font-family: Arial;    line-height: 1.5;    color: #1c1c1c;    overflow-x: hidden;    margin: 0;    padding: 0;  }  .MsoNormal b {    font-weight: bolder;  }<\/style><style>  .container.small {    width: 970px;    margin: 0 auto;  }  .logo {    margin: 0 auto 0;  }  .logo img {    display: block;    margin: 0 auto;    max-width: 100%;  }  .logo .pc-banner {    display: block;    width: 1200px;    height: 247.4px;    margin: 0 auto;  }  .logo .pc-banner.small {    width: 970px;  }  .logo .pc-banner.small img {    height: auto!important;  }  .logo .m-banner {    display: none;  }  .ytvideo {    position: relative;    height: 546px;    width: 100%;    margin: 0 auto;  }  .ytvideo img {    width: 100%;    margin: 0 auto;  }  .ytvideo .play-btn {    width: 60px;    height: 42px;    position: absolute;    top: 50%;    left: 50%;    transform: translate(-50%, -50%);    background: url(\"data:image\/png;base64,iVBORw0KGgoAAAANSUhEUgAAAGQAAABGCAMAAAANWMFbAAAC+lBMVEUAAADBGB3kLCfBGB3kLCfcJC7BFx3KKSbiKybkLCbWJCPSIiLSIiLPICHAFx3kLCfgKSXNHiDZJiTIGx\/p4eHcjo7LHSDbJyTkLCbjKyfOHyHPIiL28fHJHB\/GGh7EGR7eKCXDGB3RISHlLSbBGB3AFxzGHB7DGB7BGB3hKybkKybAFx3lLCfAFxzDGR3hKibDGB7cJyTmz8\/elJTlwcHjurrUIyLlLSflLSfAFx3DGR7lLSfCFx3hKibhKibhKybjKybkLCblLSfbJSX49vbx7e3NNzjNMTLMJyjVIyLZf3\/ZQ0LaeHjx0tLgoqLkLCfCGB3HGx\/BGB3BFx3PICHCGB7WJCLOHyC\/Fxy\/Fx3lLCfQISHkLSe\/FxzbJiTBFx3FGx\/AGB7BFx3EGR7AGB3HHSDfKiXAFh3TISHYNzbhKibbJyTTIiL57e325+f039\/v2NjUV1fOHiHiqanfmprch4feKSXVIyPOICHmLibFGh\/mLSe\/Fx7XJCPeKSXXJSPNHyHaJyTGGh7lLCbmLCflLSjSIiLkLCbdKSXLHiC\/GB3KHh++Fh3lKyfoLiXcKCPkx8fYb2\/XaGfVXl3aU1LLHiDksbHgKibPICHbJyTfKSXbJyTCGB3KHSDiKybFGh7TIiL\/\/\/\/VIyPRISHIHB\/GGx\/HHB\/DGR7gKibdKCXLHiDZJiTMHiDNHyHYJSTOICHPICHWJCPcKCXXJSPjLCblLCf+\/f3NGR\/uLijzLynPGR\/IGB7WISHaIyLLGh7UAADxLynNAADRLzDbICLQAADIAAD3MCrUHSHXMTDpKSbLAADp5OTij4\/ejo\/VLy\/1LyngJSTcJCPQHx\/OHB7+\/PzaMS\/OLS\/vLijrLSjSAADaNTPwLyjkKSbNJCbYISHPHB\/KGB7WAAD7+vrn3d3aKynTKCjoLCfsKifRGh\/YAADq5+fhjo7QNDXXKCfmJyXt5+fTLzDLLi\/QKivYHRvMGBrQJCXLISPMExXLDxLaEAvkkI\/bOTfaFQ\/SCgpvLcnHAAAAmnRSTlMA+vv7+gT9Bvf9+8z8\/NSv\/Pr5+P7++vnQIBMP\/v38\/Pn348XDiCYf9OjbzcqxXVcx\/fz8+\/rj1r2poo1+fXFqX0orGP7+\/v7+\/fz8+\/r68uzn4trIxsG\/vri3p6GcmZSNbWVYUUZEPQv+\/f39+\/v7+\/v7+vr64tvV1NTTz87FtbSurqeblJKFg4B3bUY+NjL7+\/v7+\/v67t1cDo8JLQAABkRJREFUWMO0kz9rwkAYh0OIeJkum6YugUAhISCdKoj\/P4C7SMdS+gEKIhSKil10LSg4mzXkILdlEpxCpwTiWOLX6BujvQaEQuGeHLnL+\/64J+SIcKGYTYWnntpdLjrVdqvZmNdn0+EE40GtpuuWVS6Xx6N7YDSGpWXpeq02wHgynM7q80az1a52HpddtVcpsi1zFARBrdaxbhp9iUReTGmwA4KAAr7vx3EYejnCMI6hQYEgy0LQi4jUN0wL19vqFcUC9\/1dAKmEEFkWRYkh5oBejnxQJiSJPJ\/uKBp0Thszx9Mw8hMRIQjKsptCfuES9zr5WJY6vSFCIvE9fCMUmEM1A1kSXcYGxgVYsvI1IPKTZciSTI0us\/SMGG04gDzELDoFBwdcFJrF88dqgYMTiL6DILWYyfOWE8\/kIz38olCNlC03FK95+imxp6y4oUSvAnBjHHhKNtotSDqJzVFiK8c2SBqhZtsrTtgrLXwAyduxZHNE26eHUt5rtuM4WSmds3G+sUdWYo1L+XyxButoh5eKUHk5lByO3G1LqqCWVnfrv\/lyPtf\/4ps1cndNGIri8J1TJ0lx6dR\/oPjq1nbRwdp2dCk4CtIOLW3pVKRL6WZfS5vF2KkIQhpwSsjiYIgNCs1gEMGqiIq24NQX9NwoXFy8Ufrl3twTcg4fv8T9\/JBEySduj6Mjm4bMzYV7EEOxKjjoNDud7yY3Dy71Hq2oLmqfbNR723edH9PgMrNL2utoQ3VmaIDkiw\/4w51P06hlZsTZvkRrbVuSIs\/zwSOsycgzStQouoAkWQqioRT5XI7n2Z1wfVhoZmcAJLsoqjqpjbWCgpOAJXBwHK8PzWbNvoUZJND5wCnSkLAkZ1legx6vqQzjoiTahKlGUGLAiIIoABOHaNVw4sexZBym6\/HWlH5h3IC7yRbxtipcWxdTOkORKiNQAEkFf66x5S2oeRbroOlLgg0sSYkR0hRGEqJZ0jTPiQKatESdBckpWigxaapEH0lImHdWu9pUFF2XqMNM2Z4kped7IwEJw2qabwtrQqnpw6HyKkgcadKWsmpywwesDyIhYRpdzXddqegtGIJlXbAIUMOLkGxJUjRIkokwjUaX9d\/kK62ps\/tYUqZLIMkLTyBhsMZ3C5Z\/kDxOSCb\/DOs\/\/J0qcWSX\/2ipe56EgTCA4\/cB7NAYOsni4mZM1MUPAISoEwkDi4lhVBQ1cWQyIcwalw4EpqZN68JUSK7XC0kTlkLYii5uXSC8jT5ncCAS7mjCv0uHp\/3lueHEEAeQ\/\/VgmdN71\/2uCSA1Xr6DO6uI6sW56zqT2tp2PhgiRUAajV8CY2fkcz6WGNKMgLAt7tJAhD4YHMTeRxlALE6+43WqjSWi8ITxyJl8WrwWSNESQZZOqhDDntO3hJLsd5RtSpbJqdv3YrDJH3F7jL1R2O2aQkn2MyCyKYz0GPGIvSAMgBCrCEiJyKbBaYGwLW4uPRr0A0M4Ux5kUI7IBh+hMdiCEWNqhMZGyYMsOgNE58UQuEQeUnSWCMYwL54hkxK6IoqucQZbQ3pc3XtL0lky1dL0zZJJDpWJovFqpWj6JEHnyam2eQp5QRVAVHjWparTOaVwUOx99YS2MvgxIGV0bb+qIg2HX2qkFFJB+XZcbLiuRkuxD9GRroKyveLxdh4d7Orx+hb7qc3uVRuEogCOnyIxm4ubUoPgF4jianDrC+SDQDKEfJb0GUKmjCGPYHGJvVC6X4hw1\/sAfQAdfYyephIaspXe36RwOP+Ljvfx9B6B3i+Nk0DGq+oCbLn6JpBa9nWAveAIHwFAwtVcIJXPMPL8kRu5OAYPMaL1WScTxjiZDqB9LTJSWphow\/pTYKRTLjCBhvi9iBidvKcDasGSm0QQkycYuLBqj6QCELPctqChDWpTRMWkngNNpQ1Pfp1KkiT\/Y0DGffXAweUNfLAfaJFKDwhb6I+bkYRbkERoEeu3Fyjg2opMz2daZCS9jt6Q7txNfB+OZEVF6Zl5web2xunnLQrtrjXseXKaFYziYINeMFZVxS9VxRhOoesYwxPKXm+gWLG9cuFeq93UNNeJNsf1KlwuDok9n02n3TgIJpOxNfL9naIoQwXtfH9kjceTIIi709ncTg6LZbg+biLH1V6u\/7rxBem06VXKn9raAAAAAElFTkSuQmCC\")      no-repeat center center \/ contain;  }  @media screen and (max-width: 960px) and (orientation: portrait) {    .logo {      width: 100%;    }    .logo .pc-banner {      display: none;    }    .logo .m-banner {      display: block;      width: 100%;    }    .logo .m-banner img {      height: auto!important;    }    .ytvideo {      height: 200px;      width: 100%;    }  }<\/style><style>  .video-section {    width: 100%;    margin: 0 auto;  }  .video-section > img {    width: 100%;  }  .video-section iframe,  .video-section video {    width: 100%;    height: 100%;      }  .video-section-img-m,  .video-section-img-pc > img {    width: 100%;    height: auto;  }  .video-section-img-pc.small > img {    width: 970px;  }  .video-desc {    line-height: 1.5;    font-size: 20px;    font-weight: 400;    margin: 20px 0;    text-align: center;    color: #0f1111;    word-break: break-word;  }  @media screen and (max-width: 960px) and (orientation: portrait) {    .video-section {      width: 100%;    }    .video-section-pc,    .video-section-img-pc {      display: none;    }    .video-section-m,    .video-section-img-m {      display: block;    }    .video-desc {      font-size: 15px;    }  }  @media screen and (min-width: 960px) {    .video-section {      width: 100%;      margin: 0 auto;    }    .video-section-pc,    .video-section-img-pc {      display: block;    }    .video-section-m,    .video-section-img-m {      display: none;    }    .video-desc {      font-size: 20px;    }  }<\/style><style>  .section + .section {    margin-top: 35px;  }  .section-title {    text-align: center;    font-weight: bold;    color: #0d1111;    font-family: \"Arial\";    font-size: 32px;    margin: 15px 0;  }  .section-title:empty {    display: none;  }  .section-desc {    text-align: center;    font-weight: normal;    color: #0d1111;    margin-top: 20px;  }  .section-desc:empty {    display: none;  }  .section-img {    width: 1200px;    height: 492px;    margin: 0 auto;    display: block;  }  .section-img.small {    width: 970px;    height: auto;  }  .section-img.small > img {    height: auto;  }  .section-img > img {    width: 100%;    height: 100%;  }  .section-mobile-img {    display: none;    max-width: 100vw;    max-height: 75vw;    height: 450px;    margin: 0 auto;  }  .section-mobile-img > img {    width: 100%;    height: 100%;  }  @media screen and (max-width: 960px) and (orientation: portrait) {    .container {      width: 100%;    }    .container.small {      width: 100%;    }    .section-mobile-img {      display: block;    }    .section-img {      display: none;    }    .section-title {      font-size: 22px;      margin: 10px 0;    }    .section-desc {      margin-top: 10px;    }    .section + .section {      margin-top: 20px;    }  }<\/style><\/head><body><div class=\"container small\"><div class=\"logo\"><div class=\"pc-banner small\"><div><img decoding=\"async\" src=\"\/vevor\/vevor\/boutique-banner\/pc\/en-pc@1x.jpg\" style=\"width: 100%;\" \/><\/div><\/div><div class=\"m-banner\"><div><img decoding=\"async\" src=\"\/vevor\/vevor\/boutique-banner\/mobile\/en-m@1x.jpg\" style=\"width: 100%;\" \/><\/div><\/div><\/div><div class=\"section-title\">VEVOR magn\u0113tisk\u0101s fl\u012bzes \u2013 atbr\u012bvojiet b\u0113rna rado\u0161umu<\/div><div class=\"video-section\"><div class=\"video-section-img-pc small\"><img decoding=\"async\" src=\"\/vevor\/product\/JZKCLPJMTZDSYFDEW\/magnetic-tiles-a100-1.4-pt.jpg\" \/><\/div><div class=\"video-section-img-m\"><img decoding=\"async\" src=\"\/vevor\/product\/JZKCLPJMTZDSYFDEW\/magnetic-tiles-a100-1.4-pt.jpg\" \/><\/div><div class=\"section-desc\">\u0160\u012bs magn\u0113tisk\u0101s fl\u012bzes ir izgatavotas no dro\u0161iem un iztur\u012bgiem materi\u0101liem ar sp\u0113c\u012bg\u0101kiem magn\u0113tiem, \u013caujot b\u0113rniem viegli izveidot da\u017e\u0101das formas un strukt\u016bras. \u0160is komplekts ir lieliski piem\u0113rots formu, kr\u0101su, kombin\u0101ciju un pamata b\u016bv\u0113\u0161anas prasmju apguvei, sniedzot nebeidzamas jautr\u012bbas un iesp\u0113jas.<\/div><\/div><div class=\"section\"><div class=\"section-title\"><\/div><div class=\"section-img small\"><img decoding=\"async\" src=\"\/vevor\/product\/JZKCLPJMTZDSYFDEW\/magnetic-tiles-a100-2.2-pt.jpg\" \/><\/div><div class=\"section-mobile-img\"><img decoding=\"async\" src=\"\/vevor\/product\/JZKCLPJMTZDSYFDEW\/magnetic-tiles-a100-2.2-pt.jpg\" \/><\/div><div class=\"section-desc\">M\u016bsu magn\u0113tu b\u016bv\u0113\u0161anas fl\u012bzes ir paredz\u0113tas stund\u0101m ilgai nep\u0101rtrauktai sp\u0113l\u0113\u0161anai, un t\u0101m ir sp\u0113c\u012bgi magn\u0113ti, kas visu dro\u0161i notur sav\u0101 viet\u0101. Neatkar\u012bgi no t\u0101, vai tiek celti augsti tor\u0146i vai sare\u017e\u0123\u012btas konstrukcijas, b\u0113rni var sp\u0113l\u0113ties p\u0101rliecino\u0161i, zinot, ka vi\u0146u rad\u012btie elementi paliks stabili.<\/div><\/div><div class=\"section\"><div class=\"section-title\"><\/div><div class=\"section-img small\"><img decoding=\"async\" src=\"\/vevor\/product\/JZKCLPJMTZDSYFDEW\/magnetic-tiles-a100-2.3-pt.jpg\" \/><\/div><div class=\"section-mobile-img\"><img decoding=\"async\" src=\"\/vevor\/product\/JZKCLPJMTZDSYFDEW\/magnetic-tiles-a100-2.3-pt.jpg\" \/><\/div><div class=\"section-desc\">Izgatavotas no augstas kvalit\u0101tes ABS materi\u0101la, \u0161\u012bs magn\u0113tisk\u0101s celtniec\u012bbas fl\u012bzes ir dro\u0161as un iztur\u012bgas.Bez l\u012bmviel\u0101m t\u0101s ir vesel\u012bbai draudz\u012bgas un nekait\u012bgas.Gludas virsmas un noapa\u013cotas malas nodro\u0161ina dro\u0161u sp\u0113li, t\u0101p\u0113c b\u0113rni var izklaid\u0113ties bez raiz\u0113m.<\/div><\/div><div class=\"section\"><div class=\"section-title\"><\/div><div class=\"section-img small\"><img decoding=\"async\" src=\"\/vevor\/product\/JZKCLPJMTZDSYFDEW\/magnetic-tiles-a100-2.4-pt.jpg\" \/><\/div><div class=\"section-mobile-img\"><img decoding=\"async\" src=\"\/vevor\/product\/JZKCLPJMTZDSYFDEW\/magnetic-tiles-a100-2.4-pt.jpg\" \/><\/div><div class=\"section-desc\">\u0160is b\u0113rnu magn\u0113tisko fl\u012b\u017eu komplekts ar augst\u0101k\u0101s kvalit\u0101tes aukli\u0146u Oksfordas somu padara t\u012br\u012b\u0161anu un uzglab\u0101\u0161anu vieglu. Viengabala dizains nov\u0113r\u0161 gabalu izkri\u0161anu, un tas ir mazg\u0101jams, padarot apkopi vienk\u0101r\u0161u aiz\u0146emtiem vec\u0101kiem.<\/div><\/div><div class=\"section\"><div class=\"section-title\"><\/div><div class=\"section-img small\"><img decoding=\"async\" src=\"\/vevor\/product\/JZKCLPJMTZDSYFDEW\/magnetic-tiles-a100-2.5-pt.jpg\" \/><\/div><div class=\"section-mobile-img\"><img decoding=\"async\" src=\"\/vevor\/product\/JZKCLPJMTZDSYFDEW\/magnetic-tiles-a100-2.5-pt.jpg\" \/><\/div><div class=\"section-desc\">B\u0113rniem patiks m\u016bsu magn\u0113tisko fl\u012b\u017eu komplekts, kas ir lieliski piem\u0113rots m\u0101j\u0101m, skol\u0101m un b\u0113rnud\u0101rziem. Tas veicina lo\u0123isko dom\u0101\u0161anu, probl\u0113mu risin\u0101\u0161anu un soci\u0101l\u0101s prasmes, padarot to par gudru izv\u0113li rota\u013c\u0101m un br\u012bni\u0161\u0137\u012bgu d\u0101vanu.<\/div><\/div><div class=\"section\"><div class=\"section-img small\"><img decoding=\"async\" src=\"\/vevor\/product\/JZKCLPJMTZDSYFDEW\/magnetic-tiles-a100-1.11-pt.jpg\" \/><\/div><div class=\"section-mobile-img\"><img decoding=\"async\" src=\"\/vevor\/product\/JZKCLPJMTZDSYFDEW\/magnetic-tiles-a100-1.11-pt.jpg\" \/><\/div><\/div><\/div><\/body><\/html><\/div>\n<div class=\"DM_at-title\" id=\"js-DM_at-title\"> <div>Produkta specifik\u0101cija<\/div> <i class=\"icon-arrowup_line\"><\/i> <\/div><div class=\"DM_at-goodsDescAttr\" id=\"js-DM_at-goodsDescAttr\"> <div class=\"DM_at-goodsDescAttrInner\"> <dl class=\"goodsDesc_item goodsDesc_item_even\"> <dt>Preces Mode\u013ca Numurs<\/dt> <dd> 121CXJM3<\/dd> <\/dl> <dl class=\"goodsDesc_item\"> <dt>Magn\u0113ti<\/dt> <dd> Fer\u012bts<\/dd> <\/dl> <dl class=\"goodsDesc_item goodsDesc_item_even\"> <dt>Mont\u0101\u017eas metode<\/dt> <dd> Ultraska\u0146as metin\u0101\u0161ana<\/dd> <\/dl> <dl class=\"goodsDesc_item\"> <dt>Kop\u0113jais gabalu skaits<\/dt> <dd> 121 gab.<\/dd> <\/dl> <dl class=\"goodsDesc_item goodsDesc_item_even\"> <dt>Magn\u0113tisko fl\u012b\u017eu skaits<\/dt> <dd> 93 GAB<\/dd> <\/dl> <dl class=\"goodsDesc_item\"> <dt>Uzglab\u0101\u0161anas soma<\/dt> <dd> Oran\u017ea Oksfordas aukli\u0146as soma<\/dd> <\/dl> <dl class=\"goodsDesc_item goodsDesc_item_even\"> <dt>Materi\u0101ls<\/dt> <dd> Plastmasa + fer\u012bts<\/dd> <\/dl> <dl class=\"goodsDesc_item\"> <dt>Produkta Svars<\/dt> <dd> 5,51 m\u0101rci\u0146as\/2,5 kg<\/dd> <\/dl> <dl class=\"goodsDesc_item goodsDesc_item_even\"> <dt>Maksim\u0101lais produkta izm\u0113rs<\/dt> <dd> 7,87 x 2,95 x 1,77 collas\/200 x 75 x 45 mm<\/dd> <\/dl> <\/div> <\/div>","protected":false},"excerpt":{"rendered":"<ul>\n<li> 121 deta\u013cas mega iepakojums: Atbr\u012bvojiet sava b\u0113rna rado\u0161umu ar VEVOR magn\u0113tisko fl\u012b\u017eu komplektu! \u0160aj\u0101 aizraujo\u0161aj\u0101 komplekt\u0101 ir 121 magn\u0113tiska deta\u013ca \u2014 22 kvadr\u0101ti, 6 taisnle\u0146\u0137a trijst\u016bri un 30 vien\u0101dmalu trijst\u016bri \u2014, kas ir lieliski piem\u0113roti augstu konstrukciju, \u0113ku un iztur\u012bgu pi\u013cu celtniec\u012bbai. Turkl\u0101t komplekt\u0101 ietilpst \u0113rta neilona soma ar aukli\u0146u \u0113rtai ce\u013co\u0161anai. <\/li>\n<li> Bezgal\u012bga jautr\u012bba: M\u016bsu magn\u0113tisko b\u016bv\u0113\u0161anas fl\u012b\u017eu komplekt\u0101 tagad ir iek\u013cautas 2 automa\u0161\u012bnu pamatnes un 26 digit\u0101l\u0101s kart\u012btes, kas uzlabo sp\u0113l\u0113\u0161an\u0101s pieredzi! \u0160ie papildin\u0101jumi ne tikai veicina rado\u0161o dom\u0101\u0161anu un izt\u0113li, bet ar\u012b padara probl\u0113mu risin\u0101\u0161anas prasmju apguvi pat\u012bkamu. B\u0113rniem patiks izp\u0113t\u012bt kr\u0101sain\u0101s magn\u0113tisk\u0101s deta\u013cas, kas sola bezgal\u012bgu jautr\u012bbu. <\/li>\n<li> Daudzpus\u012bga sader\u012bba: \u0160is magn\u0113tisko b\u016bvfl\u012b\u017eu komplekts viegli savienojas ar liel\u0101ko da\u013cu z\u012bmolu (tikai saska\u0146ojot izm\u0113rus), lai rad\u012btu bezgal\u012bgas b\u016bv\u0113\u0161anas iesp\u0113jas \u2014 iedom\u0101jieties m\u0101jas, ciparus, bumbi\u0146as, ziedus un pilis! Tas ir izstr\u0101d\u0101ts, lai rosin\u0101tu rado\u0161umu un atbalst\u012btu j\u016bsu b\u0113rna smadze\u0146u att\u012bst\u012bbu un praktisk\u0101s prasmes. <\/li>\n<li> Dro\u0161\u012bba un iztur\u012bba: Izgatavots no nekait\u012bgas, p\u0101rtikas kvalit\u0101tes ABS plastmasas, m\u016bsu magn\u0113ta fl\u012bzes ir dro\u0161as b\u0113rniem Gludas virsmas un noapa\u013cotas malas nodro\u0161ina, ka maz\u0101s rokas paliek dro\u0161as, kam\u0113r ultraska\u0146as metin\u0101\u0161ana dro\u0161i notur magn\u0113tus iek\u0161pus\u0113 Iek\u0161\u0113j\u0101 strukt\u016bra uzlabo fl\u012b\u017eu stabilit\u0101ti un samazina l\u016bzuma risku, nodro\u0161inot ilgsto\u0161u lieto\u0161anu. <\/li>\n<li> Lieliska d\u0101vanas ideja: \u0160is b\u0113rnu magn\u0113tisko fl\u012b\u017eu komplekts ir lieliski piem\u0113rots izklaidei telp\u0101s, ce\u013cojumiem (piem\u0113ram, kempingam) un klas\u0113m, un t\u0101 ir fantastiska d\u0101vana B\u0113rnu dien\u0101, dzim\u0161anas dien\u0101s un Ziemassv\u0113tkos! Ide\u0101li piem\u0113rots b\u0113rniem no 3 gadu vecuma, tas ir br\u012bni\u0161\u0137\u012bgs veids, k\u0101 rad\u012bt palieko\u0161as atmi\u0146as kop\u0101 ar \u0123imeni un draugiem. <\/li>\n<\/ul>","protected":false},"featured_media":348362,"comment_status":"closed","ping_status":"open","template":"","meta":{"om_disable_all_campaigns":false,"_uf_show_specific_survey":0,"_uf_disable_surveys":false},"location":[1935,1934],"product_brand":[21],"product_cat":[4618,4617,2490,4619,2378],"product_tag":[],"class_list":{"0":"post-56476","1":"product","2":"type-product","3":"status-publish","4":"has-post-thumbnail","6":"location-supplier_stock_location","7":"location-local_stock_location","8":"product_brand-vevor","9":"product_cat-building-construction-toys","10":"product_cat-kids-handmade-toys","11":"product_cat-kids-toys","12":"product_cat-magnets-building-tiles","13":"product_cat-sports-outdoors","15":"first","16":"outofstock","17":"taxable","18":"shipping-taxable","19":"purchasable","20":"product-type-simple"},"aioseo_notices":[],"locations":[{"id":1935,"name":"Pieg\u0101d\u0101ja noliktav\u0101 (5-7dd.d)","slug":"supplier_stock_location","quantity":"0"},{"id":1934,"name":"R\u012bgas veikal\u0101 (0-2d.d.)","slug":"local_stock_location","quantity":"0"}],"_links":{"self":[{"href":"https:\/\/vevorshop.lv\/lv\/wp-json\/wp\/v2\/product\/56476","targetHints":{"allow":["GET"]}}],"collection":[{"href":"https:\/\/vevorshop.lv\/lv\/wp-json\/wp\/v2\/product"}],"about":[{"href":"https:\/\/vevorshop.lv\/lv\/wp-json\/wp\/v2\/types\/product"}],"replies":[{"embeddable":true,"href":"https:\/\/vevorshop.lv\/lv\/wp-json\/wp\/v2\/comments?post=56476"}],"wp:featuredmedia":[{"embeddable":true,"href":"https:\/\/vevorshop.lv\/lv\/wp-json\/wp\/v2\/media\/348362"}],"wp:attachment":[{"href":"https:\/\/vevorshop.lv\/lv\/wp-json\/wp\/v2\/media?parent=56476"}],"wp:term":[{"taxonomy":"location","embeddable":true,"href":"https:\/\/vevorshop.lv\/lv\/wp-json\/wp\/v2\/location?post=56476"},{"taxonomy":"product_brand","embeddable":true,"href":"https:\/\/vevorshop.lv\/lv\/wp-json\/wp\/v2\/product_brand?post=56476"},{"taxonomy":"product_cat","embeddable":true,"href":"https:\/\/vevorshop.lv\/lv\/wp-json\/wp\/v2\/product_cat?post=56476"},{"taxonomy":"product_tag","embeddable":true,"href":"https:\/\/vevorshop.lv\/lv\/wp-json\/wp\/v2\/product_tag?post=56476"}],"curies":[{"name":"wp","href":"https:\/\/api.w.org\/{rel}","templated":true}]}}