{"id":56679,"date":"2024-11-20T06:28:27","date_gmt":"2024-11-20T06:28:27","guid":{"rendered":"http:\/\/vevorshop.edigo.lv\/Prece\/vevor-self-regulating-pipe-heating-cable-36-6m-16-4w-m-heat-tape-with-thermostat\/"},"modified":"2026-04-19T22:42:49","modified_gmt":"2026-04-19T19:42:49","slug":"vevor-self-regulating-pipe-heating-cable-36-6m-16-4w-m-heat-tape-with-thermostat","status":"publish","type":"product","link":"https:\/\/vevorshop.lv\/lv\/Prece\/vevor-pasregulejoss-caurulu-apsildes-kabelis-36-6m-16-4w-m-siltuma-lente-ar-termostatu\/","title":{"rendered":"VEVOR 36,6m pa\u0161regul\u0113jo\u0161s cauru\u013cu sildkabelis 16,4W\/m ar termostatu \u2013 aizsardz\u012bba pret sasal\u0161anu met\u0101la, PVC un plastmasas caurul\u0113m"},"content":{"rendered":"<div style=\"color: #fff!important; font-size: 16px; height: 24px; line-height: 24px; margin-top: -24px; \" class=\"product_original_name\">VEVOR pa\u0161regul\u0113jo\u0161s cauru\u013cu sild\u012b\u0161anas kabelis, 36,6 m 16,4 W\/m siltuma lente cauru\u013cu aizsardz\u012bbai pret sasal\u0161anu, \u016bdens cauru\u013cu siltuma kabelis ar ieb\u016bv\u0113tu termostatu aizsarg\u0101 PVC \u0161\u013c\u016bteni, met\u0101la un plastmasas cauruli no sasal\u0161anas<\/div>\n<div style=\"color: #fff!important; font-size: 16px; height: 24px; line-height: 24px; margin-top: -24px; \" class=\"product_sku\">M4I4MIY8<\/div>\n<div style=\"color: #fff!important; font-size: 16px; height: 24px; line-height: 24px; margin-top: -24px; \" class=\"product_mpn\">ZDWGDJRDLDGWQ7X0ZV2<\/div><div id=\"js-DM_at-goodDescRich\"><html><head><style>  body {    font-family: Arial;    line-height: 1.5;    color: #1c1c1c;    overflow-x: hidden;    margin: 0;    padding: 0;  }  .MsoNormal b {    font-weight: bolder;  }<\/style><style>  .container.small {    width: 970px;    margin: 0 auto;  }  .logo {    margin: 0 auto 0;  }  .logo img {    display: block;    margin: 0 auto;    max-width: 100%;  }  .logo .pc-banner {    display: block;    width: 1200px;    height: 247.4px;    margin: 0 auto;  }  .logo .pc-banner.small {    width: 970px;  }  .logo .pc-banner.small img {    height: auto!important;  }  .logo .m-banner {    display: none;  }  .ytvideo {    position: relative;    height: 546px;    width: 100%;    margin: 0 auto;  }  .ytvideo img {    width: 100%;    margin: 0 auto;  }  .ytvideo .play-btn {    width: 60px;    height: 42px;    position: absolute;    top: 50%;    left: 50%;    transform: translate(-50%, -50%);    background: url(\"data:image\/png;base64,iVBORw0KGgoAAAANSUhEUgAAAGQAAABGCAMAAAANWMFbAAAC+lBMVEUAAADBGB3kLCfBGB3kLCfcJC7BFx3KKSbiKybkLCbWJCPSIiLSIiLPICHAFx3kLCfgKSXNHiDZJiTIGx\/p4eHcjo7LHSDbJyTkLCbjKyfOHyHPIiL28fHJHB\/GGh7EGR7eKCXDGB3RISHlLSbBGB3AFxzGHB7DGB7BGB3hKybkKybAFx3lLCfAFxzDGR3hKibDGB7cJyTmz8\/elJTlwcHjurrUIyLlLSflLSfAFx3DGR7lLSfCFx3hKibhKibhKybjKybkLCblLSfbJSX49vbx7e3NNzjNMTLMJyjVIyLZf3\/ZQ0LaeHjx0tLgoqLkLCfCGB3HGx\/BGB3BFx3PICHCGB7WJCLOHyC\/Fxy\/Fx3lLCfQISHkLSe\/FxzbJiTBFx3FGx\/AGB7BFx3EGR7AGB3HHSDfKiXAFh3TISHYNzbhKibbJyTTIiL57e325+f039\/v2NjUV1fOHiHiqanfmprch4feKSXVIyPOICHmLibFGh\/mLSe\/Fx7XJCPeKSXXJSPNHyHaJyTGGh7lLCbmLCflLSjSIiLkLCbdKSXLHiC\/GB3KHh++Fh3lKyfoLiXcKCPkx8fYb2\/XaGfVXl3aU1LLHiDksbHgKibPICHbJyTfKSXbJyTCGB3KHSDiKybFGh7TIiL\/\/\/\/VIyPRISHIHB\/GGx\/HHB\/DGR7gKibdKCXLHiDZJiTMHiDNHyHYJSTOICHPICHWJCPcKCXXJSPjLCblLCf+\/f3NGR\/uLijzLynPGR\/IGB7WISHaIyLLGh7UAADxLynNAADRLzDbICLQAADIAAD3MCrUHSHXMTDpKSbLAADp5OTij4\/ejo\/VLy\/1LyngJSTcJCPQHx\/OHB7+\/PzaMS\/OLS\/vLijrLSjSAADaNTPwLyjkKSbNJCbYISHPHB\/KGB7WAAD7+vrn3d3aKynTKCjoLCfsKifRGh\/YAADq5+fhjo7QNDXXKCfmJyXt5+fTLzDLLi\/QKivYHRvMGBrQJCXLISPMExXLDxLaEAvkkI\/bOTfaFQ\/SCgpvLcnHAAAAmnRSTlMA+vv7+gT9Bvf9+8z8\/NSv\/Pr5+P7++vnQIBMP\/v38\/Pn348XDiCYf9OjbzcqxXVcx\/fz8+\/rj1r2poo1+fXFqX0orGP7+\/v7+\/fz8+\/r68uzn4trIxsG\/vri3p6GcmZSNbWVYUUZEPQv+\/f39+\/v7+\/v7+vr64tvV1NTTz87FtbSurqeblJKFg4B3bUY+NjL7+\/v7+\/v67t1cDo8JLQAABkRJREFUWMO0kz9rwkAYh0OIeJkum6YugUAhISCdKoj\/P4C7SMdS+gEKIhSKil10LSg4mzXkILdlEpxCpwTiWOLX6BujvQaEQuGeHLnL+\/64J+SIcKGYTYWnntpdLjrVdqvZmNdn0+EE40GtpuuWVS6Xx6N7YDSGpWXpeq02wHgynM7q80az1a52HpddtVcpsi1zFARBrdaxbhp9iUReTGmwA4KAAr7vx3EYejnCMI6hQYEgy0LQi4jUN0wL19vqFcUC9\/1dAKmEEFkWRYkh5oBejnxQJiSJPJ\/uKBp0Thszx9Mw8hMRIQjKsptCfuES9zr5WJY6vSFCIvE9fCMUmEM1A1kSXcYGxgVYsvI1IPKTZciSTI0us\/SMGG04gDzELDoFBwdcFJrF88dqgYMTiL6DILWYyfOWE8\/kIz38olCNlC03FK95+imxp6y4oUSvAnBjHHhKNtotSDqJzVFiK8c2SBqhZtsrTtgrLXwAyduxZHNE26eHUt5rtuM4WSmds3G+sUdWYo1L+XyxButoh5eKUHk5lByO3G1LqqCWVnfrv\/lyPtf\/4ps1cndNGIri8J1TJ0lx6dR\/oPjq1nbRwdp2dCk4CtIOLW3pVKRL6WZfS5vF2KkIQhpwSsjiYIgNCs1gEMGqiIq24NQX9NwoXFy8Ufrl3twTcg4fv8T9\/JBEySduj6Mjm4bMzYV7EEOxKjjoNDud7yY3Dy71Hq2oLmqfbNR723edH9PgMrNL2utoQ3VmaIDkiw\/4w51P06hlZsTZvkRrbVuSIs\/zwSOsycgzStQouoAkWQqioRT5XI7n2Z1wfVhoZmcAJLsoqjqpjbWCgpOAJXBwHK8PzWbNvoUZJND5wCnSkLAkZ1legx6vqQzjoiTahKlGUGLAiIIoABOHaNVw4sexZBym6\/HWlH5h3IC7yRbxtipcWxdTOkORKiNQAEkFf66x5S2oeRbroOlLgg0sSYkR0hRGEqJZ0jTPiQKatESdBckpWigxaapEH0lImHdWu9pUFF2XqMNM2Z4kped7IwEJw2qabwtrQqnpw6HyKkgcadKWsmpywwesDyIhYRpdzXddqegtGIJlXbAIUMOLkGxJUjRIkokwjUaX9d\/kK62ps\/tYUqZLIMkLTyBhsMZ3C5Z\/kDxOSCb\/DOs\/\/J0qcWSX\/2ipe56EgTCA4\/cB7NAYOsni4mZM1MUPAISoEwkDi4lhVBQ1cWQyIcwalw4EpqZN68JUSK7XC0kTlkLYii5uXSC8jT5ncCAS7mjCv0uHp\/3lueHEEAeQ\/\/VgmdN71\/2uCSA1Xr6DO6uI6sW56zqT2tp2PhgiRUAajV8CY2fkcz6WGNKMgLAt7tJAhD4YHMTeRxlALE6+43WqjSWi8ITxyJl8WrwWSNESQZZOqhDDntO3hJLsd5RtSpbJqdv3YrDJH3F7jL1R2O2aQkn2MyCyKYz0GPGIvSAMgBCrCEiJyKbBaYGwLW4uPRr0A0M4Ux5kUI7IBh+hMdiCEWNqhMZGyYMsOgNE58UQuEQeUnSWCMYwL54hkxK6IoqucQZbQ3pc3XtL0lky1dL0zZJJDpWJovFqpWj6JEHnyam2eQp5QRVAVHjWparTOaVwUOx99YS2MvgxIGV0bb+qIg2HX2qkFFJB+XZcbLiuRkuxD9GRroKyveLxdh4d7Orx+hb7qc3uVRuEogCOnyIxm4ubUoPgF4jianDrC+SDQDKEfJb0GUKmjCGPYHGJvVC6X4hw1\/sAfQAdfYyephIaspXe36RwOP+Ljvfx9B6B3i+Nk0DGq+oCbLn6JpBa9nWAveAIHwFAwtVcIJXPMPL8kRu5OAYPMaL1WScTxjiZDqB9LTJSWphow\/pTYKRTLjCBhvi9iBidvKcDasGSm0QQkycYuLBqj6QCELPctqChDWpTRMWkngNNpQ1Pfp1KkiT\/Y0DGffXAweUNfLAfaJFKDwhb6I+bkYRbkERoEeu3Fyjg2opMz2daZCS9jt6Q7txNfB+OZEVF6Zl5web2xunnLQrtrjXseXKaFYziYINeMFZVxS9VxRhOoesYwxPKXm+gWLG9cuFeq93UNNeJNsf1KlwuDok9n02n3TgIJpOxNfL9naIoQwXtfH9kjceTIIi709ncTg6LZbg+biLH1V6u\/7rxBem06VXKn9raAAAAAElFTkSuQmCC\")      no-repeat center center \/ contain;  }  @media screen and (max-width: 960px) and (orientation: portrait) {    .logo {      width: 100%;    }    .logo .pc-banner {      display: none;    }    .logo .m-banner {      display: block;      width: 100%;    }    .logo .m-banner img {      height: auto!important;    }    .ytvideo {      height: 200px;      width: 100%;    }  }<\/style><style>  .video-section {    width: 100%;    margin: 0 auto;  }  .video-section > img {    width: 100%;  }  .video-section iframe,  .video-section video {    width: 100%;    height: 100%;      }  .video-section-img-m,  .video-section-img-pc > img {    width: 100%;    height: auto;  }  .video-section-img-pc.small > img {    width: 970px;  }  .video-desc {    line-height: 1.5;    font-size: 20px;    font-weight: 400;    margin: 20px 0;    text-align: center;    color: #0f1111;    word-break: break-word;  }  @media screen and (max-width: 960px) and (orientation: portrait) {    .video-section {      width: 100%;    }    .video-section-pc,    .video-section-img-pc {      display: none;    }    .video-section-m,    .video-section-img-m {      display: block;    }    .video-desc {      font-size: 15px;    }  }  @media screen and (min-width: 960px) {    .video-section {      width: 100%;      margin: 0 auto;    }    .video-section-pc,    .video-section-img-pc {      display: block;    }    .video-section-m,    .video-section-img-m {      display: none;    }    .video-desc {      font-size: 20px;    }  }<\/style><style>  .section + .section {    margin-top: 35px;  }  .section-title {    text-align: center;    font-weight: bold;    color: #0d1111;    font-family: \"Arial\";    font-size: 32px;    margin: 15px 0;  }  .section-title:empty {    display: none;  }  .section-desc {    text-align: center;    font-weight: normal;    color: #0d1111;    margin-top: 20px;  }  .section-desc:empty {    display: none;  }  .section-img {    width: 1200px;    height: 492px;    margin: 0 auto;    display: block;  }  .section-img.small {    width: 970px;    height: auto;  }  .section-img.small > img {    height: auto;  }  .section-img > img {    width: 100%;    height: 100%;  }  .section-mobile-img {    display: none;    max-width: 100vw;    max-height: 75vw;    height: 450px;    margin: 0 auto;  }  .section-mobile-img > img {    width: 100%;    height: 100%;  }  @media screen and (max-width: 960px) and (orientation: portrait) {    .container {      width: 100%;    }    .container.small {      width: 100%;    }    .section-mobile-img {      display: block;    }    .section-img {      display: none;    }    .section-title {      font-size: 22px;      margin: 10px 0;    }    .section-desc {      margin-top: 10px;    }    .section + .section {      margin-top: 20px;    }  }<\/style><\/head><body><div class=\"container small\"><div class=\"logo\"><div class=\"pc-banner small\"><div><img decoding=\"async\" src=\"\/vevor\/vevor\/boutique-banner\/pc\/en-pc@1x.jpg\" style=\"width: 100%;\" \/><\/div><\/div><div class=\"m-banner\"><div><img decoding=\"async\" src=\"\/vevor\/vevor\/boutique-banner\/mobile\/en-m@1x.jpg\" style=\"width: 100%;\" \/><\/div><\/div><\/div><div class=\"section-title\">Sasildiet savas caurules, vairs nek\u0101das sasal\u0161anas<\/div><div class=\"video-section\"><div class=\"video-section-img-pc small\"><img decoding=\"async\" src=\"\" \/><\/div><div class=\"video-section-img-m\"><img decoding=\"async\" src=\"\" \/><\/div><div class=\"section-desc\">Neatkar\u012bgi no t\u0101, vai uzst\u0101d\u0101t RV sasal\u0161anas klimat\u0101 vai v\u0113laties nodro\u0161in\u0101t vienm\u0113r\u012bgu \u016bdens pl\u016bsmu j\u016bsu m\u0101j\u0101s vai d\u0101rz\u0101, m\u016bsu 36,6 m 16,4 W\/m \u016bdensvada apkures kabelis ar pa\u0161regul\u0113jo\u0161u tehnolo\u0123iju un ieb\u016bv\u0113tu termostatu ir ide\u0101la izv\u0113le.Gudra aizsardz\u012bba pret sasal\u0161anu sirdsmieram.<\/div><\/div><div class=\"section\"><div class=\"section-title\"><\/div><div class=\"section-img small\"><img decoding=\"async\" src=\"\" \/><\/div><div class=\"section-mobile-img\"><img decoding=\"async\" src=\"\" \/><\/div><div class=\"section-desc\">\u0160im cauru\u013cu apkures kabelim ir uzlabota pa\u0161regul\u0113jo\u0161a tehnolo\u0123ija, kas autom\u0101tiski piel\u0101go sild\u012b\u0161anas jaudu atkar\u012bb\u0101 no apk\u0101rt\u0113j\u0101s vides temperat\u016bras. Apr\u012bkots ar termostatu, tas autom\u0101tiski iesl\u0113dzas pie 43\u2109 \/ 6\u2103 un p\u0101rst\u0101j darboties pie 55\u2109 \/ 13\u2103, t\u0101d\u0113j\u0101di nov\u0113r\u0161ot nepiecie\u0161am\u012bbu p\u0113c past\u0101v\u012bgas uzraudz\u012bbas.<\/div><\/div><div class=\"section\"><div class=\"section-title\"><\/div><div class=\"section-img small\"><img decoding=\"async\" src=\"\" \/><\/div><div class=\"section-mobile-img\"><img decoding=\"async\" src=\"\" \/><\/div><div class=\"section-desc\">Iepriek\u0161 samont\u0113tais cauru\u013cu apkures kabelis pied\u0101v\u0101 daudzpus\u012bgas uzst\u0101d\u012b\u0161anas metodes, tostarp spir\u0101lveida iet\u012b\u0161anu, \u0161\u0137\u0113rssai\u0146o\u0161anu un taisnas l\u012bnijas uzst\u0101d\u012b\u0161anu.Tas ir piem\u0113rots RV, pagrabiem, gar\u0101\u017e\u0101m, d\u0101rziem, \u016bdens tvertn\u0113m, \u0101ra jauc\u0113jkr\u0101niem, cauru\u013cu v\u0101rstiem un citiem.<\/div><\/div><div class=\"section\"><div class=\"section-title\"><\/div><div class=\"section-img small\"><img decoding=\"async\" src=\"\" \/><\/div><div class=\"section-mobile-img\"><img decoding=\"async\" src=\"\" \/><\/div><div class=\"section-desc\">M\u016bsu pa\u0161regul\u0113jo\u0161ais cauru\u013cu apsildes kabelis pied\u0101v\u0101 da\u017e\u0101da garuma opcijas, padarot to piem\u0113rotu da\u017e\u0101diem plastmasas un met\u0101la cauru\u013cu diametriem. Lietot\u0101ji var viegli izv\u0113l\u0113ties vispiem\u0113rot\u0101ko kabe\u013ca modeli, lai nodro\u0161in\u0101tu visaptvero\u0161u aizsardz\u012bbu sav\u0101m cauru\u013cvadu sist\u0113m\u0101m.<\/div><\/div><div class=\"section\"><div class=\"section-title\"><\/div><div class=\"section-img small\"><img decoding=\"async\" src=\"\" \/><\/div><div class=\"section-mobile-img\"><img decoding=\"async\" src=\"\" \/><\/div><div class=\"section-desc\">Before installation, perform a simple test to ensure the heating cable is functioning properly. This can ensure that the heating cable provides effective freeze protection in actual use, safeguarding the safe operation of your piping system.<\/div><\/div><div class=\"section\"><div class=\"section-img small\"><img decoding=\"async\" src=\"\" \/><\/div><div class=\"section-mobile-img\"><img decoding=\"async\" src=\"\" \/><\/div><\/div><\/div><\/body><\/html><\/div>\n<div class=\"DM_at-title\" id=\"js-DM_at-title\"> <div>Produkta specifik\u0101cija<\/div> <i class=\"icon-arrowup_line\"><\/i> <\/div><div class=\"DM_at-goodsDescAttr\" id=\"js-DM_at-goodsDescAttr\"> <div class=\"DM_at-goodsDescAttrInner\"> <dl class=\"goodsDesc_item goodsDesc_item_even\"> <dt>Preces Mode\u013ca Numurs<\/dt> <dd>5MLTV2-120<\/dd> <\/dl> <dl class=\"goodsDesc_item\"> <dt>Sildkabe\u013ca garums<\/dt> <dd> 36,6 m \/ 120 p\u0113das<\/dd> <\/dl> <dl class=\"goodsDesc_item goodsDesc_item_even\"> <dt>Kabe\u013ca temperat\u016bra iesl\u0113gta<\/dt> <dd> 43 \u2109 (6 \u2103)<\/dd> <\/dl> <dl class=\"goodsDesc_item\"> <dt>Kabe\u013ca temperat\u016bra izsl\u0113gta<\/dt> <dd> 55 \u2109 (13 \u2103)<\/dd> <\/dl> <dl class=\"goodsDesc_item goodsDesc_item_even\"> <dt>Precizit\u0101te<\/dt> <dd> \u00b11\u00b0C<\/dd> <\/dl> <dl class=\"goodsDesc_item\"> <dt>Produkta Svars<\/dt> <dd> 5,2 m\u0101rci\u0146as \/ 2,35 kg<\/dd> <\/dl> <\/div> <\/div>","protected":false},"excerpt":{"rendered":"<ul>\n<li> Vairs nek\u0101du sasalu\u0161u cauru\u013cu: Aizsarg\u0101jiet savas \u016bdensvada caurules no sasal\u0161anas ar m\u016bsu 36,6 m garo 16,4 W\/m pa\u0161regul\u0113jo\u0161o apsildes kabeli. Tas autom\u0101tiski piel\u0101go jaudu atbilsto\u0161i apk\u0101rt\u0113j\u0101s vides temperat\u016brai, paaugstinot temperat\u016bru par 85 \u2109 tikai 5 min\u016bt\u0113s, nodro\u0161inot \u0101tru un uzticamu aizsardz\u012bbu pret aukstumu. <\/li>\n<li> Augstas precizit\u0101tes termostats: \u0160\u012b \u016bdensvadu sildlente, kas apr\u012bkota ar ieb\u016bv\u0113tu termostatu ar \u00b11\u00b0 precizit\u0101ti, autom\u0101tiski aktiviz\u0113jas pie 6\u2103 (43\u2109) un apst\u0101jas pie 13\u2103 (55\u2109). Lai nodro\u0161in\u0101tu optim\u0101lu veiktsp\u0113ju, p\u0101rliecinieties, vai termostats un viss sild\u012b\u0161anas kabelis piln\u012bb\u0101 saskaras ar cauruli. <\/li>\n<li> Vienk\u0101r\u0161a uzst\u0101d\u012b\u0161ana: \u0160is iepriek\u0161 samont\u0113tais cauru\u013cvadu apsildes kabelis nodro\u0161ina elast\u012bgu uzst\u0101d\u012b\u0161anu spir\u0101lveida, krustojo\u0161\u0101 vai taisn\u0101 l\u012bnij\u0101. Izgatavots ar iztur\u012bgu konstrukciju un IP68 \u016bdensnecaurlaid\u012bbas klasi, \u0161is apsildes kabelis ir paredz\u0113ts dro\u0161ai un ilgsto\u0161ai lieto\u0161anai skarbos ziemas apst\u0101k\u013cos. <\/li>\n<li> P\u0101rsp\u0113j ziemu: m\u016bsu 36,6 m \u012bpa\u0161i garais apkures kabelis \u013cauj tam darboties lielos att\u0101lumos, nov\u0113r\u0161ot cauru\u013cu sasal\u0161anu un nodro\u0161inot vienm\u0113r\u012bgu \u016bdens pl\u016bsmu. Lieliski piem\u0113rots kemperiem, pagrabiem, gar\u0101\u017e\u0101m, d\u0101rziem, \u016bdens tvertn\u0113m, \u0101ra hidrantiem un citur. Ide\u0101li piem\u0113rots ar \u016bdeni pild\u012bt\u0101m caurul\u0113m, piem\u0113ram, PEX, PVC \u0161\u013c\u016bten\u0113m un met\u0101la caurul\u0113m. <\/li>\n<li> P\u0101rbaude pirms uzst\u0101d\u012b\u0161anas: Atritiniet kabeli, pievienojiet to kontaktligzdai un p\u0113c tam uz da\u017e\u0101m min\u016bt\u0113m ievietojiet termostata da\u013cu ledus spain\u012b. Kad temperat\u016bra nokrit\u012bsies zem 43 F\u00b0, termostats aktiviz\u0113s kabeli. Parasti p\u0113c da\u017e\u0101m min\u016bt\u0113m uz apsildes kabe\u013ca var\u0113siet sajust nelielu siltumu. P\u0113c tam to var izsl\u0113gt. <\/li>\n<\/ul>","protected":false},"featured_media":349369,"comment_status":"closed","ping_status":"open","template":"","meta":{"om_disable_all_campaigns":false,"_uf_show_specific_survey":0,"_uf_disable_surveys":false},"location":[1935,1934],"product_brand":[21],"product_cat":[4626,4625,71],"product_tag":[],"class_list":{"0":"post-56679","1":"product","2":"type-product","3":"status-publish","4":"has-post-thumbnail","6":"location-supplier_stock_location","7":"location-local_stock_location","8":"product_brand-vevor","9":"product_cat-pipe-heating-cable","10":"product_cat-pipe-insulation","11":"product_cat-plumbing","13":"first","14":"outofstock","15":"taxable","16":"shipping-taxable","17":"purchasable","18":"product-type-simple"},"aioseo_notices":[],"locations":[{"id":1935,"name":"Pieg\u0101d\u0101ja noliktav\u0101 (5-7dd.d)","slug":"supplier_stock_location","quantity":"0"},{"id":1934,"name":"R\u012bgas veikal\u0101 (0-2d.d.)","slug":"local_stock_location","quantity":"0"}],"_links":{"self":[{"href":"https:\/\/vevorshop.lv\/lv\/wp-json\/wp\/v2\/product\/56679","targetHints":{"allow":["GET"]}}],"collection":[{"href":"https:\/\/vevorshop.lv\/lv\/wp-json\/wp\/v2\/product"}],"about":[{"href":"https:\/\/vevorshop.lv\/lv\/wp-json\/wp\/v2\/types\/product"}],"replies":[{"embeddable":true,"href":"https:\/\/vevorshop.lv\/lv\/wp-json\/wp\/v2\/comments?post=56679"}],"wp:featuredmedia":[{"embeddable":true,"href":"https:\/\/vevorshop.lv\/lv\/wp-json\/wp\/v2\/media\/349369"}],"wp:attachment":[{"href":"https:\/\/vevorshop.lv\/lv\/wp-json\/wp\/v2\/media?parent=56679"}],"wp:term":[{"taxonomy":"location","embeddable":true,"href":"https:\/\/vevorshop.lv\/lv\/wp-json\/wp\/v2\/location?post=56679"},{"taxonomy":"product_brand","embeddable":true,"href":"https:\/\/vevorshop.lv\/lv\/wp-json\/wp\/v2\/product_brand?post=56679"},{"taxonomy":"product_cat","embeddable":true,"href":"https:\/\/vevorshop.lv\/lv\/wp-json\/wp\/v2\/product_cat?post=56679"},{"taxonomy":"product_tag","embeddable":true,"href":"https:\/\/vevorshop.lv\/lv\/wp-json\/wp\/v2\/product_tag?post=56679"}],"curies":[{"name":"wp","href":"https:\/\/api.w.org\/{rel}","templated":true}]}}