{"id":56829,"date":"2024-11-20T06:45:52","date_gmt":"2024-11-20T06:45:52","guid":{"rendered":"http:\/\/vevorshop.edigo.lv\/Prece\/vevor-0-56-thick-gym-floor-mats-25-tiles-rubber-top-with-eva-foam-black-white\/"},"modified":"2026-04-06T20:12:17","modified_gmt":"2026-04-06T17:12:17","slug":"vevor-0-56-thick-gym-floor-mats-25-tiles-rubber-top-with-eva-foam-black-white","status":"publish","type":"product","link":"https:\/\/vevorshop.lv\/lv\/Prece\/vevor-0-56-biezi-sporta-paklaji-25-flizes-gumijas-augseja-dala-ar-eva-putam-melns-balts\/","title":{"rendered":"VEVOR 14 mm biezi blo\u0137\u0113jo\u0161i trena\u017eieru z\u0101les gr\u012bdas pakl\u0101ji, 25 fl\u012bzes, gumijas un EVA putas, 63 \u00d7 63 cm, 9,3 m\u00b2 p\u0101rkl\u0101jums, melns un balts"},"content":{"rendered":"<div style=\"color: #fff!important; font-size: 16px; height: 24px; line-height: 24px; margin-top: -24px; \" class=\"product_original_name\">VEVOR 0,56 collu biezi sporta z\u0101les gr\u012bdas pakl\u0101ji, 25 fl\u012b\u017eu gumijas aug\u0161da\u013ca ar EVA put\u0101m, 25 \"x 25\" sporta z\u0101les gr\u012bdas treni\u0146u pakl\u0101ji ar 100 kvadr\u0101tp\u0113du p\u0101rkl\u0101jumu, blo\u0137\u0113jo\u0161i m\u012bklu sporta pakl\u0101ji sporta z\u0101lei, m\u0101j\u0101m, gar\u0101\u017eai, melnbaltiem<\/div>\n<div style=\"color: #fff!important; font-size: 16px; height: 24px; line-height: 24px; margin-top: -24px; \" class=\"product_sku\">M4I4MJL7<\/div>\n<div style=\"color: #fff!important; font-size: 16px; height: 24px; line-height: 24px; margin-top: -24px; \" class=\"product_mpn\">EVAQXJSHSDZXOXDELV0<\/div><div id=\"js-DM_at-goodDescRich\"><html><head><style>  body {    font-family: Arial;    line-height: 1.5;    color: #1c1c1c;    overflow-x: hidden;    margin: 0;    padding: 0;  }  .MsoNormal b {    font-weight: bolder;  }<\/style><style>  .container.small {    width: 970px;    margin: 0 auto;  }  .logo {    margin: 0 auto 0;  }  .logo img {    display: block;    margin: 0 auto;    max-width: 100%;  }  .logo .pc-banner {    display: block;    width: 1200px;    height: 247.4px;    margin: 0 auto;  }  .logo .pc-banner.small {    width: 970px;  }  .logo .pc-banner.small img {    height: auto!important;  }  .logo .m-banner {    display: none;  }  .ytvideo {    position: relative;    height: 546px;    width: 100%;    margin: 0 auto;  }  .ytvideo img {    width: 100%;    margin: 0 auto;  }  .ytvideo .play-btn {    width: 60px;    height: 42px;    position: absolute;    top: 50%;    left: 50%;    transform: translate(-50%, -50%);    background: url(\"data:image\/png;base64,iVBORw0KGgoAAAANSUhEUgAAAGQAAABGCAMAAAANWMFbAAAC+lBMVEUAAADBGB3kLCfBGB3kLCfcJC7BFx3KKSbiKybkLCbWJCPSIiLSIiLPICHAFx3kLCfgKSXNHiDZJiTIGx\/p4eHcjo7LHSDbJyTkLCbjKyfOHyHPIiL28fHJHB\/GGh7EGR7eKCXDGB3RISHlLSbBGB3AFxzGHB7DGB7BGB3hKybkKybAFx3lLCfAFxzDGR3hKibDGB7cJyTmz8\/elJTlwcHjurrUIyLlLSflLSfAFx3DGR7lLSfCFx3hKibhKibhKybjKybkLCblLSfbJSX49vbx7e3NNzjNMTLMJyjVIyLZf3\/ZQ0LaeHjx0tLgoqLkLCfCGB3HGx\/BGB3BFx3PICHCGB7WJCLOHyC\/Fxy\/Fx3lLCfQISHkLSe\/FxzbJiTBFx3FGx\/AGB7BFx3EGR7AGB3HHSDfKiXAFh3TISHYNzbhKibbJyTTIiL57e325+f039\/v2NjUV1fOHiHiqanfmprch4feKSXVIyPOICHmLibFGh\/mLSe\/Fx7XJCPeKSXXJSPNHyHaJyTGGh7lLCbmLCflLSjSIiLkLCbdKSXLHiC\/GB3KHh++Fh3lKyfoLiXcKCPkx8fYb2\/XaGfVXl3aU1LLHiDksbHgKibPICHbJyTfKSXbJyTCGB3KHSDiKybFGh7TIiL\/\/\/\/VIyPRISHIHB\/GGx\/HHB\/DGR7gKibdKCXLHiDZJiTMHiDNHyHYJSTOICHPICHWJCPcKCXXJSPjLCblLCf+\/f3NGR\/uLijzLynPGR\/IGB7WISHaIyLLGh7UAADxLynNAADRLzDbICLQAADIAAD3MCrUHSHXMTDpKSbLAADp5OTij4\/ejo\/VLy\/1LyngJSTcJCPQHx\/OHB7+\/PzaMS\/OLS\/vLijrLSjSAADaNTPwLyjkKSbNJCbYISHPHB\/KGB7WAAD7+vrn3d3aKynTKCjoLCfsKifRGh\/YAADq5+fhjo7QNDXXKCfmJyXt5+fTLzDLLi\/QKivYHRvMGBrQJCXLISPMExXLDxLaEAvkkI\/bOTfaFQ\/SCgpvLcnHAAAAmnRSTlMA+vv7+gT9Bvf9+8z8\/NSv\/Pr5+P7++vnQIBMP\/v38\/Pn348XDiCYf9OjbzcqxXVcx\/fz8+\/rj1r2poo1+fXFqX0orGP7+\/v7+\/fz8+\/r68uzn4trIxsG\/vri3p6GcmZSNbWVYUUZEPQv+\/f39+\/v7+\/v7+vr64tvV1NTTz87FtbSurqeblJKFg4B3bUY+NjL7+\/v7+\/v67t1cDo8JLQAABkRJREFUWMO0kz9rwkAYh0OIeJkum6YugUAhISCdKoj\/P4C7SMdS+gEKIhSKil10LSg4mzXkILdlEpxCpwTiWOLX6BujvQaEQuGeHLnL+\/64J+SIcKGYTYWnntpdLjrVdqvZmNdn0+EE40GtpuuWVS6Xx6N7YDSGpWXpeq02wHgynM7q80az1a52HpddtVcpsi1zFARBrdaxbhp9iUReTGmwA4KAAr7vx3EYejnCMI6hQYEgy0LQi4jUN0wL19vqFcUC9\/1dAKmEEFkWRYkh5oBejnxQJiSJPJ\/uKBp0Thszx9Mw8hMRIQjKsptCfuES9zr5WJY6vSFCIvE9fCMUmEM1A1kSXcYGxgVYsvI1IPKTZciSTI0us\/SMGG04gDzELDoFBwdcFJrF88dqgYMTiL6DILWYyfOWE8\/kIz38olCNlC03FK95+imxp6y4oUSvAnBjHHhKNtotSDqJzVFiK8c2SBqhZtsrTtgrLXwAyduxZHNE26eHUt5rtuM4WSmds3G+sUdWYo1L+XyxButoh5eKUHk5lByO3G1LqqCWVnfrv\/lyPtf\/4ps1cndNGIri8J1TJ0lx6dR\/oPjq1nbRwdp2dCk4CtIOLW3pVKRL6WZfS5vF2KkIQhpwSsjiYIgNCs1gEMGqiIq24NQX9NwoXFy8Ufrl3twTcg4fv8T9\/JBEySduj6Mjm4bMzYV7EEOxKjjoNDud7yY3Dy71Hq2oLmqfbNR723edH9PgMrNL2utoQ3VmaIDkiw\/4w51P06hlZsTZvkRrbVuSIs\/zwSOsycgzStQouoAkWQqioRT5XI7n2Z1wfVhoZmcAJLsoqjqpjbWCgpOAJXBwHK8PzWbNvoUZJND5wCnSkLAkZ1legx6vqQzjoiTahKlGUGLAiIIoABOHaNVw4sexZBym6\/HWlH5h3IC7yRbxtipcWxdTOkORKiNQAEkFf66x5S2oeRbroOlLgg0sSYkR0hRGEqJZ0jTPiQKatESdBckpWigxaapEH0lImHdWu9pUFF2XqMNM2Z4kped7IwEJw2qabwtrQqnpw6HyKkgcadKWsmpywwesDyIhYRpdzXddqegtGIJlXbAIUMOLkGxJUjRIkokwjUaX9d\/kK62ps\/tYUqZLIMkLTyBhsMZ3C5Z\/kDxOSCb\/DOs\/\/J0qcWSX\/2ipe56EgTCA4\/cB7NAYOsni4mZM1MUPAISoEwkDi4lhVBQ1cWQyIcwalw4EpqZN68JUSK7XC0kTlkLYii5uXSC8jT5ncCAS7mjCv0uHp\/3lueHEEAeQ\/\/VgmdN71\/2uCSA1Xr6DO6uI6sW56zqT2tp2PhgiRUAajV8CY2fkcz6WGNKMgLAt7tJAhD4YHMTeRxlALE6+43WqjSWi8ITxyJl8WrwWSNESQZZOqhDDntO3hJLsd5RtSpbJqdv3YrDJH3F7jL1R2O2aQkn2MyCyKYz0GPGIvSAMgBCrCEiJyKbBaYGwLW4uPRr0A0M4Ux5kUI7IBh+hMdiCEWNqhMZGyYMsOgNE58UQuEQeUnSWCMYwL54hkxK6IoqucQZbQ3pc3XtL0lky1dL0zZJJDpWJovFqpWj6JEHnyam2eQp5QRVAVHjWparTOaVwUOx99YS2MvgxIGV0bb+qIg2HX2qkFFJB+XZcbLiuRkuxD9GRroKyveLxdh4d7Orx+hb7qc3uVRuEogCOnyIxm4ubUoPgF4jianDrC+SDQDKEfJb0GUKmjCGPYHGJvVC6X4hw1\/sAfQAdfYyephIaspXe36RwOP+Ljvfx9B6B3i+Nk0DGq+oCbLn6JpBa9nWAveAIHwFAwtVcIJXPMPL8kRu5OAYPMaL1WScTxjiZDqB9LTJSWphow\/pTYKRTLjCBhvi9iBidvKcDasGSm0QQkycYuLBqj6QCELPctqChDWpTRMWkngNNpQ1Pfp1KkiT\/Y0DGffXAweUNfLAfaJFKDwhb6I+bkYRbkERoEeu3Fyjg2opMz2daZCS9jt6Q7txNfB+OZEVF6Zl5web2xunnLQrtrjXseXKaFYziYINeMFZVxS9VxRhOoesYwxPKXm+gWLG9cuFeq93UNNeJNsf1KlwuDok9n02n3TgIJpOxNfL9naIoQwXtfH9kjceTIIi709ncTg6LZbg+biLH1V6u\/7rxBem06VXKn9raAAAAAElFTkSuQmCC\")      no-repeat center center \/ contain;  }  @media screen and (max-width: 960px) and (orientation: portrait) {    .logo {      width: 100%;    }    .logo .pc-banner {      display: none;    }    .logo .m-banner {      display: block;      width: 100%;    }    .logo .m-banner img {      height: auto!important;    }    .ytvideo {      height: 200px;      width: 100%;    }  }<\/style><style>  .video-section {    width: 100%;    margin: 0 auto;  }  .video-section > img {    width: 100%;  }  .video-section iframe,  .video-section video {    width: 100%;    height: 100%;      }  .video-section-img-m,  .video-section-img-pc > img {    width: 100%;    height: auto;  }  .video-section-img-pc.small > img {    width: 970px;  }  .video-desc {    line-height: 1.5;    font-size: 20px;    font-weight: 400;    margin: 20px 0;    text-align: center;    color: #0f1111;    word-break: break-word;  }  @media screen and (max-width: 960px) and (orientation: portrait) {    .video-section {      width: 100%;    }    .video-section-pc,    .video-section-img-pc {      display: none;    }    .video-section-m,    .video-section-img-m {      display: block;    }    .video-desc {      font-size: 15px;    }  }  @media screen and (min-width: 960px) {    .video-section {      width: 100%;      margin: 0 auto;    }    .video-section-pc,    .video-section-img-pc {      display: block;    }    .video-section-m,    .video-section-img-m {      display: none;    }    .video-desc {      font-size: 20px;    }  }<\/style><style>  .section + .section {    margin-top: 35px;  }  .section-title {    text-align: center;    font-weight: bold;    color: #0d1111;    font-family: \"Arial\";    font-size: 32px;    margin: 15px 0;  }  .section-title:empty {    display: none;  }  .section-desc {    text-align: center;    font-weight: normal;    color: #0d1111;    margin-top: 20px;  }  .section-desc:empty {    display: none;  }  .section-img {    width: 1200px;    height: 492px;    margin: 0 auto;    display: block;  }  .section-img.small {    width: 970px;    height: auto;  }  .section-img.small > img {    height: auto;  }  .section-img > img {    width: 100%;    height: 100%;  }  .section-mobile-img {    display: none;    max-width: 100vw;    max-height: 75vw;    height: 450px;    margin: 0 auto;  }  .section-mobile-img > img {    width: 100%;    height: 100%;  }  @media screen and (max-width: 960px) and (orientation: portrait) {    .container {      width: 100%;    }    .container.small {      width: 100%;    }    .section-mobile-img {      display: block;    }    .section-img {      display: none;    }    .section-title {      font-size: 22px;      margin: 10px 0;    }    .section-desc {      margin-top: 10px;    }    .section + .section {      margin-top: 20px;    }  }<\/style><\/head><body><div class=\"container small\"><div class=\"logo\"><div class=\"pc-banner small\"><div><img decoding=\"async\" src=\"\/vevor\/vevor\/boutique-banner\/pc\/en-pc@1x.jpg\" style=\"width: 100%;\" \/><\/div><\/div><div class=\"m-banner\"><div><img decoding=\"async\" src=\"\/vevor\/vevor\/boutique-banner\/mobile\/en-m@1x.jpg\" style=\"width: 100%;\" \/><\/div><\/div><\/div><div class=\"section-title\">Paaugstiniet savu treni\u0146u ar VEVOR augst\u0101k\u0101s kvalit\u0101tes savstarp\u0113ji savienojamiem gr\u012bdas pakl\u0101ji\u0146iem!<\/div><div class=\"video-section\"><div class=\"video-section-img-pc small\"><img decoding=\"async\" src=\"\/vevor\/product\/EVAQXJSHSDZXOXDEL\/interlocking-rubber-mats-a100-1.4-pt.jpg\" \/><\/div><div class=\"video-section-img-m\"><img decoding=\"async\" src=\"\/vevor\/product\/EVAQXJSHSDZXOXDEL\/interlocking-rubber-mats-a100-1.4-pt.jpg\" \/><\/div><div class=\"section-desc\">\u0160ie savstarp\u0113ji savienojamie gr\u012bdas pakl\u0101ji\u0146i ir 0,56 collas biezi, tiem ir augstas kvalit\u0101tes gumijas virs\u0113jais sl\u0101nis, kas nodro\u0161ina izcilu pretsl\u012bdes iztur\u012bbu, un augsta bl\u012bvuma EVA putu apak\u0161da\u013ca efekt\u012bvai triecienu absorbcijai un atbalstam, garant\u0113jot divk\u0101r\u0161u dro\u0161\u012bbu treni\u0146u laik\u0101.<\/div><\/div><div class=\"section\"><div class=\"section-title\"><\/div><div class=\"section-img small\"><img decoding=\"async\" src=\"\/vevor\/product\/EVAQXJSHSDZXOXDEL\/interlocking-rubber-mats-a100-2.2-pt.jpg\" \/><\/div><div class=\"section-mobile-img\"><img decoding=\"async\" src=\"\/vevor\/product\/EVAQXJSHSDZXOXDEL\/interlocking-rubber-mats-a100-2.2-pt.jpg\" \/><\/div><div class=\"section-desc\">Virsma ir izgatavota no augst\u0101k\u0101s kvalit\u0101tes gumijas, kas padara to iztur\u012bgu pret nodilumu un skr\u0101p\u0113jumiem, un uz t\u0101s viegli nepaliks p\u0113das no g\u0101j\u0113ju satiksmes.<\/div><\/div><div class=\"section\"><div class=\"section-title\"><\/div><div class=\"section-img small\"><img decoding=\"async\" src=\"\/vevor\/product\/EVAQXJSHSDZXOXDEL\/interlocking-rubber-mats-a100-2.3-pt.jpg\" \/><\/div><div class=\"section-mobile-img\"><img decoding=\"async\" src=\"\/vevor\/product\/EVAQXJSHSDZXOXDEL\/interlocking-rubber-mats-a100-2.3-pt.jpg\" \/><\/div><div class=\"section-desc\">\u0160\u012bs gumijas savstarp\u0113ji savienot\u0101s gr\u012bdas fl\u012bzes nodro\u0161ina ska\u0146as izol\u0101ciju, \u013caujot jums tren\u0113ties aug\u0161st\u0101v\u0101, netrauc\u0113jot zem\u0101k eso\u0161os.<\/div><\/div><div class=\"section\"><div class=\"section-title\"><\/div><div class=\"section-img small\"><img decoding=\"async\" src=\"\/vevor\/product\/EVAQXJSHSDZXOXDEL\/interlocking-rubber-mats-a100-2.4-pt.jpg\" \/><\/div><div class=\"section-mobile-img\"><img decoding=\"async\" src=\"\/vevor\/product\/EVAQXJSHSDZXOXDEL\/interlocking-rubber-mats-a100-2.4-pt.jpg\" \/><\/div><div class=\"section-desc\">\u0160\u012b b\u0113rnu gr\u012bdas pakl\u0101ji\u0146a puzle, kurai ir savstarp\u0113ji savienojamas malas un zigzaga savienot\u0101ja dizains, ir \u0101tri un vienk\u0101r\u0161i saliekama, lai nodro\u0161in\u0101tu dro\u0161u notur\u012bbu.<\/div><\/div><div class=\"section\"><div class=\"section-title\"><\/div><div class=\"section-img small\"><img decoding=\"async\" src=\"\/vevor\/product\/EVAQXJSHSDZXOXDEL\/interlocking-rubber-mats-a100-2.5-pt.jpg\" \/><\/div><div class=\"section-mobile-img\"><img decoding=\"async\" src=\"\/vevor\/product\/EVAQXJSHSDZXOXDEL\/interlocking-rubber-mats-a100-2.5-pt.jpg\" \/><\/div><div class=\"section-desc\">Izgatavots no \u016bdensnecaurlaid\u012bga un mitrumiztur\u012bga materi\u0101la, \u0161is gumijas gr\u012bdas pakl\u0101ji\u0146\u0161 ir viegli t\u012br\u0101ms \u2014 vienk\u0101r\u0161i noslaukiet to. Tas ir piem\u0113rots m\u0101jas sporta z\u0101l\u0113m, uz\u0146\u0113mumiem, studij\u0101m un komerci\u0101liem fitnesa centriem.<\/div><\/div><div class=\"section\"><div class=\"section-img small\"><img decoding=\"async\" src=\"\/vevor\/product\/EVAQXJSHSDZXOXDEL\/interlocking-rubber-mats-a100-1.11-pt.jpg\" \/><\/div><div class=\"section-mobile-img\"><img decoding=\"async\" src=\"\/vevor\/product\/EVAQXJSHSDZXOXDEL\/interlocking-rubber-mats-a100-1.11-pt.jpg\" \/><\/div><\/div><\/div><\/body><\/html><\/div>\n<div class=\"DM_at-title\" id=\"js-DM_at-title\"> <div>Produkta specifik\u0101cija<\/div> <i class=\"icon-arrowup_line\"><\/i> <\/div><div class=\"DM_at-goodsDescAttr\" id=\"js-DM_at-goodsDescAttr\"> <div class=\"DM_at-goodsDescAttrInner\"> <dl class=\"goodsDesc_item goodsDesc_item_even\"> <dt>Preces Mode\u013ca Numurs<\/dt> <dd> HRD-XJD6614-25W<\/dd> <\/dl> <dl class=\"goodsDesc_item\"> <dt>Apgabals<\/dt> <dd> 100 kvadr\u0101tp\u0113das<\/dd> <\/dl> <dl class=\"goodsDesc_item goodsDesc_item_even\"> <dt>Iestat\u012bt daudzumu<\/dt> <dd> 25 gab.<\/dd> <\/dl> <dl class=\"goodsDesc_item\"> <dt>Biezums<\/dt> <dd> 0,56 collas<\/dd> <\/dl> <dl class=\"goodsDesc_item goodsDesc_item_even\"> <dt>Izm\u0113ri<\/dt> <dd> 24 x 24 collas (vien\u0101 gabal\u0101), ar 2 zobain\u0101m mal\u0101m + 2 taisn\u0101m mal\u0101m<\/dd> <\/dl> <dl class=\"goodsDesc_item\"> <dt>Kr\u0101sa<\/dt> <dd> Melns ar baltiem punkti\u0146iem<\/dd> <\/dl> <dl class=\"goodsDesc_item goodsDesc_item_even\"> <dt>Galvenais materi\u0101ls<\/dt> <dd> Aug\u0161\u0113jais sl\u0101nis<\/dd> <\/dl> <dl class=\"goodsDesc_item\"> <dt>Produkta Svars<\/dt> <dd> 27,5 kg \/ 60,63 m\u0101rci\u0146as<\/dd> <\/dl> <dl class=\"goodsDesc_item goodsDesc_item_even\"> <dt>Produkta Izm\u0113ri<\/dt> <dd> 24 x 24 x 0,56 collas \/ 610 x 610 x 14 mm<\/dd> <\/dl> <\/div> <\/div>","protected":false},"excerpt":{"rendered":"<ul>\n<li> Uzlabots materi\u0101ls: Pakl\u0101ji\u0146\u0161 ir izgatavots no 2-in-1 materi\u0101la, 0,56 collu gumijas virsma ar EVA put\u0101m nodro\u0161ina lielisku pretsl\u012bdes iztur\u012bbu. \u0160is m\u0101jas sporta z\u0101les gr\u012bdas segums efekt\u012bvi absorb\u0113 triecienus un atsitienus, vienlaikus nodro\u0161inot pietiekamu sa\u0137eri dro\u0161iem treni\u0146iem. <\/li>\n<li> 100 kvadr\u0101tp\u0113du p\u0101rkl\u0101jums: Vingro\u0161anas pakl\u0101ji\u0146i sast\u0101v no 25 fl\u012bz\u0113m un 50 apmal\u0113m, kas aptver 100 kvadr\u0101tp\u0113das. Treni\u0146u pakl\u0101ji\u0146i efekt\u012bvi samazina troksni, \u013caujot jums tren\u0113ties aug\u0161st\u0101v\u0101, netrauc\u0113jot apak\u0161st\u0101v\u0101 eso\u0161os, padarot j\u016bsu fitnesa rut\u012bnu draudz\u012bgu kaimi\u0146iem. <\/li>\n<li> Nodilumiztur\u012bgs un skr\u0101p\u0113jumu iztur\u012bgs: Virsma ir izgatavota no augstas iztur\u012bbas gumijas materi\u0101la, kas padara to iztur\u012bgu pret nodilumu un skr\u0101p\u0113jumiem. \u0160ie gumijas gr\u012bdas pakl\u0101ji\u0146i ir iztur\u012bgi pret g\u0101j\u0113ju satiksmes rad\u012btaj\u0101m p\u0113d\u0101m un nav viegli boj\u0101jami. <\/li>\n<li> Viegli saliekams: M\u016bsu savstarp\u0113ji savienojamie putu vingro\u0161anas pakl\u0101ji\u0146i nodro\u0161ina \u0101tru un \u0113rtu mont\u0101\u017eu j\u016bsu m\u0101jas fitnesa programmai. <\/li>\n<li> Vienk\u0101r\u0161a kop\u0161ana: Izbaudiet \u0113rtu kop\u0161anu ar m\u016bsu t\u012br\u0101mo sporta z\u0101les gr\u012bdas pakl\u0101ji\u0146u; vienk\u0101r\u0161i noslaukiet vai noskalojiet virsmu, lai to \u0101tri un bez piep\u016bles not\u012br\u012btu, nodro\u0161inot, ka j\u016bsu gumijas gr\u012bdas fl\u012bzes paliek svaigas un gatavas n\u0101kamajam treni\u0146am. <\/li>\n<\/ul>","protected":false},"featured_media":350077,"comment_status":"closed","ping_status":"open","template":"","meta":{"om_disable_all_campaigns":false,"_monsterinsights_skip_tracking":false,"_monsterinsights_sitenote_active":false,"_monsterinsights_sitenote_note":"","_monsterinsights_sitenote_category":0,"_uf_show_specific_survey":0,"_uf_disable_surveys":false},"location":[1935,1934],"product_brand":[21],"product_cat":[2512,2613,2614],"product_tag":[],"class_list":{"0":"post-56829","1":"product","2":"type-product","3":"status-publish","4":"has-post-thumbnail","6":"location-supplier_stock_location","7":"location-local_stock_location","8":"product_brand-vevor","9":"product_cat-flooring-2","10":"product_cat-gym-flooring","11":"product_cat-interlocking-mats","13":"first","14":"instock","15":"taxable","16":"shipping-taxable","17":"purchasable","18":"product-type-simple"},"aioseo_notices":[],"jetpack_sharing_enabled":true,"locations":[{"id":1935,"name":"Pieg\u0101d\u0101t\u0101ja noliktav\u0101 (5-7d.d.)","slug":"supplier_stock_location","quantity":"106"},{"id":1934,"name":"R\u012bgas veikal\u0101 (0-2d.d.)","slug":"local_stock_location","quantity":"0"}],"_links":{"self":[{"href":"https:\/\/vevorshop.lv\/lv\/wp-json\/wp\/v2\/product\/56829","targetHints":{"allow":["GET"]}}],"collection":[{"href":"https:\/\/vevorshop.lv\/lv\/wp-json\/wp\/v2\/product"}],"about":[{"href":"https:\/\/vevorshop.lv\/lv\/wp-json\/wp\/v2\/types\/product"}],"replies":[{"embeddable":true,"href":"https:\/\/vevorshop.lv\/lv\/wp-json\/wp\/v2\/comments?post=56829"}],"wp:featuredmedia":[{"embeddable":true,"href":"https:\/\/vevorshop.lv\/lv\/wp-json\/wp\/v2\/media\/350077"}],"wp:attachment":[{"href":"https:\/\/vevorshop.lv\/lv\/wp-json\/wp\/v2\/media?parent=56829"}],"wp:term":[{"taxonomy":"location","embeddable":true,"href":"https:\/\/vevorshop.lv\/lv\/wp-json\/wp\/v2\/location?post=56829"},{"taxonomy":"product_brand","embeddable":true,"href":"https:\/\/vevorshop.lv\/lv\/wp-json\/wp\/v2\/product_brand?post=56829"},{"taxonomy":"product_cat","embeddable":true,"href":"https:\/\/vevorshop.lv\/lv\/wp-json\/wp\/v2\/product_cat?post=56829"},{"taxonomy":"product_tag","embeddable":true,"href":"https:\/\/vevorshop.lv\/lv\/wp-json\/wp\/v2\/product_tag?post=56829"}],"curies":[{"name":"wp","href":"https:\/\/api.w.org\/{rel}","templated":true}]}}