{"id":56852,"date":"2024-11-20T06:51:45","date_gmt":"2024-11-20T06:51:45","guid":{"rendered":"http:\/\/vevorshop.edigo.lv\/Prece\/vevor-commercial-electric-meat-grinder-14-lbs-min-sausage-stuffer-maker-kitchen\/"},"modified":"2026-04-06T16:50:13","modified_gmt":"2026-04-06T13:50:13","slug":"vevor-commercial-electric-meat-grinder-14-lbs-min-sausage-stuffer-maker-kitchen","status":"publish","type":"product","link":"https:\/\/vevorshop.lv\/lv\/Prece\/vevor-komerciala-elektriska-galas-masina-14-lbs-min-desu-pilditajs-virtuve\/","title":{"rendered":"VEVOR Elektriskais ga\u013cas ma\u013camais 6.35 kg\/min, 750W, ner\u016bs\u0113jo\u0161ais t\u0113rauds, desa tais\u012bt\u0101js, komerci\u0101ls mal\u0113js virtuvei un ga\u013cas veikalam"},"content":{"rendered":"<div style=\"color: #fff!important; font-size: 16px; height: 24px; line-height: 24px; margin-top: -24px; \" class=\"product_original_name\">VEVOR ga\u013cas dzirnavi\u0146as, 14 m\u0101rci\u0146as\/min ietilp\u012bbas elektrisk\u0101s ga\u013cas dzirnavi\u0146as ar asmeni, sl\u012bp\u0113\u0161anas \u0161\u0137\u012bvi, desu gatavot\u0101ju, ner\u016bs\u0113jo\u0161\u0101 t\u0113rauda komerci\u0101lo ga\u013cas fr\u0113zi virtuves restor\u0101na miesnieku veikalam<\/div>\n<div style=\"color: #fff!important; font-size: 16px; height: 24px; line-height: 24px; margin-top: -24px; \" class=\"product_sku\">M4I4MJRD<\/div>\n<div style=\"color: #fff!important; font-size: 16px; height: 24px; line-height: 24px; margin-top: -24px; \" class=\"product_mpn\">SYTMDDJRJSYSG7U4BV2<\/div><div id=\"js-DM_at-goodDescRich\"><html><head><style>  body {    font-family: Arial;    line-height: 1.5;    color: #1c1c1c;    overflow-x: hidden;    margin: 0;    padding: 0;  }  .MsoNormal b {    font-weight: bolder;  }<\/style><style>  .container.small {    width: 970px;    margin: 0 auto;  }  .logo {    margin: 0 auto 0;  }  .logo img {    display: block;    margin: 0 auto;    max-width: 100%;  }  .logo .pc-banner {    display: block;    width: 1200px;    height: 247.4px;    margin: 0 auto;  }  .logo .pc-banner.small {    width: 970px;  }  .logo .pc-banner.small img {    height: auto!important;  }  .logo .m-banner {    display: none;  }  .ytvideo {    position: relative;    height: 546px;    width: 100%;    margin: 0 auto;  }  .ytvideo img {    width: 100%;    margin: 0 auto;  }  .ytvideo .play-btn {    width: 60px;    height: 42px;    position: absolute;    top: 50%;    left: 50%;    transform: translate(-50%, -50%);    background: url(\"data:image\/png;base64,iVBORw0KGgoAAAANSUhEUgAAAGQAAABGCAMAAAANWMFbAAAC+lBMVEUAAADBGB3kLCfBGB3kLCfcJC7BFx3KKSbiKybkLCbWJCPSIiLSIiLPICHAFx3kLCfgKSXNHiDZJiTIGx\/p4eHcjo7LHSDbJyTkLCbjKyfOHyHPIiL28fHJHB\/GGh7EGR7eKCXDGB3RISHlLSbBGB3AFxzGHB7DGB7BGB3hKybkKybAFx3lLCfAFxzDGR3hKibDGB7cJyTmz8\/elJTlwcHjurrUIyLlLSflLSfAFx3DGR7lLSfCFx3hKibhKibhKybjKybkLCblLSfbJSX49vbx7e3NNzjNMTLMJyjVIyLZf3\/ZQ0LaeHjx0tLgoqLkLCfCGB3HGx\/BGB3BFx3PICHCGB7WJCLOHyC\/Fxy\/Fx3lLCfQISHkLSe\/FxzbJiTBFx3FGx\/AGB7BFx3EGR7AGB3HHSDfKiXAFh3TISHYNzbhKibbJyTTIiL57e325+f039\/v2NjUV1fOHiHiqanfmprch4feKSXVIyPOICHmLibFGh\/mLSe\/Fx7XJCPeKSXXJSPNHyHaJyTGGh7lLCbmLCflLSjSIiLkLCbdKSXLHiC\/GB3KHh++Fh3lKyfoLiXcKCPkx8fYb2\/XaGfVXl3aU1LLHiDksbHgKibPICHbJyTfKSXbJyTCGB3KHSDiKybFGh7TIiL\/\/\/\/VIyPRISHIHB\/GGx\/HHB\/DGR7gKibdKCXLHiDZJiTMHiDNHyHYJSTOICHPICHWJCPcKCXXJSPjLCblLCf+\/f3NGR\/uLijzLynPGR\/IGB7WISHaIyLLGh7UAADxLynNAADRLzDbICLQAADIAAD3MCrUHSHXMTDpKSbLAADp5OTij4\/ejo\/VLy\/1LyngJSTcJCPQHx\/OHB7+\/PzaMS\/OLS\/vLijrLSjSAADaNTPwLyjkKSbNJCbYISHPHB\/KGB7WAAD7+vrn3d3aKynTKCjoLCfsKifRGh\/YAADq5+fhjo7QNDXXKCfmJyXt5+fTLzDLLi\/QKivYHRvMGBrQJCXLISPMExXLDxLaEAvkkI\/bOTfaFQ\/SCgpvLcnHAAAAmnRSTlMA+vv7+gT9Bvf9+8z8\/NSv\/Pr5+P7++vnQIBMP\/v38\/Pn348XDiCYf9OjbzcqxXVcx\/fz8+\/rj1r2poo1+fXFqX0orGP7+\/v7+\/fz8+\/r68uzn4trIxsG\/vri3p6GcmZSNbWVYUUZEPQv+\/f39+\/v7+\/v7+vr64tvV1NTTz87FtbSurqeblJKFg4B3bUY+NjL7+\/v7+\/v67t1cDo8JLQAABkRJREFUWMO0kz9rwkAYh0OIeJkum6YugUAhISCdKoj\/P4C7SMdS+gEKIhSKil10LSg4mzXkILdlEpxCpwTiWOLX6BujvQaEQuGeHLnL+\/64J+SIcKGYTYWnntpdLjrVdqvZmNdn0+EE40GtpuuWVS6Xx6N7YDSGpWXpeq02wHgynM7q80az1a52HpddtVcpsi1zFARBrdaxbhp9iUReTGmwA4KAAr7vx3EYejnCMI6hQYEgy0LQi4jUN0wL19vqFcUC9\/1dAKmEEFkWRYkh5oBejnxQJiSJPJ\/uKBp0Thszx9Mw8hMRIQjKsptCfuES9zr5WJY6vSFCIvE9fCMUmEM1A1kSXcYGxgVYsvI1IPKTZciSTI0us\/SMGG04gDzELDoFBwdcFJrF88dqgYMTiL6DILWYyfOWE8\/kIz38olCNlC03FK95+imxp6y4oUSvAnBjHHhKNtotSDqJzVFiK8c2SBqhZtsrTtgrLXwAyduxZHNE26eHUt5rtuM4WSmds3G+sUdWYo1L+XyxButoh5eKUHk5lByO3G1LqqCWVnfrv\/lyPtf\/4ps1cndNGIri8J1TJ0lx6dR\/oPjq1nbRwdp2dCk4CtIOLW3pVKRL6WZfS5vF2KkIQhpwSsjiYIgNCs1gEMGqiIq24NQX9NwoXFy8Ufrl3twTcg4fv8T9\/JBEySduj6Mjm4bMzYV7EEOxKjjoNDud7yY3Dy71Hq2oLmqfbNR723edH9PgMrNL2utoQ3VmaIDkiw\/4w51P06hlZsTZvkRrbVuSIs\/zwSOsycgzStQouoAkWQqioRT5XI7n2Z1wfVhoZmcAJLsoqjqpjbWCgpOAJXBwHK8PzWbNvoUZJND5wCnSkLAkZ1legx6vqQzjoiTahKlGUGLAiIIoABOHaNVw4sexZBym6\/HWlH5h3IC7yRbxtipcWxdTOkORKiNQAEkFf66x5S2oeRbroOlLgg0sSYkR0hRGEqJZ0jTPiQKatESdBckpWigxaapEH0lImHdWu9pUFF2XqMNM2Z4kped7IwEJw2qabwtrQqnpw6HyKkgcadKWsmpywwesDyIhYRpdzXddqegtGIJlXbAIUMOLkGxJUjRIkokwjUaX9d\/kK62ps\/tYUqZLIMkLTyBhsMZ3C5Z\/kDxOSCb\/DOs\/\/J0qcWSX\/2ipe56EgTCA4\/cB7NAYOsni4mZM1MUPAISoEwkDi4lhVBQ1cWQyIcwalw4EpqZN68JUSK7XC0kTlkLYii5uXSC8jT5ncCAS7mjCv0uHp\/3lueHEEAeQ\/\/VgmdN71\/2uCSA1Xr6DO6uI6sW56zqT2tp2PhgiRUAajV8CY2fkcz6WGNKMgLAt7tJAhD4YHMTeRxlALE6+43WqjSWi8ITxyJl8WrwWSNESQZZOqhDDntO3hJLsd5RtSpbJqdv3YrDJH3F7jL1R2O2aQkn2MyCyKYz0GPGIvSAMgBCrCEiJyKbBaYGwLW4uPRr0A0M4Ux5kUI7IBh+hMdiCEWNqhMZGyYMsOgNE58UQuEQeUnSWCMYwL54hkxK6IoqucQZbQ3pc3XtL0lky1dL0zZJJDpWJovFqpWj6JEHnyam2eQp5QRVAVHjWparTOaVwUOx99YS2MvgxIGV0bb+qIg2HX2qkFFJB+XZcbLiuRkuxD9GRroKyveLxdh4d7Orx+hb7qc3uVRuEogCOnyIxm4ubUoPgF4jianDrC+SDQDKEfJb0GUKmjCGPYHGJvVC6X4hw1\/sAfQAdfYyephIaspXe36RwOP+Ljvfx9B6B3i+Nk0DGq+oCbLn6JpBa9nWAveAIHwFAwtVcIJXPMPL8kRu5OAYPMaL1WScTxjiZDqB9LTJSWphow\/pTYKRTLjCBhvi9iBidvKcDasGSm0QQkycYuLBqj6QCELPctqChDWpTRMWkngNNpQ1Pfp1KkiT\/Y0DGffXAweUNfLAfaJFKDwhb6I+bkYRbkERoEeu3Fyjg2opMz2daZCS9jt6Q7txNfB+OZEVF6Zl5web2xunnLQrtrjXseXKaFYziYINeMFZVxS9VxRhOoesYwxPKXm+gWLG9cuFeq93UNNeJNsf1KlwuDok9n02n3TgIJpOxNfL9naIoQwXtfH9kjceTIIi709ncTg6LZbg+biLH1V6u\/7rxBem06VXKn9raAAAAAElFTkSuQmCC\")      no-repeat center center \/ contain;  }  @media screen and (max-width: 960px) and (orientation: portrait) {    .logo {      width: 100%;    }    .logo .pc-banner {      display: none;    }    .logo .m-banner {      display: block;      width: 100%;    }    .logo .m-banner img {      height: auto!important;    }    .ytvideo {      height: 200px;      width: 100%;    }  }<\/style><style>  .video-section {    width: 100%;    margin: 0 auto;  }  .video-section > img {    width: 100%;  }  .video-section iframe,  .video-section video {    width: 100%;    height: 100%;      }  .video-section-img-m,  .video-section-img-pc > img {    width: 100%;    height: auto;  }  .video-section-img-pc.small > img {    width: 970px;  }  .video-desc {    line-height: 1.5;    font-size: 20px;    font-weight: 400;    margin: 20px 0;    text-align: center;    color: #0f1111;    word-break: break-word;  }  @media screen and (max-width: 960px) and (orientation: portrait) {    .video-section {      width: 100%;    }    .video-section-pc,    .video-section-img-pc {      display: none;    }    .video-section-m,    .video-section-img-m {      display: block;    }    .video-desc {      font-size: 15px;    }  }  @media screen and (min-width: 960px) {    .video-section {      width: 100%;      margin: 0 auto;    }    .video-section-pc,    .video-section-img-pc {      display: block;    }    .video-section-m,    .video-section-img-m {      display: none;    }    .video-desc {      font-size: 20px;    }  }<\/style><style>  .section + .section {    margin-top: 35px;  }  .section-title {    text-align: center;    font-weight: bold;    color: #0d1111;    font-family: \"Arial\";    font-size: 32px;    margin: 15px 0;  }  .section-title:empty {    display: none;  }  .section-desc {    text-align: center;    font-weight: normal;    color: #0d1111;    margin-top: 20px;  }  .section-desc:empty {    display: none;  }  .section-img {    width: 1200px;    height: 492px;    margin: 0 auto;    display: block;  }  .section-img.small {    width: 970px;    height: auto;  }  .section-img.small > img {    height: auto;  }  .section-img > img {    width: 100%;    height: 100%;  }  .section-mobile-img {    display: none;    max-width: 100vw;    max-height: 75vw;    height: 450px;    margin: 0 auto;  }  .section-mobile-img > img {    width: 100%;    height: 100%;  }  @media screen and (max-width: 960px) and (orientation: portrait) {    .container {      width: 100%;    }    .container.small {      width: 100%;    }    .section-mobile-img {      display: block;    }    .section-img {      display: none;    }    .section-title {      font-size: 22px;      margin: 10px 0;    }    .section-desc {      margin-top: 10px;    }    .section + .section {      margin-top: 20px;    }  }<\/style><\/head><body><div class=\"container\"><div class=\"logo\"><div class=\"pc-banner\"><div><img decoding=\"async\" src=\"\/vevor\/vevor\/boutique-banner\/pc\/en-pc@1x.jpg\" style=\"width: 100%;\" \/><\/div><\/div><div class=\"m-banner\"><div><img decoding=\"async\" src=\"\/vevor\/vevor\/boutique-banner\/mobile\/en-m@1x.jpg\" style=\"width: 100%;\" \/><\/div><\/div><\/div><div class=\"section-title\">Izbaudiet vesel\u012bgu p\u0101rtiku vienm\u0113r<\/div><div class=\"video-section\"><div class=\"video-section-img-pc\"><img decoding=\"async\" src=\"\/vevor\/product\/SYTMDDJRJSYSG7U4B\/electric-meat-grinder-es-a100-1.4.jpg\" \/><\/div><div class=\"video-section-img-m\"><img decoding=\"async\" src=\"\/vevor\/product\/SYTMDDJRJSYSG7U4B\/electric-meat-grinder-fr-a100-1.4-m.jpg\" \/><\/div><div class=\"section-desc\">Tirdzniec\u012bbas countertop ga\u013cas ma\u0161\u012bn\u0101, mutes izm\u0113rs 22#, ir \u013coti efekt\u012bvs 750W t\u012bra vara motors, kas sp\u0113j sasmalcin\u0101t 14 m\u0101rci\u0146as ga\u013cas min\u016bt\u0113.Izgatavots no ner\u016bs\u0113jo\u0161\u0101 t\u0113rauda, tas ir iztur\u012bgs un iztur\u012bgs.SUS420 asmens, kas var sasmalcin\u0101t da\u017e\u0101da veida ga\u013cu, padarot to ide\u0101li piem\u0113rotu komerci\u0101lai lieto\u0161anai.<\/div><\/div><div class=\"section\"><div class=\"section-title\"><\/div><div class=\"section-img\"><img decoding=\"async\" src=\"\/vevor\/product\/SYTMDDJRJSYSG7U4B\/electric-meat-grinder-es-a100-2.2.jpg\" \/><\/div><div class=\"section-mobile-img\"><img decoding=\"async\" src=\"\/vevor\/product\/SYTMDDJRJSYSG7U4B\/electric-meat-grinder-fr-a100-2.2-m.jpg\" \/><\/div><div class=\"section-desc\">750 W t\u012bra vara motors var samalt 14 m\u0101rci\u0146as ga\u013cas min\u016bt\u0113. Elektrisk\u0101 ga\u013cas ma\u013cam\u0101 ma\u0161\u012bna var darboties nep\u0101rtraukti bez p\u0101rtraukumiem, padarot to ide\u0101li piem\u0113rotu liela m\u0113roga komerci\u0101lai ga\u013cas mal\u0161anai.<\/div><\/div><div class=\"section\"><div class=\"section-title\"><\/div><div class=\"section-img\"><img decoding=\"async\" src=\"\/vevor\/product\/SYTMDDJRJSYSG7U4B\/electric-meat-grinder-es-a100-2.3.jpg\" \/><\/div><div class=\"section-mobile-img\"><img decoding=\"async\" src=\"\/vevor\/product\/SYTMDDJRJSYSG7U4B\/electric-meat-grinder-fr-a100-2.3-m.jpg\" \/><\/div><div class=\"section-desc\">Komerci\u0101lajai ga\u013cas ma\u0161\u012bnai ir tr\u012bs da\u017e\u0101du diametru desu caurul\u012btes, kas atvieglo da\u017e\u0101da izm\u0113ra desu pagatavo\u0161anu. Lieliski piem\u0113rota lieto\u0161anai virtuv\u0113s, b\u0101ros, restor\u0101nos un p\u0101rtikas p\u0101rstr\u0101des uz\u0146\u0113mumos.<\/div><\/div><div class=\"section\"><div class=\"section-title\"><\/div><div class=\"section-img\"><img decoding=\"async\" src=\"\/vevor\/product\/SYTMDDJRJSYSG7U4B\/electric-meat-grinder-es-a100-2.4.jpg\" \/><\/div><div class=\"section-mobile-img\"><img decoding=\"async\" src=\"\/vevor\/product\/SYTMDDJRJSYSG7U4B\/electric-meat-grinder-fr-a100-2.4-m.jpg\" \/><\/div><div class=\"section-desc\">M\u016bsu virtuves ga\u013cas ma\u013cam\u0101 ma\u0161\u012bna ir izgatavota no ner\u016bs\u0113jo\u0161\u0101 t\u0113rauda, \u200b\u200boglek\u013ca t\u0113rauda un plastmasas, kas ir iztur\u012bga pret koroziju un nodilumu. Visas deta\u013cas, kas non\u0101k saskar\u0113 ar p\u0101rtiku, ir izgatavotas no p\u0101rtikas kvalit\u0101tes materi\u0101liem, nodro\u0161inot dro\u0161\u012bbu un iztur\u012bbu.<\/div><\/div><div class=\"section\"><div class=\"section-title\"><\/div><div class=\"section-img\"><img decoding=\"async\" src=\"\/vevor\/product\/SYTMDDJRJSYSG7U4B\/electric-meat-grinder-es-a100-2.5.jpg\" \/><\/div><div class=\"section-mobile-img\"><img decoding=\"async\" src=\"\/vevor\/product\/SYTMDDJRJSYSG7U4B\/electric-meat-grinder-fr-a100-2.5-m.jpg\" \/><\/div><div class=\"section-desc\">\u0160\u012b ga\u013cas ma\u013cam\u0101 ma\u0161\u012bna ir piem\u0113rota da\u017e\u0101du veidu ga\u013cas mal\u0161anai, t\u0101p\u0113c t\u0101 ir ide\u0101li piem\u0113rota lieto\u0161anai ga\u013cas veikalos, lielveikalos, restor\u0101nos, viesn\u012bc\u0101s un p\u0101rtikas p\u0101rstr\u0101des uz\u0146\u0113mumos.<\/div><\/div><div class=\"section\"><div class=\"section-img\"><img decoding=\"async\" src=\"\/vevor\/product\/SYTMDDJRJSYSG7U4B\/electric-meat-grinder-es-a100-1.11.jpg\" \/><\/div><div class=\"section-mobile-img\"><img decoding=\"async\" src=\"\/vevor\/product\/SYTMDDJRJSYSG7U4B\/electric-meat-grinder-fr-a100-1.11-m.jpg\" \/><\/div><\/div><\/div><\/body><\/html><\/div>\n<div class=\"DM_at-title\" id=\"js-DM_at-title\"> <div>Produkta specifik\u0101cija<\/div> <i class=\"icon-arrowup_line\"><\/i> <\/div><div class=\"DM_at-goodsDescAttr\" id=\"js-DM_at-goodsDescAttr\"> <div class=\"DM_at-goodsDescAttrInner\"> <dl class=\"goodsDesc_item goodsDesc_item_even\"> <dt>Preces Mode\u013ca Numurs<\/dt> <dd> 1A-EG822<\/dd> <\/dl> <dl class=\"goodsDesc_item\"> <dt>Jauda<\/dt> <dd> 750W<\/dd> <\/dl> <dl class=\"goodsDesc_item goodsDesc_item_even\"> <dt>Sl\u012bp\u0113\u0161anas jauda<\/dt> <dd> 14 m\u0101rci\u0146as\/min\u016bt\u0113<\/dd> <\/dl> <dl class=\"goodsDesc_item\"> <dt>Mutes izm\u0113rs<\/dt> <dd> 22#<\/dd> <\/dl> <dl class=\"goodsDesc_item goodsDesc_item_even\"> <dt>Galvenais materi\u0101ls<\/dt> <dd> Ner\u016bs\u0113jo\u0161ais t\u0113rauds, oglek\u013ca t\u0113rauds, plastmasa<\/dd> <\/dl> <dl class=\"goodsDesc_item\"> <dt>Produkta Svars<\/dt> <dd> 25,8 kg \/ 56,9 m\u0101rci\u0146as<\/dd> <\/dl> <dl class=\"goodsDesc_item goodsDesc_item_even\"> <dt>Produkta Izm\u0113ri<\/dt> <dd> 570 x 270 x 470 mm \/ 22,4 x 10,6 x 18,5 collas<\/dd> <\/dl> <\/div> <\/div>","protected":false},"excerpt":{"rendered":"<ul>\n<li> \u0100tra ga\u013cas mal\u0161ana: Komerci\u0101lajai galda ga\u013cas ma\u0161\u012bn\u012btei ar atveres izm\u0113ru 22# ir \u013coti efekt\u012bvs 750 W t\u012bra vara motors, kas sp\u0113j samalt 14 m\u0101rci\u0146as ga\u013cas min\u016bt\u0113. T\u0101 var darboties nep\u0101rtraukti bez p\u0101rtraukumiem, padarot to ide\u0101li piem\u0113rotu liela m\u0113roga komerci\u0101lai ga\u013cas mal\u0161anai. Ne\u013caujiet ga\u013cas ma\u0161\u012bn\u012btei darboties p\u0101r\u0101k ilgi, jo tas var saboj\u0101t motoru. Atcerieties nekav\u0113joties izsl\u0113gt str\u0101vu, kad to nelietojat. <\/li>\n<li> Daudzpus\u012bgi piederumi: M\u016bsu komerci\u0101laj\u0101m ga\u013cas ma\u013c\u0101maj\u0101m ma\u0161\u012bn\u0101m ir 2 * \u0161\u0137\u0113rsgriezuma asme\u0146i (viens pa\u0161\u0101 ma\u013c\u0101maj\u0101 ma\u0161\u012bn\u0101), 1 * 4,5 mm ga\u013cas ma\u013c\u0101m\u0101s ma\u0161\u012bnas asmens pl\u0101ksne, 1 * desu pild\u012bjuma pl\u0101ksne un 3 * desu pild\u012bjuma caurul\u012btes (0,47 collas, 0,63 collas, 0,87 collas \u0101r\u0113jais diametrs), 1 * ga\u013cas m\u012bc\u012b\u0161anas n\u016bja, 1 * t\u012br\u012b\u0161anas birste, 1 * ma\u0161\u012bnas galvas blo\u0137\u0113\u0161anas rokturis. <\/li>\n<li> Iztur\u012bga konstrukcija: ma\u0161\u012bna ir izgatavota no ner\u016bs\u0113jo\u0161\u0101 t\u0113rauda, oglek\u013ca t\u0113rauda un plastmasas, ar asiem SUS420 asme\u0146iem, kas ir iztur\u012bgi un sp\u0113j sl\u012bp\u0113t vistas skrim\u0161\u013cus, sald\u0113tu ga\u013cu un daudz ko citu. <\/li>\n<li> No\u0146emams un viegli t\u012br\u0101ms: No\u0146emam\u0101s deta\u013cas p\u0113c lieto\u0161anas var viegli no\u0146emt t\u012br\u012b\u0161anai bez piep\u016bles ar \u016bdeni P\u0113c mazg\u0101\u0161anas pirms uzglab\u0101\u0161anas \u013caujiet t\u0101m r\u016bp\u012bgi no\u017e\u016bt, lai nodro\u0161in\u0101tu iztur\u012bbu. <\/li>\n<li> Pla\u0161s pielietojums: \u0161ai elektriskajai ga\u013cas ma\u0161\u012bnai ir ne tikai sl\u012bp\u0113\u0161anas iesp\u0113jas, bet ar\u012b t\u0101 kalpo k\u0101 desu gatavot\u0101js. T\u0101s daudzfunkcion\u0101lais dizains padara to ide\u0101li piem\u0113rotu lieto\u0161anai ga\u013cas veikalos, lielveikalos, restor\u0101nos, viesn\u012bc\u0101s un p\u0101rtikas p\u0101rstr\u0101des iek\u0101rt\u0101s. <\/li>\n<\/ul>","protected":false},"featured_media":350269,"comment_status":"closed","ping_status":"open","template":"","meta":{"om_disable_all_campaigns":false,"_monsterinsights_skip_tracking":false,"_monsterinsights_sitenote_active":false,"_monsterinsights_sitenote_note":"","_monsterinsights_sitenote_category":0,"_uf_show_specific_survey":0,"_uf_disable_surveys":false},"location":[1935,1934],"product_brand":[21],"product_cat":[2445,2694,2559,2693,2449],"product_tag":[],"class_list":{"0":"post-56852","1":"product","2":"type-product","3":"status-publish","4":"has-post-thumbnail","6":"location-supplier_stock_location","7":"location-local_stock_location","8":"product_brand-vevor","9":"product_cat-appliances","10":"product_cat-commercial-electric-meat-grinder","11":"product_cat-meat-poultry-tools","12":"product_cat-meat-grinders","13":"product_cat-small-kitchen-appliances","15":"first","16":"instock","17":"taxable","18":"shipping-taxable","19":"purchasable","20":"product-type-simple"},"aioseo_notices":[],"jetpack_sharing_enabled":true,"locations":[{"id":1935,"name":"Pieg\u0101d\u0101t\u0101ja noliktav\u0101 (5-7d.d.)","slug":"supplier_stock_location","quantity":"14"},{"id":1934,"name":"R\u012bgas veikal\u0101 (0-2d.d.)","slug":"local_stock_location","quantity":"0"}],"_links":{"self":[{"href":"https:\/\/vevorshop.lv\/lv\/wp-json\/wp\/v2\/product\/56852","targetHints":{"allow":["GET"]}}],"collection":[{"href":"https:\/\/vevorshop.lv\/lv\/wp-json\/wp\/v2\/product"}],"about":[{"href":"https:\/\/vevorshop.lv\/lv\/wp-json\/wp\/v2\/types\/product"}],"replies":[{"embeddable":true,"href":"https:\/\/vevorshop.lv\/lv\/wp-json\/wp\/v2\/comments?post=56852"}],"wp:featuredmedia":[{"embeddable":true,"href":"https:\/\/vevorshop.lv\/lv\/wp-json\/wp\/v2\/media\/350269"}],"wp:attachment":[{"href":"https:\/\/vevorshop.lv\/lv\/wp-json\/wp\/v2\/media?parent=56852"}],"wp:term":[{"taxonomy":"location","embeddable":true,"href":"https:\/\/vevorshop.lv\/lv\/wp-json\/wp\/v2\/location?post=56852"},{"taxonomy":"product_brand","embeddable":true,"href":"https:\/\/vevorshop.lv\/lv\/wp-json\/wp\/v2\/product_brand?post=56852"},{"taxonomy":"product_cat","embeddable":true,"href":"https:\/\/vevorshop.lv\/lv\/wp-json\/wp\/v2\/product_cat?post=56852"},{"taxonomy":"product_tag","embeddable":true,"href":"https:\/\/vevorshop.lv\/lv\/wp-json\/wp\/v2\/product_tag?post=56852"}],"curies":[{"name":"wp","href":"https:\/\/api.w.org\/{rel}","templated":true}]}}