{"id":56875,"date":"2024-11-20T06:56:20","date_gmt":"2024-11-20T06:56:20","guid":{"rendered":"http:\/\/vevorshop.edigo.lv\/Prece\/vevor-acoustic-foam-panels-48-pack-12-x-12-x-2-in-adhesive-for-wall-ceiling\/"},"modified":"2026-04-01T14:46:05","modified_gmt":"2026-04-01T11:46:05","slug":"vevor-acoustic-foam-panels-48-pack-12-x-12-x-2-in-adhesive-for-wall-ceiling","status":"publish","type":"product","link":"https:\/\/vevorshop.lv\/lv\/Prece\/vevor-akustisko-putu-panelu-48-iepakojums-12-x-12-x-2-in-lime-sienam-pie-griestiem\/","title":{"rendered":"VEVOR 48 gab. melni lip\u012bgie piram\u012bdas akustiskie pane\u013ci, 30x30x5cm, ugunsiztur\u012bgi ska\u0146as izol\u0101cijas pane\u013ci studij\u0101m un sien\u0101m"},"content":{"rendered":"<div style=\"color: #fff!important; font-size: 16px; height: 24px; line-height: 24px; margin-top: -24px; \" class=\"product_original_name\">VEVOR Acoustic Foam Panels, 48 Pack 12 x 12 x 2 inches, Adhesive Pyramid Soundproof Wall Panels,Fire-Resistant Acoustic Panels,Sound Dampening Absorbing Panels for Studio Wall and Ceiling,Black<\/div>\n<div style=\"color: #fff!important; font-size: 16px; height: 24px; line-height: 24px; margin-top: -24px; \" class=\"product_sku\">M4I4MJXR<\/div>\n<div style=\"color: #fff!important; font-size: 16px; height: 24px; line-height: 24px; margin-top: -24px; \" class=\"product_mpn\">ZZSPMBHSL12WV08RDV0<\/div><div id=\"js-DM_at-goodDescRich\"><html><head><style>  body {    font-family: Arial;    line-height: 1.5;    color: #1c1c1c;    overflow-x: hidden;    margin: 0;    padding: 0;  }  .MsoNormal b {    font-weight: bolder;  }<\/style><style>  .container.small {    width: 970px;    margin: 0 auto;  }  .logo {    margin: 0 auto 0;  }  .logo img {    display: block;    margin: 0 auto;    max-width: 100%;  }  .logo .pc-banner {    display: block;    width: 1200px;    height: 247.4px;    margin: 0 auto;  }  .logo .pc-banner.small {    width: 970px;  }  .logo .pc-banner.small img {    height: auto!important;  }  .logo .m-banner {    display: none;  }  .ytvideo {    position: relative;    height: 546px;    width: 100%;    margin: 0 auto;  }  .ytvideo img {    width: 100%;    margin: 0 auto;  }  .ytvideo .play-btn {    width: 60px;    height: 42px;    position: absolute;    top: 50%;    left: 50%;    transform: translate(-50%, -50%);    background: url(\"data:image\/png;base64,iVBORw0KGgoAAAANSUhEUgAAAGQAAABGCAMAAAANWMFbAAAC+lBMVEUAAADBGB3kLCfBGB3kLCfcJC7BFx3KKSbiKybkLCbWJCPSIiLSIiLPICHAFx3kLCfgKSXNHiDZJiTIGx\/p4eHcjo7LHSDbJyTkLCbjKyfOHyHPIiL28fHJHB\/GGh7EGR7eKCXDGB3RISHlLSbBGB3AFxzGHB7DGB7BGB3hKybkKybAFx3lLCfAFxzDGR3hKibDGB7cJyTmz8\/elJTlwcHjurrUIyLlLSflLSfAFx3DGR7lLSfCFx3hKibhKibhKybjKybkLCblLSfbJSX49vbx7e3NNzjNMTLMJyjVIyLZf3\/ZQ0LaeHjx0tLgoqLkLCfCGB3HGx\/BGB3BFx3PICHCGB7WJCLOHyC\/Fxy\/Fx3lLCfQISHkLSe\/FxzbJiTBFx3FGx\/AGB7BFx3EGR7AGB3HHSDfKiXAFh3TISHYNzbhKibbJyTTIiL57e325+f039\/v2NjUV1fOHiHiqanfmprch4feKSXVIyPOICHmLibFGh\/mLSe\/Fx7XJCPeKSXXJSPNHyHaJyTGGh7lLCbmLCflLSjSIiLkLCbdKSXLHiC\/GB3KHh++Fh3lKyfoLiXcKCPkx8fYb2\/XaGfVXl3aU1LLHiDksbHgKibPICHbJyTfKSXbJyTCGB3KHSDiKybFGh7TIiL\/\/\/\/VIyPRISHIHB\/GGx\/HHB\/DGR7gKibdKCXLHiDZJiTMHiDNHyHYJSTOICHPICHWJCPcKCXXJSPjLCblLCf+\/f3NGR\/uLijzLynPGR\/IGB7WISHaIyLLGh7UAADxLynNAADRLzDbICLQAADIAAD3MCrUHSHXMTDpKSbLAADp5OTij4\/ejo\/VLy\/1LyngJSTcJCPQHx\/OHB7+\/PzaMS\/OLS\/vLijrLSjSAADaNTPwLyjkKSbNJCbYISHPHB\/KGB7WAAD7+vrn3d3aKynTKCjoLCfsKifRGh\/YAADq5+fhjo7QNDXXKCfmJyXt5+fTLzDLLi\/QKivYHRvMGBrQJCXLISPMExXLDxLaEAvkkI\/bOTfaFQ\/SCgpvLcnHAAAAmnRSTlMA+vv7+gT9Bvf9+8z8\/NSv\/Pr5+P7++vnQIBMP\/v38\/Pn348XDiCYf9OjbzcqxXVcx\/fz8+\/rj1r2poo1+fXFqX0orGP7+\/v7+\/fz8+\/r68uzn4trIxsG\/vri3p6GcmZSNbWVYUUZEPQv+\/f39+\/v7+\/v7+vr64tvV1NTTz87FtbSurqeblJKFg4B3bUY+NjL7+\/v7+\/v67t1cDo8JLQAABkRJREFUWMO0kz9rwkAYh0OIeJkum6YugUAhISCdKoj\/P4C7SMdS+gEKIhSKil10LSg4mzXkILdlEpxCpwTiWOLX6BujvQaEQuGeHLnL+\/64J+SIcKGYTYWnntpdLjrVdqvZmNdn0+EE40GtpuuWVS6Xx6N7YDSGpWXpeq02wHgynM7q80az1a52HpddtVcpsi1zFARBrdaxbhp9iUReTGmwA4KAAr7vx3EYejnCMI6hQYEgy0LQi4jUN0wL19vqFcUC9\/1dAKmEEFkWRYkh5oBejnxQJiSJPJ\/uKBp0Thszx9Mw8hMRIQjKsptCfuES9zr5WJY6vSFCIvE9fCMUmEM1A1kSXcYGxgVYsvI1IPKTZciSTI0us\/SMGG04gDzELDoFBwdcFJrF88dqgYMTiL6DILWYyfOWE8\/kIz38olCNlC03FK95+imxp6y4oUSvAnBjHHhKNtotSDqJzVFiK8c2SBqhZtsrTtgrLXwAyduxZHNE26eHUt5rtuM4WSmds3G+sUdWYo1L+XyxButoh5eKUHk5lByO3G1LqqCWVnfrv\/lyPtf\/4ps1cndNGIri8J1TJ0lx6dR\/oPjq1nbRwdp2dCk4CtIOLW3pVKRL6WZfS5vF2KkIQhpwSsjiYIgNCs1gEMGqiIq24NQX9NwoXFy8Ufrl3twTcg4fv8T9\/JBEySduj6Mjm4bMzYV7EEOxKjjoNDud7yY3Dy71Hq2oLmqfbNR723edH9PgMrNL2utoQ3VmaIDkiw\/4w51P06hlZsTZvkRrbVuSIs\/zwSOsycgzStQouoAkWQqioRT5XI7n2Z1wfVhoZmcAJLsoqjqpjbWCgpOAJXBwHK8PzWbNvoUZJND5wCnSkLAkZ1legx6vqQzjoiTahKlGUGLAiIIoABOHaNVw4sexZBym6\/HWlH5h3IC7yRbxtipcWxdTOkORKiNQAEkFf66x5S2oeRbroOlLgg0sSYkR0hRGEqJZ0jTPiQKatESdBckpWigxaapEH0lImHdWu9pUFF2XqMNM2Z4kped7IwEJw2qabwtrQqnpw6HyKkgcadKWsmpywwesDyIhYRpdzXddqegtGIJlXbAIUMOLkGxJUjRIkokwjUaX9d\/kK62ps\/tYUqZLIMkLTyBhsMZ3C5Z\/kDxOSCb\/DOs\/\/J0qcWSX\/2ipe56EgTCA4\/cB7NAYOsni4mZM1MUPAISoEwkDi4lhVBQ1cWQyIcwalw4EpqZN68JUSK7XC0kTlkLYii5uXSC8jT5ncCAS7mjCv0uHp\/3lueHEEAeQ\/\/VgmdN71\/2uCSA1Xr6DO6uI6sW56zqT2tp2PhgiRUAajV8CY2fkcz6WGNKMgLAt7tJAhD4YHMTeRxlALE6+43WqjSWi8ITxyJl8WrwWSNESQZZOqhDDntO3hJLsd5RtSpbJqdv3YrDJH3F7jL1R2O2aQkn2MyCyKYz0GPGIvSAMgBCrCEiJyKbBaYGwLW4uPRr0A0M4Ux5kUI7IBh+hMdiCEWNqhMZGyYMsOgNE58UQuEQeUnSWCMYwL54hkxK6IoqucQZbQ3pc3XtL0lky1dL0zZJJDpWJovFqpWj6JEHnyam2eQp5QRVAVHjWparTOaVwUOx99YS2MvgxIGV0bb+qIg2HX2qkFFJB+XZcbLiuRkuxD9GRroKyveLxdh4d7Orx+hb7qc3uVRuEogCOnyIxm4ubUoPgF4jianDrC+SDQDKEfJb0GUKmjCGPYHGJvVC6X4hw1\/sAfQAdfYyephIaspXe36RwOP+Ljvfx9B6B3i+Nk0DGq+oCbLn6JpBa9nWAveAIHwFAwtVcIJXPMPL8kRu5OAYPMaL1WScTxjiZDqB9LTJSWphow\/pTYKRTLjCBhvi9iBidvKcDasGSm0QQkycYuLBqj6QCELPctqChDWpTRMWkngNNpQ1Pfp1KkiT\/Y0DGffXAweUNfLAfaJFKDwhb6I+bkYRbkERoEeu3Fyjg2opMz2daZCS9jt6Q7txNfB+OZEVF6Zl5web2xunnLQrtrjXseXKaFYziYINeMFZVxS9VxRhOoesYwxPKXm+gWLG9cuFeq93UNNeJNsf1KlwuDok9n02n3TgIJpOxNfL9naIoQwXtfH9kjceTIIi709ncTg6LZbg+biLH1V6u\/7rxBem06VXKn9raAAAAAElFTkSuQmCC\")      no-repeat center center \/ contain;  }  @media screen and (max-width: 960px) and (orientation: portrait) {    .logo {      width: 100%;    }    .logo .pc-banner {      display: none;    }    .logo .m-banner {      display: block;      width: 100%;    }    .logo .m-banner img {      height: auto!important;    }    .ytvideo {      height: 200px;      width: 100%;    }  }<\/style><style>  .video-section {    width: 100%;    margin: 0 auto;  }  .video-section > img {    width: 100%;  }  .video-section iframe,  .video-section video {    width: 100%;    height: 100%;      }  .video-section-img-m,  .video-section-img-pc > img {    width: 100%;    height: auto;  }  .video-section-img-pc.small > img {    width: 970px;  }  .video-desc {    line-height: 1.5;    font-size: 20px;    font-weight: 400;    margin: 20px 0;    text-align: center;    color: #0f1111;    word-break: break-word;  }  @media screen and (max-width: 960px) and (orientation: portrait) {    .video-section {      width: 100%;    }    .video-section-pc,    .video-section-img-pc {      display: none;    }    .video-section-m,    .video-section-img-m {      display: block;    }    .video-desc {      font-size: 15px;    }  }  @media screen and (min-width: 960px) {    .video-section {      width: 100%;      margin: 0 auto;    }    .video-section-pc,    .video-section-img-pc {      display: block;    }    .video-section-m,    .video-section-img-m {      display: none;    }    .video-desc {      font-size: 20px;    }  }<\/style><style>  .section + .section {    margin-top: 35px;  }  .section-title {    text-align: center;    font-weight: bold;    color: #0d1111;    font-family: \"Arial\";    font-size: 32px;    margin: 15px 0;  }  .section-title:empty {    display: none;  }  .section-desc {    text-align: center;    font-weight: normal;    color: #0d1111;    margin-top: 20px;  }  .section-desc:empty {    display: none;  }  .section-img {    width: 1200px;    height: 492px;    margin: 0 auto;    display: block;  }  .section-img.small {    width: 970px;    height: auto;  }  .section-img.small > img {    height: auto;  }  .section-img > img {    width: 100%;    height: 100%;  }  .section-mobile-img {    display: none;    max-width: 100vw;    max-height: 75vw;    height: 450px;    margin: 0 auto;  }  .section-mobile-img > img {    width: 100%;    height: 100%;  }  @media screen and (max-width: 960px) and (orientation: portrait) {    .container {      width: 100%;    }    .container.small {      width: 100%;    }    .section-mobile-img {      display: block;    }    .section-img {      display: none;    }    .section-title {      font-size: 22px;      margin: 10px 0;    }    .section-desc {      margin-top: 10px;    }    .section + .section {      margin-top: 20px;    }  }<\/style><\/head><body><div class=\"container small\"><div class=\"logo\"><div class=\"pc-banner small\"><div><img decoding=\"async\" src=\"\/vevor\/vevor\/boutique-banner\/pc\/en-pc@1x.jpg\" style=\"width: 100%;\" \/><\/div><\/div><div class=\"m-banner\"><div><img decoding=\"async\" src=\"\/vevor\/vevor\/boutique-banner\/mobile\/en-m@1x.jpg\" style=\"width: 100%;\" \/><\/div><\/div><\/div><div class=\"section-title\">Uzlabojiet ska\u0146as kvalit\u0101ti un izbaudiet mieru ar m\u016bsu akustiskaj\u0101m put\u0101m!<\/div><div class=\"video-section\"><div class=\"video-section-img-pc small\"><img decoding=\"async\" src=\"\/vevor\/product\/ZZSPMBHSL12WV08RD\/foam-panel-a100-1.4-pt.jpg\" \/><\/div><div class=\"video-section-img-m\"><img decoding=\"async\" src=\"\/vevor\/product\/ZZSPMBHSL12WV08RD\/foam-panel-a100-1.4-pt.jpg\" \/><\/div><div class=\"section-desc\">\u0160\u012b akustisk\u0101 poliuret\u0101na putuplasta pl\u0101ksne samazina ska\u0146as atsp\u012bdumus un atbalsis, uzlabojot telpas akustiku. Ar augstu bl\u012bvumu efekt\u012bvai ska\u0146as absorbcijai tas ir \u0137\u012b\u013cveida, piram\u012bdas un olu form\u0101s un tiek izmantots ierakstu studij\u0101s, m\u0101jas kinote\u0101tros un da\u017e\u0101dos citos apst\u0101k\u013cos.<\/div><\/div><div class=\"section\"><div class=\"section-title\"><\/div><div class=\"section-img small\"><img decoding=\"async\" src=\"\/vevor\/product\/ZZSPMBHSL12WV08RD\/foam-panel-a100-2.2-pt.jpg\" \/><\/div><div class=\"section-mobile-img\"><img decoding=\"async\" src=\"\/vevor\/product\/ZZSPMBHSL12WV08RD\/foam-panel-a100-2.2-pt.jpg\" \/><\/div><div class=\"section-desc\">\u0160ai akustiskajai poliuret\u0101na putuplasta pl\u0101ksnei ir biezs dizains, kas pal\u012bdz samazin\u0101t troksni, filtr\u0113jot nev\u0113lamas ska\u0146as un atbalsis, izmantojot vair\u0101kus atspulgus.Izmantojot ierakstu studij\u0101s, tas uzlabo ska\u0146as kvalit\u0101ti, padarot vok\u0101lu pat\u012bkam\u0101ku.<\/div><\/div><div class=\"section\"><div class=\"section-title\"><\/div><div class=\"section-img small\"><img decoding=\"async\" src=\"\/vevor\/product\/ZZSPMBHSL12WV08RD\/foam-panel-a100-2.3-pt.jpg\" \/><\/div><div class=\"section-mobile-img\"><img decoding=\"async\" src=\"\/vevor\/product\/ZZSPMBHSL12WV08RD\/foam-panel-a100-2.3-pt.jpg\" \/><\/div><div class=\"section-desc\">Izgatavots no augsta bl\u012bvuma poliuret\u0101na put\u0101m, \u0161is materi\u0101ls ir viegls, ta\u010du iztur\u012bgs, \u0101tri atgrie\u017eas form\u0101, nesabr\u016bkot. Tas ir ar\u012b ugunsiztur\u012bgs un bez sliktas smakas, nodro\u0161inot dro\u0161u lieto\u0161anu.<\/div><\/div><div class=\"section\"><div class=\"section-title\"><\/div><div class=\"section-img small\"><img decoding=\"async\" src=\"\/vevor\/product\/ZZSPMBHSL12WV08RD\/foam-panel-a100-2.4-pt.jpg\" \/><\/div><div class=\"section-mobile-img\"><img decoding=\"async\" src=\"\/vevor\/product\/ZZSPMBHSL12WV08RD\/foam-panel-a100-2.4-pt.jpg\" \/><\/div><div class=\"section-desc\">Viegla un viegli uzst\u0101d\u0101ma, \u0161\u012b akustisk\u0101 putuplasta pl\u0101ksne nodro\u0161ina \u0113rtu trok\u0161\u0146u risin\u0101jumu lietot\u0101jiem, nodro\u0161inot efekt\u012bvu ska\u0146as absorbciju bez sare\u017e\u0123\u012btu uzst\u0101d\u012b\u0161anas procesu apgr\u016btin\u0101jumiem.<\/div><\/div><div class=\"section\"><div class=\"section-title\"><\/div><div class=\"section-img small\"><img decoding=\"async\" src=\"\/vevor\/product\/ZZSPMBHSL12WV08RD\/foam-panel-a100-2.5-pt.jpg\" \/><\/div><div class=\"section-mobile-img\"><img decoding=\"async\" src=\"\/vevor\/product\/ZZSPMBHSL12WV08RD\/foam-panel-a100-2.5-pt.jpg\" \/><\/div><div class=\"section-desc\">Pieejams unik\u0101l\u0101s \u0137\u012b\u013ca, piram\u012bdas, un olu formas, j\u016bs varat izv\u0113l\u0113ties atbilsto\u0161i j\u016bsu telpu Tekstur\u0113t\u0101 virsma palielina putu laukumu, efekt\u012bvi absorb\u0113jot ska\u0146as vi\u013c\u0146us lab\u0101kai ska\u0146as izol\u0101cijai.<\/div><\/div><div class=\"section\"><div class=\"section-img small\"><img decoding=\"async\" src=\"\/vevor\/product\/ZZSPMBHSL12WV08RD\/foam-panel-a100-1.11-pt.jpg\" \/><\/div><div class=\"section-mobile-img\"><img decoding=\"async\" src=\"\/vevor\/product\/ZZSPMBHSL12WV08RD\/foam-panel-a100-1.11-pt.jpg\" \/><\/div><\/div><\/div><\/body><\/html><\/div>\n<div class=\"DM_at-title\" id=\"js-DM_at-title\"> <div>Produkta specifik\u0101cija<\/div> <i class=\"icon-arrowup_line\"><\/i> <\/div><div class=\"DM_at-goodsDescAttr\" id=\"js-DM_at-goodsDescAttr\"> <div class=\"DM_at-goodsDescAttrInner\"> <dl class=\"goodsDesc_item goodsDesc_item_even\"> <dt>Preces Mode\u013ca Numurs<\/dt> <dd>JZTBJ50-48<\/dd> <\/dl> <dl class=\"goodsDesc_item\"> <dt>Poliuret\u0101na bl\u012bvums<\/dt> <dd>30 kg\/m\u00b3<\/dd> <\/dl> <dl class=\"goodsDesc_item goodsDesc_item_even\"> <dt>Gabalu skaits<\/dt> <dd>48<\/dd> <\/dl> <dl class=\"goodsDesc_item\"> <dt>Produkta strukt\u016bra<\/dt> <dd> Piram\u012bdas forma<\/dd> <\/dl> <dl class=\"goodsDesc_item goodsDesc_item_even\"> <dt>Vai pa\u0161l\u012bm\u0113jo\u0161s<\/dt> <dd> J\u0101<\/dd> <\/dl> <dl class=\"goodsDesc_item\"> <dt>Produkta Svars<\/dt> <dd> 9,57 m\u0101rci\u0146as\/4,34 kg<\/dd> <\/dl> <dl class=\"goodsDesc_item goodsDesc_item_even\"> <dt>Produkta Izm\u0113ri<\/dt> <dd> 12 x 12 x 2 collas\/300 x 300 x 50 mm<\/dd> <\/dl> <\/div> <\/div>","protected":false},"excerpt":{"rendered":"<ul>\n<li> Efekt\u012bva ska\u0146as izol\u0101cija: 30kg\/m\u00b3 augsta bl\u012bvuma poliuret\u0101na putas efekt\u012bvi absorb\u0113 augstfrekvences ska\u0146as vi\u013c\u0146us, uzlabojot vibr\u0101cijas atbalsu, reverber\u0101cijas un trok\u0161\u0146a absorbciju, kas pal\u012bdz samazin\u0101t trok\u0161\u0146a pies\u0101r\u0146ojumu un uzlabot ska\u0146as skaidr\u012bbu. <\/li>\n<li> Lieliska veiktsp\u0113ja: \u0161im materi\u0101lam ir vair\u0101kas izcilas \u012bpa\u0161\u012bbas, tostarp ska\u0146as izol\u0101cija, karstumiztur\u012bba un dro\u0161\u012bba. Tas \u0101tri atsit\u0101s p\u0113c atv\u0113r\u0161anas, saglab\u0101jot pilnu formu, nesabrukot, un paliek stabils pat ilgsto\u0161as lieto\u0161anas gad\u012bjum\u0101. <\/li>\n<li> Ieb\u016bv\u0113ta sp\u0113c\u012bga l\u012bme: laika gait\u0101 t\u0101 stingri piel\u012bp, piem\u0113rota lieto\u0161anai uz t\u0101diem materi\u0101liem k\u0101 fl\u012bzes, marmors un met\u0101ls. Izstr\u0101d\u0101jums ir viegls, un to var uzst\u0101d\u012bt tr\u012bs vienk\u0101r\u0161\u0101s darb\u012bb\u0101s, padarot to praktisku un viegli lietojamu. <\/li>\n<li> Da\u017e\u0101das specifik\u0101cijas: Ietver 48 piram\u012bdas formas putu pane\u013cus, kas p\u0101rkl\u0101j 48 kvadr\u0101tp\u0113das. J\u016bs varat ieg\u0101d\u0101ties atbilsto\u0161u daudzumu atbilsto\u0161i sav\u0101m vajadz\u012bb\u0101m, samazinot troksni un vienlaikus uzlabojot iek\u0161telpu vidi. <\/li>\n<li> Pla\u0161i pielietojumi: tr\u012bsdimensiju strukt\u016bra \u013cauj ska\u0146u vi\u013c\u0146us atstarot un izklied\u0113t vair\u0101kas reizes, kad tie atsitas pret padzi\u013cin\u0101to virsmu, efekt\u012bvi samazinot troksni Ska\u0146u sl\u0101p\u0113jo\u0161os pane\u013cus var pla\u0161i izmantot ierakstu studij\u0101s, m\u0101jas kinoz\u0101l\u0113s, birojos un citur. <\/li>\n<\/ul>","protected":false},"featured_media":350461,"comment_status":"closed","ping_status":"open","template":"","meta":{"om_disable_all_campaigns":false,"_monsterinsights_skip_tracking":false,"_monsterinsights_sitenote_active":false,"_monsterinsights_sitenote_note":"","_monsterinsights_sitenote_category":0,"_uf_show_specific_survey":0,"_uf_disable_surveys":false},"location":[1935,1934],"product_brand":[21],"product_cat":[4637,2431,3613,3614],"product_tag":[],"class_list":{"0":"post-56875","1":"product","2":"type-product","3":"status-publish","4":"has-post-thumbnail","6":"location-supplier_stock_location","7":"location-local_stock_location","8":"product_brand-vevor","9":"product_cat-acoustic-foam-panels","10":"product_cat-building-materials-2","11":"product_cat-insulation-building-materials-2","12":"product_cat-insulation-accessories","14":"first","15":"outofstock","16":"taxable","17":"shipping-taxable","18":"purchasable","19":"product-type-simple"},"aioseo_notices":[],"jetpack_sharing_enabled":true,"locations":[{"id":1935,"name":"Pieg\u0101d\u0101t\u0101ja noliktav\u0101 (5-7d.d.)","slug":"supplier_stock_location","quantity":"0"},{"id":1934,"name":"R\u012bgas veikal\u0101 (0-2d.d.)","slug":"local_stock_location","quantity":"0"}],"_links":{"self":[{"href":"https:\/\/vevorshop.lv\/lv\/wp-json\/wp\/v2\/product\/56875","targetHints":{"allow":["GET"]}}],"collection":[{"href":"https:\/\/vevorshop.lv\/lv\/wp-json\/wp\/v2\/product"}],"about":[{"href":"https:\/\/vevorshop.lv\/lv\/wp-json\/wp\/v2\/types\/product"}],"replies":[{"embeddable":true,"href":"https:\/\/vevorshop.lv\/lv\/wp-json\/wp\/v2\/comments?post=56875"}],"wp:featuredmedia":[{"embeddable":true,"href":"https:\/\/vevorshop.lv\/lv\/wp-json\/wp\/v2\/media\/350461"}],"wp:attachment":[{"href":"https:\/\/vevorshop.lv\/lv\/wp-json\/wp\/v2\/media?parent=56875"}],"wp:term":[{"taxonomy":"location","embeddable":true,"href":"https:\/\/vevorshop.lv\/lv\/wp-json\/wp\/v2\/location?post=56875"},{"taxonomy":"product_brand","embeddable":true,"href":"https:\/\/vevorshop.lv\/lv\/wp-json\/wp\/v2\/product_brand?post=56875"},{"taxonomy":"product_cat","embeddable":true,"href":"https:\/\/vevorshop.lv\/lv\/wp-json\/wp\/v2\/product_cat?post=56875"},{"taxonomy":"product_tag","embeddable":true,"href":"https:\/\/vevorshop.lv\/lv\/wp-json\/wp\/v2\/product_tag?post=56875"}],"curies":[{"name":"wp","href":"https:\/\/api.w.org\/{rel}","templated":true}]}}