{"id":57242,"date":"2024-11-29T07:39:18","date_gmt":"2024-11-29T07:39:18","guid":{"rendered":"https:\/\/vevorshop.lv\/en_us\/Prece\/vevor-pool-handrail-39-x-32-inch-stainless-steel-with-base-plate-for-spas\/"},"modified":"2026-04-19T22:27:03","modified_gmt":"2026-04-19T19:27:03","slug":"vevor-pool-handrail-39-x-32-inch-stainless-steel-with-base-plate-for-spas","status":"publish","type":"product","link":"https:\/\/vevorshop.lv\/lv\/Prece\/vevor-baseina-margas-39-x-32-collas-nerusejosa-terauda-ar-pamatplaksni-spa-baseiniem\/","title":{"rendered":"VEVOR ner\u016bs\u0113jo\u0161\u0101 t\u0113rauda baseina rokturis 99x81cm ar pamatni un roktura p\u0101rsegu, r\u016bsas iztur\u012bgs margas baseiniem un spa, 100kg noslodze"},"content":{"rendered":"<div style=\"color: #fff!important; font-size: 16px; height: 24px; line-height: 24px; margin-top: -24px; \" class=\"product_original_name\">VEVOR Pool Handrail, 39 x 32 inch Pool Railing, Stainless Steel with Base Plate for Indoor\/Outdoor Pools,Swimming Pool Safety Railing for Decks,Rust-Proof Grab Bar w\/ Grip Cover&Accessories for Spas<\/div>\n<div style=\"color: #fff!important; font-size: 16px; height: 24px; line-height: 24px; margin-top: -24px; \" class=\"product_sku\">M4I4MKW5<\/div>\n<div style=\"color: #fff!important; font-size: 16px; height: 24px; line-height: 24px; margin-top: -24px; \" class=\"product_mpn\">BXGYCFSDDB39WBGVHV0<\/div><div id=\"js-DM_at-goodDescRich\"><html><head><style>  body {    font-family: Arial;    line-height: 1.5;    color: #1c1c1c;    overflow-x: hidden;    margin: 0;    padding: 0;  }  .MsoNormal b {    font-weight: bolder;  }<\/style><style>  .container.small {    width: 970px;    margin: 0 auto;  }  .logo {    margin: 0 auto 0;  }  .logo img {    display: block;    margin: 0 auto;    max-width: 100%;  }  .logo .pc-banner {    display: block;    width: 1200px;    height: 247.4px;    margin: 0 auto;  }  .logo .pc-banner.small {    width: 970px;  }  .logo .pc-banner.small img {    height: auto!important;  }  .logo .m-banner {    display: none;  }  .ytvideo {    position: relative;    height: 546px;    width: 100%;    margin: 0 auto;  }  .ytvideo img {    width: 100%;    margin: 0 auto;  }  .ytvideo .play-btn {    width: 60px;    height: 42px;    position: absolute;    top: 50%;    left: 50%;    transform: translate(-50%, -50%);    background: url(\"data:image\/png;base64,iVBORw0KGgoAAAANSUhEUgAAAGQAAABGCAMAAAANWMFbAAAC+lBMVEUAAADBGB3kLCfBGB3kLCfcJC7BFx3KKSbiKybkLCbWJCPSIiLSIiLPICHAFx3kLCfgKSXNHiDZJiTIGx\/p4eHcjo7LHSDbJyTkLCbjKyfOHyHPIiL28fHJHB\/GGh7EGR7eKCXDGB3RISHlLSbBGB3AFxzGHB7DGB7BGB3hKybkKybAFx3lLCfAFxzDGR3hKibDGB7cJyTmz8\/elJTlwcHjurrUIyLlLSflLSfAFx3DGR7lLSfCFx3hKibhKibhKybjKybkLCblLSfbJSX49vbx7e3NNzjNMTLMJyjVIyLZf3\/ZQ0LaeHjx0tLgoqLkLCfCGB3HGx\/BGB3BFx3PICHCGB7WJCLOHyC\/Fxy\/Fx3lLCfQISHkLSe\/FxzbJiTBFx3FGx\/AGB7BFx3EGR7AGB3HHSDfKiXAFh3TISHYNzbhKibbJyTTIiL57e325+f039\/v2NjUV1fOHiHiqanfmprch4feKSXVIyPOICHmLibFGh\/mLSe\/Fx7XJCPeKSXXJSPNHyHaJyTGGh7lLCbmLCflLSjSIiLkLCbdKSXLHiC\/GB3KHh++Fh3lKyfoLiXcKCPkx8fYb2\/XaGfVXl3aU1LLHiDksbHgKibPICHbJyTfKSXbJyTCGB3KHSDiKybFGh7TIiL\/\/\/\/VIyPRISHIHB\/GGx\/HHB\/DGR7gKibdKCXLHiDZJiTMHiDNHyHYJSTOICHPICHWJCPcKCXXJSPjLCblLCf+\/f3NGR\/uLijzLynPGR\/IGB7WISHaIyLLGh7UAADxLynNAADRLzDbICLQAADIAAD3MCrUHSHXMTDpKSbLAADp5OTij4\/ejo\/VLy\/1LyngJSTcJCPQHx\/OHB7+\/PzaMS\/OLS\/vLijrLSjSAADaNTPwLyjkKSbNJCbYISHPHB\/KGB7WAAD7+vrn3d3aKynTKCjoLCfsKifRGh\/YAADq5+fhjo7QNDXXKCfmJyXt5+fTLzDLLi\/QKivYHRvMGBrQJCXLISPMExXLDxLaEAvkkI\/bOTfaFQ\/SCgpvLcnHAAAAmnRSTlMA+vv7+gT9Bvf9+8z8\/NSv\/Pr5+P7++vnQIBMP\/v38\/Pn348XDiCYf9OjbzcqxXVcx\/fz8+\/rj1r2poo1+fXFqX0orGP7+\/v7+\/fz8+\/r68uzn4trIxsG\/vri3p6GcmZSNbWVYUUZEPQv+\/f39+\/v7+\/v7+vr64tvV1NTTz87FtbSurqeblJKFg4B3bUY+NjL7+\/v7+\/v67t1cDo8JLQAABkRJREFUWMO0kz9rwkAYh0OIeJkum6YugUAhISCdKoj\/P4C7SMdS+gEKIhSKil10LSg4mzXkILdlEpxCpwTiWOLX6BujvQaEQuGeHLnL+\/64J+SIcKGYTYWnntpdLjrVdqvZmNdn0+EE40GtpuuWVS6Xx6N7YDSGpWXpeq02wHgynM7q80az1a52HpddtVcpsi1zFARBrdaxbhp9iUReTGmwA4KAAr7vx3EYejnCMI6hQYEgy0LQi4jUN0wL19vqFcUC9\/1dAKmEEFkWRYkh5oBejnxQJiSJPJ\/uKBp0Thszx9Mw8hMRIQjKsptCfuES9zr5WJY6vSFCIvE9fCMUmEM1A1kSXcYGxgVYsvI1IPKTZciSTI0us\/SMGG04gDzELDoFBwdcFJrF88dqgYMTiL6DILWYyfOWE8\/kIz38olCNlC03FK95+imxp6y4oUSvAnBjHHhKNtotSDqJzVFiK8c2SBqhZtsrTtgrLXwAyduxZHNE26eHUt5rtuM4WSmds3G+sUdWYo1L+XyxButoh5eKUHk5lByO3G1LqqCWVnfrv\/lyPtf\/4ps1cndNGIri8J1TJ0lx6dR\/oPjq1nbRwdp2dCk4CtIOLW3pVKRL6WZfS5vF2KkIQhpwSsjiYIgNCs1gEMGqiIq24NQX9NwoXFy8Ufrl3twTcg4fv8T9\/JBEySduj6Mjm4bMzYV7EEOxKjjoNDud7yY3Dy71Hq2oLmqfbNR723edH9PgMrNL2utoQ3VmaIDkiw\/4w51P06hlZsTZvkRrbVuSIs\/zwSOsycgzStQouoAkWQqioRT5XI7n2Z1wfVhoZmcAJLsoqjqpjbWCgpOAJXBwHK8PzWbNvoUZJND5wCnSkLAkZ1legx6vqQzjoiTahKlGUGLAiIIoABOHaNVw4sexZBym6\/HWlH5h3IC7yRbxtipcWxdTOkORKiNQAEkFf66x5S2oeRbroOlLgg0sSYkR0hRGEqJZ0jTPiQKatESdBckpWigxaapEH0lImHdWu9pUFF2XqMNM2Z4kped7IwEJw2qabwtrQqnpw6HyKkgcadKWsmpywwesDyIhYRpdzXddqegtGIJlXbAIUMOLkGxJUjRIkokwjUaX9d\/kK62ps\/tYUqZLIMkLTyBhsMZ3C5Z\/kDxOSCb\/DOs\/\/J0qcWSX\/2ipe56EgTCA4\/cB7NAYOsni4mZM1MUPAISoEwkDi4lhVBQ1cWQyIcwalw4EpqZN68JUSK7XC0kTlkLYii5uXSC8jT5ncCAS7mjCv0uHp\/3lueHEEAeQ\/\/VgmdN71\/2uCSA1Xr6DO6uI6sW56zqT2tp2PhgiRUAajV8CY2fkcz6WGNKMgLAt7tJAhD4YHMTeRxlALE6+43WqjSWi8ITxyJl8WrwWSNESQZZOqhDDntO3hJLsd5RtSpbJqdv3YrDJH3F7jL1R2O2aQkn2MyCyKYz0GPGIvSAMgBCrCEiJyKbBaYGwLW4uPRr0A0M4Ux5kUI7IBh+hMdiCEWNqhMZGyYMsOgNE58UQuEQeUnSWCMYwL54hkxK6IoqucQZbQ3pc3XtL0lky1dL0zZJJDpWJovFqpWj6JEHnyam2eQp5QRVAVHjWparTOaVwUOx99YS2MvgxIGV0bb+qIg2HX2qkFFJB+XZcbLiuRkuxD9GRroKyveLxdh4d7Orx+hb7qc3uVRuEogCOnyIxm4ubUoPgF4jianDrC+SDQDKEfJb0GUKmjCGPYHGJvVC6X4hw1\/sAfQAdfYyephIaspXe36RwOP+Ljvfx9B6B3i+Nk0DGq+oCbLn6JpBa9nWAveAIHwFAwtVcIJXPMPL8kRu5OAYPMaL1WScTxjiZDqB9LTJSWphow\/pTYKRTLjCBhvi9iBidvKcDasGSm0QQkycYuLBqj6QCELPctqChDWpTRMWkngNNpQ1Pfp1KkiT\/Y0DGffXAweUNfLAfaJFKDwhb6I+bkYRbkERoEeu3Fyjg2opMz2daZCS9jt6Q7txNfB+OZEVF6Zl5web2xunnLQrtrjXseXKaFYziYINeMFZVxS9VxRhOoesYwxPKXm+gWLG9cuFeq93UNNeJNsf1KlwuDok9n02n3TgIJpOxNfL9naIoQwXtfH9kjceTIIi709ncTg6LZbg+biLH1V6u\/7rxBem06VXKn9raAAAAAElFTkSuQmCC\")      no-repeat center center \/ contain;  }  @media screen and (max-width: 960px) and (orientation: portrait) {    .logo {      width: 100%;    }    .logo .pc-banner {      display: none;    }    .logo .m-banner {      display: block;      width: 100%;    }    .logo .m-banner img {      height: auto!important;    }    .ytvideo {      height: 200px;      width: 100%;    }  }<\/style><style>  .video-section {    width: 100%;    margin: 0 auto;  }  .video-section > img {    width: 100%;  }  .video-section iframe,  .video-section video {    width: 100%;    height: 100%;      }  .video-section-img-m,  .video-section-img-pc > img {    width: 100%;    height: auto;  }  .video-section-img-pc.small > img {    width: 970px;  }  .video-desc {    line-height: 1.5;    font-size: 20px;    font-weight: 400;    margin: 20px 0;    text-align: center;    color: #0f1111;    word-break: break-word;  }  @media screen and (max-width: 960px) and (orientation: portrait) {    .video-section {      width: 100%;    }    .video-section-pc,    .video-section-img-pc {      display: none;    }    .video-section-m,    .video-section-img-m {      display: block;    }    .video-desc {      font-size: 15px;    }  }  @media screen and (min-width: 960px) {    .video-section {      width: 100%;      margin: 0 auto;    }    .video-section-pc,    .video-section-img-pc {      display: block;    }    .video-section-m,    .video-section-img-m {      display: none;    }    .video-desc {      font-size: 20px;    }  }<\/style><style>  .section + .section {    margin-top: 35px;  }  .section-title {    text-align: center;    font-weight: bold;    color: #0d1111;    font-family: \"Arial\";    font-size: 32px;    margin: 15px 0;  }  .section-title:empty {    display: none;  }  .section-desc {    text-align: center;    font-weight: normal;    color: #0d1111;    margin-top: 20px;  }  .section-desc:empty {    display: none;  }  .section-img {    width: 1200px;    height: 492px;    margin: 0 auto;    display: block;  }  .section-img.small {    width: 970px;    height: auto;  }  .section-img.small > img {    height: auto;  }  .section-img > img {    width: 100%;    height: 100%;  }  .section-mobile-img {    display: none;    max-width: 100vw;    max-height: 75vw;    height: 450px;    margin: 0 auto;  }  .section-mobile-img > img {    width: 100%;    height: 100%;  }  @media screen and (max-width: 960px) and (orientation: portrait) {    .container {      width: 100%;    }    .container.small {      width: 100%;    }    .section-mobile-img {      display: block;    }    .section-img {      display: none;    }    .section-title {      font-size: 22px;      margin: 10px 0;    }    .section-desc {      margin-top: 10px;    }    .section + .section {      margin-top: 20px;    }  }<\/style><\/head><body><div class=\"container small\"><div class=\"logo\"><div class=\"pc-banner small\"><div><img decoding=\"async\" src=\"\/vevor\/vevor\/boutique-banner\/pc\/en-pc@1x.jpg\" style=\"width: 100%;\" \/><\/div><\/div><div class=\"m-banner\"><div><img decoding=\"async\" src=\"\/vevor\/vevor\/boutique-banner\/mobile\/en-m@1x.jpg\" style=\"width: 100%;\" \/><\/div><\/div><\/div><div class=\"section-title\">Ner\u016bs\u0113jo\u0161\u0101 t\u0113rauda baseina margas<\/div><div class=\"video-section\"><div class=\"video-section-img-pc small\"><img decoding=\"async\" src=\"\/vevor\/product\/BXGYCFSDDB39WBGVH\/pool-handrail-a100-1.4-pt.jpg\" \/><\/div><div class=\"video-section-img-m\"><img decoding=\"async\" src=\"\/vevor\/product\/BXGYCFSDDB39WBGVH\/pool-handrail-a100-1.4-pt.jpg\" \/><\/div><div class=\"section-desc\">Piln\u012bgi jaunas ner\u016bs\u0113jo\u0161\u0101 t\u0113rauda margas, kas \u012bpa\u0161i paredz\u0113tas baseiniem Triecieniztur\u012bgas un deform\u0101cijas iztur\u012bgas, apr\u012bkotas ar nesl\u012bdo\u0161iem margu rokturiem dro\u0161am atbalstam Izv\u0113lieties m\u016bsu margu izstr\u0101d\u0101jumus ilgsto\u0161ai dro\u0161\u012bbai iek\u0101p\u0161anas laik\u0101.<\/div><\/div><div class=\"section\"><div class=\"section-title\"><\/div><div class=\"section-img small\"><img decoding=\"async\" src=\"\/vevor\/product\/BXGYCFSDDB39WBGVH\/pool-handrail-a100-2.2-pt.jpg\" \/><\/div><div class=\"section-mobile-img\"><img decoding=\"async\" src=\"\/vevor\/product\/BXGYCFSDDB39WBGVH\/pool-handrail-a100-2.2-pt.jpg\" \/><\/div><div class=\"section-desc\">Ekspert\u012bzi izstr\u0101d\u0101tas ner\u016bs\u0113jo\u0161\u0101 t\u0113rauda margas nodro\u0161ina, ka katrs solis, kam\u0113r iek\u0101p\u0161ana ir cieta un uzticama.Bez\u0161uvju metin\u0101\u0161anas metodes nov\u0113r\u0161 r\u016bsu un koroziju, padarot t\u0101s lieliski piem\u0113rotas dro\u0161\u012bbai pie baseina.<\/div><\/div><div class=\"section\"><div class=\"section-title\"><\/div><div class=\"section-img small\"><img decoding=\"async\" src=\"\/vevor\/product\/BXGYCFSDDB39WBGVH\/pool-handrail-a100-2.3-pt.jpg\" \/><\/div><div class=\"section-mobile-img\"><img decoding=\"async\" src=\"\/vevor\/product\/BXGYCFSDDB39WBGVH\/pool-handrail-a100-2.3-pt.jpg\" \/><\/div><div class=\"section-desc\">M\u016bsu ner\u016bs\u0113jo\u0161\u0101 t\u0113rauda margas iztur visas \u010detras sezonas Ar \u016bdensnecaurlaid\u012bg\u0101m un r\u016bsas iztur\u012bg\u0101m \u012bpa\u0161\u012bb\u0101m t\u0101s saglab\u0101jas stabilas skarbos laikapst\u0101k\u013cos, nodro\u0161inot nemain\u012bgu dro\u0161\u012bbu.<\/div><\/div><div class=\"section\"><div class=\"section-title\"><\/div><div class=\"section-img small\"><img decoding=\"async\" src=\"\/vevor\/product\/BXGYCFSDDB39WBGVH\/pool-handrail-a100-2.4-pt.jpg\" \/><\/div><div class=\"section-mobile-img\"><img decoding=\"async\" src=\"\/vevor\/product\/BXGYCFSDDB39WBGVH\/pool-handrail-a100-2.4-pt.jpg\" \/><\/div><div class=\"section-desc\">M\u016bsu baseina margas ir savietojamas ar da\u017e\u0101diem virsmas materi\u0101liem, tostarp betonu, koku un fl\u012bz\u0113m, \u013caujot \u0101tri uzst\u0101d\u012bt Nav nepiecie\u0161ami sare\u017e\u0123\u012bti instrumenti, lai izveidotu dro\u0161u un iztur\u012bgu \u0101ra margu.<\/div><\/div><div class=\"section\"><div class=\"section-title\"><\/div><div class=\"section-img small\"><img decoding=\"async\" src=\"\/vevor\/product\/BXGYCFSDDB39WBGVH\/pool-handrail-a100-2.5-pt.jpg\" \/><\/div><div class=\"section-mobile-img\"><img decoding=\"async\" src=\"\/vevor\/product\/BXGYCFSDDB39WBGVH\/pool-handrail-a100-2.5-pt.jpg\" \/><\/div><div class=\"section-desc\">Katrs dizaina elements atspogu\u013co m\u016bsu ap\u0146em\u0161anos r\u016bp\u0113ties par j\u016bsu dro\u0161\u012bbu. Tr\u012bspak\u0101pju izliekuma dizains apvienojum\u0101 ar nesl\u012bdo\u0161iem rokturiem nodro\u0161ina dro\u0161u un \u0113rtu satv\u0113rienu, uzlabojot konstrukcijas iztur\u012bbu un nov\u0113r\u0161ot \u0161\u016bpo\u0161anos.<\/div><\/div><div class=\"section\"><div class=\"section-img small\"><img decoding=\"async\" src=\"\/vevor\/product\/BXGYCFSDDB39WBGVH\/pool-handrail-a100-1.11-pt.jpg\" \/><\/div><div class=\"section-mobile-img\"><img decoding=\"async\" src=\"\/vevor\/product\/BXGYCFSDDB39WBGVH\/pool-handrail-a100-1.11-pt.jpg\" \/><\/div><\/div><\/div><\/body><\/html><\/div>\n<div class=\"DM_at-title\" id=\"js-DM_at-title\"> <div>Produkta specifik\u0101cija<\/div> <i class=\"icon-arrowup_line\"><\/i> <\/div><div class=\"DM_at-goodsDescAttr\" id=\"js-DM_at-goodsDescAttr\"> <div class=\"DM_at-goodsDescAttrInner\"> <dl class=\"goodsDesc_item goodsDesc_item_even\"> <dt>Preces mode\u013ca nr.<\/dt> <dd> B-3932<\/dd> <\/dl> <dl class=\"goodsDesc_item\"> <dt>Produkta Izm\u0113ri<\/dt> <dd> 38.98 x 3.94 x 31.97 inch \/ 990 x 100 x 812 mm<\/dd> <\/dl> <dl class=\"goodsDesc_item goodsDesc_item_even\"> <dt>Galvenais materi\u0101ls<\/dt> <dd> Ner\u016bs\u0113jo\u0161\u0101 T\u0113rauda<\/dd> <\/dl> <dl class=\"goodsDesc_item\"> <dt>Neto svars<\/dt> <dd> 7,28 m\u0101rci\u0146as \/ 3,3 kg<\/dd> <\/dl> <dl class=\"goodsDesc_item goodsDesc_item_even\"> <dt>Kr\u0101sa<\/dt> <dd> Sudraba Balts<\/dd> <\/dl> <dl class=\"goodsDesc_item\"> <dt>Vertik\u0101l\u0101 svara iztur\u012bba<\/dt> <dd> 220 m\u0101rci\u0146as \/ 100 kg<\/dd> <\/dl> <\/div> <\/div>","protected":false},"excerpt":{"rendered":"<ul>\n<li> 304 ner\u016bs\u0113jo\u0161\u0101 t\u0113rauda baseina margas: m\u016bsu baseina margas ir izgatavotas no iztur\u012bga 304 ner\u016bs\u0113jo\u0161\u0101 t\u0113rauda, \u200b\u200bkas paredz\u0113ts vi\u013c\u0146u triecienu iztur\u012bbai. T\u0101s ir anod\u0113tas, lai nodro\u0161in\u0101tu aizsardz\u012bbu pret UV starojumu, ir iztur\u012bgas pret deform\u0101ciju un t\u0101m ir prec\u012bza metin\u0101juma \u0161uve, padarot t\u0101s ide\u0101li piem\u0113rotas \u0101ra baseiniem. <\/li>\n<li> Iztur l\u012bdz 90 kg: Pateicoties izcilai svara iztur\u012bbai, m\u016bsu baseina dro\u0161\u012bbas margas nodro\u0161ina dro\u0161u atbalstu gan pieaugu\u0161ajiem, gan b\u0113rniem. Vienlaidus, viengabalainais dizains ir iztur\u012bgs un ilgm\u016b\u017e\u012bgs, ar sabiezin\u0101t\u0101m cauru\u013cu sien\u0101m un pamatni papildu iztur\u012bbai. <\/li>\n<li> Vienk\u0101r\u0161a mont\u0101\u017ea: M\u0113s pied\u0101v\u0101jam pilnu uzst\u0101d\u012b\u0161anas instrumentu komplektu \u0101trai uzst\u0101d\u012b\u0161anai uz betona, koka, fl\u012b\u017eu vai marmora virsm\u0101m. Visas nepiecie\u0161am\u0101s sast\u0101vda\u013cas, tostarp atv\u0113rta gala uzgrie\u017e\u0146u atsl\u0113ga un urbis, ir iek\u013cautas komplekt\u0101, lai uzst\u0101d\u012b\u0161ana b\u016btu vienk\u0101r\u0161a. <\/li>\n<li> Stabila konstrukcija: Unik\u0101lais tr\u012bspak\u0101pju izliekuma dizains nodro\u0161ina dro\u0161u satv\u0113rienu iek\u0101p\u0161anas laik\u0101, pied\u0101v\u0101jot dro\u0161\u012bbu un lieto\u0161anas \u0113rtumu. M\u012bksti, \u0113rti nesl\u012bdo\u0161i rokturi nodro\u0161ina stabilit\u0101ti, vienlaikus aiz\u0146emot minim\u0101lu vietu. <\/li>\n<li> Elegants un funkcion\u0101ls: \u0161\u012bs margas apvieno iztur\u012bbu ar elegantu sudrabaini baltu apdari un izsmalcin\u0101tu tekst\u016bru, kas papildina jebkuru vidi. Neatkar\u012bgi no t\u0101, vai t\u0101s atrodas pie \u0101ra baseina, spa vai akvaparka, t\u0101s uzlabo gan dro\u0161\u012bbu, gan est\u0113tiku. <\/li>\n<\/ul>","protected":false},"featured_media":351503,"comment_status":"closed","ping_status":"open","template":"","meta":{"om_disable_all_campaigns":false,"_monsterinsights_skip_tracking":false,"_monsterinsights_sitenote_active":false,"_monsterinsights_sitenote_note":"","_monsterinsights_sitenote_category":0,"_uf_show_specific_survey":0,"_uf_disable_surveys":false},"location":[1935,1934],"product_brand":[21],"product_cat":[2365,3112,3113,2501,2500],"product_tag":[],"class_list":{"0":"post-57242","1":"product","2":"type-product","3":"status-publish","4":"has-post-thumbnail","6":"location-supplier_stock_location","7":"location-local_stock_location","8":"product_brand-vevor","9":"product_cat-outdoors","10":"product_cat-pool-accessories","11":"product_cat-pool-handrail","12":"product_cat-pool-supplies","13":"product_cat-pools","15":"first","16":"instock","17":"taxable","18":"shipping-taxable","19":"purchasable","20":"product-type-simple"},"aioseo_notices":[],"jetpack_sharing_enabled":true,"locations":[{"id":1935,"name":"Pieg\u0101d\u0101ja noliktav\u0101 (5-7dd.d)","slug":"supplier_stock_location","quantity":"126"},{"id":1934,"name":"R\u012bgas veikal\u0101 (0-2d.d.)","slug":"local_stock_location","quantity":"0"}],"_links":{"self":[{"href":"https:\/\/vevorshop.lv\/lv\/wp-json\/wp\/v2\/product\/57242","targetHints":{"allow":["GET"]}}],"collection":[{"href":"https:\/\/vevorshop.lv\/lv\/wp-json\/wp\/v2\/product"}],"about":[{"href":"https:\/\/vevorshop.lv\/lv\/wp-json\/wp\/v2\/types\/product"}],"replies":[{"embeddable":true,"href":"https:\/\/vevorshop.lv\/lv\/wp-json\/wp\/v2\/comments?post=57242"}],"wp:featuredmedia":[{"embeddable":true,"href":"https:\/\/vevorshop.lv\/lv\/wp-json\/wp\/v2\/media\/351503"}],"wp:attachment":[{"href":"https:\/\/vevorshop.lv\/lv\/wp-json\/wp\/v2\/media?parent=57242"}],"wp:term":[{"taxonomy":"location","embeddable":true,"href":"https:\/\/vevorshop.lv\/lv\/wp-json\/wp\/v2\/location?post=57242"},{"taxonomy":"product_brand","embeddable":true,"href":"https:\/\/vevorshop.lv\/lv\/wp-json\/wp\/v2\/product_brand?post=57242"},{"taxonomy":"product_cat","embeddable":true,"href":"https:\/\/vevorshop.lv\/lv\/wp-json\/wp\/v2\/product_cat?post=57242"},{"taxonomy":"product_tag","embeddable":true,"href":"https:\/\/vevorshop.lv\/lv\/wp-json\/wp\/v2\/product_tag?post=57242"}],"curies":[{"name":"wp","href":"https:\/\/api.w.org\/{rel}","templated":true}]}}