{"id":57601,"date":"2024-12-03T12:26:44","date_gmt":"2024-12-03T12:26:44","guid":{"rendered":"https:\/\/vevorshop.lv\/en_us\/Prece\/vevor-insulated-food-pan-carrier-stackable-catering-dishbox-90l-chafing-dish\/"},"modified":"2026-04-04T15:13:48","modified_gmt":"2026-04-04T12:13:48","slug":"vevor-insulated-food-pan-carrier-stackable-catering-dishbox-90l-chafing-dish","status":"publish","type":"product","link":"https:\/\/vevorshop.lv\/lv\/Prece\/vevor-izolets-ediena-pannu-turetajs-kaudze-sakraujama-edinasanas-trauku-kaste-90l-skivju-trauks\/","title":{"rendered":"VEVOR 90L izol\u0113ts p\u0101rtikas konteineris \u2013 sakraujams karsto\/auksto \u0113dienu bokss ar rokturiem, spr\u0101dz\u0113m un rite\u0146iem, priek\u0161\u0113ja iel\u0101de"},"content":{"rendered":"<div style=\"color: #fff!important; font-size: 16px; height: 24px; line-height: 24px; margin-top: -24px; \" class=\"product_original_name\">VEVOR Insulated Food Pan Carrier, 95 Qt Hot Box for Catering, Food Box Carrier with Double Buckles, Front Loading Food Warmer with Handles, Stackable End Loader for Restaurant, Canteen<\/div>\n<div style=\"color: #fff!important; font-size: 16px; height: 24px; line-height: 24px; margin-top: -24px; \" class=\"product_sku\">M4I4MMSI<\/div>\n<div style=\"color: #fff!important; font-size: 16px; height: 24px; line-height: 24px; margin-top: -24px; \" class=\"product_mpn\">SPBWXLSLLDPE2ZZ3JV0<\/div><div id=\"js-DM_at-goodDescRich\"><html><head><style>  body {    font-family: Arial;    line-height: 1.5;    color: #1c1c1c;    overflow-x: hidden;    margin: 0;    padding: 0;  }  .MsoNormal b {    font-weight: bolder;  }<\/style><style>  .container.small {    width: 970px;    margin: 0 auto;  }  .logo {    margin: 0 auto 0;  }  .logo img {    display: block;    margin: 0 auto;    max-width: 100%;  }  .logo .pc-banner {    display: block;    width: 1200px;    height: 247.4px;    margin: 0 auto;  }  .logo .pc-banner.small {    width: 970px;  }  .logo .pc-banner.small img {    height: auto!important;  }  .logo .m-banner {    display: none;  }  .ytvideo {    position: relative;    height: 546px;    width: 100%;    margin: 0 auto;  }  .ytvideo img {    width: 100%;    margin: 0 auto;  }  .ytvideo .play-btn {    width: 60px;    height: 42px;    position: absolute;    top: 50%;    left: 50%;    transform: translate(-50%, -50%);    background: url(\"data:image\/png;base64,iVBORw0KGgoAAAANSUhEUgAAAGQAAABGCAMAAAANWMFbAAAC+lBMVEUAAADBGB3kLCfBGB3kLCfcJC7BFx3KKSbiKybkLCbWJCPSIiLSIiLPICHAFx3kLCfgKSXNHiDZJiTIGx\/p4eHcjo7LHSDbJyTkLCbjKyfOHyHPIiL28fHJHB\/GGh7EGR7eKCXDGB3RISHlLSbBGB3AFxzGHB7DGB7BGB3hKybkKybAFx3lLCfAFxzDGR3hKibDGB7cJyTmz8\/elJTlwcHjurrUIyLlLSflLSfAFx3DGR7lLSfCFx3hKibhKibhKybjKybkLCblLSfbJSX49vbx7e3NNzjNMTLMJyjVIyLZf3\/ZQ0LaeHjx0tLgoqLkLCfCGB3HGx\/BGB3BFx3PICHCGB7WJCLOHyC\/Fxy\/Fx3lLCfQISHkLSe\/FxzbJiTBFx3FGx\/AGB7BFx3EGR7AGB3HHSDfKiXAFh3TISHYNzbhKibbJyTTIiL57e325+f039\/v2NjUV1fOHiHiqanfmprch4feKSXVIyPOICHmLibFGh\/mLSe\/Fx7XJCPeKSXXJSPNHyHaJyTGGh7lLCbmLCflLSjSIiLkLCbdKSXLHiC\/GB3KHh++Fh3lKyfoLiXcKCPkx8fYb2\/XaGfVXl3aU1LLHiDksbHgKibPICHbJyTfKSXbJyTCGB3KHSDiKybFGh7TIiL\/\/\/\/VIyPRISHIHB\/GGx\/HHB\/DGR7gKibdKCXLHiDZJiTMHiDNHyHYJSTOICHPICHWJCPcKCXXJSPjLCblLCf+\/f3NGR\/uLijzLynPGR\/IGB7WISHaIyLLGh7UAADxLynNAADRLzDbICLQAADIAAD3MCrUHSHXMTDpKSbLAADp5OTij4\/ejo\/VLy\/1LyngJSTcJCPQHx\/OHB7+\/PzaMS\/OLS\/vLijrLSjSAADaNTPwLyjkKSbNJCbYISHPHB\/KGB7WAAD7+vrn3d3aKynTKCjoLCfsKifRGh\/YAADq5+fhjo7QNDXXKCfmJyXt5+fTLzDLLi\/QKivYHRvMGBrQJCXLISPMExXLDxLaEAvkkI\/bOTfaFQ\/SCgpvLcnHAAAAmnRSTlMA+vv7+gT9Bvf9+8z8\/NSv\/Pr5+P7++vnQIBMP\/v38\/Pn348XDiCYf9OjbzcqxXVcx\/fz8+\/rj1r2poo1+fXFqX0orGP7+\/v7+\/fz8+\/r68uzn4trIxsG\/vri3p6GcmZSNbWVYUUZEPQv+\/f39+\/v7+\/v7+vr64tvV1NTTz87FtbSurqeblJKFg4B3bUY+NjL7+\/v7+\/v67t1cDo8JLQAABkRJREFUWMO0kz9rwkAYh0OIeJkum6YugUAhISCdKoj\/P4C7SMdS+gEKIhSKil10LSg4mzXkILdlEpxCpwTiWOLX6BujvQaEQuGeHLnL+\/64J+SIcKGYTYWnntpdLjrVdqvZmNdn0+EE40GtpuuWVS6Xx6N7YDSGpWXpeq02wHgynM7q80az1a52HpddtVcpsi1zFARBrdaxbhp9iUReTGmwA4KAAr7vx3EYejnCMI6hQYEgy0LQi4jUN0wL19vqFcUC9\/1dAKmEEFkWRYkh5oBejnxQJiSJPJ\/uKBp0Thszx9Mw8hMRIQjKsptCfuES9zr5WJY6vSFCIvE9fCMUmEM1A1kSXcYGxgVYsvI1IPKTZciSTI0us\/SMGG04gDzELDoFBwdcFJrF88dqgYMTiL6DILWYyfOWE8\/kIz38olCNlC03FK95+imxp6y4oUSvAnBjHHhKNtotSDqJzVFiK8c2SBqhZtsrTtgrLXwAyduxZHNE26eHUt5rtuM4WSmds3G+sUdWYo1L+XyxButoh5eKUHk5lByO3G1LqqCWVnfrv\/lyPtf\/4ps1cndNGIri8J1TJ0lx6dR\/oPjq1nbRwdp2dCk4CtIOLW3pVKRL6WZfS5vF2KkIQhpwSsjiYIgNCs1gEMGqiIq24NQX9NwoXFy8Ufrl3twTcg4fv8T9\/JBEySduj6Mjm4bMzYV7EEOxKjjoNDud7yY3Dy71Hq2oLmqfbNR723edH9PgMrNL2utoQ3VmaIDkiw\/4w51P06hlZsTZvkRrbVuSIs\/zwSOsycgzStQouoAkWQqioRT5XI7n2Z1wfVhoZmcAJLsoqjqpjbWCgpOAJXBwHK8PzWbNvoUZJND5wCnSkLAkZ1legx6vqQzjoiTahKlGUGLAiIIoABOHaNVw4sexZBym6\/HWlH5h3IC7yRbxtipcWxdTOkORKiNQAEkFf66x5S2oeRbroOlLgg0sSYkR0hRGEqJZ0jTPiQKatESdBckpWigxaapEH0lImHdWu9pUFF2XqMNM2Z4kped7IwEJw2qabwtrQqnpw6HyKkgcadKWsmpywwesDyIhYRpdzXddqegtGIJlXbAIUMOLkGxJUjRIkokwjUaX9d\/kK62ps\/tYUqZLIMkLTyBhsMZ3C5Z\/kDxOSCb\/DOs\/\/J0qcWSX\/2ipe56EgTCA4\/cB7NAYOsni4mZM1MUPAISoEwkDi4lhVBQ1cWQyIcwalw4EpqZN68JUSK7XC0kTlkLYii5uXSC8jT5ncCAS7mjCv0uHp\/3lueHEEAeQ\/\/VgmdN71\/2uCSA1Xr6DO6uI6sW56zqT2tp2PhgiRUAajV8CY2fkcz6WGNKMgLAt7tJAhD4YHMTeRxlALE6+43WqjSWi8ITxyJl8WrwWSNESQZZOqhDDntO3hJLsd5RtSpbJqdv3YrDJH3F7jL1R2O2aQkn2MyCyKYz0GPGIvSAMgBCrCEiJyKbBaYGwLW4uPRr0A0M4Ux5kUI7IBh+hMdiCEWNqhMZGyYMsOgNE58UQuEQeUnSWCMYwL54hkxK6IoqucQZbQ3pc3XtL0lky1dL0zZJJDpWJovFqpWj6JEHnyam2eQp5QRVAVHjWparTOaVwUOx99YS2MvgxIGV0bb+qIg2HX2qkFFJB+XZcbLiuRkuxD9GRroKyveLxdh4d7Orx+hb7qc3uVRuEogCOnyIxm4ubUoPgF4jianDrC+SDQDKEfJb0GUKmjCGPYHGJvVC6X4hw1\/sAfQAdfYyephIaspXe36RwOP+Ljvfx9B6B3i+Nk0DGq+oCbLn6JpBa9nWAveAIHwFAwtVcIJXPMPL8kRu5OAYPMaL1WScTxjiZDqB9LTJSWphow\/pTYKRTLjCBhvi9iBidvKcDasGSm0QQkycYuLBqj6QCELPctqChDWpTRMWkngNNpQ1Pfp1KkiT\/Y0DGffXAweUNfLAfaJFKDwhb6I+bkYRbkERoEeu3Fyjg2opMz2daZCS9jt6Q7txNfB+OZEVF6Zl5web2xunnLQrtrjXseXKaFYziYINeMFZVxS9VxRhOoesYwxPKXm+gWLG9cuFeq93UNNeJNsf1KlwuDok9n02n3TgIJpOxNfL9naIoQwXtfH9kjceTIIi709ncTg6LZbg+biLH1V6u\/7rxBem06VXKn9raAAAAAElFTkSuQmCC\")      no-repeat center center \/ contain;  }  @media screen and (max-width: 960px) and (orientation: portrait) {    .logo {      width: 100%;    }    .logo .pc-banner {      display: none;    }    .logo .m-banner {      display: block;      width: 100%;    }    .logo .m-banner img {      height: auto!important;    }    .ytvideo {      height: 200px;      width: 100%;    }  }<\/style><style>  .video-section {    width: 100%;    margin: 0 auto;  }  .video-section > img {    width: 100%;  }  .video-section iframe,  .video-section video {    width: 100%;    height: 100%;      }  .video-section-img-m,  .video-section-img-pc > img {    width: 100%;    height: auto;  }  .video-section-img-pc.small > img {    width: 970px;  }  .video-desc {    line-height: 1.5;    font-size: 20px;    font-weight: 400;    margin: 20px 0;    text-align: center;    color: #0f1111;    word-break: break-word;  }  @media screen and (max-width: 960px) and (orientation: portrait) {    .video-section {      width: 100%;    }    .video-section-pc,    .video-section-img-pc {      display: none;    }    .video-section-m,    .video-section-img-m {      display: block;    }    .video-desc {      font-size: 15px;    }  }  @media screen and (min-width: 960px) {    .video-section {      width: 100%;      margin: 0 auto;    }    .video-section-pc,    .video-section-img-pc {      display: block;    }    .video-section-m,    .video-section-img-m {      display: none;    }    .video-desc {      font-size: 20px;    }  }<\/style><style>  .section + .section {    margin-top: 35px;  }  .section-title {    text-align: center;    font-weight: bold;    color: #0d1111;    font-family: \"Arial\";    font-size: 32px;    margin: 15px 0;  }  .section-title:empty {    display: none;  }  .section-desc {    text-align: center;    font-weight: normal;    color: #0d1111;    margin-top: 20px;  }  .section-desc:empty {    display: none;  }  .section-img {    width: 1200px;    height: 492px;    margin: 0 auto;    display: block;  }  .section-img.small {    width: 970px;    height: auto;  }  .section-img.small > img {    height: auto;  }  .section-img > img {    width: 100%;    height: 100%;  }  .section-mobile-img {    display: none;    max-width: 100vw;    max-height: 75vw;    height: 450px;    margin: 0 auto;  }  .section-mobile-img > img {    width: 100%;    height: 100%;  }  @media screen and (max-width: 960px) and (orientation: portrait) {    .container {      width: 100%;    }    .container.small {      width: 100%;    }    .section-mobile-img {      display: block;    }    .section-img {      display: none;    }    .section-title {      font-size: 22px;      margin: 10px 0;    }    .section-desc {      margin-top: 10px;    }    .section + .section {      margin-top: 20px;    }  }<\/style><\/head><body><div class=\"container small\"><div class=\"logo\"><div class=\"pc-banner small\"><div><img decoding=\"async\" src=\"\/vevor\/vevor\/boutique-banner\/pc\/en-pc@1x.jpg\" style=\"width: 100%;\" \/><\/div><\/div><div class=\"m-banner\"><div><img decoding=\"async\" src=\"\/vevor\/vevor\/boutique-banner\/mobile\/en-m@1x.jpg\" style=\"width: 100%;\" \/><\/div><\/div><\/div><div class=\"section-title\">Perfekti \u0113dieni, ko var pa\u0146emt l\u012bdzi<\/div><div class=\"video-section\"><div class=\"video-section-img-pc small\"><img decoding=\"async\" src=\"\/vevor\/product\/SPBWXLSLLDPE2ZZ3J\/insulated-food-pan-carrier-a100-1.4-pt.jpg\" \/><\/div><div class=\"video-section-img-m\"><img decoding=\"async\" src=\"\/vevor\/product\/SPBWXLSLLDPE2ZZ3J\/insulated-food-pan-carrier-a100-1.4-pt.jpg\" \/><\/div><div class=\"section-desc\">Uzlabotaj\u0101 p\u0101rtikas izol\u0113taj\u0101 kast\u0113 ir apvienotas lietot\u0101jam draudz\u012bgas deta\u013cas: kaste un aizb\u012bdnis ir sabiezin\u0101ti, lai pagarin\u0101tu kalpo\u0161anas laiku; izol\u0101cijas efekts ir lab\u0101ks un to nav viegli deform\u0113t; izmantots LL9450UP+PA66\/30%GF materi\u0101ls, kas ir viegls un nodro\u0161ina \u0113rtu \u0113diena pieg\u0101di.<\/div><\/div><div class=\"section\"><div class=\"section-title\"><\/div><div class=\"section-img small\"><img decoding=\"async\" src=\"\/vevor\/product\/SPBWXLSLLDPE2ZZ3J\/insulated-food-pan-carrier-a100-2.2-pt.jpg\" \/><\/div><div class=\"section-mobile-img\"><img decoding=\"async\" src=\"\/vevor\/product\/SPBWXLSLLDPE2ZZ3J\/insulated-food-pan-carrier-a100-2.2-pt.jpg\" \/><\/div><div class=\"section-desc\">Sabiezin\u0101tais kastes dizains ne tikai pagarina p\u0101rtikas izol\u0101cijas periodu, bet ar\u012b padara to iztur\u012bg\u0101ku un ilgm\u016b\u017e\u012bg\u0101ku, padarot to par neaizst\u0101jamu pavadoni j\u016bsu \u0113dienu pieg\u0101des darb\u0101.<\/div><\/div><div class=\"section\"><div class=\"section-title\"><\/div><div class=\"section-img small\"><img decoding=\"async\" src=\"\/vevor\/product\/SPBWXLSLLDPE2ZZ3J\/insulated-food-pan-carrier-a100-2.3-pt.jpg\" \/><\/div><div class=\"section-mobile-img\"><img decoding=\"async\" src=\"\/vevor\/product\/SPBWXLSLLDPE2ZZ3J\/insulated-food-pan-carrier-a100-2.3-pt.jpg\" \/><\/div><div class=\"section-desc\">Ar lielu ietilp\u012bbu un vair\u0101ku kar\u0161u slotu dizainu j\u016bs varat br\u012bvi kombin\u0113t un sadal\u012bt iek\u0161\u0113jo telpu, un ieteicams karsto un auksto p\u0101rtiku uzglab\u0101t atsevi\u0161\u0137i.<\/div><\/div><div class=\"section\"><div class=\"section-title\"><\/div><div class=\"section-img small\"><img decoding=\"async\" src=\"\/vevor\/product\/SPBWXLSLLDPE2ZZ3J\/insulated-food-pan-carrier-a100-2.4-pt.jpg\" \/><\/div><div class=\"section-mobile-img\"><img decoding=\"async\" src=\"\/vevor\/product\/SPBWXLSLLDPE2ZZ3J\/insulated-food-pan-carrier-a100-2.4-pt.jpg\" \/><\/div><div class=\"section-desc\">Izol\u0113t\u0101 kaste galvenok\u0101rt ir izgatavota no LL9450UP+PA66\/30%GF materi\u0101la, kas ir \u013coti viegls. Vair\u0101ki lietot\u0101jam draudz\u012bgi dizaini, kas \u012bpa\u0161i izstr\u0101d\u0101ti j\u016bsu faktiskaj\u0101m vajadz\u012bb\u0101m, lai pal\u012bdz\u0113tu samazin\u0101t darba slodzi un atvieglotu darbu.<\/div><\/div><div class=\"section\"><div class=\"section-title\"><\/div><div class=\"section-img small\"><img decoding=\"async\" src=\"\/vevor\/product\/SPBWXLSLLDPE2ZZ3J\/insulated-food-pan-carrier-a100-2.5-pt.jpg\" \/><\/div><div class=\"section-mobile-img\"><img decoding=\"async\" src=\"\/vevor\/product\/SPBWXLSLLDPE2ZZ3J\/insulated-food-pan-carrier-a100-2.5-pt.jpg\" \/><\/div><div class=\"section-desc\">P\u0101rdom\u0101ts dizains padara izol\u0113to kasti cie\u0161\u0101ku un \u0113rt\u0101ku darbam, vienlaikus samazinot durvju atv\u0113r\u0161anas bie\u017eumu un pal\u0113ninot p\u0101rtikas temperat\u016bras zudumu.<\/div><\/div><div class=\"section\"><div class=\"section-img small\"><img decoding=\"async\" src=\"\/vevor\/product\/SPBWXLSLLDPE2ZZ3J\/insulated-food-pan-carrier-a100-1.11-pt.jpg\" \/><\/div><div class=\"section-mobile-img\"><img decoding=\"async\" src=\"\/vevor\/product\/SPBWXLSLLDPE2ZZ3J\/insulated-food-pan-carrier-a100-1.11-pt.jpg\" \/><\/div><\/div><\/div><\/body><\/html><\/div>\n<div class=\"DM_at-title\" id=\"js-DM_at-title\"> <div>Produkta specifik\u0101cija<\/div> <i class=\"icon-arrowup_line\"><\/i> <\/div><div class=\"DM_at-goodsDescAttr\" id=\"js-DM_at-goodsDescAttr\"> <div class=\"DM_at-goodsDescAttrInner\"> <dl class=\"goodsDesc_item goodsDesc_item_even\"> <dt>Preces Mode\u013ca Numurs<\/dt> <dd> BW-90S<\/dd> <\/dl> <dl class=\"goodsDesc_item\"> <dt>Kr\u0101sa<\/dt> <dd> Zils<\/dd> <\/dl> <dl class=\"goodsDesc_item goodsDesc_item_even\"> <dt>Jaudas tips<\/dt> <dd> Neelektrisks<\/dd> <\/dl> <dl class=\"goodsDesc_item\"> <dt>Materi\u0101ls<\/dt> <dd> LL9450UP+PA66\/30%GF<\/dd> <\/dl> <dl class=\"goodsDesc_item goodsDesc_item_even\"> <dt>Jauda<\/dt> <dd> 95 kvarti \/ 90 l<\/dd> <\/dl> <dl class=\"goodsDesc_item\"> <dt>Uztur\u0113t siltumu<\/dt> <dd> 4\u20136 stundas<\/dd> <\/dl> <dl class=\"goodsDesc_item goodsDesc_item_even\"> <dt>Turiet aukstu<\/dt> <dd> 3\u20135 stundas<\/dd> <\/dl> <dl class=\"goodsDesc_item\"> <dt>Iek\u0161\u0113jais izm\u0113rs<\/dt> <dd> 21\" x 13\" x 19\" \/ 53 x 33 x 49 cm<\/dd> <\/dl> <dl class=\"goodsDesc_item goodsDesc_item_even\"> <dt>Izm\u0113ri<\/dt> <dd> 25.39 x 17.52 x 24.41 inch \/ 645 x 445 x 620 mm<\/dd> <\/dl> <dl class=\"goodsDesc_item\"> <dt>Produkta Svars<\/dt> <dd> 36,38 m\u0101rci\u0146as \/ 16,5 kg<\/dd> <\/dl> <\/div> <\/div>","protected":false},"excerpt":{"rendered":"<ul>\n<li> Neelektrisk\u0101 temperat\u016bras saglab\u0101\u0161ana: m\u016bsu priek\u0161\u0113j\u0101s slodzes izol\u0113tais p\u0101rtikas pannas tur\u0113t\u0101js ir j\u016bsu ide\u0101la izv\u0113le p\u0101rtikas konserv\u0113\u0161anai. Tas var uztur\u0113t karstos \u0113dienus vai aukstos dz\u0113rienus bez pat\u0113r\u0113tas elektr\u012bbas un ener\u0123ijas. Sast\u0101v no LL9450UP+PA66\/30%GF, \u0161im nes\u0113jam ir izcila temperat\u016bras saglab\u0101\u0161ana, uzturot \u0113dienu iek\u0161pus\u0113 siltu 4-6 stundas vai atdzes\u0113tu 3-5 stundas. Turkl\u0101t inkrust\u0113tais bl\u012bvgredzens uzlabo siltumizol\u0101ciju, un ventil\u0101cijas v\u0101ci\u0146\u0161 kalpo gaisa spiediena l\u012bdzsvaro\u0161anai un mitruma kontrolei. <\/li>\n<li> Large Inner Capacity: Our hot box for catering has a spacious interior for holding a variety of pan sizes. Its internal dimensions are 21&#8243;x13&#8243;x19&#8243; \/ 53x33x49 cm, and the capacity reaches 95 quarts \/ 90 L. It can accommodate six 2.5&#8243; \/ 6.5 cm pans. Note: Food pans are not included. The food carrier is sure to meet the demands of your menu, and you can transport large amounts of food all at once. <\/li>\n<li> Darbu taupo\u0161a transport\u0113\u0161ana: M\u016bsu izol\u0113t\u0101 p\u0101rtikas kaste ir apr\u012bkota ar 2 sl\u0113ptiem rokturiem aug\u0161pus\u0113, ergonomiska un nepl\u012bsto\u0161a, nodro\u0161inot lielu \u0113rt\u012bbu 1 vai 2 cilv\u0113kiem to pacelt vai nest. Apak\u0161\u0113jie rite\u0146i ar\u012b ietaupa darbu un ir \u0113rti, lai darbinieki var\u0113tu viegli transport\u0113t pilnu kasti uz galam\u0113r\u0137i. Turkl\u0101t t\u0101s aug\u0161pus\u0113 ir 4 rievas, kas lieliski atbilst rite\u0146u izm\u0113ram. J\u016bs varat stabili un stingri sakraut vair\u0101kas kastes pat \u0161aur\u0101s viet\u0101s. <\/li>\n<li> P\u0101rdom\u0101tas deta\u013cas: M\u016bsu \u0113din\u0101\u0161anas \u0113dienu sild\u012bt\u0101j\u0101 ir apvienoti p\u0101rdom\u0101ti dizaini. Aug\u0161\u0113jie un apak\u0161\u0113jie neilona aizb\u012bd\u0146i nodro\u0161ina durvju cie\u0161u aizv\u0113r\u0161anos un temperat\u016bras fiks\u0101ciju iek\u0161pus\u0113. Ieb\u016bv\u0113to durvju v\u0101rpstu var atv\u0113rt par 270 gr\u0101diem, t\u0101p\u0113c, iz\u0146emot \u0113dienu \u0161\u0137\u012bvjus, tie nav j\u0101noliec. Iek\u0161puse ir vienm\u0113r\u012bgi sadal\u012bta, \u0113rti ievietojot vair\u0101kus traukus. Turkl\u0101t \u0113diena veidu var atz\u012bm\u0113t ar \u0113dienkartes rievu, t\u0101d\u0113j\u0101di samazinot durvju atv\u0113r\u0161anas bie\u017eumu. <\/li>\n<li> Piem\u0113rojams da\u017e\u0101diem gad\u012bjumiem: m\u016bsu izol\u0113tais front\u0101lais iekr\u0101v\u0113js ir paredz\u0113ts, lai iztur\u0113tu regul\u0101ras lieto\u0161anas un transport\u0113\u0161anas nodilumu, un tas ir paredz\u0113ts \u0113din\u0101\u0161anai, pieg\u0101dei un citiem lieto\u0161anai ce\u013c\u0101. Tas ir pla\u0161i piem\u0113rojams da\u017e\u0101dos gad\u012bjumos, tostarp, bet ne tikai \u0113damz\u0101les, viesn\u012bcas, \u0101ra banketi un kempings. Un taj\u0101 varat ievietot da\u017e\u0101dus \u0113dienus, piem\u0113ram, karstos \u0113dienus, aukstos dz\u0113rienus, pusdienas l\u012bdz\u0146em\u0161anai, k\u016bkas, putas, sald\u0113jumus utt. <\/li>\n<\/ul>","protected":false},"featured_media":353530,"comment_status":"closed","ping_status":"open","template":"","meta":{"om_disable_all_campaigns":false,"_monsterinsights_skip_tracking":false,"_monsterinsights_sitenote_active":false,"_monsterinsights_sitenote_note":"","_monsterinsights_sitenote_category":0,"_uf_show_specific_survey":0,"_uf_disable_surveys":false},"location":[1935,1934],"product_brand":[21],"product_cat":[2780,2781,3839,2403,2779],"product_tag":[],"class_list":{"0":"post-57601","1":"product","2":"type-product","3":"status-publish","4":"has-post-thumbnail","6":"location-supplier_stock_location","7":"location-local_stock_location","8":"product_brand-vevor","9":"product_cat-food-storage","10":"product_cat-food-storage-containers","11":"product_cat-insulated-food-pan-carrier","12":"product_cat-kitchen","13":"product_cat-kitchen-storage-organization","15":"first","16":"instock","17":"taxable","18":"shipping-taxable","19":"purchasable","20":"product-type-simple"},"aioseo_notices":[],"jetpack_sharing_enabled":true,"locations":[{"id":1935,"name":"Pieg\u0101d\u0101t\u0101ja noliktav\u0101 (5-7d.d.)","slug":"supplier_stock_location","quantity":"3"},{"id":1934,"name":"R\u012bgas veikal\u0101 (0-2d.d.)","slug":"local_stock_location","quantity":"0"}],"_links":{"self":[{"href":"https:\/\/vevorshop.lv\/lv\/wp-json\/wp\/v2\/product\/57601","targetHints":{"allow":["GET"]}}],"collection":[{"href":"https:\/\/vevorshop.lv\/lv\/wp-json\/wp\/v2\/product"}],"about":[{"href":"https:\/\/vevorshop.lv\/lv\/wp-json\/wp\/v2\/types\/product"}],"replies":[{"embeddable":true,"href":"https:\/\/vevorshop.lv\/lv\/wp-json\/wp\/v2\/comments?post=57601"}],"wp:featuredmedia":[{"embeddable":true,"href":"https:\/\/vevorshop.lv\/lv\/wp-json\/wp\/v2\/media\/353530"}],"wp:attachment":[{"href":"https:\/\/vevorshop.lv\/lv\/wp-json\/wp\/v2\/media?parent=57601"}],"wp:term":[{"taxonomy":"location","embeddable":true,"href":"https:\/\/vevorshop.lv\/lv\/wp-json\/wp\/v2\/location?post=57601"},{"taxonomy":"product_brand","embeddable":true,"href":"https:\/\/vevorshop.lv\/lv\/wp-json\/wp\/v2\/product_brand?post=57601"},{"taxonomy":"product_cat","embeddable":true,"href":"https:\/\/vevorshop.lv\/lv\/wp-json\/wp\/v2\/product_cat?post=57601"},{"taxonomy":"product_tag","embeddable":true,"href":"https:\/\/vevorshop.lv\/lv\/wp-json\/wp\/v2\/product_tag?post=57601"}],"curies":[{"name":"wp","href":"https:\/\/api.w.org\/{rel}","templated":true}]}}