{"id":57834,"date":"2024-12-06T12:28:25","date_gmt":"2024-12-06T12:28:25","guid":{"rendered":"https:\/\/vevorshop.lv\/en_us\/Prece\/vevor-pet-door-replacement-flap-21-cm-x-31-cm-8-25-x-12-25-scratch-resistant-weatherproof-magnetic-seal\/"},"modified":"2026-04-28T21:58:47","modified_gmt":"2026-04-28T18:58:47","slug":"vevor-pet-door-replacement-flap-21-cm-x-31-cm-8-25-x-12-25-scratch-resistant-weatherproof-magnetic-seal","status":"publish","type":"product","link":"https:\/\/vevorshop.lv\/lv\/Prece\/vevor-pet-door-replacement-flap-21-cm-x-31-cm-8-25-x-12-25-scratch-resistant-weatherproof-magnetic-seal\/","title":{"rendered":"VEVOR vid\u0113ja izm\u0113ra m\u0101jdz\u012bvnieku durvju aizvietot\u0101js 21x31cm, laikapst\u0101k\u013cu iztur\u012bgs PVC ar magn\u0113tisko bl\u012bv\u0113jumu"},"content":{"rendered":"<div style=\"color: #fff!important; font-size: 16px; height: 24px; line-height: 24px; margin-top: -24px; \" class=\"product_original_name\">VEVOR m\u0101jdz\u012bvnieku durvju nomai\u0146as atloks, sader\u012bgs ar VEVOR atloku m\u0101jdz\u012bvnieku durv\u012bm, izm\u0113ri 8,25 \"x 12,25\" ilg\u0101ka notur\u012bba, iztur\u012bgs pret laikapst\u0101k\u013ciem, sabiezin\u0101ts PVC su\u0146u durvju nomai\u0146as atloks ar garu magn\u0113tisko joslu (vid\u0113js)<\/div>\n<div style=\"color: #fff!important; font-size: 16px; height: 24px; line-height: 24px; margin-top: -24px; \" class=\"product_sku\">M4I4MNH4<\/div>\n<div style=\"color: #fff!important; font-size: 16px; height: 24px; line-height: 24px; margin-top: -24px; \" class=\"product_mpn\">CWMTHFGMMPVCO59Y8V0<\/div><div id=\"js-DM_at-goodDescRich\"><html><head><style>  body {    font-family: Arial;    line-height: 1.5;    color: #1c1c1c;    overflow-x: hidden;    margin: 0;    padding: 0;  }  .MsoNormal b {    font-weight: bolder;  }<\/style><style>  .container.small {    width: 970px;    margin: 0 auto;  }  .logo {    margin: 0 auto 0;  }  .logo img {    display: block;    margin: 0 auto;    max-width: 100%;  }  .logo .pc-banner {    display: block;    width: 1200px;    height: 247.4px;    margin: 0 auto;  }  .logo .pc-banner.small {    width: 970px;  }  .logo .pc-banner.small img {    height: auto!important;  }  .logo .m-banner {    display: none;  }  .ytvideo {    position: relative;    height: 546px;    width: 100%;    margin: 0 auto;  }  .ytvideo img {    width: 100%;    margin: 0 auto;  }  .ytvideo .play-btn {    width: 60px;    height: 42px;    position: absolute;    top: 50%;    left: 50%;    transform: translate(-50%, -50%);    background: url(\"data:image\/png;base64,iVBORw0KGgoAAAANSUhEUgAAAGQAAABGCAMAAAANWMFbAAAC+lBMVEUAAADBGB3kLCfBGB3kLCfcJC7BFx3KKSbiKybkLCbWJCPSIiLSIiLPICHAFx3kLCfgKSXNHiDZJiTIGx\/p4eHcjo7LHSDbJyTkLCbjKyfOHyHPIiL28fHJHB\/GGh7EGR7eKCXDGB3RISHlLSbBGB3AFxzGHB7DGB7BGB3hKybkKybAFx3lLCfAFxzDGR3hKibDGB7cJyTmz8\/elJTlwcHjurrUIyLlLSflLSfAFx3DGR7lLSfCFx3hKibhKibhKybjKybkLCblLSfbJSX49vbx7e3NNzjNMTLMJyjVIyLZf3\/ZQ0LaeHjx0tLgoqLkLCfCGB3HGx\/BGB3BFx3PICHCGB7WJCLOHyC\/Fxy\/Fx3lLCfQISHkLSe\/FxzbJiTBFx3FGx\/AGB7BFx3EGR7AGB3HHSDfKiXAFh3TISHYNzbhKibbJyTTIiL57e325+f039\/v2NjUV1fOHiHiqanfmprch4feKSXVIyPOICHmLibFGh\/mLSe\/Fx7XJCPeKSXXJSPNHyHaJyTGGh7lLCbmLCflLSjSIiLkLCbdKSXLHiC\/GB3KHh++Fh3lKyfoLiXcKCPkx8fYb2\/XaGfVXl3aU1LLHiDksbHgKibPICHbJyTfKSXbJyTCGB3KHSDiKybFGh7TIiL\/\/\/\/VIyPRISHIHB\/GGx\/HHB\/DGR7gKibdKCXLHiDZJiTMHiDNHyHYJSTOICHPICHWJCPcKCXXJSPjLCblLCf+\/f3NGR\/uLijzLynPGR\/IGB7WISHaIyLLGh7UAADxLynNAADRLzDbICLQAADIAAD3MCrUHSHXMTDpKSbLAADp5OTij4\/ejo\/VLy\/1LyngJSTcJCPQHx\/OHB7+\/PzaMS\/OLS\/vLijrLSjSAADaNTPwLyjkKSbNJCbYISHPHB\/KGB7WAAD7+vrn3d3aKynTKCjoLCfsKifRGh\/YAADq5+fhjo7QNDXXKCfmJyXt5+fTLzDLLi\/QKivYHRvMGBrQJCXLISPMExXLDxLaEAvkkI\/bOTfaFQ\/SCgpvLcnHAAAAmnRSTlMA+vv7+gT9Bvf9+8z8\/NSv\/Pr5+P7++vnQIBMP\/v38\/Pn348XDiCYf9OjbzcqxXVcx\/fz8+\/rj1r2poo1+fXFqX0orGP7+\/v7+\/fz8+\/r68uzn4trIxsG\/vri3p6GcmZSNbWVYUUZEPQv+\/f39+\/v7+\/v7+vr64tvV1NTTz87FtbSurqeblJKFg4B3bUY+NjL7+\/v7+\/v67t1cDo8JLQAABkRJREFUWMO0kz9rwkAYh0OIeJkum6YugUAhISCdKoj\/P4C7SMdS+gEKIhSKil10LSg4mzXkILdlEpxCpwTiWOLX6BujvQaEQuGeHLnL+\/64J+SIcKGYTYWnntpdLjrVdqvZmNdn0+EE40GtpuuWVS6Xx6N7YDSGpWXpeq02wHgynM7q80az1a52HpddtVcpsi1zFARBrdaxbhp9iUReTGmwA4KAAr7vx3EYejnCMI6hQYEgy0LQi4jUN0wL19vqFcUC9\/1dAKmEEFkWRYkh5oBejnxQJiSJPJ\/uKBp0Thszx9Mw8hMRIQjKsptCfuES9zr5WJY6vSFCIvE9fCMUmEM1A1kSXcYGxgVYsvI1IPKTZciSTI0us\/SMGG04gDzELDoFBwdcFJrF88dqgYMTiL6DILWYyfOWE8\/kIz38olCNlC03FK95+imxp6y4oUSvAnBjHHhKNtotSDqJzVFiK8c2SBqhZtsrTtgrLXwAyduxZHNE26eHUt5rtuM4WSmds3G+sUdWYo1L+XyxButoh5eKUHk5lByO3G1LqqCWVnfrv\/lyPtf\/4ps1cndNGIri8J1TJ0lx6dR\/oPjq1nbRwdp2dCk4CtIOLW3pVKRL6WZfS5vF2KkIQhpwSsjiYIgNCs1gEMGqiIq24NQX9NwoXFy8Ufrl3twTcg4fv8T9\/JBEySduj6Mjm4bMzYV7EEOxKjjoNDud7yY3Dy71Hq2oLmqfbNR723edH9PgMrNL2utoQ3VmaIDkiw\/4w51P06hlZsTZvkRrbVuSIs\/zwSOsycgzStQouoAkWQqioRT5XI7n2Z1wfVhoZmcAJLsoqjqpjbWCgpOAJXBwHK8PzWbNvoUZJND5wCnSkLAkZ1legx6vqQzjoiTahKlGUGLAiIIoABOHaNVw4sexZBym6\/HWlH5h3IC7yRbxtipcWxdTOkORKiNQAEkFf66x5S2oeRbroOlLgg0sSYkR0hRGEqJZ0jTPiQKatESdBckpWigxaapEH0lImHdWu9pUFF2XqMNM2Z4kped7IwEJw2qabwtrQqnpw6HyKkgcadKWsmpywwesDyIhYRpdzXddqegtGIJlXbAIUMOLkGxJUjRIkokwjUaX9d\/kK62ps\/tYUqZLIMkLTyBhsMZ3C5Z\/kDxOSCb\/DOs\/\/J0qcWSX\/2ipe56EgTCA4\/cB7NAYOsni4mZM1MUPAISoEwkDi4lhVBQ1cWQyIcwalw4EpqZN68JUSK7XC0kTlkLYii5uXSC8jT5ncCAS7mjCv0uHp\/3lueHEEAeQ\/\/VgmdN71\/2uCSA1Xr6DO6uI6sW56zqT2tp2PhgiRUAajV8CY2fkcz6WGNKMgLAt7tJAhD4YHMTeRxlALE6+43WqjSWi8ITxyJl8WrwWSNESQZZOqhDDntO3hJLsd5RtSpbJqdv3YrDJH3F7jL1R2O2aQkn2MyCyKYz0GPGIvSAMgBCrCEiJyKbBaYGwLW4uPRr0A0M4Ux5kUI7IBh+hMdiCEWNqhMZGyYMsOgNE58UQuEQeUnSWCMYwL54hkxK6IoqucQZbQ3pc3XtL0lky1dL0zZJJDpWJovFqpWj6JEHnyam2eQp5QRVAVHjWparTOaVwUOx99YS2MvgxIGV0bb+qIg2HX2qkFFJB+XZcbLiuRkuxD9GRroKyveLxdh4d7Orx+hb7qc3uVRuEogCOnyIxm4ubUoPgF4jianDrC+SDQDKEfJb0GUKmjCGPYHGJvVC6X4hw1\/sAfQAdfYyephIaspXe36RwOP+Ljvfx9B6B3i+Nk0DGq+oCbLn6JpBa9nWAveAIHwFAwtVcIJXPMPL8kRu5OAYPMaL1WScTxjiZDqB9LTJSWphow\/pTYKRTLjCBhvi9iBidvKcDasGSm0QQkycYuLBqj6QCELPctqChDWpTRMWkngNNpQ1Pfp1KkiT\/Y0DGffXAweUNfLAfaJFKDwhb6I+bkYRbkERoEeu3Fyjg2opMz2daZCS9jt6Q7txNfB+OZEVF6Zl5web2xunnLQrtrjXseXKaFYziYINeMFZVxS9VxRhOoesYwxPKXm+gWLG9cuFeq93UNNeJNsf1KlwuDok9n02n3TgIJpOxNfL9naIoQwXtfH9kjceTIIi709ncTg6LZbg+biLH1V6u\/7rxBem06VXKn9raAAAAAElFTkSuQmCC\")      no-repeat center center \/ contain;  }  @media screen and (max-width: 960px) and (orientation: portrait) {    .logo {      width: 100%;    }    .logo .pc-banner {      display: none;    }    .logo .m-banner {      display: block;      width: 100%;    }    .logo .m-banner img {      height: auto!important;    }    .ytvideo {      height: 200px;      width: 100%;    }  }<\/style><style>  .video-section {    width: 100%;    margin: 0 auto;  }  .video-section > img {    width: 100%;  }  .video-section iframe,  .video-section video {    width: 100%;    height: 100%;      }  .video-section-img-m,  .video-section-img-pc > img {    width: 100%;    height: auto;  }  .video-section-img-pc.small > img {    width: 970px;  }  .video-desc {    line-height: 1.5;    font-size: 20px;    font-weight: 400;    margin: 20px 0;    text-align: center;    color: #0f1111;    word-break: break-word;  }  @media screen and (max-width: 960px) and (orientation: portrait) {    .video-section {      width: 100%;    }    .video-section-pc,    .video-section-img-pc {      display: none;    }    .video-section-m,    .video-section-img-m {      display: block;    }    .video-desc {      font-size: 15px;    }  }  @media screen and (min-width: 960px) {    .video-section {      width: 100%;      margin: 0 auto;    }    .video-section-pc,    .video-section-img-pc {      display: block;    }    .video-section-m,    .video-section-img-m {      display: none;    }    .video-desc {      font-size: 20px;    }  }<\/style><style>  .section + .section {    margin-top: 35px;  }  .section-title {    text-align: center;    font-weight: bold;    color: #0d1111;    font-family: \"Arial\";    font-size: 32px;    margin: 15px 0;  }  .section-title:empty {    display: none;  }  .section-desc {    text-align: center;    font-weight: normal;    color: #0d1111;    margin-top: 20px;  }  .section-desc:empty {    display: none;  }  .section-img {    width: 1200px;    height: 492px;    margin: 0 auto;    display: block;  }  .section-img.small {    width: 970px;    height: auto;  }  .section-img.small > img {    height: auto;  }  .section-img > img {    width: 100%;    height: 100%;  }  .section-mobile-img {    display: none;    max-width: 100vw;    max-height: 75vw;    height: 450px;    margin: 0 auto;  }  .section-mobile-img > img {    width: 100%;    height: 100%;  }  @media screen and (max-width: 960px) and (orientation: portrait) {    .container {      width: 100%;    }    .container.small {      width: 100%;    }    .section-mobile-img {      display: block;    }    .section-img {      display: none;    }    .section-title {      font-size: 22px;      margin: 10px 0;    }    .section-desc {      margin-top: 10px;    }    .section + .section {      margin-top: 20px;    }  }<\/style><\/head><body><div class=\"container small\"><div class=\"logo\"><div class=\"pc-banner small\"><div><img decoding=\"async\" src=\"\/vevor\/vevor\/boutique-banner\/pc\/en-pc@1x.jpg\" style=\"width: 100%;\" \/><\/div><\/div><div class=\"m-banner\"><div><img decoding=\"async\" src=\"\/vevor\/vevor\/boutique-banner\/mobile\/en-m@1x.jpg\" style=\"width: 100%;\" \/><\/div><\/div><\/div><div class=\"section-title\">VEVOR m\u0101jdz\u012bvnieku durvju nomai\u0146as atloks, r\u016bp\u0113jieties par savu m\u0101jdz\u012bvnieku<\/div><div class=\"video-section\"><div class=\"video-section-img-pc small\"><img decoding=\"async\" src=\"\/vevor\/product\/CWMTHFGMMPVCO59Y8\/pet-door-replacement-flap-a100-1.4-pt.jpg\" \/><\/div><div class=\"video-section-img-m\"><img decoding=\"async\" src=\"\/vevor\/product\/CWMTHFGMMPVCO59Y8\/pet-door-replacement-flap-a100-1.4-pt.jpg\" \/><\/div><div class=\"section-desc\">\u0160is m\u0101jdz\u012bvnieku durvju atloks ir izgatavots no augstas kvalit\u0101tes PVC, un t\u0101 apak\u0161\u0101 ir magn\u0113tiska sloksne izol\u0101cijai un UV aizsardz\u012bbai, nodro\u0161inot visaptvero\u0161u j\u016bsu m\u0101jdz\u012bvnieka aizsardz\u012bbu un radot m\u0101j\u012bg\u0101ku m\u0101jas vidi.<\/div><\/div><div class=\"section\"><div class=\"section-title\"><\/div><div class=\"section-img small\"><img decoding=\"async\" src=\"\" \/><\/div><div class=\"section-mobile-img\"><img decoding=\"async\" src=\"\" \/><\/div><div class=\"section-desc\">Izgatavoti no augst\u0101k\u0101s kvalit\u0101tes PVC materi\u0101la, m\u016bsu m\u0101jdz\u012bvnieku durvju nomai\u0146as atloki ir izstr\u0101d\u0101ti t\u0101, lai iztur\u0113tu skarbos laika apst\u0101k\u013cus, saglab\u0101jot ilgsto\u0161u lieto\u0161anu un stabilit\u0101ti. Neatkar\u012bgi no t\u0101, vai tas ir vasaras karstums vai ziemas aukstums, \u0161\u012bs m\u0101jdz\u012bvnieku durvis nodro\u0161ina \u0113rtu piek\u013cuves vidi j\u016bsu m\u0101jdz\u012bvniekiem.<\/div><\/div><div class=\"section\"><div class=\"section-title\"><\/div><div class=\"section-img small\"><img decoding=\"async\" src=\"\/vevor\/product\/CWMTHFGMMPVCO59Y8\/pet-door-replacement-flap-a100-2.3-pt.jpg\" \/><\/div><div class=\"section-mobile-img\"><img decoding=\"async\" src=\"\/vevor\/product\/CWMTHFGMMPVCO59Y8\/pet-door-replacement-flap-a100-2.3-pt.jpg\" \/><\/div><div class=\"section-desc\">Gar\u0101 magn\u0113tisk\u0101 sloksne cie\u0161i piegu\u013c, atiestatot tikai tr\u012bs sekund\u0113s. \u0160is dizains \u013cauj izvair\u012bties no v\u0113sa gaisa zuduma vai siltuma izpl\u016bdes, efekt\u012bvi blo\u0137\u0113jot iek\u0161telpu temperat\u016bru un samazinot ener\u0123ijas iz\u0161\u0137\u0113rd\u0113\u0161anu, padarot to par ide\u0101lu su\u0146u durvju rezerves atloku.<\/div><\/div><div class=\"section\"><div class=\"section-title\"><\/div><div class=\"section-img small\"><img decoding=\"async\" src=\"\/vevor\/product\/CWMTHFGMMPVCO59Y8\/pet-door-replacement-flap-a100-2.4-pt.jpg\" \/><\/div><div class=\"section-mobile-img\"><img decoding=\"async\" src=\"\/vevor\/product\/CWMTHFGMMPVCO59Y8\/pet-door-replacement-flap-a100-2.4-pt.jpg\" \/><\/div><div class=\"section-desc\">Dzeltenais mat\u0113tais dizains izstaro eleganci un izsmalcin\u0101t\u012bbu, uzlabojot j\u016bsu interjera dekoru M\u016bsu su\u0146u durvju nomai\u0146as atloks neman\u0101mi integr\u0113jas j\u016bsu m\u0101jas dizain\u0101, apvienojot stilu un komfortu, lai paaugstin\u0101tu kop\u0113jo skaistumu.<\/div><\/div><div class=\"section\"><div class=\"section-title\"><\/div><div class=\"section-img small\"><img decoding=\"async\" src=\"\/vevor\/product\/CWMTHFGMMPVCO59Y8\/pet-door-replacement-flap-a100-2.5-pt.jpg\" \/><\/div><div class=\"section-mobile-img\"><img decoding=\"async\" src=\"\/vevor\/product\/CWMTHFGMMPVCO59Y8\/pet-door-replacement-flap-a100-2.5-pt.jpg\" \/><\/div><div class=\"section-desc\">Veicot tikai tr\u012bs vienk\u0101r\u0161as darb\u012bbas, j\u016bs varat \u0101tri nomain\u012bt su\u0146u durvju atloku. Vienk\u0101r\u0161ais uzst\u0101d\u012b\u0161anas process padara to pieejamu ikvienam neatkar\u012bgi no vecuma vai dzimuma.<\/div><\/div><div class=\"section\"><div class=\"section-img small\"><img decoding=\"async\" src=\"\/vevor\/product\/CWMTHFGMMPVCO59Y8\/pet-door-replacement-flap-a100-1.11-pt.jpg\" \/><\/div><div class=\"section-mobile-img\"><img decoding=\"async\" src=\"\/vevor\/product\/CWMTHFGMMPVCO59Y8\/pet-door-replacement-flap-a100-1.11-pt.jpg\" \/><\/div><\/div><\/div><\/body><\/html><\/div>\n<div class=\"DM_at-title\" id=\"js-DM_at-title\"> <div>Produkta specifik\u0101cija<\/div> <i class=\"icon-arrowup_line\"><\/i> <\/div><div class=\"DM_at-goodsDescAttr\" id=\"js-DM_at-goodsDescAttr\"> <div class=\"DM_at-goodsDescAttrInner\"> <dl class=\"goodsDesc_item goodsDesc_item_even\"> <dt>Preces Mode\u013ca Numurs<\/dt> <dd> CWM-M<\/dd> <\/dl> <dl class=\"goodsDesc_item\"> <dt>Atloka materi\u0101ls<\/dt> <dd> PVC<\/dd> <\/dl> <dl class=\"goodsDesc_item goodsDesc_item_even\"> <dt>Atloka izm\u0113rs<\/dt> <dd> 8,25 x 12,25 collas\/209,6 x 311,2 mm<\/dd> <\/dl> <dl class=\"goodsDesc_item\"> <dt>Neto Svars<\/dt> <dd> 0,59 m\u0101rci\u0146as\/0,27 kg<\/dd> <\/dl> <\/div> <\/div>","protected":false},"excerpt":{"rendered":"<ul>\n<li> Daudzpus\u012bgs un praktisks m\u0101jdz\u012bvnieku durvju atloks: izstr\u0101d\u0101ts, lai tas atbilstu da\u017e\u0101d\u0101m m\u0101jdz\u012bvnieku dro\u0161\u012bbas durv\u012bm, m\u016bsu m\u0101jdz\u012bvnieku durvju nomai\u0146as atloks iztur da\u017e\u0101dus laika apst\u0101k\u013cus, pied\u0101v\u0101jot v\u0113ja necaurlaid\u012bgu, \u016bdensnecaurlaid\u012bgu un aukstumiztur\u012bgu aizsardz\u012bbu. <\/li>\n<li> Skr\u0101p\u0113jumiem iztur\u012bgs dizains: Izgatavots no sabiezin\u0101ta m\u012bksta PVC materi\u0101la, su\u0146u durvju nomai\u0146as atloks ir iztur\u012bgs pret nodilumu, saglab\u0101jot lielisku st\u0101vokli pat bie\u017ei skr\u0101p\u0113jot, padarot to par ide\u0101lu izv\u0113li m\u0101jdz\u012bvniekiem draudz\u012bg\u0101m m\u0101j\u0101m. <\/li>\n<li> Sp\u0113c\u012bgs magn\u0113tiskais bl\u012bv\u0113jums: Pagarin\u0101t\u0101, sabiezin\u0101t\u0101 magn\u0113tisk\u0101 josla uz \u0161\u012b su\u0146u durvju nomai\u0146as atloka nodro\u0161ina uzlabotu sa\u0137eri, garant\u0113jot dro\u0161u bl\u012bv\u0113jumu. Magn\u0113ti \u0101tri atiestat\u0101s s\u0101kotn\u0113j\u0101 st\u0101vokl\u012b, acumirkl\u012b nosl\u0113dzot durvis, lai nov\u0113rstu siltuma vai v\u0113s\u0101 gaisa zudumu. <\/li>\n<li> Dro\u0161a un \u0113rta piek\u013cuve: M\u016bsu su\u0146u durvju nomai\u0146as atlokam ir m\u0101jdz\u012bvniekiem draudz\u012bgs dizains, un tam ir noapa\u013cotas malas, lai samazin\u0101tu skr\u0101p\u0113jumu vai traumu risku, nodro\u0161inot j\u016bsu m\u0101jdz\u012bvniekiem vienm\u0113r\u012bgu un dro\u0161u iek\u013c\u016b\u0161anu un izk\u013c\u016b\u0161anu. <\/li>\n<li> Stil\u012bgs un funkcion\u0101ls: M\u016bsu su\u0146u durti\u0146u nomai\u0146as atloka gludais un br\u016bnganais dizains papildina da\u017e\u0101dus m\u0101jas dekoru stilus un pie\u0161\u0137ir eleganci, vienlaikus uzlabojot kop\u0113jo funkcionalit\u0101ti. <\/li>\n<\/ul>","protected":false},"featured_media":354293,"comment_status":"closed","ping_status":"open","template":"","meta":{"om_disable_all_campaigns":false,"_uf_show_specific_survey":0,"_uf_disable_surveys":false},"location":[1935,1934],"product_brand":[21],"product_cat":[4694,2411,4692,4695,4693],"product_tag":[],"class_list":{"0":"post-57834","1":"product","2":"type-product","3":"status-publish","4":"has-post-thumbnail","6":"location-supplier_stock_location","7":"location-local_stock_location","8":"product_brand-vevor","9":"product_cat-dog-doors","10":"product_cat-doors-windows","11":"product_cat-exterior-doors","12":"product_cat-flip-pet-doors","13":"product_cat-pet-doors","15":"first","16":"instock","17":"taxable","18":"shipping-taxable","19":"purchasable","20":"product-type-simple"},"aioseo_notices":[],"locations":[{"id":1935,"name":"Pieg\u0101d\u0101ja noliktav\u0101 (5-7dd.d)","slug":"supplier_stock_location","quantity":"85"},{"id":1934,"name":"R\u012bgas veikal\u0101 (0-2d.d.)","slug":"local_stock_location","quantity":"0"}],"_links":{"self":[{"href":"https:\/\/vevorshop.lv\/lv\/wp-json\/wp\/v2\/product\/57834","targetHints":{"allow":["GET"]}}],"collection":[{"href":"https:\/\/vevorshop.lv\/lv\/wp-json\/wp\/v2\/product"}],"about":[{"href":"https:\/\/vevorshop.lv\/lv\/wp-json\/wp\/v2\/types\/product"}],"replies":[{"embeddable":true,"href":"https:\/\/vevorshop.lv\/lv\/wp-json\/wp\/v2\/comments?post=57834"}],"wp:featuredmedia":[{"embeddable":true,"href":"https:\/\/vevorshop.lv\/lv\/wp-json\/wp\/v2\/media\/354293"}],"wp:attachment":[{"href":"https:\/\/vevorshop.lv\/lv\/wp-json\/wp\/v2\/media?parent=57834"}],"wp:term":[{"taxonomy":"location","embeddable":true,"href":"https:\/\/vevorshop.lv\/lv\/wp-json\/wp\/v2\/location?post=57834"},{"taxonomy":"product_brand","embeddable":true,"href":"https:\/\/vevorshop.lv\/lv\/wp-json\/wp\/v2\/product_brand?post=57834"},{"taxonomy":"product_cat","embeddable":true,"href":"https:\/\/vevorshop.lv\/lv\/wp-json\/wp\/v2\/product_cat?post=57834"},{"taxonomy":"product_tag","embeddable":true,"href":"https:\/\/vevorshop.lv\/lv\/wp-json\/wp\/v2\/product_tag?post=57834"}],"curies":[{"name":"wp","href":"https:\/\/api.w.org\/{rel}","templated":true}]}}