{"id":57855,"date":"2024-12-06T12:29:00","date_gmt":"2024-12-06T12:29:00","guid":{"rendered":"https:\/\/vevorshop.lv\/en_us\/Prece\/vevor-40w-laser-power-supply-for-engraving-machines-with-fast-heat-dissipation-and-security-protection-compatible-with-40w-laser-tubes-30000-hours-durability\/"},"modified":"2026-04-19T22:05:47","modified_gmt":"2026-04-19T19:05:47","slug":"vevor-40w-laser-power-supply-for-engraving-machines-with-fast-heat-dissipation-and-security-protection-compatible-with-40w-laser-tubes-30000-hours-durability","status":"publish","type":"product","link":"https:\/\/vevorshop.lv\/lv\/Prece\/vevor-40w-lazera-barosanas-avots-gravesanas-iekartam-ar-atru-siltuma-izkliedi-un-drosibas-aizsardzibu-saderigs-ar-40w-lazera-lampam-30000-stundu-izturiba\/","title":{"rendered":"VEVOR 40W CO2 l\u0101zera baro\u0161anas bloks ar \u0101tru dzes\u0113\u0161anu, p\u0101rslodzes un atv\u0113rtas \u0137\u0113des aizsardz\u012bbu grav\u0113t\u0101jiem un griez\u0113jiem"},"content":{"rendered":"<div style=\"color: #fff!important; font-size: 16px; height: 24px; line-height: 24px; margin-top: -24px; \" class=\"product_original_name\">VEVOR CO2 l\u0101zera baro\u0161anas avots, 40W, baro\u0161anas avots 40W l\u0101zera caurulei, past\u0101v\u012bga str\u0101vas aizsardz\u012bba, atv\u0113rtas \u0137\u0113des aizsardz\u012bba, \u0101tra siltuma izkliede, sader\u012bgs ar vair\u0101ku z\u012bmolu l\u0101zera grav\u0113t\u0101jiem un griez\u0113jiem<\/div>\n<div style=\"color: #fff!important; font-size: 16px; height: 24px; line-height: 24px; margin-top: -24px; \" class=\"product_sku\">M4I4MNJW<\/div>\n<div style=\"color: #fff!important; font-size: 16px; height: 24px; line-height: 24px; margin-top: -24px; \" class=\"product_mpn\">EYHTJGGDY40WSMM9CV7<\/div><div id=\"js-DM_at-goodDescRich\"><html><head><style>  body {    font-family: Arial;    line-height: 1.5;    color: #1c1c1c;    overflow-x: hidden;    margin: 0;    padding: 0;  }  .MsoNormal b {    font-weight: bolder;  }<\/style><style>  .container.small {    width: 970px;    margin: 0 auto;  }  .logo {    margin: 0 auto 0;  }  .logo img {    display: block;    margin: 0 auto;    max-width: 100%;  }  .logo .pc-banner {    display: block;    width: 1200px;    height: 247.4px;    margin: 0 auto;  }  .logo .pc-banner.small {    width: 970px;  }  .logo .pc-banner.small img {    height: auto!important;  }  .logo .m-banner {    display: none;  }  .ytvideo {    position: relative;    height: 546px;    width: 100%;    margin: 0 auto;  }  .ytvideo img {    width: 100%;    margin: 0 auto;  }  .ytvideo .play-btn {    width: 60px;    height: 42px;    position: absolute;    top: 50%;    left: 50%;    transform: translate(-50%, -50%);    background: url(\"data:image\/png;base64,iVBORw0KGgoAAAANSUhEUgAAAGQAAABGCAMAAAANWMFbAAAC+lBMVEUAAADBGB3kLCfBGB3kLCfcJC7BFx3KKSbiKybkLCbWJCPSIiLSIiLPICHAFx3kLCfgKSXNHiDZJiTIGx\/p4eHcjo7LHSDbJyTkLCbjKyfOHyHPIiL28fHJHB\/GGh7EGR7eKCXDGB3RISHlLSbBGB3AFxzGHB7DGB7BGB3hKybkKybAFx3lLCfAFxzDGR3hKibDGB7cJyTmz8\/elJTlwcHjurrUIyLlLSflLSfAFx3DGR7lLSfCFx3hKibhKibhKybjKybkLCblLSfbJSX49vbx7e3NNzjNMTLMJyjVIyLZf3\/ZQ0LaeHjx0tLgoqLkLCfCGB3HGx\/BGB3BFx3PICHCGB7WJCLOHyC\/Fxy\/Fx3lLCfQISHkLSe\/FxzbJiTBFx3FGx\/AGB7BFx3EGR7AGB3HHSDfKiXAFh3TISHYNzbhKibbJyTTIiL57e325+f039\/v2NjUV1fOHiHiqanfmprch4feKSXVIyPOICHmLibFGh\/mLSe\/Fx7XJCPeKSXXJSPNHyHaJyTGGh7lLCbmLCflLSjSIiLkLCbdKSXLHiC\/GB3KHh++Fh3lKyfoLiXcKCPkx8fYb2\/XaGfVXl3aU1LLHiDksbHgKibPICHbJyTfKSXbJyTCGB3KHSDiKybFGh7TIiL\/\/\/\/VIyPRISHIHB\/GGx\/HHB\/DGR7gKibdKCXLHiDZJiTMHiDNHyHYJSTOICHPICHWJCPcKCXXJSPjLCblLCf+\/f3NGR\/uLijzLynPGR\/IGB7WISHaIyLLGh7UAADxLynNAADRLzDbICLQAADIAAD3MCrUHSHXMTDpKSbLAADp5OTij4\/ejo\/VLy\/1LyngJSTcJCPQHx\/OHB7+\/PzaMS\/OLS\/vLijrLSjSAADaNTPwLyjkKSbNJCbYISHPHB\/KGB7WAAD7+vrn3d3aKynTKCjoLCfsKifRGh\/YAADq5+fhjo7QNDXXKCfmJyXt5+fTLzDLLi\/QKivYHRvMGBrQJCXLISPMExXLDxLaEAvkkI\/bOTfaFQ\/SCgpvLcnHAAAAmnRSTlMA+vv7+gT9Bvf9+8z8\/NSv\/Pr5+P7++vnQIBMP\/v38\/Pn348XDiCYf9OjbzcqxXVcx\/fz8+\/rj1r2poo1+fXFqX0orGP7+\/v7+\/fz8+\/r68uzn4trIxsG\/vri3p6GcmZSNbWVYUUZEPQv+\/f39+\/v7+\/v7+vr64tvV1NTTz87FtbSurqeblJKFg4B3bUY+NjL7+\/v7+\/v67t1cDo8JLQAABkRJREFUWMO0kz9rwkAYh0OIeJkum6YugUAhISCdKoj\/P4C7SMdS+gEKIhSKil10LSg4mzXkILdlEpxCpwTiWOLX6BujvQaEQuGeHLnL+\/64J+SIcKGYTYWnntpdLjrVdqvZmNdn0+EE40GtpuuWVS6Xx6N7YDSGpWXpeq02wHgynM7q80az1a52HpddtVcpsi1zFARBrdaxbhp9iUReTGmwA4KAAr7vx3EYejnCMI6hQYEgy0LQi4jUN0wL19vqFcUC9\/1dAKmEEFkWRYkh5oBejnxQJiSJPJ\/uKBp0Thszx9Mw8hMRIQjKsptCfuES9zr5WJY6vSFCIvE9fCMUmEM1A1kSXcYGxgVYsvI1IPKTZciSTI0us\/SMGG04gDzELDoFBwdcFJrF88dqgYMTiL6DILWYyfOWE8\/kIz38olCNlC03FK95+imxp6y4oUSvAnBjHHhKNtotSDqJzVFiK8c2SBqhZtsrTtgrLXwAyduxZHNE26eHUt5rtuM4WSmds3G+sUdWYo1L+XyxButoh5eKUHk5lByO3G1LqqCWVnfrv\/lyPtf\/4ps1cndNGIri8J1TJ0lx6dR\/oPjq1nbRwdp2dCk4CtIOLW3pVKRL6WZfS5vF2KkIQhpwSsjiYIgNCs1gEMGqiIq24NQX9NwoXFy8Ufrl3twTcg4fv8T9\/JBEySduj6Mjm4bMzYV7EEOxKjjoNDud7yY3Dy71Hq2oLmqfbNR723edH9PgMrNL2utoQ3VmaIDkiw\/4w51P06hlZsTZvkRrbVuSIs\/zwSOsycgzStQouoAkWQqioRT5XI7n2Z1wfVhoZmcAJLsoqjqpjbWCgpOAJXBwHK8PzWbNvoUZJND5wCnSkLAkZ1legx6vqQzjoiTahKlGUGLAiIIoABOHaNVw4sexZBym6\/HWlH5h3IC7yRbxtipcWxdTOkORKiNQAEkFf66x5S2oeRbroOlLgg0sSYkR0hRGEqJZ0jTPiQKatESdBckpWigxaapEH0lImHdWu9pUFF2XqMNM2Z4kped7IwEJw2qabwtrQqnpw6HyKkgcadKWsmpywwesDyIhYRpdzXddqegtGIJlXbAIUMOLkGxJUjRIkokwjUaX9d\/kK62ps\/tYUqZLIMkLTyBhsMZ3C5Z\/kDxOSCb\/DOs\/\/J0qcWSX\/2ipe56EgTCA4\/cB7NAYOsni4mZM1MUPAISoEwkDi4lhVBQ1cWQyIcwalw4EpqZN68JUSK7XC0kTlkLYii5uXSC8jT5ncCAS7mjCv0uHp\/3lueHEEAeQ\/\/VgmdN71\/2uCSA1Xr6DO6uI6sW56zqT2tp2PhgiRUAajV8CY2fkcz6WGNKMgLAt7tJAhD4YHMTeRxlALE6+43WqjSWi8ITxyJl8WrwWSNESQZZOqhDDntO3hJLsd5RtSpbJqdv3YrDJH3F7jL1R2O2aQkn2MyCyKYz0GPGIvSAMgBCrCEiJyKbBaYGwLW4uPRr0A0M4Ux5kUI7IBh+hMdiCEWNqhMZGyYMsOgNE58UQuEQeUnSWCMYwL54hkxK6IoqucQZbQ3pc3XtL0lky1dL0zZJJDpWJovFqpWj6JEHnyam2eQp5QRVAVHjWparTOaVwUOx99YS2MvgxIGV0bb+qIg2HX2qkFFJB+XZcbLiuRkuxD9GRroKyveLxdh4d7Orx+hb7qc3uVRuEogCOnyIxm4ubUoPgF4jianDrC+SDQDKEfJb0GUKmjCGPYHGJvVC6X4hw1\/sAfQAdfYyephIaspXe36RwOP+Ljvfx9B6B3i+Nk0DGq+oCbLn6JpBa9nWAveAIHwFAwtVcIJXPMPL8kRu5OAYPMaL1WScTxjiZDqB9LTJSWphow\/pTYKRTLjCBhvi9iBidvKcDasGSm0QQkycYuLBqj6QCELPctqChDWpTRMWkngNNpQ1Pfp1KkiT\/Y0DGffXAweUNfLAfaJFKDwhb6I+bkYRbkERoEeu3Fyjg2opMz2daZCS9jt6Q7txNfB+OZEVF6Zl5web2xunnLQrtrjXseXKaFYziYINeMFZVxS9VxRhOoesYwxPKXm+gWLG9cuFeq93UNNeJNsf1KlwuDok9n02n3TgIJpOxNfL9naIoQwXtfH9kjceTIIi709ncTg6LZbg+biLH1V6u\/7rxBem06VXKn9raAAAAAElFTkSuQmCC\")      no-repeat center center \/ contain;  }  @media screen and (max-width: 960px) and (orientation: portrait) {    .logo {      width: 100%;    }    .logo .pc-banner {      display: none;    }    .logo .m-banner {      display: block;      width: 100%;    }    .logo .m-banner img {      height: auto!important;    }    .ytvideo {      height: 200px;      width: 100%;    }  }<\/style><style>  .video-section {    width: 100%;    margin: 0 auto;  }  .video-section > img {    width: 100%;  }  .video-section iframe,  .video-section video {    width: 100%;    height: 100%;      }  .video-section-img-m,  .video-section-img-pc > img {    width: 100%;    height: auto;  }  .video-section-img-pc.small > img {    width: 970px;  }  .video-desc {    line-height: 1.5;    font-size: 20px;    font-weight: 400;    margin: 20px 0;    text-align: center;    color: #0f1111;    word-break: break-word;  }  @media screen and (max-width: 960px) and (orientation: portrait) {    .video-section {      width: 100%;    }    .video-section-pc,    .video-section-img-pc {      display: none;    }    .video-section-m,    .video-section-img-m {      display: block;    }    .video-desc {      font-size: 15px;    }  }  @media screen and (min-width: 960px) {    .video-section {      width: 100%;      margin: 0 auto;    }    .video-section-pc,    .video-section-img-pc {      display: block;    }    .video-section-m,    .video-section-img-m {      display: none;    }    .video-desc {      font-size: 20px;    }  }<\/style><style>  .section + .section {    margin-top: 35px;  }  .section-title {    text-align: center;    font-weight: bold;    color: #0d1111;    font-family: \"Arial\";    font-size: 32px;    margin: 15px 0;  }  .section-title:empty {    display: none;  }  .section-desc {    text-align: center;    font-weight: normal;    color: #0d1111;    margin-top: 20px;  }  .section-desc:empty {    display: none;  }  .section-img {    width: 1200px;    height: 492px;    margin: 0 auto;    display: block;  }  .section-img.small {    width: 970px;    height: auto;  }  .section-img.small > img {    height: auto;  }  .section-img > img {    width: 100%;    height: 100%;  }  .section-mobile-img {    display: none;    max-width: 100vw;    max-height: 75vw;    height: 450px;    margin: 0 auto;  }  .section-mobile-img > img {    width: 100%;    height: 100%;  }  @media screen and (max-width: 960px) and (orientation: portrait) {    .container {      width: 100%;    }    .container.small {      width: 100%;    }    .section-mobile-img {      display: block;    }    .section-img {      display: none;    }    .section-title {      font-size: 22px;      margin: 10px 0;    }    .section-desc {      margin-top: 10px;    }    .section + .section {      margin-top: 20px;    }  }<\/style><\/head><body><div class=\"container\"><div class=\"logo\"><div class=\"pc-banner\"><div><img decoding=\"async\" src=\"\/vevor\/vevor\/boutique-banner\/pc\/en-pc@1x.jpg\" style=\"width: 100%;\" \/><\/div><\/div><div class=\"m-banner\"><div><img decoding=\"async\" src=\"\/vevor\/vevor\/boutique-banner\/mobile\/en-m@1x.jpg\" style=\"width: 100%;\" \/><\/div><\/div><\/div><div class=\"section-title\">L\u0101zera baro\u0161anas avots, efekt\u012bvs un stabils baro\u0161anas avots<\/div><div class=\"video-section\"><div class=\"video-section-img-pc\"><img decoding=\"async\" src=\"\/vevor\/product\/EYHTJGGDY40WSMM9C\/laser-power-supply-a100-1.4.jpg\" \/><\/div><div class=\"video-section-img-m\"><img decoding=\"async\" src=\"\/vevor\/product\/EYHTJGGDY40WSMM9C\/laser-power-supply-a100-1.4-m.jpg\" \/><\/div><div class=\"section-desc\">M\u016bsu l\u0101zera baro\u0161anas avots ir apr\u012bkots ar alum\u012bnija korpusu, kas ir konfigur\u0113ts ar dzes\u0113\u0161anas ventilatoru, past\u0101v\u012bgu str\u0101vas aizsardz\u012bbu, atv\u0113rtas \u0137\u0113des aizsardz\u012bbu, 1ms reakcijas efektivit\u0101te var nodro\u0161in\u0101t j\u016bsu l\u0101zergrav\u0113jam iztur\u012bgu, stabilu darb\u012bbu Piem\u0113rots da\u017e\u0101du materi\u0101lu grav\u0113\u0161anai vai grie\u0161anai.<\/div><\/div><div class=\"section\"><div class=\"section-title\"><\/div><div class=\"section-img\"><img decoding=\"async\" src=\"\/vevor\/product\/EYHTJGGDY40WSMM9C\/laser-power-supply-a100-2.2.jpg\" \/><\/div><div class=\"section-mobile-img\"><img decoding=\"async\" src=\"\/vevor\/product\/EYHTJGGDY40WSMM9C\/laser-power-supply-a100-2.2-m.jpg\" \/><\/div><div class=\"section-desc\">L\u0101zera caurulei darb\u012bbas laik\u0101 j\u0101b\u016bt atdzes\u0113tai ar \u016bdeni, un vienlaikus nedr\u012bkst iesl\u0113gt augstsprieguma izeju, un j\u0101nodro\u0161ina, lai augstsprieguma izejas pozit\u012bvie un negat\u012bvie spailes b\u016btu pareizi savienotas ar l\u0101zera pozit\u012bvajiem un negat\u012bvajiem spail\u0113m.<\/div><\/div><div class=\"section\"><div class=\"section-title\"><\/div><div class=\"section-img\"><img decoding=\"async\" src=\"\/vevor\/product\/EYHTJGGDY40WSMM9C\/laser-power-supply-a100-2.3.jpg\" \/><\/div><div class=\"section-mobile-img\"><img decoding=\"async\" src=\"\/vevor\/product\/EYHTJGGDY40WSMM9C\/laser-power-supply-a100-2.3-m.jpg\" \/><\/div><div class=\"section-desc\">Baro\u0161anas bloka iek\u0161puse ir izstr\u0101d\u0101ta t\u0101, lai atbr\u012bvotu atliku\u0161o l\u0101di\u0146u, kad str\u0101va tiek izsl\u0113gta, kas parasti aiz\u0146em divas sekundes. Dro\u0161\u012bbas apsv\u0113rumu d\u0113\u013c uzmanieties no elektrisk\u0101s str\u0101vas trieciena.<\/div><\/div><div class=\"section\"><div class=\"section-title\"><\/div><div class=\"section-img\"><img decoding=\"async\" src=\"\/vevor\/product\/EYHTJGGDY40WSMM9C\/laser-power-supply-a100-2.4.jpg\" \/><\/div><div class=\"section-mobile-img\"><img decoding=\"async\" src=\"\/vevor\/product\/EYHTJGGDY40WSMM9C\/laser-power-supply-a100-2.4-m.jpg\" \/><\/div><div class=\"section-desc\">M\u016bsu l\u0101zera baro\u0161anas avots var apstr\u0101d\u0101t akrila, \u0161\u0137iedru auduma, divkr\u0101su pl\u0101k\u0161\u0146u, gumijas un citu materi\u0101lu l\u0101zergrav\u0113\u0161anu, j\u016bs varat izv\u0113l\u0113ties nepiecie\u0161amo grav\u0113\u0161anas materi\u0101lu.<\/div><\/div><div class=\"section\"><div class=\"section-title\"><\/div><div class=\"section-img\"><img decoding=\"async\" src=\"\/vevor\/product\/EYHTJGGDY40WSMM9C\/laser-power-supply-a100-2.5.jpg\" \/><\/div><div class=\"section-mobile-img\"><img decoding=\"async\" src=\"\/vevor\/product\/EYHTJGGDY40WSMM9C\/laser-power-supply-a100-2.5-m.jpg\" \/><\/div><div class=\"section-desc\">Papildus l\u0101zera baro\u0161anas avotam mums ir ar\u012b grav\u0113\u0161anas ma\u0161\u012bna, l\u0101zera caurule, ko j\u016bs varat ieg\u0101d\u0101ties, nav nepiecie\u0161ams atk\u0101rtoti sal\u012bdzin\u0101t izv\u0113li, viss komplekts ar pirkumu \u013cauj uzreiz izbaud\u012bt gal\u012bgo grav\u0113\u0161anas pieredzi.<\/div><\/div><div class=\"section\"><div class=\"section-img\"><img decoding=\"async\" src=\"\/vevor\/product\/EYHTJGGDY40WSMM9C\/laser-power-supply-a100-1.11.jpg\" \/><\/div><div class=\"section-mobile-img\"><img decoding=\"async\" src=\"\/vevor\/product\/EYHTJGGDY40WSMM9C\/laser-power-supply-a100-1.11-m.jpg\" \/><\/div><\/div><\/div><\/body><\/html><\/div>\n<div class=\"DM_at-title\" id=\"js-DM_at-title\"> <div>Produkta specifik\u0101cija<\/div> <i class=\"icon-arrowup_line\"><\/i> <\/div><div class=\"DM_at-goodsDescAttr\" id=\"js-DM_at-goodsDescAttr\"> <div class=\"DM_at-goodsDescAttrInner\"> <dl class=\"goodsDesc_item goodsDesc_item_even\"> <dt>Preces Mode\u013ca Numurs<\/dt> <dd> MYJG40W<\/dd> <\/dl> <dl class=\"goodsDesc_item\"> <dt>Sprieguma frekvence<\/dt> <dd> AC100 - 240V 50\/60Hz<\/dd> <\/dl> <dl class=\"goodsDesc_item goodsDesc_item_even\"> <dt>Produkta jauda<\/dt> <dd> 330W \u00b1 10%<\/dd> <\/dl> <dl class=\"goodsDesc_item\"> <dt>Ieejas Str\u0101va<\/dt> <dd> 2,1A \u00b1 10%<\/dd> <\/dl> <dl class=\"goodsDesc_item goodsDesc_item_even\"> <dt>Darb\u012bbas Temperat\u016bra<\/dt> <dd> -30 \u2103 l\u012bdz 65 \u2103<\/dd> <\/dl> <dl class=\"goodsDesc_item\"> <dt>Dro\u0161\u012bbas aizsardz\u012bbas pas\u0101kumi<\/dt> <dd> Past\u0101v\u012bgas str\u0101vas aizsardz\u012bba, atv\u0113rtas \u0137\u0113des aizsardz\u012bba  <\/dd> <\/dl> <dl class=\"goodsDesc_item goodsDesc_item_even\"> <dt>Atbilsto\u0161\u0101 l\u0101zera caurules jauda<\/dt> <dd> 40W \u00b110%<\/dd> <\/dl> <dl class=\"goodsDesc_item\"> <dt>Vad\u012bbas re\u017e\u012bms<\/dt> <dd> PWM vad\u012bba<\/dd> <\/dl> <dl class=\"goodsDesc_item goodsDesc_item_even\"> <dt>Produkta Izm\u0113ri<\/dt> <dd> 6,5 x 5,59 x 3,07 \u00b1 0,24 collas \/ 165 x 142 x 78 mm \u00b1 6 mm<\/dd> <\/dl> <dl class=\"goodsDesc_item\"> <dt>Kr\u0101sa<\/dt> <dd> Zils<\/dd> <\/dl> <dl class=\"goodsDesc_item goodsDesc_item_even\"> <dt>Galvenais materi\u0101ls<\/dt> <dd> Alum\u012bnijs (Apvalks)<\/dd> <\/dl> <dl class=\"goodsDesc_item\"> <dt>Kalpo\u0161anas laiks<\/dt> <dd> 30000H<\/dd> <\/dl> <dl class=\"goodsDesc_item goodsDesc_item_even\"> <dt>Neto Svars<\/dt> <dd> 1,98 m\u0101rci\u0146as \/ 0,9 kg \u00b1 5%<\/dd> <\/dl> <\/div> <\/div>","protected":false},"excerpt":{"rendered":"<ul>\n<li> Savietojams ar 40W Laser Tube: L\u0101zera baro\u0161anas avots, kas \u012bpa\u0161i izgatavots l\u0101zergrav\u0113\u0161anas ma\u0161\u012bnai, ir lieliski sader\u012bgs ar da\u017e\u0101du z\u012bmolu 40W l\u0101zera caurul\u0113m, porti ir skaidri mar\u0137\u0113ti ar atbilsto\u0161\u0101m eti\u0137et\u0113m, j\u016bs varat viegli pabeigt savienojumu saska\u0146\u0101 ar vadl\u012bnij\u0101m. <\/li>\n<li> \u0100tra siltuma izkliede: L\u0101zera baro\u0161anas avots ir apr\u012bkots ar ieb\u016bv\u0113tu augstas veiktsp\u0113jas dzes\u0113\u0161anas ventilatoru, kas var ilgtsp\u0113j\u012bgi uztur\u0113t ma\u0161\u012bnas stabilu darb\u012bbu, samazin\u0101t darb\u012bbas trauc\u0113jumus un vienlaikus pagarin\u0101t darba laiku, izvairoties no bie\u017eiem str\u0101vas padeves p\u0101rtraukumiem, ko izraisa p\u0101rkar\u0161ana vai darb\u012bbas trauc\u0113jumi, ko izraisa iek\u0101rtas p\u0101rslodze. <\/li>\n<li> Lieliska veiktsp\u0113ja: m\u016bsu l\u0101zera baro\u0161anas bloks 7 sekun\u017eu laik\u0101 iztur 500 iesl\u0113g\u0161anas\/aptur\u0113\u0161anas testus, un tam ir ar\u012b \u2264 1 ms reakcijas efektivit\u0101te, kas var uztur\u0113t vair\u0101k nek\u0101 90% efektivit\u0101ti, un to var atkal izmantot vid\u0113 no -30 \u2103 l\u012bdz 65 \u2103. <\/li>\n<li> Dro\u0161\u012bbas aizsardz\u012bba: Past\u0101v\u012bgas str\u0101vas aizsardz\u012bbas un atv\u0113rtas \u0137\u0113des aizsardz\u012bbas konfigur\u0101cija, nemain\u012bga str\u0101va var nodro\u0161in\u0101t grav\u0113t\u0101ju vai griez\u0113ju precizit\u0101tes konsekvenci, atv\u0113rtas \u0137\u0113des aizsardz\u012bba var tikt p\u0101rslogota, ma\u0161\u012bna autom\u0101tiski izsl\u0113dzas, lai nodro\u0161in\u0101tu iek\u0101rtas dro\u0161\u012bbu un vienlaikus nov\u0113rstu l\u0101zera caurules pl\u012b\u0161anas risku. <\/li>\n<li> Iztur\u012bgs un ilgsto\u0161s: ar vid\u0113jo kalpo\u0161anas laiku 30 000 stundas, korpuss ir izgatavots no korozijiztur\u012bga alum\u012bnija un iztur\u012bgs, apr\u012bkots ar augstas kvalit\u0101tes augstsprieguma paket\u0113m un t\u012bra vara baro\u0161anas caurul\u0113m, lai nodro\u0161in\u0101tu jums ilgsto\u0161u darba laiku. <\/li>\n<\/ul>","protected":false},"featured_media":354377,"comment_status":"closed","ping_status":"open","template":"","meta":{"om_disable_all_campaigns":false,"_uf_show_specific_survey":0,"_uf_disable_surveys":false},"location":[1935,1934],"product_brand":[21],"product_cat":[2445,2446,2447,2691,4652],"product_tag":[],"class_list":{"0":"post-57855","1":"product","2":"type-product","3":"status-publish","4":"has-post-thumbnail","6":"location-supplier_stock_location","7":"location-local_stock_location","8":"product_brand-vevor","9":"product_cat-appliances","10":"product_cat-crafts-sewing","11":"product_cat-engraving-cutting","12":"product_cat-laser-engraving-machine-accessories","13":"product_cat-laser-engraving-machine-power-supply","15":"first","16":"outofstock","17":"taxable","18":"shipping-taxable","19":"purchasable","20":"product-type-simple"},"aioseo_notices":[],"locations":[{"id":1935,"name":"Pieg\u0101d\u0101ja noliktav\u0101 (5-7dd.d)","slug":"supplier_stock_location","quantity":"0"},{"id":1934,"name":"R\u012bgas veikal\u0101 (0-2d.d.)","slug":"local_stock_location","quantity":"0"}],"_links":{"self":[{"href":"https:\/\/vevorshop.lv\/lv\/wp-json\/wp\/v2\/product\/57855","targetHints":{"allow":["GET"]}}],"collection":[{"href":"https:\/\/vevorshop.lv\/lv\/wp-json\/wp\/v2\/product"}],"about":[{"href":"https:\/\/vevorshop.lv\/lv\/wp-json\/wp\/v2\/types\/product"}],"replies":[{"embeddable":true,"href":"https:\/\/vevorshop.lv\/lv\/wp-json\/wp\/v2\/comments?post=57855"}],"wp:featuredmedia":[{"embeddable":true,"href":"https:\/\/vevorshop.lv\/lv\/wp-json\/wp\/v2\/media\/354377"}],"wp:attachment":[{"href":"https:\/\/vevorshop.lv\/lv\/wp-json\/wp\/v2\/media?parent=57855"}],"wp:term":[{"taxonomy":"location","embeddable":true,"href":"https:\/\/vevorshop.lv\/lv\/wp-json\/wp\/v2\/location?post=57855"},{"taxonomy":"product_brand","embeddable":true,"href":"https:\/\/vevorshop.lv\/lv\/wp-json\/wp\/v2\/product_brand?post=57855"},{"taxonomy":"product_cat","embeddable":true,"href":"https:\/\/vevorshop.lv\/lv\/wp-json\/wp\/v2\/product_cat?post=57855"},{"taxonomy":"product_tag","embeddable":true,"href":"https:\/\/vevorshop.lv\/lv\/wp-json\/wp\/v2\/product_tag?post=57855"}],"curies":[{"name":"wp","href":"https:\/\/api.w.org\/{rel}","templated":true}]}}