{"id":57887,"date":"2024-12-06T12:30:29","date_gmt":"2024-12-06T12:30:29","guid":{"rendered":"https:\/\/vevorshop.lv\/en_us\/Prece\/vevor-152-cm-60-inch-kids-trampoline-with-safety-net-and-basketball-hoop-for-indoor-and-outdoor-use\/"},"modified":"2026-05-14T06:32:22","modified_gmt":"2026-05-14T03:32:22","slug":"vevor-152-cm-60-inch-kids-trampoline-with-safety-net-and-basketball-hoop-for-indoor-and-outdoor-use","status":"publish","type":"product","link":"https:\/\/vevorshop.lv\/lv\/Prece\/vevor-152-cm-60-collu-bernu-batuts-ar-aizsargtiklu-un-basketbola-grozu-lietosanai-iekstelpas-un-arpus-telpam\/","title":{"rendered":"VEVOR 152cm b\u0113rnu batuts ar aizsargt\u012bklu un basketbola grozu, roz\u0101 mini batuts iek\u0161telp\u0101m un \u0101rpusei, b\u0113rniem no 3 gadiem, 120kg"},"content":{"rendered":"<div style=\"color: #fff!important; font-size: 16px; height: 24px; line-height: 24px; margin-top: -24px; \" class=\"product_original_name\">VEVOR 60\" b\u0113rnu batuts, 5FT iek\u0161telpu \u0101ra batuts, mini mazu\u013cu atp\u016btas batuts ar dro\u0161\u012bbas korpusa t\u012bklu un basketbola grozu, dzim\u0161anas dienas d\u0101vanas Ziemassv\u0113tku rota\u013clietas 3+ gadu b\u0113rniem, roz\u0101<\/div>\n<div style=\"color: #fff!important; font-size: 16px; height: 24px; line-height: 24px; margin-top: -24px; \" class=\"product_sku\">M4I4MNR9<\/div>\n<div style=\"color: #fff!important; font-size: 16px; height: 24px; line-height: 24px; margin-top: -24px; \" class=\"product_mpn\">DWYXBC60YCDW7VQVTV0<\/div><div id=\"js-DM_at-goodDescRich\"><html><head><style>  body {    font-family: Arial;    line-height: 1.5;    color: #1c1c1c;    overflow-x: hidden;    margin: 0;    padding: 0;  }  .MsoNormal b {    font-weight: bolder;  }<\/style><style>  .container.small {    width: 970px;    margin: 0 auto;  }  .logo {    margin: 0 auto 0;  }  .logo img {    display: block;    margin: 0 auto;    max-width: 100%;  }  .logo .pc-banner {    display: block;    width: 1200px;    height: 247.4px;    margin: 0 auto;  }  .logo .pc-banner.small {    width: 970px;  }  .logo .pc-banner.small img {    height: auto!important;  }  .logo .m-banner {    display: none;  }  .ytvideo {    position: relative;    height: 546px;    width: 100%;    margin: 0 auto;  }  .ytvideo img {    width: 100%;    margin: 0 auto;  }  .ytvideo .play-btn {    width: 60px;    height: 42px;    position: absolute;    top: 50%;    left: 50%;    transform: translate(-50%, -50%);    background: url(\"data:image\/png;base64,iVBORw0KGgoAAAANSUhEUgAAAGQAAABGCAMAAAANWMFbAAAC+lBMVEUAAADBGB3kLCfBGB3kLCfcJC7BFx3KKSbiKybkLCbWJCPSIiLSIiLPICHAFx3kLCfgKSXNHiDZJiTIGx\/p4eHcjo7LHSDbJyTkLCbjKyfOHyHPIiL28fHJHB\/GGh7EGR7eKCXDGB3RISHlLSbBGB3AFxzGHB7DGB7BGB3hKybkKybAFx3lLCfAFxzDGR3hKibDGB7cJyTmz8\/elJTlwcHjurrUIyLlLSflLSfAFx3DGR7lLSfCFx3hKibhKibhKybjKybkLCblLSfbJSX49vbx7e3NNzjNMTLMJyjVIyLZf3\/ZQ0LaeHjx0tLgoqLkLCfCGB3HGx\/BGB3BFx3PICHCGB7WJCLOHyC\/Fxy\/Fx3lLCfQISHkLSe\/FxzbJiTBFx3FGx\/AGB7BFx3EGR7AGB3HHSDfKiXAFh3TISHYNzbhKibbJyTTIiL57e325+f039\/v2NjUV1fOHiHiqanfmprch4feKSXVIyPOICHmLibFGh\/mLSe\/Fx7XJCPeKSXXJSPNHyHaJyTGGh7lLCbmLCflLSjSIiLkLCbdKSXLHiC\/GB3KHh++Fh3lKyfoLiXcKCPkx8fYb2\/XaGfVXl3aU1LLHiDksbHgKibPICHbJyTfKSXbJyTCGB3KHSDiKybFGh7TIiL\/\/\/\/VIyPRISHIHB\/GGx\/HHB\/DGR7gKibdKCXLHiDZJiTMHiDNHyHYJSTOICHPICHWJCPcKCXXJSPjLCblLCf+\/f3NGR\/uLijzLynPGR\/IGB7WISHaIyLLGh7UAADxLynNAADRLzDbICLQAADIAAD3MCrUHSHXMTDpKSbLAADp5OTij4\/ejo\/VLy\/1LyngJSTcJCPQHx\/OHB7+\/PzaMS\/OLS\/vLijrLSjSAADaNTPwLyjkKSbNJCbYISHPHB\/KGB7WAAD7+vrn3d3aKynTKCjoLCfsKifRGh\/YAADq5+fhjo7QNDXXKCfmJyXt5+fTLzDLLi\/QKivYHRvMGBrQJCXLISPMExXLDxLaEAvkkI\/bOTfaFQ\/SCgpvLcnHAAAAmnRSTlMA+vv7+gT9Bvf9+8z8\/NSv\/Pr5+P7++vnQIBMP\/v38\/Pn348XDiCYf9OjbzcqxXVcx\/fz8+\/rj1r2poo1+fXFqX0orGP7+\/v7+\/fz8+\/r68uzn4trIxsG\/vri3p6GcmZSNbWVYUUZEPQv+\/f39+\/v7+\/v7+vr64tvV1NTTz87FtbSurqeblJKFg4B3bUY+NjL7+\/v7+\/v67t1cDo8JLQAABkRJREFUWMO0kz9rwkAYh0OIeJkum6YugUAhISCdKoj\/P4C7SMdS+gEKIhSKil10LSg4mzXkILdlEpxCpwTiWOLX6BujvQaEQuGeHLnL+\/64J+SIcKGYTYWnntpdLjrVdqvZmNdn0+EE40GtpuuWVS6Xx6N7YDSGpWXpeq02wHgynM7q80az1a52HpddtVcpsi1zFARBrdaxbhp9iUReTGmwA4KAAr7vx3EYejnCMI6hQYEgy0LQi4jUN0wL19vqFcUC9\/1dAKmEEFkWRYkh5oBejnxQJiSJPJ\/uKBp0Thszx9Mw8hMRIQjKsptCfuES9zr5WJY6vSFCIvE9fCMUmEM1A1kSXcYGxgVYsvI1IPKTZciSTI0us\/SMGG04gDzELDoFBwdcFJrF88dqgYMTiL6DILWYyfOWE8\/kIz38olCNlC03FK95+imxp6y4oUSvAnBjHHhKNtotSDqJzVFiK8c2SBqhZtsrTtgrLXwAyduxZHNE26eHUt5rtuM4WSmds3G+sUdWYo1L+XyxButoh5eKUHk5lByO3G1LqqCWVnfrv\/lyPtf\/4ps1cndNGIri8J1TJ0lx6dR\/oPjq1nbRwdp2dCk4CtIOLW3pVKRL6WZfS5vF2KkIQhpwSsjiYIgNCs1gEMGqiIq24NQX9NwoXFy8Ufrl3twTcg4fv8T9\/JBEySduj6Mjm4bMzYV7EEOxKjjoNDud7yY3Dy71Hq2oLmqfbNR723edH9PgMrNL2utoQ3VmaIDkiw\/4w51P06hlZsTZvkRrbVuSIs\/zwSOsycgzStQouoAkWQqioRT5XI7n2Z1wfVhoZmcAJLsoqjqpjbWCgpOAJXBwHK8PzWbNvoUZJND5wCnSkLAkZ1legx6vqQzjoiTahKlGUGLAiIIoABOHaNVw4sexZBym6\/HWlH5h3IC7yRbxtipcWxdTOkORKiNQAEkFf66x5S2oeRbroOlLgg0sSYkR0hRGEqJZ0jTPiQKatESdBckpWigxaapEH0lImHdWu9pUFF2XqMNM2Z4kped7IwEJw2qabwtrQqnpw6HyKkgcadKWsmpywwesDyIhYRpdzXddqegtGIJlXbAIUMOLkGxJUjRIkokwjUaX9d\/kK62ps\/tYUqZLIMkLTyBhsMZ3C5Z\/kDxOSCb\/DOs\/\/J0qcWSX\/2ipe56EgTCA4\/cB7NAYOsni4mZM1MUPAISoEwkDi4lhVBQ1cWQyIcwalw4EpqZN68JUSK7XC0kTlkLYii5uXSC8jT5ncCAS7mjCv0uHp\/3lueHEEAeQ\/\/VgmdN71\/2uCSA1Xr6DO6uI6sW56zqT2tp2PhgiRUAajV8CY2fkcz6WGNKMgLAt7tJAhD4YHMTeRxlALE6+43WqjSWi8ITxyJl8WrwWSNESQZZOqhDDntO3hJLsd5RtSpbJqdv3YrDJH3F7jL1R2O2aQkn2MyCyKYz0GPGIvSAMgBCrCEiJyKbBaYGwLW4uPRr0A0M4Ux5kUI7IBh+hMdiCEWNqhMZGyYMsOgNE58UQuEQeUnSWCMYwL54hkxK6IoqucQZbQ3pc3XtL0lky1dL0zZJJDpWJovFqpWj6JEHnyam2eQp5QRVAVHjWparTOaVwUOx99YS2MvgxIGV0bb+qIg2HX2qkFFJB+XZcbLiuRkuxD9GRroKyveLxdh4d7Orx+hb7qc3uVRuEogCOnyIxm4ubUoPgF4jianDrC+SDQDKEfJb0GUKmjCGPYHGJvVC6X4hw1\/sAfQAdfYyephIaspXe36RwOP+Ljvfx9B6B3i+Nk0DGq+oCbLn6JpBa9nWAveAIHwFAwtVcIJXPMPL8kRu5OAYPMaL1WScTxjiZDqB9LTJSWphow\/pTYKRTLjCBhvi9iBidvKcDasGSm0QQkycYuLBqj6QCELPctqChDWpTRMWkngNNpQ1Pfp1KkiT\/Y0DGffXAweUNfLAfaJFKDwhb6I+bkYRbkERoEeu3Fyjg2opMz2daZCS9jt6Q7txNfB+OZEVF6Zl5web2xunnLQrtrjXseXKaFYziYINeMFZVxS9VxRhOoesYwxPKXm+gWLG9cuFeq93UNNeJNsf1KlwuDok9n02n3TgIJpOxNfL9naIoQwXtfH9kjceTIIi709ncTg6LZbg+biLH1V6u\/7rxBem06VXKn9raAAAAAElFTkSuQmCC\")      no-repeat center center \/ contain;  }  @media screen and (max-width: 960px) and (orientation: portrait) {    .logo {      width: 100%;    }    .logo .pc-banner {      display: none;    }    .logo .m-banner {      display: block;      width: 100%;    }    .logo .m-banner img {      height: auto!important;    }    .ytvideo {      height: 200px;      width: 100%;    }  }<\/style><style>  .video-section {    width: 100%;    margin: 0 auto;  }  .video-section > img {    width: 100%;  }  .video-section iframe,  .video-section video {    width: 100%;    height: 100%;      }  .video-section-img-m,  .video-section-img-pc > img {    width: 100%;    height: auto;  }  .video-section-img-pc.small > img {    width: 970px;  }  .video-desc {    line-height: 1.5;    font-size: 20px;    font-weight: 400;    margin: 20px 0;    text-align: center;    color: #0f1111;    word-break: break-word;  }  @media screen and (max-width: 960px) and (orientation: portrait) {    .video-section {      width: 100%;    }    .video-section-pc,    .video-section-img-pc {      display: none;    }    .video-section-m,    .video-section-img-m {      display: block;    }    .video-desc {      font-size: 15px;    }  }  @media screen and (min-width: 960px) {    .video-section {      width: 100%;      margin: 0 auto;    }    .video-section-pc,    .video-section-img-pc {      display: block;    }    .video-section-m,    .video-section-img-m {      display: none;    }    .video-desc {      font-size: 20px;    }  }<\/style><style>  .section + .section {    margin-top: 35px;  }  .section-title {    text-align: center;    font-weight: bold;    color: #0d1111;    font-family: \"Arial\";    font-size: 32px;    margin: 15px 0;  }  .section-title:empty {    display: none;  }  .section-desc {    text-align: center;    font-weight: normal;    color: #0d1111;    margin-top: 20px;  }  .section-desc:empty {    display: none;  }  .section-img {    width: 1200px;    height: 492px;    margin: 0 auto;    display: block;  }  .section-img.small {    width: 970px;    height: auto;  }  .section-img.small > img {    height: auto;  }  .section-img > img {    width: 100%;    height: 100%;  }  .section-mobile-img {    display: none;    max-width: 100vw;    max-height: 75vw;    height: 450px;    margin: 0 auto;  }  .section-mobile-img > img {    width: 100%;    height: 100%;  }  @media screen and (max-width: 960px) and (orientation: portrait) {    .container {      width: 100%;    }    .container.small {      width: 100%;    }    .section-mobile-img {      display: block;    }    .section-img {      display: none;    }    .section-title {      font-size: 22px;      margin: 10px 0;    }    .section-desc {      margin-top: 10px;    }    .section + .section {      margin-top: 20px;    }  }<\/style><\/head><body><div class=\"container small\"><div class=\"logo\"><div class=\"pc-banner small\"><div><img decoding=\"async\" src=\"\/vevor\/vevor\/boutique-banner\/pc\/en-pc@1x.jpg\" style=\"width: 100%;\" \/><\/div><\/div><div class=\"m-banner\"><div><img decoding=\"async\" src=\"\/vevor\/vevor\/boutique-banner\/mobile\/en-m@1x.jpg\" style=\"width: 100%;\" \/><\/div><\/div><\/div><div class=\"section-title\">Liel\u0101ks un plat\u0101ks b\u0113rnu batuts<\/div><div class=\"video-section\"><div class=\"video-section-img-pc small\"><img decoding=\"async\" src=\"\/vevor\/product\/DWYXBC60YCDW7VQVT\/kids-trampoline-a100-1.4-pt.jpg\" \/><\/div><div class=\"video-section-img-m\"><img decoding=\"async\" src=\"\/vevor\/product\/DWYXBC60YCDW7VQVT\/kids-trampoline-a100-1.4-pt.jpg\" \/><\/div><div class=\"section-desc\">\u0160is m\u0101jas batuts mazu\u013ciem ir piem\u0113rots lieto\u0161anai gan iek\u0161telp\u0101s, gan \u0101r\u0101, nodro\u0161inot b\u0113rniem vair\u0101k fizisko aktivit\u0101\u0161u, lai uzlabotu vi\u0146u sp\u0113ku un iztur\u012bbu, vienlaikus veicinot jautras aktivit\u0101tes, kas uzlabo lokan\u012bbu un koordin\u0101ciju.<\/div><\/div><div class=\"section\"><div class=\"section-title\"><\/div><div class=\"section-img small\"><img decoding=\"async\" src=\"\/vevor\/product\/DWYXBC60YCDW7VQVT\/kids-trampoline-a100-2.2-pt.jpg\" \/><\/div><div class=\"section-mobile-img\"><img decoding=\"async\" src=\"\/vevor\/product\/DWYXBC60YCDW7VQVT\/kids-trampoline-a100-2.2-pt.jpg\" \/><\/div><div class=\"section-desc\">M\u016bsu mini batuts mazu\u013ciem ietver t\u0101dus aksesu\u0101rus k\u0101 piekarin\u0101ma basketbola grozs un bumba, kas \u013cauj sp\u0113l\u0113t basketbolu un izklaid\u0113ties jebkur\u0101 viet\u0101, gan telp\u0101s, gan \u0101r\u0101, gan d\u0101rz\u0101 vai pagalm\u0101.<\/div><\/div><div class=\"section\"><div class=\"section-title\"><\/div><div class=\"section-img small\"><img decoding=\"async\" src=\"\/vevor\/product\/DWYXBC60YCDW7VQVT\/kids-trampoline-a100-2.3-pt.jpg\" \/><\/div><div class=\"section-mobile-img\"><img decoding=\"async\" src=\"\/vevor\/product\/DWYXBC60YCDW7VQVT\/kids-trampoline-a100-2.3-pt.jpg\" \/><\/div><div class=\"section-desc\">L\u0113k\u0161anas pakl\u0101ji\u0146\u0161 ir integr\u0113ts ar dro\u0161\u012bbas apmali, un paaugstin\u0101tais aizsargkonstrukcijas dizains nodro\u0161ina stabilit\u0101ti zem spiediena, \u013caujot iztur\u0113t liel\u0101ku svaru un samazinot l\u016bzuma risku, nodro\u0161inot, ka katrs l\u0113ciens ir dro\u0161s b\u0113rniem.<\/div><\/div><div class=\"section\"><div class=\"section-title\"><\/div><div class=\"section-img small\"><img decoding=\"async\" src=\"\/vevor\/product\/DWYXBC60YCDW7VQVT\/kids-trampoline-a100-2.4-pt.jpg\" \/><\/div><div class=\"section-mobile-img\"><img decoding=\"async\" src=\"\/vevor\/product\/DWYXBC60YCDW7VQVT\/kids-trampoline-a100-2.4-pt.jpg\" \/><\/div><div class=\"section-desc\">Vingro\u0161anas batuts ir izgatavots ar lieljaudas r\u0101mi, PP lecamo pakl\u0101ji\u0146u un dro\u0161\u012bbas paliktni, ner\u016bs\u0113jo\u0161\u0101 t\u0113rauda atsper\u0113m, k\u0101ju caurul\u0113m ar gumijas galvu un ar put\u0101m p\u0101rkl\u0101tiem rokturiem, nodro\u0161inot iztur\u012bbu un iztur\u012bbu. Tam ir pies\u016bcek\u0146i uz k\u0101j\u0101m amortiz\u0101cijai, efekt\u012bvi samazinot troksni.<\/div><\/div><div class=\"section\"><div class=\"section-title\"><\/div><div class=\"section-img small\"><img decoding=\"async\" src=\"\/vevor\/product\/DWYXBC60YCDW7VQVT\/kids-trampoline-a100-2.5-pt.jpg\" \/><\/div><div class=\"section-mobile-img\"><img decoding=\"async\" src=\"\/vevor\/product\/DWYXBC60YCDW7VQVT\/kids-trampoline-a100-2.5-pt.jpg\" \/><\/div><div class=\"section-desc\">Mazu\u013cu batuta salik\u0161anai nepiecie\u0161ams tikai viens pieaugu\u0161ais. Izpildiet instrukcijas, lai saliktu r\u0101mi, pievilktu k\u0101jas un piestiprin\u0101tu pakl\u0101ji\u0146u pie l\u0113k\u0101\u0161anas r\u0101mja. Uzst\u0101d\u012b\u0161anas caurumi un v\u012btnes ir prec\u012bzi saska\u0146otas, lai uzst\u0101d\u012b\u0161anu var\u0113tu veikt vien\u0101 sol\u012b.<\/div><\/div><div class=\"section\"><div class=\"section-img small\"><img decoding=\"async\" src=\"\/vevor\/product\/DWYXBC60YCDW7VQVT\/kids-trampoline-a100-1.11-pt.jpg\" \/><\/div><div class=\"section-mobile-img\"><img decoding=\"async\" src=\"\/vevor\/product\/DWYXBC60YCDW7VQVT\/kids-trampoline-a100-1.11-pt.jpg\" \/><\/div><\/div><\/div><\/body><\/html><\/div>\n<div class=\"DM_at-title\" id=\"js-DM_at-title\"> <div>Produkta specifik\u0101cija<\/div> <i class=\"icon-arrowup_line\"><\/i> <\/div><div class=\"DM_at-goodsDescAttr\" id=\"js-DM_at-goodsDescAttr\"> <div class=\"DM_at-goodsDescAttrInner\"> <dl class=\"goodsDesc_item goodsDesc_item_even\"> <dt>Preces Mode\u013ca Numurs<\/dt> <dd> TX-B7110-60in<\/dd> <\/dl> <dl class=\"goodsDesc_item\"> <dt>Produkta Izm\u0113rs<\/dt> <dd> 60,8x47,6 collas \/ 1545x1210 mm<\/dd> <\/dl> <dl class=\"goodsDesc_item goodsDesc_item_even\"> <dt>Produkta Svars<\/dt> <dd> 26,5 m\u0101rci\u0146as \/ 12 kg<\/dd> <\/dl> <dl class=\"goodsDesc_item\"> <dt>Svars, Tilpums<\/dt> <dd> Maks. 120 kg \/ 265 m\u0101rci\u0146as<\/dd> <\/dl> <\/div> <\/div>","protected":false},"excerpt":{"rendered":"<ul>\n<li> Liel\u0101ks un pla\u0161\u0101ks b\u0113rnu batuts: 60 collu b\u0113rnu batuts pied\u0101v\u0101 liel\u0101ku l\u0113k\u0161anas laukumu, kas viegli \u013cauj b\u0113rniem atrais\u012bt savu dabisko ener\u0123iju, padarot to par lab\u0101ko \u0123imenes aktivit\u0101\u0161u sp\u0113li. Taj\u0101 var vienlaikus uz\u0146emt divus d\u017eemperus, nodro\u0161inot b\u0113rniem vair\u0101k vingrin\u0101jumu m\u0101j\u0101s, uzlabojot vi\u0146u sp\u0113ku un iztur\u012bbu, vienlaikus veicinot jautras aktivit\u0101tes, kas uzlabo elast\u012bbu un koordin\u0101ciju. <\/li>\n<li> Uzlabots lecampakl\u0101js: lecampakl\u0101js ir integr\u0113ts ar dro\u0161\u012bbas sv\u0101rkiem, un tam ir iztur\u012bgs dizains, lai palielin\u0101tu aizsardz\u012bbu. Ar 36 atsper\u0113m, kas atbalsta maksim\u0101lo svaru 120 kg (265 m\u0101rci\u0146as), m\u016bsu iek\u0161telpu \u0101ra batuts nodro\u0161ina dro\u0161\u012bbu katra l\u0113ciena laik\u0101. Se\u0161i dro\u0161\u012bbas stabi, 360\u00b0 korpusa t\u012bkls un U veida r\u0101v\u0113jsl\u0113dz\u0113js nodro\u0161ina visaptvero\u0161u aizsardz\u012bbu j\u016bsu b\u0113rnam. <\/li>\n<li> Dubult\u0101 jautr\u012bba: mini mazu\u013cu mazu\u013cu batuta piederumi ietver piek\u0101rtu basketbola st\u012bpu un bumbu, nodro\u0161inot b\u0113rnam vair\u0101k jautr\u012bbas l\u0113k\u0101\u0161anas laik\u0101. Izbaudiet dubulto pieredzi, \u0161aujot ar st\u012bp\u0101m un atlecot jebkur\u0101 laik\u0101 un viet\u0101, gan telp\u0101s, gan \u0101r\u0101, gan d\u0101rz\u0101 vai pagalm\u0101. <\/li>\n<li> Iztur\u012bgi un stabili materi\u0101li: Jaunie, uzlabotie, sabiezin\u0101tie met\u0101la k\u0101ju stie\u0146i ir iztur\u012bgi pret loc\u012b\u0161anos un deform\u0101ciju, izgatavoti no piln\u012bb\u0101 t\u0113rauda konstrukcijas, lai nodro\u0161in\u0101tu iztur\u012bbu un stabilit\u0101ti. U-veida k\u0101j\u0101m ir se\u0161i pies\u016bcek\u0146i, kas ir nesl\u012bdo\u0161i un klusi, \u013caujot b\u0113rniem l\u0113k\u0101t, cik vien sirds k\u0101ro, netrauc\u0113jot citus. PP l\u0113k\u0101\u0161anas pakl\u0101ji\u0146\u0161 ir nodilumiztur\u012bgs, ilgm\u016b\u017e\u012bgs, \u016bdensnecaurlaid\u012bgs un viegli t\u012br\u0101ms. <\/li>\n<li> Br\u012bvdienu d\u0101vana: \u0161is atp\u016btas batuts b\u0113rniem nodro\u0161ina izcilu izklaides pieredzi, atturot mazu\u013cus no elektronikas un veicinot fizisko izaugsmi. T\u0101 ir lab\u0101k\u0101 izv\u0113le br\u012bvdienu d\u0101van\u0101m, radot jautras un br\u012bni\u0161\u0137\u012bgas atmi\u0146as gan b\u0113rniem, gan pieaugu\u0161ajiem. <\/li>\n<\/ul>","protected":false},"featured_media":354593,"comment_status":"closed","ping_status":"open","template":"","meta":{"om_disable_all_campaigns":false,"_uf_show_specific_survey":0,"_uf_disable_surveys":false},"location":[1935,1934],"product_brand":[21],"product_cat":[3534,2378,3533],"product_tag":[],"class_list":{"0":"post-57887","1":"product","2":"type-product","3":"status-publish","4":"has-post-thumbnail","6":"location-supplier_stock_location","7":"location-local_stock_location","8":"product_brand-vevor","9":"product_cat-kids-trampoline","10":"product_cat-sports-outdoors","11":"product_cat-trampolines-sports-outdoors","13":"first","14":"instock","15":"taxable","16":"shipping-taxable","17":"purchasable","18":"product-type-simple"},"aioseo_notices":[],"locations":[{"id":1935,"name":"Pieg\u0101d\u0101ja noliktav\u0101 (5-7dd.d)","slug":"supplier_stock_location","quantity":"6"},{"id":1934,"name":"R\u012bgas veikal\u0101 (0-2d.d.)","slug":"local_stock_location","quantity":"0"}],"_links":{"self":[{"href":"https:\/\/vevorshop.lv\/lv\/wp-json\/wp\/v2\/product\/57887","targetHints":{"allow":["GET"]}}],"collection":[{"href":"https:\/\/vevorshop.lv\/lv\/wp-json\/wp\/v2\/product"}],"about":[{"href":"https:\/\/vevorshop.lv\/lv\/wp-json\/wp\/v2\/types\/product"}],"replies":[{"embeddable":true,"href":"https:\/\/vevorshop.lv\/lv\/wp-json\/wp\/v2\/comments?post=57887"}],"wp:featuredmedia":[{"embeddable":true,"href":"https:\/\/vevorshop.lv\/lv\/wp-json\/wp\/v2\/media\/354593"}],"wp:attachment":[{"href":"https:\/\/vevorshop.lv\/lv\/wp-json\/wp\/v2\/media?parent=57887"}],"wp:term":[{"taxonomy":"location","embeddable":true,"href":"https:\/\/vevorshop.lv\/lv\/wp-json\/wp\/v2\/location?post=57887"},{"taxonomy":"product_brand","embeddable":true,"href":"https:\/\/vevorshop.lv\/lv\/wp-json\/wp\/v2\/product_brand?post=57887"},{"taxonomy":"product_cat","embeddable":true,"href":"https:\/\/vevorshop.lv\/lv\/wp-json\/wp\/v2\/product_cat?post=57887"},{"taxonomy":"product_tag","embeddable":true,"href":"https:\/\/vevorshop.lv\/lv\/wp-json\/wp\/v2\/product_tag?post=57887"}],"curies":[{"name":"wp","href":"https:\/\/api.w.org\/{rel}","templated":true}]}}