{"id":57906,"date":"2024-12-06T12:31:04","date_gmt":"2024-12-06T12:31:04","guid":{"rendered":"https:\/\/vevorshop.lv\/en_us\/Prece\/vevor-foldable-mini-trampoline-for-kids-91-cm-36-in-indoor-outdoor-up-to-100-kg-220-lbs-capacity\/"},"modified":"2026-05-14T19:39:31","modified_gmt":"2026-05-14T16:39:31","slug":"vevor-foldable-mini-trampoline-for-kids-91-cm-36-in-indoor-outdoor-up-to-100-kg-220-lbs-capacity","status":"publish","type":"product","link":"https:\/\/vevorshop.lv\/lv\/Prece\/vevor-salokams-mini-batuts-berniem-91-cm-36-in-iekstelpas-arpus-telpam-lidz-100-kg-220-marcinu-ietilpibai\/","title":{"rendered":"VEVOR 91cm salok\u0101ms b\u0113rnu batuts ar rokturi, iek\u0161telpu un \u0101ra mini batuts mazu\u013ciem, roz\u0101, no 3 gadiem"},"content":{"rendered":"<div style=\"color: #fff!important; font-size: 16px; height: 24px; line-height: 24px; margin-top: -24px; \" class=\"product_original_name\">VEVOR 36\" b\u0113rnu batuts, 3FT iek\u0161telpu \u0101ra batuts, salok\u0101ms mini batuts ar rokturi, restes batuts maziem b\u0113rniem, dzim\u0161anas dienas d\u0101vana 3+ gadu b\u0113rniem, z\u0113nu meitenes izklaidei, roz\u0101<\/div>\n<div style=\"color: #fff!important; font-size: 16px; height: 24px; line-height: 24px; margin-top: -24px; \" class=\"product_sku\">M4I4MNVY<\/div>\n<div style=\"color: #fff!important; font-size: 16px; height: 24px; line-height: 24px; margin-top: -24px; \" class=\"product_mpn\">ETBC36YCYXBCFYJJKV0<\/div><div id=\"js-DM_at-goodDescRich\"><html><head><style>  body {    font-family: Arial;    line-height: 1.5;    color: #1c1c1c;    overflow-x: hidden;    margin: 0;    padding: 0;  }  .MsoNormal b {    font-weight: bolder;  }<\/style><style>  .container.small {    width: 970px;    margin: 0 auto;  }  .logo {    margin: 0 auto 0;  }  .logo img {    display: block;    margin: 0 auto;    max-width: 100%;  }  .logo .pc-banner {    display: block;    width: 1200px;    height: 247.4px;    margin: 0 auto;  }  .logo .pc-banner.small {    width: 970px;  }  .logo .pc-banner.small img {    height: auto!important;  }  .logo .m-banner {    display: none;  }  .ytvideo {    position: relative;    height: 546px;    width: 100%;    margin: 0 auto;  }  .ytvideo img {    width: 100%;    margin: 0 auto;  }  .ytvideo .play-btn {    width: 60px;    height: 42px;    position: absolute;    top: 50%;    left: 50%;    transform: translate(-50%, -50%);    background: url(\"data:image\/png;base64,iVBORw0KGgoAAAANSUhEUgAAAGQAAABGCAMAAAANWMFbAAAC+lBMVEUAAADBGB3kLCfBGB3kLCfcJC7BFx3KKSbiKybkLCbWJCPSIiLSIiLPICHAFx3kLCfgKSXNHiDZJiTIGx\/p4eHcjo7LHSDbJyTkLCbjKyfOHyHPIiL28fHJHB\/GGh7EGR7eKCXDGB3RISHlLSbBGB3AFxzGHB7DGB7BGB3hKybkKybAFx3lLCfAFxzDGR3hKibDGB7cJyTmz8\/elJTlwcHjurrUIyLlLSflLSfAFx3DGR7lLSfCFx3hKibhKibhKybjKybkLCblLSfbJSX49vbx7e3NNzjNMTLMJyjVIyLZf3\/ZQ0LaeHjx0tLgoqLkLCfCGB3HGx\/BGB3BFx3PICHCGB7WJCLOHyC\/Fxy\/Fx3lLCfQISHkLSe\/FxzbJiTBFx3FGx\/AGB7BFx3EGR7AGB3HHSDfKiXAFh3TISHYNzbhKibbJyTTIiL57e325+f039\/v2NjUV1fOHiHiqanfmprch4feKSXVIyPOICHmLibFGh\/mLSe\/Fx7XJCPeKSXXJSPNHyHaJyTGGh7lLCbmLCflLSjSIiLkLCbdKSXLHiC\/GB3KHh++Fh3lKyfoLiXcKCPkx8fYb2\/XaGfVXl3aU1LLHiDksbHgKibPICHbJyTfKSXbJyTCGB3KHSDiKybFGh7TIiL\/\/\/\/VIyPRISHIHB\/GGx\/HHB\/DGR7gKibdKCXLHiDZJiTMHiDNHyHYJSTOICHPICHWJCPcKCXXJSPjLCblLCf+\/f3NGR\/uLijzLynPGR\/IGB7WISHaIyLLGh7UAADxLynNAADRLzDbICLQAADIAAD3MCrUHSHXMTDpKSbLAADp5OTij4\/ejo\/VLy\/1LyngJSTcJCPQHx\/OHB7+\/PzaMS\/OLS\/vLijrLSjSAADaNTPwLyjkKSbNJCbYISHPHB\/KGB7WAAD7+vrn3d3aKynTKCjoLCfsKifRGh\/YAADq5+fhjo7QNDXXKCfmJyXt5+fTLzDLLi\/QKivYHRvMGBrQJCXLISPMExXLDxLaEAvkkI\/bOTfaFQ\/SCgpvLcnHAAAAmnRSTlMA+vv7+gT9Bvf9+8z8\/NSv\/Pr5+P7++vnQIBMP\/v38\/Pn348XDiCYf9OjbzcqxXVcx\/fz8+\/rj1r2poo1+fXFqX0orGP7+\/v7+\/fz8+\/r68uzn4trIxsG\/vri3p6GcmZSNbWVYUUZEPQv+\/f39+\/v7+\/v7+vr64tvV1NTTz87FtbSurqeblJKFg4B3bUY+NjL7+\/v7+\/v67t1cDo8JLQAABkRJREFUWMO0kz9rwkAYh0OIeJkum6YugUAhISCdKoj\/P4C7SMdS+gEKIhSKil10LSg4mzXkILdlEpxCpwTiWOLX6BujvQaEQuGeHLnL+\/64J+SIcKGYTYWnntpdLjrVdqvZmNdn0+EE40GtpuuWVS6Xx6N7YDSGpWXpeq02wHgynM7q80az1a52HpddtVcpsi1zFARBrdaxbhp9iUReTGmwA4KAAr7vx3EYejnCMI6hQYEgy0LQi4jUN0wL19vqFcUC9\/1dAKmEEFkWRYkh5oBejnxQJiSJPJ\/uKBp0Thszx9Mw8hMRIQjKsptCfuES9zr5WJY6vSFCIvE9fCMUmEM1A1kSXcYGxgVYsvI1IPKTZciSTI0us\/SMGG04gDzELDoFBwdcFJrF88dqgYMTiL6DILWYyfOWE8\/kIz38olCNlC03FK95+imxp6y4oUSvAnBjHHhKNtotSDqJzVFiK8c2SBqhZtsrTtgrLXwAyduxZHNE26eHUt5rtuM4WSmds3G+sUdWYo1L+XyxButoh5eKUHk5lByO3G1LqqCWVnfrv\/lyPtf\/4ps1cndNGIri8J1TJ0lx6dR\/oPjq1nbRwdp2dCk4CtIOLW3pVKRL6WZfS5vF2KkIQhpwSsjiYIgNCs1gEMGqiIq24NQX9NwoXFy8Ufrl3twTcg4fv8T9\/JBEySduj6Mjm4bMzYV7EEOxKjjoNDud7yY3Dy71Hq2oLmqfbNR723edH9PgMrNL2utoQ3VmaIDkiw\/4w51P06hlZsTZvkRrbVuSIs\/zwSOsycgzStQouoAkWQqioRT5XI7n2Z1wfVhoZmcAJLsoqjqpjbWCgpOAJXBwHK8PzWbNvoUZJND5wCnSkLAkZ1legx6vqQzjoiTahKlGUGLAiIIoABOHaNVw4sexZBym6\/HWlH5h3IC7yRbxtipcWxdTOkORKiNQAEkFf66x5S2oeRbroOlLgg0sSYkR0hRGEqJZ0jTPiQKatESdBckpWigxaapEH0lImHdWu9pUFF2XqMNM2Z4kped7IwEJw2qabwtrQqnpw6HyKkgcadKWsmpywwesDyIhYRpdzXddqegtGIJlXbAIUMOLkGxJUjRIkokwjUaX9d\/kK62ps\/tYUqZLIMkLTyBhsMZ3C5Z\/kDxOSCb\/DOs\/\/J0qcWSX\/2ipe56EgTCA4\/cB7NAYOsni4mZM1MUPAISoEwkDi4lhVBQ1cWQyIcwalw4EpqZN68JUSK7XC0kTlkLYii5uXSC8jT5ncCAS7mjCv0uHp\/3lueHEEAeQ\/\/VgmdN71\/2uCSA1Xr6DO6uI6sW56zqT2tp2PhgiRUAajV8CY2fkcz6WGNKMgLAt7tJAhD4YHMTeRxlALE6+43WqjSWi8ITxyJl8WrwWSNESQZZOqhDDntO3hJLsd5RtSpbJqdv3YrDJH3F7jL1R2O2aQkn2MyCyKYz0GPGIvSAMgBCrCEiJyKbBaYGwLW4uPRr0A0M4Ux5kUI7IBh+hMdiCEWNqhMZGyYMsOgNE58UQuEQeUnSWCMYwL54hkxK6IoqucQZbQ3pc3XtL0lky1dL0zZJJDpWJovFqpWj6JEHnyam2eQp5QRVAVHjWparTOaVwUOx99YS2MvgxIGV0bb+qIg2HX2qkFFJB+XZcbLiuRkuxD9GRroKyveLxdh4d7Orx+hb7qc3uVRuEogCOnyIxm4ubUoPgF4jianDrC+SDQDKEfJb0GUKmjCGPYHGJvVC6X4hw1\/sAfQAdfYyephIaspXe36RwOP+Ljvfx9B6B3i+Nk0DGq+oCbLn6JpBa9nWAveAIHwFAwtVcIJXPMPL8kRu5OAYPMaL1WScTxjiZDqB9LTJSWphow\/pTYKRTLjCBhvi9iBidvKcDasGSm0QQkycYuLBqj6QCELPctqChDWpTRMWkngNNpQ1Pfp1KkiT\/Y0DGffXAweUNfLAfaJFKDwhb6I+bkYRbkERoEeu3Fyjg2opMz2daZCS9jt6Q7txNfB+OZEVF6Zl5web2xunnLQrtrjXseXKaFYziYINeMFZVxS9VxRhOoesYwxPKXm+gWLG9cuFeq93UNNeJNsf1KlwuDok9n02n3TgIJpOxNfL9naIoQwXtfH9kjceTIIi709ncTg6LZbg+biLH1V6u\/7rxBem06VXKn9raAAAAAElFTkSuQmCC\")      no-repeat center center \/ contain;  }  @media screen and (max-width: 960px) and (orientation: portrait) {    .logo {      width: 100%;    }    .logo .pc-banner {      display: none;    }    .logo .m-banner {      display: block;      width: 100%;    }    .logo .m-banner img {      height: auto!important;    }    .ytvideo {      height: 200px;      width: 100%;    }  }<\/style><style>  .video-section {    width: 100%;    margin: 0 auto;  }  .video-section > img {    width: 100%;  }  .video-section iframe,  .video-section video {    width: 100%;    height: 100%;      }  .video-section-img-m,  .video-section-img-pc > img {    width: 100%;    height: auto;  }  .video-section-img-pc.small > img {    width: 970px;  }  .video-desc {    line-height: 1.5;    font-size: 20px;    font-weight: 400;    margin: 20px 0;    text-align: center;    color: #0f1111;    word-break: break-word;  }  @media screen and (max-width: 960px) and (orientation: portrait) {    .video-section {      width: 100%;    }    .video-section-pc,    .video-section-img-pc {      display: none;    }    .video-section-m,    .video-section-img-m {      display: block;    }    .video-desc {      font-size: 15px;    }  }  @media screen and (min-width: 960px) {    .video-section {      width: 100%;      margin: 0 auto;    }    .video-section-pc,    .video-section-img-pc {      display: block;    }    .video-section-m,    .video-section-img-m {      display: none;    }    .video-desc {      font-size: 20px;    }  }<\/style><style>  .section + .section {    margin-top: 35px;  }  .section-title {    text-align: center;    font-weight: bold;    color: #0d1111;    font-family: \"Arial\";    font-size: 32px;    margin: 15px 0;  }  .section-title:empty {    display: none;  }  .section-desc {    text-align: center;    font-weight: normal;    color: #0d1111;    margin-top: 20px;  }  .section-desc:empty {    display: none;  }  .section-img {    width: 1200px;    height: 492px;    margin: 0 auto;    display: block;  }  .section-img.small {    width: 970px;    height: auto;  }  .section-img.small > img {    height: auto;  }  .section-img > img {    width: 100%;    height: 100%;  }  .section-mobile-img {    display: none;    max-width: 100vw;    max-height: 75vw;    height: 450px;    margin: 0 auto;  }  .section-mobile-img > img {    width: 100%;    height: 100%;  }  @media screen and (max-width: 960px) and (orientation: portrait) {    .container {      width: 100%;    }    .container.small {      width: 100%;    }    .section-mobile-img {      display: block;    }    .section-img {      display: none;    }    .section-title {      font-size: 22px;      margin: 10px 0;    }    .section-desc {      margin-top: 10px;    }    .section + .section {      margin-top: 20px;    }  }<\/style><\/head><body><div class=\"container small\"><div class=\"logo\"><div class=\"pc-banner small\"><div><img decoding=\"async\" src=\"\/vevor\/vevor\/boutique-banner\/pc\/en-pc@1x.jpg\" style=\"width: 100%;\" \/><\/div><\/div><div class=\"m-banner\"><div><img decoding=\"async\" src=\"\/vevor\/vevor\/boutique-banner\/mobile\/en-m@1x.jpg\" style=\"width: 100%;\" \/><\/div><\/div><\/div><div class=\"section-title\">Izstr\u0101d\u0101ts \u012bpa\u0161i b\u0113rniem<\/div><div class=\"video-section\"><div class=\"video-section-img-pc small\"><img decoding=\"async\" src=\"\/vevor\/product\/ETBC36YCYXBCFYJJK\/kids-trampoline-a100-1.4-pt.jpg\" \/><\/div><div class=\"video-section-img-m\"><img decoding=\"async\" src=\"\/vevor\/product\/ETBC36YCYXBCFYJJK\/kids-trampoline-a100-1.4-pt.jpg\" \/><\/div><div class=\"section-desc\">\u0160is m\u0101jas batuts mazu\u013ciem ir piem\u0113rots lieto\u0161anai gan iek\u0161telp\u0101s, gan \u0101r\u0101, nodro\u0161inot b\u0113rniem vair\u0101k fizisko aktivit\u0101\u0161u, lai uzlabotu vi\u0146u sp\u0113ku un iztur\u012bbu, vienlaikus veicinot jautras aktivit\u0101tes, kas uzlabo lokan\u012bbu un koordin\u0101ciju.<\/div><\/div><div class=\"section\"><div class=\"section-title\"><\/div><div class=\"section-img small\"><img decoding=\"async\" src=\"\/vevor\/product\/ETBC36YCYXBCFYJJK\/kids-trampoline-a100-2.2-pt.jpg\" \/><\/div><div class=\"section-mobile-img\"><img decoding=\"async\" src=\"\/vevor\/product\/ETBC36YCYXBCFYJJK\/kids-trampoline-a100-2.2-pt.jpg\" \/><\/div><div class=\"section-desc\">Salok\u0101mais dizains padara m\u016bsu mini mazu\u013cu batutu viegli p\u0101rvietojamu, \u013caujot b\u0113rniem l\u0113k\u0101t, kur vien v\u0113las. To var uzglab\u0101t zem d\u012bv\u0101niem vai automa\u0161\u012bnu bag\u0101\u017eniekos, t\u0101d\u0113j\u0101di ietaupot vietu.<\/div><\/div><div class=\"section\"><div class=\"section-title\"><\/div><div class=\"section-img small\"><img decoding=\"async\" src=\"\/vevor\/product\/ETBC36YCYXBCFYJJK\/kids-trampoline-a100-2.3-pt.jpg\" \/><\/div><div class=\"section-mobile-img\"><img decoding=\"async\" src=\"\/vevor\/product\/ETBC36YCYXBCFYJJK\/kids-trampoline-a100-2.3-pt.jpg\" \/><\/div><div class=\"section-desc\">Mazu b\u0113rnu batuts ir izgatavots ar lieljaudas r\u0101mi, PP leco\u0161o pakl\u0101ji\u0146u un dro\u0161\u012bbas paliktni, plakan\u0101m elast\u012bg\u0101m lent\u0113m, k\u0101ju caurul\u0113m ar gumijas galvu un ar put\u0101m p\u0101rkl\u0101tiem rokturiem, nodro\u0161inot iztur\u012bbu un iztur\u012bbu, vienlaikus viegli t\u012brot un kopjot. Gumijas k\u0101ju palikt\u0146i nodro\u0161ina amortiz\u0101ciju klusai darb\u012bbai.<\/div><\/div><div class=\"section\"><div class=\"section-title\"><\/div><div class=\"section-img small\"><img decoding=\"async\" src=\"\/vevor\/product\/ETBC36YCYXBCFYJJK\/kids-trampoline-a100-2.4-pt.jpg\" \/><\/div><div class=\"section-mobile-img\"><img decoding=\"async\" src=\"\/vevor\/product\/ETBC36YCYXBCFYJJK\/kids-trampoline-a100-2.4-pt.jpg\" \/><\/div><div class=\"section-desc\">PP leco\u0161ais pakl\u0101js ir nodilumiztur\u012bgs, iztur\u012bgs, \u016bdensiztur\u012bgs, un viegli t\u012br\u0101ms Ar 28 elast\u012bg\u0101m lent\u0113m lielai svara ietilp\u012bbai un bieziem dro\u0161\u012bbas spilventi\u0146iem, lai nov\u0113rstu k\u0101ju saspie\u0161anu, tas nodro\u0161ina katra l\u0113ciena dro\u0161\u012bbu.<\/div><\/div><div class=\"section\"><div class=\"section-title\"><\/div><div class=\"section-img small\"><img decoding=\"async\" src=\"\/vevor\/product\/ETBC36YCYXBCFYJJK\/kids-trampoline-a100-2.5-pt.jpg\" \/><\/div><div class=\"section-mobile-img\"><img decoding=\"async\" src=\"\/vevor\/product\/ETBC36YCYXBCFYJJK\/kids-trampoline-a100-2.5-pt.jpg\" \/><\/div><div class=\"section-desc\">Mazu\u013cu batuta salik\u0161anai nepiecie\u0161ams tikai viens pieaugu\u0161ais. Izpildiet instrukcijas, lai saliktu r\u0101mi, pievilktu k\u0101jas un piestiprin\u0101tu pakl\u0101ji\u0146u pie l\u0113k\u0101\u0161anas r\u0101mja. Uzst\u0101d\u012b\u0161anas caurumi un v\u012btnes ir prec\u012bzi saska\u0146otas, lai uzst\u0101d\u012b\u0161anu var\u0113tu veikt vien\u0101 sol\u012b.<\/div><\/div><div class=\"section\"><div class=\"section-img small\"><img decoding=\"async\" src=\"\/vevor\/product\/ETBC36YCYXBCFYJJK\/kids-trampoline-a100-1.11-pt.jpg\" \/><\/div><div class=\"section-mobile-img\"><img decoding=\"async\" src=\"\/vevor\/product\/ETBC36YCYXBCFYJJK\/kids-trampoline-a100-1.11-pt.jpg\" \/><\/div><\/div><\/div><\/body><\/html><\/div>\n<div class=\"DM_at-title\" id=\"js-DM_at-title\"> <div>Produkta specifik\u0101cija<\/div> <i class=\"icon-arrowup_line\"><\/i> <\/div><div class=\"DM_at-goodsDescAttr\" id=\"js-DM_at-goodsDescAttr\"> <div class=\"DM_at-goodsDescAttrInner\"> <dl class=\"goodsDesc_item goodsDesc_item_even\"> <dt>Preces Mode\u013ca Numurs<\/dt> <dd> TX-B6232D-36in<\/dd> <\/dl> <dl class=\"goodsDesc_item\"> <dt>Izm\u0113rs (uzst\u0101d\u012bts)<\/dt> <dd> 920x805 mm \/ 36,2x31,7 collas<\/dd> <\/dl> <dl class=\"goodsDesc_item goodsDesc_item_even\"> <dt>Saloc\u012bts izm\u0113rs<\/dt> <dd> 685x345x80 mm \/ 27x13,6x3,1 colla<\/dd> <\/dl> <dl class=\"goodsDesc_item\"> <dt>Produkta Svars<\/dt> <dd> 12,9 m\u0101rci\u0146as \/ 5,85 kg<\/dd> <\/dl> <dl class=\"goodsDesc_item goodsDesc_item_even\"> <dt>Svars, Tilpums<\/dt> <dd> Max 100 kg \/ 220 m\u0101rci\u0146as<\/dd> <\/dl> <\/div> <\/div>","protected":false},"excerpt":{"rendered":"<ul>\n<li> Rad\u012bts b\u0113rniem: Atbr\u012bvojiet b\u0113rnu dabisko ener\u0123iju ar lab\u0101ko \u0123imenes aktivit\u0101\u0161u sp\u0113li. \u0160is apa\u013cais b\u0113rnu batuts ir \u012bpa\u0161i izstr\u0101d\u0101ts b\u0113rniem, ide\u0101li piem\u0113rots vienam l\u0113c\u0113jam vienlaikus. Tas nodro\u0161ina b\u0113rniem vair\u0101k fizisko aktivit\u0101\u0161u m\u0101j\u0101s, uzlabojot vi\u0146u sp\u0113ku un iztur\u012bbu, k\u0101 ar\u012b veicinot jautras aktivit\u0101tes, kas uzlabo lokan\u012bbu un koordin\u0101ciju. <\/li>\n<li> \u0100tr\u0101 uzglab\u0101\u0161ana ar salok\u0101mu dizainu: m\u016bsu iek\u0161telpu \u0101ra batuts mazu\u013ciem, kam ir salok\u0101ms r\u0101mja dizains, saloc\u012bt\u0101 veid\u0101 aiz\u0146em tikai vienu ceturtda\u013cu no s\u0101kotn\u0113j\u0101 tilpuma, padarot to glab\u0101\u0161anu vieglu un taupo\u0161u. To var novietot zem d\u012bv\u0101na vai automa\u0161\u012bnas bag\u0101\u017eniek\u0101. Salok\u0101mais dizains ar\u012b atvieglo p\u0101rvieto\u0161anos, \u013caujot b\u0113rniem l\u0113kt, kur vien v\u0113las. <\/li>\n<li> Pastiprin\u0101tas k\u0101jas: konstru\u0113ts ar lieljaudas r\u0101mi, PP leco\u0161o pakl\u0101ju, dro\u0161\u012bbas palikt\u0146u p\u0101rvalkiem, plakan\u0101m elast\u012bg\u0101m lent\u0113m, k\u0101ju caurul\u0113m ar gumijas galiem un ar put\u0101m p\u0101rkl\u0101tiem rokturiem, \u0161is mini mazu\u013cu mazu\u013cu batuts ir veidots t\u0101, lai tas b\u016btu iztur\u012bgs. Tikko moderniz\u0113t\u0101s pastiprin\u0101t\u0101s k\u0101jas iztur saliek\u0161anos un deform\u0101ciju, nodro\u0161inot stabilu stabilit\u0101ti Gumijas k\u0101ju palikt\u0146i nodro\u0161ina klusu atl\u0113cienu. <\/li>\n<li> Augstas kvalit\u0101tes lecampakl\u0101js: PP lecampakl\u0101js ir nodilumiztur\u012bgs, iztur\u012bgs, \u016bdensiztur\u012bgs un viegli t\u012br\u0101ms.Ar 28 elast\u012bg\u0101m lent\u0113m, kas atbalsta maksim\u0101lo svaru 100 kg (220 m\u0101rci\u0146as), biezais dro\u0161\u012bbas paliktnis nov\u0113r\u0161 p\u0113du iespr\u016b\u0161anu, nodro\u0161inot dro\u0161\u012bbu ar katru l\u0113cienu. <\/li>\n<li> Sv\u0113tku d\u0101vana: \u0160is b\u0113rnu vingro\u0161anas batuts pied\u0101v\u0101 nevainojamu izklaides pieredzi, pasarg\u0101jot mazu\u013cus no elektronisk\u0101m ier\u012bc\u0113m un veicinot fizisko izaugsmi. T\u0101 ir lieliska izv\u0113le sv\u0113tku d\u0101van\u0101m, radot jautras un br\u012bni\u0161\u0137\u012bgas atmi\u0146as gan b\u0113rniem, gan pieaugu\u0161ajiem. <\/li>\n<\/ul>","protected":false},"featured_media":354737,"comment_status":"closed","ping_status":"open","template":"","meta":{"om_disable_all_campaigns":false,"_uf_show_specific_survey":0,"_uf_disable_surveys":false},"location":[1935,1934],"product_brand":[21],"product_cat":[3534,2378,3533],"product_tag":[],"class_list":{"0":"post-57906","1":"product","2":"type-product","3":"status-publish","4":"has-post-thumbnail","6":"location-supplier_stock_location","7":"location-local_stock_location","8":"product_brand-vevor","9":"product_cat-kids-trampoline","10":"product_cat-sports-outdoors","11":"product_cat-trampolines-sports-outdoors","13":"first","14":"instock","15":"taxable","16":"shipping-taxable","17":"purchasable","18":"product-type-simple"},"aioseo_notices":[],"locations":[{"id":1935,"name":"Pieg\u0101d\u0101ja noliktav\u0101 (5-7dd.d)","slug":"supplier_stock_location","quantity":"2"},{"id":1934,"name":"R\u012bgas veikal\u0101 (0-2d.d.)","slug":"local_stock_location","quantity":"0"}],"_links":{"self":[{"href":"https:\/\/vevorshop.lv\/lv\/wp-json\/wp\/v2\/product\/57906","targetHints":{"allow":["GET"]}}],"collection":[{"href":"https:\/\/vevorshop.lv\/lv\/wp-json\/wp\/v2\/product"}],"about":[{"href":"https:\/\/vevorshop.lv\/lv\/wp-json\/wp\/v2\/types\/product"}],"replies":[{"embeddable":true,"href":"https:\/\/vevorshop.lv\/lv\/wp-json\/wp\/v2\/comments?post=57906"}],"wp:featuredmedia":[{"embeddable":true,"href":"https:\/\/vevorshop.lv\/lv\/wp-json\/wp\/v2\/media\/354737"}],"wp:attachment":[{"href":"https:\/\/vevorshop.lv\/lv\/wp-json\/wp\/v2\/media?parent=57906"}],"wp:term":[{"taxonomy":"location","embeddable":true,"href":"https:\/\/vevorshop.lv\/lv\/wp-json\/wp\/v2\/location?post=57906"},{"taxonomy":"product_brand","embeddable":true,"href":"https:\/\/vevorshop.lv\/lv\/wp-json\/wp\/v2\/product_brand?post=57906"},{"taxonomy":"product_cat","embeddable":true,"href":"https:\/\/vevorshop.lv\/lv\/wp-json\/wp\/v2\/product_cat?post=57906"},{"taxonomy":"product_tag","embeddable":true,"href":"https:\/\/vevorshop.lv\/lv\/wp-json\/wp\/v2\/product_tag?post=57906"}],"curies":[{"name":"wp","href":"https:\/\/api.w.org\/{rel}","templated":true}]}}