{"id":57934,"date":"2024-12-07T00:17:11","date_gmt":"2024-12-07T00:17:11","guid":{"rendered":"https:\/\/vevorshop.lv\/en_us\/Prece\/vevor-140-cm-55-inch-kids-mini-trampoline-with-safety-net-and-adjustable-heights-for-indoor-and-outdoor-use\/"},"modified":"2026-05-12T08:46:56","modified_gmt":"2026-05-12T05:46:56","slug":"vevor-140-cm-55-inch-kids-mini-trampoline-with-safety-net-and-adjustable-heights-for-indoor-and-outdoor-use","status":"publish","type":"product","link":"https:\/\/vevorshop.lv\/lv\/Prece\/vevor-140-cm-55-collu-bernu-mini-batuts-ar-aizsargtiklu-un-regulejamu-augstumu-lietosanai-iekstelpas-un-arpus-telpam\/","title":{"rendered":"VEVOR 140cm b\u0113rnu batuts ar dro\u0161\u012bbas t\u012bklu un basketbola grozu, regul\u0113jams rokturis, iek\u0161telp\u0101m\/\u0101ram, 3\u201312 gadiem, roz\u0101"},"content":{"rendered":"<div style=\"color: #fff!important; font-size: 16px; height: 24px; line-height: 24px; margin-top: -24px; \" class=\"product_original_name\">VEVOR 55\" b\u0113rnu batuts, 4,6FT iek\u0161telpu \u0101ra batuts, mini mazu b\u0113rnu atp\u016btas batuts ar dro\u0161\u012bbas korpusa t\u012bklu un basketbola grozu, dzim\u0161anas dienas d\u0101vanas Ziemassv\u0113tku rota\u013clietas 3+ gadu b\u0113rniem, roz\u0101<\/div>\n<div style=\"color: #fff!important; font-size: 16px; height: 24px; line-height: 24px; margin-top: -24px; \" class=\"product_sku\">M4I4MO4A<\/div>\n<div style=\"color: #fff!important; font-size: 16px; height: 24px; line-height: 24px; margin-top: -24px; \" class=\"product_mpn\">DWYXBC55CDWYUF9SBV0<\/div><div id=\"js-DM_at-goodDescRich\"><html><head><style>  body {    font-family: Arial;    line-height: 1.5;    color: #1c1c1c;    overflow-x: hidden;    margin: 0;    padding: 0;  }  .MsoNormal b {    font-weight: bolder;  }<\/style><style>  .container.small {    width: 970px;    margin: 0 auto;  }  .logo {    margin: 0 auto 0;  }  .logo img {    display: block;    margin: 0 auto;    max-width: 100%;  }  .logo .pc-banner {    display: block;    width: 1200px;    height: 247.4px;    margin: 0 auto;  }  .logo .pc-banner.small {    width: 970px;  }  .logo .pc-banner.small img {    height: auto!important;  }  .logo .m-banner {    display: none;  }  .ytvideo {    position: relative;    height: 546px;    width: 100%;    margin: 0 auto;  }  .ytvideo img {    width: 100%;    margin: 0 auto;  }  .ytvideo .play-btn {    width: 60px;    height: 42px;    position: absolute;    top: 50%;    left: 50%;    transform: translate(-50%, -50%);    background: url(\"data:image\/png;base64,iVBORw0KGgoAAAANSUhEUgAAAGQAAABGCAMAAAANWMFbAAAC+lBMVEUAAADBGB3kLCfBGB3kLCfcJC7BFx3KKSbiKybkLCbWJCPSIiLSIiLPICHAFx3kLCfgKSXNHiDZJiTIGx\/p4eHcjo7LHSDbJyTkLCbjKyfOHyHPIiL28fHJHB\/GGh7EGR7eKCXDGB3RISHlLSbBGB3AFxzGHB7DGB7BGB3hKybkKybAFx3lLCfAFxzDGR3hKibDGB7cJyTmz8\/elJTlwcHjurrUIyLlLSflLSfAFx3DGR7lLSfCFx3hKibhKibhKybjKybkLCblLSfbJSX49vbx7e3NNzjNMTLMJyjVIyLZf3\/ZQ0LaeHjx0tLgoqLkLCfCGB3HGx\/BGB3BFx3PICHCGB7WJCLOHyC\/Fxy\/Fx3lLCfQISHkLSe\/FxzbJiTBFx3FGx\/AGB7BFx3EGR7AGB3HHSDfKiXAFh3TISHYNzbhKibbJyTTIiL57e325+f039\/v2NjUV1fOHiHiqanfmprch4feKSXVIyPOICHmLibFGh\/mLSe\/Fx7XJCPeKSXXJSPNHyHaJyTGGh7lLCbmLCflLSjSIiLkLCbdKSXLHiC\/GB3KHh++Fh3lKyfoLiXcKCPkx8fYb2\/XaGfVXl3aU1LLHiDksbHgKibPICHbJyTfKSXbJyTCGB3KHSDiKybFGh7TIiL\/\/\/\/VIyPRISHIHB\/GGx\/HHB\/DGR7gKibdKCXLHiDZJiTMHiDNHyHYJSTOICHPICHWJCPcKCXXJSPjLCblLCf+\/f3NGR\/uLijzLynPGR\/IGB7WISHaIyLLGh7UAADxLynNAADRLzDbICLQAADIAAD3MCrUHSHXMTDpKSbLAADp5OTij4\/ejo\/VLy\/1LyngJSTcJCPQHx\/OHB7+\/PzaMS\/OLS\/vLijrLSjSAADaNTPwLyjkKSbNJCbYISHPHB\/KGB7WAAD7+vrn3d3aKynTKCjoLCfsKifRGh\/YAADq5+fhjo7QNDXXKCfmJyXt5+fTLzDLLi\/QKivYHRvMGBrQJCXLISPMExXLDxLaEAvkkI\/bOTfaFQ\/SCgpvLcnHAAAAmnRSTlMA+vv7+gT9Bvf9+8z8\/NSv\/Pr5+P7++vnQIBMP\/v38\/Pn348XDiCYf9OjbzcqxXVcx\/fz8+\/rj1r2poo1+fXFqX0orGP7+\/v7+\/fz8+\/r68uzn4trIxsG\/vri3p6GcmZSNbWVYUUZEPQv+\/f39+\/v7+\/v7+vr64tvV1NTTz87FtbSurqeblJKFg4B3bUY+NjL7+\/v7+\/v67t1cDo8JLQAABkRJREFUWMO0kz9rwkAYh0OIeJkum6YugUAhISCdKoj\/P4C7SMdS+gEKIhSKil10LSg4mzXkILdlEpxCpwTiWOLX6BujvQaEQuGeHLnL+\/64J+SIcKGYTYWnntpdLjrVdqvZmNdn0+EE40GtpuuWVS6Xx6N7YDSGpWXpeq02wHgynM7q80az1a52HpddtVcpsi1zFARBrdaxbhp9iUReTGmwA4KAAr7vx3EYejnCMI6hQYEgy0LQi4jUN0wL19vqFcUC9\/1dAKmEEFkWRYkh5oBejnxQJiSJPJ\/uKBp0Thszx9Mw8hMRIQjKsptCfuES9zr5WJY6vSFCIvE9fCMUmEM1A1kSXcYGxgVYsvI1IPKTZciSTI0us\/SMGG04gDzELDoFBwdcFJrF88dqgYMTiL6DILWYyfOWE8\/kIz38olCNlC03FK95+imxp6y4oUSvAnBjHHhKNtotSDqJzVFiK8c2SBqhZtsrTtgrLXwAyduxZHNE26eHUt5rtuM4WSmds3G+sUdWYo1L+XyxButoh5eKUHk5lByO3G1LqqCWVnfrv\/lyPtf\/4ps1cndNGIri8J1TJ0lx6dR\/oPjq1nbRwdp2dCk4CtIOLW3pVKRL6WZfS5vF2KkIQhpwSsjiYIgNCs1gEMGqiIq24NQX9NwoXFy8Ufrl3twTcg4fv8T9\/JBEySduj6Mjm4bMzYV7EEOxKjjoNDud7yY3Dy71Hq2oLmqfbNR723edH9PgMrNL2utoQ3VmaIDkiw\/4w51P06hlZsTZvkRrbVuSIs\/zwSOsycgzStQouoAkWQqioRT5XI7n2Z1wfVhoZmcAJLsoqjqpjbWCgpOAJXBwHK8PzWbNvoUZJND5wCnSkLAkZ1legx6vqQzjoiTahKlGUGLAiIIoABOHaNVw4sexZBym6\/HWlH5h3IC7yRbxtipcWxdTOkORKiNQAEkFf66x5S2oeRbroOlLgg0sSYkR0hRGEqJZ0jTPiQKatESdBckpWigxaapEH0lImHdWu9pUFF2XqMNM2Z4kped7IwEJw2qabwtrQqnpw6HyKkgcadKWsmpywwesDyIhYRpdzXddqegtGIJlXbAIUMOLkGxJUjRIkokwjUaX9d\/kK62ps\/tYUqZLIMkLTyBhsMZ3C5Z\/kDxOSCb\/DOs\/\/J0qcWSX\/2ipe56EgTCA4\/cB7NAYOsni4mZM1MUPAISoEwkDi4lhVBQ1cWQyIcwalw4EpqZN68JUSK7XC0kTlkLYii5uXSC8jT5ncCAS7mjCv0uHp\/3lueHEEAeQ\/\/VgmdN71\/2uCSA1Xr6DO6uI6sW56zqT2tp2PhgiRUAajV8CY2fkcz6WGNKMgLAt7tJAhD4YHMTeRxlALE6+43WqjSWi8ITxyJl8WrwWSNESQZZOqhDDntO3hJLsd5RtSpbJqdv3YrDJH3F7jL1R2O2aQkn2MyCyKYz0GPGIvSAMgBCrCEiJyKbBaYGwLW4uPRr0A0M4Ux5kUI7IBh+hMdiCEWNqhMZGyYMsOgNE58UQuEQeUnSWCMYwL54hkxK6IoqucQZbQ3pc3XtL0lky1dL0zZJJDpWJovFqpWj6JEHnyam2eQp5QRVAVHjWparTOaVwUOx99YS2MvgxIGV0bb+qIg2HX2qkFFJB+XZcbLiuRkuxD9GRroKyveLxdh4d7Orx+hb7qc3uVRuEogCOnyIxm4ubUoPgF4jianDrC+SDQDKEfJb0GUKmjCGPYHGJvVC6X4hw1\/sAfQAdfYyephIaspXe36RwOP+Ljvfx9B6B3i+Nk0DGq+oCbLn6JpBa9nWAveAIHwFAwtVcIJXPMPL8kRu5OAYPMaL1WScTxjiZDqB9LTJSWphow\/pTYKRTLjCBhvi9iBidvKcDasGSm0QQkycYuLBqj6QCELPctqChDWpTRMWkngNNpQ1Pfp1KkiT\/Y0DGffXAweUNfLAfaJFKDwhb6I+bkYRbkERoEeu3Fyjg2opMz2daZCS9jt6Q7txNfB+OZEVF6Zl5web2xunnLQrtrjXseXKaFYziYINeMFZVxS9VxRhOoesYwxPKXm+gWLG9cuFeq93UNNeJNsf1KlwuDok9n02n3TgIJpOxNfL9naIoQwXtfH9kjceTIIi709ncTg6LZbg+biLH1V6u\/7rxBem06VXKn9raAAAAAElFTkSuQmCC\")      no-repeat center center \/ contain;  }  @media screen and (max-width: 960px) and (orientation: portrait) {    .logo {      width: 100%;    }    .logo .pc-banner {      display: none;    }    .logo .m-banner {      display: block;      width: 100%;    }    .logo .m-banner img {      height: auto!important;    }    .ytvideo {      height: 200px;      width: 100%;    }  }<\/style><style>  .video-section {    width: 100%;    margin: 0 auto;  }  .video-section > img {    width: 100%;  }  .video-section iframe,  .video-section video {    width: 100%;    height: 100%;      }  .video-section-img-m,  .video-section-img-pc > img {    width: 100%;    height: auto;  }  .video-section-img-pc.small > img {    width: 970px;  }  .video-desc {    line-height: 1.5;    font-size: 20px;    font-weight: 400;    margin: 20px 0;    text-align: center;    color: #0f1111;    word-break: break-word;  }  @media screen and (max-width: 960px) and (orientation: portrait) {    .video-section {      width: 100%;    }    .video-section-pc,    .video-section-img-pc {      display: none;    }    .video-section-m,    .video-section-img-m {      display: block;    }    .video-desc {      font-size: 15px;    }  }  @media screen and (min-width: 960px) {    .video-section {      width: 100%;      margin: 0 auto;    }    .video-section-pc,    .video-section-img-pc {      display: block;    }    .video-section-m,    .video-section-img-m {      display: none;    }    .video-desc {      font-size: 20px;    }  }<\/style><style>  .section + .section {    margin-top: 35px;  }  .section-title {    text-align: center;    font-weight: bold;    color: #0d1111;    font-family: \"Arial\";    font-size: 32px;    margin: 15px 0;  }  .section-title:empty {    display: none;  }  .section-desc {    text-align: center;    font-weight: normal;    color: #0d1111;    margin-top: 20px;  }  .section-desc:empty {    display: none;  }  .section-img {    width: 1200px;    height: 492px;    margin: 0 auto;    display: block;  }  .section-img.small {    width: 970px;    height: auto;  }  .section-img.small > img {    height: auto;  }  .section-img > img {    width: 100%;    height: 100%;  }  .section-mobile-img {    display: none;    max-width: 100vw;    max-height: 75vw;    height: 450px;    margin: 0 auto;  }  .section-mobile-img > img {    width: 100%;    height: 100%;  }  @media screen and (max-width: 960px) and (orientation: portrait) {    .container {      width: 100%;    }    .container.small {      width: 100%;    }    .section-mobile-img {      display: block;    }    .section-img {      display: none;    }    .section-title {      font-size: 22px;      margin: 10px 0;    }    .section-desc {      margin-top: 10px;    }    .section + .section {      margin-top: 20px;    }  }<\/style><\/head><body><div class=\"container small\"><div class=\"logo\"><div class=\"pc-banner small\"><div><img decoding=\"async\" src=\"\/vevor\/vevor\/boutique-banner\/pc\/en-pc@1x.jpg\" style=\"width: 100%;\" \/><\/div><\/div><div class=\"m-banner\"><div><img decoding=\"async\" src=\"\/vevor\/vevor\/boutique-banner\/mobile\/en-m@1x.jpg\" style=\"width: 100%;\" \/><\/div><\/div><\/div><div class=\"section-title\">Izstr\u0101d\u0101ts \u012bpa\u0161i b\u0113rniem<\/div><div class=\"video-section\"><div class=\"video-section-img-pc small\"><img decoding=\"async\" src=\"\/vevor\/product\/DWYXBC55CDWYUF9SB\/kids-trampoline-a100-1.4-pt.jpg\" \/><\/div><div class=\"video-section-img-m\"><img decoding=\"async\" src=\"\/vevor\/product\/DWYXBC55CDWYUF9SB\/kids-trampoline-a100-1.4-pt.jpg\" \/><\/div><div class=\"section-desc\">\u0160is m\u0101jas batuts mazu\u013ciem ir piem\u0113rots lieto\u0161anai gan iek\u0161telp\u0101s, gan \u0101r\u0101, nodro\u0161inot b\u0113rniem vair\u0101k fizisko aktivit\u0101\u0161u, lai uzlabotu vi\u0146u sp\u0113ku un iztur\u012bbu, vienlaikus veicinot jautras aktivit\u0101tes, kas uzlabo lokan\u012bbu un koordin\u0101ciju.<\/div><\/div><div class=\"section\"><div class=\"section-title\"><\/div><div class=\"section-img small\"><img decoding=\"async\" src=\"\/vevor\/product\/DWYXBC55CDWYUF9SB\/kids-trampoline-a100-2.2-pt.jpg\" \/><\/div><div class=\"section-mobile-img\"><img decoding=\"async\" src=\"\/vevor\/product\/DWYXBC55CDWYUF9SB\/kids-trampoline-a100-2.2-pt.jpg\" \/><\/div><div class=\"section-desc\">Ir pieejamas tr\u012bs augstuma iesp\u0113jas, regul\u0113jamas no 59 coll\u0101m, 60 coll\u0101m vai 62 coll\u0101m, m\u016bsu mini mazu\u013cu batuts ir piem\u0113rots visu vecumu cilv\u0113kiem, efekt\u012bvi atbr\u012bvojot b\u0113rnu dabisko ener\u0123iju vislab\u0101kajai \u0123imenes aktivit\u0101tei.<\/div><\/div><div class=\"section\"><div class=\"section-title\"><\/div><div class=\"section-img small\"><img decoding=\"async\" src=\"\/vevor\/product\/DWYXBC55CDWYUF9SB\/kids-trampoline-a100-2.3-pt.jpg\" \/><\/div><div class=\"section-mobile-img\"><img decoding=\"async\" src=\"\/vevor\/product\/DWYXBC55CDWYUF9SB\/kids-trampoline-a100-2.3-pt.jpg\" \/><\/div><div class=\"section-desc\">Mazu b\u0113rnu batuts ir apr\u012bkots ar t\u0101diem piederumiem k\u0101 gredzeni, \u0161\u016bpoles, smil\u0161u maisi, oke\u0101na bumbi\u0146as un basketbola komplekts. To var uzst\u0101d\u012bt telp\u0101s, \u0101r\u0101, d\u0101rz\u0101 vai pagalm\u0101, atturot mazu\u013cus no elektronikas un veicinot fizisko izaugsmi. T\u0101 ir lab\u0101k\u0101 izv\u0113le sv\u0113tku d\u0101van\u0101m.<\/div><\/div><div class=\"section\"><div class=\"section-title\"><\/div><div class=\"section-img small\"><img decoding=\"async\" src=\"\/vevor\/product\/DWYXBC55CDWYUF9SB\/kids-trampoline-a100-2.4-pt.jpg\" \/><\/div><div class=\"section-mobile-img\"><img decoding=\"async\" src=\"\/vevor\/product\/DWYXBC55CDWYUF9SB\/kids-trampoline-a100-2.4-pt.jpg\" \/><\/div><div class=\"section-desc\">L\u0113k\u0161anas pakl\u0101ji\u0146\u0161 ir integr\u0113ts ar dro\u0161\u012bbas apmali, un paaugstin\u0101tais aizsargkonstrukcijas dizains nodro\u0161ina stabilit\u0101ti zem spiediena, \u013caujot iztur\u0113t liel\u0101ku svaru un samazinot l\u016bzuma risku, nodro\u0161inot, ka katrs l\u0113ciens ir dro\u0161s b\u0113rniem.<\/div><\/div><div class=\"section\"><div class=\"section-title\"><\/div><div class=\"section-img small\"><img decoding=\"async\" src=\"\/vevor\/product\/DWYXBC55CDWYUF9SB\/kids-trampoline-a100-2.5-pt.jpg\" \/><\/div><div class=\"section-mobile-img\"><img decoding=\"async\" src=\"\/vevor\/product\/DWYXBC55CDWYUF9SB\/kids-trampoline-a100-2.5-pt.jpg\" \/><\/div><div class=\"section-desc\">Mazu\u013cu batuta salik\u0161anai nepiecie\u0161ams tikai viens pieaugu\u0161ais. Izpildiet instrukcijas, lai saliktu r\u0101mi, pievilktu k\u0101jas un piestiprin\u0101tu pakl\u0101ji\u0146u pie l\u0113k\u0101\u0161anas r\u0101mja. Uzst\u0101d\u012b\u0161anas caurumi un v\u012btnes ir prec\u012bzi saska\u0146otas, lai uzst\u0101d\u012b\u0161anu var\u0113tu veikt vien\u0101 sol\u012b.<\/div><\/div><div class=\"section\"><div class=\"section-img small\"><img decoding=\"async\" src=\"\/vevor\/product\/DWYXBC55CDWYUF9SB\/kids-trampoline-a100-1.11-pt.jpg\" \/><\/div><div class=\"section-mobile-img\"><img decoding=\"async\" src=\"\/vevor\/product\/DWYXBC55CDWYUF9SB\/kids-trampoline-a100-1.11-pt.jpg\" \/><\/div><\/div><\/div><\/body><\/html><\/div>\n<div class=\"DM_at-title\" id=\"js-DM_at-title\"> <div>Produkta specifik\u0101cija<\/div> <i class=\"icon-arrowup_line\"><\/i> <\/div><div class=\"DM_at-goodsDescAttr\" id=\"js-DM_at-goodsDescAttr\"> <div class=\"DM_at-goodsDescAttrInner\"> <dl class=\"goodsDesc_item goodsDesc_item_even\"> <dt>Preces Mode\u013ca Numurs<\/dt> <dd> TX-B7110-55in<\/dd> <\/dl> <dl class=\"goodsDesc_item\"> <dt>Produkta Izm\u0113rs<\/dt> <dd> 57,9 x (60,6\u201366,5) collas \/ 1470 x (1540\u20131690) mm<\/dd> <\/dl> <dl class=\"goodsDesc_item goodsDesc_item_even\"> <dt>Produkta Svars<\/dt> <dd> 36 m\u0101rci\u0146as \/ 16,35 kg<\/dd> <\/dl> <dl class=\"goodsDesc_item\"> <dt>Svars, Tilpums<\/dt> <dd> Maks. 120 kg \/ 265 m\u0101rci\u0146as<\/dd> <\/dl> <\/div> <\/div>","protected":false},"excerpt":{"rendered":"<ul>\n<li> Rad\u012bts b\u0113rniem: Atbr\u012bvojiet b\u0113rnu dabisko ener\u0123iju ar lab\u0101ko \u0123imenes aktivit\u0101\u0161u sp\u0113li. 55 collu b\u0113rnu batuts ar dro\u0161\u012bbas t\u012bklu ir \u012bpa\u0161i izstr\u0101d\u0101ts b\u0113rniem, \u013caujot vienlaikus l\u0113k\u0101t diviem cilv\u0113kiem. Tas nodro\u0161ina b\u0113rniem vair\u0101k fizisko aktivit\u0101\u0161u m\u0101j\u0101s, uzlabojot vi\u0146u sp\u0113ku un iztur\u012bbu, vienlaikus veicinot jautras aktivit\u0101tes, kas uzlabo lokan\u012bbu un koordin\u0101ciju. <\/li>\n<li> 3 regul\u0113jami augstumi: regul\u0113jam\u0101 roktura konstrukcija \u013cauj iestat\u012bt augstumu 59 collas, 60 collas vai 62 collas, kas ir piem\u0113rots b\u0113rniem vecum\u0101 no 3 l\u012bdz 12 gadiem. \u0160is iek\u0161telpu un \u0101ra mazu\u013cu batuts var efekt\u012bvi atbr\u012bvot b\u0113rnu dabisko ener\u0123iju, padarot to par lab\u0101ko \u0123imenes aktivit\u0101\u0161u sp\u0113li. To var uzst\u0101d\u012bt telp\u0101s, \u0101r\u0101, d\u0101rz\u0101 vai pagalm\u0101. <\/li>\n<li> Vair\u0101kas jautr\u012bbas iesp\u0113jas: M\u016bsu mini batuts ir piem\u0113rots gan lieto\u0161anai iek\u0161telp\u0101s, gan \u0101r\u0101, un t\u0101 izm\u0113ri ir lieliski piem\u0113roti. Batuta piederumu kl\u0101st\u0101 ietilpst ri\u0146\u0137i, \u0161\u016bpoles, smil\u0161u maisi, oke\u0101na bumbas un basketbola komplekts, kas nodro\u0161in\u0101s j\u016bsu b\u0113rnam v\u0113l liel\u0101ku prieku l\u0113k\u0101jot. T\u0101 ir lab\u0101k\u0101 izv\u0113le sv\u0113tku d\u0101van\u0101m b\u0113rniem. <\/li>\n<li> Uzlabots l\u0113k\u0161anas pakl\u0101ji\u0146\u0161: L\u0113k\u0161anas pakl\u0101ji\u0146\u0161 ir integr\u0113ts ar dro\u0161\u012bbas apmali, un tam ir iztur\u012bgs dizains paaugstin\u0101tai aizsardz\u012bbai. Ar 36 atsper\u0113m, kas atbalsta maksim\u0101lo svaru 120 kg (265 m\u0101rci\u0146as), m\u016bsu b\u0113rnu vingro\u0161anas batuts garant\u0113 dro\u0161\u012bbu katra l\u0113ciena laik\u0101. Se\u0161i dro\u0161\u012bbas stabi, 360\u00b0 aptvero\u0161s t\u012bkls un U veida r\u0101v\u0113jsl\u0113dz\u0113js nodro\u0161ina visaptvero\u0161u aizsardz\u012bbu j\u016bsu b\u0113rnam. <\/li>\n<li> Iztur\u012bgi un stabili materi\u0101li: Jaunie, uzlabotie, sabiezin\u0101tie met\u0101la k\u0101ju stie\u0146i ir iztur\u012bgi pret loc\u012b\u0161anos un deform\u0101ciju, izgatavoti no piln\u012bb\u0101 t\u0113rauda konstrukcijas, lai nodro\u0161in\u0101tu iztur\u012bbu un stabilit\u0101ti. U-veida k\u0101j\u0101m ir se\u0161i pies\u016bcek\u0146i, kas ir nesl\u012bdo\u0161i un klusi, \u013caujot b\u0113rniem l\u0113k\u0101t, cik vien sirds k\u0101ro, netrauc\u0113jot citus. PP l\u0113k\u0101\u0161anas pakl\u0101ji\u0146\u0161 ir nodilumiztur\u012bgs, ilgm\u016b\u017e\u012bgs, \u016bdensnecaurlaid\u012bgs un viegli t\u012br\u0101ms. <\/li>\n<\/ul>","protected":false},"featured_media":354989,"comment_status":"closed","ping_status":"open","template":"","meta":{"om_disable_all_campaigns":false,"_uf_show_specific_survey":0,"_uf_disable_surveys":false},"location":[1935,1934],"product_brand":[21],"product_cat":[3534,2378,3533],"product_tag":[],"class_list":{"0":"post-57934","1":"product","2":"type-product","3":"status-publish","4":"has-post-thumbnail","6":"location-supplier_stock_location","7":"location-local_stock_location","8":"product_brand-vevor","9":"product_cat-kids-trampoline","10":"product_cat-sports-outdoors","11":"product_cat-trampolines-sports-outdoors","13":"first","14":"instock","15":"taxable","16":"shipping-taxable","17":"purchasable","18":"product-type-simple"},"aioseo_notices":[],"locations":[{"id":1935,"name":"Pieg\u0101d\u0101ja noliktav\u0101 (5-7dd.d)","slug":"supplier_stock_location","quantity":"14"},{"id":1934,"name":"R\u012bgas veikal\u0101 (0-2d.d.)","slug":"local_stock_location","quantity":"0"}],"_links":{"self":[{"href":"https:\/\/vevorshop.lv\/lv\/wp-json\/wp\/v2\/product\/57934","targetHints":{"allow":["GET"]}}],"collection":[{"href":"https:\/\/vevorshop.lv\/lv\/wp-json\/wp\/v2\/product"}],"about":[{"href":"https:\/\/vevorshop.lv\/lv\/wp-json\/wp\/v2\/types\/product"}],"replies":[{"embeddable":true,"href":"https:\/\/vevorshop.lv\/lv\/wp-json\/wp\/v2\/comments?post=57934"}],"wp:featuredmedia":[{"embeddable":true,"href":"https:\/\/vevorshop.lv\/lv\/wp-json\/wp\/v2\/media\/354989"}],"wp:attachment":[{"href":"https:\/\/vevorshop.lv\/lv\/wp-json\/wp\/v2\/media?parent=57934"}],"wp:term":[{"taxonomy":"location","embeddable":true,"href":"https:\/\/vevorshop.lv\/lv\/wp-json\/wp\/v2\/location?post=57934"},{"taxonomy":"product_brand","embeddable":true,"href":"https:\/\/vevorshop.lv\/lv\/wp-json\/wp\/v2\/product_brand?post=57934"},{"taxonomy":"product_cat","embeddable":true,"href":"https:\/\/vevorshop.lv\/lv\/wp-json\/wp\/v2\/product_cat?post=57934"},{"taxonomy":"product_tag","embeddable":true,"href":"https:\/\/vevorshop.lv\/lv\/wp-json\/wp\/v2\/product_tag?post=57934"}],"curies":[{"name":"wp","href":"https:\/\/api.w.org\/{rel}","templated":true}]}}