{"id":62026,"date":"2024-12-17T09:53:07","date_gmt":"2024-12-17T09:53:07","guid":{"rendered":"https:\/\/vevorshop.lv\/en_us\/Prece\/vevor-mini-stair-stepper-with-resistance-bands-and-lcd-display-for-home-or-office-exercise-supports-150kg-330lbs-compact-and-no-installation-required\/"},"modified":"2026-04-19T21:43:46","modified_gmt":"2026-04-19T18:43:46","slug":"vevor-mini-stair-stepper-with-resistance-bands-and-lcd-display-for-home-or-office-exercise-supports-150kg-330lbs-compact-and-no-installation-required","status":"publish","type":"product","link":"https:\/\/vevorshop.lv\/lv\/Prece\/vevor-mini-kapnu-solins-ar-pretestibas-lentem-un-lcd-displeju-majas-vai-biroja-treniniem-atbalsta-150kg-330lbs-kompakts-un-nav-nepieciesama-uzstadisana\/","title":{"rendered":"VEVOR Mini k\u0101p\u0146u steperis ar pretest\u012bbas lent\u0113m un LCD displeju, 150kg slodze, kompakts kardio trena\u017eieris m\u0101j\u0101m"},"content":{"rendered":"<div style=\"color: #fff!important; font-size: 16px; height: 24px; line-height: 24px; margin-top: -24px; \" class=\"product_original_name\">VEVOR K\u0101p\u0146u pak\u0101piens, Mini pak\u0101piens vingro\u0161anai m\u0101j\u0101s, Hidraulisk\u0101s fitnesa pak\u0101piens ar pretest\u012bbas josl\u0101m, Pilna \u0137erme\u0146a treni\u0146u kardio apr\u012bkojums, K\u0101p\u0146u k\u0101p\u0113js ar LCD monitoru, 330 LBS kravnes\u012bba<\/div>\n<div style=\"color: #fff!important; font-size: 16px; height: 24px; line-height: 24px; margin-top: -24px; \" class=\"product_sku\">M4S847QH<\/div>\n<div style=\"color: #fff!important; font-size: 16px; height: 24px; line-height: 24px; margin-top: -24px; \" class=\"product_mpn\">MNTBJWSBBSSX4567IV9<\/div><div id=\"js-DM_at-goodDescRich\"><html><head><style>  body {    font-family: Arial;    line-height: 1.5;    color: #1c1c1c;    overflow-x: hidden;    margin: 0;    padding: 0;  }  .MsoNormal b {    font-weight: bolder;  }<\/style><style>  .container.small {    width: 970px;    margin: 0 auto;  }  .logo {    margin: 0 auto 0;  }  .logo img {    display: block;    margin: 0 auto;    max-width: 100%;  }  .logo .pc-banner {    display: block;    width: 1200px;    height: 247.4px;    margin: 0 auto;  }  .logo .pc-banner.small {    width: 970px;  }  .logo .pc-banner.small img {    height: auto!important;  }  .logo .m-banner {    display: none;  }  .ytvideo {    position: relative;    height: 546px;    width: 100%;    margin: 0 auto;  }  .ytvideo img {    width: 100%;    margin: 0 auto;  }  .ytvideo .play-btn {    width: 60px;    height: 42px;    position: absolute;    top: 50%;    left: 50%;    transform: translate(-50%, -50%);    background: url(\"data:image\/png;base64,iVBORw0KGgoAAAANSUhEUgAAAGQAAABGCAMAAAANWMFbAAAC+lBMVEUAAADBGB3kLCfBGB3kLCfcJC7BFx3KKSbiKybkLCbWJCPSIiLSIiLPICHAFx3kLCfgKSXNHiDZJiTIGx\/p4eHcjo7LHSDbJyTkLCbjKyfOHyHPIiL28fHJHB\/GGh7EGR7eKCXDGB3RISHlLSbBGB3AFxzGHB7DGB7BGB3hKybkKybAFx3lLCfAFxzDGR3hKibDGB7cJyTmz8\/elJTlwcHjurrUIyLlLSflLSfAFx3DGR7lLSfCFx3hKibhKibhKybjKybkLCblLSfbJSX49vbx7e3NNzjNMTLMJyjVIyLZf3\/ZQ0LaeHjx0tLgoqLkLCfCGB3HGx\/BGB3BFx3PICHCGB7WJCLOHyC\/Fxy\/Fx3lLCfQISHkLSe\/FxzbJiTBFx3FGx\/AGB7BFx3EGR7AGB3HHSDfKiXAFh3TISHYNzbhKibbJyTTIiL57e325+f039\/v2NjUV1fOHiHiqanfmprch4feKSXVIyPOICHmLibFGh\/mLSe\/Fx7XJCPeKSXXJSPNHyHaJyTGGh7lLCbmLCflLSjSIiLkLCbdKSXLHiC\/GB3KHh++Fh3lKyfoLiXcKCPkx8fYb2\/XaGfVXl3aU1LLHiDksbHgKibPICHbJyTfKSXbJyTCGB3KHSDiKybFGh7TIiL\/\/\/\/VIyPRISHIHB\/GGx\/HHB\/DGR7gKibdKCXLHiDZJiTMHiDNHyHYJSTOICHPICHWJCPcKCXXJSPjLCblLCf+\/f3NGR\/uLijzLynPGR\/IGB7WISHaIyLLGh7UAADxLynNAADRLzDbICLQAADIAAD3MCrUHSHXMTDpKSbLAADp5OTij4\/ejo\/VLy\/1LyngJSTcJCPQHx\/OHB7+\/PzaMS\/OLS\/vLijrLSjSAADaNTPwLyjkKSbNJCbYISHPHB\/KGB7WAAD7+vrn3d3aKynTKCjoLCfsKifRGh\/YAADq5+fhjo7QNDXXKCfmJyXt5+fTLzDLLi\/QKivYHRvMGBrQJCXLISPMExXLDxLaEAvkkI\/bOTfaFQ\/SCgpvLcnHAAAAmnRSTlMA+vv7+gT9Bvf9+8z8\/NSv\/Pr5+P7++vnQIBMP\/v38\/Pn348XDiCYf9OjbzcqxXVcx\/fz8+\/rj1r2poo1+fXFqX0orGP7+\/v7+\/fz8+\/r68uzn4trIxsG\/vri3p6GcmZSNbWVYUUZEPQv+\/f39+\/v7+\/v7+vr64tvV1NTTz87FtbSurqeblJKFg4B3bUY+NjL7+\/v7+\/v67t1cDo8JLQAABkRJREFUWMO0kz9rwkAYh0OIeJkum6YugUAhISCdKoj\/P4C7SMdS+gEKIhSKil10LSg4mzXkILdlEpxCpwTiWOLX6BujvQaEQuGeHLnL+\/64J+SIcKGYTYWnntpdLjrVdqvZmNdn0+EE40GtpuuWVS6Xx6N7YDSGpWXpeq02wHgynM7q80az1a52HpddtVcpsi1zFARBrdaxbhp9iUReTGmwA4KAAr7vx3EYejnCMI6hQYEgy0LQi4jUN0wL19vqFcUC9\/1dAKmEEFkWRYkh5oBejnxQJiSJPJ\/uKBp0Thszx9Mw8hMRIQjKsptCfuES9zr5WJY6vSFCIvE9fCMUmEM1A1kSXcYGxgVYsvI1IPKTZciSTI0us\/SMGG04gDzELDoFBwdcFJrF88dqgYMTiL6DILWYyfOWE8\/kIz38olCNlC03FK95+imxp6y4oUSvAnBjHHhKNtotSDqJzVFiK8c2SBqhZtsrTtgrLXwAyduxZHNE26eHUt5rtuM4WSmds3G+sUdWYo1L+XyxButoh5eKUHk5lByO3G1LqqCWVnfrv\/lyPtf\/4ps1cndNGIri8J1TJ0lx6dR\/oPjq1nbRwdp2dCk4CtIOLW3pVKRL6WZfS5vF2KkIQhpwSsjiYIgNCs1gEMGqiIq24NQX9NwoXFy8Ufrl3twTcg4fv8T9\/JBEySduj6Mjm4bMzYV7EEOxKjjoNDud7yY3Dy71Hq2oLmqfbNR723edH9PgMrNL2utoQ3VmaIDkiw\/4w51P06hlZsTZvkRrbVuSIs\/zwSOsycgzStQouoAkWQqioRT5XI7n2Z1wfVhoZmcAJLsoqjqpjbWCgpOAJXBwHK8PzWbNvoUZJND5wCnSkLAkZ1legx6vqQzjoiTahKlGUGLAiIIoABOHaNVw4sexZBym6\/HWlH5h3IC7yRbxtipcWxdTOkORKiNQAEkFf66x5S2oeRbroOlLgg0sSYkR0hRGEqJZ0jTPiQKatESdBckpWigxaapEH0lImHdWu9pUFF2XqMNM2Z4kped7IwEJw2qabwtrQqnpw6HyKkgcadKWsmpywwesDyIhYRpdzXddqegtGIJlXbAIUMOLkGxJUjRIkokwjUaX9d\/kK62ps\/tYUqZLIMkLTyBhsMZ3C5Z\/kDxOSCb\/DOs\/\/J0qcWSX\/2ipe56EgTCA4\/cB7NAYOsni4mZM1MUPAISoEwkDi4lhVBQ1cWQyIcwalw4EpqZN68JUSK7XC0kTlkLYii5uXSC8jT5ncCAS7mjCv0uHp\/3lueHEEAeQ\/\/VgmdN71\/2uCSA1Xr6DO6uI6sW56zqT2tp2PhgiRUAajV8CY2fkcz6WGNKMgLAt7tJAhD4YHMTeRxlALE6+43WqjSWi8ITxyJl8WrwWSNESQZZOqhDDntO3hJLsd5RtSpbJqdv3YrDJH3F7jL1R2O2aQkn2MyCyKYz0GPGIvSAMgBCrCEiJyKbBaYGwLW4uPRr0A0M4Ux5kUI7IBh+hMdiCEWNqhMZGyYMsOgNE58UQuEQeUnSWCMYwL54hkxK6IoqucQZbQ3pc3XtL0lky1dL0zZJJDpWJovFqpWj6JEHnyam2eQp5QRVAVHjWparTOaVwUOx99YS2MvgxIGV0bb+qIg2HX2qkFFJB+XZcbLiuRkuxD9GRroKyveLxdh4d7Orx+hb7qc3uVRuEogCOnyIxm4ubUoPgF4jianDrC+SDQDKEfJb0GUKmjCGPYHGJvVC6X4hw1\/sAfQAdfYyephIaspXe36RwOP+Ljvfx9B6B3i+Nk0DGq+oCbLn6JpBa9nWAveAIHwFAwtVcIJXPMPL8kRu5OAYPMaL1WScTxjiZDqB9LTJSWphow\/pTYKRTLjCBhvi9iBidvKcDasGSm0QQkycYuLBqj6QCELPctqChDWpTRMWkngNNpQ1Pfp1KkiT\/Y0DGffXAweUNfLAfaJFKDwhb6I+bkYRbkERoEeu3Fyjg2opMz2daZCS9jt6Q7txNfB+OZEVF6Zl5web2xunnLQrtrjXseXKaFYziYINeMFZVxS9VxRhOoesYwxPKXm+gWLG9cuFeq93UNNeJNsf1KlwuDok9n02n3TgIJpOxNfL9naIoQwXtfH9kjceTIIi709ncTg6LZbg+biLH1V6u\/7rxBem06VXKn9raAAAAAElFTkSuQmCC\")      no-repeat center center \/ contain;  }  @media screen and (max-width: 960px) and (orientation: portrait) {    .logo {      width: 100%;    }    .logo .pc-banner {      display: none;    }    .logo .m-banner {      display: block;      width: 100%;    }    .logo .m-banner img {      height: auto!important;    }    .ytvideo {      height: 200px;      width: 100%;    }  }<\/style><style>  .video-section {    width: 100%;    margin: 0 auto;  }  .video-section > img {    width: 100%;  }  .video-section iframe,  .video-section video {    width: 100%;    height: 100%;      }  .video-section-img-m,  .video-section-img-pc > img {    width: 100%;    height: auto;  }  .video-section-img-pc.small > img {    width: 970px;  }  .video-desc {    line-height: 1.5;    font-size: 20px;    font-weight: 400;    margin: 20px 0;    text-align: center;    color: #0f1111;    word-break: break-word;  }  @media screen and (max-width: 960px) and (orientation: portrait) {    .video-section {      width: 100%;    }    .video-section-pc,    .video-section-img-pc {      display: none;    }    .video-section-m,    .video-section-img-m {      display: block;    }    .video-desc {      font-size: 15px;    }  }  @media screen and (min-width: 960px) {    .video-section {      width: 100%;      margin: 0 auto;    }    .video-section-pc,    .video-section-img-pc {      display: block;    }    .video-section-m,    .video-section-img-m {      display: none;    }    .video-desc {      font-size: 20px;    }  }<\/style><style>  .section + .section {    margin-top: 35px;  }  .section-title {    text-align: center;    font-weight: bold;    color: #0d1111;    font-family: \"Arial\";    font-size: 32px;    margin: 15px 0;  }  .section-title:empty {    display: none;  }  .section-desc {    text-align: center;    font-weight: normal;    color: #0d1111;    margin-top: 20px;  }  .section-desc:empty {    display: none;  }  .section-img {    width: 1200px;    height: 492px;    margin: 0 auto;    display: block;  }  .section-img.small {    width: 970px;    height: auto;  }  .section-img.small > img {    height: auto;  }  .section-img > img {    width: 100%;    height: 100%;  }  .section-mobile-img {    display: none;    max-width: 100vw;    max-height: 75vw;    height: 450px;    margin: 0 auto;  }  .section-mobile-img > img {    width: 100%;    height: 100%;  }  @media screen and (max-width: 960px) and (orientation: portrait) {    .container {      width: 100%;    }    .container.small {      width: 100%;    }    .section-mobile-img {      display: block;    }    .section-img {      display: none;    }    .section-title {      font-size: 22px;      margin: 10px 0;    }    .section-desc {      margin-top: 10px;    }    .section + .section {      margin-top: 20px;    }  }<\/style><\/head><body><div class=\"container\"><div class=\"logo\"><div class=\"pc-banner\"><div><img decoding=\"async\" src=\"\/vevor\/vevor\/boutique-banner\/pc\/en-pc@1x.jpg\" style=\"width: 100%;\" \/><\/div><\/div><div class=\"m-banner\"><div><img decoding=\"async\" src=\"\/vevor\/vevor\/boutique-banner\/mobile\/en-m@1x.jpg\" style=\"width: 100%;\" \/><\/div><\/div><\/div><div class=\"section-title\">Mini stepper vingro\u0161anai m\u0101j\u0101s<\/div><div class=\"video-section\"><div class=\"video-section-img-pc\"><img decoding=\"async\" src=\"\/vevor\/product\/MNTBJWSBBSSX4567I\/step-machine-a100-1.4.jpg\" \/><\/div><div class=\"video-section-img-m\"><img decoding=\"async\" src=\"\/vevor\/product\/MNTBJWSBBSSX4567I\/step-machine-a100-1.4-m.jpg\" \/><\/div><div class=\"section-desc\">\u0160is mini stepera trena\u017eieris ar pretest\u012bbas lent\u0113m pied\u0101v\u0101 visaptvero\u0161u treni\u0146u pieredzi, apvienojot gan aerobos vingrin\u0101jumus, gan musku\u013cu tren\u0113\u0161anu, padarot to ide\u0101li piem\u0113rotu sp\u0113ka treni\u0146u vai svaru cel\u0161anas uzlabo\u0161anai.<\/div><\/div><div class=\"section\"><div class=\"section-title\"><\/div><div class=\"section-img\"><img decoding=\"async\" src=\"\/vevor\/product\/MNTBJWSBBSSX4567I\/step-machine-a100-2.2.jpg\" \/><\/div><div class=\"section-mobile-img\"><img decoding=\"async\" src=\"\/vevor\/product\/MNTBJWSBBSSX4567I\/step-machine-a100-2.2-m.jpg\" \/><\/div><div class=\"section-desc\">K\u0101p\u0146u trena\u017eiera digit\u0101lais displejs re\u0123istr\u0113 j\u016bsu so\u013cus, laiku un sadedzin\u0101t\u0101s kalorijas. Tas pal\u012bdz lab\u0101k izprast treni\u0146a progresu, pal\u012bdzot veikt n\u0101kamos vingrin\u0101jumu pl\u0101na so\u013cus, padarot treni\u0146us m\u0113r\u0137tiec\u012bg\u0101kus un efekt\u012bv\u0101kus.<\/div><\/div><div class=\"section\"><div class=\"section-title\"><\/div><div class=\"section-img\"><img decoding=\"async\" src=\"\/vevor\/product\/MNTBJWSBBSSX4567I\/step-machine-a100-2.3.jpg\" \/><\/div><div class=\"section-mobile-img\"><img decoding=\"async\" src=\"\/vevor\/product\/MNTBJWSBBSSX4567I\/step-machine-a100-2.3-m.jpg\" \/><\/div><div class=\"section-desc\">Hidrauliskajam fitnesa steperam ir 1,5 mm biezs kron\u0161teins, kas nodro\u0161ina vienm\u0113r\u012bgu so\u013cu kust\u012bbu, \u013caujot jums klusi baud\u012bt treni\u0146u. Augstas kvalit\u0101tes atsperes aizsarg\u0101 j\u016bsu loc\u012btavas, palielina pretest\u012bbu un uzlabo stabilit\u0101ti un iztur\u012bbu, ar svara iztur\u012bbu 330 m\u0101rci\u0146as \/ 150 kg.<\/div><\/div><div class=\"section\"><div class=\"section-title\"><\/div><div class=\"section-img\"><img decoding=\"async\" src=\"\/vevor\/product\/MNTBJWSBBSSX4567I\/step-machine-a100-2.4.jpg\" \/><\/div><div class=\"section-mobile-img\"><img decoding=\"async\" src=\"\/vevor\/product\/MNTBJWSBBSSX4567I\/step-machine-a100-2.4-m.jpg\" \/><\/div><div class=\"section-desc\">K\u0101p\u0146u k\u0101p\u0113ju var uzst\u0101d\u012bt jebkur\u0101 ierobe\u017eot\u0101 telp\u0101 bez nepiecie\u0161am\u012bbas salikt. T\u0101 kompaktais dizains \u013cauj to \u0113rti uzglab\u0101t zem d\u012bv\u0101niem vai biroja galdiem, aiz\u0146emot minim\u0101lu vietu.<\/div><\/div><div class=\"section\"><div class=\"section-title\"><\/div><div class=\"section-img\"><img decoding=\"async\" src=\"\/vevor\/product\/MNTBJWSBBSSX4567I\/step-machine-a100-2.5.jpg\" \/><\/div><div class=\"section-mobile-img\"><img decoding=\"async\" src=\"\/vevor\/product\/MNTBJWSBBSSX4567I\/step-machine-a100-2.5-m.jpg\" \/><\/div><div class=\"section-desc\">J\u016bs varat s\u0101kt spert so\u013cus jebkur\u0101 laik\u0101 un viet\u0101, neatkar\u012bgi no t\u0101, vai skat\u0101ties televizoru vai st\u0101vat darb\u0101. Piem\u0113ram, m\u0101j\u0101s, biroj\u0101 vai pat \u0101rpus telp\u0101m.<\/div><\/div><div class=\"section\"><div class=\"section-img\"><img decoding=\"async\" src=\"\/vevor\/product\/MNTBJWSBBSSX4567I\/step-machine-a100-1.11.jpg\" \/><\/div><div class=\"section-mobile-img\"><img decoding=\"async\" src=\"\/vevor\/product\/MNTBJWSBBSSX4567I\/step-machine-a100-1.11-m.jpg\" \/><\/div><\/div><\/div><\/body><\/html><\/div>\n<div class=\"DM_at-title\" id=\"js-DM_at-title\"> <div>Produkta specifik\u0101cija<\/div> <i class=\"icon-arrowup_line\"><\/i> <\/div><div class=\"DM_at-goodsDescAttr\" id=\"js-DM_at-goodsDescAttr\"> <div class=\"DM_at-goodsDescAttrInner\"> <dl class=\"goodsDesc_item goodsDesc_item_even\"> <dt>Preces Mode\u013ca Numurs<\/dt> <dd> RB-SP03<\/dd> <\/dl> <dl class=\"goodsDesc_item\"> <dt>Galvenais materi\u0101ls<\/dt> <dd> T\u0113rauds, PP un PVC<\/dd> <\/dl> <dl class=\"goodsDesc_item goodsDesc_item_even\"> <dt>slodzes iztur\u012bba<\/dt> <dd> 330 m\u0101rci\u0146as \/ 150 kg<\/dd> <\/dl> <dl class=\"goodsDesc_item\"> <dt>Produkta Izm\u0113rs<\/dt> <dd> 405x290x(180-293) mm \/ 15,9x11,4x(7,1-11,5) collas<\/dd> <\/dl> <dl class=\"goodsDesc_item goodsDesc_item_even\"> <dt>Produkta Svars<\/dt> <dd> 5,55 kg \/ 12,2 m\u0101rci\u0146as<\/dd> <\/dl> <\/div> <\/div>","protected":false},"excerpt":{"rendered":"<ul>\n<li> Mini fitnesa stepperis vingro\u0161anai: \u0160is k\u0101p\u0146u stepperis ar pretest\u012bbas lent\u0113m pied\u0101v\u0101 visaptvero\u0161u treni\u0146u pieredzi, apvienojot gan aerobos vingrin\u0101jumus, gan musku\u013cu treni\u0146us, padarot to ide\u0101li piem\u0113rotu sp\u0113ka vai svara treni\u0146u uzlabo\u0161anai. Tas ir piem\u0113rots roku un k\u0101ju asinsrites vingrin\u0101jumiem m\u0101j\u0101s vai biroj\u0101. Izstr\u0101d\u0101juma izm\u0113ri: 405 x 290 x (180\u2013293) mm \/ 15,9 x 11,4 x (7,1\u201311,5) collas. <\/li>\n<li> Daudzfunkcion\u0101ls LCD displejs: \u0160is hidrauliskais fitnesa steperis r\u0101da laiku, skaitu, kalorijas un att\u0101lumu (metros). Tam ir ar\u012b sken\u0113\u0161anas funkcija, lai sec\u012bgi par\u0101d\u012btu visus m\u0113r\u012bjumus, atvieglojot fitnesa ce\u013cojuma izseko\u0161anu. Tas pal\u012bdz pl\u0101not treni\u0146us, padarot tos m\u0113r\u0137tiec\u012bg\u0101kus un efekt\u012bv\u0101kus. <\/li>\n<li> Hidraulisk\u0101 piedzi\u0146as sist\u0113ma: \u0160iem mini steperiem vingro\u0161anai m\u0101j\u0101s ir jauni materi\u0101li un nesl\u012bdo\u0161a konstrukcija uz ped\u0101\u013ciem. Ar 1,5 mm biezu kron\u0161teinu tie nodro\u0161ina vienm\u0113r\u012bgu so\u013cu kust\u012bbu, \u013caujot jums baud\u012bt treni\u0146u klusi, vienlaikus sniedzot augstas kvalit\u0101tes treni\u0146a pieredzi. Svara iztur\u012bba ir 330 m\u0101rci\u0146as \/ 150 kg. <\/li>\n<li> No Installation Required: This cardio mini stair climber comes with all necessary accessories for quick assembly in just a few minutes without any tools. Its compact design and mini size allow for easy storage under sofas or office desks, taking up minimal space. <\/li>\n<li> Pla\u0161s pielietojums: Ar m\u016bsu m\u0101jas treni\u0146u apr\u012bkojumu j\u016bs varat s\u0101kt staig\u0101t jebkur\u0101 laik\u0101 un viet\u0101, neatkar\u012bgi no t\u0101, vai skat\u0101ties televizoru vai st\u0101vat darb\u0101. Piem\u0113ram, m\u0101j\u0101s, biroj\u0101 vai pat \u0101rpus telp\u0101m. <\/li>\n<\/ul>","protected":false},"featured_media":357045,"comment_status":"closed","ping_status":"open","template":"","meta":{"om_disable_all_campaigns":false,"_uf_show_specific_survey":0,"_uf_disable_surveys":false},"location":[1935,1934],"product_brand":[21],"product_cat":[3082,2386,2378,4717],"product_tag":[],"class_list":{"0":"post-62026","1":"product","2":"type-product","3":"status-publish","4":"has-post-thumbnail","6":"location-supplier_stock_location","7":"location-local_stock_location","8":"product_brand-vevor","9":"product_cat-cardio-equipment","10":"product_cat-exercise-equipment","11":"product_cat-sports-outdoors","12":"product_cat-step-machines-cardio-equipment","14":"first","15":"outofstock","16":"taxable","17":"shipping-taxable","18":"purchasable","19":"product-type-simple"},"aioseo_notices":[],"locations":[{"id":1935,"name":"Pieg\u0101d\u0101ja noliktav\u0101 (5-7dd.d)","slug":"supplier_stock_location","quantity":"0"},{"id":1934,"name":"R\u012bgas veikal\u0101 (0-2d.d.)","slug":"local_stock_location","quantity":"0"}],"_links":{"self":[{"href":"https:\/\/vevorshop.lv\/lv\/wp-json\/wp\/v2\/product\/62026","targetHints":{"allow":["GET"]}}],"collection":[{"href":"https:\/\/vevorshop.lv\/lv\/wp-json\/wp\/v2\/product"}],"about":[{"href":"https:\/\/vevorshop.lv\/lv\/wp-json\/wp\/v2\/types\/product"}],"replies":[{"embeddable":true,"href":"https:\/\/vevorshop.lv\/lv\/wp-json\/wp\/v2\/comments?post=62026"}],"wp:featuredmedia":[{"embeddable":true,"href":"https:\/\/vevorshop.lv\/lv\/wp-json\/wp\/v2\/media\/357045"}],"wp:attachment":[{"href":"https:\/\/vevorshop.lv\/lv\/wp-json\/wp\/v2\/media?parent=62026"}],"wp:term":[{"taxonomy":"location","embeddable":true,"href":"https:\/\/vevorshop.lv\/lv\/wp-json\/wp\/v2\/location?post=62026"},{"taxonomy":"product_brand","embeddable":true,"href":"https:\/\/vevorshop.lv\/lv\/wp-json\/wp\/v2\/product_brand?post=62026"},{"taxonomy":"product_cat","embeddable":true,"href":"https:\/\/vevorshop.lv\/lv\/wp-json\/wp\/v2\/product_cat?post=62026"},{"taxonomy":"product_tag","embeddable":true,"href":"https:\/\/vevorshop.lv\/lv\/wp-json\/wp\/v2\/product_tag?post=62026"}],"curies":[{"name":"wp","href":"https:\/\/api.w.org\/{rel}","templated":true}]}}