{"id":62235,"date":"2024-12-18T12:40:59","date_gmt":"2024-12-18T12:40:59","guid":{"rendered":"https:\/\/vevorshop.lv\/en_us\/Prece\/vevor-reclining-camping-chair-with-adjustable-heights-and-detachable-footrest-supports-up-to-150-kg-330-lbs-portable-for-home-outdoor\/"},"modified":"2026-04-19T21:34:54","modified_gmt":"2026-04-19T18:34:54","slug":"vevor-reclining-camping-chair-with-adjustable-heights-and-detachable-footrest-supports-up-to-150-kg-330-lbs-portable-for-home-outdoor","status":"publish","type":"product","link":"https:\/\/vevorshop.lv\/lv\/Prece\/vevor-atgazamais-kempinga-kresls-ar-regulejamu-augstumu-un-nonemamu-kaju-balstu-atbalsta-lidz-150-kg-330-kg-parnesajams-majam-ara\/","title":{"rendered":"VEVOR 4-poz\u012bciju atzveltnes kempinga kr\u0113sls ar k\u0101ju balstu, 150kg slodze, salok\u0101ms \u0101ra kr\u0113sls ar galvas balstu, gl\u0101\u017eu tur\u0113t\u0101ju un kabatu"},"content":{"rendered":"<div style=\"color: #fff!important; font-size: 16px; height: 24px; line-height: 24px; margin-top: -24px; \" class=\"product_original_name\">VEVOR nolai\u017eamais kempinga kr\u0113sls, 330 m\u0101rci\u0146as p\u0101rn\u0113s\u0101jams kempinga kr\u0113sls, 4 poz\u012bcijas slodzes saliekamais kempinga kr\u0113sls ar k\u0101ju balstu, kr\u016bzes tur\u0113t\u0101ju, s\u0101nu kabatu un galvas balstu kempingiem, mak\u0161\u0137er\u0113\u0161anai un \u0101ra aktivit\u0101t\u0113m<\/div>\n<div style=\"color: #fff!important; font-size: 16px; height: 24px; line-height: 24px; margin-top: -24px; \" class=\"product_sku\">M4TUVJIJ<\/div>\n<div style=\"color: #fff!important; font-size: 16px; height: 24px; line-height: 24px; margin-top: -24px; \" class=\"product_mpn\">PTTYXTTYWBXLY6SQIV0<\/div><div id=\"js-DM_at-goodDescRich\"><html><head><style>  body {    font-family: Arial;    line-height: 1.5;    color: #1c1c1c;    overflow-x: hidden;    margin: 0;    padding: 0;  }  .MsoNormal b {    font-weight: bolder;  }<\/style><style>  .container.small {    width: 970px;    margin: 0 auto;  }  .logo {    margin: 0 auto 0;  }  .logo img {    display: block;    margin: 0 auto;    max-width: 100%;  }  .logo .pc-banner {    display: block;    width: 1200px;    height: 247.4px;    margin: 0 auto;  }  .logo .pc-banner.small {    width: 970px;  }  .logo .pc-banner.small img {    height: auto!important;  }  .logo .m-banner {    display: none;  }  .ytvideo {    position: relative;    height: 546px;    width: 100%;    margin: 0 auto;  }  .ytvideo img {    width: 100%;    margin: 0 auto;  }  .ytvideo .play-btn {    width: 60px;    height: 42px;    position: absolute;    top: 50%;    left: 50%;    transform: translate(-50%, -50%);    background: url(\"data:image\/png;base64,iVBORw0KGgoAAAANSUhEUgAAAGQAAABGCAMAAAANWMFbAAAC+lBMVEUAAADBGB3kLCfBGB3kLCfcJC7BFx3KKSbiKybkLCbWJCPSIiLSIiLPICHAFx3kLCfgKSXNHiDZJiTIGx\/p4eHcjo7LHSDbJyTkLCbjKyfOHyHPIiL28fHJHB\/GGh7EGR7eKCXDGB3RISHlLSbBGB3AFxzGHB7DGB7BGB3hKybkKybAFx3lLCfAFxzDGR3hKibDGB7cJyTmz8\/elJTlwcHjurrUIyLlLSflLSfAFx3DGR7lLSfCFx3hKibhKibhKybjKybkLCblLSfbJSX49vbx7e3NNzjNMTLMJyjVIyLZf3\/ZQ0LaeHjx0tLgoqLkLCfCGB3HGx\/BGB3BFx3PICHCGB7WJCLOHyC\/Fxy\/Fx3lLCfQISHkLSe\/FxzbJiTBFx3FGx\/AGB7BFx3EGR7AGB3HHSDfKiXAFh3TISHYNzbhKibbJyTTIiL57e325+f039\/v2NjUV1fOHiHiqanfmprch4feKSXVIyPOICHmLibFGh\/mLSe\/Fx7XJCPeKSXXJSPNHyHaJyTGGh7lLCbmLCflLSjSIiLkLCbdKSXLHiC\/GB3KHh++Fh3lKyfoLiXcKCPkx8fYb2\/XaGfVXl3aU1LLHiDksbHgKibPICHbJyTfKSXbJyTCGB3KHSDiKybFGh7TIiL\/\/\/\/VIyPRISHIHB\/GGx\/HHB\/DGR7gKibdKCXLHiDZJiTMHiDNHyHYJSTOICHPICHWJCPcKCXXJSPjLCblLCf+\/f3NGR\/uLijzLynPGR\/IGB7WISHaIyLLGh7UAADxLynNAADRLzDbICLQAADIAAD3MCrUHSHXMTDpKSbLAADp5OTij4\/ejo\/VLy\/1LyngJSTcJCPQHx\/OHB7+\/PzaMS\/OLS\/vLijrLSjSAADaNTPwLyjkKSbNJCbYISHPHB\/KGB7WAAD7+vrn3d3aKynTKCjoLCfsKifRGh\/YAADq5+fhjo7QNDXXKCfmJyXt5+fTLzDLLi\/QKivYHRvMGBrQJCXLISPMExXLDxLaEAvkkI\/bOTfaFQ\/SCgpvLcnHAAAAmnRSTlMA+vv7+gT9Bvf9+8z8\/NSv\/Pr5+P7++vnQIBMP\/v38\/Pn348XDiCYf9OjbzcqxXVcx\/fz8+\/rj1r2poo1+fXFqX0orGP7+\/v7+\/fz8+\/r68uzn4trIxsG\/vri3p6GcmZSNbWVYUUZEPQv+\/f39+\/v7+\/v7+vr64tvV1NTTz87FtbSurqeblJKFg4B3bUY+NjL7+\/v7+\/v67t1cDo8JLQAABkRJREFUWMO0kz9rwkAYh0OIeJkum6YugUAhISCdKoj\/P4C7SMdS+gEKIhSKil10LSg4mzXkILdlEpxCpwTiWOLX6BujvQaEQuGeHLnL+\/64J+SIcKGYTYWnntpdLjrVdqvZmNdn0+EE40GtpuuWVS6Xx6N7YDSGpWXpeq02wHgynM7q80az1a52HpddtVcpsi1zFARBrdaxbhp9iUReTGmwA4KAAr7vx3EYejnCMI6hQYEgy0LQi4jUN0wL19vqFcUC9\/1dAKmEEFkWRYkh5oBejnxQJiSJPJ\/uKBp0Thszx9Mw8hMRIQjKsptCfuES9zr5WJY6vSFCIvE9fCMUmEM1A1kSXcYGxgVYsvI1IPKTZciSTI0us\/SMGG04gDzELDoFBwdcFJrF88dqgYMTiL6DILWYyfOWE8\/kIz38olCNlC03FK95+imxp6y4oUSvAnBjHHhKNtotSDqJzVFiK8c2SBqhZtsrTtgrLXwAyduxZHNE26eHUt5rtuM4WSmds3G+sUdWYo1L+XyxButoh5eKUHk5lByO3G1LqqCWVnfrv\/lyPtf\/4ps1cndNGIri8J1TJ0lx6dR\/oPjq1nbRwdp2dCk4CtIOLW3pVKRL6WZfS5vF2KkIQhpwSsjiYIgNCs1gEMGqiIq24NQX9NwoXFy8Ufrl3twTcg4fv8T9\/JBEySduj6Mjm4bMzYV7EEOxKjjoNDud7yY3Dy71Hq2oLmqfbNR723edH9PgMrNL2utoQ3VmaIDkiw\/4w51P06hlZsTZvkRrbVuSIs\/zwSOsycgzStQouoAkWQqioRT5XI7n2Z1wfVhoZmcAJLsoqjqpjbWCgpOAJXBwHK8PzWbNvoUZJND5wCnSkLAkZ1legx6vqQzjoiTahKlGUGLAiIIoABOHaNVw4sexZBym6\/HWlH5h3IC7yRbxtipcWxdTOkORKiNQAEkFf66x5S2oeRbroOlLgg0sSYkR0hRGEqJZ0jTPiQKatESdBckpWigxaapEH0lImHdWu9pUFF2XqMNM2Z4kped7IwEJw2qabwtrQqnpw6HyKkgcadKWsmpywwesDyIhYRpdzXddqegtGIJlXbAIUMOLkGxJUjRIkokwjUaX9d\/kK62ps\/tYUqZLIMkLTyBhsMZ3C5Z\/kDxOSCb\/DOs\/\/J0qcWSX\/2ipe56EgTCA4\/cB7NAYOsni4mZM1MUPAISoEwkDi4lhVBQ1cWQyIcwalw4EpqZN68JUSK7XC0kTlkLYii5uXSC8jT5ncCAS7mjCv0uHp\/3lueHEEAeQ\/\/VgmdN71\/2uCSA1Xr6DO6uI6sW56zqT2tp2PhgiRUAajV8CY2fkcz6WGNKMgLAt7tJAhD4YHMTeRxlALE6+43WqjSWi8ITxyJl8WrwWSNESQZZOqhDDntO3hJLsd5RtSpbJqdv3YrDJH3F7jL1R2O2aQkn2MyCyKYz0GPGIvSAMgBCrCEiJyKbBaYGwLW4uPRr0A0M4Ux5kUI7IBh+hMdiCEWNqhMZGyYMsOgNE58UQuEQeUnSWCMYwL54hkxK6IoqucQZbQ3pc3XtL0lky1dL0zZJJDpWJovFqpWj6JEHnyam2eQp5QRVAVHjWparTOaVwUOx99YS2MvgxIGV0bb+qIg2HX2qkFFJB+XZcbLiuRkuxD9GRroKyveLxdh4d7Orx+hb7qc3uVRuEogCOnyIxm4ubUoPgF4jianDrC+SDQDKEfJb0GUKmjCGPYHGJvVC6X4hw1\/sAfQAdfYyephIaspXe36RwOP+Ljvfx9B6B3i+Nk0DGq+oCbLn6JpBa9nWAveAIHwFAwtVcIJXPMPL8kRu5OAYPMaL1WScTxjiZDqB9LTJSWphow\/pTYKRTLjCBhvi9iBidvKcDasGSm0QQkycYuLBqj6QCELPctqChDWpTRMWkngNNpQ1Pfp1KkiT\/Y0DGffXAweUNfLAfaJFKDwhb6I+bkYRbkERoEeu3Fyjg2opMz2daZCS9jt6Q7txNfB+OZEVF6Zl5web2xunnLQrtrjXseXKaFYziYINeMFZVxS9VxRhOoesYwxPKXm+gWLG9cuFeq93UNNeJNsf1KlwuDok9n02n3TgIJpOxNfL9naIoQwXtfH9kjceTIIi709ncTg6LZbg+biLH1V6u\/7rxBem06VXKn9raAAAAAElFTkSuQmCC\")      no-repeat center center \/ contain;  }  @media screen and (max-width: 960px) and (orientation: portrait) {    .logo {      width: 100%;    }    .logo .pc-banner {      display: none;    }    .logo .m-banner {      display: block;      width: 100%;    }    .logo .m-banner img {      height: auto!important;    }    .ytvideo {      height: 200px;      width: 100%;    }  }<\/style><style>  .video-section {    width: 100%;    margin: 0 auto;  }  .video-section > img {    width: 100%;  }  .video-section iframe,  .video-section video {    width: 100%;    height: 100%;      }  .video-section-img-m,  .video-section-img-pc > img {    width: 100%;    height: auto;  }  .video-section-img-pc.small > img {    width: 970px;  }  .video-desc {    line-height: 1.5;    font-size: 20px;    font-weight: 400;    margin: 20px 0;    text-align: center;    color: #0f1111;    word-break: break-word;  }  @media screen and (max-width: 960px) and (orientation: portrait) {    .video-section {      width: 100%;    }    .video-section-pc,    .video-section-img-pc {      display: none;    }    .video-section-m,    .video-section-img-m {      display: block;    }    .video-desc {      font-size: 15px;    }  }  @media screen and (min-width: 960px) {    .video-section {      width: 100%;      margin: 0 auto;    }    .video-section-pc,    .video-section-img-pc {      display: block;    }    .video-section-m,    .video-section-img-m {      display: none;    }    .video-desc {      font-size: 20px;    }  }<\/style><style>  .section + .section {    margin-top: 35px;  }  .section-title {    text-align: center;    font-weight: bold;    color: #0d1111;    font-family: \"Arial\";    font-size: 32px;    margin: 15px 0;  }  .section-title:empty {    display: none;  }  .section-desc {    text-align: center;    font-weight: normal;    color: #0d1111;    margin-top: 20px;  }  .section-desc:empty {    display: none;  }  .section-img {    width: 1200px;    height: 492px;    margin: 0 auto;    display: block;  }  .section-img.small {    width: 970px;    height: auto;  }  .section-img.small > img {    height: auto;  }  .section-img > img {    width: 100%;    height: 100%;  }  .section-mobile-img {    display: none;    max-width: 100vw;    max-height: 75vw;    height: 450px;    margin: 0 auto;  }  .section-mobile-img > img {    width: 100%;    height: 100%;  }  @media screen and (max-width: 960px) and (orientation: portrait) {    .container {      width: 100%;    }    .container.small {      width: 100%;    }    .section-mobile-img {      display: block;    }    .section-img {      display: none;    }    .section-title {      font-size: 22px;      margin: 10px 0;    }    .section-desc {      margin-top: 10px;    }    .section + .section {      margin-top: 20px;    }  }<\/style><\/head><body><div class=\"container small\"><div class=\"logo\"><div class=\"pc-banner small\"><div><img decoding=\"async\" src=\"\/vevor\/vevor\/boutique-banner\/pc\/en-pc@1x.jpg\" style=\"width: 100%;\" \/><\/div><\/div><div class=\"m-banner\"><div><img decoding=\"async\" src=\"\/vevor\/vevor\/boutique-banner\/mobile\/en-m@1x.jpg\" style=\"width: 100%;\" \/><\/div><\/div><\/div><div class=\"section-title\">Regul\u0113jams atg\u0101\u017eams kempinga kr\u0113sls<\/div><div class=\"video-section\"><div class=\"video-section-img-pc small\"><img decoding=\"async\" src=\"\/vevor\/product\/PTTYXTTYWBXLY6SQI\/reclining-camping-chair-a100-1.4-pt.jpg\" \/><\/div><div class=\"video-section-img-m\"><img decoding=\"async\" src=\"\/vevor\/product\/PTTYXTTYWBXLY6SQI\/reclining-camping-chair-a100-1.4-pt.jpg\" \/><\/div><div class=\"section-desc\">\u0160is atg\u0101\u017eamais kempinga kr\u0113sls var iztur\u0113t svaru l\u012bdz 150 kg un tam ir \u010detras augstuma regul\u0113\u0161anas iesp\u0113jas. Izgatavots no iztur\u012bga le\u0123\u0113t\u0101 t\u0113rauda un 600D Oksfordas auduma, tas ir viegls un \u0113rti p\u0101rn\u0113s\u0101jams. Tam ir roku balsti, s\u0101nu kabata un kr\u016bz\u012b\u0161u tur\u0113t\u0101js \u2014 lieliski piem\u0113rots kempingam vai pludmalei!<\/div><\/div><div class=\"section\"><div class=\"section-title\"><\/div><div class=\"section-img small\"><img decoding=\"async\" src=\"\/vevor\/product\/PTTYXTTYWBXLY6SQI\/reclining-camping-chair-a100-2.2-pt.jpg\" \/><\/div><div class=\"section-mobile-img\"><img decoding=\"async\" src=\"\/vevor\/product\/PTTYXTTYWBXLY6SQI\/reclining-camping-chair-a100-2.2-pt.jpg\" \/><\/div><div class=\"section-desc\">M\u016bsu \u0101ra atg\u0101\u017eamais kr\u0113sls ir elpojo\u0161s un \u0113rts, izgatavots no grezna sieta un ar no\u0146emamu k\u0101ju balstu. Biezais galvas balsts nodro\u0161ina papildu atbalstu, un no\u0146emamais k\u0101ju balsts \u013cauj piel\u0101got komfortu, nodro\u0161inot m\u0101jas cien\u012bgu kempinga pieredzi.<\/div><\/div><div class=\"section\"><div class=\"section-title\"><\/div><div class=\"section-img small\"><img decoding=\"async\" src=\"\/vevor\/product\/PTTYXTTYWBXLY6SQI\/reclining-camping-chair-a100-2.3-pt.jpg\" \/><\/div><div class=\"section-mobile-img\"><img decoding=\"async\" src=\"\/vevor\/product\/PTTYXTTYWBXLY6SQI\/reclining-camping-chair-a100-2.3-pt.jpg\" \/><\/div><div class=\"section-desc\">\u0160is iztur\u012bgais un atbalsto\u0161ais kempinga kr\u0113sls ir izgatavots no augstas stipr\u012bbas le\u0123\u0113t\u0101 t\u0113rauda un 600D Oksfordas auduma. Nesl\u012bdo\u0161i k\u0101ju palikt\u0146i un se\u0161u k\u0101ju dizains nodro\u0161ina stabilit\u0101ti, lietojot to \u0101rpus telp\u0101m.<\/div><\/div><div class=\"section\"><div class=\"section-title\"><\/div><div class=\"section-img small\"><img decoding=\"async\" src=\"\/vevor\/product\/PTTYXTTYWBXLY6SQI\/reclining-camping-chair-a100-2.4-pt.jpg\" \/><\/div><div class=\"section-mobile-img\"><img decoding=\"async\" src=\"\/vevor\/product\/PTTYXTTYWBXLY6SQI\/reclining-camping-chair-a100-2.4-pt.jpg\" \/><\/div><div class=\"section-desc\">Ar platu s\u0113dekli papildu komfortam, relaks\u0113jo\u0161iem roku balstiem un \u0113rt\u0101m s\u0101nu kabat\u0101m ar kr\u016bz\u012b\u0161u tur\u0113t\u0101ju \u0161is p\u0101rn\u0113s\u0101jamais kr\u0113sls padara j\u016bsu aktivit\u0101tes br\u012bv\u0101 dab\u0101, piem\u0113ram, las\u012b\u0161anu un dz\u0113rienu malko\u0161anu, par bezr\u016bp\u012bgu.<\/div><\/div><div class=\"section\"><div class=\"section-title\"><\/div><div class=\"section-img small\"><img decoding=\"async\" src=\"\/vevor\/product\/PTTYXTTYWBXLY6SQI\/reclining-camping-chair-a100-2.5-pt.jpg\" \/><\/div><div class=\"section-mobile-img\"><img decoding=\"async\" src=\"\/vevor\/product\/PTTYXTTYWBXLY6SQI\/reclining-camping-chair-a100-2.5-pt.jpg\" \/><\/div><div class=\"section-desc\">\u0160is kempinga kr\u0113sls ar k\u0101ju balstu, kas sver tikai 4,8 kg (10,58 m\u0101rci\u0146as), ir viegli transport\u0113jams kempingam, mak\u0161\u0137er\u0113\u0161anai vai pludmales braucieniem, nepalielinot slodzi.<\/div><\/div><div class=\"section\"><div class=\"section-img small\"><img decoding=\"async\" src=\"\/vevor\/product\/PTTYXTTYWBXLY6SQI\/reclining-camping-chair-a100-1.11-pt.jpg\" \/><\/div><div class=\"section-mobile-img\"><img decoding=\"async\" src=\"\/vevor\/product\/PTTYXTTYWBXLY6SQI\/reclining-camping-chair-a100-1.11-pt.jpg\" \/><\/div><\/div><\/div><\/body><\/html><\/div>\n<div class=\"DM_at-title\" id=\"js-DM_at-title\"> <div>Produkta specifik\u0101cija<\/div> <i class=\"icon-arrowup_line\"><\/i> <\/div><div class=\"DM_at-goodsDescAttr\" id=\"js-DM_at-goodsDescAttr\"> <div class=\"DM_at-goodsDescAttrInner\"> <dl class=\"goodsDesc_item goodsDesc_item_even\"> <dt>Preces Mode\u013ca Numurs<\/dt> <dd> HKC-1001P-3<\/dd> <\/dl> <dl class=\"goodsDesc_item\"> <dt>Kr\u0101sa<\/dt> <dd> Za\u013c\u0161<\/dd> <\/dl> <dl class=\"goodsDesc_item goodsDesc_item_even\"> <dt>Kravnes\u012bbas<\/dt> <dd> 330 m\u0101rci\u0146as \/ 149,69 kg<\/dd> <\/dl> <dl class=\"goodsDesc_item\"> <dt>Atzveltnes regul\u0113\u0161ana<\/dt> <dd> 4 l\u012bme\u0146u regul\u0113jams<\/dd> <\/dl> <dl class=\"goodsDesc_item goodsDesc_item_even\"> <dt>Galvenais materi\u0101ls<\/dt> <dd> Le\u0123\u0113tais t\u0113rauds + sieta audums<\/dd> <\/dl> <dl class=\"goodsDesc_item\"> <dt>Produkta Svars<\/dt> <dd> 4,45 kg \/ 9,81 m\u0101rci\u0146as<\/dd> <\/dl> <dl class=\"goodsDesc_item goodsDesc_item_even\"> <dt>Produkta Izm\u0113ri<\/dt> <dd> 1530 x 830 x 730 mm \/ 60,24&#034; x 32,68&#034; x 28,74&#034; (atg\u0101zt\u0101 st\u0101vokl\u012b)<\/dd> <\/dl> <\/div> <\/div>","protected":false},"excerpt":{"rendered":"<ul>\n<li> \u0112rts dizains: \u0160im atg\u0101\u017eamajam kempinga kr\u0113slam ir papla\u0161in\u0101ta s\u0113dek\u013ca zona uzlabotai stabilit\u0101tei. T\u0101 \u010detri regul\u0113jami augstuma iestat\u012bjumi nodro\u0161ina lab\u0101ku muguras atbalstu, \u013caujot atrast \u0113rtu poz\u012bciju las\u012b\u0161anai, gul\u0113\u0161anai vai skata baud\u012b\u0161anai. <\/li>\n<li> Augstas kvalit\u0101tes materi\u0101li: \u0160\u012b saliekam\u0101 kr\u0113sla r\u0101mis ir izgatavots no le\u0123\u0113ta t\u0113rauda, \u200b\u200bkas var iztur\u0113t svaru l\u012bdz 150 kg, un t\u0101 r\u0101mis ir p\u0101rkl\u0101ts ar pulverkr\u0101su. Tas ir izgatavots no iztur\u012bga 600D Oksfordas auduma, kas ir ide\u0101li piem\u0113rots lieto\u0161anai \u0101rpus telp\u0101m. <\/li>\n<li> \u0112rta pieredze: M\u016bsu p\u0101rn\u0113s\u0101jam\u0101 kr\u0113sla iztur\u012bg\u0101 sieta odere ir apvienota ar no\u0146emamu spilvenu, kas nodro\u0161ina m\u012bkstu komfortu. Polster\u0113ts galvas balsts atbalsta galvu un piel\u0101gojas kakla izliekumam, savuk\u0101rt k\u0101ju balsts \u013cauj atp\u016bsties gu\u013cus st\u0101vokl\u012b. K\u0101ju balsts ir ar\u012b no\u0146emams, lai atbilstu j\u016bsu vajadz\u012bb\u0101m. <\/li>\n<li> Viegli lietojams: \u0160im kempinga kr\u0113slam ar k\u0101ju balstu ir \u0113rta s\u0101nu kabata dz\u0113rieniem, kr\u016bz\u0113m vai t\u0101lrunim. Roku balsti ir paredz\u0113ti atp\u016btai, un platais s\u0113deklis nodro\u0161ina papildu atbalstu, \u013caujot jums ats\u0113sties un relaks\u0113ties. <\/li>\n<li> Salok\u0101ms dizains: Pateicoties viegli no\u0146emamam k\u0101ju balstam un spilvenam, \u0161is kempinga kr\u0113sls \u0101tri salok\u0101s vienk\u0101r\u0161ai uzglab\u0101\u0161anai. Tas aiz\u0146em minim\u0101lu vietu un ir viegli p\u0101rn\u0113s\u0101jams, padarot to par lielisku izv\u0113li piedz\u012bvojumiem br\u012bv\u0101 dab\u0101 vai lieto\u0161anai m\u0101j\u0101s, ietaupot laiku un vietu. <\/li>\n<\/ul>","protected":false},"featured_media":358136,"comment_status":"closed","ping_status":"open","template":"","meta":{"om_disable_all_campaigns":false,"_uf_show_specific_survey":0,"_uf_disable_surveys":false},"location":[1935,1934],"product_brand":[21],"product_cat":[2657,2382,2827,2378],"product_tag":[],"class_list":{"0":"post-62235","1":"product","2":"type-product","3":"status-publish","4":"has-post-thumbnail","6":"location-supplier_stock_location","7":"location-local_stock_location","8":"product_brand-vevor","9":"product_cat-camping-furniture","10":"product_cat-camping-gear","11":"product_cat-portable-reclining-camping-chair","12":"product_cat-sports-outdoors","14":"first","15":"instock","16":"taxable","17":"shipping-taxable","18":"purchasable","19":"product-type-simple"},"aioseo_notices":[],"locations":[{"id":1935,"name":"Pieg\u0101d\u0101ja noliktav\u0101 (5-7dd.d)","slug":"supplier_stock_location","quantity":"123"},{"id":1934,"name":"R\u012bgas veikal\u0101 (0-2d.d.)","slug":"local_stock_location","quantity":"0"}],"_links":{"self":[{"href":"https:\/\/vevorshop.lv\/lv\/wp-json\/wp\/v2\/product\/62235","targetHints":{"allow":["GET"]}}],"collection":[{"href":"https:\/\/vevorshop.lv\/lv\/wp-json\/wp\/v2\/product"}],"about":[{"href":"https:\/\/vevorshop.lv\/lv\/wp-json\/wp\/v2\/types\/product"}],"replies":[{"embeddable":true,"href":"https:\/\/vevorshop.lv\/lv\/wp-json\/wp\/v2\/comments?post=62235"}],"wp:featuredmedia":[{"embeddable":true,"href":"https:\/\/vevorshop.lv\/lv\/wp-json\/wp\/v2\/media\/358136"}],"wp:attachment":[{"href":"https:\/\/vevorshop.lv\/lv\/wp-json\/wp\/v2\/media?parent=62235"}],"wp:term":[{"taxonomy":"location","embeddable":true,"href":"https:\/\/vevorshop.lv\/lv\/wp-json\/wp\/v2\/location?post=62235"},{"taxonomy":"product_brand","embeddable":true,"href":"https:\/\/vevorshop.lv\/lv\/wp-json\/wp\/v2\/product_brand?post=62235"},{"taxonomy":"product_cat","embeddable":true,"href":"https:\/\/vevorshop.lv\/lv\/wp-json\/wp\/v2\/product_cat?post=62235"},{"taxonomy":"product_tag","embeddable":true,"href":"https:\/\/vevorshop.lv\/lv\/wp-json\/wp\/v2\/product_tag?post=62235"}],"curies":[{"name":"wp","href":"https:\/\/api.w.org\/{rel}","templated":true}]}}