{"id":62266,"date":"2024-12-18T12:42:10","date_gmt":"2024-12-18T12:42:10","guid":{"rendered":"https:\/\/vevorshop.lv\/en_us\/Prece\/vevor-adjustable-solar-panel-mounting-brackets-for-1-4-panels-30-60-angle-118x39-4-inches-300x100-cm-carbon-steel-330-lbs-capacity\/"},"modified":"2026-04-28T01:16:02","modified_gmt":"2026-04-27T22:16:02","slug":"vevor-adjustable-solar-panel-mounting-brackets-for-1-4-panels-30-60-angle-118x39-4-inches-300x100-cm-carbon-steel-330-lbs-capacity","status":"publish","type":"product","link":"https:\/\/vevorshop.lv\/lv\/Prece\/vevor-regulejami-saules-panelu-montazas-kronsteini-1-4-paneliem-30-60-lenkis-118x39-4-collas-300x100-cm-oglekla-terauds-330-lbs-ietilpiba\/","title":{"rendered":"VEVOR regul\u0113jams saules pane\u013cu stiprin\u0101jums 30\u00b0-60\u00b0, 1\u20134 pane\u013ciem, t\u0113rauda stat\u012bvs zemes mont\u0101\u017eai RV, laiv\u0101m, saimniec\u012bb\u0101m"},"content":{"rendered":"<div style=\"color: #fff!important; font-size: 16px; height: 24px; line-height: 24px; margin-top: -24px; \" class=\"product_original_name\">VEVOR saules pane\u013cu mont\u0101\u017eas kron\u0161teini, 30\u00b0-60\u00b0 regul\u0113jami vair\u0101ku gabalu saules pane\u013cu kron\u0161teini 1-4PCS saules pane\u013ciem, oglek\u013ca t\u0113rauda zemes mont\u0101\u017eas saules pane\u013cu stat\u012bvs ferm\u0101m, RV, laiv\u0101m, \u0101rpus t\u012bkla sist\u0113mai<\/div>\n<div style=\"color: #fff!important; font-size: 16px; height: 24px; line-height: 24px; margin-top: -24px; \" class=\"product_sku\">M4TUXW6P<\/div>\n<div style=\"color: #fff!important; font-size: 16px; height: 24px; line-height: 24px; margin-top: -24px; \" class=\"product_mpn\">DMJT40000000A1F72V0<\/div><div id=\"js-DM_at-goodDescRich\"><html><head><style>  body {    font-family: Arial;    line-height: 1.5;    color: #1c1c1c;    overflow-x: hidden;    margin: 0;    padding: 0;  }  .MsoNormal b {    font-weight: bolder;  }<\/style><style>  .container.small {    width: 970px;    margin: 0 auto;  }  .logo {    margin: 0 auto 0;  }  .logo img {    display: block;    margin: 0 auto;    max-width: 100%;  }  .logo .pc-banner {    display: block;    width: 1200px;    height: 247.4px;    margin: 0 auto;  }  .logo .pc-banner.small {    width: 970px;  }  .logo .pc-banner.small img {    height: auto!important;  }  .logo .m-banner {    display: none;  }  .ytvideo {    position: relative;    height: 546px;    width: 100%;    margin: 0 auto;  }  .ytvideo img {    width: 100%;    margin: 0 auto;  }  .ytvideo .play-btn {    width: 60px;    height: 42px;    position: absolute;    top: 50%;    left: 50%;    transform: translate(-50%, -50%);    background: url(\"data:image\/png;base64,iVBORw0KGgoAAAANSUhEUgAAAGQAAABGCAMAAAANWMFbAAAC+lBMVEUAAADBGB3kLCfBGB3kLCfcJC7BFx3KKSbiKybkLCbWJCPSIiLSIiLPICHAFx3kLCfgKSXNHiDZJiTIGx\/p4eHcjo7LHSDbJyTkLCbjKyfOHyHPIiL28fHJHB\/GGh7EGR7eKCXDGB3RISHlLSbBGB3AFxzGHB7DGB7BGB3hKybkKybAFx3lLCfAFxzDGR3hKibDGB7cJyTmz8\/elJTlwcHjurrUIyLlLSflLSfAFx3DGR7lLSfCFx3hKibhKibhKybjKybkLCblLSfbJSX49vbx7e3NNzjNMTLMJyjVIyLZf3\/ZQ0LaeHjx0tLgoqLkLCfCGB3HGx\/BGB3BFx3PICHCGB7WJCLOHyC\/Fxy\/Fx3lLCfQISHkLSe\/FxzbJiTBFx3FGx\/AGB7BFx3EGR7AGB3HHSDfKiXAFh3TISHYNzbhKibbJyTTIiL57e325+f039\/v2NjUV1fOHiHiqanfmprch4feKSXVIyPOICHmLibFGh\/mLSe\/Fx7XJCPeKSXXJSPNHyHaJyTGGh7lLCbmLCflLSjSIiLkLCbdKSXLHiC\/GB3KHh++Fh3lKyfoLiXcKCPkx8fYb2\/XaGfVXl3aU1LLHiDksbHgKibPICHbJyTfKSXbJyTCGB3KHSDiKybFGh7TIiL\/\/\/\/VIyPRISHIHB\/GGx\/HHB\/DGR7gKibdKCXLHiDZJiTMHiDNHyHYJSTOICHPICHWJCPcKCXXJSPjLCblLCf+\/f3NGR\/uLijzLynPGR\/IGB7WISHaIyLLGh7UAADxLynNAADRLzDbICLQAADIAAD3MCrUHSHXMTDpKSbLAADp5OTij4\/ejo\/VLy\/1LyngJSTcJCPQHx\/OHB7+\/PzaMS\/OLS\/vLijrLSjSAADaNTPwLyjkKSbNJCbYISHPHB\/KGB7WAAD7+vrn3d3aKynTKCjoLCfsKifRGh\/YAADq5+fhjo7QNDXXKCfmJyXt5+fTLzDLLi\/QKivYHRvMGBrQJCXLISPMExXLDxLaEAvkkI\/bOTfaFQ\/SCgpvLcnHAAAAmnRSTlMA+vv7+gT9Bvf9+8z8\/NSv\/Pr5+P7++vnQIBMP\/v38\/Pn348XDiCYf9OjbzcqxXVcx\/fz8+\/rj1r2poo1+fXFqX0orGP7+\/v7+\/fz8+\/r68uzn4trIxsG\/vri3p6GcmZSNbWVYUUZEPQv+\/f39+\/v7+\/v7+vr64tvV1NTTz87FtbSurqeblJKFg4B3bUY+NjL7+\/v7+\/v67t1cDo8JLQAABkRJREFUWMO0kz9rwkAYh0OIeJkum6YugUAhISCdKoj\/P4C7SMdS+gEKIhSKil10LSg4mzXkILdlEpxCpwTiWOLX6BujvQaEQuGeHLnL+\/64J+SIcKGYTYWnntpdLjrVdqvZmNdn0+EE40GtpuuWVS6Xx6N7YDSGpWXpeq02wHgynM7q80az1a52HpddtVcpsi1zFARBrdaxbhp9iUReTGmwA4KAAr7vx3EYejnCMI6hQYEgy0LQi4jUN0wL19vqFcUC9\/1dAKmEEFkWRYkh5oBejnxQJiSJPJ\/uKBp0Thszx9Mw8hMRIQjKsptCfuES9zr5WJY6vSFCIvE9fCMUmEM1A1kSXcYGxgVYsvI1IPKTZciSTI0us\/SMGG04gDzELDoFBwdcFJrF88dqgYMTiL6DILWYyfOWE8\/kIz38olCNlC03FK95+imxp6y4oUSvAnBjHHhKNtotSDqJzVFiK8c2SBqhZtsrTtgrLXwAyduxZHNE26eHUt5rtuM4WSmds3G+sUdWYo1L+XyxButoh5eKUHk5lByO3G1LqqCWVnfrv\/lyPtf\/4ps1cndNGIri8J1TJ0lx6dR\/oPjq1nbRwdp2dCk4CtIOLW3pVKRL6WZfS5vF2KkIQhpwSsjiYIgNCs1gEMGqiIq24NQX9NwoXFy8Ufrl3twTcg4fv8T9\/JBEySduj6Mjm4bMzYV7EEOxKjjoNDud7yY3Dy71Hq2oLmqfbNR723edH9PgMrNL2utoQ3VmaIDkiw\/4w51P06hlZsTZvkRrbVuSIs\/zwSOsycgzStQouoAkWQqioRT5XI7n2Z1wfVhoZmcAJLsoqjqpjbWCgpOAJXBwHK8PzWbNvoUZJND5wCnSkLAkZ1legx6vqQzjoiTahKlGUGLAiIIoABOHaNVw4sexZBym6\/HWlH5h3IC7yRbxtipcWxdTOkORKiNQAEkFf66x5S2oeRbroOlLgg0sSYkR0hRGEqJZ0jTPiQKatESdBckpWigxaapEH0lImHdWu9pUFF2XqMNM2Z4kped7IwEJw2qabwtrQqnpw6HyKkgcadKWsmpywwesDyIhYRpdzXddqegtGIJlXbAIUMOLkGxJUjRIkokwjUaX9d\/kK62ps\/tYUqZLIMkLTyBhsMZ3C5Z\/kDxOSCb\/DOs\/\/J0qcWSX\/2ipe56EgTCA4\/cB7NAYOsni4mZM1MUPAISoEwkDi4lhVBQ1cWQyIcwalw4EpqZN68JUSK7XC0kTlkLYii5uXSC8jT5ncCAS7mjCv0uHp\/3lueHEEAeQ\/\/VgmdN71\/2uCSA1Xr6DO6uI6sW56zqT2tp2PhgiRUAajV8CY2fkcz6WGNKMgLAt7tJAhD4YHMTeRxlALE6+43WqjSWi8ITxyJl8WrwWSNESQZZOqhDDntO3hJLsd5RtSpbJqdv3YrDJH3F7jL1R2O2aQkn2MyCyKYz0GPGIvSAMgBCrCEiJyKbBaYGwLW4uPRr0A0M4Ux5kUI7IBh+hMdiCEWNqhMZGyYMsOgNE58UQuEQeUnSWCMYwL54hkxK6IoqucQZbQ3pc3XtL0lky1dL0zZJJDpWJovFqpWj6JEHnyam2eQp5QRVAVHjWparTOaVwUOx99YS2MvgxIGV0bb+qIg2HX2qkFFJB+XZcbLiuRkuxD9GRroKyveLxdh4d7Orx+hb7qc3uVRuEogCOnyIxm4ubUoPgF4jianDrC+SDQDKEfJb0GUKmjCGPYHGJvVC6X4hw1\/sAfQAdfYyephIaspXe36RwOP+Ljvfx9B6B3i+Nk0DGq+oCbLn6JpBa9nWAveAIHwFAwtVcIJXPMPL8kRu5OAYPMaL1WScTxjiZDqB9LTJSWphow\/pTYKRTLjCBhvi9iBidvKcDasGSm0QQkycYuLBqj6QCELPctqChDWpTRMWkngNNpQ1Pfp1KkiT\/Y0DGffXAweUNfLAfaJFKDwhb6I+bkYRbkERoEeu3Fyjg2opMz2daZCS9jt6Q7txNfB+OZEVF6Zl5web2xunnLQrtrjXseXKaFYziYINeMFZVxS9VxRhOoesYwxPKXm+gWLG9cuFeq93UNNeJNsf1KlwuDok9n02n3TgIJpOxNfL9naIoQwXtfH9kjceTIIi709ncTg6LZbg+biLH1V6u\/7rxBem06VXKn9raAAAAAElFTkSuQmCC\")      no-repeat center center \/ contain;  }  @media screen and (max-width: 960px) and (orientation: portrait) {    .logo {      width: 100%;    }    .logo .pc-banner {      display: none;    }    .logo .m-banner {      display: block;      width: 100%;    }    .logo .m-banner img {      height: auto!important;    }    .ytvideo {      height: 200px;      width: 100%;    }  }<\/style><style>  .video-section {    width: 100%;    margin: 0 auto;  }  .video-section > img {    width: 100%;  }  .video-section iframe,  .video-section video {    width: 100%;    height: 100%;      }  .video-section-img-m,  .video-section-img-pc > img {    width: 100%;    height: auto;  }  .video-section-img-pc.small > img {    width: 970px;  }  .video-desc {    line-height: 1.5;    font-size: 20px;    font-weight: 400;    margin: 20px 0;    text-align: center;    color: #0f1111;    word-break: break-word;  }  @media screen and (max-width: 960px) and (orientation: portrait) {    .video-section {      width: 100%;    }    .video-section-pc,    .video-section-img-pc {      display: none;    }    .video-section-m,    .video-section-img-m {      display: block;    }    .video-desc {      font-size: 15px;    }  }  @media screen and (min-width: 960px) {    .video-section {      width: 100%;      margin: 0 auto;    }    .video-section-pc,    .video-section-img-pc {      display: block;    }    .video-section-m,    .video-section-img-m {      display: none;    }    .video-desc {      font-size: 20px;    }  }<\/style><style>  .section + .section {    margin-top: 35px;  }  .section-title {    text-align: center;    font-weight: bold;    color: #0d1111;    font-family: \"Arial\";    font-size: 32px;    margin: 15px 0;  }  .section-title:empty {    display: none;  }  .section-desc {    text-align: center;    font-weight: normal;    color: #0d1111;    margin-top: 20px;  }  .section-desc:empty {    display: none;  }  .section-img {    width: 1200px;    height: 492px;    margin: 0 auto;    display: block;  }  .section-img.small {    width: 970px;    height: auto;  }  .section-img.small > img {    height: auto;  }  .section-img > img {    width: 100%;    height: 100%;  }  .section-mobile-img {    display: none;    max-width: 100vw;    max-height: 75vw;    height: 450px;    margin: 0 auto;  }  .section-mobile-img > img {    width: 100%;    height: 100%;  }  @media screen and (max-width: 960px) and (orientation: portrait) {    .container {      width: 100%;    }    .container.small {      width: 100%;    }    .section-mobile-img {      display: block;    }    .section-img {      display: none;    }    .section-title {      font-size: 22px;      margin: 10px 0;    }    .section-desc {      margin-top: 10px;    }    .section + .section {      margin-top: 20px;    }  }<\/style><\/head><body><div class=\"container small\"><div class=\"logo\"><div class=\"pc-banner small\"><div><img decoding=\"async\" src=\"\/vevor\/vevor\/boutique-banner\/pc\/en-pc@1x.jpg\" style=\"width: 100%;\" \/><\/div><\/div><div class=\"m-banner\"><div><img decoding=\"async\" src=\"\/vevor\/vevor\/boutique-banner\/mobile\/en-m@1x.jpg\" style=\"width: 100%;\" \/><\/div><\/div><\/div><div class=\"section-title\">Uzlabojiet savu saules ener\u0123ijas sist\u0113mu ar uzticamu stiprin\u0101jumu<\/div><div class=\"video-section\"><div class=\"video-section-img-pc small\"><img decoding=\"async\" src=\"\/vevor\/product\/DMJT40000000A1F72\/solar-panel-mounting-bracket-a100-1.4-pt.jpg\" \/><\/div><div class=\"video-section-img-m\"><img decoding=\"async\" src=\"\/vevor\/product\/DMJT40000000A1F72\/solar-panel-mounting-bracket-a100-1.4-pt.jpg\" \/><\/div><div class=\"section-desc\">Izv\u0113lieties VEVOR daudzda\u013c\u012bgo saules pane\u013cu mont\u0101\u017eas kron\u0161teinu, lai nodro\u0161in\u0101tu uzticamu un stabilu atbalstu. Regul\u0113jams le\u0146\u0137is ar 30\u00b0\u201360\u00b0 maksim\u0101li palielina saules gaismas iedarb\u012bbu un energoefektivit\u0101ti. 330 m\u0101rci\u0146u kravnes\u012bba un oglek\u013ca t\u0113rauda konstrukcija nodro\u0161ina ilgsto\u0161u stabilit\u0101ti, padarot to par ide\u0101lu izv\u0113li saules pane\u013cu uzst\u0101d\u012b\u0161anai.<\/div><\/div><div class=\"section\"><div class=\"section-title\"><\/div><div class=\"section-img small\"><img decoding=\"async\" src=\"\/vevor\/product\/DMJT40000000A1F72\/solar-panel-mounting-bracket-a100-2.2-pt.jpg\" \/><\/div><div class=\"section-mobile-img\"><img decoding=\"async\" src=\"\/vevor\/product\/DMJT40000000A1F72\/solar-panel-mounting-bracket-a100-2.2-pt.jpg\" \/><\/div><div class=\"section-desc\">M\u016bsu regul\u0113jamais saules pane\u013cu mont\u0101\u017eas kron\u0161teins atbalsta 1 l\u012bdz 4 saules pane\u013cu uzst\u0101d\u012b\u0161anu. Komplekt\u0101 ietilpst pilns piederumu kl\u0101sts un skaidra instrukciju rokasgr\u0101mata, kas padara uzst\u0101d\u012b\u0161anas procesu vienk\u0101r\u0161u un bez piep\u016bles.<\/div><\/div><div class=\"section\"><div class=\"section-title\"><\/div><div class=\"section-img small\"><img decoding=\"async\" src=\"\/vevor\/product\/DMJT40000000A1F72\/solar-panel-mounting-bracket-a100-2.3-pt.jpg\" \/><\/div><div class=\"section-mobile-img\"><img decoding=\"async\" src=\"\/vevor\/product\/DMJT40000000A1F72\/solar-panel-mounting-bracket-a100-2.3-pt.jpg\" \/><\/div><div class=\"section-desc\">Pateicoties vienk\u0101r\u0161\u0101m mont\u0101\u017eas darb\u012bb\u0101m un visiem nepiecie\u0161amajiem piederumiem, m\u016bsu mont\u0101\u017eas sist\u0113ma nodro\u0161ina \u0101tru un vienk\u0101r\u0161u uzst\u0101d\u012b\u0161anu. Detaliz\u0113t\u0101 lietot\u0101ja rokasgr\u0101mata nodro\u0161ina stabilit\u0101ti, vienlaikus ietaupot gan laiku, gan p\u016bles.<\/div><\/div><div class=\"section\"><div class=\"section-title\"><\/div><div class=\"section-img small\"><img decoding=\"async\" src=\"\/vevor\/product\/DMJT40000000A1F72\/solar-panel-mounting-bracket-a100-2.4-pt.jpg\" \/><\/div><div class=\"section-mobile-img\"><img decoding=\"async\" src=\"\/vevor\/product\/DMJT40000000A1F72\/solar-panel-mounting-bracket-a100-2.4-pt.jpg\" \/><\/div><div class=\"section-desc\">Izgatavots no deform\u0101cijas iztur\u012bga oglek\u013ca t\u0113rauda, \u200b\u200b\u0161is mont\u0101\u017eas kron\u0161teins ir iztur\u012bgs pret augst\u0101m un zem\u0101m temperat\u016br\u0101m, nodro\u0161inot stabilit\u0101ti un iztur\u012bbu \u0101ra apst\u0101k\u013cos. Ar 330 m\u0101rci\u0146u kravnes\u012bbu tas nodro\u0161ina sp\u0113c\u012bgu atbalstu dro\u0161ai un uzticamai saules ener\u0123ijas darb\u012bbai.<\/div><\/div><div class=\"section\"><div class=\"section-title\"><\/div><div class=\"section-img small\"><img decoding=\"async\" src=\"\/vevor\/product\/DMJT40000000A1F72\/solar-panel-mounting-bracket-a100-2.5-pt.jpg\" \/><\/div><div class=\"section-mobile-img\"><img decoding=\"async\" src=\"\/vevor\/product\/DMJT40000000A1F72\/solar-panel-mounting-bracket-a100-2.5-pt.jpg\" \/><\/div><div class=\"section-desc\">M\u016bsu saules pane\u013cu stiprin\u0101juma kron\u0161teini ir daudzpus\u012bgi pielietojuma zi\u0146\u0101 un ir ide\u0101li piem\u0113roti kemperiem, vasarn\u012bc\u0101m, ferm\u0101m, laiv\u0101m un da\u017e\u0101d\u0101m bezsaistes sist\u0113m\u0101m, \u013caujot izmantot saules ener\u0123iju da\u017e\u0101d\u0101s vid\u0113s, baudot za\u013c\u0101 dz\u012bvesveida \u0113rt\u012bbas.<\/div><\/div><div class=\"section\"><div class=\"section-img small\"><img decoding=\"async\" src=\"\/vevor\/product\/DMJT40000000A1F72\/solar-panel-mounting-bracket-a100-1.11-pt.jpg\" \/><\/div><div class=\"section-mobile-img\"><img decoding=\"async\" src=\"\/vevor\/product\/DMJT40000000A1F72\/solar-panel-mounting-bracket-a100-1.11-pt.jpg\" \/><\/div><\/div><\/div><\/body><\/html><\/div>\n<div class=\"DM_at-title\" id=\"js-DM_at-title\"> <div>Produkta specifik\u0101cija<\/div> <i class=\"icon-arrowup_line\"><\/i> <\/div><div class=\"DM_at-goodsDescAttr\" id=\"js-DM_at-goodsDescAttr\"> <div class=\"DM_at-goodsDescAttrInner\"> <dl class=\"goodsDesc_item goodsDesc_item_even\"> <dt>Preces Mode\u013ca Numurs<\/dt> <dd> SF-SS-SKU6<\/dd> <\/dl> <dl class=\"goodsDesc_item\"> <dt>Produkta Izm\u0113ri<\/dt> <dd> 118 x 39,4 x 31,5 collas \/ 3000 x 1000 x 800 mm<\/dd> <\/dl> <dl class=\"goodsDesc_item goodsDesc_item_even\"> <dt>Galvenais materi\u0101ls<\/dt> <dd> Oglek\u013ca T\u0113rauda<\/dd> <\/dl> <dl class=\"goodsDesc_item\"> <dt>Maksim\u0101l\u0101 kravnes\u012bba<\/dt> <dd> 330 m\u0101rci\u0146as \/ 150 kg<\/dd> <\/dl> <dl class=\"goodsDesc_item goodsDesc_item_even\"> <dt>Produkta Svars<\/dt> <dd> 45,3 m\u0101rci\u0146as \/ 20,56 kg<\/dd> <\/dl> <\/div> <\/div>","protected":false},"excerpt":{"rendered":"<ul>\n<li> Daudzpus\u012bga Piem\u0113rojam\u012bba: VEVOR 118\u2033 x 39,4\u2033 daudzda\u013c\u012bgi saules pane\u013cu mont\u0101\u017eas kron\u0161teini atbalsta 1 l\u012bdz 4PCS saules pane\u013cu uzst\u0101d\u012b\u0161anu Ieteicamie uzst\u0101d\u012b\u0161anas izm\u0113ri: 4 pane\u013ci (19,7 \u2013 29,5 collas; 100W \u2013 200W), 3 pane\u013ci (29,5 \u2013 39,3 collas; 200W \u2013 300W) un 2 pane\u013ci (39,4 \u2013 58,3 collas; 400W). <\/li>\n<li> 30\u201360\u00b0 elast\u012bga regul\u0113\u0161ana: VEVOR saules pane\u013cu stiprin\u0101juma kron\u0161teini pied\u0101v\u0101 30\u201360 gr\u0101du elast\u012bgu regul\u0113\u0161anu, kas \u013cauj viegli piel\u0101got saules pane\u013ca optim\u0101lo le\u0146\u0137i atkar\u012bb\u0101 no main\u012bg\u0101 saules gaismas virziena. Maksim\u0101la saules gaismas iedarb\u012bba un kop\u0113j\u0101 energoefektivit\u0101te. <\/li>\n<li> Iztur\u012bga konstrukcija: Izgatavots no deform\u0101cijas iztur\u012bg\u0101 oglek\u013ca t\u0113rauda, \u200b\u200b\u0161is zemes stiprin\u0101juma kron\u0161teins nodro\u0161ina izcilu iztur\u012bbu un stabilit\u0101ti. 330 m\u0101rci\u0146u nestsp\u0113ja nodro\u0161ina uzticamu atbalstu un nov\u0113r\u0161 jebk\u0101du vibr\u0101ciju, garant\u0113jot ilgsto\u0161u veiktsp\u0113ju. <\/li>\n<li> Vienk\u0101r\u0161a uzst\u0101d\u012b\u0161ana: \u0160im saules pane\u013cu mont\u0101\u017eas komplektam ir pievienots pla\u0161s piederumu komplekts un detaliz\u0113ta lieto\u0161anas instrukcija, kas nodro\u0161ina \u0101tru un \u0113rtu uzst\u0101d\u012b\u0161anu. Lietot\u0101ji to var viegli uzst\u0101d\u012bt un baud\u012bt stabilu, uzticamu atbalstu saules ener\u0123ijas sist\u0113mai. <\/li>\n<li> Pla\u0161s pielietojums: \u0160is regul\u0113jamais saules pane\u013cu mont\u0101\u017eas kron\u0161teins pied\u0101v\u0101 daudzpus\u012bgu pielietojumu, padarot to ide\u0101li piem\u0113rotu atkl\u0101t\u0101m telp\u0101m, kemperiem, laiv\u0101m, ferm\u0101m un da\u017e\u0101d\u0101m bezsaistes sist\u0113m\u0101m. Tas nodro\u0161ina stabilu atbalstu, ilgsto\u0161u veiktsp\u0113ju un uzlabo j\u016bsu saules ener\u0123ijas sist\u0113mas efektivit\u0101ti. <\/li>\n<\/ul>","protected":false},"featured_media":358333,"comment_status":"closed","ping_status":"open","template":"","meta":{"om_disable_all_campaigns":false,"_uf_show_specific_survey":0,"_uf_disable_surveys":false},"location":[1935,1934],"product_brand":[21],"product_cat":[34,931,4570,2810],"product_tag":[],"class_list":{"0":"post-62266","1":"product","2":"type-product","3":"status-publish","4":"has-post-thumbnail","6":"location-supplier_stock_location","7":"location-local_stock_location","8":"product_brand-vevor","9":"product_cat-electrical","10":"product_cat-renewable-energy","11":"product_cat-solar-panel-mount-brackets","12":"product_cat-solar-power-accessories","14":"first","15":"outofstock","16":"taxable","17":"shipping-taxable","18":"purchasable","19":"product-type-simple"},"aioseo_notices":[],"locations":[{"id":1935,"name":"Pieg\u0101d\u0101ja noliktav\u0101 (5-7dd.d)","slug":"supplier_stock_location","quantity":"0"},{"id":1934,"name":"R\u012bgas veikal\u0101 (0-2d.d.)","slug":"local_stock_location","quantity":"0"}],"_links":{"self":[{"href":"https:\/\/vevorshop.lv\/lv\/wp-json\/wp\/v2\/product\/62266","targetHints":{"allow":["GET"]}}],"collection":[{"href":"https:\/\/vevorshop.lv\/lv\/wp-json\/wp\/v2\/product"}],"about":[{"href":"https:\/\/vevorshop.lv\/lv\/wp-json\/wp\/v2\/types\/product"}],"replies":[{"embeddable":true,"href":"https:\/\/vevorshop.lv\/lv\/wp-json\/wp\/v2\/comments?post=62266"}],"wp:featuredmedia":[{"embeddable":true,"href":"https:\/\/vevorshop.lv\/lv\/wp-json\/wp\/v2\/media\/358333"}],"wp:attachment":[{"href":"https:\/\/vevorshop.lv\/lv\/wp-json\/wp\/v2\/media?parent=62266"}],"wp:term":[{"taxonomy":"location","embeddable":true,"href":"https:\/\/vevorshop.lv\/lv\/wp-json\/wp\/v2\/location?post=62266"},{"taxonomy":"product_brand","embeddable":true,"href":"https:\/\/vevorshop.lv\/lv\/wp-json\/wp\/v2\/product_brand?post=62266"},{"taxonomy":"product_cat","embeddable":true,"href":"https:\/\/vevorshop.lv\/lv\/wp-json\/wp\/v2\/product_cat?post=62266"},{"taxonomy":"product_tag","embeddable":true,"href":"https:\/\/vevorshop.lv\/lv\/wp-json\/wp\/v2\/product_tag?post=62266"}],"curies":[{"name":"wp","href":"https:\/\/api.w.org\/{rel}","templated":true}]}}