{"id":62434,"date":"2024-12-25T12:24:50","date_gmt":"2024-12-25T12:24:50","guid":{"rendered":"https:\/\/vevorshop.lv\/en_us\/Prece\/vevor-8kw-electric-sauna-heater-with-digital-controller-for-8-12-m%c2%b3-283-424-ft%c2%b3-home-spa-wall-mounted-aluminized-zinc-shell-304-stainless-steel-heating-element\/"},"modified":"2026-04-06T16:46:25","modified_gmt":"2026-04-06T13:46:25","slug":"vevor-8kw-electric-sauna-heater-with-digital-controller-for-8-12-m%c2%b3-283-424-ft%c2%b3-home-spa-wall-mounted-aluminized-zinc-shell-304-stainless-steel-heating-element","status":"publish","type":"product","link":"https:\/\/vevorshop.lv\/lv\/Prece\/vevor-8kw-elektriska-krasns-krasns-ar-digitalo-kontrolieri-8-12-m\u00b3-283-424-ft\u00b3-majas-spa-sienas-siena-aluminizeta-cinka-apvalks-304-nerusejosa-terauda-sildelements\/","title":{"rendered":"VEVOR 8kW Elektriskais Pirts Sild\u012bt\u0101js ar Digit\u0101lo Kontrolieri, 400V 3N, 8\u201312 m\u00b3 Iek\u0161telpu\/\u0100ra Pirt\u012bm, Pie Sienas Mont\u0113jams"},"content":{"rendered":"<div style=\"color: #fff!important; font-size: 16px; height: 24px; line-height: 24px; margin-top: -24px; \" class=\"product_original_name\">VEVOR Pirts Sild\u012bt\u0101js, 8KW Elektrisk\u0101 Pirts Pl\u012bts, 400V 3N Portat\u012bvais Iek\u0161telpu\/\u0100ra Pirts Sild\u012bt\u0101js ar 3h Taimeri, Digit\u0101lais Kontrolieris 8-12 m\u00b3 M\u0101jai, Komerci\u0101lai Viesn\u012bcas Spa Du\u0161as Lieto\u0161anai, Maks 110\u00b0C<\/div>\n<div style=\"color: #fff!important; font-size: 16px; height: 24px; line-height: 24px; margin-top: -24px; \" class=\"product_sku\">M53URNST<\/div>\n<div style=\"color: #fff!important; font-size: 16px; height: 24px; line-height: 24px; margin-top: -24px; \" class=\"product_mpn\">DSSNLWKLXB8KWB33NV8<\/div><div id=\"js-DM_at-goodDescRich\"><html><head><style>  body {    font-family: Arial;    line-height: 1.5;    color: #1c1c1c;    overflow-x: hidden;    margin: 0;    padding: 0;  }  .MsoNormal b {    font-weight: bolder;  }<\/style><style>  .container.small {    width: 970px;    margin: 0 auto;  }  .logo {    margin: 0 auto 0;  }  .logo img {    display: block;    margin: 0 auto;    max-width: 100%;  }  .logo .pc-banner {    display: block;    width: 1200px;    height: 247.4px;    margin: 0 auto;  }  .logo .pc-banner.small {    width: 970px;  }  .logo .pc-banner.small img {    height: auto!important;  }  .logo .m-banner {    display: none;  }  .ytvideo {    position: relative;    height: 546px;    width: 100%;    margin: 0 auto;  }  .ytvideo img {    width: 100%;    margin: 0 auto;  }  .ytvideo .play-btn {    width: 60px;    height: 42px;    position: absolute;    top: 50%;    left: 50%;    transform: translate(-50%, -50%);    background: url(\"data:image\/png;base64,iVBORw0KGgoAAAANSUhEUgAAAGQAAABGCAMAAAANWMFbAAAC+lBMVEUAAADBGB3kLCfBGB3kLCfcJC7BFx3KKSbiKybkLCbWJCPSIiLSIiLPICHAFx3kLCfgKSXNHiDZJiTIGx\/p4eHcjo7LHSDbJyTkLCbjKyfOHyHPIiL28fHJHB\/GGh7EGR7eKCXDGB3RISHlLSbBGB3AFxzGHB7DGB7BGB3hKybkKybAFx3lLCfAFxzDGR3hKibDGB7cJyTmz8\/elJTlwcHjurrUIyLlLSflLSfAFx3DGR7lLSfCFx3hKibhKibhKybjKybkLCblLSfbJSX49vbx7e3NNzjNMTLMJyjVIyLZf3\/ZQ0LaeHjx0tLgoqLkLCfCGB3HGx\/BGB3BFx3PICHCGB7WJCLOHyC\/Fxy\/Fx3lLCfQISHkLSe\/FxzbJiTBFx3FGx\/AGB7BFx3EGR7AGB3HHSDfKiXAFh3TISHYNzbhKibbJyTTIiL57e325+f039\/v2NjUV1fOHiHiqanfmprch4feKSXVIyPOICHmLibFGh\/mLSe\/Fx7XJCPeKSXXJSPNHyHaJyTGGh7lLCbmLCflLSjSIiLkLCbdKSXLHiC\/GB3KHh++Fh3lKyfoLiXcKCPkx8fYb2\/XaGfVXl3aU1LLHiDksbHgKibPICHbJyTfKSXbJyTCGB3KHSDiKybFGh7TIiL\/\/\/\/VIyPRISHIHB\/GGx\/HHB\/DGR7gKibdKCXLHiDZJiTMHiDNHyHYJSTOICHPICHWJCPcKCXXJSPjLCblLCf+\/f3NGR\/uLijzLynPGR\/IGB7WISHaIyLLGh7UAADxLynNAADRLzDbICLQAADIAAD3MCrUHSHXMTDpKSbLAADp5OTij4\/ejo\/VLy\/1LyngJSTcJCPQHx\/OHB7+\/PzaMS\/OLS\/vLijrLSjSAADaNTPwLyjkKSbNJCbYISHPHB\/KGB7WAAD7+vrn3d3aKynTKCjoLCfsKifRGh\/YAADq5+fhjo7QNDXXKCfmJyXt5+fTLzDLLi\/QKivYHRvMGBrQJCXLISPMExXLDxLaEAvkkI\/bOTfaFQ\/SCgpvLcnHAAAAmnRSTlMA+vv7+gT9Bvf9+8z8\/NSv\/Pr5+P7++vnQIBMP\/v38\/Pn348XDiCYf9OjbzcqxXVcx\/fz8+\/rj1r2poo1+fXFqX0orGP7+\/v7+\/fz8+\/r68uzn4trIxsG\/vri3p6GcmZSNbWVYUUZEPQv+\/f39+\/v7+\/v7+vr64tvV1NTTz87FtbSurqeblJKFg4B3bUY+NjL7+\/v7+\/v67t1cDo8JLQAABkRJREFUWMO0kz9rwkAYh0OIeJkum6YugUAhISCdKoj\/P4C7SMdS+gEKIhSKil10LSg4mzXkILdlEpxCpwTiWOLX6BujvQaEQuGeHLnL+\/64J+SIcKGYTYWnntpdLjrVdqvZmNdn0+EE40GtpuuWVS6Xx6N7YDSGpWXpeq02wHgynM7q80az1a52HpddtVcpsi1zFARBrdaxbhp9iUReTGmwA4KAAr7vx3EYejnCMI6hQYEgy0LQi4jUN0wL19vqFcUC9\/1dAKmEEFkWRYkh5oBejnxQJiSJPJ\/uKBp0Thszx9Mw8hMRIQjKsptCfuES9zr5WJY6vSFCIvE9fCMUmEM1A1kSXcYGxgVYsvI1IPKTZciSTI0us\/SMGG04gDzELDoFBwdcFJrF88dqgYMTiL6DILWYyfOWE8\/kIz38olCNlC03FK95+imxp6y4oUSvAnBjHHhKNtotSDqJzVFiK8c2SBqhZtsrTtgrLXwAyduxZHNE26eHUt5rtuM4WSmds3G+sUdWYo1L+XyxButoh5eKUHk5lByO3G1LqqCWVnfrv\/lyPtf\/4ps1cndNGIri8J1TJ0lx6dR\/oPjq1nbRwdp2dCk4CtIOLW3pVKRL6WZfS5vF2KkIQhpwSsjiYIgNCs1gEMGqiIq24NQX9NwoXFy8Ufrl3twTcg4fv8T9\/JBEySduj6Mjm4bMzYV7EEOxKjjoNDud7yY3Dy71Hq2oLmqfbNR723edH9PgMrNL2utoQ3VmaIDkiw\/4w51P06hlZsTZvkRrbVuSIs\/zwSOsycgzStQouoAkWQqioRT5XI7n2Z1wfVhoZmcAJLsoqjqpjbWCgpOAJXBwHK8PzWbNvoUZJND5wCnSkLAkZ1legx6vqQzjoiTahKlGUGLAiIIoABOHaNVw4sexZBym6\/HWlH5h3IC7yRbxtipcWxdTOkORKiNQAEkFf66x5S2oeRbroOlLgg0sSYkR0hRGEqJZ0jTPiQKatESdBckpWigxaapEH0lImHdWu9pUFF2XqMNM2Z4kped7IwEJw2qabwtrQqnpw6HyKkgcadKWsmpywwesDyIhYRpdzXddqegtGIJlXbAIUMOLkGxJUjRIkokwjUaX9d\/kK62ps\/tYUqZLIMkLTyBhsMZ3C5Z\/kDxOSCb\/DOs\/\/J0qcWSX\/2ipe56EgTCA4\/cB7NAYOsni4mZM1MUPAISoEwkDi4lhVBQ1cWQyIcwalw4EpqZN68JUSK7XC0kTlkLYii5uXSC8jT5ncCAS7mjCv0uHp\/3lueHEEAeQ\/\/VgmdN71\/2uCSA1Xr6DO6uI6sW56zqT2tp2PhgiRUAajV8CY2fkcz6WGNKMgLAt7tJAhD4YHMTeRxlALE6+43WqjSWi8ITxyJl8WrwWSNESQZZOqhDDntO3hJLsd5RtSpbJqdv3YrDJH3F7jL1R2O2aQkn2MyCyKYz0GPGIvSAMgBCrCEiJyKbBaYGwLW4uPRr0A0M4Ux5kUI7IBh+hMdiCEWNqhMZGyYMsOgNE58UQuEQeUnSWCMYwL54hkxK6IoqucQZbQ3pc3XtL0lky1dL0zZJJDpWJovFqpWj6JEHnyam2eQp5QRVAVHjWparTOaVwUOx99YS2MvgxIGV0bb+qIg2HX2qkFFJB+XZcbLiuRkuxD9GRroKyveLxdh4d7Orx+hb7qc3uVRuEogCOnyIxm4ubUoPgF4jianDrC+SDQDKEfJb0GUKmjCGPYHGJvVC6X4hw1\/sAfQAdfYyephIaspXe36RwOP+Ljvfx9B6B3i+Nk0DGq+oCbLn6JpBa9nWAveAIHwFAwtVcIJXPMPL8kRu5OAYPMaL1WScTxjiZDqB9LTJSWphow\/pTYKRTLjCBhvi9iBidvKcDasGSm0QQkycYuLBqj6QCELPctqChDWpTRMWkngNNpQ1Pfp1KkiT\/Y0DGffXAweUNfLAfaJFKDwhb6I+bkYRbkERoEeu3Fyjg2opMz2daZCS9jt6Q7txNfB+OZEVF6Zl5web2xunnLQrtrjXseXKaFYziYINeMFZVxS9VxRhOoesYwxPKXm+gWLG9cuFeq93UNNeJNsf1KlwuDok9n02n3TgIJpOxNfL9naIoQwXtfH9kjceTIIi709ncTg6LZbg+biLH1V6u\/7rxBem06VXKn9raAAAAAElFTkSuQmCC\")      no-repeat center center \/ contain;  }  @media screen and (max-width: 960px) and (orientation: portrait) {    .logo {      width: 100%;    }    .logo .pc-banner {      display: none;    }    .logo .m-banner {      display: block;      width: 100%;    }    .logo .m-banner img {      height: auto!important;    }    .ytvideo {      height: 200px;      width: 100%;    }  }<\/style><style>  .video-section {    width: 100%;    margin: 0 auto;  }  .video-section > img {    width: 100%;  }  .video-section iframe,  .video-section video {    width: 100%;    height: 100%;      }  .video-section-img-m,  .video-section-img-pc > img {    width: 100%;    height: auto;  }  .video-section-img-pc.small > img {    width: 970px;  }  .video-desc {    line-height: 1.5;    font-size: 20px;    font-weight: 400;    margin: 20px 0;    text-align: center;    color: #0f1111;    word-break: break-word;  }  @media screen and (max-width: 960px) and (orientation: portrait) {    .video-section {      width: 100%;    }    .video-section-pc,    .video-section-img-pc {      display: none;    }    .video-section-m,    .video-section-img-m {      display: block;    }    .video-desc {      font-size: 15px;    }  }  @media screen and (min-width: 960px) {    .video-section {      width: 100%;      margin: 0 auto;    }    .video-section-pc,    .video-section-img-pc {      display: block;    }    .video-section-m,    .video-section-img-m {      display: none;    }    .video-desc {      font-size: 20px;    }  }<\/style><style>  .section + .section {    margin-top: 35px;  }  .section-title {    text-align: center;    font-weight: bold;    color: #0d1111;    font-family: \"Arial\";    font-size: 32px;    margin: 15px 0;  }  .section-title:empty {    display: none;  }  .section-desc {    text-align: center;    font-weight: normal;    color: #0d1111;    margin-top: 20px;  }  .section-desc:empty {    display: none;  }  .section-img {    width: 1200px;    height: 492px;    margin: 0 auto;    display: block;  }  .section-img.small {    width: 970px;    height: auto;  }  .section-img.small > img {    height: auto;  }  .section-img > img {    width: 100%;    height: 100%;  }  .section-mobile-img {    display: none;    max-width: 100vw;    max-height: 75vw;    height: 450px;    margin: 0 auto;  }  .section-mobile-img > img {    width: 100%;    height: 100%;  }  @media screen and (max-width: 960px) and (orientation: portrait) {    .container {      width: 100%;    }    .container.small {      width: 100%;    }    .section-mobile-img {      display: block;    }    .section-img {      display: none;    }    .section-title {      font-size: 22px;      margin: 10px 0;    }    .section-desc {      margin-top: 10px;    }    .section + .section {      margin-top: 20px;    }  }<\/style><\/head><body><div class=\"container\"><div class=\"logo\"><div class=\"pc-banner\"><div><img decoding=\"async\" src=\"\/vevor\/vevor\/boutique-banner\/pc\/en-pc@1x.jpg\" style=\"width: 100%;\" \/><\/div><\/div><div class=\"m-banner\"><div><img decoding=\"async\" src=\"\/vevor\/vevor\/boutique-banner\/mobile\/en-m@1x.jpg\" style=\"width: 100%;\" \/><\/div><\/div><\/div><div class=\"section-title\">Izbaudiet Ultimate Sauna Retreat ar VEVOR Sauna Heater<\/div><div class=\"video-section\"><div class=\"video-section-img-pc\"><img decoding=\"async\" src=\"\/vevor\/product\/DSSNLWKLXB8KWB33N\/sauna-heater-a100-1.4.jpg\" \/><\/div><div class=\"video-section-img-m\"><img decoding=\"async\" src=\"\/vevor\/product\/DSSNLWKLXB8KWB33N\/sauna-heater-a100-1.4-m.jpg\" \/><\/div><div class=\"section-desc\">Vai jums ir nepiecie\u0161ams p\u0101rtraukums? Vai v\u0113laties atp\u016bsties vai nomierin\u0101t noguru\u0161os musku\u013cus, m\u016bsu pirts sild\u012bt\u0101ji pal\u012bdz saglab\u0101t j\u016bsu visp\u0101r\u0113jo labsaj\u016btu. Ar jaud\u012bgu sild\u012b\u0161anas jaudu un prec\u012bzu temperat\u016bras kontroli m\u016bsu komerci\u0101lais pirts sild\u012bt\u0101js no jauna defin\u0113s veidu, k\u0101 j\u016bs piedz\u012bvojat relaks\u0101ciju.<\/div><\/div><div class=\"section\"><div class=\"section-title\"><\/div><div class=\"section-img\"><img decoding=\"async\" src=\"\/vevor\/product\/DSSNLWKLXB8KWB33N\/sauna-heater-a100-2.2.jpg\" \/><\/div><div class=\"section-mobile-img\"><img decoding=\"async\" src=\"\/vevor\/product\/DSSNLWKLXB8KWB33N\/sauna-heater-a100-2.2-m.jpg\" \/><\/div><div class=\"section-desc\">Iek\u0161telpu pirts sild\u012bt\u0101js ir veidots no augstas kvalit\u0101tes materi\u0101liem, kas paredz\u0113ti \u0101trai apsildei, \u013caujot izbaud\u012bt pirts nodarb\u012bbu, negaidot ilg\u0101ku laiku.<\/div><\/div><div class=\"section\"><div class=\"section-title\"><\/div><div class=\"section-img\"><img decoding=\"async\" src=\"\/vevor\/product\/DSSNLWKLXB8KWB33N\/sauna-heater-a100-2.3.jpg\" \/><\/div><div class=\"section-mobile-img\"><img decoding=\"async\" src=\"\/vevor\/product\/DSSNLWKLXB8KWB33N\/sauna-heater-a100-2.3-m.jpg\" \/><\/div><div class=\"section-desc\">Ar maksim\u0101lo temperat\u016bru 230 \u00b0F un maksim\u0101lo laika iestat\u012bjumu 3 stundas, pirts sild\u012bt\u0101js nodro\u0161ina elast\u012bbu un kontroli p\u0101r j\u016bsu pirts pieredzi.<\/div><\/div><div class=\"section\"><div class=\"section-title\"><\/div><div class=\"section-img\"><img decoding=\"async\" src=\"\/vevor\/product\/DSSNLWKLXB8KWB33N\/sauna-heater-a100-2.4.jpg\" \/><\/div><div class=\"section-mobile-img\"><img decoding=\"async\" src=\"\/vevor\/product\/DSSNLWKLXB8KWB33N\/sauna-heater-a100-2.4-m.jpg\" \/><\/div><div class=\"section-desc\">Pirts sild\u012bt\u0101ji ir paredz\u0113ti vienk\u0101r\u0161ai uzst\u0101d\u012b\u0161anai Sienas dizains samazina uzst\u0101d\u012b\u0161anai nepiecie\u0161amo apgr\u016btin\u0101jumu un laiku, nodro\u0161inot lielu siltuma izkliedi.<\/div><\/div><div class=\"section\"><div class=\"section-title\"><\/div><div class=\"section-img\"><img decoding=\"async\" src=\"\/vevor\/product\/DSSNLWKLXB8KWB33N\/sauna-heater-a100-2.5.jpg\" \/><\/div><div class=\"section-mobile-img\"><img decoding=\"async\" src=\"\/vevor\/product\/DSSNLWKLXB8KWB33N\/sauna-heater-a100-2.5-m.jpg\" \/><\/div><div class=\"section-desc\">Pirts sild\u012bt\u0101jus var izmantot da\u017e\u0101dos apst\u0101k\u013cos, tostarp dz\u012bvojam\u0101s pirt\u012bs, komerci\u0101lajos spa, fitnesa centros un citur, nodro\u0161inot pla\u0161u pielietojumu kl\u0101stu.<\/div><\/div><div class=\"section\"><div class=\"section-img\"><img decoding=\"async\" src=\"\/vevor\/product\/DSSNLWKLXB8KWB33N\/sauna-heater-a100-1.11.jpg\" \/><\/div><div class=\"section-mobile-img\"><img decoding=\"async\" src=\"\/vevor\/product\/DSSNLWKLXB8KWB33N\/sauna-heater-a100-1.11-m.jpg\" \/><\/div><\/div><\/div><\/body><\/html><\/div>\n<div class=\"DM_at-title\" id=\"js-DM_at-title\"> <div>Produkta specifik\u0101cija<\/div> <i class=\"icon-arrowup_line\"><\/i> <\/div><div class=\"DM_at-goodsDescAttr\" id=\"js-DM_at-goodsDescAttr\"> <div class=\"DM_at-goodsDescAttrInner\"> <dl class=\"goodsDesc_item goodsDesc_item_even\"> <dt>Preces Mode\u013ca Numurs<\/dt> <dd> SCA-80W<\/dd> <\/dl> <dl class=\"goodsDesc_item\"> <dt>282,5-423,7 p\u0113das\u00b3Jauda<\/dt> <dd> 8 kW<\/dd> <\/dl> <dl class=\"goodsDesc_item goodsDesc_item_even\"> <dt>Spriegums<\/dt> <dd> 400V 3N~ 50Hz\/60Hz<\/dd> <\/dl> <dl class=\"goodsDesc_item\"> <dt>Vad\u012bbas tips<\/dt> <dd> Digit\u0101lais Kontrolieris<\/dd> <\/dl> <dl class=\"goodsDesc_item goodsDesc_item_even\"> <dt>Piem\u0113rots Pirts Telpa<\/dt> <dd> 283 -424 p\u0113das\u00b3 \/ 8-12 m\u00b3<\/dd> <\/dl> <dl class=\"goodsDesc_item\"> <dt>Pirts Akmens Nepiecie\u0161ams (NAV IEK\u013bAUTAS)<\/dt> <dd> Maks. 33 m\u0101rci\u0146as \/ 15 kg<\/dd> <\/dl> <dl class=\"goodsDesc_item goodsDesc_item_even\"> <dt>Temperat\u016bras Diapazons<\/dt> <dd> Maks. 230\u00b0F \/ 110\u00b0C<\/dd> <\/dl> <dl class=\"goodsDesc_item\"> <dt>Taimeris<\/dt> <dd> 3 h<\/dd> <\/dl> <dl class=\"goodsDesc_item goodsDesc_item_even\"> <dt>Materi\u0101ls<\/dt> <dd> Aluminiz\u0113ts cinks<\/dd> <\/dl> <dl class=\"goodsDesc_item\"> <dt>Postenis Svars<\/dt> <dd> 25,8 m\u0101rci\u0146as \/ 11,7 kg<\/dd> <\/dl> <dl class=\"goodsDesc_item goodsDesc_item_even\"> <dt>Objektu Izm\u0113ri<\/dt> <dd> 16,1 x 10,9 x 22,44 collas \/ 409 x 278 x 570 mm<\/dd> <\/dl> <\/div> <\/div>","protected":false},"excerpt":{"rendered":"<ul>\n<li> \u0100tra apkure: Jauda: 8KW; Piem\u0113rota pirts telpa: 283 -424 p\u0113das\u00b3 \/ 8-12 m\u00b3; Izm\u0113rs: 16,1 x 10,9 x 22,44 collas \/ 409 x 278 x 570 mm Pirts akme\u0146iem Nepiecie\u0161ams: 33 m\u0101rci\u0146as \/ 15 kg Piez\u012bme: Pirts akme\u0146i NAV IEK\u013bAUTI.Pla\u0161\u0101 akmens ietilp\u012bba \u013cauj akme\u0146iem absorb\u0113t un uzglab\u0101t siltumu, nodro\u0161inot efekt\u012bvu siltuma saglab\u0101\u0161anu un izkliedi <\/li>\n<li> Built to Last Construction: Pirts sild\u012bt\u0101jam ir aluminiz\u0113ts cinka apvalks, kas nodro\u0161ina augstu iztur\u012bbu pret koroziju un ilgu kalpo\u0161anas laiku sild\u012bt\u0101jam pat augsta mitruma vid\u0113 Ner\u016bs\u0113jo\u0161\u0101 t\u0113rauda sildelements 304 nodro\u0161ina \u0101tru un vienm\u0113r\u012bgu siltuma sadali, nodro\u0161inot \u0113rtu pirts pieredzi \u012bs\u0101 laik\u0101 <\/li>\n<li> \u0100r\u0113jais kontrolieris: m\u016bsu m\u0101jas pirts sild\u012bt\u0101js pied\u0101v\u0101 maksim\u0101lu \u0113rt\u012bbu ar \u0101r\u0113jo kontrolieri, kas uzst\u0101d\u012bts \u0101rpus pirts, ar skaidru displeju un lietot\u0101jam draudz\u012bgu saskarni Temperat\u016bras, laika un citu iestat\u012bjumu regul\u0113\u0161ana ir v\u0113sma ar intuit\u012bvo kontrolieri.Jums ir iesp\u0113ja izv\u0113l\u0113ties no diviem re\u017e\u012bmiem: Norm\u0101ls re\u017e\u012bms konsekventai sild\u012b\u0161anai l\u012bdz 4 stund\u0101m vai Iepriek\u0161 iestat\u012bts re\u017e\u012bms autom\u0101tiskai palai\u0161anas un aptur\u0113\u0161anas funkcionalit\u0101tei <\/li>\n<li> Sienas stiprin\u0101juma dizains: izbaudiet uzst\u0101d\u012b\u0161anu bez piep\u016bles ar m\u016bsu tvaika pirts sild\u012bt\u0101ju, kas apr\u012bkots ar iepriek\u0161 izurbtu kron\u0161teinu, kas papildin\u0101ts ar rezerv\u0113tiem spr\u0101dzes. Vienk\u0101r\u0161i nostipriniet sild\u012bt\u0101ju, izmantojot \u0161o darbu taupo\u0161o iestat\u012bjumu. Optim\u0101lai siltuma izklied\u0113\u0161anai un uzlabotai dro\u0161\u012bbai m\u0113s iesak\u0101m uzst\u0101d\u012bt sild\u012bt\u0101ju 3,5 collu augstum\u0101 no gr\u012bdas. Tas ne tikai nodro\u0161ina dro\u0161u lieto\u0161anu, bet ar\u012b pal\u012bdz ietaup\u012bt v\u0113rt\u012bgu gr\u012bdas plat\u012bbu <\/li>\n<li> G\u016bstiet lieliskus ieguvumus: m\u016bsu pirts kr\u0101sns ir daudzpus\u012bga un ide\u0101li piem\u0113rota pla\u0161am pirts vides kl\u0101stam, tostarp dz\u012bvojam\u0101m pirt\u012bm, spa, fitnesa centriem un citiem. T\u0101 sniedz lielisku iesp\u0113ju atp\u016bsties kop\u0101 ar saviem m\u012b\u013cajiem, \u013caujot mazin\u0101t stresu, uzlabot miega kvalit\u0101ti, atjaunot ener\u0123iju, atjaunot garu un uzlabot visp\u0101r\u0113jo labsaj\u016btu <\/li>\n<\/ul>","protected":false},"featured_media":359383,"comment_status":"closed","ping_status":"open","template":"","meta":{"om_disable_all_campaigns":false,"_monsterinsights_skip_tracking":false,"_monsterinsights_sitenote_active":false,"_monsterinsights_sitenote_note":"","_monsterinsights_sitenote_category":0,"_uf_show_specific_survey":0,"_uf_disable_surveys":false},"location":[1935,1934],"product_brand":[21],"product_cat":[2765,2365,2766],"product_tag":[],"class_list":{"0":"post-62434","1":"product","2":"type-product","3":"status-publish","4":"has-post-thumbnail","6":"location-supplier_stock_location","7":"location-local_stock_location","8":"product_brand-vevor","9":"product_cat-home-spas","10":"product_cat-outdoors","11":"product_cat-sauna-accessories","13":"first","14":"instock","15":"taxable","16":"shipping-taxable","17":"purchasable","18":"product-type-simple"},"aioseo_notices":[],"jetpack_sharing_enabled":true,"locations":[{"id":1935,"name":"Pieg\u0101d\u0101t\u0101ja noliktav\u0101 (5-7d.d.)","slug":"supplier_stock_location","quantity":"53"},{"id":1934,"name":"R\u012bgas veikal\u0101 (0-2d.d.)","slug":"local_stock_location","quantity":"0"}],"_links":{"self":[{"href":"https:\/\/vevorshop.lv\/lv\/wp-json\/wp\/v2\/product\/62434","targetHints":{"allow":["GET"]}}],"collection":[{"href":"https:\/\/vevorshop.lv\/lv\/wp-json\/wp\/v2\/product"}],"about":[{"href":"https:\/\/vevorshop.lv\/lv\/wp-json\/wp\/v2\/types\/product"}],"replies":[{"embeddable":true,"href":"https:\/\/vevorshop.lv\/lv\/wp-json\/wp\/v2\/comments?post=62434"}],"wp:featuredmedia":[{"embeddable":true,"href":"https:\/\/vevorshop.lv\/lv\/wp-json\/wp\/v2\/media\/359383"}],"wp:attachment":[{"href":"https:\/\/vevorshop.lv\/lv\/wp-json\/wp\/v2\/media?parent=62434"}],"wp:term":[{"taxonomy":"location","embeddable":true,"href":"https:\/\/vevorshop.lv\/lv\/wp-json\/wp\/v2\/location?post=62434"},{"taxonomy":"product_brand","embeddable":true,"href":"https:\/\/vevorshop.lv\/lv\/wp-json\/wp\/v2\/product_brand?post=62434"},{"taxonomy":"product_cat","embeddable":true,"href":"https:\/\/vevorshop.lv\/lv\/wp-json\/wp\/v2\/product_cat?post=62434"},{"taxonomy":"product_tag","embeddable":true,"href":"https:\/\/vevorshop.lv\/lv\/wp-json\/wp\/v2\/product_tag?post=62434"}],"curies":[{"name":"wp","href":"https:\/\/api.w.org\/{rel}","templated":true}]}}