{"id":11748,"date":"2024-11-18T00:00:59","date_gmt":"2024-11-18T00:00:59","guid":{"rendered":"http:\/\/vevorshop.edigo.lv\/Prece\/vevor-thermal-label-printer-203dpi-60pcs-min-for-4x6-mailing-packages-usb-connection-automatic-label-recognition-support-windows-macos-linux-compatible-with-amazon-ebay-etsy-upsetc-gray\/"},"modified":"2026-04-05T22:05:47","modified_gmt":"2026-04-05T19:05:47","slug":"vevor-thermal-label-printer-203dpi-60pcs-min-for-4x6-mailing-packages-usb-connection-automatic-label-recognition-support-windows-macos-linux-compatible-with-amazon-ebay-etsy-upsetc-gray","status":"publish","type":"product","link":"https:\/\/vevorshop.lv\/ru\/Prece\/vevor-thermal-label-printer-203dpi-60pcs-min-for-4x6-mailing-packages-usb-connection-automatic-label-recognition-support-windows-macos-linux-compatible-with-amazon-ebay-etsy-upsetc-gray\/","title":{"rendered":"VEVOR Thermal Label Printer 203DPI, 150mm\/s, 4&#215;6 Labels, USB, Auto Label Detection, Windows\/Mac\/Linux, for Amazon\/eBay\/UPS"},"content":{"rendered":"<div style=\"color: #fff!important; font-size: 16px; height: 24px; line-height: 24px; margin-top: -24px; \" class=\"product_original_name\">VEVOR Thermal Label Printer, 203DPI 60pcs\/min for 4x6 Mailing Packages, USB Connection & Automatic Label Recognition, Support Windows\/MacOS\/Linux, Compatible with Amazon, eBay, Etsy, UPS,etc, Gray<\/div>\n<div style=\"color: #fff!important; font-size: 16px; height: 24px; line-height: 24px; margin-top: -24px; \" class=\"product_sku\">M4I4KB5Y<\/div>\n<div style=\"color: #fff!important; font-size: 16px; height: 24px; line-height: 24px; margin-top: -24px; \" class=\"product_mpn\">YSBQDYJFTSYCOUCA5V2<\/div><div id=\"js-DM_at-goodDescRich\"><html><head><style>  @media screen and (max-width: 970px) {    .pcBanner {      display: none;    }    .mBanner {      display: block;    }  }  @media screen and (min-width: 970px) {    .pcBanner {      display: block;    }    .mBanner {      display: none;    }  }<\/style><\/head><body><div class=\"container\" style=\"font-size: 16px; font-family: Arial; line-height: 1.5; margin: 0 auto !important; color: #1c1c1c; padding: 10px\"><div class=\"pcBanner\"><div><img decoding=\"async\" src=\"\/vevor\/vevor\/boutique-banner\/pc\/en-pc@1x.jpg\" style=\"width: 100%;\" \/><\/div><\/div><div class=\"mBanner\"><div><img decoding=\"async\" src=\"\/vevor\/vevor\/boutique-banner\/mobile\/en-m@1x.jpg\" style=\"width: 100%;\" \/><\/div><\/div><div style=\"width: 100%\"><img decoding=\"async\" src=\"\/vevor\/product\/YSBQDYJFTSYCOUCA5\/thermal-label-printer-a100-1.4.jpg\" style=\"width: 100%\" \/><\/div><div style=\"margin-top: 24px; font-size: 16px; font-weight: 700\"><div>\u0422\u0435\u0440\u043c\u043e\u043f\u0440\u0438\u043d\u0442\u0435\u0440 \u0434\u043b\u044f \u043f\u0435\u0447\u0430\u0442\u0438 \u044d\u0442\u0438\u043a\u0435\u0442\u043e\u043a<\/div><div><div style=\"font-size: 14px; font-weight: 400; margin: 8px 0; font-style: italic\">\u0410\u0432\u0442\u043e\u043c\u0430\u0442\u0438\u0447\u0435\u0441\u043a\u043e\u0435 \u041e\u043f\u0440\u0435\u0434\u0435\u043b\u0435\u043d\u0438\u0435 \u044d\u0442\u0438\u043a\u0435\u0442\u043a\u0438, \u0448\u0438\u0440\u0438\u043d\u0430 \u044d\u0442\u0438\u043a\u0435\u0442\u043a\u0438 4,25 \u0434\u044e\u0439\u043c\u0430 \u0438 \u0434\u0438\u0437\u0430\u0439\u043d \u0440\u0430\u0431\u043e\u0447\u0435\u0433\u043e \u0441\u0442\u043e\u043b\u0430<\/div><\/div><div style=\"font-size: 14px; font-weight: 400\">\u041d\u0430\u0448 \u043f\u0440\u0438\u043d\u0442\u0435\u0440 \u044d\u0442\u0438\u043a\u0435\u0442\u043e\u043a \u0432\u043e\u043f\u043b\u043e\u0449\u0430\u0435\u0442 \u0432 \u0436\u0438\u0437\u043d\u044c \u043d\u043e\u0432\u0435\u0439\u0448\u0443\u044e \u0442\u0435\u0445\u043d\u043e\u043b\u043e\u0433\u0438\u044e \u0442\u0435\u0440\u043c\u043e\u043f\u0435\u0447\u0430\u0442\u0438, \u043a\u043e\u0442\u043e\u0440\u0430\u044f \u043d\u0435 \u0442\u0440\u0435\u0431\u0443\u0435\u0442 \u0447\u0435\u0440\u043d\u0438\u043b \u0438 \u0442\u043e\u043d\u0435\u0440\u0430, \u044d\u043a\u043e\u043d\u043e\u043c\u044f \u0432\u0430\u0448\u0438 \u0434\u0435\u043d\u044c\u0433\u0438 \u0438 \u0432\u0440\u0435\u043c\u044f. \u041f\u0440\u0438 \u0445\u0430\u0440\u0430\u043a\u0442\u0435\u0440\u0438\u0441\u0442\u0438\u043a\u0430\u0445 \u0432\u044b\u0441\u043e\u043a\u043e\u0441\u043a\u043e\u0440\u043e\u0441\u0442\u043d\u043e\u0439 \u043f\u0435\u0447\u0430\u0442\u0438 203 \u0442\u043e\u0447\u0435\u043a \u043d\u0430 \u0434\u044e\u0439\u043c \u0438 150 \u043c\u043c \/ \u0441 \u043d\u0430\u0448 \u0442\u0435\u0440\u043c\u043e\u043f\u0440\u0438\u043d\u0442\u0435\u0440 \u043f\u0440\u043e\u0438\u0437\u0432\u043e\u0434\u0438\u0442 3600 \u0448\u0442\u0443\u043a \u044d\u0442\u0438\u043a\u0435\u0442\u043e\u043a \u0432 \u0447\u0430\u0441 \u0447\u0435\u0440\u0435\u0437 USB. \u041a\u0440\u043e\u043c\u0435 \u0442\u043e\u0433\u043e, \u043e\u043d \u0441\u043e\u0432\u043c\u0435\u0441\u0442\u0438\u043c \u0441\u043e \u0432\u0441\u0435\u043c\u0438 \u043e\u0441\u043d\u043e\u0432\u043d\u044b\u043c\u0438 \u0442\u043e\u0440\u0433\u043e\u0432\u044b\u043c\u0438 \u043f\u043b\u0430\u0442\u0444\u043e\u0440\u043c\u0430\u043c\u0438 \u0438 \u043f\u043e\u0434\u0434\u0435\u0440\u0436\u0438\u0432\u0430\u0435\u0442 Windows, Mac OS, Linux \u0438 Chromebook. \u0422\u0430\u043a\u0438\u043c \u043e\u0431\u0440\u0430\u0437\u043e\u043c, \u043f\u0440\u0438\u043d\u0442\u0435\u0440 VEVOR \u0448\u0438\u0440\u043e\u043a\u043e \u0438\u0441\u043f\u043e\u043b\u044c\u0437\u0443\u0435\u0442\u0441\u044f \u0432 \u043e\u0444\u0438\u0441\u0430\u0445, \u0434\u043e\u043c\u0430\u0445, \u044d\u043a\u0441\u043f\u0440\u0435\u0441\u0441-\u0441\u0435\u0440\u0432\u0438\u0441\u0430\u0445, \u0441\u0443\u043f\u0435\u0440\u043c\u0430\u0440\u043a\u0435\u0442\u0430\u0445 \u0438 \u0442.\u0434. \u041f\u0435\u0447\u0430\u0442\u0430\u0439\u0442\u0435, \u043f\u0435\u0447\u0430\u0442\u0430\u0439\u0442\u0435, \u043f\u0435\u0447\u0430\u0442\u0430\u0439\u0442\u0435 \u0438 \u043f\u043e\u0441\u043c\u043e\u0442\u0440\u0438\u0442\u0435, \u0447\u0442\u043e \u0432\u044b \u0443\u043f\u0443\u0441\u0442\u0438\u043b\u0438.<\/div><ul style=\"margin: 0; padding: 0; list-style-position: inside; font-size: 14px; font-weight: 400; margin-top: 16px; list-style: inside\"><li><span>\u0427\u0435\u0442\u043a\u0430\u044f \u0438 \u0421\u0442\u0430\u0431\u0438\u043b\u044c\u043d\u0430\u044f \u041f\u0435\u0447\u0430\u0442\u044c \u0441 \u0440\u0430\u0437\u0440\u0435\u0448\u0435\u043d\u0438\u0435\u043c 203 \u0442\u043e\u0447\u0435\u043a \u043d\u0430 \u0434\u044e\u0439\u043c<\/span><\/li><li><span>\u0412\u044b\u0441\u043e\u043a\u0430\u044f \u0421\u043e\u0432\u043c\u0435\u0441\u0442\u0438\u043c\u043e\u0441\u0442\u044c \u0441 \u0441\u0438\u0441\u0442\u0435\u043c\u043e\u0439<\/span><\/li><li><span>\u0432\u044b\u0441\u043e\u043a\u043e\u0441\u043a\u043e\u0440\u043e\u0441\u0442\u043d\u0430\u044f \u043f\u0435\u0447\u0430\u0442\u044c 150 \u043c\u043c\/\u0441<\/span><\/li><li><span>\u041f\u043e\u0434\u0434\u0435\u0440\u0436\u043a\u0430 \u0440\u0430\u0437\u043b\u0438\u0447\u043d\u044b\u0445 \u043f\u043b\u0430\u0442\u0444\u043e\u0440\u043c<\/span><\/li><li><span>\u0410\u0432\u0442\u043e\u043c\u0430\u0442\u0438\u0447\u0435\u0441\u043a\u0430\u044f \u0418\u0434\u0435\u043d\u0442\u0438\u0444\u0438\u043a\u0430\u0446\u0438\u044f \u042d\u0442\u0438\u043a\u0435\u0442\u043a\u0438<\/span><\/li><\/ul><\/div><div style=\"font-weight: 700\"><div style=\"font-family: Roboto; margin: 24px 0 10px 0\">\u041a\u043b\u044e\u0447\u0435\u0432\u044b\u0435 \u043e\u0441\u043e\u0431\u0435\u043d\u043d\u043e\u0441\u0442\u0438<\/div><div class=\"itemsContainer\" id=\"flexContainer\" style=\"display: grid; grid-template-columns: repeat(auto-fit, minmax(260px, 1fr))\"><div style=\"flex: 4; display: flex; flex-direction: column; padding: 10px\"><img decoding=\"async\" src=\"\/vevor\/product\/YSBQDYJFTSYCOUCA5\/thermal-label-printer-m100-2.jpg\" style=\"width: 100%\" \/><p style=\"font-weight: 700; margin-top: 20px; font-size: 17px\">\u0421\u043e\u0432\u0440\u0435\u043c\u0435\u043d\u043d\u0430\u044f \u043f\u0435\u0447\u0430\u0442\u0430\u044e\u0449\u0430\u044f \u0433\u043e\u043b\u043e\u0432\u043a\u0430 ROHM<\/p><p style=\"font-size: 14px; font-weight: 400; word-break: break-all; margin-top: 10px\">\u0412 \u0442\u0435\u0440\u043c\u043e\u043f\u0440\u0438\u043d\u0442\u0435\u0440\u0435 \u044d\u0442\u0438\u043a\u0435\u0442\u043e\u043a \u0443\u0441\u0442\u0430\u043d\u043e\u0432\u043b\u0435\u043d\u0430 \u043c\u043e\u0434\u0435\u0440\u043d\u0438\u0437\u0438\u0440\u043e\u0432\u0430\u043d\u043d\u0430\u044f \u043f\u0435\u0447\u0430\u0442\u0430\u044e\u0449\u0430\u044f \u0433\u043e\u043b\u043e\u0432\u043a\u0430 ROHM, \u043e\u0431\u0435\u0441\u043f\u0435\u0447\u0438\u0432\u0430\u044e\u0449\u0430\u044f \u043e\u0442\u0441\u0443\u0442\u0441\u0442\u0432\u0438\u0435 \u0431\u0435\u043b\u044b\u0445 \u0442\u043e\u0447\u0435\u043a, \u043f\u0440\u043e\u0431\u0435\u043b\u043e\u0432 \u0438 \u0431\u0435\u0441\u043f\u0435\u0440\u0435\u0431\u043e\u0439\u043d\u043e\u0435 \u0432\u044b\u043f\u043e\u043b\u043d\u0435\u043d\u0438\u0435 \u0432\u0441\u0435\u0433\u043e \u043f\u0440\u043e\u0446\u0435\u0441\u0441\u0430 \u043f\u0435\u0447\u0430\u0442\u0438.<\/p><\/div><div style=\"flex: 4; display: flex; flex-direction: column; padding: 10px\"><img decoding=\"async\" src=\"\/vevor\/product\/YSBQDYJFTSYCOUCA5\/thermal-label-printer-m100-3.jpg\" style=\"width: 100%\" \/><p style=\"font-weight: 700; margin-top: 20px; font-size: 17px\">1 \u0421\u0435\u043a\u0443\u043d\u0434\u0430, 1 \u041c\u0435\u0442\u043a\u0430<\/p><p style=\"font-size: 14px; font-weight: 400; word-break: break-all; margin-top: 10px\">\u0421\u043a\u043e\u0440\u043e\u0441\u0442\u044c \u043f\u0435\u0447\u0430\u0442\u0438: 150 \u043c\u043c \/ \u0441 (6ips). \u042d\u0442\u043e\u0442 \u0442\u0435\u0440\u043c\u043e\u043f\u0440\u0438\u043d\u0442\u0435\u0440 \u0441\u043e\u043a\u0440\u0430\u0449\u0430\u0435\u0442 \u0432\u0440\u0435\u043c\u044f \u043f\u0435\u0447\u0430\u0442\u0438 \u0438 \u043f\u043e\u0432\u044b\u0448\u0430\u0435\u0442 \u044d\u0444\u0444\u0435\u043a\u0442\u0438\u0432\u043d\u043e\u0441\u0442\u044c \u0440\u0430\u0431\u043e\u0442\u044b. \u041f\u043e\u0434\u0434\u0435\u0440\u0436\u0438\u0432\u0430\u0435\u0442 \u0448\u0438\u0440\u0438\u043d\u0443 \u044d\u0442\u0438\u043a\u0435\u0442\u043e\u043a: 1.57&#034; - 4.25&#034;\/40 - 108 \u043c\u043c.<\/p><\/div><div style=\"flex: 4; display: flex; flex-direction: column; padding: 10px\"><img decoding=\"async\" src=\"\/vevor\/product\/YSBQDYJFTSYCOUCA5\/thermal-label-printer-m100-4.jpg\" style=\"width: 100%\" \/><p style=\"font-weight: 700; margin-top: 20px; font-size: 17px\">\u0412\u044b\u0441\u043e\u043a\u043e\u0435 \u0440\u0430\u0437\u0440\u0435\u0448\u0435\u043d\u0438\u0435 203 \u0442\u043e\u0447\u0435\u043a \u043d\u0430 \u0434\u044e\u0439\u043c<\/p><p style=\"font-size: 14px; font-weight: 400; word-break: break-all; margin-top: 10px\">\u0412\u044b\u0441\u043e\u043a\u043e\u0435 \u0440\u0430\u0437\u0440\u0435\u0448\u0435\u043d\u0438\u0435 203 \u0442\u043e\u0447\u0435\u043a \u043d\u0430 \u0434\u044e\u0439\u043c \u0433\u0430\u0440\u0430\u043d\u0442\u0438\u0440\u0443\u0435\u0442, \u0447\u0442\u043e \u0441\u043e\u0434\u0435\u0440\u0436\u0438\u043c\u043e\u0435 \u043a\u0430\u0436\u0434\u043e\u0439 \u043c\u0435\u0442\u043a\u0438 \u0432\u0438\u0434\u043d\u043e \u0438 \u0435\u0435 \u043b\u0435\u0433\u043a\u043e \u0441\u043a\u0430\u043d\u0438\u0440\u043e\u0432\u0430\u0442\u044c \u0438 \u0447\u0438\u0442\u0430\u0442\u044c. \u041f\u043e\u0434\u0445\u043e\u0434\u0438\u0442 \u0434\u043b\u044f \u043e\u0444\u0438\u0441\u043e\u0432, \u044d\u043a\u0441\u043f\u0440\u0435\u0441\u0441-\u0441\u043b\u0443\u0436\u0431, \u043c\u0430\u0433\u0430\u0437\u0438\u043d\u043e\u0432, \u0441\u043a\u043b\u0430\u0434\u043e\u0432 \u0438 \u0434\u0440\u0443\u0433\u0438\u0445 \u043c\u0435\u0441\u0442.<\/p><\/div><\/div><\/div><div style=\"margin: 20px 0\"><img decoding=\"async\" src=\"\/vevor\/product\/YSBQDYJFTSYCOUCA5\/thermal-label-printer-a100-1.10.jpg\" style=\"width: 100%\" id=\"featureImg1\" \/><\/div><div><\/div><div style=\"margin-top: 30px; margin-bottom: 33px\"><img decoding=\"async\" src=\"\/vevor\/product\/YSBQDYJFTSYCOUCA5\/thermal-label-printer-a100-1.11.jpg\" style=\"width: 100%\" id=\"featureImg2\" \/><\/div><\/div><\/body><\/html><\/div>\n<div class=\"DM_at-title\" id=\"js-DM_at-title\"> <div>\u0421\u043f\u0435\u0446\u0438\u0444\u0438\u043a\u0430\u0446\u0438\u044f \u043f\u0440\u043e\u0434\u0443\u043a\u0442\u0430<\/div> <i class=\"icon-arrowup_line\"><\/i> <\/div><div class=\"DM_at-goodsDescAttr\" id=\"js-DM_at-goodsDescAttr\"> <div class=\"DM_at-goodsDescAttrInner\"> <dl class=\"goodsDesc_item goodsDesc_item_even\"> <dt>\u041d\u043e\u043c\u0435\u0440 \u043c\u043e\u0434\u0435\u043b\u0438 \u0438\u0437\u0434\u0435\u043b\u0438\u044f<\/dt> <dd> Y486<\/dd> <\/dl> <dl class=\"goodsDesc_item\"> <dt>\u0420\u0430\u0437\u0440\u0435\u0448\u0435\u043d\u0438\u0435<\/dt> <dd> 203 \u0442\u043e\u0447\u0435\u043a \/ \u0434\u044e\u0439\u043c<\/dd> <\/dl> <dl class=\"goodsDesc_item goodsDesc_item_even\"> <dt>\u041f\u043e\u0434\u043a\u043b\u044e\u0447\u0435\u043d\u0438\u0435<\/dt> <dd> USB<\/dd> <\/dl> <dl class=\"goodsDesc_item\"> <dt>\u0420\u0430\u0437\u043c\u0435\u0440 \u044d\u0442\u0438\u043a\u0435\u0442\u043a\u0438<\/dt> <dd> 1,57&#034;-4,25&#034; \/ 40-108 \u043c\u043c<\/dd> <\/dl> <dl class=\"goodsDesc_item goodsDesc_item_even\"> <dt>\u0421\u043a\u043e\u0440\u043e\u0441\u0442\u044c \u043f\u0435\u0447\u0430\u0442\u0438<\/dt> <dd> 150 \u043c\u043c \/ \u0441 \/ 6 ips<\/dd> <\/dl> <dl class=\"goodsDesc_item\"> <dt>\u0422\u0438\u043f \u0431\u0443\u043c\u0430\u0433\u0438 \u0434\u043b\u044f \u044d\u0442\u0438\u043a\u0435\u0442\u043e\u043a<\/dt> <dd> \u041f\u0440\u044f\u043c\u043e\u0435 \u0422\u0435\u043f\u043b\u043e\u0432\u043e\u0435 \u0432\u043e\u0437\u0434\u0435\u0439\u0441\u0442\u0432\u0438\u0435<\/dd> <\/dl> <dl class=\"goodsDesc_item goodsDesc_item_even\"> <dt>\u0412\u0441\u043f\u043e\u043c\u043e\u0433\u0430\u0442\u0435\u043b\u044c\u043d\u044b\u0435 \u0423\u0441\u0442\u0440\u043e\u0439\u0441\u0442\u0432\u0430<\/dt> <dd> \u041a\u043e\u043c\u043f\u044c\u044e\u0442\u0435\u0440\u044b, \u041d\u043e\u0443\u0442\u0431\u0443\u043a\u0438<\/dd> <\/dl> <dl class=\"goodsDesc_item\"> <dt>\u0421\u043e\u0432\u043c\u0435\u0441\u0442\u0438\u043c\u044b\u0435 \u0441\u0438\u0441\u0442\u0435\u043c\u044b<\/dt> <dd> Windows, Mac OS, Linux, Chromebook<\/dd> <\/dl> <dl class=\"goodsDesc_item goodsDesc_item_even\"> <dt>\u0420\u0430\u0437\u043c\u0435\u0440 \u0438\u0437\u0434\u0435\u043b\u0438\u044f (\u0414 x \u0428 x \u0412)<\/dt> <dd> 7,9 x 3,1 x 3,3 \u0434\u044e\u0439\u043c\u0430 \/ 200 x 79 x 83 \u043c\u043c<\/dd> <\/dl> <dl class=\"goodsDesc_item\"> <dt>\u041c\u0430\u0441\u0441\u0430 \u043d\u0435\u0442\u0442\u043e<\/dt> <dd> 2,75 \u0444\u0443\u043d\u0442\u0430 \/ 1,25 \u043a\u0433<\/dd> <\/dl> <\/div> <\/div>","protected":false},"excerpt":{"rendered":"<ul>\n<li> 203DPI Clear &#038; Stable Printing: No ink, no toner. Our thermal label printer adopts the latest thermal technology to provide an excellent printing experience and save you money. It comes with 203dpi high resolution, making it easy to identify small prints or labels with bar codes. There are zero white dots, and printing will always remain steady because of the high-tech ROHM thermal print head. <\/li>\n<li> \u0412\u044b\u0441\u043e\u043a\u0430\u044f \u0441\u043e\u0432\u043c\u0435\u0441\u0442\u0438\u043c\u043e\u0441\u0442\u044c \u0441 \u0441\u0438\u0441\u0442\u0435\u043c\u0430\u043c\u0438: \u0431\u0443\u0434\u044c\u0442\u0435 \u0433\u043e\u0442\u043e\u0432\u044b \u043f\u043e\u0434\u043a\u043b\u044e\u0447\u0430\u0442\u044c\u0441\u044f \u043a\u043e \u0432\u0441\u0435\u043c \u0432\u0430\u0448\u0438\u043c \u043b\u044e\u0431\u0438\u043c\u044b\u043c \u0441\u0438\u0441\u0442\u0435\u043c\u0430\u043c. \u042d\u0442\u043e\u0442 \u043f\u0440\u0438\u043d\u0442\u0435\u0440 \u044d\u0442\u0438\u043a\u0435\u0442\u043e\u043a \u0445\u043e\u0440\u043e\u0448\u043e \u0440\u0430\u0431\u043e\u0442\u0430\u0435\u0442 \u0441 \u043d\u0435\u0441\u043a\u043e\u043b\u044c\u043a\u0438\u043c\u0438 \u0441\u0438\u0441\u0442\u0435\u043c\u0430\u043c\u0438, \u0442\u0430\u043a\u0438\u043c\u0438 \u043a\u0430\u043a Windows, Mac OS, Linux \u0438 Chromebook. \u041f\u0440\u043e\u0441\u0442\u0430\u044f \u043f\u0435\u0447\u0430\u0442\u044c \u0447\u0435\u0440\u0435\u0437 USB, \u043f\u0440\u043e\u0441\u0442\u0430 \u0432 \u0438\u0441\u043f\u043e\u043b\u044c\u0437\u043e\u0432\u0430\u043d\u0438\u0438 \u043d\u0430 \u043a\u043e\u043c\u043f\u044c\u044e\u0442\u0435\u0440\u0430\u0445 \u0438\u043b\u0438 \u043d\u043e\u0443\u0442\u0431\u0443\u043a\u0430\u0445 \u0432 \u043e\u0444\u0438\u0441\u0435. \u041d\u0430 \u043d\u0430\u0441\u0442\u0440\u043e\u0439\u043a\u0443 \u0443\u0445\u043e\u0434\u0438\u0442 \u043e\u0434\u043d\u0430 \u043c\u0438\u043d\u0443\u0442\u0430, \u0447\u0442\u043e \u044d\u043a\u043e\u043d\u043e\u043c\u0438\u0442 \u0432\u0440\u0435\u043c\u044f \u0438 \u044d\u043d\u0435\u0440\u0433\u0438\u044e. \u041f\u0435\u0440\u0435\u0434 \u043f\u0435\u0447\u0430\u0442\u044c\u044e \u0437\u0430\u0433\u0440\u0443\u0437\u0438\u0442\u0435 \u0434\u0440\u0430\u0439\u0432\u0435\u0440 \u0432 \u0441\u043e\u043e\u0442\u0432\u0435\u0442\u0441\u0442\u0432\u0438\u0438 \u0441 \u0438\u043d\u0441\u0442\u0440\u0443\u043a\u0446\u0438\u044f\u043c\u0438. <\/li>\n<li> \u0432\u044b\u0441\u043e\u043a\u043e\u0441\u043a\u043e\u0440\u043e\u0441\u0442\u043d\u0430\u044f \u043f\u0435\u0447\u0430\u0442\u044c 150 \u043c\u043c \/ \u0441: \u0411\u043b\u0430\u0433\u043e\u0434\u0430\u0440\u044f \u0442\u0435\u0445\u043d\u043e\u043b\u043e\u0433\u0438\u0438 \u0432\u044b\u0441\u043e\u043a\u043e\u0441\u043a\u043e\u0440\u043e\u0441\u0442\u043d\u043e\u0439 \u043f\u0435\u0447\u0430\u0442\u0438 150 \u043c\u043c \/ \u0441 (6ips) \u043d\u0430\u0448 \u043f\u0440\u0438\u043d\u0442\u0435\u0440 \u043f\u043e\u0447\u0442\u043e\u0432\u044b\u0445 \u044d\u0442\u0438\u043a\u0435\u0442\u043e\u043a \u043c\u043e\u0436\u0435\u0442 \u043f\u0435\u0447\u0430\u0442\u0430\u0442\u044c 3600 \u043b\u0438\u0441\u0442\u043e\u0432 \u044d\u0442\u0438\u043a\u0435\u0442\u043e\u043a \u0440\u0430\u0437\u043c\u0435\u0440\u043e\u043c 4 \u00d7 6 \u0432 \u0447\u0430\u0441, \u0447\u0442\u043e \u0437\u043d\u0430\u0447\u0438\u0442\u0435\u043b\u044c\u043d\u043e \u043f\u043e\u0432\u044b\u0448\u0430\u0435\u0442 \u044d\u0444\u0444\u0435\u043a\u0442\u0438\u0432\u043d\u043e\u0441\u0442\u044c \u0432\u0430\u0448\u0435\u0439 \u0440\u0430\u0431\u043e\u0442\u044b. \u041f\u043e\u0434\u0445\u043e\u0434\u044f\u0449\u0430\u044f \u0448\u0438\u0440\u0438\u043d\u0430 \u044d\u0442\u0438\u043a\u0435\u0442\u043a\u0438: 1.57&#034; \u2013 4.25&#034;\/40 \u2013 108 \u043c\u043c. \u041d\u0435 \u0442\u043e\u043b\u044c\u043a\u043e \u0434\u043b\u044f \u044d\u0442\u0438\u043a\u0435\u0442\u043e\u043a \u0434\u043b\u044f \u0434\u043e\u0441\u0442\u0430\u0432\u043a\u0438, \u043d\u043e \u0438 \u0434\u043b\u044f \u0448\u0442\u0440\u0438\u0445-\u043a\u043e\u0434\u043e\u0432, \u0438\u0434\u0435\u043d\u0442\u0438\u0444\u0438\u043a\u0430\u0446\u0438\u043e\u043d\u043d\u044b\u0445 \u0437\u043d\u0430\u0447\u043a\u043e\u0432, \u0441\u0430\u043c\u043e\u0434\u0435\u043b\u044c\u043d\u044b\u0445 \u044d\u0442\u0438\u043a\u0435\u0442\u043e\u043a, \u044d\u0442\u0438\u043a\u0435\u0442\u043e\u043a FBA, \u0430\u0434\u0440\u0435\u0441\u043d\u044b\u0445 \u044d\u0442\u0438\u043a\u0435\u0442\u043e\u043a, \u043d\u0430\u043f\u043e\u043c\u0438\u043d\u0430\u043d\u0438\u0439 \u0438 \u0442.\u0434. \u041f\u0435\u0447\u0430\u0442\u0430\u0439\u0442\u0435 \u044d\u0442\u0438\u043a\u0435\u0442\u043a\u0438 \u043f\u0440\u0430\u0432\u0438\u043b\u044c\u043d\u043e. \u041a\u0430\u0447\u0435\u0441\u0442\u0432\u043e \u043f\u0440\u0438\u0445\u043e\u0434\u0438\u0442 \u0441\u043e \u0441\u043a\u043e\u0440\u043e\u0441\u0442\u044c\u044e. <\/li>\n<li> \u041f\u043e\u0434\u0434\u0435\u0440\u0436\u043a\u0430 \u0440\u0430\u0437\u043b\u0438\u0447\u043d\u044b\u0445 \u043f\u043b\u0430\u0442\u0444\u043e\u0440\u043c: \u041f\u0440\u0438\u043d\u0442\u0435\u0440 \u043f\u043e\u0447\u0442\u043e\u0432\u044b\u0445 \u044d\u0442\u0438\u043a\u0435\u0442\u043e\u043a VEVOR \u0440\u0430\u0437\u0440\u0430\u0431\u043e\u0442\u0430\u043d \u0434\u043b\u044f \u043f\u043e\u0432\u044b\u0448\u0435\u043d\u0438\u044f \u044d\u0444\u0444\u0435\u043a\u0442\u0438\u0432\u043d\u043e\u0441\u0442\u0438 \u0432\u0430\u0448\u0435\u0439 \u0440\u0430\u0431\u043e\u0442\u044b \u0438 \u043f\u043e\u0432\u044b\u0448\u0435\u043d\u0438\u044f \u0443\u0434\u043e\u0431\u0441\u0442\u0432\u0430 \u0432\u0435\u0434\u0435\u043d\u0438\u044f \u0431\u0438\u0437\u043d\u0435\u0441\u0430. \u041e\u043d \u043c\u043e\u0436\u0435\u0442 \u0443\u0434\u043e\u0432\u043b\u0435\u0442\u0432\u043e\u0440\u0438\u0442\u044c \u043f\u043e\u0442\u0440\u0435\u0431\u043d\u043e\u0441\u0442\u0438 \u0440\u0430\u0437\u043b\u0438\u0447\u043d\u044b\u0445 \u043f\u043b\u0430\u0442\u0444\u043e\u0440\u043c \u044d\u043b\u0435\u043a\u0442\u0440\u043e\u043d\u043d\u043e\u0439 \u043a\u043e\u043c\u043c\u0435\u0440\u0446\u0438\u0438 \u0438 \u0442\u0440\u0430\u043d\u0441\u043f\u043e\u0440\u0442\u0438\u0440\u043e\u0432\u043a\u0438, \u0432\u043a\u043b\u044e\u0447\u0430\u044f Amazon, eBay, Shopify, PayPal, Etsy, UPS, XPSship, Shippo, ShippingEasy, WorldShip, OrderCup, FedEx \u0438 \u0442.\u0434. \u041e\u0431\u0435\u0441\u043f\u0435\u0447\u044c\u0442\u0435 \u044d\u0444\u0444\u0435\u043a\u0442\u0438\u0432\u043d\u0443\u044e \u0440\u0430\u0431\u043e\u0442\u0443 \u0432\u0430\u0448\u0435\u0433\u043e \u0431\u0438\u0437\u043d\u0435\u0441\u0430 \u0443\u0436\u0435 \u0441\u0435\u0433\u043e\u0434\u043d\u044f! <\/li>\n<li> \u0410\u0432\u0442\u043e\u043c\u0430\u0442\u0438\u0447\u0435\u0441\u043a\u0430\u044f \u0438\u0434\u0435\u043d\u0442\u0438\u0444\u0438\u043a\u0430\u0446\u0438\u044f \u044d\u0442\u0438\u043a\u0435\u0442\u043e\u043a: \u042d\u0442\u043e\u0442 \u043d\u0430\u0441\u0442\u043e\u043b\u044c\u043d\u044b\u0439 \u043f\u0440\u0438\u043d\u0442\u0435\u0440 \u044d\u0442\u0438\u043a\u0435\u0442\u043e\u043a \u043c\u043e\u0436\u0435\u0442 \u0430\u0432\u0442\u043e\u043c\u0430\u0442\u0438\u0447\u0435\u0441\u043a\u0438 \u0437\u0430\u0445\u0432\u0430\u0442\u044b\u0432\u0430\u0442\u044c \u044d\u0442\u0438\u043a\u0435\u0442\u043a\u0438 \u0438 \u043f\u043e\u0434\u0430\u0432\u0430\u0442\u044c \u0438\u0445 \u0432 \u043f\u0440\u0438\u043d\u0442\u0435\u0440. \u041f\u0440\u043e\u0441\u0442\u043e \u0437\u0430\u043a\u0440\u043e\u0439\u0442\u0435 \u043a\u0440\u044b\u0448\u043a\u0443 \u0438 \u0432\u0441\u0442\u0430\u0432\u044c\u0442\u0435 \u0431\u0443\u043c\u0430\u0433\u0443 \u0441 \u043e\u0431\u0440\u0430\u0442\u043d\u043e\u0439 \u0441\u0442\u043e\u0440\u043e\u043d\u044b \u043f\u0440\u0438\u043d\u0442\u0435\u0440\u0430, \u0437\u0430\u0442\u0435\u043c \u043d\u0430\u0431\u043b\u044e\u0434\u0430\u0439\u0442\u0435, \u043a\u0430\u043a \u0443\u0441\u0442\u0440\u043e\u0439\u0441\u0442\u0432\u043e \u043b\u0435\u0433\u043a\u043e \u0438\u0434\u0435\u043d\u0442\u0438\u0444\u0438\u0446\u0438\u0440\u0443\u0435\u0442 \u044d\u0442\u0438\u043a\u0435\u0442\u043a\u0438. \u041a\u0440\u043e\u043c\u0435 \u0442\u043e\u0433\u043e, \u043e\u043d \u0442\u0430\u043a\u0436\u0435 \u043e\u0441\u043d\u0430\u0449\u0435\u043d \u0444\u0443\u043d\u043a\u0446\u0438\u0435\u0439 \u0430\u0432\u0442\u043e\u043c\u0430\u0442\u0438\u0447\u0435\u0441\u043a\u043e\u0433\u043e \u0432\u043e\u0437\u0432\u0440\u0430\u0442\u0430 \u0431\u0443\u043c\u0430\u0433\u0438, \u043a\u043e\u0442\u043e\u0440\u0430\u044f \u043f\u043e\u0437\u0432\u043e\u043b\u044f\u0435\u0442 \u0432\u043e\u0437\u0432\u0440\u0430\u0449\u0430\u0442\u044c \u043d\u0435\u043f\u043e\u0434\u0445\u043e\u0434\u044f\u0449\u0438\u0435 \u044d\u0442\u0438\u043a\u0435\u0442\u043a\u0438 \u0438 \u043d\u0435 \u0442\u0440\u0430\u0442\u0438\u0442\u044c \u0438\u0445 \u0432\u043f\u0443\u0441\u0442\u0443\u044e. \u041d\u0430\u0447\u043d\u0438\u0442\u0435 \u044d\u043a\u043e\u043d\u043e\u043c\u0438\u0442\u044c \u0438 \u0443\u043b\u0443\u0447\u0448\u0430\u0442\u044c \u043a\u0430\u0447\u0435\u0441\u0442\u0432\u043e \u0441 VEVOR. <\/li>\n<\/ul>","protected":false},"featured_media":260848,"comment_status":"closed","ping_status":"open","template":"","meta":{"om_disable_all_campaigns":false,"_monsterinsights_skip_tracking":false,"_monsterinsights_sitenote_active":false,"_monsterinsights_sitenote_note":"","_monsterinsights_sitenote_category":0,"_uf_show_specific_survey":0,"_uf_disable_surveys":false},"location":[1935,1934],"product_brand":[21],"product_cat":[2911,3214,2910,2507,2506],"product_tag":[],"class_list":{"0":"post-11748","1":"product","2":"type-product","3":"status-publish","4":"has-post-thumbnail","6":"location-supplier_stock_location","7":"location-local_stock_location","8":"product_brand-vevor","9":"product_cat-label-makers","10":"product_cat-label-printer-label-makers","11":"product_cat-labeling","12":"product_cat-office-supplies-storage-organization-2","13":"product_cat-storage-organization-2","15":"first","16":"instock","17":"taxable","18":"shipping-taxable","19":"purchasable","20":"product-type-simple"},"aioseo_notices":[],"jetpack_sharing_enabled":true,"locations":[{"id":1935,"name":"Pieg\u0101d\u0101t\u0101ja noliktav\u0101 (5-7d.d.)","slug":"supplier_stock_location","quantity":"70"},{"id":1934,"name":"R\u012bgas veikal\u0101 (0-2d.d.)","slug":"local_stock_location","quantity":"0"}],"_links":{"self":[{"href":"https:\/\/vevorshop.lv\/ru\/wp-json\/wp\/v2\/product\/11748","targetHints":{"allow":["GET"]}}],"collection":[{"href":"https:\/\/vevorshop.lv\/ru\/wp-json\/wp\/v2\/product"}],"about":[{"href":"https:\/\/vevorshop.lv\/ru\/wp-json\/wp\/v2\/types\/product"}],"replies":[{"embeddable":true,"href":"https:\/\/vevorshop.lv\/ru\/wp-json\/wp\/v2\/comments?post=11748"}],"wp:featuredmedia":[{"embeddable":true,"href":"https:\/\/vevorshop.lv\/ru\/wp-json\/wp\/v2\/media\/260848"}],"wp:attachment":[{"href":"https:\/\/vevorshop.lv\/ru\/wp-json\/wp\/v2\/media?parent=11748"}],"wp:term":[{"taxonomy":"location","embeddable":true,"href":"https:\/\/vevorshop.lv\/ru\/wp-json\/wp\/v2\/location?post=11748"},{"taxonomy":"product_brand","embeddable":true,"href":"https:\/\/vevorshop.lv\/ru\/wp-json\/wp\/v2\/product_brand?post=11748"},{"taxonomy":"product_cat","embeddable":true,"href":"https:\/\/vevorshop.lv\/ru\/wp-json\/wp\/v2\/product_cat?post=11748"},{"taxonomy":"product_tag","embeddable":true,"href":"https:\/\/vevorshop.lv\/ru\/wp-json\/wp\/v2\/product_tag?post=11748"}],"curies":[{"name":"wp","href":"https:\/\/api.w.org\/{rel}","templated":true}]}}