{"id":146203,"date":"2025-01-15T00:35:41","date_gmt":"2025-01-15T00:35:41","guid":{"rendered":"https:\/\/vevorshop.lv\/en_us\/Prece\/vevor-45l-motorcycle-top-case-with-leather-lining-universal-fit-heavy-duty-aluminum-alloy-weatherproof-45l-11-9-gallon-capacity\/"},"modified":"2026-02-27T04:23:57","modified_gmt":"2026-02-27T02:23:57","slug":"vevor-45l-motorcycle-top-case-with-leather-lining-universal-fit-heavy-duty-aluminum-alloy-weatherproof-45l-11-9-gallon-capacity","status":"publish","type":"product","link":"https:\/\/vevorshop.lv\/ru\/Prece\/vevor-45l-motorcycle-top-case-with-leather-lining-universal-fit-heavy-duty-aluminum-alloy-weatherproof-45l-11-9-gallon-capacity\/","title":{"rendered":"VEVOR 45L \u0432\u043e\u0434\u043e\u043d\u0435\u043f\u0440\u043e\u043d\u0438\u0446\u0430\u0435\u043c\u044b\u0439 \u0432\u0435\u0440\u0445\u043d\u0438\u0439 \u043a\u043e\u0444\u0440 \u0434\u043b\u044f \u043c\u043e\u0442\u043e\u0446\u0438\u043a\u043b\u0430 \u0441 \u0437\u0430\u043c\u043a\u043e\u043c, \u0441\u043f\u0438\u043d\u043a\u043e\u0439 \u0438 \u043a\u043e\u0436\u0430\u043d\u043e\u0439 \u043e\u0442\u0434\u0435\u043b\u043a\u043e\u0439 \u2013 \u0443\u043d\u0438\u0432\u0435\u0440\u0441\u0430\u043b\u044c\u043d\u044b\u0439 \u0430\u043b\u044e\u043c\u0438\u043d\u0438\u0435\u0432\u044b\u0439 \u0431\u043e\u043a\u0441 \u0434\u043b\u044f 99% \u043c\u043e\u0442\u043e\u0446\u0438\u043a\u043b\u043e\u0432"},"content":{"rendered":"<div style=\"color: #fff!important; font-size: 16px; height: 24px; line-height: 24px; margin-top: -24px; \" class=\"product_original_name\">VEVOR Motorcycle Top Case, Universal Aluminum Alloy Motorbike Tail Box with Leather Lining, 45L Waterproof Detachable Motorcycle Top Box with Lock & Back Cushion, Fit for 99% of Motorcycle Frames<\/div>\n<div style=\"color: #fff!important; font-size: 16px; height: 24px; line-height: 24px; margin-top: -24px; \" class=\"product_sku\">M5X5DXD1<\/div>\n<div style=\"color: #fff!important; font-size: 16px; height: 24px; line-height: 24px; margin-top: -24px; \" class=\"product_mpn\">MTCJSDXYS45LA1BGMV0<\/div><div id=\"js-DM_at-goodDescRich\"><html><head><style>  body {    font-family: Arial;    line-height: 1.5;    color: #1c1c1c;    overflow-x: hidden;    margin: 0;    padding: 0;  }  .MsoNormal b {    font-weight: bolder;  }<\/style><style>  .container.small {    width: 970px;    margin: 0 auto;  }  .logo {    margin: 0 auto 0;  }  .logo img {    display: block;    margin: 0 auto;    max-width: 100%;  }  .logo .pc-banner {    display: block;    width: 1200px;    height: 247.4px;    margin: 0 auto;  }  .logo .pc-banner.small {    width: 970px;  }  .logo .pc-banner.small img {    height: auto!important;  }  .logo .m-banner {    display: none;  }  .ytvideo {    position: relative;    height: 546px;    width: 100%;    margin: 0 auto;  }  .ytvideo img {    width: 100%;    margin: 0 auto;  }  .ytvideo .play-btn {    width: 60px;    height: 42px;    position: absolute;    top: 50%;    left: 50%;    transform: translate(-50%, -50%);    background: url(\"data:image\/png;base64,iVBORw0KGgoAAAANSUhEUgAAAGQAAABGCAMAAAANWMFbAAAC+lBMVEUAAADBGB3kLCfBGB3kLCfcJC7BFx3KKSbiKybkLCbWJCPSIiLSIiLPICHAFx3kLCfgKSXNHiDZJiTIGx\/p4eHcjo7LHSDbJyTkLCbjKyfOHyHPIiL28fHJHB\/GGh7EGR7eKCXDGB3RISHlLSbBGB3AFxzGHB7DGB7BGB3hKybkKybAFx3lLCfAFxzDGR3hKibDGB7cJyTmz8\/elJTlwcHjurrUIyLlLSflLSfAFx3DGR7lLSfCFx3hKibhKibhKybjKybkLCblLSfbJSX49vbx7e3NNzjNMTLMJyjVIyLZf3\/ZQ0LaeHjx0tLgoqLkLCfCGB3HGx\/BGB3BFx3PICHCGB7WJCLOHyC\/Fxy\/Fx3lLCfQISHkLSe\/FxzbJiTBFx3FGx\/AGB7BFx3EGR7AGB3HHSDfKiXAFh3TISHYNzbhKibbJyTTIiL57e325+f039\/v2NjUV1fOHiHiqanfmprch4feKSXVIyPOICHmLibFGh\/mLSe\/Fx7XJCPeKSXXJSPNHyHaJyTGGh7lLCbmLCflLSjSIiLkLCbdKSXLHiC\/GB3KHh++Fh3lKyfoLiXcKCPkx8fYb2\/XaGfVXl3aU1LLHiDksbHgKibPICHbJyTfKSXbJyTCGB3KHSDiKybFGh7TIiL\/\/\/\/VIyPRISHIHB\/GGx\/HHB\/DGR7gKibdKCXLHiDZJiTMHiDNHyHYJSTOICHPICHWJCPcKCXXJSPjLCblLCf+\/f3NGR\/uLijzLynPGR\/IGB7WISHaIyLLGh7UAADxLynNAADRLzDbICLQAADIAAD3MCrUHSHXMTDpKSbLAADp5OTij4\/ejo\/VLy\/1LyngJSTcJCPQHx\/OHB7+\/PzaMS\/OLS\/vLijrLSjSAADaNTPwLyjkKSbNJCbYISHPHB\/KGB7WAAD7+vrn3d3aKynTKCjoLCfsKifRGh\/YAADq5+fhjo7QNDXXKCfmJyXt5+fTLzDLLi\/QKivYHRvMGBrQJCXLISPMExXLDxLaEAvkkI\/bOTfaFQ\/SCgpvLcnHAAAAmnRSTlMA+vv7+gT9Bvf9+8z8\/NSv\/Pr5+P7++vnQIBMP\/v38\/Pn348XDiCYf9OjbzcqxXVcx\/fz8+\/rj1r2poo1+fXFqX0orGP7+\/v7+\/fz8+\/r68uzn4trIxsG\/vri3p6GcmZSNbWVYUUZEPQv+\/f39+\/v7+\/v7+vr64tvV1NTTz87FtbSurqeblJKFg4B3bUY+NjL7+\/v7+\/v67t1cDo8JLQAABkRJREFUWMO0kz9rwkAYh0OIeJkum6YugUAhISCdKoj\/P4C7SMdS+gEKIhSKil10LSg4mzXkILdlEpxCpwTiWOLX6BujvQaEQuGeHLnL+\/64J+SIcKGYTYWnntpdLjrVdqvZmNdn0+EE40GtpuuWVS6Xx6N7YDSGpWXpeq02wHgynM7q80az1a52HpddtVcpsi1zFARBrdaxbhp9iUReTGmwA4KAAr7vx3EYejnCMI6hQYEgy0LQi4jUN0wL19vqFcUC9\/1dAKmEEFkWRYkh5oBejnxQJiSJPJ\/uKBp0Thszx9Mw8hMRIQjKsptCfuES9zr5WJY6vSFCIvE9fCMUmEM1A1kSXcYGxgVYsvI1IPKTZciSTI0us\/SMGG04gDzELDoFBwdcFJrF88dqgYMTiL6DILWYyfOWE8\/kIz38olCNlC03FK95+imxp6y4oUSvAnBjHHhKNtotSDqJzVFiK8c2SBqhZtsrTtgrLXwAyduxZHNE26eHUt5rtuM4WSmds3G+sUdWYo1L+XyxButoh5eKUHk5lByO3G1LqqCWVnfrv\/lyPtf\/4ps1cndNGIri8J1TJ0lx6dR\/oPjq1nbRwdp2dCk4CtIOLW3pVKRL6WZfS5vF2KkIQhpwSsjiYIgNCs1gEMGqiIq24NQX9NwoXFy8Ufrl3twTcg4fv8T9\/JBEySduj6Mjm4bMzYV7EEOxKjjoNDud7yY3Dy71Hq2oLmqfbNR723edH9PgMrNL2utoQ3VmaIDkiw\/4w51P06hlZsTZvkRrbVuSIs\/zwSOsycgzStQouoAkWQqioRT5XI7n2Z1wfVhoZmcAJLsoqjqpjbWCgpOAJXBwHK8PzWbNvoUZJND5wCnSkLAkZ1legx6vqQzjoiTahKlGUGLAiIIoABOHaNVw4sexZBym6\/HWlH5h3IC7yRbxtipcWxdTOkORKiNQAEkFf66x5S2oeRbroOlLgg0sSYkR0hRGEqJZ0jTPiQKatESdBckpWigxaapEH0lImHdWu9pUFF2XqMNM2Z4kped7IwEJw2qabwtrQqnpw6HyKkgcadKWsmpywwesDyIhYRpdzXddqegtGIJlXbAIUMOLkGxJUjRIkokwjUaX9d\/kK62ps\/tYUqZLIMkLTyBhsMZ3C5Z\/kDxOSCb\/DOs\/\/J0qcWSX\/2ipe56EgTCA4\/cB7NAYOsni4mZM1MUPAISoEwkDi4lhVBQ1cWQyIcwalw4EpqZN68JUSK7XC0kTlkLYii5uXSC8jT5ncCAS7mjCv0uHp\/3lueHEEAeQ\/\/VgmdN71\/2uCSA1Xr6DO6uI6sW56zqT2tp2PhgiRUAajV8CY2fkcz6WGNKMgLAt7tJAhD4YHMTeRxlALE6+43WqjSWi8ITxyJl8WrwWSNESQZZOqhDDntO3hJLsd5RtSpbJqdv3YrDJH3F7jL1R2O2aQkn2MyCyKYz0GPGIvSAMgBCrCEiJyKbBaYGwLW4uPRr0A0M4Ux5kUI7IBh+hMdiCEWNqhMZGyYMsOgNE58UQuEQeUnSWCMYwL54hkxK6IoqucQZbQ3pc3XtL0lky1dL0zZJJDpWJovFqpWj6JEHnyam2eQp5QRVAVHjWparTOaVwUOx99YS2MvgxIGV0bb+qIg2HX2qkFFJB+XZcbLiuRkuxD9GRroKyveLxdh4d7Orx+hb7qc3uVRuEogCOnyIxm4ubUoPgF4jianDrC+SDQDKEfJb0GUKmjCGPYHGJvVC6X4hw1\/sAfQAdfYyephIaspXe36RwOP+Ljvfx9B6B3i+Nk0DGq+oCbLn6JpBa9nWAveAIHwFAwtVcIJXPMPL8kRu5OAYPMaL1WScTxjiZDqB9LTJSWphow\/pTYKRTLjCBhvi9iBidvKcDasGSm0QQkycYuLBqj6QCELPctqChDWpTRMWkngNNpQ1Pfp1KkiT\/Y0DGffXAweUNfLAfaJFKDwhb6I+bkYRbkERoEeu3Fyjg2opMz2daZCS9jt6Q7txNfB+OZEVF6Zl5web2xunnLQrtrjXseXKaFYziYINeMFZVxS9VxRhOoesYwxPKXm+gWLG9cuFeq93UNNeJNsf1KlwuDok9n02n3TgIJpOxNfL9naIoQwXtfH9kjceTIIi709ncTg6LZbg+biLH1V6u\/7rxBem06VXKn9raAAAAAElFTkSuQmCC\")      no-repeat center center \/ contain;  }  @media screen and (max-width: 960px) and (orientation: portrait) {    .logo {      width: 100%;    }    .logo .pc-banner {      display: none;    }    .logo .m-banner {      display: block;      width: 100%;    }    .logo .m-banner img {      height: auto!important;    }    .ytvideo {      height: 200px;      width: 100%;    }  }<\/style><style>  .video-section {    width: 100%;    margin: 0 auto;  }  .video-section > img {    width: 100%;  }  .video-section iframe,  .video-section video {    width: 100%;    height: 100%;      }  .video-section-img-m,  .video-section-img-pc > img {    width: 100%;    height: auto;  }  .video-section-img-pc.small > img {    width: 970px;  }  .video-desc {    line-height: 1.5;    font-size: 20px;    font-weight: 400;    margin: 20px 0;    text-align: center;    color: #0f1111;    word-break: break-word;  }  @media screen and (max-width: 960px) and (orientation: portrait) {    .video-section {      width: 100%;    }    .video-section-pc,    .video-section-img-pc {      display: none;    }    .video-section-m,    .video-section-img-m {      display: block;    }    .video-desc {      font-size: 15px;    }  }  @media screen and (min-width: 960px) {    .video-section {      width: 100%;      margin: 0 auto;    }    .video-section-pc,    .video-section-img-pc {      display: block;    }    .video-section-m,    .video-section-img-m {      display: none;    }    .video-desc {      font-size: 20px;    }  }<\/style><style>  .section + .section {    margin-top: 35px;  }  .section-title {    text-align: center;    font-weight: bold;    color: #0d1111;    font-family: \"Arial\";    font-size: 32px;    margin: 15px 0;  }  .section-title:empty {    display: none;  }  .section-desc {    text-align: center;    font-weight: normal;    color: #0d1111;    margin-top: 20px;  }  .section-desc:empty {    display: none;  }  .section-img {    width: 1200px;    height: 492px;    margin: 0 auto;    display: block;  }  .section-img.small {    width: 970px;    height: auto;  }  .section-img.small > img {    height: auto;  }  .section-img > img {    width: 100%;    height: 100%;  }  .section-mobile-img {    display: none;    max-width: 100vw;    max-height: 75vw;    height: 450px;    margin: 0 auto;  }  .section-mobile-img > img {    width: 100%;    height: 100%;  }  @media screen and (max-width: 960px) and (orientation: portrait) {    .container {      width: 100%;    }    .container.small {      width: 100%;    }    .section-mobile-img {      display: block;    }    .section-img {      display: none;    }    .section-title {      font-size: 22px;      margin: 10px 0;    }    .section-desc {      margin-top: 10px;    }    .section + .section {      margin-top: 20px;    }  }<\/style><\/head><body><div class=\"container small\"><div class=\"logo\"><div class=\"pc-banner small\"><div><img decoding=\"async\" src=\"\/vevor\/vevor\/boutique-banner\/pc\/en-pc@1x.jpg\" style=\"width: 100%;\" \/><\/div><\/div><div class=\"m-banner\"><div><img decoding=\"async\" src=\"\/vevor\/vevor\/boutique-banner\/mobile\/en-m@1x.jpg\" style=\"width: 100%;\" \/><\/div><\/div><\/div><div class=\"section-title\">\u041b\u0435\u0433\u043a\u0430\u044f \u0417\u0430\u0433\u0440\u0443\u0437\u043a\u0430 \u0434\u043b\u044f \u0432\u0430\u0448\u0435\u0433\u043e \u043f\u0443\u0442\u0435\u0448\u0435\u0441\u0442\u0432\u0438\u044f<\/div><div class=\"video-section\"><div class=\"video-section-img-pc small\"><img decoding=\"async\" src=\"\/vevor\/product\/MTCJSDXYS45LA1BGM\/motorcycle-top-case-a100-1.4-pt.jpg\" \/><\/div><div class=\"video-section-img-m\"><img decoding=\"async\" src=\"\/vevor\/product\/MTCJSDXYS45LA1BGM\/motorcycle-top-case-a100-1.4-pt.jpg\" \/><\/div><div class=\"section-desc\">\u041d\u0430\u0448 \u0431\u0430\u0433\u0430\u0436\u043d\u0438\u043a \u0434\u043b\u044f \u043c\u043e\u0442\u043e\u0446\u0438\u043a\u043b\u043e\u0432 \u0438\u0437 \u0430\u043b\u044e\u043c\u0438\u043d\u0438\u0435\u0432\u043e\u0433\u043e \u0441\u043f\u043b\u0430\u0432\u0430 \u0443\u0441\u0442\u043e\u0439\u0447\u0438\u0432 \u043a \u0443\u0434\u0430\u0440\u0430\u043c \u0438 \u0430\u0442\u043c\u043e\u0441\u0444\u0435\u0440\u043d\u044b\u043c \u0432\u043e\u0437\u0434\u0435\u0439\u0441\u0442\u0432\u0438\u044f\u043c. \u041c\u044f\u0433\u043a\u0430\u044f \u0432\u043d\u0443\u0442\u0440\u0435\u043d\u043d\u044f\u044f \u043f\u043e\u0434\u043a\u043b\u0430\u0434\u043a\u0430 \u0441\u043c\u044f\u0433\u0447\u0430\u0435\u0442 \u0432\u0430\u0448\u0438 \u0432\u0435\u0449\u0438 \u0438 \u043b\u0435\u0433\u043a\u043e \u043c\u043e\u0435\u0442\u0441\u044f. \u041e\u043d \u043e\u0441\u043d\u0430\u0449\u0435\u043d \u043f\u0440\u043e\u0447\u043d\u044b\u043c \u0447\u0435\u0445\u043b\u043e\u043c \u043e\u0442 \u043f\u0430\u0434\u0435\u043d\u0438\u044f, \u043f\u0440\u0443\u0436\u0438\u043d\u043d\u044b\u043c \u0437\u0430\u043c\u043a\u043e\u043c \u0438 \u043c\u043d\u043e\u0436\u0435\u0441\u0442\u0432\u043e\u043c \u043a\u0430\u0440\u043c\u0430\u043d\u043e\u0432. \u041f\u043e\u0434\u0443\u0448\u043a\u0430 \u0434\u043b\u044f \u0441\u043f\u0438\u043d\u044b \u043e\u0431\u0435\u0441\u043f\u0435\u0447\u0438\u0432\u0430\u0435\u0442 \u043f\u043e\u0434\u0434\u0435\u0440\u0436\u043a\u0443.<\/div><\/div><div class=\"section\"><div class=\"section-title\"><\/div><div class=\"section-img small\"><img decoding=\"async\" src=\"\/vevor\/product\/MTCJSDXYS45LA1BGM\/motorcycle-top-case-a100-2.2-pt.jpg\" \/><\/div><div class=\"section-mobile-img\"><img decoding=\"async\" src=\"\/vevor\/product\/MTCJSDXYS45LA1BGM\/motorcycle-top-case-a100-2.2-pt.jpg\" \/><\/div><div class=\"section-desc\">\u0412 \u044d\u0442\u043e\u043c \u043f\u0440\u043e\u0442\u0438\u0432\u043e\u0443\u0433\u043e\u043d\u043d\u043e\u043c \u0431\u0430\u0433\u0430\u0436\u043d\u0438\u043a\u0435 \u0434\u043b\u044f \u043c\u043e\u0442\u043e\u0446\u0438\u043a\u043b\u0430 \u043e\u0431\u044a\u0435\u043c\u043e\u043c 45 \u043b \u0434\u043e\u0441\u0442\u0430\u0442\u043e\u0447\u043d\u043e \u043c\u0435\u0441\u0442\u0430 \u0434\u043b\u044f \u0432\u0441\u0435\u0445 \u0432\u0430\u0448\u0438\u0445 \u0434\u043e\u0440\u043e\u0436\u043d\u044b\u0445 \u043f\u0440\u0438\u043d\u0430\u0434\u043b\u0435\u0436\u043d\u043e\u0441\u0442\u0435\u0439, \u0447\u0442\u043e \u0441\u0432\u043e\u0434\u0438\u0442 \u043a \u043c\u0438\u043d\u0438\u043c\u0443\u043c\u0443 \u043d\u0435\u043e\u0431\u0445\u043e\u0434\u0438\u043c\u043e\u0441\u0442\u044c \u0432 \u0434\u043e\u043f\u043e\u043b\u043d\u0438\u0442\u0435\u043b\u044c\u043d\u044b\u0445 \u0440\u044e\u043a\u0437\u0430\u043a\u0430\u0445 \u0438\u043b\u0438 \u043f\u0440\u0438\u0432\u044f\u0437\u044b\u0432\u0430\u043d\u0438\u0438 \u043f\u0440\u0435\u0434\u043c\u0435\u0442\u043e\u0432 \u043a \u0432\u0435\u043b\u043e\u0441\u0438\u043f\u0435\u0434\u0443. \u041f\u043e\u043f\u0440\u043e\u0431\u0443\u0439\u0442\u0435 \u043d\u0430\u0448 \u0431\u043e\u043b\u044c\u0448\u043e\u0439 \u0431\u0430\u0433\u0430\u0436\u043d\u0438\u043a \u0434\u043b\u044f \u043c\u043e\u0442\u043e\u0446\u0438\u043a\u043b\u0430!<\/div><\/div><div class=\"section\"><div class=\"section-title\"><\/div><div class=\"section-img small\"><img decoding=\"async\" src=\"\/vevor\/product\/MTCJSDXYS45LA1BGM\/motorcycle-top-case-a100-2.3-pt.jpg\" \/><\/div><div class=\"section-mobile-img\"><img decoding=\"async\" src=\"\/vevor\/product\/MTCJSDXYS45LA1BGM\/motorcycle-top-case-a100-2.3-pt.jpg\" \/><\/div><div class=\"section-desc\">\u0412\u0430\u0448\u0438 \u0432\u0435\u0449\u0438 \u043d\u0430\u0434\u0435\u0436\u043d\u043e \u0445\u0440\u0430\u043d\u044f\u0442\u0441\u044f \u0432 \u0431\u0430\u0433\u0430\u0436\u043d\u0438\u043a\u0435 \u043c\u043e\u0442\u043e\u0446\u0438\u043a\u043b\u0430. \u0413\u0435\u0440\u043c\u0435\u0442\u0438\u0447\u043d\u0430\u044f \u043a\u043e\u043d\u0441\u0442\u0440\u0443\u043a\u0446\u0438\u044f \u0438 \u0441\u0432\u0435\u0442\u043e\u0441\u0442\u043e\u0439\u043a\u043e\u0435 \u043f\u043e\u043a\u0440\u044b\u0442\u0438\u0435 \u0437\u0430\u0449\u0438\u0449\u0430\u044e\u0442 \u0432\u0430\u0448\u0438 \u0432\u0435\u0449\u0438 \u043e\u0442 \u043d\u0430\u043c\u043e\u043a\u0430\u043d\u0438\u044f, \u043f\u044b\u043b\u0438 \u0438 \u0432\u044b\u0446\u0432\u0435\u0442\u0430\u043d\u0438\u044f, \u0441\u043e\u0445\u0440\u0430\u043d\u044f\u044f \u0438\u0445 \u0432 \u0445\u043e\u0440\u043e\u0448\u0435\u043c \u0441\u043e\u0441\u0442\u043e\u044f\u043d\u0438\u0438. \u0411\u043e\u043b\u044c\u0448\u0435 \u043d\u0435 \u0431\u0435\u0441\u043f\u043e\u043a\u043e\u0439\u0442\u0435\u0441\u044c \u043e \u0432\u0430\u0448\u0438\u0445 \u0432\u0435\u0449\u0430\u0445 \u0432 \u0447\u0435\u043c\u043e\u0434\u0430\u043d\u0435!<\/div><\/div><div class=\"section\"><div class=\"section-title\"><\/div><div class=\"section-img small\"><img decoding=\"async\" src=\"\/vevor\/product\/MTCJSDXYS45LA1BGM\/motorcycle-top-case-a100-2.4-pt.jpg\" \/><\/div><div class=\"section-mobile-img\"><img decoding=\"async\" src=\"\/vevor\/product\/MTCJSDXYS45LA1BGM\/motorcycle-top-case-a100-2.4-pt.jpg\" \/><\/div><div class=\"section-desc\">\u041c\u043e\u043d\u0442\u0430\u0436\u043d\u043e\u0435 \u043e\u0441\u043d\u043e\u0432\u0430\u043d\u0438\u0435 \u0431\u0430\u0433\u0430\u0436\u043d\u0438\u043a\u0430 \u0434\u043b\u044f \u043c\u043e\u0442\u043e\u0446\u0438\u043a\u043b\u0430 \u0441 \u043d\u0435\u0441\u043a\u043e\u043b\u044c\u043a\u0438\u043c\u0438 \u043e\u0442\u0432\u0435\u0440\u0441\u0442\u0438\u044f\u043c\u0438 \u0434\u0435\u043b\u0430\u0435\u0442 \u0435\u0433\u043e \u0441\u043e\u0432\u043c\u0435\u0441\u0442\u0438\u043c\u044b\u043c \u0441 \u0448\u0438\u0440\u043e\u043a\u0438\u043c \u0441\u043f\u0435\u043a\u0442\u0440\u043e\u043c \u043c\u043e\u0442\u043e\u0446\u0438\u043a\u043b\u0435\u0442\u043d\u044b\u0445 \u0441\u0442\u043e\u0435\u043a, \u0447\u0442\u043e \u043e\u0437\u043d\u0430\u0447\u0430\u0435\u0442 \u043f\u0440\u043e\u0441\u0442\u043e\u0442\u0443 \u0443\u0441\u0442\u0430\u043d\u043e\u0432\u043a\u0438 \u0438 \u043c\u043e\u0436\u0435\u0442 \u0431\u044b\u0442\u044c \u0432\u044b\u043f\u043e\u043b\u043d\u0435\u043d\u043e \u043e\u0434\u043d\u0438\u043c \u0447\u0435\u043b\u043e\u0432\u0435\u043a\u043e\u043c \u0431\u0435\u0437 \u043a\u0430\u043a\u0438\u0445-\u043b\u0438\u0431\u043e \u043f\u0440\u043e\u0431\u043b\u0435\u043c.<\/div><\/div><div class=\"section\"><div class=\"section-title\"><\/div><div class=\"section-img small\"><img decoding=\"async\" src=\"\/vevor\/product\/MTCJSDXYS45LA1BGM\/motorcycle-top-case-a100-2.5-pt.jpg\" \/><\/div><div class=\"section-mobile-img\"><img decoding=\"async\" src=\"\/vevor\/product\/MTCJSDXYS45LA1BGM\/motorcycle-top-case-a100-2.5-pt.jpg\" \/><\/div><div class=\"section-desc\">\u042d\u0442\u043e\u0442 \u0431\u0430\u0433\u0430\u0436\u043d\u0438\u043a \u0434\u043b\u044f \u043c\u043e\u0442\u043e\u0446\u0438\u043a\u043b\u0430 \u043e\u0441\u043d\u0430\u0449\u0435\u043d \u0443\u0434\u043e\u0431\u043d\u043e\u0439 \u0441\u043f\u0438\u043d\u043a\u043e\u0439, \u0441\u044a\u0435\u043c\u043d\u043e\u0439 \u043a\u043e\u0436\u0430\u043d\u043e\u0439 \u043f\u043e\u0434\u043a\u043b\u0430\u0434\u043a\u043e\u0439 \u0434\u043b\u044f \u043b\u0435\u0433\u043a\u043e\u0439 \u0447\u0438\u0441\u0442\u043a\u0438 \u0438 \u0441\u0442\u0435\u0440\u0436\u043d\u044f\u043c\u0438 \u0441 \u0432\u0435\u0440\u0445\u043d\u0435\u0439 \u0441\u0442\u043e\u0440\u043e\u043d\u044b \u0434\u043b\u044f \u0434\u043e\u043f\u043e\u043b\u043d\u0438\u0442\u0435\u043b\u044c\u043d\u043e\u0433\u043e \u0443\u0434\u043e\u0431\u0441\u0442\u0432\u0430. \u0412\u044b\u0431\u0435\u0440\u0438\u0442\u0435 \u043e\u0434\u043d\u0443 \u0438\u0437 \u0434\u0432\u0443\u0445 \u0441\u0432\u0435\u0442\u043e\u043e\u0442\u0440\u0430\u0436\u0430\u044e\u0449\u0438\u0445 \u043d\u0430\u043a\u043b\u0435\u0435\u043a \u0434\u043b\u044f \u043f\u0440\u0438\u0434\u0430\u043d\u0438\u044f \u0441\u0442\u0438\u043b\u044f \u0438 \u0443\u043b\u0443\u0447\u0448\u0435\u043d\u0438\u044f \u0432\u0438\u0434\u0438\u043c\u043e\u0441\u0442\u0438 \u0432 \u0442\u0435\u043c\u043d\u043e\u0435 \u0432\u0440\u0435\u043c\u044f \u0441\u0443\u0442\u043e\u043a!<\/div><\/div><div class=\"section\"><div class=\"section-img small\"><img decoding=\"async\" src=\"\/vevor\/product\/MTCJSDXYS45LA1BGM\/motorcycle-top-case-a100-1.11-pt.jpg\" \/><\/div><div class=\"section-mobile-img\"><img decoding=\"async\" src=\"\/vevor\/product\/MTCJSDXYS45LA1BGM\/motorcycle-top-case-a100-1.11-pt.jpg\" \/><\/div><\/div><\/div><\/body><\/html><\/div>\n<div class=\"DM_at-title\" id=\"js-DM_at-title\"> <div>\u0421\u043f\u0435\u0446\u0438\u0444\u0438\u043a\u0430\u0446\u0438\u044f \u043f\u0440\u043e\u0434\u0443\u043a\u0442\u0430<\/div> <i class=\"icon-arrowup_line\"><\/i> <\/div><div class=\"DM_at-goodsDescAttr\" id=\"js-DM_at-goodsDescAttr\"> <div class=\"DM_at-goodsDescAttrInner\"> <dl class=\"goodsDesc_item goodsDesc_item_even\"> <dt>\u041d\u043e\u043c\u0435\u0440 \u043c\u043e\u0434\u0435\u043b\u0438 \u0438\u0437\u0434\u0435\u043b\u0438\u044f<\/dt> <dd> 45L-S<\/dd> <\/dl> <dl class=\"goodsDesc_item\"> <dt>\u0412\u043c\u0435\u0441\u0442\u0438\u043c\u043e\u0441\u0442\u044c<\/dt> <dd> 11,9 \u0413\u0430\u043b\u043b\u043e\u043d\u0430 \/ 45 \u043b<\/dd> <\/dl> <dl class=\"goodsDesc_item goodsDesc_item_even\"> <dt>\u0426\u0432\u0435\u0442<\/dt> <dd> \u0421\u0435\u0440\u0435\u0431\u0440\u043e<\/dd> <\/dl> <dl class=\"goodsDesc_item\"> <dt>\u041e\u0441\u043d\u043e\u0432\u043d\u043e\u0439 \u043c\u0430\u0442\u0435\u0440\u0438\u0430\u043b<\/dt> <dd> \u0410\u043b\u044e\u043c\u0438\u043d\u0438\u0435\u0432\u044b\u0439 \u0441\u043f\u043b\u0430\u0432<\/dd> <\/dl> <dl class=\"goodsDesc_item goodsDesc_item_even\"> <dt>\u041c\u0430\u0441\u0441\u0430 \u043d\u0435\u0442\u0442\u043e<\/dt> <dd> 14,3 \u0444\u0443\u043d\u0442\u0430 \/ 6,5 \u043a\u0433<\/dd> <\/dl> <dl class=\"goodsDesc_item\"> <dt>\u0420\u0430\u0437\u043c\u0435\u0440\u044b \u0438\u0437\u0434\u0435\u043b\u0438\u044f<\/dt> <dd> 17,1 &#034;x 14,9&#034; x 13,7&#034; \/ 435 x 378 x 348 \u043c\u043c<\/dd> <\/dl> <\/div> <\/div>","protected":false},"excerpt":{"rendered":"<ul>\n<li> Heavy-Duty Premium Case: Our motorcycle storage box is built tough, made from 1.2 mm thick aluminum alloy that is wear &#038; drop-resistant. Each corner is reinforced with bumpers, making it a suitable companion for your travels. Inside the box, the removable leather padding offers cushioning to guard your belongings, even under heavy impact. <\/li>\n<li> \u0411\u043e\u043b\u044c\u0448\u0430\u044f \u0432\u043c\u0435\u0441\u0442\u0438\u043c\u043e\u0441\u0442\u044c 45 \u043b: \u0412\u043c\u0435\u0441\u0442\u0438\u0442\u0435\u043b\u044c\u043d\u044b\u0439 \u0431\u0430\u0433\u0430\u0436\u043d\u0438\u043a \u0434\u043b\u044f \u043c\u043e\u0442\u043e\u0446\u0438\u043a\u043b\u0430 \u043e\u0431\u044a\u0435\u043c\u043e\u043c 45 \u043b \u043e\u0441\u043d\u0430\u0449\u0435\u043d \u0434\u0432\u0443\u043c\u044f \u043d\u0435\u0431\u043e\u043b\u044c\u0448\u0438\u043c\u0438 \u0432\u043d\u0443\u0442\u0440\u0435\u043d\u043d\u0438\u043c\u0438 \u043a\u0430\u0440\u043c\u0430\u043d\u0430\u043c\u0438, \u043f\u043e\u0434\u0445\u043e\u0434\u044f\u0449\u0438\u043c\u0438 \u0434\u043b\u044f \u0445\u0440\u0430\u043d\u0435\u043d\u0438\u044f \u0431\u043e\u043b\u044c\u0448\u043e\u0433\u043e \u0448\u043b\u0435\u043c\u0430, \u0431\u0443\u0442\u044b\u043b\u043a\u0438 \u0441 \u0432\u043e\u0434\u043e\u0439, \u0437\u043e\u043d\u0442\u0430, \u043f\u0435\u0440\u0447\u0430\u0442\u043e\u043a, \u043f\u043b\u0430\u0449\u0430, \u0441\u0443\u043c\u043e\u043a \u0434\u043b\u044f \u043f\u043e\u0432\u0441\u0435\u0434\u043d\u0435\u0432\u043d\u044b\u0445 \u043f\u043e\u043a\u0443\u043f\u043e\u043a \u0438\u043b\u0438 \u043d\u0435\u0431\u043e\u043b\u044c\u0448\u043e\u0433\u043e \u0440\u044e\u043a\u0437\u0430\u043a\u0430. \u0412\u0445\u043e\u0434\u044f\u0449\u0438\u0439 \u0432 \u043a\u043e\u043c\u043f\u043b\u0435\u043a\u0442 \u043f\u0440\u043e\u0447\u043d\u044b\u0439 \u0437\u0430\u0449\u0438\u0442\u043d\u044b\u0439 \u0437\u0430\u043c\u043e\u043a \u0438\u0437 \u043d\u0435\u0440\u0436\u0430\u0432\u0435\u044e\u0449\u0435\u0439 \u0441\u0442\u0430\u043b\u0438 \u0437\u0430\u0449\u0438\u0442\u0438\u0442 \u0432\u0430\u0448\u0438 \u0432\u0435\u0449\u0438 \u043e\u0442 \u043a\u0440\u0430\u0436\u0438. \u041f\u043e\u043f\u0440\u043e\u0431\u0443\u0439\u0442\u0435 \u043d\u0430\u0448 \u0431\u043e\u043b\u044c\u0448\u043e\u0439 \u0431\u0430\u0433\u0430\u0436\u043d\u0438\u043a \u0434\u043b\u044f \u043c\u043e\u0442\u043e\u0446\u0438\u043a\u043b\u043e\u0432! <\/li>\n<li> Weatherproof &#038; Durable: The sealed motorcycle trunk is designed to withstand various weather conditions, providing premium waterproof and dustproof guard. Whether you&#8217;re caught in heavy rain or dusty weather, your items will stay dry and secure inside. This trunk is built to endure harsh environment, keeping your belongings guarded throughout your journey. <\/li>\n<li> Versatil &#038; Compatible: The bottom of the trunk features a base with 25 mounting holes, making it compatible with a wide range of motorcycles, including Harley, Yamaha, Touring models, and standard motorcycles. Simply align the base with your tail rack for easy installation\u2014no drilling required. Say goodbye to hard installation! <\/li>\n<li> Comfort &#038; Secure: The thick, comfortable back cushion provides lumbar support for you or your passenger, offering a safer and more secure ride during acceleration. Additionally, two types of reflective stickers are included to enhance visibility, adding a stylish touch while improving safety when navigating intersections or making turns. <\/li>\n<\/ul>","protected":false},"featured_media":363462,"comment_status":"closed","ping_status":"open","template":"","meta":{"om_disable_all_campaigns":false,"_monsterinsights_skip_tracking":false,"_monsterinsights_sitenote_active":false,"_monsterinsights_sitenote_note":"","_monsterinsights_sitenote_category":0,"_uf_show_specific_survey":0,"_uf_disable_surveys":false},"location":[1935,1934],"product_brand":[21],"product_cat":[133,2497,3303,4794],"product_tag":[],"class_list":{"0":"post-146203","1":"product","2":"type-product","3":"status-publish","4":"has-post-thumbnail","6":"location-supplier_stock_location","7":"location-local_stock_location","8":"product_brand-vevor","9":"product_cat-automotive","10":"product_cat-cargo-carriers","11":"product_cat-motorcycle-accessories","12":"product_cat-motorcycle-top-case","14":"first","15":"instock","16":"taxable","17":"shipping-taxable","18":"purchasable","19":"product-type-simple"},"aioseo_notices":[],"jetpack_sharing_enabled":true,"locations":[{"id":1935,"name":"Pieg\u0101d\u0101t\u0101ja noliktav\u0101 (5-7d.d.)","slug":"supplier_stock_location","quantity":"4"},{"id":1934,"name":"R\u012bgas veikal\u0101 (0-2d.d.)","slug":"local_stock_location","quantity":"0"}],"_links":{"self":[{"href":"https:\/\/vevorshop.lv\/ru\/wp-json\/wp\/v2\/product\/146203","targetHints":{"allow":["GET"]}}],"collection":[{"href":"https:\/\/vevorshop.lv\/ru\/wp-json\/wp\/v2\/product"}],"about":[{"href":"https:\/\/vevorshop.lv\/ru\/wp-json\/wp\/v2\/types\/product"}],"replies":[{"embeddable":true,"href":"https:\/\/vevorshop.lv\/ru\/wp-json\/wp\/v2\/comments?post=146203"}],"wp:featuredmedia":[{"embeddable":true,"href":"https:\/\/vevorshop.lv\/ru\/wp-json\/wp\/v2\/media\/363462"}],"wp:attachment":[{"href":"https:\/\/vevorshop.lv\/ru\/wp-json\/wp\/v2\/media?parent=146203"}],"wp:term":[{"taxonomy":"location","embeddable":true,"href":"https:\/\/vevorshop.lv\/ru\/wp-json\/wp\/v2\/location?post=146203"},{"taxonomy":"product_brand","embeddable":true,"href":"https:\/\/vevorshop.lv\/ru\/wp-json\/wp\/v2\/product_brand?post=146203"},{"taxonomy":"product_cat","embeddable":true,"href":"https:\/\/vevorshop.lv\/ru\/wp-json\/wp\/v2\/product_cat?post=146203"},{"taxonomy":"product_tag","embeddable":true,"href":"https:\/\/vevorshop.lv\/ru\/wp-json\/wp\/v2\/product_tag?post=146203"}],"curies":[{"name":"wp","href":"https:\/\/api.w.org\/{rel}","templated":true}]}}