{"id":325106,"date":"2026-02-27T01:13:24","date_gmt":"2026-02-26T23:13:24","guid":{"rendered":"https:\/\/vevorshop.lv\/en_us\/Prece\/vevor-mechanical-keyless-entry-door-lock-2-0-double-sided-code-keypad-knob-4-7-digits-auto-lock-35-65-mm-doors-bronze\/"},"modified":"2026-03-16T17:56:18","modified_gmt":"2026-03-16T15:56:18","slug":"vevor-mechanical-keyless-entry-door-lock-2-0-double-sided-code-keypad-knob-4-7-digits-auto-lock-35-65-mm-doors-bronze","status":"publish","type":"product","link":"https:\/\/vevorshop.lv\/ru\/Prece\/vevor-mechanical-keyless-entry-door-lock-2-0-double-sided-code-keypad-knob-4-7-digits-auto-lock-35-65-mm-doors-bronze\/","title":{"rendered":"\u041c\u0435\u0445\u0430\u043d\u0438\u0447\u0435\u0441\u043a\u0438\u0439 \u043a\u043e\u0434\u043e\u0432\u044b\u0439 \u0437\u0430\u043c\u043e\u043a VEVOR 2.0 \u0431\u0435\u0437 \u043a\u043b\u044e\u0447\u0430, \u0434\u0432\u0443\u0441\u0442\u043e\u0440\u043e\u043d\u043d\u044f\u044f \u043a\u043b\u0430\u0432\u0438\u0430\u0442\u0443\u0440\u0430, \u043a\u043e\u0434 4\u20137 \u0446\u0438\u0444\u0440, \u0430\u0432\u0442\u043e-\u0431\u043b\u043e\u043a\u0438\u0440\u043e\u0432\u043a\u0430, \u0434\u043b\u044f \u0434\u0432\u0435\u0440\u0435\u0439 35\u201365 \u043c\u043c, \u0431\u0440\u043e\u043d\u0437\u0430"},"content":{"rendered":"<div style=\"color: #fff!important; font-size: 16px; height: 24px; line-height: 24px; margin-top: -24px; \" class=\"product_original_name\">VEVOR Mechanical Keyless Entry Door Lock, 2.0 Code Upgrade, 4-7 Digits Code, Double-Sided Push Button Combination Mechanical Keypad Door Knob, Auto Locking, for Indoor or Outdoor, Oil-Rubbed Bronze<\/div>\n<div style=\"color: #fff!important; font-size: 16px; height: 24px; line-height: 24px; margin-top: -24px; \" class=\"product_sku\">MM323ZHZ<\/div>\n<div style=\"color: #fff!important; font-size: 16px; height: 24px; line-height: 24px; margin-top: -24px; \" class=\"product_mpn\">JXMMSYCQTSXNUR942001V0<\/div><div id=\"js-DM_at-goodDescRich\"><html><head><style>  body {    font-family: Arial;    line-height: 1.5;    color: #1c1c1c;    overflow-x: hidden;    margin: 0;    padding: 0;  }  .MsoNormal b {    font-weight: bolder;  }<\/style><style>  .container.small {    width: 970px;    margin: 0 auto;  }  .logo {    margin: 0 auto 0;  }  .logo img {    display: block;    margin: 0 auto;    max-width: 100%;  }  .logo .pc-banner {    display: block;    width: 1200px;    height: 247.4px;    margin: 0 auto;  }  .logo .pc-banner.small {    width: 970px;  }  .logo .pc-banner.small img {    height: auto!important;  }  .logo .m-banner {    display: none;  }  .ytvideo {    position: relative;    height: 546px;    width: 100%;    margin: 0 auto;  }  .ytvideo img {    width: 100%;    margin: 0 auto;  }  .ytvideo .play-btn {    width: 60px;    height: 42px;    position: absolute;    top: 50%;    left: 50%;    transform: translate(-50%, -50%);    background: url(\"data:image\/png;base64,iVBORw0KGgoAAAANSUhEUgAAAGQAAABGCAMAAAANWMFbAAAC+lBMVEUAAADBGB3kLCfBGB3kLCfcJC7BFx3KKSbiKybkLCbWJCPSIiLSIiLPICHAFx3kLCfgKSXNHiDZJiTIGx\/p4eHcjo7LHSDbJyTkLCbjKyfOHyHPIiL28fHJHB\/GGh7EGR7eKCXDGB3RISHlLSbBGB3AFxzGHB7DGB7BGB3hKybkKybAFx3lLCfAFxzDGR3hKibDGB7cJyTmz8\/elJTlwcHjurrUIyLlLSflLSfAFx3DGR7lLSfCFx3hKibhKibhKybjKybkLCblLSfbJSX49vbx7e3NNzjNMTLMJyjVIyLZf3\/ZQ0LaeHjx0tLgoqLkLCfCGB3HGx\/BGB3BFx3PICHCGB7WJCLOHyC\/Fxy\/Fx3lLCfQISHkLSe\/FxzbJiTBFx3FGx\/AGB7BFx3EGR7AGB3HHSDfKiXAFh3TISHYNzbhKibbJyTTIiL57e325+f039\/v2NjUV1fOHiHiqanfmprch4feKSXVIyPOICHmLibFGh\/mLSe\/Fx7XJCPeKSXXJSPNHyHaJyTGGh7lLCbmLCflLSjSIiLkLCbdKSXLHiC\/GB3KHh++Fh3lKyfoLiXcKCPkx8fYb2\/XaGfVXl3aU1LLHiDksbHgKibPICHbJyTfKSXbJyTCGB3KHSDiKybFGh7TIiL\/\/\/\/VIyPRISHIHB\/GGx\/HHB\/DGR7gKibdKCXLHiDZJiTMHiDNHyHYJSTOICHPICHWJCPcKCXXJSPjLCblLCf+\/f3NGR\/uLijzLynPGR\/IGB7WISHaIyLLGh7UAADxLynNAADRLzDbICLQAADIAAD3MCrUHSHXMTDpKSbLAADp5OTij4\/ejo\/VLy\/1LyngJSTcJCPQHx\/OHB7+\/PzaMS\/OLS\/vLijrLSjSAADaNTPwLyjkKSbNJCbYISHPHB\/KGB7WAAD7+vrn3d3aKynTKCjoLCfsKifRGh\/YAADq5+fhjo7QNDXXKCfmJyXt5+fTLzDLLi\/QKivYHRvMGBrQJCXLISPMExXLDxLaEAvkkI\/bOTfaFQ\/SCgpvLcnHAAAAmnRSTlMA+vv7+gT9Bvf9+8z8\/NSv\/Pr5+P7++vnQIBMP\/v38\/Pn348XDiCYf9OjbzcqxXVcx\/fz8+\/rj1r2poo1+fXFqX0orGP7+\/v7+\/fz8+\/r68uzn4trIxsG\/vri3p6GcmZSNbWVYUUZEPQv+\/f39+\/v7+\/v7+vr64tvV1NTTz87FtbSurqeblJKFg4B3bUY+NjL7+\/v7+\/v67t1cDo8JLQAABkRJREFUWMO0kz9rwkAYh0OIeJkum6YugUAhISCdKoj\/P4C7SMdS+gEKIhSKil10LSg4mzXkILdlEpxCpwTiWOLX6BujvQaEQuGeHLnL+\/64J+SIcKGYTYWnntpdLjrVdqvZmNdn0+EE40GtpuuWVS6Xx6N7YDSGpWXpeq02wHgynM7q80az1a52HpddtVcpsi1zFARBrdaxbhp9iUReTGmwA4KAAr7vx3EYejnCMI6hQYEgy0LQi4jUN0wL19vqFcUC9\/1dAKmEEFkWRYkh5oBejnxQJiSJPJ\/uKBp0Thszx9Mw8hMRIQjKsptCfuES9zr5WJY6vSFCIvE9fCMUmEM1A1kSXcYGxgVYsvI1IPKTZciSTI0us\/SMGG04gDzELDoFBwdcFJrF88dqgYMTiL6DILWYyfOWE8\/kIz38olCNlC03FK95+imxp6y4oUSvAnBjHHhKNtotSDqJzVFiK8c2SBqhZtsrTtgrLXwAyduxZHNE26eHUt5rtuM4WSmds3G+sUdWYo1L+XyxButoh5eKUHk5lByO3G1LqqCWVnfrv\/lyPtf\/4ps1cndNGIri8J1TJ0lx6dR\/oPjq1nbRwdp2dCk4CtIOLW3pVKRL6WZfS5vF2KkIQhpwSsjiYIgNCs1gEMGqiIq24NQX9NwoXFy8Ufrl3twTcg4fv8T9\/JBEySduj6Mjm4bMzYV7EEOxKjjoNDud7yY3Dy71Hq2oLmqfbNR723edH9PgMrNL2utoQ3VmaIDkiw\/4w51P06hlZsTZvkRrbVuSIs\/zwSOsycgzStQouoAkWQqioRT5XI7n2Z1wfVhoZmcAJLsoqjqpjbWCgpOAJXBwHK8PzWbNvoUZJND5wCnSkLAkZ1legx6vqQzjoiTahKlGUGLAiIIoABOHaNVw4sexZBym6\/HWlH5h3IC7yRbxtipcWxdTOkORKiNQAEkFf66x5S2oeRbroOlLgg0sSYkR0hRGEqJZ0jTPiQKatESdBckpWigxaapEH0lImHdWu9pUFF2XqMNM2Z4kped7IwEJw2qabwtrQqnpw6HyKkgcadKWsmpywwesDyIhYRpdzXddqegtGIJlXbAIUMOLkGxJUjRIkokwjUaX9d\/kK62ps\/tYUqZLIMkLTyBhsMZ3C5Z\/kDxOSCb\/DOs\/\/J0qcWSX\/2ipe56EgTCA4\/cB7NAYOsni4mZM1MUPAISoEwkDi4lhVBQ1cWQyIcwalw4EpqZN68JUSK7XC0kTlkLYii5uXSC8jT5ncCAS7mjCv0uHp\/3lueHEEAeQ\/\/VgmdN71\/2uCSA1Xr6DO6uI6sW56zqT2tp2PhgiRUAajV8CY2fkcz6WGNKMgLAt7tJAhD4YHMTeRxlALE6+43WqjSWi8ITxyJl8WrwWSNESQZZOqhDDntO3hJLsd5RtSpbJqdv3YrDJH3F7jL1R2O2aQkn2MyCyKYz0GPGIvSAMgBCrCEiJyKbBaYGwLW4uPRr0A0M4Ux5kUI7IBh+hMdiCEWNqhMZGyYMsOgNE58UQuEQeUnSWCMYwL54hkxK6IoqucQZbQ3pc3XtL0lky1dL0zZJJDpWJovFqpWj6JEHnyam2eQp5QRVAVHjWparTOaVwUOx99YS2MvgxIGV0bb+qIg2HX2qkFFJB+XZcbLiuRkuxD9GRroKyveLxdh4d7Orx+hb7qc3uVRuEogCOnyIxm4ubUoPgF4jianDrC+SDQDKEfJb0GUKmjCGPYHGJvVC6X4hw1\/sAfQAdfYyephIaspXe36RwOP+Ljvfx9B6B3i+Nk0DGq+oCbLn6JpBa9nWAveAIHwFAwtVcIJXPMPL8kRu5OAYPMaL1WScTxjiZDqB9LTJSWphow\/pTYKRTLjCBhvi9iBidvKcDasGSm0QQkycYuLBqj6QCELPctqChDWpTRMWkngNNpQ1Pfp1KkiT\/Y0DGffXAweUNfLAfaJFKDwhb6I+bkYRbkERoEeu3Fyjg2opMz2daZCS9jt6Q7txNfB+OZEVF6Zl5web2xunnLQrtrjXseXKaFYziYINeMFZVxS9VxRhOoesYwxPKXm+gWLG9cuFeq93UNNeJNsf1KlwuDok9n02n3TgIJpOxNfL9naIoQwXtfH9kjceTIIi709ncTg6LZbg+biLH1V6u\/7rxBem06VXKn9raAAAAAElFTkSuQmCC\")      no-repeat center center \/ contain;  }  @media screen and (max-width: 960px) and (orientation: portrait) {    .logo {      width: 100%;    }    .logo .pc-banner {      display: none;    }    .logo .m-banner {      display: block;      width: 100%;    }    .logo .m-banner img {      height: auto!important;    }    .ytvideo {      height: 200px;      width: 100%;    }  }<\/style><style>  .video-section {    width: 100%;    margin: 0 auto;  }  .video-section > img {    width: 100%;  }  .video-section iframe,  .video-section video {    width: 100%;    height: 100%;      }  .video-section-img-m,  .video-section-img-pc > img {    width: 100%;    height: auto;  }  .video-section-img-pc.small > img {    width: 970px;  }  .video-desc {    line-height: 1.5;    font-size: 20px;    font-weight: 400;    margin: 20px 0;    text-align: center;    color: #0f1111;    word-break: break-word;  }  @media screen and (max-width: 960px) and (orientation: portrait) {    .video-section {      width: 100%;    }    .video-section-pc,    .video-section-img-pc {      display: none;    }    .video-section-m,    .video-section-img-m {      display: block;    }    .video-desc {      font-size: 15px;    }  }  @media screen and (min-width: 960px) {    .video-section {      width: 100%;      margin: 0 auto;    }    .video-section-pc,    .video-section-img-pc {      display: block;    }    .video-section-m,    .video-section-img-m {      display: none;    }    .video-desc {      font-size: 20px;    }  }<\/style><style>  .section + .section {    margin-top: 35px;  }  .section-title {    text-align: center;    font-weight: bold;    color: #0d1111;    font-family: \"Arial\";    font-size: 32px;    margin: 15px 0;  }  .section-title:empty {    display: none;  }  .section-desc {    text-align: center;    font-weight: normal;    color: #0d1111;    margin-top: 20px;  }  .section-desc:empty {    display: none;  }  .section-img {    width: 1200px;    height: 492px;    margin: 0 auto;    display: block;  }  .section-img.small {    width: 970px;    height: auto;  }  .section-img.small > img {    height: auto;  }  .section-img > img {    width: 100%;    height: 100%;  }  .section-mobile-img {    display: none;    max-width: 100vw;    max-height: 75vw;    height: 450px;    margin: 0 auto;  }  .section-mobile-img > img {    width: 100%;    height: 100%;  }  @media screen and (max-width: 960px) and (orientation: portrait) {    .container {      width: 100%;    }    .container.small {      width: 100%;    }    .section-mobile-img {      display: block;    }    .section-img {      display: none;    }    .section-title {      font-size: 22px;      margin: 10px 0;    }    .section-desc {      margin-top: 10px;    }    .section + .section {      margin-top: 20px;    }  }<\/style><\/head><body><div class=\"container\"><div class=\"logo\"><div class=\"pc-banner\"><div><img decoding=\"async\" src=\"\/vevor\/vevor\/boutique-banner\/pc\/en-pc@1x.jpg\" style=\"width: 100%;\" \/><\/div><\/div><div class=\"m-banner\"><div><img decoding=\"async\" src=\"\/vevor\/vevor\/boutique-banner\/mobile\/en-m@1x.jpg\" style=\"width: 100%;\" \/><\/div><\/div><\/div><div class=\"section-title\">Metal-Body Mechanical Lock<\/div><div class=\"video-section\"><div class=\"video-section-img-pc\"><img decoding=\"async\" src=\"\/vevor\/product\/JXMMSYCQTSXNUR942001\/keyless-door-lock-a100-1.4.jpg\" \/><\/div><div class=\"video-section-img-m\"><img decoding=\"async\" src=\"\/vevor\/product\/JXMMSYCQTSXNUR942001\/keyless-door-lock-a100-1.4-m.jpg\" \/><\/div><div class=\"section-desc\">With a fully mechanical keypad, all-metal construction, and multiple convenient modes, the mechanical keyless entry door lock delivers reliable everyday security without wiring, apps, or maintenance. Designed for both indoor and outdoor use, it provides smooth operation and long-lasting performance.<\/div><\/div><div class=\"section\"><div class=\"section-title\"><\/div><div class=\"section-img\"><img decoding=\"async\" src=\"\/vevor\/product\/JXMMSYCQTSXNUR942001\/keyless-door-lock-a100-2.2.jpg\" \/><\/div><div class=\"section-mobile-img\"><img decoding=\"async\" src=\"\/vevor\/product\/JXMMSYCQTSXNUR942001\/keyless-door-lock-a100-2.2-m.jpg\" \/><\/div><div class=\"section-desc\">This mechanical keyless door lock is compatible with metal fence doors, wooden doors, and a range of standard door thicknesses. It includes multiple shafts and screws to accommodate different installation needs.<\/div><\/div><div class=\"section\"><div class=\"section-title\"><\/div><div class=\"section-img\"><img decoding=\"async\" src=\"\/vevor\/product\/JXMMSYCQTSXNUR942001\/keyless-door-lock-a100-2.3.jpg\" \/><\/div><div class=\"section-mobile-img\"><img decoding=\"async\" src=\"\/vevor\/product\/JXMMSYCQTSXNUR942001\/keyless-door-lock-a100-2.3-m.jpg\" \/><\/div><div class=\"section-desc\">Built-in mechanisms allow seamless transitions between secure mode and passage mode. Code changes are done directly on the panel, saving time and avoiding disassembly. Our mechanical lock is ideal for guest access or rental management.<\/div><\/div><div class=\"section\"><div class=\"section-title\"><\/div><div class=\"section-img\"><img decoding=\"async\" src=\"\/vevor\/product\/JXMMSYCQTSXNUR942001\/keyless-door-lock-a100-2.4.jpg\" \/><\/div><div class=\"section-mobile-img\"><img decoding=\"async\" src=\"\/vevor\/product\/JXMMSYCQTSXNUR942001\/keyless-door-lock-a100-2.4-m.jpg\" \/><\/div><div class=\"section-desc\">Made from solid zinc alloy with rust-proof coatings, this mechanical door lock withstands rain, heat, humidity, and daily operation. It is suitable for outdoor gates, yard doors, and any entry exposed to the elements.<\/div><\/div><div class=\"section\"><div class=\"section-title\"><\/div><div class=\"section-img\"><img decoding=\"async\" src=\"\/vevor\/product\/JXMMSYCQTSXNUR942001\/keyless-door-lock-a100-2.5.jpg\" \/><\/div><div class=\"section-mobile-img\"><img decoding=\"async\" src=\"\/vevor\/product\/JXMMSYCQTSXNUR942001\/keyless-door-lock-a100-2.5-m.jpg\" \/><\/div><div class=\"section-desc\">No electrical wiring or complicated debugging is needed. Our mechanical keypad door lock fits most standard door types and can be independently installed by individuals, saving time and effort.<\/div><\/div><div class=\"section\"><div class=\"section-img\"><img decoding=\"async\" src=\"\/vevor\/product\/JXMMSYCQTSXNUR942001\/keyless-door-lock-a100-1.11.jpg\" \/><\/div><div class=\"section-mobile-img\"><img decoding=\"async\" src=\"\/vevor\/product\/JXMMSYCQTSXNUR942001\/keyless-door-lock-a100-1.11-m.jpg\" \/><\/div><\/div><\/div><\/body><\/html><\/div>\n<div class=\"DM_at-title\" id=\"js-DM_at-title\"> <div>Product specification<\/div> <i class=\"icon-arrowup_line\"><\/i> <\/div><div class=\"DM_at-goodsDescAttr\" id=\"js-DM_at-goodsDescAttr\"> <div class=\"DM_at-goodsDescAttrInner\"> <dl class=\"goodsDesc_item goodsDesc_item_even\"> <dt>\u041d\u043e\u043c\u0435\u0440 \u043c\u043e\u0434\u0435\u043b\u0438 \u0438\u0437\u0434\u0435\u043b\u0438\u044f<\/dt> <dd> OL-601S3-07<\/dd> <\/dl> <dl class=\"goodsDesc_item\"> <dt>\u0426\u0432\u0435\u0442<\/dt> <dd> Oil-Rubbed Bronze <\/dd> <\/dl> <dl class=\"goodsDesc_item goodsDesc_item_even\"> <dt>Code Digits<\/dt> <dd> 4-7 Digit Combination (Numbers & X\/Z, No Repeats)<\/dd> <\/dl> <dl class=\"goodsDesc_item\"> <dt>\u041f\u043e\u0434\u0445\u043e\u0434\u044f\u0449\u0430\u044f \u0422\u043e\u043b\u0449\u0438\u043d\u0430 \u0414\u0432\u0435\u0440\u0438<\/dt> <dd> 1.4\" -2.5\" \/ 35-65 mm<\/dd> <\/dl> <dl class=\"goodsDesc_item goodsDesc_item_even\"> <dt>\u041e\u0441\u043d\u043e\u0432\u043d\u043e\u0439 \u043c\u0430\u0442\u0435\u0440\u0438\u0430\u043b<\/dt> <dd> \u0426\u0438\u043d\u043a\u043e\u0432\u044b\u0439 \u0441\u043f\u043b\u0430\u0432<\/dd> <\/dl> <dl class=\"goodsDesc_item\"> <dt>\u0412\u0435\u0441 \u0435\u0434\u0438\u043d\u0438\u0446\u044b \u0438\u0437\u043c\u0435\u0440\u0435\u043d\u0438\u044f<\/dt> <dd> 3,75 \u0444\u0443\u043d\u0442\u0430 \/ 1,7 \u043a\u0433<\/dd> <\/dl> <\/div> <\/div>","protected":false},"excerpt":{"rendered":"<ul>\n<li> Upgraded 2.0 Mechanical Lock Keypad: Update your code directly using the handle and keypad without removing the lock. Unlock with a simple mechanical code\u2014no electronics to worry about, and clear input with the C key for quick corrections <\/li>\n<li> Reliable Security without Batteries: This double-side mechanical keyless door lock operates without batteries or wiring. It supports 4-7 digit codes using numbers and the letters X and Z, with any-order entry for added security against code guessing <\/li>\n<li> Fits More Door Types: This mechanical keyless entry door lock comes with 4 spindles (fits 1.4&#8243;-2.5&#8243;\/35-65mm door thicknesses) and 2 latch sizes (2.3&#8243;\/60mm &#038; 2.7&#8243;\/70mm) for varied door depths. It is compatible with metal fence doors and wooden doors <\/li>\n<li> Controlled Access with Easy Family Passage: Dual-sided code control helps manage entry from both sides of the door. When family members move in and out frequently, the mechanical door lock&#8217;s hold-open mode allows smooth access without repeated unlocking <\/li>\n<li> Built to Last in Daily Use: Featuring a sturdy zinc-alloy body with a rust-resistant coating, this mechanical keypad door lock withstands rain, sun, and frequent use. It is ideal for front doors, garden gates, garages, and indoor or outdoor entry points <\/li>\n<\/ul>","protected":false},"featured_media":453092,"comment_status":"open","ping_status":"open","template":"","meta":{"om_disable_all_campaigns":false,"_monsterinsights_skip_tracking":false,"_monsterinsights_sitenote_active":false,"_monsterinsights_sitenote_note":"","_monsterinsights_sitenote_category":0,"_uf_show_specific_survey":0,"_uf_disable_surveys":false},"location":[1935,1934],"product_brand":[],"product_cat":[2656,2654,2655,65],"product_tag":[],"class_list":{"0":"post-325106","1":"product","2":"type-product","3":"status-publish","4":"has-post-thumbnail","6":"location-supplier_stock_location","7":"location-local_stock_location","8":"product_cat-bi-fold-door-locks","9":"product_cat-door-hardware","10":"product_cat-door-locks","11":"product_cat-hardware","13":"first","14":"instock","15":"taxable","16":"shipping-taxable","17":"purchasable","18":"product-type-simple"},"aioseo_notices":[],"jetpack_sharing_enabled":true,"locations":[{"id":1935,"name":"Pieg\u0101d\u0101t\u0101ja noliktav\u0101 (5-7d.d.)","slug":"supplier_stock_location","quantity":"1"},{"id":1934,"name":"R\u012bgas veikal\u0101 (0-2d.d.)","slug":"local_stock_location","quantity":"0"}],"_links":{"self":[{"href":"https:\/\/vevorshop.lv\/ru\/wp-json\/wp\/v2\/product\/325106","targetHints":{"allow":["GET"]}}],"collection":[{"href":"https:\/\/vevorshop.lv\/ru\/wp-json\/wp\/v2\/product"}],"about":[{"href":"https:\/\/vevorshop.lv\/ru\/wp-json\/wp\/v2\/types\/product"}],"replies":[{"embeddable":true,"href":"https:\/\/vevorshop.lv\/ru\/wp-json\/wp\/v2\/comments?post=325106"}],"wp:featuredmedia":[{"embeddable":true,"href":"https:\/\/vevorshop.lv\/ru\/wp-json\/wp\/v2\/media\/453092"}],"wp:attachment":[{"href":"https:\/\/vevorshop.lv\/ru\/wp-json\/wp\/v2\/media?parent=325106"}],"wp:term":[{"taxonomy":"location","embeddable":true,"href":"https:\/\/vevorshop.lv\/ru\/wp-json\/wp\/v2\/location?post=325106"},{"taxonomy":"product_brand","embeddable":true,"href":"https:\/\/vevorshop.lv\/ru\/wp-json\/wp\/v2\/product_brand?post=325106"},{"taxonomy":"product_cat","embeddable":true,"href":"https:\/\/vevorshop.lv\/ru\/wp-json\/wp\/v2\/product_cat?post=325106"},{"taxonomy":"product_tag","embeddable":true,"href":"https:\/\/vevorshop.lv\/ru\/wp-json\/wp\/v2\/product_tag?post=325106"}],"curies":[{"name":"wp","href":"https:\/\/api.w.org\/{rel}","templated":true}]}}