{"id":57283,"date":"2024-11-29T07:45:40","date_gmt":"2024-11-29T07:45:40","guid":{"rendered":"https:\/\/vevorshop.lv\/en_us\/Prece\/vevor-popcorn-popper-machine-with-cart-popcorn-maker-850w-8-oz-48-cups-black\/"},"modified":"2026-04-19T22:25:12","modified_gmt":"2026-04-19T19:25:12","slug":"vevor-popcorn-popper-machine-with-cart-popcorn-maker-850w-8-oz-48-cups-black","status":"publish","type":"product","link":"https:\/\/vevorshop.lv\/ru\/Prece\/vevor-popcorn-popper-machine-with-cart-popcorn-maker-850w-8-oz-48-cups-black\/","title":{"rendered":"VEVOR 850\u0412\u0442 \u0430\u043f\u043f\u0430\u0440\u0430\u0442 \u0434\u043b\u044f \u043f\u043e\u043f\u043a\u043e\u0440\u043d\u0430 \u0441 \u0442\u0435\u043b\u0435\u0436\u043a\u043e\u0439, \u043a\u043e\u0442\u0435\u043b 8 oz (227 \u0433), 48 \u043f\u043e\u0440\u0446\u0438\u0439 \u0437\u0430 \u0440\u0430\u0437, \u0441\u0442\u0435\u043a\u043b\u044f\u043d\u043d\u044b\u0435 \u043f\u0430\u043d\u0435\u043b\u0438, 4 \u0441\u043e\u0432\u043a\u0430, \u0447\u0435\u0440\u043d\u044b\u0439"},"content":{"rendered":"<div style=\"color: #fff!important; font-size: 16px; height: 24px; line-height: 24px; margin-top: -24px; \" class=\"product_original_name\">VEVOR Popcorn Maker with Cart, 850W Popcorn Popper Machine, 8 Oz Kettle Makes 48 Cups per Batch, Popcorn Maker Equipped with Tempered Glass, Includes 4 Scoops, Movie Theater Style, Black<\/div>\n<div style=\"color: #fff!important; font-size: 16px; height: 24px; line-height: 24px; margin-top: -24px; \" class=\"product_sku\">M4I4ML4D<\/div>\n<div style=\"color: #fff!important; font-size: 16px; height: 24px; line-height: 24px; margin-top: -24px; \" class=\"product_mpn\">CSBMHJ8OZ850NDZETV2<\/div><div id=\"js-DM_at-goodDescRich\"><html><head><style>  body {    font-family: Arial;    line-height: 1.5;    color: #1c1c1c;    overflow-x: hidden;    margin: 0;    padding: 0;  }  .MsoNormal b {    font-weight: bolder;  }<\/style><style>  .container.small {    width: 970px;    margin: 0 auto;  }  .logo {    margin: 0 auto 0;  }  .logo img {    display: block;    margin: 0 auto;    max-width: 100%;  }  .logo .pc-banner {    display: block;    width: 1200px;    height: 247.4px;    margin: 0 auto;  }  .logo .pc-banner.small {    width: 970px;  }  .logo .pc-banner.small img {    height: auto!important;  }  .logo .m-banner {    display: none;  }  .ytvideo {    position: relative;    height: 546px;    width: 100%;    margin: 0 auto;  }  .ytvideo img {    width: 100%;    margin: 0 auto;  }  .ytvideo .play-btn {    width: 60px;    height: 42px;    position: absolute;    top: 50%;    left: 50%;    transform: translate(-50%, -50%);    background: url(\"data:image\/png;base64,iVBORw0KGgoAAAANSUhEUgAAAGQAAABGCAMAAAANWMFbAAAC+lBMVEUAAADBGB3kLCfBGB3kLCfcJC7BFx3KKSbiKybkLCbWJCPSIiLSIiLPICHAFx3kLCfgKSXNHiDZJiTIGx\/p4eHcjo7LHSDbJyTkLCbjKyfOHyHPIiL28fHJHB\/GGh7EGR7eKCXDGB3RISHlLSbBGB3AFxzGHB7DGB7BGB3hKybkKybAFx3lLCfAFxzDGR3hKibDGB7cJyTmz8\/elJTlwcHjurrUIyLlLSflLSfAFx3DGR7lLSfCFx3hKibhKibhKybjKybkLCblLSfbJSX49vbx7e3NNzjNMTLMJyjVIyLZf3\/ZQ0LaeHjx0tLgoqLkLCfCGB3HGx\/BGB3BFx3PICHCGB7WJCLOHyC\/Fxy\/Fx3lLCfQISHkLSe\/FxzbJiTBFx3FGx\/AGB7BFx3EGR7AGB3HHSDfKiXAFh3TISHYNzbhKibbJyTTIiL57e325+f039\/v2NjUV1fOHiHiqanfmprch4feKSXVIyPOICHmLibFGh\/mLSe\/Fx7XJCPeKSXXJSPNHyHaJyTGGh7lLCbmLCflLSjSIiLkLCbdKSXLHiC\/GB3KHh++Fh3lKyfoLiXcKCPkx8fYb2\/XaGfVXl3aU1LLHiDksbHgKibPICHbJyTfKSXbJyTCGB3KHSDiKybFGh7TIiL\/\/\/\/VIyPRISHIHB\/GGx\/HHB\/DGR7gKibdKCXLHiDZJiTMHiDNHyHYJSTOICHPICHWJCPcKCXXJSPjLCblLCf+\/f3NGR\/uLijzLynPGR\/IGB7WISHaIyLLGh7UAADxLynNAADRLzDbICLQAADIAAD3MCrUHSHXMTDpKSbLAADp5OTij4\/ejo\/VLy\/1LyngJSTcJCPQHx\/OHB7+\/PzaMS\/OLS\/vLijrLSjSAADaNTPwLyjkKSbNJCbYISHPHB\/KGB7WAAD7+vrn3d3aKynTKCjoLCfsKifRGh\/YAADq5+fhjo7QNDXXKCfmJyXt5+fTLzDLLi\/QKivYHRvMGBrQJCXLISPMExXLDxLaEAvkkI\/bOTfaFQ\/SCgpvLcnHAAAAmnRSTlMA+vv7+gT9Bvf9+8z8\/NSv\/Pr5+P7++vnQIBMP\/v38\/Pn348XDiCYf9OjbzcqxXVcx\/fz8+\/rj1r2poo1+fXFqX0orGP7+\/v7+\/fz8+\/r68uzn4trIxsG\/vri3p6GcmZSNbWVYUUZEPQv+\/f39+\/v7+\/v7+vr64tvV1NTTz87FtbSurqeblJKFg4B3bUY+NjL7+\/v7+\/v67t1cDo8JLQAABkRJREFUWMO0kz9rwkAYh0OIeJkum6YugUAhISCdKoj\/P4C7SMdS+gEKIhSKil10LSg4mzXkILdlEpxCpwTiWOLX6BujvQaEQuGeHLnL+\/64J+SIcKGYTYWnntpdLjrVdqvZmNdn0+EE40GtpuuWVS6Xx6N7YDSGpWXpeq02wHgynM7q80az1a52HpddtVcpsi1zFARBrdaxbhp9iUReTGmwA4KAAr7vx3EYejnCMI6hQYEgy0LQi4jUN0wL19vqFcUC9\/1dAKmEEFkWRYkh5oBejnxQJiSJPJ\/uKBp0Thszx9Mw8hMRIQjKsptCfuES9zr5WJY6vSFCIvE9fCMUmEM1A1kSXcYGxgVYsvI1IPKTZciSTI0us\/SMGG04gDzELDoFBwdcFJrF88dqgYMTiL6DILWYyfOWE8\/kIz38olCNlC03FK95+imxp6y4oUSvAnBjHHhKNtotSDqJzVFiK8c2SBqhZtsrTtgrLXwAyduxZHNE26eHUt5rtuM4WSmds3G+sUdWYo1L+XyxButoh5eKUHk5lByO3G1LqqCWVnfrv\/lyPtf\/4ps1cndNGIri8J1TJ0lx6dR\/oPjq1nbRwdp2dCk4CtIOLW3pVKRL6WZfS5vF2KkIQhpwSsjiYIgNCs1gEMGqiIq24NQX9NwoXFy8Ufrl3twTcg4fv8T9\/JBEySduj6Mjm4bMzYV7EEOxKjjoNDud7yY3Dy71Hq2oLmqfbNR723edH9PgMrNL2utoQ3VmaIDkiw\/4w51P06hlZsTZvkRrbVuSIs\/zwSOsycgzStQouoAkWQqioRT5XI7n2Z1wfVhoZmcAJLsoqjqpjbWCgpOAJXBwHK8PzWbNvoUZJND5wCnSkLAkZ1legx6vqQzjoiTahKlGUGLAiIIoABOHaNVw4sexZBym6\/HWlH5h3IC7yRbxtipcWxdTOkORKiNQAEkFf66x5S2oeRbroOlLgg0sSYkR0hRGEqJZ0jTPiQKatESdBckpWigxaapEH0lImHdWu9pUFF2XqMNM2Z4kped7IwEJw2qabwtrQqnpw6HyKkgcadKWsmpywwesDyIhYRpdzXddqegtGIJlXbAIUMOLkGxJUjRIkokwjUaX9d\/kK62ps\/tYUqZLIMkLTyBhsMZ3C5Z\/kDxOSCb\/DOs\/\/J0qcWSX\/2ipe56EgTCA4\/cB7NAYOsni4mZM1MUPAISoEwkDi4lhVBQ1cWQyIcwalw4EpqZN68JUSK7XC0kTlkLYii5uXSC8jT5ncCAS7mjCv0uHp\/3lueHEEAeQ\/\/VgmdN71\/2uCSA1Xr6DO6uI6sW56zqT2tp2PhgiRUAajV8CY2fkcz6WGNKMgLAt7tJAhD4YHMTeRxlALE6+43WqjSWi8ITxyJl8WrwWSNESQZZOqhDDntO3hJLsd5RtSpbJqdv3YrDJH3F7jL1R2O2aQkn2MyCyKYz0GPGIvSAMgBCrCEiJyKbBaYGwLW4uPRr0A0M4Ux5kUI7IBh+hMdiCEWNqhMZGyYMsOgNE58UQuEQeUnSWCMYwL54hkxK6IoqucQZbQ3pc3XtL0lky1dL0zZJJDpWJovFqpWj6JEHnyam2eQp5QRVAVHjWparTOaVwUOx99YS2MvgxIGV0bb+qIg2HX2qkFFJB+XZcbLiuRkuxD9GRroKyveLxdh4d7Orx+hb7qc3uVRuEogCOnyIxm4ubUoPgF4jianDrC+SDQDKEfJb0GUKmjCGPYHGJvVC6X4hw1\/sAfQAdfYyephIaspXe36RwOP+Ljvfx9B6B3i+Nk0DGq+oCbLn6JpBa9nWAveAIHwFAwtVcIJXPMPL8kRu5OAYPMaL1WScTxjiZDqB9LTJSWphow\/pTYKRTLjCBhvi9iBidvKcDasGSm0QQkycYuLBqj6QCELPctqChDWpTRMWkngNNpQ1Pfp1KkiT\/Y0DGffXAweUNfLAfaJFKDwhb6I+bkYRbkERoEeu3Fyjg2opMz2daZCS9jt6Q7txNfB+OZEVF6Zl5web2xunnLQrtrjXseXKaFYziYINeMFZVxS9VxRhOoesYwxPKXm+gWLG9cuFeq93UNNeJNsf1KlwuDok9n02n3TgIJpOxNfL9naIoQwXtfH9kjceTIIi709ncTg6LZbg+biLH1V6u\/7rxBem06VXKn9raAAAAAElFTkSuQmCC\")      no-repeat center center \/ contain;  }  @media screen and (max-width: 960px) and (orientation: portrait) {    .logo {      width: 100%;    }    .logo .pc-banner {      display: none;    }    .logo .m-banner {      display: block;      width: 100%;    }    .logo .m-banner img {      height: auto!important;    }    .ytvideo {      height: 200px;      width: 100%;    }  }<\/style><style>  .video-section {    width: 100%;    margin: 0 auto;  }  .video-section > img {    width: 100%;  }  .video-section iframe,  .video-section video {    width: 100%;    height: 100%;      }  .video-section-img-m,  .video-section-img-pc > img {    width: 100%;    height: auto;  }  .video-section-img-pc.small > img {    width: 970px;  }  .video-desc {    line-height: 1.5;    font-size: 20px;    font-weight: 400;    margin: 20px 0;    text-align: center;    color: #0f1111;    word-break: break-word;  }  @media screen and (max-width: 960px) and (orientation: portrait) {    .video-section {      width: 100%;    }    .video-section-pc,    .video-section-img-pc {      display: none;    }    .video-section-m,    .video-section-img-m {      display: block;    }    .video-desc {      font-size: 15px;    }  }  @media screen and (min-width: 960px) {    .video-section {      width: 100%;      margin: 0 auto;    }    .video-section-pc,    .video-section-img-pc {      display: block;    }    .video-section-m,    .video-section-img-m {      display: none;    }    .video-desc {      font-size: 20px;    }  }<\/style><style>  .section + .section {    margin-top: 35px;  }  .section-title {    text-align: center;    font-weight: bold;    color: #0d1111;    font-family: \"Arial\";    font-size: 32px;    margin: 15px 0;  }  .section-title:empty {    display: none;  }  .section-desc {    text-align: center;    font-weight: normal;    color: #0d1111;    margin-top: 20px;  }  .section-desc:empty {    display: none;  }  .section-img {    width: 1200px;    height: 492px;    margin: 0 auto;    display: block;  }  .section-img.small {    width: 970px;    height: auto;  }  .section-img.small > img {    height: auto;  }  .section-img > img {    width: 100%;    height: 100%;  }  .section-mobile-img {    display: none;    max-width: 100vw;    max-height: 75vw;    height: 450px;    margin: 0 auto;  }  .section-mobile-img > img {    width: 100%;    height: 100%;  }  @media screen and (max-width: 960px) and (orientation: portrait) {    .container {      width: 100%;    }    .container.small {      width: 100%;    }    .section-mobile-img {      display: block;    }    .section-img {      display: none;    }    .section-title {      font-size: 22px;      margin: 10px 0;    }    .section-desc {      margin-top: 10px;    }    .section + .section {      margin-top: 20px;    }  }<\/style><\/head><body><div class=\"container\"><div class=\"logo\"><div class=\"pc-banner\"><div><img decoding=\"async\" src=\"\/vevor\/vevor\/boutique-banner\/pc\/en-pc@1x.jpg\" style=\"width: 100%;\" \/><\/div><\/div><div class=\"m-banner\"><div><img decoding=\"async\" src=\"\/vevor\/vevor\/boutique-banner\/mobile\/en-m@1x.jpg\" style=\"width: 100%;\" \/><\/div><\/div><\/div><div class=\"section-title\">\u0421\u043e\u0437\u0434\u0430\u0439\u0442\u0435 \u0430\u0442\u043c\u043e\u0441\u0444\u0435\u0440\u0443 \u043a\u0438\u043d\u043e\u0442\u0435\u0430\u0442\u0440\u0430<\/div><div class=\"video-section\"><div class=\"video-section-img-pc\"><img decoding=\"async\" src=\"\/vevor\/product\/CSBMHJ8OZ850NDZET\/popcorn-machine-a100-1.4.jpg\" \/><\/div><div class=\"video-section-img-m\"><img decoding=\"async\" src=\"\/vevor\/product\/CSBMHJ8OZ850NDZET\/popcorn-machine-a100-1.4-m.jpg\" \/><\/div><div class=\"section-desc\">\u041c\u043d\u043e\u0433\u043e\u0444\u0443\u043d\u043a\u0446\u0438\u043e\u043d\u0430\u043b\u044c\u043d\u0430\u044f \u043c\u0430\u0448\u0438\u043d\u0430 \u0434\u043b\u044f \u043f\u0440\u0438\u0433\u043e\u0442\u043e\u0432\u043b\u0435\u043d\u0438\u044f \u043f\u043e\u043f\u043a\u043e\u0440\u043d\u0430 \u043e\u0431\u044a\u0435\u043c\u043e\u043c 8 \u0443\u043d\u0446\u0438\u0439 \u043e\u0441\u043d\u0430\u0449\u0435\u043d\u0430 \u0432\u0441\u0442\u0440\u043e\u0435\u043d\u043d\u043e\u0439 \u0441\u0432\u0435\u0442\u043e\u0434\u0438\u043e\u0434\u043d\u043e\u0439 \u043f\u043e\u0434\u0441\u0432\u0435\u0442\u043a\u043e\u0439, \u043e\u0431\u0435\u0441\u043f\u0435\u0447\u0438\u0432\u0430\u044e\u0449\u0435\u0439 \u0447\u0435\u0442\u043a\u0438\u0439 \u043e\u0431\u0437\u043e\u0440 \u0438 \u0441\u043e\u0437\u0434\u0430\u044e\u0449\u0435\u0439 \u0430\u0442\u043c\u043e\u0441\u0444\u0435\u0440\u0443 \u043a\u0438\u043d\u043e\u0442\u0435\u0430\u0442\u0440\u0430, \u0438\u0434\u0435\u0430\u043b\u044c\u043d\u043e \u043f\u043e\u0434\u0445\u043e\u0434\u044f\u0449\u0443\u044e \u0434\u043b\u044f \u0441\u0435\u043c\u0435\u0439\u043d\u043e\u0433\u043e \u043f\u0440\u043e\u0441\u043c\u043e\u0442\u0440\u0430 \u043e\u0442\u043b\u0438\u0447\u043d\u043e\u0433\u043e \u0432\u0435\u0447\u0435\u0440\u0430 \u043a\u0438\u043d\u043e!<\/div><\/div><div class=\"section\"><div class=\"section-title\"><\/div><div class=\"section-img\"><img decoding=\"async\" src=\"\/vevor\/product\/CSBMHJ8OZ850NDZET\/popcorn-machine-a100-2.2.jpg\" \/><\/div><div class=\"section-mobile-img\"><img decoding=\"async\" src=\"\/vevor\/product\/CSBMHJ8OZ850NDZET\/popcorn-machine-a100-2.2-m.jpg\" \/><\/div><div class=\"section-desc\">\u042d\u0442\u0430 \u043c\u0430\u0448\u0438\u043d\u0430 \u043f\u043e\u043f\u043a\u043e\u0440\u043d\u0430 \u0432\u044b\u0441\u043e\u043a\u043e\u0439 \u0435\u043c\u043a\u043e\u0441\u0442\u0438 \u043a\u043e\u043c\u043c\u0435\u0440\u0447\u0435\u0441\u043a\u0438 \u0433\u0430\u0440\u0430\u043d\u0442\u0438\u0440\u0443\u0435\u0442, \u0447\u0442\u043e \u0432\u044b \u043f\u043e\u0434\u0433\u043e\u0442\u043e\u0432\u043b\u0435\u043d\u044b, \u043a\u043e\u0433\u0434\u0430 \u0440\u0430\u0437\u0432\u043b\u0435\u043a\u0430\u0442\u044c \u0433\u043e\u0441\u0442\u0435\u0439. \u043f\u0440\u043e\u0447\u043d\u044b\u0435 \u043c\u0430\u0442\u0435\u0440\u0438\u0430\u043b\u044b \u043f\u0440\u043e\u0438\u0437\u0432\u043e\u0434\u044f\u0442 \u0432\u043a\u0443\u0441\u043d\u044b\u0439 \u043f\u043e\u043f\u043a\u043e\u0440\u043d \u0434\u043b\u044f \u043b\u044e\u0431\u043e\u0433\u043e \u0441\u043b\u0443\u0447\u0430\u044f. \u043f\u0440\u0438\u0448\u043b\u043e \u0432\u0440\u0435\u043c\u044f \u043d\u0430\u0441\u043b\u0430\u0436\u0434\u0430\u0442\u044c\u0441\u044f \u043f\u0430\u0440\u0442\u0438\u0438 \u0437\u0430 \u043f\u0430\u0440\u0442\u0438\u0435\u0439 \u0441\u0432\u0435\u0436\u0435\u0433\u043e \u043f\u043e\u043f\u043a\u043e\u0440\u043d\u0430!<\/div><\/div><div class=\"section\"><div class=\"section-title\"><\/div><div class=\"section-img\"><img decoding=\"async\" src=\"\/vevor\/product\/CSBMHJ8OZ850NDZET\/popcorn-machine-a100-2.3.jpg\" \/><\/div><div class=\"section-mobile-img\"><img decoding=\"async\" src=\"\/vevor\/product\/CSBMHJ8OZ850NDZET\/popcorn-machine-a100-2.3-m.jpg\" \/><\/div><div class=\"section-desc\">\u041d\u0430\u0433\u0440\u0435\u0432\u0430\u0442\u0435\u043b\u044c\u043d\u044b\u0439 \u044d\u043b\u0435\u043c\u0435\u043d\u0442 \u043c\u043e\u0449\u043d\u043e\u0441\u0442\u044c\u044e 50 \u0412\u0442 \u0440\u0430\u0441\u043f\u043e\u043b\u043e\u0436\u0435\u043d \u043f\u043e\u0434 \u043f\u043e\u0434\u0434\u043e\u043d\u043e\u043c \u0434\u043b\u044f \u043f\u043e\u0434\u043e\u0433\u0440\u0435\u0432\u0430, \u0438 \u043f\u043e\u0441\u043b\u0435 \u043d\u0430\u0447\u0430\u043b\u0430 \u043f\u0440\u0438\u0433\u043e\u0442\u043e\u0432\u043b\u0435\u043d\u0438\u044f \u0433\u043e\u0442\u043e\u0432\u044b\u0439 \u043f\u043e\u043f\u043a\u043e\u0440\u043d \u043e\u0441\u0442\u0430\u0435\u0442\u0441\u044f \u0441\u0432\u0435\u0436\u0438\u043c \u0434\u043e \u0442\u0435\u0445 \u043f\u043e\u0440, \u043f\u043e\u043a\u0430 \u0432\u044b \u043d\u0435 \u0431\u0443\u0434\u0435\u0442\u0435 \u0433\u043e\u0442\u043e\u0432\u044b \u043f\u043e\u0434\u0430\u0432\u0430\u0442\u044c. \u041b\u0430\u043c\u043f\u0430 \u043f\u043e\u0434\u043e\u0433\u0440\u0435\u0432\u0430 \u043c\u043e\u0449\u043d\u043e\u0441\u0442\u044c\u044e 60 \u0412\u0442 \u044f\u0440\u043a\u043e \u043e\u0441\u0432\u0435\u0449\u0430\u0435\u0442 \u0432\u0430\u0448 \u043f\u043e\u043f\u043a\u043e\u0440\u043d.<\/div><\/div><div class=\"section\"><div class=\"section-title\"><\/div><div class=\"section-img\"><img decoding=\"async\" src=\"\/vevor\/product\/CSBMHJ8OZ850NDZET\/popcorn-machine-a100-2.4.jpg\" \/><\/div><div class=\"section-mobile-img\"><img decoding=\"async\" src=\"\/vevor\/product\/CSBMHJ8OZ850NDZET\/popcorn-machine-a100-2.4-m.jpg\" \/><\/div><div class=\"section-desc\">This popcorn machine with cart is constructed from a cold-rolled plate frame and tempered glass panels, with all parts made from food-grade stainless steel. The wing nut allows for easy removal of the lid for thorough cleaning, ensuring easy maintenance that extends the machine's lifespan.<\/div><\/div><div class=\"section\"><div class=\"section-title\"><\/div><div class=\"section-img\"><img decoding=\"async\" src=\"\/vevor\/product\/CSBMHJ8OZ850NDZET\/popcorn-machine-a100-2.5.jpg\" \/><\/div><div class=\"section-mobile-img\"><img decoding=\"async\" src=\"\/vevor\/product\/CSBMHJ8OZ850NDZET\/popcorn-machine-a100-2.5-m.jpg\" \/><\/div><div class=\"section-desc\">\u042d\u0442\u0430 \u043c\u0430\u0448\u0438\u043d\u0430 \u0434\u043b\u044f \u043f\u0440\u0438\u0433\u043e\u0442\u043e\u0432\u043b\u0435\u043d\u0438\u044f \u043f\u043e\u043f\u043a\u043e\u0440\u043d\u0430 \u043f\u043e\u0434\u0445\u043e\u0434\u0438\u0442 \u0434\u043b\u044f \u043f\u0440\u043e\u0432\u0435\u0434\u0435\u043d\u0438\u044f \u0440\u0430\u0437\u043b\u0438\u0447\u043d\u044b\u0445 \u043c\u0435\u0440\u043e\u043f\u0440\u0438\u044f\u0442\u0438\u0439, \u0432\u043a\u043b\u044e\u0447\u0430\u044f \u0432\u0435\u0447\u0435\u0440\u0438\u043d\u043a\u0438 \u043f\u043e \u0441\u043b\u0443\u0447\u0430\u044e \u0434\u043d\u044f \u0440\u043e\u0436\u0434\u0435\u043d\u0438\u044f, \u043f\u043e\u0441\u0438\u0434\u0435\u043b\u043a\u0438, \u0441\u0431\u043e\u0440 \u0441\u0440\u0435\u0434\u0441\u0442\u0432 \u0438 \u0441\u043f\u043e\u0440\u0442\u0438\u0432\u043d\u044b\u0435 \u043c\u0435\u0440\u043e\u043f\u0440\u0438\u044f\u0442\u0438\u044f.<\/div><\/div><div class=\"section\"><div class=\"section-img\"><img decoding=\"async\" src=\"\/vevor\/product\/CSBMHJ8OZ850NDZET\/popcorn-machine-a100-1.11.jpg\" \/><\/div><div class=\"section-mobile-img\"><img decoding=\"async\" src=\"\/vevor\/product\/CSBMHJ8OZ850NDZET\/popcorn-machine-a100-1.11-m.jpg\" \/><\/div><\/div><\/div><\/body><\/html><\/div>\n<div class=\"DM_at-title\" id=\"js-DM_at-title\"> <div>\u0421\u043f\u0435\u0446\u0438\u0444\u0438\u043a\u0430\u0446\u0438\u044f \u043f\u0440\u043e\u0434\u0443\u043a\u0442\u0430<\/div> <i class=\"icon-arrowup_line\"><\/i> <\/div><div class=\"DM_at-goodsDescAttr\" id=\"js-DM_at-goodsDescAttr\"> <div class=\"DM_at-goodsDescAttrInner\"> <dl class=\"goodsDesc_item goodsDesc_item_even\"> <dt>\u041d\u043e\u043c\u0435\u0440 \u043c\u043e\u0434\u0435\u043b\u0438 \u0438\u0437\u0434\u0435\u043b\u0438\u044f<\/dt> <dd> NP08001SEC<\/dd> <\/dl> <dl class=\"goodsDesc_item\"> <dt>\u0421\u0438\u043b\u0430<\/dt> <dd> 850 \u0412\u0442<\/dd> <\/dl> <dl class=\"goodsDesc_item goodsDesc_item_even\"> <dt>\u0426\u0432\u0435\u0442<\/dt> <dd> \u0427\u0435\u0440\u043d\u044b\u0439<\/dd> <\/dl> <dl class=\"goodsDesc_item\"> <dt>\u0420\u0430\u0437\u043c\u0435\u0440 \u043f\u0440\u043e\u0434\u0443\u043a\u0442\u0430<\/dt> <dd> 610x410x1395 mm \/ 24x16x55 inch<\/dd> <\/dl> <dl class=\"goodsDesc_item goodsDesc_item_even\"> <dt>\u0412\u0435\u0441 \u043f\u0440\u043e\u0434\u0443\u043a\u0442\u0430<\/dt> <dd> 18.74 kg \/ 41.3 lbs<\/dd> <\/dl> <\/div> <\/div>","protected":false},"excerpt":{"rendered":"<ul>\n<li> High Output with Powerful Performance: This commercial popcorn machine with cart features an 850W power and an 8 oz capacity, capable of producing 48 cups of popcorn (approximately 384 ounces) per batch, meeting the needs of busy convenience stores. The kettle preheats in just a few minutes, ready to satisfy sports fans, festival goers, and party guests with plenty to eat. <\/li>\n<li> Easy Operation, Long-Lasting Warmth: Three excellent switches control the entire popcorn maker: warmer, stirrer, and kettle heater. This simplifies operation, making it easy for any staff to use. The warming tray below is equipped with a 50W heating element and a 60W warming light that brightly illuminates your popcorn. The finished popcorn falls onto the warming tray to stay fresh, with the light making them sparkle and attracting everyone&#8217;s attention! <\/li>\n<li> \u041f\u0440\u043e\u0447\u043d\u0430\u044f \u043a\u043e\u043d\u0441\u0442\u0440\u0443\u043a\u0446\u0438\u044f, \u043b\u0435\u0433\u043a\u043e \u043c\u043e\u0435\u0442\u0441\u044f: \u042d\u0442\u0430 \u043c\u0430\u0448\u0438\u043d\u0430 \u0434\u043b\u044f \u043f\u0440\u0438\u0433\u043e\u0442\u043e\u0432\u043b\u0435\u043d\u0438\u044f \u043f\u043e\u043f\u043a\u043e\u0440\u043d\u0430 \u0432 \u0441\u0442\u0438\u043b\u0435 \u043a\u0438\u043d\u043e\u0442\u0435\u0430\u0442\u0440\u0430 \u0438\u0437\u0433\u043e\u0442\u043e\u0432\u043b\u0435\u043d\u0430 \u0438\u0437 \u0445\u043e\u043b\u043e\u0434\u043d\u043e\u043a\u0430\u0442\u0430\u043d\u043e\u0433\u043e \u043b\u0438\u0441\u0442\u043e\u0432\u043e\u0433\u043e \u043a\u0430\u0440\u043a\u0430\u0441\u0430 \u0438 \u043f\u0430\u043d\u0435\u043b\u0435\u0439 \u0438\u0437 \u0437\u0430\u043a\u0430\u043b\u0435\u043d\u043d\u043e\u0433\u043e \u0441\u0442\u0435\u043a\u043b\u0430, \u043f\u0440\u0435\u0434\u043d\u0430\u0437\u043d\u0430\u0447\u0435\u043d\u043d\u044b\u0445 \u0434\u043b\u044f \u0447\u0430\u0441\u0442\u043e\u0433\u043e \u0438\u0441\u043f\u043e\u043b\u044c\u0437\u043e\u0432\u0430\u043d\u0438\u044f. \u0414\u0432\u0435\u0440\u0446\u0430 \u0441 \u043c\u0430\u0433\u043d\u0438\u0442\u043d\u043e\u0439 \u0437\u0430\u0449\u0435\u043b\u043a\u043e\u0439 \u043e\u0431\u0435\u0441\u043f\u0435\u0447\u0438\u0432\u0430\u0435\u0442 \u0431\u044b\u0441\u0442\u0440\u044b\u0439 \u0434\u043e\u0441\u0442\u0443\u043f \u0438 \u0443\u043b\u0443\u0447\u0448\u0430\u0435\u0442 \u0432\u043d\u0435\u0448\u043d\u0438\u0439 \u0432\u0438\u0434 \u043f\u043e\u043f\u043a\u043e\u0440\u043d\u0430 \u0432\u043d\u0443\u0442\u0440\u0438. \u041f\u0435\u0447\u0430\u0442\u043d\u0430\u044f \u0433\u0440\u0430\u0444\u0438\u043a\u0430 \u0441\u0432\u0435\u0440\u0445\u0443 \u0442\u0430\u043a\u0436\u0435 \u043c\u043e\u0436\u0435\u0442 \u043f\u0440\u0438\u0432\u043b\u0435\u0447\u044c \u0436\u0430\u0434\u043d\u044b\u0435 \u0432\u0437\u0433\u043b\u044f\u0434\u044b. \u041a\u0440\u043e\u043c\u0435 \u0442\u043e\u0433\u043e, \u0431\u0430\u0440\u0430\u0448\u043a\u043e\u0432\u0430\u044f \u0433\u0430\u0439\u043a\u0430 \u043d\u0430 \u0447\u0430\u0439\u043d\u0438\u043a\u0435 \u043f\u043e\u0437\u0432\u043e\u043b\u044f\u0435\u0442 \u043b\u0435\u0433\u043a\u043e \u0441\u043d\u0438\u043c\u0430\u0442\u044c \u043a\u0440\u044b\u0448\u043a\u0443 \u0434\u043b\u044f \u0442\u0449\u0430\u0442\u0435\u043b\u044c\u043d\u043e\u0439 \u043e\u0447\u0438\u0441\u0442\u043a\u0438. \u041f\u0440\u043e\u0441\u0442\u0430\u044f \u0447\u0438\u0441\u0442\u043a\u0430 \u043f\u0440\u043e\u0434\u043b\u0438\u0442 \u0441\u0440\u043e\u043a \u0441\u043b\u0443\u0436\u0431\u044b \u0430\u043f\u043f\u0430\u0440\u0430\u0442\u0430. <\/li>\n<li> User-Friendly Design: Once the heating tray starts to fill up, simply open the hinged cover below, and the popcorn is right there, ready to scoop out! The removable crumb tray keeps the interior clean, preventing scattered kernels. Collecting and disposing of dropped kernels has never been so simple! The cart features a built-in cabinet and side shelves, providing ample space for all your necessary tools. Plus, with its 14-inch wheels and push handle, you can easily transport the popcorn machine anywhere. <\/li>\n<li> Awesome Accessories: This large popcorn machine comes with a popcorn scoop for filling popcorn cups, along with two scoops for measuring corn and oil. You will truly enjoy the fun of making delicious popcorn. The complete accessories make it ready to use right out of the box, making operation a breeze. It&#8217;s time to enjoy batch after batch of fresh popcorn! <\/li>\n<\/ul>","protected":false},"featured_media":351743,"comment_status":"closed","ping_status":"open","template":"","meta":{"om_disable_all_campaigns":false,"_monsterinsights_skip_tracking":false,"_monsterinsights_sitenote_active":false,"_monsterinsights_sitenote_note":"","_monsterinsights_sitenote_category":0,"_uf_show_specific_survey":0,"_uf_disable_surveys":false},"location":[1935,1934],"product_brand":[21],"product_cat":[2445,4657,2449],"product_tag":[],"class_list":{"0":"post-57283","1":"product","2":"type-product","3":"status-publish","4":"has-post-thumbnail","6":"location-supplier_stock_location","7":"location-local_stock_location","8":"product_brand-vevor","9":"product_cat-appliances","10":"product_cat-popcorn-machines","11":"product_cat-small-kitchen-appliances","13":"first","14":"instock","15":"taxable","16":"shipping-taxable","17":"purchasable","18":"product-type-simple"},"aioseo_notices":[],"jetpack_sharing_enabled":true,"locations":[{"id":1935,"name":"Pieg\u0101d\u0101t\u0101ja noliktav\u0101 (5-7d.d.)","slug":"supplier_stock_location","quantity":"151"},{"id":1934,"name":"R\u012bgas veikal\u0101 (0-2d.d.)","slug":"local_stock_location","quantity":"0"}],"_links":{"self":[{"href":"https:\/\/vevorshop.lv\/ru\/wp-json\/wp\/v2\/product\/57283","targetHints":{"allow":["GET"]}}],"collection":[{"href":"https:\/\/vevorshop.lv\/ru\/wp-json\/wp\/v2\/product"}],"about":[{"href":"https:\/\/vevorshop.lv\/ru\/wp-json\/wp\/v2\/types\/product"}],"replies":[{"embeddable":true,"href":"https:\/\/vevorshop.lv\/ru\/wp-json\/wp\/v2\/comments?post=57283"}],"wp:featuredmedia":[{"embeddable":true,"href":"https:\/\/vevorshop.lv\/ru\/wp-json\/wp\/v2\/media\/351743"}],"wp:attachment":[{"href":"https:\/\/vevorshop.lv\/ru\/wp-json\/wp\/v2\/media?parent=57283"}],"wp:term":[{"taxonomy":"location","embeddable":true,"href":"https:\/\/vevorshop.lv\/ru\/wp-json\/wp\/v2\/location?post=57283"},{"taxonomy":"product_brand","embeddable":true,"href":"https:\/\/vevorshop.lv\/ru\/wp-json\/wp\/v2\/product_brand?post=57283"},{"taxonomy":"product_cat","embeddable":true,"href":"https:\/\/vevorshop.lv\/ru\/wp-json\/wp\/v2\/product_cat?post=57283"},{"taxonomy":"product_tag","embeddable":true,"href":"https:\/\/vevorshop.lv\/ru\/wp-json\/wp\/v2\/product_tag?post=57283"}],"curies":[{"name":"wp","href":"https:\/\/api.w.org\/{rel}","templated":true}]}}