{"id":11490,"date":"2024-11-17T23:49:50","date_gmt":"2024-11-17T23:49:50","guid":{"rendered":"http:\/\/vevorshop.edigo.lv\/Prece\/vevor-4l-water-distiller-1l-h-distilled-water-maker-timing-temp-display-silver\/"},"modified":"2026-04-22T14:57:36","modified_gmt":"2026-04-22T11:57:36","slug":"vevor-4l-water-distiller-1l-h-distilled-water-maker-timing-temp-display-silver","status":"publish","type":"product","link":"https:\/\/vevorshop.lv\/uk\/Prece\/vevor-4l-\u0432\u043e\u0434\u0438-\u0434\u0438\u0441\u0442\u0438\u043b\u044f\u0442\u043e\u0440-1\u043b-h-\u0434\u0438\u0441\u0442\u0438\u043b\u044c\u043e\u0432\u0430\u043d\u043e\u0457-\u0432\u043e\/","title":{"rendered":"VEVOR 4L \u0434\u0438\u0441\u0442\u0438\u043b\u044f\u0442\u043e\u0440 \u0432\u043e\u0434\u0438 \u0437 \u0442\u0430\u0439\u043c\u0435\u0440\u043e\u043c \u0456 \u0434\u0438\u0441\u043f\u043b\u0435\u0454\u043c \u0442\u0435\u043c\u043f\u0435\u0440\u0430\u0442\u0443\u0440\u0438, 1\u043b\/\u0433\u043e\u0434, \u043d\u0435\u0440\u0436\u0430\u0432\u0456\u044e\u0447\u0430 \u0441\u0442\u0430\u043b\u044c \u0456 \u0441\u043a\u043b\u043e, \u0441\u0440\u0456\u0431\u043b\u044f\u0441\u0442\u0438\u0439"},"content":{"rendered":"<div style=\"color: #fff!important; font-size: 16px; height: 24px; line-height: 24px; margin-top: -24px; \" class=\"product_original_name\">VEVOR 4L Water Distiller 1L\/H Distilled Water Maker Timing & Temp Display Silver<\/div>\n<div style=\"color: #fff!important; font-size: 16px; height: 24px; line-height: 24px; margin-top: -24px; \" class=\"product_sku\">M4I4KATG<\/div>\n<div style=\"color: #fff!important; font-size: 16px; height: 24px; line-height: 24px; margin-top: -24px; \" class=\"product_mpn\">D1LH1LH4L220V4MQSV2<\/div><div id=\"js-DM_at-goodDescRich\"><html><head><style>  @media screen and (max-width: 970px) {    .pcBanner {      display: none;    }    .mBanner {      display: block;    }  }  @media screen and (min-width: 970px) {    .pcBanner {      display: block;    }    .mBanner {      display: none;    }  }<\/style><\/head><body><div class=\"container\" style=\"font-size: 16px; font-family: Arial; line-height: 1.5; margin: 0 auto !important; color: #1c1c1c; padding: 10px\"><div class=\"pcBanner\"><div><img decoding=\"async\" src=\"\/vevor\/vevor\/boutique-banner\/pc\/en-pc@1x.jpg\" style=\"width: 100%;\" \/><\/div><\/div><div class=\"mBanner\"><div><img decoding=\"async\" src=\"\/vevor\/vevor\/boutique-banner\/mobile\/en-m@1x.jpg\" style=\"width: 100%;\" \/><\/div><\/div><div style=\"width: 100%\"><img decoding=\"async\" src=\"\/vevor\/product\/D1LH1LH4L220V4MQS\/water-distiller-a100-1.4.jpg\" style=\"width: 100%\" \/><\/div><div style=\"margin-top: 24px; font-size: 16px; font-weight: 700\"><div>4 \u043b \u0434\u043e\u043c\u0430\u0448\u043d\u0456\u0439 \u0434\u0438\u0441\u0442\u0438\u043b\u044f\u0442\u043e\u0440 \u0432\u043e\u0434\u0438<\/div><div><div style=\"font-size: 14px; font-weight: 400; margin: 8px 0; font-style: italic\">1 \u043b\/\u0433\u043e\u0434 \u0428\u0432\u0438\u0434\u043a\u0456\u0441\u0442\u044c \u043f\u0435\u0440\u0435\u0433\u043e\u043d\u043a\u0438 \u0442\u0430 \u041d\u0430\u043b\u0430\u0448\u0442\u0443\u0432\u0430\u043d\u043d\u044f \u0442\u0435\u043c\u043f\u0435\u0440\u0430\u0442\u0443\u0440\u0438\/\u0447\u0430\u0441\u0443 \u0442\u0430 \u0421\u043a\u043b\u044f\u043d\u0430 \u0454\u043c\u043d\u0456\u0441\u0442\u044c<\/div><\/div><div style=\"font-size: 14px; font-weight: 400\">VEVOR's water distiller with an upgraded panel is a perfect tool for purifying your water and helping you get a constant supply of distilled water, whether you're at home or in the office. This distiller can effectively dissolve VOCs and filter other impurities, and the distilling speed reaches up to 1 L (0.3 Gal) of water per hour. What's more, as an ideal match for a tiny kitchen, it is not much bigger than a kettle in size and won't take up so much of your space.<\/div><ul style=\"margin: 0; padding: 0; list-style-position: inside; font-size: 14px; font-weight: 400; margin-top: 16px; list-style: inside\"><li><span>\u0415\u0444\u0435\u043a\u0442\u0438\u0432\u043d\u0435 \u043e\u0447\u0438\u0449\u0435\u043d\u043d\u044f \u0432\u043e\u0434\u0438<\/span><\/li><li><span>Upgraded Timing Function<\/span><\/li><li><span>Precise Temperature Display<\/span><\/li><li><span>Selected Materials & Fast Heat Dissipation<\/span><\/li><li><span>\u0410\u043a\u0441\u0435\u0441\u0443\u0430\u0440\u0438, \u0437\u0440\u0443\u0447\u043d\u0456 \u0434\u043b\u044f \u043a\u043e\u0440\u0438\u0441\u0442\u0443\u0432\u0430\u0447\u0430<\/span><\/li><\/ul><\/div><div style=\"font-weight: 700\"><div style=\"font-family: Roboto; margin: 24px 0 10px 0\">\u041a\u043b\u044e\u0447\u043e\u0432\u0456 \u043e\u0441\u043e\u0431\u043b\u0438\u0432\u043e\u0441\u0442\u0456<\/div><div class=\"itemsContainer\" id=\"flexContainer\" style=\"display: grid; grid-template-columns: repeat(auto-fit, minmax(260px, 1fr))\"><div style=\"flex: 4; display: flex; flex-direction: column; padding: 10px\"><img decoding=\"async\" src=\"\/vevor\/product\/D1LH1LH4L220V4MQS\/water-distiller-m100-2.jpg\" style=\"width: 100%\" \/><p style=\"font-weight: 700; margin-top: 20px; font-size: 17px\">\u0424\u0435\u0440\u043c\u0435\u043d\u0442\u0430\u0446\u0456\u044f \u043f\u0440\u0438 \u043f\u043e\u0441\u0442\u0456\u0439\u043d\u0456\u0439 \u0442\u0435\u043c\u043f\u0435\u0440\u0430\u0442\u0443\u0440\u0456<\/p><p style=\"font-size: 14px; font-weight: 400; word-break: break-all; margin-top: 10px\">\u041e\u043d\u043e\u0432\u043b\u0435\u043d\u0430 \u0444\u0443\u043d\u043a\u0446\u0456\u044f \u043d\u0430\u043b\u0430\u0448\u0442\u0443\u0432\u0430\u043d\u043d\u044f \u0447\u0430\u0441\u0443 \u0442\u0430 \u0442\u0440\u0430\u0434\u0438\u0446\u0456\u0439\u043d\u0438\u0439 \u043a\u043e\u043d\u0442\u0440\u043e\u043b\u044c \u0442\u0435\u043c\u043f\u0435\u0440\u0430\u0442\u0443\u0440\u0438 \u0456\u0434\u0435\u0430\u043b\u044c\u043d\u043e \u043f\u0456\u0434\u0445\u043e\u0434\u044f\u0442\u044c \u0434\u043b\u044f \u0444\u0435\u0440\u043c\u0435\u043d\u0442\u0430\u0446\u0456\u0457 \u0437\u0456 \u0441\u0442\u0430\u043b\u043e\u044e \u0442\u0435\u043c\u043f\u0435\u0440\u0430\u0442\u0443\u0440\u043e\u044e, \u0434\u043e\u0437\u0432\u043e\u043b\u044f\u044e\u0447\u0438 \u043f\u0435\u0440\u0435\u0433\u0430\u043d\u044f\u0442\u0438 \u0441\u043f\u0438\u0440\u0442, \u0433\u0456\u0434\u0440\u043e\u0437\u043e\u043b\u044c \u0442\u0430 \u0435\u0444\u0456\u0440\u043d\u0443 \u043e\u043b\u0456\u044e \u0437\u0430 \u0434\u043e\u043f\u043e\u043c\u043e\u0433\u043e\u044e \u0446\u0456\u0454\u0457 \u043c\u0430\u0448\u0438\u043d\u0438.<\/p><\/div><div style=\"flex: 4; display: flex; flex-direction: column; padding: 10px\"><img decoding=\"async\" src=\"\/vevor\/product\/D1LH1LH4L220V4MQS\/water-distiller-m100-3.jpg\" style=\"width: 100%\" \/><p style=\"font-weight: 700; margin-top: 20px; font-size: 17px\">\u0417\u0430\u0445\u0438\u0441\u0442 \u0432\u0456\u0434 \u0441\u0443\u0445\u043e\u0433\u043e \u0445\u043e\u0434\u0443<\/p><p style=\"font-size: 14px; font-weight: 400; word-break: break-all; margin-top: 10px\">\u041a\u043e\u043b\u0438 \u0442\u0435\u043c\u043f\u0435\u0440\u0430\u0442\u0443\u0440\u0430 \u043f\u0435\u0440\u0435\u0432\u0438\u0449\u0443\u0454 115\u2103, \u043c\u0430\u0448\u0438\u043d\u0430 \u043f\u0440\u0438\u043f\u0438\u043d\u044f\u0454 \u043d\u0430\u0433\u0440\u0456\u0432\u0430\u043d\u043d\u044f. \u0412\u043e\u043d\u0430 \u0430\u0432\u0442\u043e\u043c\u0430\u0442\u0438\u0447\u043d\u043e \u0432\u0438\u043c\u0438\u043a\u0430\u0454\u0442\u044c\u0441\u044f, \u043a\u043e\u043b\u0438 \u0432\u043d\u0443\u0442\u0440\u0456\u0448\u043d\u044f \u0442\u0435\u043c\u043f\u0435\u0440\u0430\u0442\u0443\u0440\u0430 \u043f\u0435\u0440\u0435\u0432\u0438\u0449\u0443\u0454 150\u2103. \u041f\u043e\u0434\u0432\u0456\u0439\u043d\u0438\u0439 \u0437\u0430\u0445\u0438\u0441\u0442 \u0433\u0430\u0440\u0430\u043d\u0442\u0443\u0454 \u0431\u0435\u0437\u043f\u0435\u043a\u0443 \u0432\u0430\u0448\u043e\u0457 \u0449\u043e\u0434\u0435\u043d\u043d\u043e\u0457 \u0440\u043e\u0431\u043e\u0442\u0438.<\/p><\/div><div style=\"flex: 4; display: flex; flex-direction: column; padding: 10px\"><img decoding=\"async\" src=\"\/vevor\/product\/D1LH1LH4L220V4MQS\/water-distiller-m100-4.jpg\" style=\"width: 100%\" \/><p style=\"font-weight: 700; margin-top: 20px; font-size: 17px\">\u0415\u0444\u0435\u043a\u0442\u0438\u0432\u043d\u0430 \u0441\u0438\u0441\u0442\u0435\u043c\u0430 \u043e\u0445\u043e\u043b\u043e\u0434\u0436\u0435\u043d\u043d\u044f<\/p><p style=\"font-size: 14px; font-weight: 400; word-break: break-all; margin-top: 10px\">\u0427\u043e\u0442\u0438\u0440\u0438\u043b\u043e\u043f\u0430\u0442\u0435\u0432\u0438\u0439 \u0432\u0435\u043d\u0442\u0438\u043b\u044f\u0442\u043e\u0440 \u043d\u0430\u0433\u043e\u0440\u0456 \u0432\u0438\u0433\u043e\u0442\u043e\u0432\u043b\u0435\u043d\u0438\u0439 \u0437 \u043b\u0435\u0433\u043a\u043e\u0433\u043e \u0430\u043b\u044e\u043c\u0456\u043d\u0456\u0454\u0432\u043e\u0433\u043e \u043c\u0430\u0442\u0435\u0440\u0456\u0430\u043b\u0443, \u0430 \u043a\u043e\u043d\u0434\u0435\u043d\u0441\u0430\u0446\u0456\u0439\u043d\u0430 \u0437\u043c\u0456\u0439\u043e\u0432\u0438\u043a \u0443 \u0432\u0438\u0442\u044f\u0436\u043d\u0456\u0439 \u043a\u0440\u0438\u0448\u0446\u0456 \u2014 \u0437 \u043d\u0435\u0440\u0436\u0430\u0432\u0456\u044e\u0447\u043e\u0457 \u0441\u0442\u0430\u043b\u0456 304. \u0426\u0435 \u0437\u0430\u0431\u0435\u0437\u043f\u0435\u0447\u0443\u0454 \u043d\u0430\u0434\u0456\u0439\u043d\u0438\u0439 \u0435\u0444\u0435\u043a\u0442 \u0440\u043e\u0437\u0441\u0456\u044e\u0432\u0430\u043d\u043d\u044f \u0442\u0435\u043f\u043b\u0430.<\/p><\/div><\/div><\/div><div style=\"margin: 20px 0\"><img decoding=\"async\" src=\"\/vevor\/product\/D1LH1LH4L220V4MQS\/water-distiller-a100-1.10.jpg\" style=\"width: 100%\" id=\"featureImg1\" \/><\/div><div><\/div><div style=\"margin-top: 30px; margin-bottom: 33px\"><img decoding=\"async\" src=\"\/vevor\/product\/D1LH1LH4L220V4MQS\/water-distiller-a100-1.11.jpg\" style=\"width: 100%\" id=\"featureImg2\" \/><\/div><\/div><\/body><\/html><\/div>\n<div class=\"DM_at-title\" id=\"js-DM_at-title\"> <div>\u0421\u043f\u0435\u0446\u0438\u0444\u0456\u043a\u0430\u0446\u0456\u044f \u043f\u0440\u043e\u0434\u0443\u043a\u0442\u0443<\/div> <i class=\"icon-arrowup_line\"><\/i> <\/div><div class=\"DM_at-goodsDescAttr\" id=\"js-DM_at-goodsDescAttr\"> <div class=\"DM_at-goodsDescAttrInner\"> <dl class=\"goodsDesc_item goodsDesc_item_even\"> <dt>\u041c\u043e\u0434\u0435\u043b\u044c<\/dt> <dd> YMK40208<\/dd> <\/dl> <dl class=\"goodsDesc_item\"> <dt>\u041a\u043e\u043b\u0456\u0440<\/dt> <dd> \u0421\u0440\u0456\u0431\u043b\u043e<\/dd> <\/dl> <dl class=\"goodsDesc_item goodsDesc_item_even\"> <dt>\u041d\u0430\u043f\u0440\u0443\u0433\u0430<\/dt> <dd> 220\u0412\/50\u0413\u0446<\/dd> <\/dl> <dl class=\"goodsDesc_item\"> <dt>\u041d\u043e\u043c\u0456\u043d\u0430\u043b\u044c\u043d\u0430 \u043f\u043e\u0442\u0443\u0436\u043d\u0456\u0441\u0442\u044c<\/dt> <dd> 750 \u0412\u0442<\/dd> <\/dl> <dl class=\"goodsDesc_item goodsDesc_item_even\"> <dt>\u0428\u0432\u0438\u0434\u043a\u0456\u0441\u0442\u044c \u0434\u0438\u0441\u0442\u0438\u043b\u044f\u0446\u0456\u0457<\/dt> <dd> 1 L\/H (0.3 Gal\/H)<\/dd> <\/dl> <dl class=\"goodsDesc_item\"> <dt>\u0414\u0456\u0430\u043f\u0430\u0437\u043e\u043d \u0442\u0435\u043c\u043f\u0435\u0440\u0430\u0442\u0443\u0440<\/dt> <dd> 30-108\u2103 (86-226.4\u2109)<\/dd> <\/dl> <dl class=\"goodsDesc_item goodsDesc_item_even\"> <dt>\u041c\u0430\u0442\u0435\u0440\u0456\u0430\u043b \u0441\u0442\u0432\u043e\u043b\u0430<\/dt> <dd> 304 \u041d\u0435\u0440\u0436\u0430\u0432\u0456\u044e\u0447\u0430 \u0441\u0442\u0430\u043b\u044c<\/dd> <\/dl> <dl class=\"goodsDesc_item\"> <dt>Barrel Volume<\/dt> <dd> 4 L (1.1 Gal)<\/dd> <\/dl> <dl class=\"goodsDesc_item goodsDesc_item_even\"> <dt>\u041c\u0430\u0442\u0435\u0440\u0456\u0430\u043b \u0433\u043b\u0435\u0447\u0438\u043a\u0430<\/dt> <dd> \u0411\u043e\u0440\u043e\u0441\u0438\u043b\u0456\u043a\u0430\u0442\u043d\u0435 \u0441\u043a\u043b\u043e<\/dd> <\/dl> <dl class=\"goodsDesc_item\"> <dt>\u041e\u0431'\u0454\u043c \u0433\u043b\u0435\u0447\u0438\u043a\u0430<\/dt> <dd> 4 L (1.1 Gal)<\/dd> <\/dl> <dl class=\"goodsDesc_item goodsDesc_item_even\"> <dt>\u0420\u043e\u0437\u043c\u0456\u0440 \u0433\u0440\u0430\u0444\u0438\u043d\u0443<\/dt> <dd> \u03a618x19 cm (\u03a67.1x7.5 in)<\/dd> <\/dl> <dl class=\"goodsDesc_item\"> <dt>\u0412\u0430\u0433\u0430 \u0433\u0440\u0430\u0444\u0438\u043d\u0430<\/dt> <dd> 1.03 kg (2.27 lbs)<\/dd> <\/dl> <dl class=\"goodsDesc_item goodsDesc_item_even\"> <dt>\u0413\u0430\u0431\u0430\u0440\u0438\u0442\u0438 \u0432\u0435\u0440\u0441\u0442\u0430\u0442\u0430<\/dt> <dd> \u03a623.6x38.5 cm (\u03a69.3x15.2 in)<\/dd> <\/dl> <dl class=\"goodsDesc_item\"> <dt>\u0412\u0430\u0433\u0430 \u043c\u0430\u0448\u0438\u043d\u0438<\/dt> <dd> 3.3 kg (7.3 lbs)<\/dd> <\/dl> <\/div> <\/div>","protected":false},"excerpt":{"rendered":"<ul>\n<li> Efficient Water Purification: The 750-watt heating element allows our home water distiller to produce up to 1 L (0.3 Gal) per hour and about 24 L (6 Gal) per day. It can effectively dissolve solids, VOCs and other impurities, offering you the pure distilled water for drinking at ease. Apart from distilling water, it can be used to make alcohol and essential oil as well. Perfect for offices, homes, labs, dental clinics, etc. <\/li>\n<li> Upgraded Timing Function: In addition to the conventional functions of the previous types, our distilled water maker spotlights timing function. The 0-99 H timing range is ideal for constant temperature fermentation, perfectly meeting your needs of making alcohol, essential oil, and hydrosol. Plus, it is suggested to set 3.5 hours when distilling 4 L (1.1 Gal) water. In this way, some water will remain at the bottom at the end of distillation, which can effectively reduce limescale. <\/li>\n<li> Precise Temperature Display: Our countertop water distiller is designed with an intuitive control panel, displaying the setting temperature, which ranges from 30\u2103 (86\u2109) to 108\u2103 (226.4\u2109). It allows you to better control the distillation process. Besides, from the comfort of the dry-burning protection, it will stop heating when the temperature exceeds 115\u2103 (239\u2109), and shut down automatically when it is over 150\u2103 (302\u2109). <\/li>\n<li> Selected Materials &#038; Fast Heat Dissipation: All the parts that come into contact with water adopt food-grade 304 stainless steel, including the internal tank, inner cap, and water outlet. The 4 L (1.1 Gal) glass carafe with silicone buffer won&#8217;t crack or break easily. It can store the distilled water longer than those plastic ones. A built-in 4-blade aluminum fan as well as the SUS 304 condensing coil is durable enough to ensure rapid heat dissipation and extended service life. <\/li>\n<li> \u0417\u0440\u0443\u0447\u043d\u0456 \u0430\u043a\u0441\u0435\u0441\u0443\u0430\u0440\u0438: \u0414\u043b\u044f \u043a\u0440\u0430\u0449\u043e\u0433\u043e \u0434\u043e\u0441\u0432\u0456\u0434\u0443 \u0432\u0438\u043a\u043e\u0440\u0438\u0441\u0442\u0430\u043d\u043d\u044f \u043c\u0438 \u043f\u0440\u043e\u043f\u043e\u043d\u0443\u0454\u043c\u043e \u043f\u043b\u044f\u0448\u043a\u0443 \u0447\u0438\u0441\u0442\u044f\u0447\u043e\u0433\u043e \u043f\u043e\u0440\u043e\u0448\u043a\u0443 \u0442\u0430 3 \u0437\u0430\u043f\u0430\u0441\u043d\u0438\u0445 \u0432\u0443\u0433\u0456\u043b\u044c\u043d\u0438\u0445 \u0444\u0456\u043b\u044c\u0442\u0440\u0438. \u0427\u0438\u0441\u0442\u0438\u0442\u0438 \u0432\u043d\u0443\u0442\u0440\u0456\u0448\u043d\u0456\u0439 \u0440\u0435\u0437\u0435\u0440\u0432\u0443\u0430\u0440 \u0437\u0430 \u0434\u043e\u043f\u043e\u043c\u043e\u0433\u043e\u044e \u0447\u0438\u0441\u0442\u044f\u0447\u043e\u0433\u043e \u043f\u043e\u0440\u043e\u0448\u043a\u0443 \u043b\u0435\u0433\u043a\u043e. \u041d\u0430\u043a\u0438\u043f \u043c\u043e\u0436\u043d\u0430 \u043c\u0456\u043d\u0456\u043c\u0456\u0437\u0443\u0432\u0430\u0442\u0438, \u044f\u043a\u0449\u043e \u0437\u0430\u043b\u0438\u0448\u0430\u0442\u0438 \u0442\u0440\u043e\u0445\u0438 \u0432\u043e\u0434\u0438 \u043d\u0430 \u0434\u043d\u0456 \u043f\u0456\u0441\u043b\u044f \u043a\u043e\u0436\u043d\u043e\u0433\u043e \u0434\u0438\u0441\u0442\u0438\u043b\u044f\u0446\u0456\u0457. \u0412\u0441\u0442\u0430\u043d\u043e\u0432\u043b\u0435\u043d\u043d\u044f \u0432\u0443\u0433\u0456\u043b\u044c\u043d\u043e\u0433\u043e \u0444\u0456\u043b\u044c\u0442\u0440\u0430 \u043d\u0430 \u0432\u0438\u0445\u043e\u0434\u0456 \u0432\u043e\u0434\u0438 \u0434\u043e\u0437\u0432\u043e\u043b\u0438\u0442\u044c \u0434\u043e\u0434\u0430\u0442\u043a\u043e\u0432\u043e \u043e\u0447\u0438\u0441\u0442\u0438\u0442\u0438 \u0434\u0438\u0441\u0442\u0438\u043b\u044c\u043e\u0432\u0430\u043d\u0443 \u0432\u043e\u0434\u0443 \u0442\u0430 \u043f\u043e\u043a\u0440\u0430\u0449\u0438\u0442\u0438 \u0457\u0457 \u0441\u043c\u0430\u043a. <\/li>\n<\/ul>","protected":false},"featured_media":260442,"comment_status":"closed","ping_status":"open","template":"","meta":{"om_disable_all_campaigns":false,"_monsterinsights_skip_tracking":false,"_monsterinsights_sitenote_active":false,"_monsterinsights_sitenote_note":"","_monsterinsights_sitenote_category":0,"_uf_show_specific_survey":0,"_uf_disable_surveys":false},"location":[1935,1934],"product_brand":[21],"product_cat":[2445,2794,2449,2795],"product_tag":[],"class_list":{"0":"post-11490","1":"product","2":"type-product","3":"status-publish","4":"has-post-thumbnail","6":"location-supplier_stock_location","7":"location-local_stock_location","8":"product_brand-vevor","9":"product_cat-appliances","10":"product_cat-electric-kettles","11":"product_cat-small-kitchen-appliances","12":"product_cat-water-distiller-electric-kettles","14":"first","15":"instock","16":"taxable","17":"shipping-taxable","18":"purchasable","19":"product-type-simple"},"aioseo_notices":[],"jetpack_sharing_enabled":true,"locations":[{"id":1935,"name":"Pieg\u0101d\u0101t\u0101ja noliktav\u0101 (5-7d.d.)","slug":"supplier_stock_location","quantity":"252"},{"id":1934,"name":"R\u012bgas veikal\u0101 (0-2d.d.)","slug":"local_stock_location","quantity":"0"}],"_links":{"self":[{"href":"https:\/\/vevorshop.lv\/uk\/wp-json\/wp\/v2\/product\/11490","targetHints":{"allow":["GET"]}}],"collection":[{"href":"https:\/\/vevorshop.lv\/uk\/wp-json\/wp\/v2\/product"}],"about":[{"href":"https:\/\/vevorshop.lv\/uk\/wp-json\/wp\/v2\/types\/product"}],"replies":[{"embeddable":true,"href":"https:\/\/vevorshop.lv\/uk\/wp-json\/wp\/v2\/comments?post=11490"}],"wp:featuredmedia":[{"embeddable":true,"href":"https:\/\/vevorshop.lv\/uk\/wp-json\/wp\/v2\/media\/260442"}],"wp:attachment":[{"href":"https:\/\/vevorshop.lv\/uk\/wp-json\/wp\/v2\/media?parent=11490"}],"wp:term":[{"taxonomy":"location","embeddable":true,"href":"https:\/\/vevorshop.lv\/uk\/wp-json\/wp\/v2\/location?post=11490"},{"taxonomy":"product_brand","embeddable":true,"href":"https:\/\/vevorshop.lv\/uk\/wp-json\/wp\/v2\/product_brand?post=11490"},{"taxonomy":"product_cat","embeddable":true,"href":"https:\/\/vevorshop.lv\/uk\/wp-json\/wp\/v2\/product_cat?post=11490"},{"taxonomy":"product_tag","embeddable":true,"href":"https:\/\/vevorshop.lv\/uk\/wp-json\/wp\/v2\/product_tag?post=11490"}],"curies":[{"name":"wp","href":"https:\/\/api.w.org\/{rel}","templated":true}]}}