{"id":152165,"date":"2025-02-25T22:43:13","date_gmt":"2025-02-25T22:43:13","guid":{"rendered":"https:\/\/vevorshop.lv\/en_us\/Prece\/vevor-waterproof-truck-bed-tent-for-5-0-5-2ft-pickup-2-3-person-with-awning-ventilation\/"},"modified":"2026-03-23T14:54:07","modified_gmt":"2026-03-23T12:54:07","slug":"vevor-waterproof-truck-bed-tent-for-5-0-5-2ft-pickup-2-3-person-with-awning-ventilation","status":"publish","type":"product","link":"https:\/\/vevorshop.lv\/uk\/Prece\/vevor-waterproof-truck-bed-tent-for-5-0-5-2ft-pickup-2-3-person-with-awning-ventilation\/","title":{"rendered":"\u0412\u043e\u0434\u043e\u043d\u0435\u043f\u0440\u043e\u043d\u0438\u043a\u043d\u0438\u0439 \u043d\u0430\u043c\u0435\u0442 VEVOR \u0434\u043b\u044f \u043f\u0456\u043a\u0430\u043f\u0430 \u0437 \u0442\u0435\u043d\u0442\u043e\u043c, \u043f\u0456\u0434\u0445\u043e\u0434\u0438\u0442\u044c \u0434\u043b\u044f \u043a\u0443\u0437\u043e\u0432\u0456\u0432 152\u2013158 \u0441\u043c, \u043d\u0430 2\u20133 \u043e\u0441\u0456\u0431, PU2000 \u043c\u043c, \u0437 \u043c\u043e\u0441\u043a\u0456\u0442\u043d\u043e\u044e \u0441\u0456\u0442\u043a\u043e\u044e \u0442\u0430 \u0441\u0443\u043c\u043a\u043e\u044e"},"content":{"rendered":"<div style=\"color: #fff!important; font-size: 16px; height: 24px; line-height: 24px; margin-top: -24px; \" class=\"product_original_name\">VEVOR Pickup Truck Tent, Fits 5.0-5.2 ft Truck Tents for Camping, Waterproof PU2000 mm 2-3 Person Sleeping Truck Bed Tent, Sturdy Truck Bed Camper Shell with Expandable Awning, Rainfly, Storage Bag<\/div>\n<div style=\"color: #fff!important; font-size: 16px; height: 24px; line-height: 24px; margin-top: -24px; \" class=\"product_sku\">M7K66J6H<\/div>\n<div style=\"color: #fff!important; font-size: 16px; height: 24px; line-height: 24px; margin-top: -24px; \" class=\"product_mpn\">CZZPDZYPK5057U67XV0<\/div><div id=\"js-DM_at-goodDescRich\"><html><head><style>  body {    font-family: Arial;    line-height: 1.5;    color: #1c1c1c;    overflow-x: hidden;    margin: 0;    padding: 0;  }  .MsoNormal b {    font-weight: bolder;  }<\/style><style>  .container.small {    width: 970px;    margin: 0 auto;  }  .logo {    margin: 0 auto 0;  }  .logo img {    display: block;    margin: 0 auto;    max-width: 100%;  }  .logo .pc-banner {    display: block;    width: 1200px;    height: 247.4px;    margin: 0 auto;  }  .logo .pc-banner.small {    width: 970px;  }  .logo .pc-banner.small img {    height: auto!important;  }  .logo .m-banner {    display: none;  }  .ytvideo {    position: relative;    height: 546px;    width: 100%;    margin: 0 auto;  }  .ytvideo img {    width: 100%;    margin: 0 auto;  }  .ytvideo .play-btn {    width: 60px;    height: 42px;    position: absolute;    top: 50%;    left: 50%;    transform: translate(-50%, -50%);    background: url(\"data:image\/png;base64,iVBORw0KGgoAAAANSUhEUgAAAGQAAABGCAMAAAANWMFbAAAC+lBMVEUAAADBGB3kLCfBGB3kLCfcJC7BFx3KKSbiKybkLCbWJCPSIiLSIiLPICHAFx3kLCfgKSXNHiDZJiTIGx\/p4eHcjo7LHSDbJyTkLCbjKyfOHyHPIiL28fHJHB\/GGh7EGR7eKCXDGB3RISHlLSbBGB3AFxzGHB7DGB7BGB3hKybkKybAFx3lLCfAFxzDGR3hKibDGB7cJyTmz8\/elJTlwcHjurrUIyLlLSflLSfAFx3DGR7lLSfCFx3hKibhKibhKybjKybkLCblLSfbJSX49vbx7e3NNzjNMTLMJyjVIyLZf3\/ZQ0LaeHjx0tLgoqLkLCfCGB3HGx\/BGB3BFx3PICHCGB7WJCLOHyC\/Fxy\/Fx3lLCfQISHkLSe\/FxzbJiTBFx3FGx\/AGB7BFx3EGR7AGB3HHSDfKiXAFh3TISHYNzbhKibbJyTTIiL57e325+f039\/v2NjUV1fOHiHiqanfmprch4feKSXVIyPOICHmLibFGh\/mLSe\/Fx7XJCPeKSXXJSPNHyHaJyTGGh7lLCbmLCflLSjSIiLkLCbdKSXLHiC\/GB3KHh++Fh3lKyfoLiXcKCPkx8fYb2\/XaGfVXl3aU1LLHiDksbHgKibPICHbJyTfKSXbJyTCGB3KHSDiKybFGh7TIiL\/\/\/\/VIyPRISHIHB\/GGx\/HHB\/DGR7gKibdKCXLHiDZJiTMHiDNHyHYJSTOICHPICHWJCPcKCXXJSPjLCblLCf+\/f3NGR\/uLijzLynPGR\/IGB7WISHaIyLLGh7UAADxLynNAADRLzDbICLQAADIAAD3MCrUHSHXMTDpKSbLAADp5OTij4\/ejo\/VLy\/1LyngJSTcJCPQHx\/OHB7+\/PzaMS\/OLS\/vLijrLSjSAADaNTPwLyjkKSbNJCbYISHPHB\/KGB7WAAD7+vrn3d3aKynTKCjoLCfsKifRGh\/YAADq5+fhjo7QNDXXKCfmJyXt5+fTLzDLLi\/QKivYHRvMGBrQJCXLISPMExXLDxLaEAvkkI\/bOTfaFQ\/SCgpvLcnHAAAAmnRSTlMA+vv7+gT9Bvf9+8z8\/NSv\/Pr5+P7++vnQIBMP\/v38\/Pn348XDiCYf9OjbzcqxXVcx\/fz8+\/rj1r2poo1+fXFqX0orGP7+\/v7+\/fz8+\/r68uzn4trIxsG\/vri3p6GcmZSNbWVYUUZEPQv+\/f39+\/v7+\/v7+vr64tvV1NTTz87FtbSurqeblJKFg4B3bUY+NjL7+\/v7+\/v67t1cDo8JLQAABkRJREFUWMO0kz9rwkAYh0OIeJkum6YugUAhISCdKoj\/P4C7SMdS+gEKIhSKil10LSg4mzXkILdlEpxCpwTiWOLX6BujvQaEQuGeHLnL+\/64J+SIcKGYTYWnntpdLjrVdqvZmNdn0+EE40GtpuuWVS6Xx6N7YDSGpWXpeq02wHgynM7q80az1a52HpddtVcpsi1zFARBrdaxbhp9iUReTGmwA4KAAr7vx3EYejnCMI6hQYEgy0LQi4jUN0wL19vqFcUC9\/1dAKmEEFkWRYkh5oBejnxQJiSJPJ\/uKBp0Thszx9Mw8hMRIQjKsptCfuES9zr5WJY6vSFCIvE9fCMUmEM1A1kSXcYGxgVYsvI1IPKTZciSTI0us\/SMGG04gDzELDoFBwdcFJrF88dqgYMTiL6DILWYyfOWE8\/kIz38olCNlC03FK95+imxp6y4oUSvAnBjHHhKNtotSDqJzVFiK8c2SBqhZtsrTtgrLXwAyduxZHNE26eHUt5rtuM4WSmds3G+sUdWYo1L+XyxButoh5eKUHk5lByO3G1LqqCWVnfrv\/lyPtf\/4ps1cndNGIri8J1TJ0lx6dR\/oPjq1nbRwdp2dCk4CtIOLW3pVKRL6WZfS5vF2KkIQhpwSsjiYIgNCs1gEMGqiIq24NQX9NwoXFy8Ufrl3twTcg4fv8T9\/JBEySduj6Mjm4bMzYV7EEOxKjjoNDud7yY3Dy71Hq2oLmqfbNR723edH9PgMrNL2utoQ3VmaIDkiw\/4w51P06hlZsTZvkRrbVuSIs\/zwSOsycgzStQouoAkWQqioRT5XI7n2Z1wfVhoZmcAJLsoqjqpjbWCgpOAJXBwHK8PzWbNvoUZJND5wCnSkLAkZ1legx6vqQzjoiTahKlGUGLAiIIoABOHaNVw4sexZBym6\/HWlH5h3IC7yRbxtipcWxdTOkORKiNQAEkFf66x5S2oeRbroOlLgg0sSYkR0hRGEqJZ0jTPiQKatESdBckpWigxaapEH0lImHdWu9pUFF2XqMNM2Z4kped7IwEJw2qabwtrQqnpw6HyKkgcadKWsmpywwesDyIhYRpdzXddqegtGIJlXbAIUMOLkGxJUjRIkokwjUaX9d\/kK62ps\/tYUqZLIMkLTyBhsMZ3C5Z\/kDxOSCb\/DOs\/\/J0qcWSX\/2ipe56EgTCA4\/cB7NAYOsni4mZM1MUPAISoEwkDi4lhVBQ1cWQyIcwalw4EpqZN68JUSK7XC0kTlkLYii5uXSC8jT5ncCAS7mjCv0uHp\/3lueHEEAeQ\/\/VgmdN71\/2uCSA1Xr6DO6uI6sW56zqT2tp2PhgiRUAajV8CY2fkcz6WGNKMgLAt7tJAhD4YHMTeRxlALE6+43WqjSWi8ITxyJl8WrwWSNESQZZOqhDDntO3hJLsd5RtSpbJqdv3YrDJH3F7jL1R2O2aQkn2MyCyKYz0GPGIvSAMgBCrCEiJyKbBaYGwLW4uPRr0A0M4Ux5kUI7IBh+hMdiCEWNqhMZGyYMsOgNE58UQuEQeUnSWCMYwL54hkxK6IoqucQZbQ3pc3XtL0lky1dL0zZJJDpWJovFqpWj6JEHnyam2eQp5QRVAVHjWparTOaVwUOx99YS2MvgxIGV0bb+qIg2HX2qkFFJB+XZcbLiuRkuxD9GRroKyveLxdh4d7Orx+hb7qc3uVRuEogCOnyIxm4ubUoPgF4jianDrC+SDQDKEfJb0GUKmjCGPYHGJvVC6X4hw1\/sAfQAdfYyephIaspXe36RwOP+Ljvfx9B6B3i+Nk0DGq+oCbLn6JpBa9nWAveAIHwFAwtVcIJXPMPL8kRu5OAYPMaL1WScTxjiZDqB9LTJSWphow\/pTYKRTLjCBhvi9iBidvKcDasGSm0QQkycYuLBqj6QCELPctqChDWpTRMWkngNNpQ1Pfp1KkiT\/Y0DGffXAweUNfLAfaJFKDwhb6I+bkYRbkERoEeu3Fyjg2opMz2daZCS9jt6Q7txNfB+OZEVF6Zl5web2xunnLQrtrjXseXKaFYziYINeMFZVxS9VxRhOoesYwxPKXm+gWLG9cuFeq93UNNeJNsf1KlwuDok9n02n3TgIJpOxNfL9naIoQwXtfH9kjceTIIi709ncTg6LZbg+biLH1V6u\/7rxBem06VXKn9raAAAAAElFTkSuQmCC\")      no-repeat center center \/ contain;  }  @media screen and (max-width: 960px) and (orientation: portrait) {    .logo {      width: 100%;    }    .logo .pc-banner {      display: none;    }    .logo .m-banner {      display: block;      width: 100%;    }    .logo .m-banner img {      height: auto!important;    }    .ytvideo {      height: 200px;      width: 100%;    }  }<\/style><style>  .video-section {    width: 100%;    margin: 0 auto;  }  .video-section > img {    width: 100%;  }  .video-section iframe,  .video-section video {    width: 100%;    height: 100%;      }  .video-section-img-m,  .video-section-img-pc > img {    width: 100%;    height: auto;  }  .video-section-img-pc.small > img {    width: 970px;  }  .video-desc {    line-height: 1.5;    font-size: 20px;    font-weight: 400;    margin: 20px 0;    text-align: center;    color: #0f1111;    word-break: break-word;  }  @media screen and (max-width: 960px) and (orientation: portrait) {    .video-section {      width: 100%;    }    .video-section-pc,    .video-section-img-pc {      display: none;    }    .video-section-m,    .video-section-img-m {      display: block;    }    .video-desc {      font-size: 15px;    }  }  @media screen and (min-width: 960px) {    .video-section {      width: 100%;      margin: 0 auto;    }    .video-section-pc,    .video-section-img-pc {      display: block;    }    .video-section-m,    .video-section-img-m {      display: none;    }    .video-desc {      font-size: 20px;    }  }<\/style><style>  .section + .section {    margin-top: 35px;  }  .section-title {    text-align: center;    font-weight: bold;    color: #0d1111;    font-family: \"Arial\";    font-size: 32px;    margin: 15px 0;  }  .section-title:empty {    display: none;  }  .section-desc {    text-align: center;    font-weight: normal;    color: #0d1111;    margin-top: 20px;  }  .section-desc:empty {    display: none;  }  .section-img {    width: 1200px;    height: 492px;    margin: 0 auto;    display: block;  }  .section-img.small {    width: 970px;    height: auto;  }  .section-img.small > img {    height: auto;  }  .section-img > img {    width: 100%;    height: 100%;  }  .section-mobile-img {    display: none;    max-width: 100vw;    max-height: 75vw;    height: 450px;    margin: 0 auto;  }  .section-mobile-img > img {    width: 100%;    height: 100%;  }  @media screen and (max-width: 960px) and (orientation: portrait) {    .container {      width: 100%;    }    .container.small {      width: 100%;    }    .section-mobile-img {      display: block;    }    .section-img {      display: none;    }    .section-title {      font-size: 22px;      margin: 10px 0;    }    .section-desc {      margin-top: 10px;    }    .section + .section {      margin-top: 20px;    }  }<\/style><\/head><body><div class=\"container small\"><div class=\"logo\"><div class=\"pc-banner small\"><div><img decoding=\"async\" src=\"\/vevor\/vevor\/boutique-banner\/pc\/en-pc@1x.jpg\" style=\"width: 100%;\" \/><\/div><\/div><div class=\"m-banner\"><div><img decoding=\"async\" src=\"\/vevor\/vevor\/boutique-banner\/mobile\/en-m@1x.jpg\" style=\"width: 100%;\" \/><\/div><\/div><\/div><div class=\"section-title\">\u041f\u0435\u0440\u0435\u0442\u0432\u043e\u0440\u0456\u0442\u044c \u0441\u0432\u0456\u0439 \u043f\u0456\u043a\u0430\u043f \u043d\u0430 \u043c\u043e\u0431\u0456\u043b\u044c\u043d\u0438\u0439 \u0431\u0443\u0434\u0438\u043d\u043e\u043a<\/div><div class=\"video-section\"><div class=\"video-section-img-pc small\"><img decoding=\"async\" src=\"\/vevor\/product\/CZZPDZYPK5057U67X\/truck-tent-a100-1.4-pt.jpg\" \/><\/div><div class=\"video-section-img-m\"><img decoding=\"async\" src=\"\/vevor\/product\/CZZPDZYPK5057U67X\/truck-tent-a100-1.4-pt.jpg\" \/><\/div><div class=\"section-desc\">\u041d\u0435 \u0442\u0443\u0440\u0431\u0443\u0439\u0442\u0435\u0441\u044f \u043f\u0440\u043e \u043c\u0456\u0441\u0446\u0435\u0432\u0456\u0441\u0442\u044c \u2013 \u043f\u0435\u0440\u0435\u043d\u0435\u0441\u0456\u0442\u044c \u0441\u0432\u0456\u0439 \"\u0434\u0456\u043c\" \u0443 \u043a\u0443\u0437\u043e\u0432 \u0432\u0430\u0448\u043e\u0457 \u0432\u0430\u043d\u0442\u0430\u0436\u0456\u0432\u043a\u0438! \u0417 \u043d\u0430\u043c\u0435\u0442\u043e\u043c, \u0434\u043e\u0441\u0442\u0430\u0442\u043d\u044c\u043e \u0432\u0438\u0441\u043e\u043a\u0438\u043c, \u0449\u043e\u0431 \u0441\u0438\u0434\u0456\u0442\u0438 \u043f\u0440\u044f\u043c\u043e, \u043d\u0435 \u0437\u0433\u0438\u043d\u0430\u044e\u0447\u0438\u0441\u044c, \u043d\u0430\u0448 \u043d\u0430\u043c\u0435\u0442 \u0434\u043b\u044f \u0432\u0430\u043d\u0442\u0430\u0436\u0456\u0432\u043a\u0438 \u0437\u0430\u0431\u0435\u0437\u043f\u0435\u0447\u0438\u0442\u044c \u0434\u043e\u0441\u0442\u0430\u0442\u043d\u044c\u043e \u043c\u0456\u0441\u0446\u044f \u0434\u043b\u044f \u0432\u0430\u0448\u043e\u0457 \u0440\u043e\u0434\u0438.<\/div><\/div><div class=\"section\"><div class=\"section-title\"><\/div><div class=\"section-img small\"><img decoding=\"async\" src=\"\/vevor\/product\/CZZPDZYPK5057U67X\/truck-tent-a100-2.2-pt.jpg\" \/><\/div><div class=\"section-mobile-img\"><img decoding=\"async\" src=\"\/vevor\/product\/CZZPDZYPK5057U67X\/truck-tent-a100-2.2-pt.jpg\" \/><\/div><div class=\"section-desc\">\u042f\u043a \u0432\u0438\u043c\u0456\u0440\u044f\u0442\u0438 \u043a\u0443\u0437\u043e\u0432 \u0432\u0430\u0448\u043e\u0457 \u0432\u0430\u043d\u0442\u0430\u0436\u0456\u0432\u043a\u0438? 1. \u0412\u0438\u043c\u0456\u0440\u044f\u0439\u0442\u0435 \u0434\u043e\u0432\u0436\u0438\u043d\u0443 \u043a\u0443\u0437\u043e\u0432\u0430 \u0432\u0430\u043d\u0442\u0430\u0436\u0456\u0432\u043a\u0438. 2. \u0412\u0438\u043c\u0456\u0440\u044f\u0439\u0442\u0435 \u0434\u043e\u0432\u0436\u0438\u043d\u0443 \u0432\u0456\u0434 \u043a\u0440\u0430\u044e \u043a\u0430\u0431\u0456\u043d\u0438. 3. \u0420\u043e\u0437\u0442\u044f\u0433\u043d\u0456\u0442\u044c \u0440\u0443\u043b\u0435\u0442\u043a\u0443 \u0434\u043e \u0432\u043d\u0443\u0442\u0440\u0456\u0448\u043d\u044c\u043e\u0457 \u0441\u0442\u043e\u0440\u043e\u043d\u0438 \u0437\u0430\u0434\u043d\u044c\u043e\u0433\u043e \u0431\u043e\u0440\u0442\u0443 \u0456 \u0437\u0430\u043f\u0438\u0448\u0456\u0442\u044c \u0432\u0438\u043c\u0456\u0440\u0438. 4. \u041f\u0435\u0440\u0435\u043a\u043e\u043d\u0430\u0439\u0442\u0435\u0441\u044f, \u0449\u043e \u0432\u0430\u0448\u0456 \u0432\u0438\u043c\u0456\u0440\u0438 \u0437\u043d\u0430\u0445\u043e\u0434\u044f\u0442\u044c\u0441\u044f \u0432 \u043c\u0435\u0436\u0430\u0445 \u0437\u0430\u0437\u043d\u0430\u0447\u0435\u043d\u043e\u0433\u043e \u0434\u0456\u0430\u043f\u0430\u0437\u043e\u043d\u0443 \u0434\u043b\u044f \u043d\u0430\u043c\u0435\u0442\u0443 \u0432\u0430\u043d\u0442\u0430\u0436\u0456\u0432\u043a\u0438, \u0430\u0431\u043e \u0437\u0432\u0435\u0440\u043d\u0456\u0442\u044c\u0441\u044f \u0434\u043e \u043d\u0430\u0448\u043e\u0433\u043e \u043f\u043e\u0441\u0456\u0431\u043d\u0438\u043a\u0430 \u0437 \u043c\u043e\u0434\u0435\u043b\u0435\u0439.<\/div><\/div><div class=\"section\"><div class=\"section-title\"><\/div><div class=\"section-img small\"><img decoding=\"async\" src=\"\/vevor\/product\/CZZPDZYPK5057U67X\/truck-tent-a100-2.3-pt.jpg\" \/><\/div><div class=\"section-mobile-img\"><img decoding=\"async\" src=\"\/vevor\/product\/CZZPDZYPK5057U67X\/truck-tent-a100-2.3-pt.jpg\" \/><\/div><div class=\"section-desc\">\u0412\u0438\u0433\u043e\u0442\u043e\u0432\u043b\u0435\u043d\u0438\u0439 \u0437 \u043c\u0456\u0446\u043d\u043e\u0457 \u0442\u043a\u0430\u043d\u0438\u043d\u0438 Oxford 210D \u0437 \u0449\u0456\u043b\u044c\u043d\u0438\u043c\u0438 \u0448\u0432\u0430\u043c\u0438 \u0442\u0430 \u0432\u043e\u0434\u043e\u043d\u0435\u043f\u0440\u043e\u043d\u0438\u043a\u043d\u0456\u0441\u0442\u044e PU2000, \u043d\u0430\u043c\u0435\u0442 \u0434\u043b\u044f \u043a\u0443\u0437\u043e\u0432\u0430 \u0432\u0430\u043d\u0442\u0430\u0436\u0456\u0432\u043a\u0438 \u0434\u043e\u043f\u043e\u043c\u0430\u0433\u0430\u0454 \u0431\u043b\u043e\u043a\u0443\u0432\u0430\u0442\u0438 \u0442\u0435\u043f\u043b\u043e, \u043d\u0435 \u043f\u0440\u043e\u043f\u0443\u0441\u043a\u0430\u044e\u0447\u0438 \u0434\u043e\u0449, \u0437\u0430\u0431\u0435\u0437\u043f\u0435\u0447\u0443\u044e\u0447\u0438 \u0441\u0443\u0445\u0438\u0439 \u0456 \u043a\u043e\u043c\u0444\u043e\u0440\u0442\u043d\u0438\u0439 \u043f\u0440\u043e\u0441\u0442\u0456\u0440 \u0443\u0441\u0435\u0440\u0435\u0434\u0438\u043d\u0456.<\/div><\/div><div class=\"section\"><div class=\"section-title\"><\/div><div class=\"section-img small\"><img decoding=\"async\" src=\"\/vevor\/product\/CZZPDZYPK5057U67X\/truck-tent-a100-2.4-pt.jpg\" \/><\/div><div class=\"section-mobile-img\"><img decoding=\"async\" src=\"\/vevor\/product\/CZZPDZYPK5057U67X\/truck-tent-a100-2.4-pt.jpg\" \/><\/div><div class=\"section-desc\">\u0417\u0430\u0432\u0434\u044f\u043a\u0438 \u0441\u043a\u043b\u043e\u043f\u043b\u0430\u0441\u0442\u0438\u043a\u043e\u0432\u0438\u043c \u0441\u0442\u0456\u0439\u043a\u0430\u043c \u0442\u0430 \u0432\u043a\u043b\u044e\u0447\u0435\u043d\u0438\u043c \u0430\u043a\u0441\u0435\u0441\u0443\u0430\u0440\u0430\u043c \u0437 \u0433\u0430\u0447\u043a\u0430\u043c\u0438, \u0434\u043e\u0441\u0432\u0456\u0434\u0447\u0435\u043d\u0430 \u043b\u044e\u0434\u0438\u043d\u0430 \u043c\u043e\u0436\u0435 \u0432\u0441\u0442\u0430\u043d\u043e\u0432\u0438\u0442\u0438 \u0441\u0430\u043c\u043e\u0445\u0456\u0434\u043d\u0438\u0439 \u043d\u0430\u043c\u0435\u0442 \u0434\u043b\u044f \u043a\u0435\u043c\u043f\u0456\u043d\u0433\u0443 \u043c\u0435\u043d\u0448 \u043d\u0456\u0436 \u0437\u0430 20 \u0445\u0432\u0438\u043b\u0438\u043d. \u041e\u0431\u043e\u0432'\u044f\u0437\u043a\u043e\u0432\u043e \u0443\u0432\u0430\u0436\u043d\u043e \u043f\u0440\u043e\u0447\u0438\u0442\u0430\u0439\u0442\u0435 \u0456\u043d\u0441\u0442\u0440\u0443\u043a\u0446\u0456\u044e \u0437\u0456 \u0437\u0431\u0438\u0440\u0430\u043d\u043d\u044f \u0434\u043b\u044f \u043f\u0435\u0440\u0448\u043e\u0433\u043e \u0432\u0441\u0442\u0430\u043d\u043e\u0432\u043b\u0435\u043d\u043d\u044f.<\/div><\/div><div class=\"section\"><div class=\"section-title\"><\/div><div class=\"section-img small\"><img decoding=\"async\" src=\"\/vevor\/product\/CZZPDZYPK5057U67X\/truck-tent-a100-2.5-pt.jpg\" \/><\/div><div class=\"section-mobile-img\"><img decoding=\"async\" src=\"\/vevor\/product\/CZZPDZYPK5057U67X\/truck-tent-a100-2.5-pt.jpg\" \/><\/div><div class=\"section-desc\">\u041d\u0430\u0448 \u0442\u0435\u043d\u0442 \u0434\u043b\u044f \u043a\u0435\u043c\u043f\u0456\u043d\u0433\u0443 \u0432 \u043a\u0443\u0437\u043e\u0432\u0456 \u0432\u0430\u043d\u0442\u0430\u0436\u0456\u0432\u043a\u0438 \u043c\u0430\u0454 \u0441\u0456\u0442\u0447\u0430\u0441\u0442\u0456 \u0432\u0456\u043a\u043d\u0430, \u0449\u043e \u0437\u0430\u0431\u0435\u0437\u043f\u0435\u0447\u0443\u044e\u0442\u044c \u0432\u0456\u0434\u043c\u0456\u043d\u043d\u0443 \u0432\u0435\u043d\u0442\u0438\u043b\u044f\u0446\u0456\u044e, \u0437\u0431\u0435\u0440\u0456\u0433\u0430\u044e\u0447\u0438 \u043f\u043e\u0432\u0456\u0442\u0440\u044f \u0441\u0432\u0456\u0436\u0438\u043c \u0456 \u043f\u0440\u043e\u0445\u043e\u043b\u043e\u0434\u043d\u0438\u043c, \u043e\u0434\u043d\u043e\u0447\u0430\u0441\u043d\u043e \u0437\u0430\u0445\u0438\u0449\u0430\u044e\u0447\u0438 \u0432\u0456\u0434 \u043f\u0440\u043e\u043d\u0438\u043a\u043d\u0435\u043d\u043d\u044f \u043a\u043e\u043c\u0430\u0440\u0456\u0432.<\/div><\/div><div class=\"section\"><div class=\"section-img small\"><img decoding=\"async\" src=\"\/vevor\/product\/CZZPDZYPK5057U67X\/truck-tent-a100-1.11-pt.jpg\" \/><\/div><div class=\"section-mobile-img\"><img decoding=\"async\" src=\"\/vevor\/product\/CZZPDZYPK5057U67X\/truck-tent-a100-1.11-pt.jpg\" \/><\/div><\/div><\/div><\/body><\/html><\/div>\n<div class=\"DM_at-title\" id=\"js-DM_at-title\"> <div>\u0421\u043f\u0435\u0446\u0438\u0444\u0456\u043a\u0430\u0446\u0456\u044f \u043f\u0440\u043e\u0434\u0443\u043a\u0442\u0443<\/div> <i class=\"icon-arrowup_line\"><\/i> <\/div><div class=\"DM_at-goodsDescAttr\" id=\"js-DM_at-goodsDescAttr\"> <div class=\"DM_at-goodsDescAttrInner\"> <dl class=\"goodsDesc_item goodsDesc_item_even\"> <dt>\u041d\u043e\u043c\u0435\u0440 \u043c\u043e\u0434\u0435\u043b\u0456 \u0432\u0438\u0440\u043e\u0431\u0443<\/dt> <dd> 120904A<\/dd> <\/dl> <dl class=\"goodsDesc_item\"> <dt>\u041c\u0430\u0441\u0430 \u043d\u0435\u0442\u0442\u043e<\/dt> <dd> 11.9 lbs \/ 5.4 kg (including all accessories)<\/dd> <\/dl> <dl class=\"goodsDesc_item goodsDesc_item_even\"> <dt>\u0420\u043e\u0437\u043c\u0456\u0440\u0438 \u0432\u0438\u0440\u043e\u0431\u0443<\/dt> <dd> 7.1 x 5.2 x 5.2 ft \/ 2150 x 1600 x 1600 mm (without extending the awning)<\/dd> <\/dl> <dl class=\"goodsDesc_item\"> <dt>Awning Length<\/dt> <dd> 4.8 ft \/ 1450 mm<\/dd> <\/dl> <\/div> <\/div>","protected":false},"excerpt":{"rendered":"<ul>\n<li> Fits 5.0-5.2ft Truck Beds: The truck tent size is 10.3 x 5.2 x 5.2 ft \/ 3150 x 1600 x 1600 mm (With Awning Extended). Comfortable, spacious space for 2 adults and 1 child. You can sit upright without bending over, giving you a more comfortable outdoor camping experience. <\/li>\n<li> Sun Protection &#038; Shade: Our pickup truck tent is equipped with a 4.8&#8242; (L) x 4.8&#8242; (W) extendable awning, providing extra shade and rain protection. Ideal for fishing, changing shoes, or enjoying the outdoors. When not in use, it conveniently folds and stores on the door. <\/li>\n<li> \u041f\u043e\u043a\u0440\u0430\u0449\u0435\u043d\u0456 \u043e\u043f\u043e\u0440\u043d\u0456 \u0441\u0442\u0456\u0439\u043a\u0438: \u0426\u0435\u0439 \u043a\u0435\u043c\u043f\u0456\u043d\u0433\u043e\u0432\u0438\u0439 \u043d\u0430\u043c\u0435\u0442 \u0434\u043b\u044f \u043a\u0443\u0437\u043e\u0432\u0430 \u0432\u0430\u043d\u0442\u0430\u0436\u0456\u0432\u043a\u0438 \u043c\u0430\u0454 \u043f\u043e\u0441\u0438\u043b\u0435\u043d\u0456 \u0441\u043a\u043b\u043e\u043f\u043b\u0430\u0441\u0442\u0438\u043a\u043e\u0432\u0456 \u0441\u0442\u0456\u0439\u043a\u0438, \u044f\u043a\u0456 \u0442\u043e\u0432\u0441\u0442\u0456\u0448\u0456 \u0442\u0430 \u0433\u043d\u0443\u0447\u043a\u0456\u0448\u0456, \u043d\u0456\u0436 \u0441\u0442\u0430\u043d\u0434\u0430\u0440\u0442\u043d\u0456 \u0432\u0430\u0440\u0456\u0430\u043d\u0442\u0438, \u0449\u043e \u0437\u0430\u043f\u043e\u0431\u0456\u0433\u0430\u0454 \u0437\u0433\u0438\u043d\u0430\u043d\u043d\u044e \u0430\u0431\u043e \u043b\u0430\u043c\u0430\u043d\u043d\u044e \u043f\u0456\u0434 \u0447\u0430\u0441 \u0432\u0441\u0442\u0430\u043d\u043e\u0432\u043b\u0435\u043d\u043d\u044f \u0442\u0430 \u0440\u0435\u0433\u0443\u043b\u044f\u0440\u043d\u043e\u0433\u043e \u0432\u0438\u043a\u043e\u0440\u0438\u0441\u0442\u0430\u043d\u043d\u044f. \u041e\u0441\u043d\u0430\u0449\u0435\u043d\u0438\u0439 \u0433\u0430\u0447\u043a\u0430\u043c\u0438 \u0434\u043b\u044f \u043b\u0435\u0433\u043a\u043e\u0433\u043e \u0442\u0430 \u0431\u0435\u0437\u043f\u0435\u0447\u043d\u043e\u0433\u043e \u0432\u0441\u0442\u0430\u043d\u043e\u0432\u043b\u0435\u043d\u043d\u044f \u043d\u0430 \u043a\u0443\u0437\u043e\u0432 \u0432\u0430\u043d\u0442\u0430\u0436\u0456\u0432\u043a\u0438. <\/li>\n<li> Waterproof &#038; Durable: Enjoy peace of mind in all weather with our PU2000 waterproof-rated truck bed tent. The strong 210D Oxford fabric and reinforced stitching ensure durability and resistance to tears, even in harsh conditions. <\/li>\n<li> \u0412\u0435\u043d\u0442\u0438\u043b\u044f\u0446\u0456\u044f \u0442\u0430 \u0437\u0430\u0445\u0438\u0441\u0442 \u0432\u0456\u0434 \u043a\u043e\u043c\u0430\u0440\u0456\u0432: \u043d\u0430\u043c\u0435\u0442 \u0434\u043b\u044f \u043a\u0443\u0437\u043e\u0432\u0430 \u0432\u0430\u043d\u0442\u0430\u0436\u0456\u0432\u043a\u0438 \u043e\u0441\u043d\u0430\u0449\u0435\u043d\u0438\u0439 \u0431\u0456\u0447\u043d\u0438\u043c\u0438 \u0432\u0456\u043a\u043d\u0430\u043c\u0438 \u0442\u0430 \u0434\u0432\u0435\u0440\u0438\u043c\u0430 \u0434\u043b\u044f \u0432\u0456\u0434\u043c\u0456\u043d\u043d\u043e\u0457 \u0432\u0438\u0434\u0438\u043c\u043e\u0441\u0442\u0456 \u0442\u0430 \u0446\u0438\u0440\u043a\u0443\u043b\u044f\u0446\u0456\u0457 \u043f\u043e\u0432\u0456\u0442\u0440\u044f, \u0430 \u0441\u0456\u0442\u0447\u0430\u0441\u0442\u0456 \u0435\u043a\u0440\u0430\u043d\u0438 \u0437\u0430\u0445\u0438\u0449\u0430\u044e\u0442\u044c \u0432\u0456\u0434 \u043d\u0430\u0434\u043e\u043a\u0443\u0447\u043b\u0438\u0432\u0438\u0445 \u043a\u043e\u043c\u0430\u0440\u0456\u0432, \u043f\u043e\u043a\u0438 \u0432\u0438 \u043d\u0430\u0441\u043e\u043b\u043e\u0434\u0436\u0443\u0454\u0442\u0435\u0441\u044f \u0441\u0432\u0456\u0436\u0438\u043c \u043f\u043e\u0432\u0456\u0442\u0440\u044f\u043c. <\/li>\n<\/ul>","protected":false},"featured_media":372186,"comment_status":"open","ping_status":"open","template":"","meta":{"om_disable_all_campaigns":false,"_monsterinsights_skip_tracking":false,"_monsterinsights_sitenote_active":false,"_monsterinsights_sitenote_note":"","_monsterinsights_sitenote_category":0,"_uf_show_specific_survey":0,"_uf_disable_surveys":false},"location":[1935,1934],"product_brand":[21],"product_cat":[2382,2384,2378,2383,2636],"product_tag":[],"class_list":{"0":"post-152165","1":"product","2":"type-product","3":"status-publish","4":"has-post-thumbnail","6":"location-supplier_stock_location","7":"location-local_stock_location","8":"product_brand-vevor","9":"product_cat-camping-gear","10":"product_cat-camping-tents","11":"product_cat-sports-outdoors","12":"product_cat-tents-camping-gear","13":"product_cat-truck-tents","15":"first","16":"instock","17":"taxable","18":"shipping-taxable","19":"purchasable","20":"product-type-simple"},"aioseo_notices":[],"jetpack_sharing_enabled":true,"locations":[{"id":1935,"name":"Pieg\u0101d\u0101t\u0101ja noliktav\u0101 (5-7d.d.)","slug":"supplier_stock_location","quantity":"34"},{"id":1934,"name":"R\u012bgas veikal\u0101 (0-2d.d.)","slug":"local_stock_location","quantity":"0"}],"_links":{"self":[{"href":"https:\/\/vevorshop.lv\/uk\/wp-json\/wp\/v2\/product\/152165","targetHints":{"allow":["GET"]}}],"collection":[{"href":"https:\/\/vevorshop.lv\/uk\/wp-json\/wp\/v2\/product"}],"about":[{"href":"https:\/\/vevorshop.lv\/uk\/wp-json\/wp\/v2\/types\/product"}],"replies":[{"embeddable":true,"href":"https:\/\/vevorshop.lv\/uk\/wp-json\/wp\/v2\/comments?post=152165"}],"wp:featuredmedia":[{"embeddable":true,"href":"https:\/\/vevorshop.lv\/uk\/wp-json\/wp\/v2\/media\/372186"}],"wp:attachment":[{"href":"https:\/\/vevorshop.lv\/uk\/wp-json\/wp\/v2\/media?parent=152165"}],"wp:term":[{"taxonomy":"location","embeddable":true,"href":"https:\/\/vevorshop.lv\/uk\/wp-json\/wp\/v2\/location?post=152165"},{"taxonomy":"product_brand","embeddable":true,"href":"https:\/\/vevorshop.lv\/uk\/wp-json\/wp\/v2\/product_brand?post=152165"},{"taxonomy":"product_cat","embeddable":true,"href":"https:\/\/vevorshop.lv\/uk\/wp-json\/wp\/v2\/product_cat?post=152165"},{"taxonomy":"product_tag","embeddable":true,"href":"https:\/\/vevorshop.lv\/uk\/wp-json\/wp\/v2\/product_tag?post=152165"}],"curies":[{"name":"wp","href":"https:\/\/api.w.org\/{rel}","templated":true}]}}