{"id":19087,"date":"2024-11-18T04:56:20","date_gmt":"2024-11-18T04:56:20","guid":{"rendered":"http:\/\/vevorshop.edigo.lv\/Prece\/vevor-high-pressure-cordless-washer-cleaner-portable-water-spray-car-gun-580-psi\/"},"modified":"2026-04-06T18:38:25","modified_gmt":"2026-04-06T15:38:25","slug":"vevor-high-pressure-cordless-washer-cleaner-portable-water-spray-car-gun-580-psi","status":"publish","type":"product","link":"https:\/\/vevorshop.lv\/uk\/Prece\/vevor-high-pressure-cordless-washer-cleaner-portable-water-spray-car-gun-580-psi\/","title":{"rendered":"VEVOR \u0411\u0435\u0437\u0434\u0440\u043e\u0442\u043e\u0432\u0430 \u041c\u0438\u0439\u043a\u0430 \u0412\u0438\u0441\u043e\u043a\u043e\u0433\u043e \u0422\u0438\u0441\u043a\u0443 40\u0412, 580 PSI 4.2\u043b\/\u0445\u0432, \u0420\u0443\u0447\u043d\u0430 \u041c\u0438\u0439\u043a\u0430 \u0437 \u0410\u043a\u0443\u043c\u0443\u043b\u044f\u0442\u043e\u0440\u043e\u043c 4.0Ah, \u0417\u0430\u0440\u044f\u0434\u043a\u043e\u044e, \u041d\u0430\u0441\u0430\u0434\u043a\u043e\u044e 6-\u0432-1"},"content":{"rendered":"<div style=\"color: #fff!important; font-size: 16px; height: 24px; line-height: 24px; margin-top: -24px; \" class=\"product_original_name\">VEVOR Cordless Pressure Washer, 580-PSI 1.1 GPM Portable Power Cleaner, Handheld High-Pressure Car Washer Gun with 4.0Ah Battery, Charger, 6-in-1 Nozzle, for Home\/Floor Cleaning & Watering<\/div>\n<div style=\"color: #fff!important; font-size: 16px; height: 24px; line-height: 24px; margin-top: -24px; \" class=\"product_sku\">M4I4KLF3<\/div>\n<div style=\"color: #fff!important; font-size: 16px; height: 24px; line-height: 24px; margin-top: -24px; \" class=\"product_mpn\">WSLSGYQXJYSD1B7QRV2<\/div><div id=\"js-DM_at-goodDescRich\"><html><head><style>  body {    font-family: Arial;    line-height: 1.5;    color: #1c1c1c;    overflow-x: hidden;    margin: 0;    padding: 0;  }  .MsoNormal b {    font-weight: bolder;  }<\/style><style>  .container.small {    width: 970px;    margin: 0 auto;  }  .logo {    margin: 0 auto 0;  }  .logo img {    display: block;    margin: 0 auto;    max-width: 100%;  }  .logo .pc-banner {    display: block;    width: 1200px;    height: 247.4px;    margin: 0 auto;  }  .logo .pc-banner.small {    width: 970px;  }  .logo .pc-banner.small img {    height: auto!important;  }  .logo .m-banner {    display: none;  }  .ytvideo {    position: relative;    height: 546px;    width: 100%;    margin: 0 auto;  }  .ytvideo img {    width: 100%;    margin: 0 auto;  }  .ytvideo .play-btn {    width: 60px;    height: 42px;    position: absolute;    top: 50%;    left: 50%;    transform: translate(-50%, -50%);    background: url(\"data:image\/png;base64,iVBORw0KGgoAAAANSUhEUgAAAGQAAABGCAMAAAANWMFbAAAC+lBMVEUAAADBGB3kLCfBGB3kLCfcJC7BFx3KKSbiKybkLCbWJCPSIiLSIiLPICHAFx3kLCfgKSXNHiDZJiTIGx\/p4eHcjo7LHSDbJyTkLCbjKyfOHyHPIiL28fHJHB\/GGh7EGR7eKCXDGB3RISHlLSbBGB3AFxzGHB7DGB7BGB3hKybkKybAFx3lLCfAFxzDGR3hKibDGB7cJyTmz8\/elJTlwcHjurrUIyLlLSflLSfAFx3DGR7lLSfCFx3hKibhKibhKybjKybkLCblLSfbJSX49vbx7e3NNzjNMTLMJyjVIyLZf3\/ZQ0LaeHjx0tLgoqLkLCfCGB3HGx\/BGB3BFx3PICHCGB7WJCLOHyC\/Fxy\/Fx3lLCfQISHkLSe\/FxzbJiTBFx3FGx\/AGB7BFx3EGR7AGB3HHSDfKiXAFh3TISHYNzbhKibbJyTTIiL57e325+f039\/v2NjUV1fOHiHiqanfmprch4feKSXVIyPOICHmLibFGh\/mLSe\/Fx7XJCPeKSXXJSPNHyHaJyTGGh7lLCbmLCflLSjSIiLkLCbdKSXLHiC\/GB3KHh++Fh3lKyfoLiXcKCPkx8fYb2\/XaGfVXl3aU1LLHiDksbHgKibPICHbJyTfKSXbJyTCGB3KHSDiKybFGh7TIiL\/\/\/\/VIyPRISHIHB\/GGx\/HHB\/DGR7gKibdKCXLHiDZJiTMHiDNHyHYJSTOICHPICHWJCPcKCXXJSPjLCblLCf+\/f3NGR\/uLijzLynPGR\/IGB7WISHaIyLLGh7UAADxLynNAADRLzDbICLQAADIAAD3MCrUHSHXMTDpKSbLAADp5OTij4\/ejo\/VLy\/1LyngJSTcJCPQHx\/OHB7+\/PzaMS\/OLS\/vLijrLSjSAADaNTPwLyjkKSbNJCbYISHPHB\/KGB7WAAD7+vrn3d3aKynTKCjoLCfsKifRGh\/YAADq5+fhjo7QNDXXKCfmJyXt5+fTLzDLLi\/QKivYHRvMGBrQJCXLISPMExXLDxLaEAvkkI\/bOTfaFQ\/SCgpvLcnHAAAAmnRSTlMA+vv7+gT9Bvf9+8z8\/NSv\/Pr5+P7++vnQIBMP\/v38\/Pn348XDiCYf9OjbzcqxXVcx\/fz8+\/rj1r2poo1+fXFqX0orGP7+\/v7+\/fz8+\/r68uzn4trIxsG\/vri3p6GcmZSNbWVYUUZEPQv+\/f39+\/v7+\/v7+vr64tvV1NTTz87FtbSurqeblJKFg4B3bUY+NjL7+\/v7+\/v67t1cDo8JLQAABkRJREFUWMO0kz9rwkAYh0OIeJkum6YugUAhISCdKoj\/P4C7SMdS+gEKIhSKil10LSg4mzXkILdlEpxCpwTiWOLX6BujvQaEQuGeHLnL+\/64J+SIcKGYTYWnntpdLjrVdqvZmNdn0+EE40GtpuuWVS6Xx6N7YDSGpWXpeq02wHgynM7q80az1a52HpddtVcpsi1zFARBrdaxbhp9iUReTGmwA4KAAr7vx3EYejnCMI6hQYEgy0LQi4jUN0wL19vqFcUC9\/1dAKmEEFkWRYkh5oBejnxQJiSJPJ\/uKBp0Thszx9Mw8hMRIQjKsptCfuES9zr5WJY6vSFCIvE9fCMUmEM1A1kSXcYGxgVYsvI1IPKTZciSTI0us\/SMGG04gDzELDoFBwdcFJrF88dqgYMTiL6DILWYyfOWE8\/kIz38olCNlC03FK95+imxp6y4oUSvAnBjHHhKNtotSDqJzVFiK8c2SBqhZtsrTtgrLXwAyduxZHNE26eHUt5rtuM4WSmds3G+sUdWYo1L+XyxButoh5eKUHk5lByO3G1LqqCWVnfrv\/lyPtf\/4ps1cndNGIri8J1TJ0lx6dR\/oPjq1nbRwdp2dCk4CtIOLW3pVKRL6WZfS5vF2KkIQhpwSsjiYIgNCs1gEMGqiIq24NQX9NwoXFy8Ufrl3twTcg4fv8T9\/JBEySduj6Mjm4bMzYV7EEOxKjjoNDud7yY3Dy71Hq2oLmqfbNR723edH9PgMrNL2utoQ3VmaIDkiw\/4w51P06hlZsTZvkRrbVuSIs\/zwSOsycgzStQouoAkWQqioRT5XI7n2Z1wfVhoZmcAJLsoqjqpjbWCgpOAJXBwHK8PzWbNvoUZJND5wCnSkLAkZ1legx6vqQzjoiTahKlGUGLAiIIoABOHaNVw4sexZBym6\/HWlH5h3IC7yRbxtipcWxdTOkORKiNQAEkFf66x5S2oeRbroOlLgg0sSYkR0hRGEqJZ0jTPiQKatESdBckpWigxaapEH0lImHdWu9pUFF2XqMNM2Z4kped7IwEJw2qabwtrQqnpw6HyKkgcadKWsmpywwesDyIhYRpdzXddqegtGIJlXbAIUMOLkGxJUjRIkokwjUaX9d\/kK62ps\/tYUqZLIMkLTyBhsMZ3C5Z\/kDxOSCb\/DOs\/\/J0qcWSX\/2ipe56EgTCA4\/cB7NAYOsni4mZM1MUPAISoEwkDi4lhVBQ1cWQyIcwalw4EpqZN68JUSK7XC0kTlkLYii5uXSC8jT5ncCAS7mjCv0uHp\/3lueHEEAeQ\/\/VgmdN71\/2uCSA1Xr6DO6uI6sW56zqT2tp2PhgiRUAajV8CY2fkcz6WGNKMgLAt7tJAhD4YHMTeRxlALE6+43WqjSWi8ITxyJl8WrwWSNESQZZOqhDDntO3hJLsd5RtSpbJqdv3YrDJH3F7jL1R2O2aQkn2MyCyKYz0GPGIvSAMgBCrCEiJyKbBaYGwLW4uPRr0A0M4Ux5kUI7IBh+hMdiCEWNqhMZGyYMsOgNE58UQuEQeUnSWCMYwL54hkxK6IoqucQZbQ3pc3XtL0lky1dL0zZJJDpWJovFqpWj6JEHnyam2eQp5QRVAVHjWparTOaVwUOx99YS2MvgxIGV0bb+qIg2HX2qkFFJB+XZcbLiuRkuxD9GRroKyveLxdh4d7Orx+hb7qc3uVRuEogCOnyIxm4ubUoPgF4jianDrC+SDQDKEfJb0GUKmjCGPYHGJvVC6X4hw1\/sAfQAdfYyephIaspXe36RwOP+Ljvfx9B6B3i+Nk0DGq+oCbLn6JpBa9nWAveAIHwFAwtVcIJXPMPL8kRu5OAYPMaL1WScTxjiZDqB9LTJSWphow\/pTYKRTLjCBhvi9iBidvKcDasGSm0QQkycYuLBqj6QCELPctqChDWpTRMWkngNNpQ1Pfp1KkiT\/Y0DGffXAweUNfLAfaJFKDwhb6I+bkYRbkERoEeu3Fyjg2opMz2daZCS9jt6Q7txNfB+OZEVF6Zl5web2xunnLQrtrjXseXKaFYziYINeMFZVxS9VxRhOoesYwxPKXm+gWLG9cuFeq93UNNeJNsf1KlwuDok9n02n3TgIJpOxNfL9naIoQwXtfH9kjceTIIi709ncTg6LZbg+biLH1V6u\/7rxBem06VXKn9raAAAAAElFTkSuQmCC\")      no-repeat center center \/ contain;  }  @media screen and (max-width: 960px) and (orientation: portrait) {    .logo {      width: 100%;    }    .logo .pc-banner {      display: none;    }    .logo .m-banner {      display: block;      width: 100%;    }    .logo .m-banner img {      height: auto!important;    }    .ytvideo {      height: 200px;      width: 100%;    }  }<\/style><style>  .video-section {    width: 100%;    margin: 0 auto;  }  .video-section > img {    width: 100%;  }  .video-section iframe,  .video-section video {    width: 100%;    height: 100%;      }  .video-section-img-m,  .video-section-img-pc > img {    width: 100%;    height: auto;  }  .video-section-img-pc.small > img {    width: 970px;  }  .video-desc {    line-height: 1.5;    font-size: 20px;    font-weight: 400;    margin: 20px 0;    text-align: center;    color: #0f1111;    word-break: break-word;  }  @media screen and (max-width: 960px) and (orientation: portrait) {    .video-section {      width: 100%;    }    .video-section-pc,    .video-section-img-pc {      display: none;    }    .video-section-m,    .video-section-img-m {      display: block;    }    .video-desc {      font-size: 15px;    }  }  @media screen and (min-width: 960px) {    .video-section {      width: 100%;      margin: 0 auto;    }    .video-section-pc,    .video-section-img-pc {      display: block;    }    .video-section-m,    .video-section-img-m {      display: none;    }    .video-desc {      font-size: 20px;    }  }<\/style><style>  .section + .section {    margin-top: 35px;  }  .section-title {    text-align: center;    font-weight: bold;    color: #0d1111;    font-family: \"Arial\";    font-size: 32px;    margin: 15px 0;  }  .section-title:empty {    display: none;  }  .section-desc {    text-align: center;    font-weight: normal;    color: #0d1111;    margin-top: 20px;  }  .section-desc:empty {    display: none;  }  .section-img {    width: 1200px;    height: 492px;    margin: 0 auto;    display: block;  }  .section-img.small {    width: 970px;    height: auto;  }  .section-img.small > img {    height: auto;  }  .section-img > img {    width: 100%;    height: 100%;  }  .section-mobile-img {    display: none;    max-width: 100vw;    max-height: 75vw;    height: 450px;    margin: 0 auto;  }  .section-mobile-img > img {    width: 100%;    height: 100%;  }  @media screen and (max-width: 960px) and (orientation: portrait) {    .container {      width: 100%;    }    .container.small {      width: 100%;    }    .section-mobile-img {      display: block;    }    .section-img {      display: none;    }    .section-title {      font-size: 22px;      margin: 10px 0;    }    .section-desc {      margin-top: 10px;    }    .section + .section {      margin-top: 20px;    }  }<\/style><\/head><body><div class=\"container\"><div class=\"logo\"><div class=\"pc-banner\"><div><img decoding=\"async\" src=\"\/vevor\/vevor\/boutique-banner\/pc\/en-pc@1x.jpg\" style=\"width: 100%;\" \/><\/div><\/div><div class=\"m-banner\"><div><img decoding=\"async\" src=\"\/vevor\/vevor\/boutique-banner\/mobile\/en-m@1x.jpg\" style=\"width: 100%;\" \/><\/div><\/div><\/div><div class=\"section-title\">Cordless Electric Cold Water Pressure Washer<\/div><div class=\"video-section\"><div class=\"video-section-img-pc\"><img decoding=\"async\" src=\"\/vevor\/product\/WSLSGYQXJYSD1B7QR\/pressure-washer-a100-1.4.jpg\" \/><\/div><div class=\"video-section-img-m\"><img decoding=\"async\" src=\"\/vevor\/product\/WSLSGYQXJYSD1B7QR\/pressure-washer-a100-1.4-m.jpg\" \/><\/div><div class=\"section-desc\">This powerful pressure cleaner can easily remove stubborn grime. The high-seal design ensures no water leakage. With its cordless design, you can wash anytime without worrying about a water source. Up to 40 minutes of runtime eliminates frequent recharging.<\/div><\/div><div class=\"section\"><div class=\"section-title\"><\/div><div class=\"section-img\"><img decoding=\"async\" src=\"\/vevor\/product\/WSLSGYQXJYSD1B7QR\/pressure-washer-a100-2.2.jpg\" \/><\/div><div class=\"section-mobile-img\"><img decoding=\"async\" src=\"\/vevor\/product\/WSLSGYQXJYSD1B7QR\/pressure-washer-a100-2.2-m.jpg\" \/><\/div><div class=\"section-desc\">This high power cleaner has multiple water supply options such as bucket water, tap water, and plastic bottles to make cleaning more flexible. No need for hose connections. An internal rapid filter mesh paired with a 6-in-1 nozzle filters out mud, sand, and leaves to prevent clogging.<\/div><\/div><div class=\"section\"><div class=\"section-title\"><\/div><div class=\"section-img\"><img decoding=\"async\" src=\"\/vevor\/product\/WSLSGYQXJYSD1B7QR\/pressure-washer-a100-2.3.jpg\" \/><\/div><div class=\"section-mobile-img\"><img decoding=\"async\" src=\"\/vevor\/product\/WSLSGYQXJYSD1B7QR\/pressure-washer-a100-2.3-m.jpg\" \/><\/div><div class=\"section-desc\">With spray angles of 0\u00b0, 15\u00b0, 25\u00b0, and 40\u00b0, this machine can easily handle a variety of cleaning scenarios. \"Up\" and \"Shower\" modes provide convenient solutions for patio cleaning. Versatile and equipped with cutting-edge nozzle technology, it makes cleaning more rewarding!<\/div><\/div><div class=\"section\"><div class=\"section-title\"><\/div><div class=\"section-img\"><img decoding=\"async\" src=\"\/vevor\/product\/WSLSGYQXJYSD1B7QR\/pressure-washer-a100-2.4.jpg\" \/><\/div><div class=\"section-mobile-img\"><img decoding=\"async\" src=\"\/vevor\/product\/WSLSGYQXJYSD1B7QR\/pressure-washer-a100-2.4-m.jpg\" \/><\/div><div class=\"section-desc\">This pressure washer has a thoughtful low-battery warning design. The five-bar battery indicator ensures you're not caught off guard with a dead battery mid-task. Up to 40 minutes of intermittent use and up to 20 minutes of continuous use at the highest pressure.<\/div><\/div><div class=\"section\"><div class=\"section-title\"><\/div><div class=\"section-img\"><img decoding=\"async\" src=\"\/vevor\/product\/WSLSGYQXJYSD1B7QR\/pressure-washer-a100-2.5.jpg\" \/><\/div><div class=\"section-mobile-img\"><img decoding=\"async\" src=\"\/vevor\/product\/WSLSGYQXJYSD1B7QR\/pressure-washer-a100-2.5-m.jpg\" \/><\/div><div class=\"section-desc\">We provide extension poles and multiple specialized accessories, allowing you the freedom to combine and adapt, making it easy to clean various wall crevices, fences, and even high or distant areas.<\/div><\/div><div class=\"section\"><div class=\"section-img\"><img decoding=\"async\" src=\"\/vevor\/product\/WSLSGYQXJYSD1B7QR\/pressure-washer-a100-1.11.jpg\" \/><\/div><div class=\"section-mobile-img\"><img decoding=\"async\" src=\"\/vevor\/product\/WSLSGYQXJYSD1B7QR\/pressure-washer-a100-1.11-m.jpg\" \/><\/div><\/div><\/div><\/body><\/html><\/div>\n<div class=\"DM_at-title\" id=\"js-DM_at-title\"> <div>\u0421\u043f\u0435\u0446\u0438\u0444\u0456\u043a\u0430\u0446\u0456\u044f \u043f\u0440\u043e\u0434\u0443\u043a\u0442\u0443<\/div> <i class=\"icon-arrowup_line\"><\/i> <\/div><div class=\"DM_at-goodsDescAttr\" id=\"js-DM_at-goodsDescAttr\"> <div class=\"DM_at-goodsDescAttrInner\"> <dl class=\"goodsDesc_item goodsDesc_item_even\"> <dt>\u041d\u043e\u043c\u0435\u0440 \u043c\u043e\u0434\u0435\u043b\u0456 \u0432\u0438\u0440\u043e\u0431\u0443<\/dt> <dd> XS-002<\/dd> <\/dl> <dl class=\"goodsDesc_item\"> <dt>\u0420\u043e\u0437\u043c\u0456\u0440\u0438 \u043f\u0440\u043e\u0434\u0443\u043a\u0442\u0443 (\u0414\u0445\u0428\u0445\u0412)<\/dt> <dd> 13.78\" x 9.06\" x 3.35\" \/ 350 x 230 x 85 mm<\/dd> <\/dl> <dl class=\"goodsDesc_item goodsDesc_item_even\"> <dt>\u041c\u0430\u0441\u0430 \u043d\u0435\u0442\u0442\u043e<\/dt> <dd> 5.57 lbs \/ 2.52 kg (including all accessories)<\/dd> <\/dl> <dl class=\"goodsDesc_item\"> <dt>\u0412\u0430\u0433\u0430 \u0431\u0440\u0443\u0442\u0442\u043e<\/dt> <dd> 7.01 lbs \/ 3.18 kg (including all accessories and packaging)<\/dd> <\/dl> <dl class=\"goodsDesc_item goodsDesc_item_even\"> <dt>\u041d\u0430\u043f\u0440\u0443\u0433\u0430<\/dt> <dd> DC 21V<\/dd> <\/dl> <dl class=\"goodsDesc_item\"> <dt>Rated power<\/dt> <dd> 220W<\/dd> <\/dl> <dl class=\"goodsDesc_item goodsDesc_item_even\"> <dt>Rated Working Pressure<\/dt> <dd> 2\u00b10.2 MPa<\/dd> <\/dl> <dl class=\"goodsDesc_item\"> <dt>Maximum Working Pressure (burst)<\/dt> <dd> 4 MPa<\/dd> <\/dl> <dl class=\"goodsDesc_item goodsDesc_item_even\"> <dt>Rated Flow Rate<\/dt> <dd> 3.4\u00b15% L\/min<\/dd> <\/dl> <dl class=\"goodsDesc_item\"> <dt>\u041c\u0430\u043a\u0441\u0438\u043c\u0430\u043b\u044c\u043d\u0430 \u0448\u0432\u0438\u0434\u043a\u0456\u0441\u0442\u044c \u043f\u043e\u0442\u043e\u043a\u0443<\/dt> <dd> 4 L\/min<\/dd> <\/dl> <dl class=\"goodsDesc_item goodsDesc_item_even\"> <dt>Suction Height (horizontal drop)<\/dt> <dd> 9.84 \u0444\u0443\u0442\/3\u043c<\/dd> <\/dl> <dl class=\"goodsDesc_item\"> <dt>\u041d\u0430\u043f\u0440\u0443\u0433\u0430 \u0431\u0430\u0442\u0430\u0440\u0435\u0457<\/dt> <dd> 21V, Capacity<\/dd> <\/dl> <dl class=\"goodsDesc_item goodsDesc_item_even\"> <dt>Charger Voltage<\/dt> <dd> 21V<\/dd> <\/dl> <\/div> <\/div>","protected":false},"excerpt":{"rendered":"<ul>\n<li> 580PSI High Pressure: The cordless pressure washer comes with powerful pressure to easily eliminate stubborn stains. With a 290PSI regular pressure mode for daily cleaning of walls and floors, and a 580PSI high-pressure mode with a 1.1GPM flow rate designed for cars and paving stones, no grime can hide. <\/li>\n<li> \u041b\u0435\u0433\u043a\u0438\u0439 4,2 \u0444\u0443\u043d\u0442\u0430: \u0417 \u0432\u0430\u0433\u043e\u044e \u043d\u0435\u0442\u0442\u043e \u0432\u0441\u044c\u043e\u0433\u043e 4,2 \u0444\u0443\u043d\u0442\u0430, \u0446\u0435\u0439 \u043f\u043e\u0442\u0443\u0436\u043d\u0438\u0439 \u043f\u0438\u043b\u043e\u0441\u043e\u0441 \u043b\u0435\u0433\u043a\u043e \u043a\u0435\u0440\u0443\u0432\u0430\u0442\u0438 \u043e\u0434\u043d\u0456\u0454\u044e \u0440\u0443\u043a\u043e\u044e \u0442\u0430 \u043d\u0435 \u0432\u0442\u043e\u043c\u043b\u044e\u0454 \u043f\u0440\u0438 \u0442\u0440\u0438\u0432\u0430\u043b\u043e\u043c\u0443 \u0432\u0438\u043a\u043e\u0440\u0438\u0441\u0442\u0430\u043d\u043d\u0456. \u041f\u043e\u0441\u0442\u0430\u0432\u043b\u044f\u0454\u0442\u044c\u0441\u044f \u0437 \u0441\u0456\u0442\u0447\u0430\u0441\u0442\u0438\u043c \u043c\u0456\u0448\u043a\u043e\u043c \u0434\u043b\u044f \u0437\u0431\u0435\u0440\u0456\u0433\u0430\u043d\u043d\u044f \u0434\u043b\u044f \u0437\u0430\u043f\u043e\u0431\u0456\u0433\u0430\u043d\u043d\u044f \u043f\u043e\u0442\u0440\u0430\u043f\u043b\u044f\u043d\u043d\u044e \u043f\u0438\u043b\u0443 \u0442\u0430 \u0437\u0440\u0443\u0447\u043d\u043e\u0433\u043e \u043f\u0435\u0440\u0435\u043d\u0435\u0441\u0435\u043d\u043d\u044f, \u0449\u043e \u0440\u043e\u0431\u0438\u0442\u044c \u0439\u043e\u0433\u043e \u0443\u043d\u0456\u0432\u0435\u0440\u0441\u0430\u043b\u044c\u043d\u0438\u043c \u0434\u043b\u044f \u0432\u0438\u043a\u043e\u0440\u0438\u0441\u0442\u0430\u043d\u043d\u044f \u044f\u043a \u043d\u0430 \u0432\u0443\u043b\u0438\u0446\u0456, \u0442\u0430\u043a \u0456 \u0432 \u043f\u0440\u0438\u043c\u0456\u0449\u0435\u043d\u043d\u0456. <\/li>\n<li> 5 Nozzle Options: Equipped with a high\/low pressure nozzle and a 6-in-1 nozzle, this pressure washer makes it a breeze to tackle daily cleaning chores. It also includes a foam pot, offering easy solutions for watering or foam washing. <\/li>\n<li> 40-Minute Long Battery Life: This handheld high-pressure car washer gun comes with a 4.0 Ah high-capacity battery and a fast charger. Charge once for extended cleaning sessions. Never worry again about running out of battery in the middle of cleaning, and experience a whole new level of smooth cleaning. <\/li>\n<li> Multi-Scene Application: This portable pressure washer is not just for cleaning fences and vehicles; it&#8217;s also perfect for a wide range of cleaning applications including boats, floor-to-ceiling windows, and wall crevices. It can even be used for watering in the backyard, offering a new cleaning experience without the limitations of cords or water sources. <\/li>\n<\/ul>","protected":false},"featured_media":272234,"comment_status":"closed","ping_status":"open","template":"","meta":{"om_disable_all_campaigns":false,"_monsterinsights_skip_tracking":false,"_monsterinsights_sitenote_active":false,"_monsterinsights_sitenote_note":"","_monsterinsights_sitenote_category":0,"_uf_show_specific_survey":0,"_uf_disable_surveys":false},"location":[1935,1934],"product_brand":[21],"product_cat":[3470,3469,2483,2365,2577],"product_tag":[],"class_list":{"0":"post-19087","1":"product","2":"type-product","3":"status-publish","4":"has-post-thumbnail","6":"location-supplier_stock_location","7":"location-local_stock_location","8":"product_brand-vevor","9":"product_cat-cordless-cold-pressure-washer","10":"product_cat-electric-pressure-washers","11":"product_cat-outdoor-power-equipment-outdoors","12":"product_cat-outdoors","13":"product_cat-pressure-washers-outdoor-power-equipment-outdoors","15":"first","16":"instock","17":"featured","18":"taxable","19":"shipping-taxable","20":"purchasable","21":"product-type-simple"},"aioseo_notices":[],"jetpack_sharing_enabled":true,"locations":[{"id":1935,"name":"Pieg\u0101d\u0101t\u0101ja noliktav\u0101 (5-7d.d.)","slug":"supplier_stock_location","quantity":"340"},{"id":1934,"name":"R\u012bgas veikal\u0101 (0-2d.d.)","slug":"local_stock_location","quantity":"0"}],"_links":{"self":[{"href":"https:\/\/vevorshop.lv\/uk\/wp-json\/wp\/v2\/product\/19087","targetHints":{"allow":["GET"]}}],"collection":[{"href":"https:\/\/vevorshop.lv\/uk\/wp-json\/wp\/v2\/product"}],"about":[{"href":"https:\/\/vevorshop.lv\/uk\/wp-json\/wp\/v2\/types\/product"}],"replies":[{"embeddable":true,"href":"https:\/\/vevorshop.lv\/uk\/wp-json\/wp\/v2\/comments?post=19087"}],"wp:featuredmedia":[{"embeddable":true,"href":"https:\/\/vevorshop.lv\/uk\/wp-json\/wp\/v2\/media\/272234"}],"wp:attachment":[{"href":"https:\/\/vevorshop.lv\/uk\/wp-json\/wp\/v2\/media?parent=19087"}],"wp:term":[{"taxonomy":"location","embeddable":true,"href":"https:\/\/vevorshop.lv\/uk\/wp-json\/wp\/v2\/location?post=19087"},{"taxonomy":"product_brand","embeddable":true,"href":"https:\/\/vevorshop.lv\/uk\/wp-json\/wp\/v2\/product_brand?post=19087"},{"taxonomy":"product_cat","embeddable":true,"href":"https:\/\/vevorshop.lv\/uk\/wp-json\/wp\/v2\/product_cat?post=19087"},{"taxonomy":"product_tag","embeddable":true,"href":"https:\/\/vevorshop.lv\/uk\/wp-json\/wp\/v2\/product_tag?post=19087"}],"curies":[{"name":"wp","href":"https:\/\/api.w.org\/{rel}","templated":true}]}}