{"id":32083,"date":"2024-11-18T21:53:24","date_gmt":"2024-11-18T21:53:24","guid":{"rendered":"http:\/\/vevorshop.edigo.lv\/Prece\/vevor-3-16-inch-7x19-stainless-steel-aircraft-cable-reel-500ft-stainless-steel-cable-t304-wire-rope-winch-cable-replacement-t304\/"},"modified":"2026-04-06T17:56:20","modified_gmt":"2026-04-06T14:56:20","slug":"vevor-3-16-inch-7x19-stainless-steel-aircraft-cable-reel-500ft-stainless-steel-cable-t304-wire-rope-winch-cable-replacement-t304","status":"publish","type":"product","link":"https:\/\/vevorshop.lv\/uk\/Prece\/vevor-3-16-inch-7x19-stainless-steel-aircraft-cable-reel-500ft-stainless-steel-cable-t304-wire-rope-winch-cable-replacement-t304\/","title":{"rendered":"VEVOR 4.76mm 7&#215;19 T304 Stainless Steel Aircraft Cable Reel 152m \u2013 Marine Grade Wire Rope for Railing, Fencing, DIY Projects"},"content":{"rendered":"<div style=\"color: #fff!important; font-size: 16px; height: 24px; line-height: 24px; margin-top: -24px; \" class=\"product_original_name\">VEVOR 3\/16 Inch 7x19 Stainless Steel Aircraft Cable Reel 500FT Stainless Steel Cable T304 Wire Rope Winch Cable Replacement (T304)<\/div>\n<div style=\"color: #fff!important; font-size: 16px; height: 24px; line-height: 24px; margin-top: -24px; \" class=\"product_sku\">M4I4L38J<\/div>\n<div style=\"color: #fff!important; font-size: 16px; height: 24px; line-height: 24px; margin-top: -24px; \" class=\"product_mpn\">7X19-150M304GSS01V0<\/div><div id=\"js-DM_at-goodDescRich\"><html><head><style>  @media screen and (max-width: 970px) {    .pcBanner {      display: none;    }    .mBanner {      display: block;    }  }  @media screen and (min-width: 970px) {    .pcBanner {      display: block;    }    .mBanner {      display: none;    }  }<\/style><\/head><body><div class=\"container\" style=\"font-size: 16px; font-family: Arial; line-height: 1.5; margin: 0 auto !important; color: #1c1c1c; padding: 10px\"><div class=\"pcBanner\"><div><img decoding=\"async\" src=\"\/vevor\/vevor\/boutique-banner\/pc\/en-pc@1x.jpg\" style=\"width: 100%;\" \/><\/div><\/div><div class=\"mBanner\"><div><img decoding=\"async\" src=\"\/vevor\/vevor\/boutique-banner\/mobile\/en-m@1x.jpg\" style=\"width: 100%;\" \/><\/div><\/div><div style=\"width: 100%\"><img decoding=\"async\" src=\"\/vevor\/product\/7X19-150M304GSS01\/wire-rope-a100-1.4.jpg\" style=\"width: 100%\" alt=\"VEVOR stainless steel aircraft cable spool near oceanfront railing.\" \/><\/div><div style=\"margin-top: 24px; font-size: 16px; font-weight: 700\"><div>500' x 3\/16'' Wire Rope<\/div><div><div style=\"font-size: 14px; font-weight: 400; margin: 8px 0; font-style: italic\">304 Stainless Steel & High Tensile Strength & Polished Surface<\/div><\/div><div style=\"font-size: 14px; font-weight: 400\">Our wire rope is made of 304 stainless steel, providing unstoppable rust and corrosion resistance. With a 7 x 19 construction, it is tightly wound together for even and neat cuts. It has a 3,700 lb breaking strength and 840 lb working strength for durability and longevity. The polished surface is gentle on your hands. It is widely used outdoors and indoors, making it the # 1 choice for clotheslines, stair cable railings, garden fences, shipbuilding, etc. An excellent assistant in your daily life! The choice is obvious with VEVOR.<\/div><ul style=\"margin: 0; padding: 0; list-style-position: inside; font-size: 14px; font-weight: 400; margin-top: 16px; list-style: inside\"><li><span>\u041c\u043e\u0440\u0441\u044c\u043a\u0438\u0439 \u043c\u0430\u0442\u0435\u0440\u0456\u0430\u043b<\/span><\/li><li><span>7x19 Strand Core<\/span><\/li><li><span>\u0421\u0438\u043b\u044c\u043d\u0430 \u043c\u0456\u0446\u043d\u0456\u0441\u0442\u044c \u043d\u0430 \u0440\u043e\u0437\u0440\u0438\u0432<\/span><\/li><li><span>\u041d\u0430\u0434\u0456\u0439\u043d\u0438\u0439 \u0434\u043b\u044f \u0432\u0438\u043a\u043e\u0440\u0438\u0441\u0442\u0430\u043d\u043d\u044f<\/span><\/li><\/ul><\/div><div style=\"font-weight: 700\"><div style=\"font-family: Roboto; margin: 24px 0 10px 0\">\u041a\u043b\u044e\u0447\u043e\u0432\u0456 \u043e\u0441\u043e\u0431\u043b\u0438\u0432\u043e\u0441\u0442\u0456<\/div><div class=\"itemsContainer\" id=\"flexContainer\" style=\"display: grid; grid-template-columns: repeat(auto-fit, minmax(260px, 1fr))\"><div style=\"flex: 4; display: flex; flex-direction: column; padding: 10px\"><img decoding=\"async\" src=\"\/vevor\/product\/7X19-150M304GSS01\/wire-rope-m100-2.jpg\" style=\"width: 100%\" alt=\"VEVOR stainless steel aircraft cable, 304 marine grade, rust &amp; corrosion proof, wooden spool.\" \/><p style=\"font-weight: 700; margin-top: 20px; font-size: 17px\">\u0412\u0438\u0441\u043e\u043a\u043e\u044f\u043a\u0456\u0441\u043d\u0430 \u043d\u0435\u0440\u0436\u0430\u0432\u0456\u044e\u0447\u0430 \u0441\u0442\u0430\u043b\u044c<\/p><p style=\"font-size: 14px; font-weight: 400; word-break: break-all; margin-top: 10px\">Made of galvanized 304 stainless steel material, it is both wear-proof and rust-proof, achieving excellent durability.<\/p><\/div><div style=\"flex: 4; display: flex; flex-direction: column; padding: 10px\"><img decoding=\"async\" src=\"\/vevor\/product\/7X19-150M304GSS01\/wire-rope-m100-3.jpg\" style=\"width: 100%\" alt=\"VEVOR stainless steel aircraft cable, 7x19 structure, tightly wound for clean cut.\" \/><p style=\"font-weight: 700; margin-top: 20px; font-size: 17px\">Well-Crafted 7x19 Construction<\/p><p style=\"font-size: 14px; font-weight: 400; word-break: break-all; margin-top: 10px\">7 groups of 19 wires formed helically around a stranded core, providing higher strength without the worry of sagging.<\/p><\/div><div style=\"flex: 4; display: flex; flex-direction: column; padding: 10px\"><img decoding=\"async\" src=\"\/vevor\/product\/7X19-150M304GSS01\/wire-rope-m100-4.jpg\" style=\"width: 100%\" alt=\"high-strength VEVOR stainless steel aircraft cable with hook and pulley for heavy lifting.\" \/><p style=\"font-weight: 700; margin-top: 20px; font-size: 17px\">\u041a\u0456\u043d\u0446\u0435\u0432\u0430 \u043d\u0430\u043f\u0440\u0443\u0433\u0430<\/p><p style=\"font-size: 14px; font-weight: 400; word-break: break-all; margin-top: 10px\">With a 3,700 lb breaking strength and 840 lb working strength, this wire rope is designed to provide higher tension for a longer service time.<\/p><\/div><\/div><\/div><div style=\"margin: 20px 0\"><img decoding=\"async\" src=\"\/vevor\/product\/7X19-150M304GSS01\/wire-rope-a100-1.10.jpg\" style=\"width: 100%\" id=\"featureImg1\" \/><\/div><div><\/div><div style=\"margin-top: 30px; margin-bottom: 33px\"><img decoding=\"async\" src=\"\/vevor\/product\/7X19-150M304GSS01\/wire-rope-a100-1.11.jpg\" style=\"width: 100%\" id=\"featureImg2\" \/><\/div><\/div><\/body><\/html><\/div>\n<div class=\"DM_at-title\" id=\"js-DM_at-title\"> <div>\u0421\u043f\u0435\u0446\u0438\u0444\u0456\u043a\u0430\u0446\u0456\u044f \u043f\u0440\u043e\u0434\u0443\u043a\u0442\u0443<\/div> <i class=\"icon-arrowup_line\"><\/i> <\/div><div class=\"DM_at-goodsDescAttr\" id=\"js-DM_at-goodsDescAttr\"> <div class=\"DM_at-goodsDescAttrInner\"> <dl class=\"goodsDesc_item goodsDesc_item_even\"> <dt>\u041c\u0430\u0442\u0435\u0440\u0456\u0430\u043b<\/dt> <dd> 304 \u041d\u0435\u0440\u0436\u0430\u0432\u0456\u044e\u0447\u0430 \u0441\u0442\u0430\u043b\u044c<\/dd> <\/dl> <dl class=\"goodsDesc_item\"> <dt>\u0414\u0456\u0430\u043c\u0435\u0442\u0440<\/dt> <dd> 3\/16\" (4.76 mm)<\/dd> <\/dl> <dl class=\"goodsDesc_item goodsDesc_item_even\"> <dt>\u0414\u043e\u0432\u0436\u0438\u043d\u0430<\/dt> <dd> 500' (150 m)<\/dd> <\/dl> <dl class=\"goodsDesc_item\"> <dt>\u0411\u0443\u0434\u0456\u0432\u043d\u0438\u0446\u0442\u0432\u043e<\/dt> <dd> 7 x 19<\/dd> <\/dl> <dl class=\"goodsDesc_item goodsDesc_item_even\"> <dt>\u041c\u0456\u0446\u043d\u0456\u0441\u0442\u044c \u043d\u0430 \u0440\u043e\u0437\u0440\u0438\u0432<\/dt> <dd> 3700 lbs\/1678 kg<\/dd> <\/dl> <dl class=\"goodsDesc_item\"> <dt>\u0413\u0440\u0430\u043d\u0438\u0446\u044f \u0440\u043e\u0431\u043e\u0447\u043e\u0433\u043e \u043d\u0430\u0432\u0430\u043d\u0442\u0430\u0436\u0435\u043d\u043d\u044f<\/dt> <dd> 840 lbs (380 kg)<\/dd> <\/dl> <dl class=\"goodsDesc_item goodsDesc_item_even\"> <dt>Packing Size<\/dt> <dd> 16\"x16\"x12\" (40x40x30 cm)<\/dd> <\/dl> <dl class=\"goodsDesc_item\"> <dt>\u0412\u0430\u0433\u0430 \u0431\u0440\u0443\u0442\u0442\u043e<\/dt> <dd> 40 lbs (18 kg)<\/dd> <\/dl> <\/div> <\/div>","protected":false},"excerpt":{"rendered":"<ul>\n<li> Marine-Grade Material: Take your property seriously and start protecting your space! Our wire rope is made from a high-strength 304 stainless steel material, offering wear-proof and rust-proof features. There is no need to worry about corrosion, ensuring you excellent durability and longevity. Set the stylish and sleek railing system in your yard with this wire cable, and enjoy leisure time surrounded by safety. <\/li>\n<li> 7&#215;19 Strand Core: Our cable&#8217;s secret is in its strength! This stainless steel cable has a 7&#215;19 structure construction; 7 groups of 19 strands are braided together to form the cable. Thanks to the strong core construction, this wire rope is tightly wound for even cut. Customize the length with a cutter and get your ideal cable with no burrs. <\/li>\n<li> The Strength You Can Trust: The breaking strength of our wire rope is capable of reaching up to 3,700 lbs thanks to the thickened 3\/16&#8221; diameter. The recommended working strength is up to 840 lbs. It allows for a variety of hanging, strapping, and DIY activities. Take a rest and let the rope take over the heavy work. Get any job completed with peace of mind! <\/li>\n<li> \u041d\u0430\u0434\u0456\u0439\u043d\u0438\u0439 \u0434\u043b\u044f \u0432\u0438\u043a\u043e\u0440\u0438\u0441\u0442\u0430\u043d\u043d\u044f: \u043c\u0430\u0454 \u043f\u043e\u043b\u0456\u0440\u043e\u0432\u0430\u043d\u0443 \u0442\u0430 \u0433\u043b\u0430\u0434\u043a\u0443 \u043f\u043e\u0432\u0435\u0440\u0445\u043d\u044e, \u0446\u044f \u0434\u0440\u043e\u0442\u044f\u043d\u0430 \u043c\u043e\u0442\u0443\u0437\u043a\u0430 \u0437 \u043d\u0435\u0440\u0436\u0430\u0432\u0456\u044e\u0447\u043e\u0457 \u0441\u0442\u0430\u043b\u0456 \u043c\u043e\u0436\u0435 \u0437\u0430\u0445\u0438\u0441\u0442\u0438\u0442\u0438 \u0432\u0430\u0448\u0456 \u0440\u0443\u043a\u0438, \u0443\u043d\u0438\u043a\u0430\u044e\u0447\u0438 \u0434\u0438\u0441\u043a\u043e\u043c\u0444\u043e\u0440\u0442\u0443 \u0442\u0430 \u043f\u043e\u0448\u043a\u043e\u0434\u0436\u0435\u043d\u043d \u043e\u0440\u0456\u0436\u0442\u0435 \u0448\u043d\u0443\u0440 \u0456 \u043f\u043e\u0447\u043d\u0456\u0442\u044c \u0441\u0432\u043e\u044e \u043f\u043e\u0434\u043e\u0440\u043e\u0436 \u0441\u0432\u043e\u0457\u043c\u0438 \u0440\u0443\u043a\u0430\u043c\u0438. <\/li>\n<li> \u0428\u0438\u0440\u043e\u043a\u0456 \u0437\u0430\u0441\u0442\u043e\u0441\u0443\u0432\u0430\u043d\u043d\u044f: \u0411\u0443\u0434\u044c\u0442\u0435 \u0433\u043e\u0442\u043e\u0432\u0456 \u0432\u0437\u044f\u0442\u0438 \u043f\u0456\u0434 \u043a\u043e\u043d\u0442\u0440\u043e\u043b\u044c \u0431\u0443\u0434\u044c-\u044f\u043a\u0438\u0439 \u043f\u0440\u043e\u0441\u0442\u0456\u0440!\u0406\u0434\u0435\u0430\u043b\u044c\u043d\u043e \u043f\u0456\u0434\u0445\u043e\u0434\u0438\u0442\u044c \u0434\u043b\u044f \u0432\u043d\u0443\u0442\u0440\u0456\u0448\u043d\u044c\u043e\u0433\u043e \u0442\u0430 \u0437\u043e\u0432\u043d\u0456\u0448\u043d\u044c\u043e\u0433\u043e \u0432\u0438\u043a\u043e\u0440\u0438\u0441\u0442\u0430\u043d\u043d \u0442\u0440\u043e\u0441 \u0437 \u043d\u0435\u0440\u0436\u0430\u0432\u0456\u044e\u0447\u043e\u0457 \u0441\u0442\u0430\u043b\u0456 500 \u0444\u0443\u0442\u0456\u0432 \u0432\u0456\u0434\u043f\u043e\u0432\u0456\u0434\u0430\u0454 \u0432\u0441\u0456\u043c \u0432\u0430\u0448\u0438\u043c \u0449\u043e\u0434\u0435\u043d\u043d\u0438\u043c \u043f\u043e\u0442\u0440\u0435\u0431\u0430\u043c!\u0412\u0438\u0431\u0456\u0440 \u0434\u043b\u044f \u043f\u0435\u0440\u0438\u043b \u043f\u0430\u043b\u0443\u0431\u0438, \u0441\u0430\u0434\u043e\u0432\u043e\u0457 \u043e\u0433\u043e\u0440\u043e\u0436\u0456, \u043f\u0456\u0434\u0442\u0440\u0438\u043c\u043a\u0438 \u0432\u0430\u0448\u0438\u0445 \u0440\u043e\u0441\u043b\u0438\u043d, \u043f\u0456\u0434\u0432\u0456\u0441\u043d\u0438\u0445 \u0433\u043e\u0434\u0456\u0432\u043d\u0438\u0446\u044c \u0434\u043b\u044f \u043f\u0442\u0430\u0445\u0456\u0432, \u0441\u0442\u0440\u0443\u043d\u043d\u0438\u0445 \u043b\u0456\u0445\u0442\u0430\u0440\u0456\u0432, \u043c\u043e\u0442\u0443\u0437\u043e\u043a \u0434\u043b\u044f \u0431\u0456\u043b\u0438\u0437\u043d\u0438 \u0442\u043e\u0449 \u0414\u043e\u0434\u0430\u0439\u0442\u0435 \u0442\u0440\u043e\u0445\u0438 \u0441\u0432\u0456\u0436\u043e\u0441\u0442\u0456 \u0443 \u0441\u0432\u043e\u0454 \u0436\u0438\u0442\u0442\u044f \u0437\u0430 \u0434\u043e\u043f\u043e\u043c\u043e\u0433\u043e\u044e \u0446\u044c\u043e\u0433\u043e \u0434\u0440\u043e\u0442\u044f\u043d\u043e\u0433\u043e \u043a\u0430\u043d\u0430\u0442\u0430 VEVOR. <\/li>\n<\/ul>","protected":false},"featured_media":291845,"comment_status":"closed","ping_status":"open","template":"","meta":{"om_disable_all_campaigns":false,"_monsterinsights_skip_tracking":false,"_monsterinsights_sitenote_active":false,"_monsterinsights_sitenote_note":"","_monsterinsights_sitenote_category":0,"_uf_show_specific_survey":0,"_uf_disable_surveys":false},"location":[1935,1934],"product_brand":[21],"product_cat":[2963,65,2964],"product_tag":[],"class_list":{"0":"post-32083","1":"product","2":"type-product","3":"status-publish","4":"has-post-thumbnail","6":"location-supplier_stock_location","7":"location-local_stock_location","8":"product_brand-vevor","9":"product_cat-chains-ropes","10":"product_cat-hardware","11":"product_cat-wire-rope","13":"first","14":"instock","15":"taxable","16":"shipping-taxable","17":"purchasable","18":"product-type-simple"},"aioseo_notices":[],"jetpack_sharing_enabled":true,"locations":[{"id":1935,"name":"Pieg\u0101d\u0101t\u0101ja noliktav\u0101 (5-7d.d.)","slug":"supplier_stock_location","quantity":"29"},{"id":1934,"name":"R\u012bgas veikal\u0101 (0-2d.d.)","slug":"local_stock_location","quantity":"0"}],"_links":{"self":[{"href":"https:\/\/vevorshop.lv\/uk\/wp-json\/wp\/v2\/product\/32083","targetHints":{"allow":["GET"]}}],"collection":[{"href":"https:\/\/vevorshop.lv\/uk\/wp-json\/wp\/v2\/product"}],"about":[{"href":"https:\/\/vevorshop.lv\/uk\/wp-json\/wp\/v2\/types\/product"}],"replies":[{"embeddable":true,"href":"https:\/\/vevorshop.lv\/uk\/wp-json\/wp\/v2\/comments?post=32083"}],"wp:featuredmedia":[{"embeddable":true,"href":"https:\/\/vevorshop.lv\/uk\/wp-json\/wp\/v2\/media\/291845"}],"wp:attachment":[{"href":"https:\/\/vevorshop.lv\/uk\/wp-json\/wp\/v2\/media?parent=32083"}],"wp:term":[{"taxonomy":"location","embeddable":true,"href":"https:\/\/vevorshop.lv\/uk\/wp-json\/wp\/v2\/location?post=32083"},{"taxonomy":"product_brand","embeddable":true,"href":"https:\/\/vevorshop.lv\/uk\/wp-json\/wp\/v2\/product_brand?post=32083"},{"taxonomy":"product_cat","embeddable":true,"href":"https:\/\/vevorshop.lv\/uk\/wp-json\/wp\/v2\/product_cat?post=32083"},{"taxonomy":"product_tag","embeddable":true,"href":"https:\/\/vevorshop.lv\/uk\/wp-json\/wp\/v2\/product_tag?post=32083"}],"curies":[{"name":"wp","href":"https:\/\/api.w.org\/{rel}","templated":true}]}}