{"id":46260,"date":"2024-11-19T13:02:32","date_gmt":"2024-11-19T13:02:32","guid":{"rendered":"http:\/\/vevorshop.edigo.lv\/Prece\/vevor-5-gallon-sand-blaster-60-110-psi-high-pressure-sandblaster-with-4-nozzles\/"},"modified":"2026-04-20T04:25:38","modified_gmt":"2026-04-20T01:25:38","slug":"vevor-5-gallon-sand-blaster-60-110-psi-high-pressure-sandblaster-with-4-nozzles","status":"publish","type":"product","link":"https:\/\/vevorshop.lv\/uk\/Prece\/vevor-5-gallon-sand-blaster-60-110-psi-high-pressure-sandblaster-with-4-nozzles\/","title":{"rendered":"VEVOR 18,9 \u043b \u043f\u0456\u0441\u043a\u043e\u0441\u0442\u0440\u0443\u043c\u0438\u043d\u043d\u0438\u0439 \u0430\u043f\u0430\u0440\u0430\u0442 \u0432\u0438\u0441\u043e\u043a\u043e\u0433\u043e \u0442\u0438\u0441\u043a\u0443 60\u2013110 PSI \u0437 4 \u043a\u0435\u0440\u0430\u043c\u0456\u0447\u043d\u0438\u043c\u0438 \u0441\u043e\u043f\u043b\u0430\u043c\u0438, \u043c\u043e\u0431\u0456\u043b\u044c\u043d\u0438\u0439 \u043a\u043e\u043c\u043f\u043b\u0435\u043a\u0442 \u0434\u043b\u044f \u0432\u0438\u0434\u0430\u043b\u0435\u043d\u043d\u044f \u0456\u0440\u0436\u0456 \u0442\u0430 \u0444\u0430\u0440\u0431\u0438"},"content":{"rendered":"<div style=\"color: #fff!important; font-size: 16px; height: 24px; line-height: 24px; margin-top: -24px; \" class=\"product_original_name\">VEVOR 18.9 L Sand Blaster 60-110 PSI High Pressure Sandblaster with 4 Nozzles<\/div>\n<div style=\"color: #fff!important; font-size: 16px; height: 24px; line-height: 24px; margin-top: -24px; \" class=\"product_sku\">M4I4LMRA<\/div>\n<div style=\"color: #fff!important; font-size: 16px; height: 24px; line-height: 24px; margin-top: -24px; \" class=\"product_mpn\">PSG5JL6125PS7XJMJV0<\/div><div id=\"js-DM_at-goodDescRich\"><html><head><style>  body {    font-family: Arial;    line-height: 1.5;    color: #1c1c1c;    overflow-x: hidden;    margin: 0;    padding: 0;  }  .MsoNormal b {    font-weight: bolder;  }<\/style><style>  .container.small {    width: 970px;    margin: 0 auto;  }  .logo {    margin: 0 auto 0;  }  .logo img {    display: block;    margin: 0 auto;    max-width: 100%;  }  .logo .pc-banner {    display: block;    width: 1200px;    height: 247.4px;    margin: 0 auto;  }  .logo .pc-banner.small {    width: 970px;  }  .logo .pc-banner.small img {    height: auto!important;  }  .logo .m-banner {    display: none;  }  .ytvideo {    position: relative;    height: 546px;    width: 100%;    margin: 0 auto;  }  .ytvideo img {    width: 100%;    margin: 0 auto;  }  .ytvideo .play-btn {    width: 60px;    height: 42px;    position: absolute;    top: 50%;    left: 50%;    transform: translate(-50%, -50%);    background: url(\"data:image\/png;base64,iVBORw0KGgoAAAANSUhEUgAAAGQAAABGCAMAAAANWMFbAAAC+lBMVEUAAADBGB3kLCfBGB3kLCfcJC7BFx3KKSbiKybkLCbWJCPSIiLSIiLPICHAFx3kLCfgKSXNHiDZJiTIGx\/p4eHcjo7LHSDbJyTkLCbjKyfOHyHPIiL28fHJHB\/GGh7EGR7eKCXDGB3RISHlLSbBGB3AFxzGHB7DGB7BGB3hKybkKybAFx3lLCfAFxzDGR3hKibDGB7cJyTmz8\/elJTlwcHjurrUIyLlLSflLSfAFx3DGR7lLSfCFx3hKibhKibhKybjKybkLCblLSfbJSX49vbx7e3NNzjNMTLMJyjVIyLZf3\/ZQ0LaeHjx0tLgoqLkLCfCGB3HGx\/BGB3BFx3PICHCGB7WJCLOHyC\/Fxy\/Fx3lLCfQISHkLSe\/FxzbJiTBFx3FGx\/AGB7BFx3EGR7AGB3HHSDfKiXAFh3TISHYNzbhKibbJyTTIiL57e325+f039\/v2NjUV1fOHiHiqanfmprch4feKSXVIyPOICHmLibFGh\/mLSe\/Fx7XJCPeKSXXJSPNHyHaJyTGGh7lLCbmLCflLSjSIiLkLCbdKSXLHiC\/GB3KHh++Fh3lKyfoLiXcKCPkx8fYb2\/XaGfVXl3aU1LLHiDksbHgKibPICHbJyTfKSXbJyTCGB3KHSDiKybFGh7TIiL\/\/\/\/VIyPRISHIHB\/GGx\/HHB\/DGR7gKibdKCXLHiDZJiTMHiDNHyHYJSTOICHPICHWJCPcKCXXJSPjLCblLCf+\/f3NGR\/uLijzLynPGR\/IGB7WISHaIyLLGh7UAADxLynNAADRLzDbICLQAADIAAD3MCrUHSHXMTDpKSbLAADp5OTij4\/ejo\/VLy\/1LyngJSTcJCPQHx\/OHB7+\/PzaMS\/OLS\/vLijrLSjSAADaNTPwLyjkKSbNJCbYISHPHB\/KGB7WAAD7+vrn3d3aKynTKCjoLCfsKifRGh\/YAADq5+fhjo7QNDXXKCfmJyXt5+fTLzDLLi\/QKivYHRvMGBrQJCXLISPMExXLDxLaEAvkkI\/bOTfaFQ\/SCgpvLcnHAAAAmnRSTlMA+vv7+gT9Bvf9+8z8\/NSv\/Pr5+P7++vnQIBMP\/v38\/Pn348XDiCYf9OjbzcqxXVcx\/fz8+\/rj1r2poo1+fXFqX0orGP7+\/v7+\/fz8+\/r68uzn4trIxsG\/vri3p6GcmZSNbWVYUUZEPQv+\/f39+\/v7+\/v7+vr64tvV1NTTz87FtbSurqeblJKFg4B3bUY+NjL7+\/v7+\/v67t1cDo8JLQAABkRJREFUWMO0kz9rwkAYh0OIeJkum6YugUAhISCdKoj\/P4C7SMdS+gEKIhSKil10LSg4mzXkILdlEpxCpwTiWOLX6BujvQaEQuGeHLnL+\/64J+SIcKGYTYWnntpdLjrVdqvZmNdn0+EE40GtpuuWVS6Xx6N7YDSGpWXpeq02wHgynM7q80az1a52HpddtVcpsi1zFARBrdaxbhp9iUReTGmwA4KAAr7vx3EYejnCMI6hQYEgy0LQi4jUN0wL19vqFcUC9\/1dAKmEEFkWRYkh5oBejnxQJiSJPJ\/uKBp0Thszx9Mw8hMRIQjKsptCfuES9zr5WJY6vSFCIvE9fCMUmEM1A1kSXcYGxgVYsvI1IPKTZciSTI0us\/SMGG04gDzELDoFBwdcFJrF88dqgYMTiL6DILWYyfOWE8\/kIz38olCNlC03FK95+imxp6y4oUSvAnBjHHhKNtotSDqJzVFiK8c2SBqhZtsrTtgrLXwAyduxZHNE26eHUt5rtuM4WSmds3G+sUdWYo1L+XyxButoh5eKUHk5lByO3G1LqqCWVnfrv\/lyPtf\/4ps1cndNGIri8J1TJ0lx6dR\/oPjq1nbRwdp2dCk4CtIOLW3pVKRL6WZfS5vF2KkIQhpwSsjiYIgNCs1gEMGqiIq24NQX9NwoXFy8Ufrl3twTcg4fv8T9\/JBEySduj6Mjm4bMzYV7EEOxKjjoNDud7yY3Dy71Hq2oLmqfbNR723edH9PgMrNL2utoQ3VmaIDkiw\/4w51P06hlZsTZvkRrbVuSIs\/zwSOsycgzStQouoAkWQqioRT5XI7n2Z1wfVhoZmcAJLsoqjqpjbWCgpOAJXBwHK8PzWbNvoUZJND5wCnSkLAkZ1legx6vqQzjoiTahKlGUGLAiIIoABOHaNVw4sexZBym6\/HWlH5h3IC7yRbxtipcWxdTOkORKiNQAEkFf66x5S2oeRbroOlLgg0sSYkR0hRGEqJZ0jTPiQKatESdBckpWigxaapEH0lImHdWu9pUFF2XqMNM2Z4kped7IwEJw2qabwtrQqnpw6HyKkgcadKWsmpywwesDyIhYRpdzXddqegtGIJlXbAIUMOLkGxJUjRIkokwjUaX9d\/kK62ps\/tYUqZLIMkLTyBhsMZ3C5Z\/kDxOSCb\/DOs\/\/J0qcWSX\/2ipe56EgTCA4\/cB7NAYOsni4mZM1MUPAISoEwkDi4lhVBQ1cWQyIcwalw4EpqZN68JUSK7XC0kTlkLYii5uXSC8jT5ncCAS7mjCv0uHp\/3lueHEEAeQ\/\/VgmdN71\/2uCSA1Xr6DO6uI6sW56zqT2tp2PhgiRUAajV8CY2fkcz6WGNKMgLAt7tJAhD4YHMTeRxlALE6+43WqjSWi8ITxyJl8WrwWSNESQZZOqhDDntO3hJLsd5RtSpbJqdv3YrDJH3F7jL1R2O2aQkn2MyCyKYz0GPGIvSAMgBCrCEiJyKbBaYGwLW4uPRr0A0M4Ux5kUI7IBh+hMdiCEWNqhMZGyYMsOgNE58UQuEQeUnSWCMYwL54hkxK6IoqucQZbQ3pc3XtL0lky1dL0zZJJDpWJovFqpWj6JEHnyam2eQp5QRVAVHjWparTOaVwUOx99YS2MvgxIGV0bb+qIg2HX2qkFFJB+XZcbLiuRkuxD9GRroKyveLxdh4d7Orx+hb7qc3uVRuEogCOnyIxm4ubUoPgF4jianDrC+SDQDKEfJb0GUKmjCGPYHGJvVC6X4hw1\/sAfQAdfYyephIaspXe36RwOP+Ljvfx9B6B3i+Nk0DGq+oCbLn6JpBa9nWAveAIHwFAwtVcIJXPMPL8kRu5OAYPMaL1WScTxjiZDqB9LTJSWphow\/pTYKRTLjCBhvi9iBidvKcDasGSm0QQkycYuLBqj6QCELPctqChDWpTRMWkngNNpQ1Pfp1KkiT\/Y0DGffXAweUNfLAfaJFKDwhb6I+bkYRbkERoEeu3Fyjg2opMz2daZCS9jt6Q7txNfB+OZEVF6Zl5web2xunnLQrtrjXseXKaFYziYINeMFZVxS9VxRhOoesYwxPKXm+gWLG9cuFeq93UNNeJNsf1KlwuDok9n02n3TgIJpOxNfL9naIoQwXtfH9kjceTIIi709ncTg6LZbg+biLH1V6u\/7rxBem06VXKn9raAAAAAElFTkSuQmCC\")      no-repeat center center \/ contain;  }  @media screen and (max-width: 960px) and (orientation: portrait) {    .logo {      width: 100%;    }    .logo .pc-banner {      display: none;    }    .logo .m-banner {      display: block;      width: 100%;    }    .logo .m-banner img {      height: auto!important;    }    .ytvideo {      height: 200px;      width: 100%;    }  }<\/style><style>  .video-section {    width: 100%;    margin: 0 auto;  }  .video-section > img {    width: 100%;  }  .video-section iframe,  .video-section video {    width: 100%;    height: 100%;      }  .video-section-img-m,  .video-section-img-pc > img {    width: 100%;    height: auto;  }  .video-section-img-pc.small > img {    width: 970px;  }  .video-desc {    line-height: 1.5;    font-size: 20px;    font-weight: 400;    margin: 20px 0;    text-align: center;    color: #0f1111;    word-break: break-word;  }  @media screen and (max-width: 960px) and (orientation: portrait) {    .video-section {      width: 100%;    }    .video-section-pc,    .video-section-img-pc {      display: none;    }    .video-section-m,    .video-section-img-m {      display: block;    }    .video-desc {      font-size: 15px;    }  }  @media screen and (min-width: 960px) {    .video-section {      width: 100%;      margin: 0 auto;    }    .video-section-pc,    .video-section-img-pc {      display: block;    }    .video-section-m,    .video-section-img-m {      display: none;    }    .video-desc {      font-size: 20px;    }  }<\/style><style>  .section + .section {    margin-top: 35px;  }  .section-title {    text-align: center;    font-weight: bold;    color: #0d1111;    font-family: \"Arial\";    font-size: 32px;    margin: 15px 0;  }  .section-title:empty {    display: none;  }  .section-desc {    text-align: center;    font-weight: normal;    color: #0d1111;    margin-top: 20px;  }  .section-desc:empty {    display: none;  }  .section-img {    width: 1200px;    height: 492px;    margin: 0 auto;    display: block;  }  .section-img.small {    width: 970px;    height: auto;  }  .section-img.small > img {    height: auto;  }  .section-img > img {    width: 100%;    height: 100%;  }  .section-mobile-img {    display: none;    max-width: 100vw;    max-height: 75vw;    height: 450px;    margin: 0 auto;  }  .section-mobile-img > img {    width: 100%;    height: 100%;  }  @media screen and (max-width: 960px) and (orientation: portrait) {    .container {      width: 100%;    }    .container.small {      width: 100%;    }    .section-mobile-img {      display: block;    }    .section-img {      display: none;    }    .section-title {      font-size: 22px;      margin: 10px 0;    }    .section-desc {      margin-top: 10px;    }    .section + .section {      margin-top: 20px;    }  }<\/style><\/head><body><div class=\"container\"><div class=\"logo\"><div class=\"pc-banner\"><div><img decoding=\"async\" src=\"\/vevor\/vevor\/boutique-banner\/pc\/en-pc@1x.jpg\" style=\"width: 100%;\" \/><\/div><\/div><div class=\"m-banner\"><div><img decoding=\"async\" src=\"\/vevor\/vevor\/boutique-banner\/mobile\/en-m@1x.jpg\" style=\"width: 100%;\" \/><\/div><\/div><\/div><div class=\"section-title\">\u041f\u0456\u0434\u043d\u0456\u043c\u0456\u0442\u044c \u043e\u0431\u0440\u043e\u0431\u043a\u0443 \u043f\u043e\u0432\u0435\u0440\u0445\u043d\u0456 \u0437\u0430 \u0434\u043e\u043f\u043e\u043c\u043e\u0433\u043e\u044e \u0442\u043e\u0447\u043d\u043e\u0433\u043e \u043f\u0456\u0441\u043a\u043e\u0441\u0442\u0440\u0443\u043c\u0438\u043d\u043d\u043e\u0433\u043e \u043e\u0447\u0438\u0449\u0435\u043d\u043d\u044f<\/div><div class=\"video-section\"><div class=\"video-section-img-pc\"><img decoding=\"async\" src=\"\/vevor\/product\/PSG5JL6125PS7XJMJ\/abrasive-blaster-tank-a100-1.4.jpg\" alt=\"VEVOR sand blaster - 5 gallon high pressure sandblaster for efficient surface removal, before and after use.\" \/><\/div><div class=\"video-section-img-m\"><img decoding=\"async\" src=\"\/vevor\/product\/PSG5JL6125PS7XJMJ\/abrasive-blaster-tank-a100-1.4-m.jpg\" alt=\"VEVOR sand blaster - 5 gallon high pressure sandblaster for efficient surface removal, before and after use.\" \/><\/div><div class=\"section-desc\">Choose VEVOR 5-gallon sandblaster and experience a simpler, more efficient, and precise surface treatment. It enables high-pressure surface treatment, effortlessly removing rust, paint, stain and polishing large areas, also performing perfect sandblasting for curved surfaces and gaps.<\/div><\/div><div class=\"section\"><div class=\"section-title\"><\/div><div class=\"section-img\"><img decoding=\"async\" src=\"\/vevor\/product\/PSG5JL6125PS7XJMJ\/abrasive-blaster-tank-a100-2.2.jpg\" alt=\"VEVOR sand blaster with oil-water separator, abrasive adjustment valve, and 2.8-gallon capacity.\" \/><\/div><div class=\"section-mobile-img\"><img decoding=\"async\" src=\"\/vevor\/product\/PSG5JL6125PS7XJMJ\/abrasive-blaster-tank-a100-2.2-m.jpg\" alt=\"VEVOR sand blaster with oil-water separator, abrasive adjustment valve, and 2.8-gallon capacity.\" \/><\/div><div class=\"section-desc\">\u041d\u0430\u0448 \u043f\u0456\u0441\u043a\u043e\u0441\u0442\u0440\u0443\u043c\u0438\u043d\u043d\u0438\u0439 \u0430\u043f\u0430\u0440\u0430\u0442 \u043e\u0441\u043d\u0430\u0449\u0435\u043d\u0438\u0439 \u0441\u0435\u043f\u0430\u0440\u0430\u0442\u043e\u0440\u043e\u043c \u043c\u0430\u0441\u043b\u043e-\u0432\u043e\u0434\u0430, \u044f\u043a\u0438\u0439 \u0435\u0444\u0435\u043a\u0442\u0438\u0432\u043d\u043e \u0444\u0456\u043b\u044c\u0442\u0440\u0443\u0454 \u0432\u043e\u043b\u043e\u0433\u0443, \u0449\u043e\u0431 \u0437\u0431\u0435\u0440\u0435\u0433\u0442\u0438 \u0430\u0431\u0440\u0430\u0437\u0438\u0432 \u0441\u0443\u0445\u0438\u043c, \u0437\u0430\u043f\u043e\u0431\u0456\u0433\u0430\u044e\u0447\u0438 \u0437\u0430\u0441\u043c\u0456\u0447\u0435\u043d\u043d\u044e \u043a\u043b\u0430\u043f\u0430\u043d\u0430 \u0432\u043e\u043b\u043e\u0433\u0438\u043c \u0441\u0435\u0440\u0435\u0434\u043e\u0432\u0438\u0449\u0435\u043c \u0456 \u0437\u0430\u0431\u0435\u0437\u043f\u0435\u0447\u0443\u044e\u0447\u0438 \u043f\u043b\u0430\u0432\u043d\u0443 \u043f\u0456\u0441\u043a\u043e\u0441\u0442\u0440\u0443\u043c\u0438\u043d\u043d\u0443 \u043e\u0431\u0440\u043e\u0431\u043a\u0443.<\/div><\/div><div class=\"section\"><div class=\"section-title\"><\/div><div class=\"section-img\"><img decoding=\"async\" src=\"\/vevor\/product\/PSG5JL6125PS7XJMJ\/abrasive-blaster-tank-a100-2.3.jpg\" alt=\"flexible aluminum sand blaster gun vs traditional brass ball valve spray; single-hand control.\" \/><\/div><div class=\"section-mobile-img\"><img decoding=\"async\" src=\"\/vevor\/product\/PSG5JL6125PS7XJMJ\/abrasive-blaster-tank-a100-2.3-m.jpg\" alt=\"flexible aluminum sand blaster gun vs traditional brass ball valve spray; single-hand control.\" \/><\/div><div class=\"section-desc\">\u0412\u0438 \u043e\u0442\u0440\u0438\u043c\u0430\u0454\u0442\u0435 \u0433\u043d\u0443\u0447\u043a\u0438\u0439 \u0430\u043b\u044e\u043c\u0456\u043d\u0456\u0454\u0432\u0438\u0439 \u043f\u0456\u0441\u043a\u043e\u0441\u0442\u0440\u0443\u043c\u0438\u043d\u043d\u0438\u0439 \u043f\u0456\u0441\u0442\u043e\u043b\u0435\u0442, \u044f\u043a\u0438\u0439 \u043d\u0435 \u0442\u0456\u043b\u044c\u043a\u0438 \u043b\u0435\u0433\u043a\u0438\u0439, \u0430\u043b\u0435 \u0439 \u0434\u043e\u0437\u0432\u043e\u043b\u044f\u0454 \u0442\u043e\u0447\u043d\u043e \u043a\u043e\u043d\u0442\u0440\u043e\u043b\u044e\u0432\u0430\u0442\u0438 \u043b\u0438\u0448\u0435 \u043e\u0434\u043d\u0456\u0454\u044e \u0440\u0443\u043a\u043e \u041f\u043e\u0440\u0456\u0432\u043d\u044f\u043d\u043e \u0437 \u0442\u0440\u0430\u0434\u0438\u0446\u0456\u0439\u043d\u0438\u043c\u0438 \u043b\u0430\u0442\u0443\u043d\u043d\u0438\u043c\u0438 \u043f\u0456\u0441\u0442\u043e\u043b\u0435\u0442\u0430\u043c\u0438-\u0440\u043e\u0437\u043f\u0438\u043b\u044e\u0432\u0430\u0447\u0430\u043c\u0438 \u043a\u0443\u043b\u044c\u043e\u0432\u043e\u0433\u043e \u043a\u043b\u0430\u043f\u0430\u043d\u0430, \u0432\u0456\u043d \u043c\u0456\u0446\u043d\u0456\u0448\u0438\u0439, \u043b\u0435\u0433\u0448\u0438\u0439 \u0456 \u043f\u0440\u043e\u0441\u0442\u0438\u0439 \u0443 \u0432\u0438\u043a\u043e\u0440\u0438\u0441\u0442\u0430\u043d\u043d\u0456.<\/div><\/div><div class=\"section\"><div class=\"section-title\"><\/div><div class=\"section-img\"><img decoding=\"async\" src=\"\/vevor\/product\/PSG5JL6125PS7XJMJ\/abrasive-blaster-tank-a100-2.4.jpg\" alt=\"hand holding VEVOR sand blaster with ceramic nozzles, featuring wear resistance and various size options.\" \/><\/div><div class=\"section-mobile-img\"><img decoding=\"async\" src=\"\/vevor\/product\/PSG5JL6125PS7XJMJ\/abrasive-blaster-tank-a100-2.4-m.jpg\" alt=\"hand holding VEVOR sand blaster with ceramic nozzles, featuring wear resistance and various size options.\" \/><\/div><div class=\"section-desc\">\u041d\u0430\u0448\u0456 \u043a\u0435\u0440\u0430\u043c\u0456\u0447\u043d\u0456 \u043d\u0430\u0441\u0430\u0434\u043a\u0438 \u0437\u043d\u043e\u0441\u043e\u0441\u0442\u0456\u0439\u043a\u0456, \u0442\u0435\u0440\u043c\u043e\u0441\u0442\u0456\u0439\u043a\u0456, \u0456 \u0441\u0442\u0456\u0439\u043a\u0456 \u0434\u043e \u0434\u0435\u0444\u043e\u0440\u043c\u0430\u0446\u0456\u0457, \u0437\u0430\u043f\u043e\u0431\u0456\u0433\u0430\u044e\u0447\u0438 \u0430\u0431\u0440\u0430\u0437\u0438\u0432\u043d\u0456 \u0437\u0430\u0441\u043c\u0456\u0447\u0435\u043d\u043d\u044f, \u0432\u0438\u043a\u043b\u0438\u043a\u0430\u043d\u0456 \u0434\u0435\u0444\u043e\u0440\u043c\u0430\u0446\u0456\u0454\u044e \u043d\u0430\u0441\u0430\u0434\u043a \u043e\u0441\u0442\u0443\u043f\u043d\u0456 \u0432 4 \u0440\u043e\u0437\u043c\u0456\u0440\u0430\u0445: 3\/32\", 7\/64\", 1\/8\", 9\/64\" (\u041f\u043e\u043f\u0435\u0440\u0435\u0434\u043d\u044c\u043e \u0432\u0441\u0442\u0430\u043d\u043e\u0432\u043b\u0435\u043d\u0456), \u0446\u0456 \u043a\u0435\u0440\u0430\u043c\u0456\u0447\u043d\u0456 \u043d\u0430\u0441\u0430\u0434\u043a\u0438 \u0437\u0430\u0431\u0435\u0437\u043f\u0435\u0447\u0443\u044e\u0442\u044c \u0441\u0442\u0430\u0431\u0456\u043b\u044c\u043d\u0443 \u043f\u0440\u043e\u0434\u0443\u043a\u0442\u0438\u0432\u043d\u0456\u0441\u0442\u044c \u043f\u0456\u0441\u043a\u043e\u0441\u0442\u0440\u0443\u043c\u0438\u043d\u043d\u043e\u0457 \u043e\u0431\u0440\u043e\u0431\u043a\u0438.<\/div><\/div><div class=\"section\"><div class=\"section-title\"><\/div><div class=\"section-img\"><img decoding=\"async\" src=\"\/vevor\/product\/PSG5JL6125PS7XJMJ\/abrasive-blaster-tank-a100-2.5.jpg\" alt=\"worker using VEVOR sand blaster with rubber wheels, rubberized handle, and 8ft rubber hose on-site.\" \/><\/div><div class=\"section-mobile-img\"><img decoding=\"async\" src=\"\/vevor\/product\/PSG5JL6125PS7XJMJ\/abrasive-blaster-tank-a100-2.5-m.jpg\" alt=\"worker using VEVOR sand blaster with rubber wheels, rubberized handle, and 8ft rubber hose on-site.\" \/><\/div><div class=\"section-desc\">Rubber wheels and wide handle make it easy to move, especially suitable for large-area continuous work. With a 8ft rubber hose, it can easily reach hard-to-access areas. The bottom support provides high stability, allowing to complete sandblasting tasks with ease.<\/div><\/div><div class=\"section\"><div class=\"section-img\"><img decoding=\"async\" src=\"\/vevor\/product\/PSG5JL6125PS7XJMJ\/abrasive-blaster-tank-a100-1.11.jpg\" alt=\"VEVOR sand blaster with 5-gallon tank, 60-110 psi, ceramic nozzles, face mask, seal tape, and user manual.\" \/><\/div><div class=\"section-mobile-img\"><img decoding=\"async\" src=\"\/vevor\/product\/PSG5JL6125PS7XJMJ\/abrasive-blaster-tank-a100-1.11-m.jpg\" alt=\"VEVOR sand blaster with 5-gallon tank, 60-110 psi, ceramic nozzles, face mask, seal tape, and user manual.\" \/><\/div><\/div><\/div><\/body><\/html><\/div>\n<div class=\"DM_at-title\" id=\"js-DM_at-title\"> <div>\u0421\u043f\u0435\u0446\u0438\u0444\u0456\u043a\u0430\u0446\u0456\u044f \u043f\u0440\u043e\u0434\u0443\u043a\u0442\u0443<\/div> <i class=\"icon-arrowup_line\"><\/i> <\/div><div class=\"DM_at-goodsDescAttr\" id=\"js-DM_at-goodsDescAttr\"> <div class=\"DM_at-goodsDescAttrInner\"> <dl class=\"goodsDesc_item goodsDesc_item_even\"> <dt>\u041d\u043e\u043c\u0435\u0440 \u043c\u043e\u0434\u0435\u043b\u0456 \u0432\u0438\u0440\u043e\u0431\u0443<\/dt> <dd> FF-Q901<\/dd> <\/dl> <dl class=\"goodsDesc_item\"> <dt>\u0404\u043c\u043d\u0456\u0441\u0442\u044c \u0431\u0430\u043a\u0430<\/dt> <dd> 5 Gallon \/ 18.92 L<\/dd> <\/dl> <dl class=\"goodsDesc_item goodsDesc_item_even\"> <dt>\u0417\u0430\u043f\u0440\u043e\u043f\u043e\u043d\u043e\u0432\u0430\u043d\u0430 \u0430\u0431\u0440\u0430\u0437\u0438\u0432\u043d\u0430 \u0437\u0434\u0430\u0442\u043d\u0456\u0441\u0442\u044c<\/dt> <dd> 2.8 Gallon \/ 10.5 L<\/dd> <\/dl> <dl class=\"goodsDesc_item\"> <dt>\u0420\u043e\u0431\u043e\u0447\u0438\u0439 \u0442\u0438\u0441\u043a<\/dt> <dd> 60 - 110 PSI<\/dd> <\/dl> <dl class=\"goodsDesc_item goodsDesc_item_even\"> <dt>\u0417\u0430\u0441\u0442\u043e\u0441\u043e\u0432\u043d\u0438\u0439 \u0430\u0431\u0440\u0430\u0437\u0438\u0432<\/dt> <dd> 60-100 \u0413\u0440\u0438\u0446\u044c<\/dd> <\/dl> <dl class=\"goodsDesc_item\"> <dt>\u041c\u0430\u0441\u043b\u043e-\u0412\u043e\u0434\u0430 \u0421\u0435\u043f\u0430\u0440\u0430\u0442\u043e\u0440<\/dt> <dd> \u0422\u0430\u043a<\/dd> <\/dl> <dl class=\"goodsDesc_item goodsDesc_item_even\"> <dt>\u0420\u043e\u0437\u043c\u0456\u0440 \u043a\u043e\u043b\u0435\u0441\u0430<\/dt> <dd> \u00d85.9\" x 1.2\" \/\u00d8150 x 31.5 \u043c\u043c<\/dd> <\/dl> <dl class=\"goodsDesc_item\"> <dt>\u0412\u0430\u0433\u0430 \u043f\u0440\u043e\u0434\u0443\u043a\u0442\u0443<\/dt> <dd> 24.7 lbs \/ 11.21 kg<\/dd> <\/dl> <dl class=\"goodsDesc_item goodsDesc_item_even\"> <dt>\u0420\u043e\u0437\u043c\u0456\u0440\u0438 \u0432\u0438\u0440\u043e\u0431\u0443<\/dt> <dd> 13.4\" x 13.6\" x 30.3\" \/ 340 x 345 x 770 mm<\/dd> <\/dl> <\/div> <\/div>","protected":false},"excerpt":{"rendered":"<ul>\n<li> Efficient Surface Treatment: VEVOR 5 Gallon sand blaster is ideal for large-area surface treatment. It offers high sandblasting density, ensuring quick and efficient removal of rust and stain on iron frames, statues, car paint, or marble engravings. Working Pressure: 60-110 PSI. Air Consumption: 6-25 CFM. (Please prepare a 5.5KW air compressor separately) <\/li>\n<li> \u041e\u043d\u043e\u0432\u043b\u0435\u043d\u0438\u0439 \u043f\u0456\u0441\u0442\u043e\u043b\u0435\u0442 Sandblaster: \u043c\u0438 \u043e\u043d\u043e\u0432\u0438\u043b\u0438 \u0442\u0440\u0430\u0434\u0438\u0446\u0456\u0439\u043d\u0438\u0439 \u043b\u0430\u0442\u0443\u043d\u043d\u0438\u0439 \u043a\u0443\u043b\u044c\u043e\u0432\u0438\u0439 \u043a\u043b\u0430\u043f\u0430\u043d \u043f\u0456\u0441\u043a\u043e\u0441\u0442\u0440\u0443\u043c\u0438\u043d\u043d\u043e\u0457 \u043f\u0456\u0441\u0442\u043e\u043b\u0435\u0442 \u0437 \u043b\u0438\u0442\u0438\u043c \u043f\u0456\u0434 \u0442\u0438\u0441\u043a\u043e\u043c \u0430\u043b\u044e\u043c\u0456\u043d\u0456\u0454\u0432\u043e\u0433\u043e \u0441\u043f\u043b\u0430\u0432\u0443 \u043f\u0456\u0441\u043a\u043e\u0441\u0442\u0440\u0443\u043c\u0438\u043d\u043d\u043e\u0457 \u043f\u0456\u0441\u0442\u043e\u043b\u0435\u0442, \u0432\u0456\u043d \u043b\u0435\u0433\u0448\u0438\u0439, \u043c\u0456\u0446\u043d\u0456\u0448\u0438\u0439 \u0456 \u043f\u0440\u043e\u0441\u0442\u0438\u0439 \u0432 \u043a\u0435\u0440\u0443\u0432\u0430\u043d\u043d \u0430\u043a\u043e\u0436 \u043f\u0440\u043e\u043f\u043e\u043d\u0443\u0454 \u0448\u0432\u0438\u0434\u043a\u0435 \u0432\u0456\u0434\u043a\u0440\u0438\u0442\u0442\u044f \u0442\u0430 \u0437\u0430\u043a\u0440\u0438\u0442\u0442\u044f \u0434\u043b\u044f \u0437\u0431\u0435\u0440\u0435\u0436\u0435\u043d\u043d\u044f \u043d\u043e\u0441\u0456\u0457\u0432 \u0442\u0430 \u0437\u043c\u0435\u043d\u0448\u0435\u043d\u043d\u044f \u043f\u043b\u0443\u0442\u0430\u043d\u0438\u043d\u0438. <\/li>\n<li> Flows Smoothly &#038; Prevents Clogging: VEVOR sandblaster comes with water oil separator with pressure gauge that effectively removes moisture from compressed air, prevents wet media from clogging the valve. We recommend an abrasive capacity of 2.8 gallons, perfect for 60-100 grit abrasives like silica sand, aloxite, glass beads and more. (PLEASE NOTE: The used abrasive needs to be dry, or it will cause clogging) <\/li>\n<li> \u041c\u0456\u0446\u043d\u0430 \u043a\u0435\u0440\u0430\u043c\u0456\u0447\u043d\u0430 \u043d\u0430\u0441\u0430\u0434\u043a\u0430: \u043d\u0430\u0431\u0456\u0440 Sandblaster \u0432\u043a\u043b\u044e\u0447\u0430\u0454 4 \u043a\u0435\u0440\u0430\u043c\u0456\u0447\u043d\u0456 \u043d\u0430\u0441\u0430\u0434\u043a\u0438: 3\/32\u2033, 7\/64\u2033, 1\/8\u2033, 9\/64\u2033 (\u043f\u043e\u043f\u0435\u0440\u0435\u0434\u043d\u044c\u043e \u0432\u0441\u0442\u0430\u043d\u043e\u0432\u043b\u0435\u043d\u0456), \u0449\u043e \u043f\u0440\u043e\u043f\u043e\u043d\u0443\u044e\u0442\u044c \u0447\u0443\u0434\u043e\u0432\u0443 \u0437\u043d\u043e\u0441\u043e\u0441\u0442\u0456\u0439\u043a\u0456\u0441\u0442\u044c, \u0441\u0442\u0456\u0439\u043a\u0456\u0441\u0442\u044c \u0434\u043e \u043a\u043e\u0440\u043e\u0437\u0456\u0457 \u0442\u0430 \u0442\u0435\u0440\u043c\u043e\u0441\u0442\u0456\u0439\u043a\u0456\u0441\u0442\u044c \u043f\u043e\u0440\u0456\u0432\u043d\u044f\u043d\u043e \u0437 \u043c\u0435\u0442\u0430\u043b\u0435\u0432\u0438\u043c\u0438 \u043d\u0430\u0441\u0430\u0434\u043a\u0430\u043c \u0431\u0456\u043b\u044c\u0448\u0435 \u043d\u0435 \u0442\u0443\u0440\u0431\u0443\u0439\u0442\u0435\u0441\u044f \u043f\u0440\u043e \u0430\u0431\u0440\u0430\u0437\u0438\u0432\u043d\u0438\u0439 \u0432\u043f\u043b\u0438\u0432, \u0437\u043d\u043e\u0448\u0443\u0432\u0430\u043d\u043d\u044f, \u0441\u0442\u0430\u0442\u0438\u0447\u043d\u0435 \u043d\u0430\u043a\u043e\u043f\u0438\u0447\u0435\u043d\u043d\u044f \u0430\u0431\u043e \u0456\u0441\u043a\u0440\u0443. <\/li>\n<li> \u0413\u043d\u0443\u0447\u043a\u0438\u0439 \u0434\u043b\u044f \u043f\u0435\u0440\u0435\u043c\u0456\u0449\u0435\u043d\u043d\u044f: \u043e\u0441\u043d\u0430\u0449\u0435\u043d\u0438\u0439 \u0434\u0432\u043e\u043c\u0430 6-\u0434\u044e\u0439\u043c\u043e\u0432\u0438\u043c\u0438 \u0433\u0443\u043c\u043e\u0432\u0438\u043c\u0438 \u043a\u043e\u043b\u0435\u0441\u0430\u043c\u0438, \u0432\u0456\u043d \u043b\u0435\u0433\u043a\u043e \u043f\u0435\u0440\u0435\u043c\u0456\u0449\u0443\u0454\u0442\u044c\u0441\u044f \u0442\u0430 \u043f\u0456\u0434\u0445\u043e\u0434\u0438\u0442\u044c \u0434\u043b\u044f \u0437\u043e\u0432\u043d\u0456\u0448\u043d\u0456\u0445 \u0440\u043e\u0431\u0456\u0442 \u0437 \u0432\u0438\u0434\u0430\u043b\u0435\u043d\u043d\u044f \u0456\u0440\u0436 8-\u0444\u0443\u0442\u043e\u0432\u0438\u0439 \u0448\u043b\u0430\u043d\u0433 \u0437\u0430\u0431\u0435\u0437\u043f\u0435\u0447\u0443\u0454 \u043b\u0435\u0433\u043a\u0438\u0439 \u0434\u043e\u0441\u0442\u0443\u043f \u0434\u043e \u0432\u0430\u0436\u043a\u043e\u0434\u043e\u0441\u0442\u0443\u043f\u043d\u0438\u0445 \u043c\u0456\u0441\u0446\u044c, \u0442\u0430\u043a\u0438\u0445 \u044f\u043a \u0437\u043e\u0432\u043d\u0456\u0448\u043d\u0456 \u0437\u0430\u043b\u0456\u0437\u043d\u0456 \u0440\u0430\u043c\u0438, \u0441\u0442\u0430\u0442\u0443\u0457 \u0442\u0430 \u0456\u043d\u0448\u0456 \u043d\u0435\u0440\u0443\u0445\u043e\u043c\u0456 \u043f\u0440\u0435\u0434\u043c\u0435\u0442\u0438 \u0442\u043e\u0449\u043e. <\/li>\n<\/ul>","protected":false},"featured_media":313364,"comment_status":"closed","ping_status":"open","template":"","meta":{"om_disable_all_campaigns":false,"_monsterinsights_skip_tracking":false,"_monsterinsights_sitenote_active":false,"_monsterinsights_sitenote_note":"","_monsterinsights_sitenote_category":0,"_uf_show_specific_survey":0,"_uf_disable_surveys":false},"location":[1935,1934],"product_brand":[21],"product_cat":[2826,2683,2684,2825,2824],"product_tag":[],"class_list":{"0":"post-46260","1":"product","2":"type-product","3":"status-publish","4":"has-post-thumbnail","6":"location-supplier_stock_location","7":"location-local_stock_location","8":"product_brand-vevor","9":"product_cat-abrasive-blaster-tank","10":"product_cat-paint","11":"product_cat-paint-supplies","12":"product_cat-power-sander-accessories","13":"product_cat-sanding-supplies","15":"first","16":"instock","17":"taxable","18":"shipping-taxable","19":"purchasable","20":"product-type-simple"},"aioseo_notices":[],"jetpack_sharing_enabled":true,"locations":[{"id":1935,"name":"Pieg\u0101d\u0101t\u0101ja noliktav\u0101 (5-7d.d.)","slug":"supplier_stock_location","quantity":"143"},{"id":1934,"name":"R\u012bgas veikal\u0101 (0-2d.d.)","slug":"local_stock_location","quantity":"0"}],"_links":{"self":[{"href":"https:\/\/vevorshop.lv\/uk\/wp-json\/wp\/v2\/product\/46260","targetHints":{"allow":["GET"]}}],"collection":[{"href":"https:\/\/vevorshop.lv\/uk\/wp-json\/wp\/v2\/product"}],"about":[{"href":"https:\/\/vevorshop.lv\/uk\/wp-json\/wp\/v2\/types\/product"}],"replies":[{"embeddable":true,"href":"https:\/\/vevorshop.lv\/uk\/wp-json\/wp\/v2\/comments?post=46260"}],"wp:featuredmedia":[{"embeddable":true,"href":"https:\/\/vevorshop.lv\/uk\/wp-json\/wp\/v2\/media\/313364"}],"wp:attachment":[{"href":"https:\/\/vevorshop.lv\/uk\/wp-json\/wp\/v2\/media?parent=46260"}],"wp:term":[{"taxonomy":"location","embeddable":true,"href":"https:\/\/vevorshop.lv\/uk\/wp-json\/wp\/v2\/location?post=46260"},{"taxonomy":"product_brand","embeddable":true,"href":"https:\/\/vevorshop.lv\/uk\/wp-json\/wp\/v2\/product_brand?post=46260"},{"taxonomy":"product_cat","embeddable":true,"href":"https:\/\/vevorshop.lv\/uk\/wp-json\/wp\/v2\/product_cat?post=46260"},{"taxonomy":"product_tag","embeddable":true,"href":"https:\/\/vevorshop.lv\/uk\/wp-json\/wp\/v2\/product_tag?post=46260"}],"curies":[{"name":"wp","href":"https:\/\/api.w.org\/{rel}","templated":true}]}}