{"id":47864,"date":"2024-11-19T14:37:26","date_gmt":"2024-11-19T14:37:26","guid":{"rendered":"http:\/\/vevorshop.edigo.lv\/Prece\/vevor-split-charge-relay-voltage-sense-relay-12v-140a-dual-battery-isolator\/"},"modified":"2026-04-06T20:59:59","modified_gmt":"2026-04-06T17:59:59","slug":"vevor-split-charge-relay-voltage-sense-relay-12v-140a-dual-battery-isolator","status":"publish","type":"product","link":"https:\/\/vevorshop.lv\/uk\/Prece\/vevor-split-charge-relay-voltage-sense-relay-12v-140a-dual-battery-isolator\/","title":{"rendered":"VEVOR 12V 140A \u041f\u043e\u0434\u0432\u0456\u0439\u043d\u0438\u0439 \u0406\u0437\u043e\u043b\u044f\u0442\u043e\u0440 \u0410\u043a\u0443\u043c\u0443\u043b\u044f\u0442\u043e\u0440\u0430 \u0437 LCD, \u0420\u043e\u0437\u0443\u043c\u043d\u0435 VSR \u0420\u0435\u043b\u0435 \u0434\u043b\u044f RV, \u0427\u043e\u0432\u043d\u0430, \u0412\u0430\u043d\u0442\u0430\u0436\u0456\u0432\u043a\u0438, ATV, \u0410\u0432\u0442\u043e\/\u0420\u0443\u0447\u043d\u0438\u0439 \u0420\u0435\u0436\u0438\u043c"},"content":{"rendered":"<div style=\"color: #fff!important; font-size: 16px; height: 24px; line-height: 24px; margin-top: -24px; \" class=\"product_original_name\">VEVOR Dual Battery Isolator Kit, 12V 140Amp, Manual and Auto Modes VSR Voltage Sensitive Relay with LCD Screen, Smart Battery Isolator for ATV UTV RV Camper Off-Road Vehicle Caravan Truck Boat Yacht<\/div>\n<div style=\"color: #fff!important; font-size: 16px; height: 24px; line-height: 24px; margin-top: -24px; \" class=\"product_sku\">M4I4LOUA<\/div>\n<div style=\"color: #fff!important; font-size: 16px; height: 24px; line-height: 24px; margin-top: -24px; \" class=\"product_mpn\">FDCDJDQZJLCDFKCXLV9<\/div><div id=\"js-DM_at-goodDescRich\"><html><head><style>  body {    font-family: Arial;    line-height: 1.5;    color: #1c1c1c;    overflow-x: hidden;    margin: 0;    padding: 0;  }  .MsoNormal b {    font-weight: bolder;  }<\/style><style>  .container.small {    width: 970px;    margin: 0 auto;  }  .logo {    margin: 0 auto 0;  }  .logo img {    display: block;    margin: 0 auto;    max-width: 100%;  }  .logo .pc-banner {    display: block;    width: 1200px;    height: 247.4px;    margin: 0 auto;  }  .logo .pc-banner.small {    width: 970px;  }  .logo .pc-banner.small img {    height: auto!important;  }  .logo .m-banner {    display: none;  }  .ytvideo {    position: relative;    height: 546px;    width: 100%;    margin: 0 auto;  }  .ytvideo img {    width: 100%;    margin: 0 auto;  }  .ytvideo .play-btn {    width: 60px;    height: 42px;    position: absolute;    top: 50%;    left: 50%;    transform: translate(-50%, -50%);    background: url(\"data:image\/png;base64,iVBORw0KGgoAAAANSUhEUgAAAGQAAABGCAMAAAANWMFbAAAC+lBMVEUAAADBGB3kLCfBGB3kLCfcJC7BFx3KKSbiKybkLCbWJCPSIiLSIiLPICHAFx3kLCfgKSXNHiDZJiTIGx\/p4eHcjo7LHSDbJyTkLCbjKyfOHyHPIiL28fHJHB\/GGh7EGR7eKCXDGB3RISHlLSbBGB3AFxzGHB7DGB7BGB3hKybkKybAFx3lLCfAFxzDGR3hKibDGB7cJyTmz8\/elJTlwcHjurrUIyLlLSflLSfAFx3DGR7lLSfCFx3hKibhKibhKybjKybkLCblLSfbJSX49vbx7e3NNzjNMTLMJyjVIyLZf3\/ZQ0LaeHjx0tLgoqLkLCfCGB3HGx\/BGB3BFx3PICHCGB7WJCLOHyC\/Fxy\/Fx3lLCfQISHkLSe\/FxzbJiTBFx3FGx\/AGB7BFx3EGR7AGB3HHSDfKiXAFh3TISHYNzbhKibbJyTTIiL57e325+f039\/v2NjUV1fOHiHiqanfmprch4feKSXVIyPOICHmLibFGh\/mLSe\/Fx7XJCPeKSXXJSPNHyHaJyTGGh7lLCbmLCflLSjSIiLkLCbdKSXLHiC\/GB3KHh++Fh3lKyfoLiXcKCPkx8fYb2\/XaGfVXl3aU1LLHiDksbHgKibPICHbJyTfKSXbJyTCGB3KHSDiKybFGh7TIiL\/\/\/\/VIyPRISHIHB\/GGx\/HHB\/DGR7gKibdKCXLHiDZJiTMHiDNHyHYJSTOICHPICHWJCPcKCXXJSPjLCblLCf+\/f3NGR\/uLijzLynPGR\/IGB7WISHaIyLLGh7UAADxLynNAADRLzDbICLQAADIAAD3MCrUHSHXMTDpKSbLAADp5OTij4\/ejo\/VLy\/1LyngJSTcJCPQHx\/OHB7+\/PzaMS\/OLS\/vLijrLSjSAADaNTPwLyjkKSbNJCbYISHPHB\/KGB7WAAD7+vrn3d3aKynTKCjoLCfsKifRGh\/YAADq5+fhjo7QNDXXKCfmJyXt5+fTLzDLLi\/QKivYHRvMGBrQJCXLISPMExXLDxLaEAvkkI\/bOTfaFQ\/SCgpvLcnHAAAAmnRSTlMA+vv7+gT9Bvf9+8z8\/NSv\/Pr5+P7++vnQIBMP\/v38\/Pn348XDiCYf9OjbzcqxXVcx\/fz8+\/rj1r2poo1+fXFqX0orGP7+\/v7+\/fz8+\/r68uzn4trIxsG\/vri3p6GcmZSNbWVYUUZEPQv+\/f39+\/v7+\/v7+vr64tvV1NTTz87FtbSurqeblJKFg4B3bUY+NjL7+\/v7+\/v67t1cDo8JLQAABkRJREFUWMO0kz9rwkAYh0OIeJkum6YugUAhISCdKoj\/P4C7SMdS+gEKIhSKil10LSg4mzXkILdlEpxCpwTiWOLX6BujvQaEQuGeHLnL+\/64J+SIcKGYTYWnntpdLjrVdqvZmNdn0+EE40GtpuuWVS6Xx6N7YDSGpWXpeq02wHgynM7q80az1a52HpddtVcpsi1zFARBrdaxbhp9iUReTGmwA4KAAr7vx3EYejnCMI6hQYEgy0LQi4jUN0wL19vqFcUC9\/1dAKmEEFkWRYkh5oBejnxQJiSJPJ\/uKBp0Thszx9Mw8hMRIQjKsptCfuES9zr5WJY6vSFCIvE9fCMUmEM1A1kSXcYGxgVYsvI1IPKTZciSTI0us\/SMGG04gDzELDoFBwdcFJrF88dqgYMTiL6DILWYyfOWE8\/kIz38olCNlC03FK95+imxp6y4oUSvAnBjHHhKNtotSDqJzVFiK8c2SBqhZtsrTtgrLXwAyduxZHNE26eHUt5rtuM4WSmds3G+sUdWYo1L+XyxButoh5eKUHk5lByO3G1LqqCWVnfrv\/lyPtf\/4ps1cndNGIri8J1TJ0lx6dR\/oPjq1nbRwdp2dCk4CtIOLW3pVKRL6WZfS5vF2KkIQhpwSsjiYIgNCs1gEMGqiIq24NQX9NwoXFy8Ufrl3twTcg4fv8T9\/JBEySduj6Mjm4bMzYV7EEOxKjjoNDud7yY3Dy71Hq2oLmqfbNR723edH9PgMrNL2utoQ3VmaIDkiw\/4w51P06hlZsTZvkRrbVuSIs\/zwSOsycgzStQouoAkWQqioRT5XI7n2Z1wfVhoZmcAJLsoqjqpjbWCgpOAJXBwHK8PzWbNvoUZJND5wCnSkLAkZ1legx6vqQzjoiTahKlGUGLAiIIoABOHaNVw4sexZBym6\/HWlH5h3IC7yRbxtipcWxdTOkORKiNQAEkFf66x5S2oeRbroOlLgg0sSYkR0hRGEqJZ0jTPiQKatESdBckpWigxaapEH0lImHdWu9pUFF2XqMNM2Z4kped7IwEJw2qabwtrQqnpw6HyKkgcadKWsmpywwesDyIhYRpdzXddqegtGIJlXbAIUMOLkGxJUjRIkokwjUaX9d\/kK62ps\/tYUqZLIMkLTyBhsMZ3C5Z\/kDxOSCb\/DOs\/\/J0qcWSX\/2ipe56EgTCA4\/cB7NAYOsni4mZM1MUPAISoEwkDi4lhVBQ1cWQyIcwalw4EpqZN68JUSK7XC0kTlkLYii5uXSC8jT5ncCAS7mjCv0uHp\/3lueHEEAeQ\/\/VgmdN71\/2uCSA1Xr6DO6uI6sW56zqT2tp2PhgiRUAajV8CY2fkcz6WGNKMgLAt7tJAhD4YHMTeRxlALE6+43WqjSWi8ITxyJl8WrwWSNESQZZOqhDDntO3hJLsd5RtSpbJqdv3YrDJH3F7jL1R2O2aQkn2MyCyKYz0GPGIvSAMgBCrCEiJyKbBaYGwLW4uPRr0A0M4Ux5kUI7IBh+hMdiCEWNqhMZGyYMsOgNE58UQuEQeUnSWCMYwL54hkxK6IoqucQZbQ3pc3XtL0lky1dL0zZJJDpWJovFqpWj6JEHnyam2eQp5QRVAVHjWparTOaVwUOx99YS2MvgxIGV0bb+qIg2HX2qkFFJB+XZcbLiuRkuxD9GRroKyveLxdh4d7Orx+hb7qc3uVRuEogCOnyIxm4ubUoPgF4jianDrC+SDQDKEfJb0GUKmjCGPYHGJvVC6X4hw1\/sAfQAdfYyephIaspXe36RwOP+Ljvfx9B6B3i+Nk0DGq+oCbLn6JpBa9nWAveAIHwFAwtVcIJXPMPL8kRu5OAYPMaL1WScTxjiZDqB9LTJSWphow\/pTYKRTLjCBhvi9iBidvKcDasGSm0QQkycYuLBqj6QCELPctqChDWpTRMWkngNNpQ1Pfp1KkiT\/Y0DGffXAweUNfLAfaJFKDwhb6I+bkYRbkERoEeu3Fyjg2opMz2daZCS9jt6Q7txNfB+OZEVF6Zl5web2xunnLQrtrjXseXKaFYziYINeMFZVxS9VxRhOoesYwxPKXm+gWLG9cuFeq93UNNeJNsf1KlwuDok9n02n3TgIJpOxNfL9naIoQwXtfH9kjceTIIi709ncTg6LZbg+biLH1V6u\/7rxBem06VXKn9raAAAAAElFTkSuQmCC\")      no-repeat center center \/ contain;  }  @media screen and (max-width: 960px) and (orientation: portrait) {    .logo {      width: 100%;    }    .logo .pc-banner {      display: none;    }    .logo .m-banner {      display: block;      width: 100%;    }    .logo .m-banner img {      height: auto!important;    }    .ytvideo {      height: 200px;      width: 100%;    }  }<\/style><style>  .video-section {    width: 100%;    margin: 0 auto;  }  .video-section > img {    width: 100%;  }  .video-section iframe,  .video-section video {    width: 100%;    height: 100%;      }  .video-section-img-m,  .video-section-img-pc > img {    width: 100%;    height: auto;  }  .video-section-img-pc.small > img {    width: 970px;  }  .video-desc {    line-height: 1.5;    font-size: 20px;    font-weight: 400;    margin: 20px 0;    text-align: center;    color: #0f1111;    word-break: break-word;  }  @media screen and (max-width: 960px) and (orientation: portrait) {    .video-section {      width: 100%;    }    .video-section-pc,    .video-section-img-pc {      display: none;    }    .video-section-m,    .video-section-img-m {      display: block;    }    .video-desc {      font-size: 15px;    }  }  @media screen and (min-width: 960px) {    .video-section {      width: 100%;      margin: 0 auto;    }    .video-section-pc,    .video-section-img-pc {      display: block;    }    .video-section-m,    .video-section-img-m {      display: none;    }    .video-desc {      font-size: 20px;    }  }<\/style><style>  .section + .section {    margin-top: 35px;  }  .section-title {    text-align: center;    font-weight: bold;    color: #0d1111;    font-family: \"Arial\";    font-size: 32px;    margin: 15px 0;  }  .section-title:empty {    display: none;  }  .section-desc {    text-align: center;    font-weight: normal;    color: #0d1111;    margin-top: 20px;  }  .section-desc:empty {    display: none;  }  .section-img {    width: 1200px;    height: 492px;    margin: 0 auto;    display: block;  }  .section-img.small {    width: 970px;    height: auto;  }  .section-img.small > img {    height: auto;  }  .section-img > img {    width: 100%;    height: 100%;  }  .section-mobile-img {    display: none;    max-width: 100vw;    max-height: 75vw;    height: 450px;    margin: 0 auto;  }  .section-mobile-img > img {    width: 100%;    height: 100%;  }  @media screen and (max-width: 960px) and (orientation: portrait) {    .container {      width: 100%;    }    .container.small {      width: 100%;    }    .section-mobile-img {      display: block;    }    .section-img {      display: none;    }    .section-title {      font-size: 22px;      margin: 10px 0;    }    .section-desc {      margin-top: 10px;    }    .section + .section {      margin-top: 20px;    }  }<\/style><\/head><body><div class=\"container\"><div class=\"logo\"><div class=\"pc-banner\"><div><img decoding=\"async\" src=\"\/vevor\/vevor\/boutique-banner\/pc\/en-pc@1x.jpg\" style=\"width: 100%;\" \/><\/div><\/div><div class=\"m-banner\"><div><img decoding=\"async\" src=\"\/vevor\/vevor\/boutique-banner\/mobile\/en-m@1x.jpg\" style=\"width: 100%;\" \/><\/div><\/div><\/div><div class=\"section-title\">140 Amp Dual Battery Isolator<\/div><div class=\"video-section\"><div class=\"video-section-img-pc\"><img decoding=\"async\" src=\"\/vevor\/product\/FDCDJDQZJLCDFKCXL\/voltage-sensitive-relay-a100-1.4.jpg\" alt=\"VEVOR dual battery isolator kit: manual and automatic mode operation guide by pressing the switch button.\" \/><\/div><div class=\"video-section-img-m\"><img decoding=\"async\" src=\"\/vevor\/product\/FDCDJDQZJLCDFKCXL\/voltage-sensitive-relay-a100-1.4-m.jpg\" alt=\"VEVOR dual battery isolator kit: manual and automatic mode operation guide by pressing the switch button.\" \/><\/div><div class=\"section-desc\">Designed for dual battery systems, our VSR isolator effortlessly tackles your circuit control challenges! Choose between manual and automatic modes for easy operation. With an LED display, you can monitor your battery status in real-time, ensuring security with our high and low voltage protection.<\/div><\/div><div class=\"section\"><div class=\"section-title\"><\/div><div class=\"section-img\"><img decoding=\"async\" src=\"\/vevor\/product\/FDCDJDQZJLCDFKCXL\/voltage-sensitive-relay-a100-2.2.jpg\" alt=\"VEVOR dual battery isolator kit with led display and real-time voltage monitoring for power status control.\" \/><\/div><div class=\"section-mobile-img\"><img decoding=\"async\" src=\"\/vevor\/product\/FDCDJDQZJLCDFKCXL\/voltage-sensitive-relay-a100-2.2-m.jpg\" alt=\"VEVOR dual battery isolator kit with led display and real-time voltage monitoring for power status control.\" \/><\/div><div class=\"section-desc\">Get real-time updates on your high-voltage battery's health&#xa0;with our LED display, ensuring you're always aware of your battery's condition. Whether you're out exploring the outdoors or tackling everyday tasks, our dual battery isolator&#xa0;makes your circuit control smarter than ever before.<\/div><\/div><div class=\"section\"><div class=\"section-title\"><\/div><div class=\"section-img\"><img decoding=\"async\" src=\"\/vevor\/product\/FDCDJDQZJLCDFKCXL\/voltage-sensitive-relay-a100-2.3.jpg\" alt=\"VEVOR dual battery isolator kit with led display, voltage protection, and automatic circuit disconnect.\" \/><\/div><div class=\"section-mobile-img\"><img decoding=\"async\" src=\"\/vevor\/product\/FDCDJDQZJLCDFKCXL\/voltage-sensitive-relay-a100-2.3-m.jpg\" alt=\"VEVOR dual battery isolator kit with led display, voltage protection, and automatic circuit disconnect.\" \/><\/div><div class=\"section-desc\">Protect your batteries with unmatched security using our&#xa0;smart battery isolator, featuring high and low voltage protection. If voltage&#xa0;below 11V or above 17V, our intelligent system reacts instantly\u2014automatically disconnecting the circuit to avoid damage from voltage irregularities.<\/div><\/div><div class=\"section\"><div class=\"section-title\"><\/div><div class=\"section-img\"><img decoding=\"async\" src=\"\/vevor\/product\/FDCDJDQZJLCDFKCXL\/voltage-sensitive-relay-a100-2.4.jpg\" alt=\"VEVOR dual battery isolator kit diagram demonstrating installation and components for ease of use.\" \/><\/div><div class=\"section-mobile-img\"><img decoding=\"async\" src=\"\/vevor\/product\/FDCDJDQZJLCDFKCXL\/voltage-sensitive-relay-a100-2.4-m.jpg\" alt=\"VEVOR dual battery isolator kit diagram demonstrating installation and components for ease of use.\" \/><\/div><div class=\"section-desc\">Our 140A voltage sensitive relay isolator measures just 2.7'' x 2.7''&#xa0;x 2.2'', making it a breeze to install in any space. It fits perfectly for mounting under the hood or inside an off-road vehicle and works flawlessly with your dual battery system.<\/div><\/div><div class=\"section\"><div class=\"section-title\"><\/div><div class=\"section-img\"><img decoding=\"async\" src=\"\/vevor\/product\/FDCDJDQZJLCDFKCXL\/voltage-sensitive-relay-a100-2.5.jpg\" alt=\"VEVOR dual battery isolator kit with waterproof, dustproof design for off-road vehicles, campers, boats.\" \/><\/div><div class=\"section-mobile-img\"><img decoding=\"async\" src=\"\/vevor\/product\/FDCDJDQZJLCDFKCXL\/voltage-sensitive-relay-a100-2.5-m.jpg\" alt=\"VEVOR dual battery isolator kit with waterproof, dustproof design for off-road vehicles, campers, boats.\" \/><\/div><div class=\"section-desc\">Our dual battery isolator features a silicone-sealed interior, offering robust protection against water, dust, and harsh environmental conditions,&#xa0;shielding&#xa0;your outdoor dual battery systems. Deliver reliable performance, whether for off-road vehicles, motorhomes, yachts, or boats.<\/div><\/div><div class=\"section\"><div class=\"section-img\"><img decoding=\"async\" src=\"\/vevor\/product\/FDCDJDQZJLCDFKCXL\/voltage-sensitive-relay-a100-1.11.jpg\" alt=\"VEVOR dual battery isolator kit, item vsr002 specs, dimensions 2.7x2.7x2.2in, 12v, max 140a current.\" \/><\/div><div class=\"section-mobile-img\"><img decoding=\"async\" src=\"\/vevor\/product\/FDCDJDQZJLCDFKCXL\/voltage-sensitive-relay-a100-1.11-m.jpg\" alt=\"VEVOR dual battery isolator kit, item vsr002 specs, dimensions 2.7x2.7x2.2in, 12v, max 140a current.\" \/><\/div><\/div><\/div><\/body><\/html><\/div>\n<div class=\"DM_at-title\" id=\"js-DM_at-title\"> <div>\u0421\u043f\u0435\u0446\u0438\u0444\u0456\u043a\u0430\u0446\u0456\u044f \u043f\u0440\u043e\u0434\u0443\u043a\u0442\u0443<\/div> <i class=\"icon-arrowup_line\"><\/i> <\/div><div class=\"DM_at-goodsDescAttr\" id=\"js-DM_at-goodsDescAttr\"> <div class=\"DM_at-goodsDescAttrInner\"> <dl class=\"goodsDesc_item goodsDesc_item_even\"> <dt>\u041d\u043e\u043c\u0435\u0440 \u043c\u043e\u0434\u0435\u043b\u0456 \u0432\u0438\u0440\u043e\u0431\u0443<\/dt> <dd> VSR002<\/dd> <\/dl> <dl class=\"goodsDesc_item\"> <dt>Cut-In Charging Voltage<\/dt> <dd> \u226512.3V<\/dd> <\/dl> <dl class=\"goodsDesc_item goodsDesc_item_even\"> <dt>Cut-Out Charge Voltage<\/dt> <dd> \u226512.6V<\/dd> <\/dl> <dl class=\"goodsDesc_item\"> <dt>\u041c\u0430\u043a\u0441\u0438\u043c\u0430\u043b\u044c\u043d\u0438\u0439 \u0437\u0430\u0440\u044f\u0434\u043d\u0438\u0439 \u0441\u0442\u0440\u0443\u043c<\/dt> <dd> 140A (within 5 minutes)<\/dd> <\/dl> <dl class=\"goodsDesc_item goodsDesc_item_even\"> <dt>Continuous Charging Current<\/dt> <dd> \u2265100A<\/dd> <\/dl> <dl class=\"goodsDesc_item\"> <dt>Applicable Battery Voltage System<\/dt> <dd> 12V Storage Battery<\/dd> <\/dl> <dl class=\"goodsDesc_item goodsDesc_item_even\"> <dt>\u041e\u0441\u043d\u043e\u0432\u043d\u0438\u0439 \u043c\u0430\u0442\u0435\u0440\u0456\u0430\u043b<\/dt> <dd> ABS<\/dd> <\/dl> <dl class=\"goodsDesc_item\"> <dt>Voltage Sensitive Relay Dimensions (L x W x H)<\/dt> <dd> 2.7 x 2.7 x 2.2 in\/ 68 x 68 x 56 mm<\/dd> <\/dl> <dl class=\"goodsDesc_item goodsDesc_item_even\"> <dt>\u0412\u0430\u0433\u0430 \u043f\u0440\u043e\u0434\u0443\u043a\u0442\u0443 (\u0437 \u0443\u0441\u0456\u043c\u0430 \u0430\u043a\u0441\u0435\u0441\u0443\u0430\u0440\u0430\u043c\u0438)<\/dt> <dd> 0.47 lbs\/0.215 kg<\/dd> <\/dl> <\/div> <\/div>","protected":false},"excerpt":{"rendered":"<ul>\n<li> Manual\/Automatic Modes, Seamless Switching: Say goodbye to complicated setups with our 12V 140A dual battery isolator! In manual mode, a single button press connects or disconnects your circuit. Switch to automatic mode, providing smart switching without the need for manual intervention. Bid farewell to circuitry woes and upgrade to smoother operations with our voltage sensitive relay (VSR)! <\/li>\n<li> Real-Time Monitoring, Voltage at Your Fingertips: Stay informed and in control with our smart battery isolator, featuring an LED display that provides immediate status updates on your high-voltage battery&#8217;s health. Keep tabs on your battery&#8217;s condition at all times, ensuring reliable support throughout your journeys. Enjoy peace of mind and more secure energy usage wherever you go. <\/li>\n<li> Comprehensive Protection, Dual Security: Trust in the smart, secure operation of our voltage sensitive relay isolator, equipped with advanced high and low voltage protection. Anytime voltage is below 11V or above 17V, it automatically disconnects the circuit, protecting your primary battery from deep discharge and your secondary battery from overcharging. Experience enhanced security and lasting performance with every use. <\/li>\n<li> Compact Size, Installation Made Easy: Enjoy hassle-free setup with our compact 140A voltage sensitive relay isolator, which measures only 2.7&#8221; x 2.7&#8221; x 2.2&#8221;. It is lightweight, portable, and easy to install for a variety of scenarios. Whether mounted under the hood or inside an off-road vehicle, it works flawlessly with your dual battery system. Small in size, big on performance! <\/li>\n<li> Universal Compatibility for Any Scenario: Our dual battery isolator is engineered specifically for dual battery systems, ensuring simultaneous charging for two batteries without interrupting your device&#8217;s power supply. Whether in your off-road vehicle, camper, or marine vessel, wherever you go, whenever you need it, it provides stable and reliable power support for your equipment. <\/li>\n<\/ul>","protected":false},"featured_media":315800,"comment_status":"closed","ping_status":"open","template":"","meta":{"om_disable_all_campaigns":false,"_monsterinsights_skip_tracking":false,"_monsterinsights_sitenote_active":false,"_monsterinsights_sitenote_note":"","_monsterinsights_sitenote_category":0,"_uf_show_specific_survey":0,"_uf_disable_surveys":false},"location":[1935,1934],"product_brand":[21],"product_cat":[3175,34,3174,3176,2671,3177],"product_tag":[],"class_list":{"0":"post-47864","1":"product","2":"type-product","3":"status-publish","4":"has-post-thumbnail","6":"location-supplier_stock_location","7":"location-local_stock_location","8":"product_brand-vevor","9":"product_cat-breaker-box-parts","10":"product_cat-electrical","11":"product_cat-electrical-panels-protective-devices","12":"product_cat-other-parts-accessories","13":"product_cat-power-distribution","14":"product_cat-relay","16":"first","17":"instock","18":"featured","19":"taxable","20":"shipping-taxable","21":"purchasable","22":"product-type-simple"},"aioseo_notices":[],"jetpack_sharing_enabled":true,"locations":[{"id":1935,"name":"Pieg\u0101d\u0101t\u0101ja noliktav\u0101 (5-7d.d.)","slug":"supplier_stock_location","quantity":"138"},{"id":1934,"name":"R\u012bgas veikal\u0101 (0-2d.d.)","slug":"local_stock_location","quantity":"0"}],"_links":{"self":[{"href":"https:\/\/vevorshop.lv\/uk\/wp-json\/wp\/v2\/product\/47864","targetHints":{"allow":["GET"]}}],"collection":[{"href":"https:\/\/vevorshop.lv\/uk\/wp-json\/wp\/v2\/product"}],"about":[{"href":"https:\/\/vevorshop.lv\/uk\/wp-json\/wp\/v2\/types\/product"}],"replies":[{"embeddable":true,"href":"https:\/\/vevorshop.lv\/uk\/wp-json\/wp\/v2\/comments?post=47864"}],"wp:featuredmedia":[{"embeddable":true,"href":"https:\/\/vevorshop.lv\/uk\/wp-json\/wp\/v2\/media\/315800"}],"wp:attachment":[{"href":"https:\/\/vevorshop.lv\/uk\/wp-json\/wp\/v2\/media?parent=47864"}],"wp:term":[{"taxonomy":"location","embeddable":true,"href":"https:\/\/vevorshop.lv\/uk\/wp-json\/wp\/v2\/location?post=47864"},{"taxonomy":"product_brand","embeddable":true,"href":"https:\/\/vevorshop.lv\/uk\/wp-json\/wp\/v2\/product_brand?post=47864"},{"taxonomy":"product_cat","embeddable":true,"href":"https:\/\/vevorshop.lv\/uk\/wp-json\/wp\/v2\/product_cat?post=47864"},{"taxonomy":"product_tag","embeddable":true,"href":"https:\/\/vevorshop.lv\/uk\/wp-json\/wp\/v2\/product_tag?post=47864"}],"curies":[{"name":"wp","href":"https:\/\/api.w.org\/{rel}","templated":true}]}}