{"id":51514,"date":"2024-11-19T19:42:17","date_gmt":"2024-11-19T19:42:17","guid":{"rendered":"http:\/\/vevorshop.edigo.lv\/Prece\/vevor-portable-toilet-flush-travel-camping-3-2-gal-commode-potty-outdoor-indoor\/"},"modified":"2026-04-05T14:13:46","modified_gmt":"2026-04-05T11:13:46","slug":"vevor-portable-toilet-flush-travel-camping-3-2-gal-commode-potty-outdoor-indoor","status":"publish","type":"product","link":"https:\/\/vevorshop.lv\/uk\/Prece\/vevor-portable-toilet-flush-travel-camping-3-2-gal-commode-potty-outdoor-indoor\/","title":{"rendered":"\u041f\u043e\u0440\u0442\u0430\u0442\u0438\u0432\u043d\u0438\u0439 \u0442\u0443\u0430\u043b\u0435\u0442 VEVOR \u0434\u043b\u044f \u043a\u0435\u043c\u043f\u0456\u043d\u0433\u0443 \u0437 \u0431\u0430\u043a\u043e\u043c \u0434\u043b\u044f \u0432\u0456\u0434\u0445\u043e\u0434\u0456\u0432 12 \u043b, \u0437\u043c\u0438\u0432\u043e\u043c \u043f\u0456\u0434 \u0442\u0438\u0441\u043a\u043e\u043c 10 \u043b, \u0433\u0435\u0440\u043c\u0435\u0442\u0438\u0447\u043d\u0438\u0439, \u0443 \u043a\u043e\u043c\u043f\u043b\u0435\u043a\u0442\u0456 \u0441\u0443\u043c\u043a\u0430"},"content":{"rendered":"<div style=\"color: #fff!important; font-size: 16px; height: 24px; line-height: 24px; margin-top: -24px; \" class=\"product_original_name\">VEVOR Portable Toilet for Camping with Carry Bag, RV Toilet with 3.2 Gal Waste Tank, Push-Button Pressurized Flush Commode, Leak-proof and Odourless Travel Toilet for Adults Kids Camping Car<\/div>\n<div style=\"color: #fff!important; font-size: 16px; height: 24px; line-height: 24px; margin-top: -24px; \" class=\"product_sku\">M4I4LVGS<\/div>\n<div style=\"color: #fff!important; font-size: 16px; height: 24px; line-height: 24px; margin-top: -24px; \" class=\"product_mpn\">DCX32GAL32GALYTV0V0<\/div><div id=\"js-DM_at-goodDescRich\"><html><head><style>  body {    font-family: Arial;    line-height: 1.5;    color: #1c1c1c;    overflow-x: hidden;    margin: 0;    padding: 0;  }  .MsoNormal b {    font-weight: bolder;  }<\/style><style>  .container.small {    width: 970px;    margin: 0 auto;  }  .logo {    margin: 0 auto 0;  }  .logo img {    display: block;    margin: 0 auto;    max-width: 100%;  }  .logo .pc-banner {    display: block;    width: 1200px;    height: 247.4px;    margin: 0 auto;  }  .logo .pc-banner.small {    width: 970px;  }  .logo .pc-banner.small img {    height: auto!important;  }  .logo .m-banner {    display: none;  }  .ytvideo {    position: relative;    height: 546px;    width: 100%;    margin: 0 auto;  }  .ytvideo img {    width: 100%;    margin: 0 auto;  }  .ytvideo .play-btn {    width: 60px;    height: 42px;    position: absolute;    top: 50%;    left: 50%;    transform: translate(-50%, -50%);    background: url(\"data:image\/png;base64,iVBORw0KGgoAAAANSUhEUgAAAGQAAABGCAMAAAANWMFbAAAC+lBMVEUAAADBGB3kLCfBGB3kLCfcJC7BFx3KKSbiKybkLCbWJCPSIiLSIiLPICHAFx3kLCfgKSXNHiDZJiTIGx\/p4eHcjo7LHSDbJyTkLCbjKyfOHyHPIiL28fHJHB\/GGh7EGR7eKCXDGB3RISHlLSbBGB3AFxzGHB7DGB7BGB3hKybkKybAFx3lLCfAFxzDGR3hKibDGB7cJyTmz8\/elJTlwcHjurrUIyLlLSflLSfAFx3DGR7lLSfCFx3hKibhKibhKybjKybkLCblLSfbJSX49vbx7e3NNzjNMTLMJyjVIyLZf3\/ZQ0LaeHjx0tLgoqLkLCfCGB3HGx\/BGB3BFx3PICHCGB7WJCLOHyC\/Fxy\/Fx3lLCfQISHkLSe\/FxzbJiTBFx3FGx\/AGB7BFx3EGR7AGB3HHSDfKiXAFh3TISHYNzbhKibbJyTTIiL57e325+f039\/v2NjUV1fOHiHiqanfmprch4feKSXVIyPOICHmLibFGh\/mLSe\/Fx7XJCPeKSXXJSPNHyHaJyTGGh7lLCbmLCflLSjSIiLkLCbdKSXLHiC\/GB3KHh++Fh3lKyfoLiXcKCPkx8fYb2\/XaGfVXl3aU1LLHiDksbHgKibPICHbJyTfKSXbJyTCGB3KHSDiKybFGh7TIiL\/\/\/\/VIyPRISHIHB\/GGx\/HHB\/DGR7gKibdKCXLHiDZJiTMHiDNHyHYJSTOICHPICHWJCPcKCXXJSPjLCblLCf+\/f3NGR\/uLijzLynPGR\/IGB7WISHaIyLLGh7UAADxLynNAADRLzDbICLQAADIAAD3MCrUHSHXMTDpKSbLAADp5OTij4\/ejo\/VLy\/1LyngJSTcJCPQHx\/OHB7+\/PzaMS\/OLS\/vLijrLSjSAADaNTPwLyjkKSbNJCbYISHPHB\/KGB7WAAD7+vrn3d3aKynTKCjoLCfsKifRGh\/YAADq5+fhjo7QNDXXKCfmJyXt5+fTLzDLLi\/QKivYHRvMGBrQJCXLISPMExXLDxLaEAvkkI\/bOTfaFQ\/SCgpvLcnHAAAAmnRSTlMA+vv7+gT9Bvf9+8z8\/NSv\/Pr5+P7++vnQIBMP\/v38\/Pn348XDiCYf9OjbzcqxXVcx\/fz8+\/rj1r2poo1+fXFqX0orGP7+\/v7+\/fz8+\/r68uzn4trIxsG\/vri3p6GcmZSNbWVYUUZEPQv+\/f39+\/v7+\/v7+vr64tvV1NTTz87FtbSurqeblJKFg4B3bUY+NjL7+\/v7+\/v67t1cDo8JLQAABkRJREFUWMO0kz9rwkAYh0OIeJkum6YugUAhISCdKoj\/P4C7SMdS+gEKIhSKil10LSg4mzXkILdlEpxCpwTiWOLX6BujvQaEQuGeHLnL+\/64J+SIcKGYTYWnntpdLjrVdqvZmNdn0+EE40GtpuuWVS6Xx6N7YDSGpWXpeq02wHgynM7q80az1a52HpddtVcpsi1zFARBrdaxbhp9iUReTGmwA4KAAr7vx3EYejnCMI6hQYEgy0LQi4jUN0wL19vqFcUC9\/1dAKmEEFkWRYkh5oBejnxQJiSJPJ\/uKBp0Thszx9Mw8hMRIQjKsptCfuES9zr5WJY6vSFCIvE9fCMUmEM1A1kSXcYGxgVYsvI1IPKTZciSTI0us\/SMGG04gDzELDoFBwdcFJrF88dqgYMTiL6DILWYyfOWE8\/kIz38olCNlC03FK95+imxp6y4oUSvAnBjHHhKNtotSDqJzVFiK8c2SBqhZtsrTtgrLXwAyduxZHNE26eHUt5rtuM4WSmds3G+sUdWYo1L+XyxButoh5eKUHk5lByO3G1LqqCWVnfrv\/lyPtf\/4ps1cndNGIri8J1TJ0lx6dR\/oPjq1nbRwdp2dCk4CtIOLW3pVKRL6WZfS5vF2KkIQhpwSsjiYIgNCs1gEMGqiIq24NQX9NwoXFy8Ufrl3twTcg4fv8T9\/JBEySduj6Mjm4bMzYV7EEOxKjjoNDud7yY3Dy71Hq2oLmqfbNR723edH9PgMrNL2utoQ3VmaIDkiw\/4w51P06hlZsTZvkRrbVuSIs\/zwSOsycgzStQouoAkWQqioRT5XI7n2Z1wfVhoZmcAJLsoqjqpjbWCgpOAJXBwHK8PzWbNvoUZJND5wCnSkLAkZ1legx6vqQzjoiTahKlGUGLAiIIoABOHaNVw4sexZBym6\/HWlH5h3IC7yRbxtipcWxdTOkORKiNQAEkFf66x5S2oeRbroOlLgg0sSYkR0hRGEqJZ0jTPiQKatESdBckpWigxaapEH0lImHdWu9pUFF2XqMNM2Z4kped7IwEJw2qabwtrQqnpw6HyKkgcadKWsmpywwesDyIhYRpdzXddqegtGIJlXbAIUMOLkGxJUjRIkokwjUaX9d\/kK62ps\/tYUqZLIMkLTyBhsMZ3C5Z\/kDxOSCb\/DOs\/\/J0qcWSX\/2ipe56EgTCA4\/cB7NAYOsni4mZM1MUPAISoEwkDi4lhVBQ1cWQyIcwalw4EpqZN68JUSK7XC0kTlkLYii5uXSC8jT5ncCAS7mjCv0uHp\/3lueHEEAeQ\/\/VgmdN71\/2uCSA1Xr6DO6uI6sW56zqT2tp2PhgiRUAajV8CY2fkcz6WGNKMgLAt7tJAhD4YHMTeRxlALE6+43WqjSWi8ITxyJl8WrwWSNESQZZOqhDDntO3hJLsd5RtSpbJqdv3YrDJH3F7jL1R2O2aQkn2MyCyKYz0GPGIvSAMgBCrCEiJyKbBaYGwLW4uPRr0A0M4Ux5kUI7IBh+hMdiCEWNqhMZGyYMsOgNE58UQuEQeUnSWCMYwL54hkxK6IoqucQZbQ3pc3XtL0lky1dL0zZJJDpWJovFqpWj6JEHnyam2eQp5QRVAVHjWparTOaVwUOx99YS2MvgxIGV0bb+qIg2HX2qkFFJB+XZcbLiuRkuxD9GRroKyveLxdh4d7Orx+hb7qc3uVRuEogCOnyIxm4ubUoPgF4jianDrC+SDQDKEfJb0GUKmjCGPYHGJvVC6X4hw1\/sAfQAdfYyephIaspXe36RwOP+Ljvfx9B6B3i+Nk0DGq+oCbLn6JpBa9nWAveAIHwFAwtVcIJXPMPL8kRu5OAYPMaL1WScTxjiZDqB9LTJSWphow\/pTYKRTLjCBhvi9iBidvKcDasGSm0QQkycYuLBqj6QCELPctqChDWpTRMWkngNNpQ1Pfp1KkiT\/Y0DGffXAweUNfLAfaJFKDwhb6I+bkYRbkERoEeu3Fyjg2opMz2daZCS9jt6Q7txNfB+OZEVF6Zl5web2xunnLQrtrjXseXKaFYziYINeMFZVxS9VxRhOoesYwxPKXm+gWLG9cuFeq93UNNeJNsf1KlwuDok9n02n3TgIJpOxNfL9naIoQwXtfH9kjceTIIi709ncTg6LZbg+biLH1V6u\/7rxBem06VXKn9raAAAAAElFTkSuQmCC\")      no-repeat center center \/ contain;  }  @media screen and (max-width: 960px) and (orientation: portrait) {    .logo {      width: 100%;    }    .logo .pc-banner {      display: none;    }    .logo .m-banner {      display: block;      width: 100%;    }    .logo .m-banner img {      height: auto!important;    }    .ytvideo {      height: 200px;      width: 100%;    }  }<\/style><style>  .video-section {    width: 100%;    margin: 0 auto;  }  .video-section > img {    width: 100%;  }  .video-section iframe,  .video-section video {    width: 100%;    height: 100%;      }  .video-section-img-m,  .video-section-img-pc > img {    width: 100%;    height: auto;  }  .video-section-img-pc.small > img {    width: 970px;  }  .video-desc {    line-height: 1.5;    font-size: 20px;    font-weight: 400;    margin: 20px 0;    text-align: center;    color: #0f1111;    word-break: break-word;  }  @media screen and (max-width: 960px) and (orientation: portrait) {    .video-section {      width: 100%;    }    .video-section-pc,    .video-section-img-pc {      display: none;    }    .video-section-m,    .video-section-img-m {      display: block;    }    .video-desc {      font-size: 15px;    }  }  @media screen and (min-width: 960px) {    .video-section {      width: 100%;      margin: 0 auto;    }    .video-section-pc,    .video-section-img-pc {      display: block;    }    .video-section-m,    .video-section-img-m {      display: none;    }    .video-desc {      font-size: 20px;    }  }<\/style><style>  .section + .section {    margin-top: 35px;  }  .section-title {    text-align: center;    font-weight: bold;    color: #0d1111;    font-family: \"Arial\";    font-size: 32px;    margin: 15px 0;  }  .section-title:empty {    display: none;  }  .section-desc {    text-align: center;    font-weight: normal;    color: #0d1111;    margin-top: 20px;  }  .section-desc:empty {    display: none;  }  .section-img {    width: 1200px;    height: 492px;    margin: 0 auto;    display: block;  }  .section-img.small {    width: 970px;    height: auto;  }  .section-img.small > img {    height: auto;  }  .section-img > img {    width: 100%;    height: 100%;  }  .section-mobile-img {    display: none;    max-width: 100vw;    max-height: 75vw;    height: 450px;    margin: 0 auto;  }  .section-mobile-img > img {    width: 100%;    height: 100%;  }  @media screen and (max-width: 960px) and (orientation: portrait) {    .container {      width: 100%;    }    .container.small {      width: 100%;    }    .section-mobile-img {      display: block;    }    .section-img {      display: none;    }    .section-title {      font-size: 22px;      margin: 10px 0;    }    .section-desc {      margin-top: 10px;    }    .section + .section {      margin-top: 20px;    }  }<\/style><\/head><body><div class=\"container\"><div class=\"logo\"><div class=\"pc-banner\"><div><img decoding=\"async\" src=\"\/vevor\/vevor\/boutique-banner\/pc\/en-pc@1x.jpg\" style=\"width: 100%;\" \/><\/div><\/div><div class=\"m-banner\"><div><img decoding=\"async\" src=\"\/vevor\/vevor\/boutique-banner\/mobile\/en-m@1x.jpg\" style=\"width: 100%;\" \/><\/div><\/div><\/div><div class=\"section-title\">Portable Toilet: Your On-the-Go Solution<\/div><div class=\"video-section\"><div class=\"video-section-img-pc\"><img decoding=\"async\" src=\"\/vevor\/product\/DCX32GAL32GALYTV0\/portable-toilet-a100-1.4.jpg\" \/><\/div><div class=\"video-section-img-m\"><img decoding=\"async\" src=\"\/vevor\/product\/DCX32GAL32GALYTV0\/portable-toilet-a100-1.4-m.jpg\" \/><\/div><div class=\"section-desc\">This portable toilet features a detachable 2.6 gal flush tank and a 3.2 gal waste tank, boasting 440 lbs weight capacity. It's perfect for pregnant women and the elderly, providing comfortable seating. Compact in design, it's ideal for use in RVs, boats, trucks, vans, camping, and road trips.<\/div><\/div><div class=\"section\"><div class=\"section-title\"><\/div><div class=\"section-img\"><img decoding=\"async\" src=\"\/vevor\/product\/DCX32GAL32GALYTV0\/portable-toilet-a100-2.2.jpg\" \/><\/div><div class=\"section-mobile-img\"><img decoding=\"async\" src=\"\/vevor\/product\/DCX32GAL32GALYTV0\/portable-toilet-a100-2.2-m.jpg\" \/><\/div><div class=\"section-desc\">With just 3.4-3.6 oz (100-105 ml) of water per flush, the pressurized flush pump efficiently cleans waste. The tank's capacity allows for 95 flushes, minimizing the need for frequent water refills and conserving water resources.<\/div><\/div><div class=\"section\"><div class=\"section-title\"><\/div><div class=\"section-img\"><img decoding=\"async\" src=\"\/vevor\/product\/DCX32GAL32GALYTV0\/portable-toilet-a100-2.3.jpg\" \/><\/div><div class=\"section-mobile-img\"><img decoding=\"async\" src=\"\/vevor\/product\/DCX32GAL32GALYTV0\/portable-toilet-a100-2.3-m.jpg\" \/><\/div><div class=\"section-desc\">This camping toilet's waste tank is designed to prevent leaks and spills. The water level indicator to timely alert for sewage disposal. The vent valve balances pressure differences, preventing overflow. The push-pull sealed drain valve effectively reduces odors and sewage leakage.<\/div><\/div><div class=\"section\"><div class=\"section-title\"><\/div><div class=\"section-img\"><img decoding=\"async\" src=\"\/vevor\/product\/DCX32GAL32GALYTV0\/portable-toilet-a100-2.4.jpg\" \/><\/div><div class=\"section-mobile-img\"><img decoding=\"async\" src=\"\/vevor\/product\/DCX32GAL32GALYTV0\/portable-toilet-a100-2.4-m.jpg\" \/><\/div><div class=\"section-desc\">This porta potty is fully removable for convenient cleaning. The toilet seat fastener ensures stability. The outdoor toilet features a spacious compartment for storing detergent and towels. The bottom non-slip mat ensures stability, which is ideal for bumpy road conditions.<\/div><\/div><div class=\"section\"><div class=\"section-title\"><\/div><div class=\"section-img\"><img decoding=\"async\" src=\"\/vevor\/product\/DCX32GAL32GALYTV0\/portable-toilet-a100-2.5.jpg\" \/><\/div><div class=\"section-mobile-img\"><img decoding=\"async\" src=\"\/vevor\/product\/DCX32GAL32GALYTV0\/portable-toilet-a100-2.5-m.jpg\" \/><\/div><div class=\"section-desc\">This removable composting toilet is simple to operate. Just fill it with water and slide the valve to open the internal partition, making the RV toilet ready for use.<\/div><\/div><div class=\"section\"><div class=\"section-img\"><img decoding=\"async\" src=\"\/vevor\/product\/DCX32GAL32GALYTV0\/portable-toilet-a100-1.11.jpg\" \/><\/div><div class=\"section-mobile-img\"><img decoding=\"async\" src=\"\/vevor\/product\/DCX32GAL32GALYTV0\/portable-toilet-a100-1.11-m.jpg\" \/><\/div><\/div><\/div><\/body><\/html><\/div>\n<div class=\"DM_at-title\" id=\"js-DM_at-title\"> <div>\u0421\u043f\u0435\u0446\u0438\u0444\u0456\u043a\u0430\u0446\u0456\u044f \u043f\u0440\u043e\u0434\u0443\u043a\u0442\u0443<\/div> <i class=\"icon-arrowup_line\"><\/i> <\/div><div class=\"DM_at-goodsDescAttr\" id=\"js-DM_at-goodsDescAttr\"> <div class=\"DM_at-goodsDescAttrInner\"> <dl class=\"goodsDesc_item goodsDesc_item_even\"> <dt>\u041d\u043e\u043c\u0435\u0440 \u043c\u043e\u0434\u0435\u043b\u0456 \u0432\u0438\u0440\u043e\u0431\u0443<\/dt> <dd> Air pump10L<\/dd> <\/dl> <dl class=\"goodsDesc_item\"> <dt>\u041c\u0430\u0442\u0435\u0440\u0456\u0430\u043b\u0438<\/dt> <dd> HDPE, PP, ABS, etc<\/dd> <\/dl> <dl class=\"goodsDesc_item goodsDesc_item_even\"> <dt>Sewage Tank Capacity<\/dt> <dd> 3.2 gal \/ 12 L<\/dd> <\/dl> <dl class=\"goodsDesc_item\"> <dt>\u041c\u0456\u0441\u0442\u043a\u0456\u0441\u0442\u044c \u0440\u0435\u0437\u0435\u0440\u0432\u0443\u0430\u0440\u0430 \u0434\u043b\u044f \u0432\u043e\u0434\u0438<\/dt> <dd> 3.2 gal \/ 12 L<\/dd> <\/dl> <dl class=\"goodsDesc_item goodsDesc_item_even\"> <dt>Number of Flushes<\/dt> <dd> 95 times<\/dd> <\/dl> <dl class=\"goodsDesc_item\"> <dt>Water Consumption per Flush<\/dt> <dd> 2.4 - 2.7 oz \/ 70 - 80 ml<\/dd> <\/dl> <dl class=\"goodsDesc_item goodsDesc_item_even\"> <dt>\u0412\u0430\u043d\u0442\u0430\u0436\u043e\u043f\u0456\u0434\u0439\u043e\u043c\u043d\u0456\u0441\u0442\u044c<\/dt> <dd> 330 lbs \/ 149.7 kg<\/dd> <\/dl> <dl class=\"goodsDesc_item\"> <dt>Air Tightness<\/dt> <dd> No leakage when filled with water and left for 12 hours<\/dd> <\/dl> <dl class=\"goodsDesc_item goodsDesc_item_even\"> <dt>Service Life<\/dt> <dd> The hand pump can be operated 10,000 times<\/dd> <\/dl> <dl class=\"goodsDesc_item\"> <dt>\u041c\u0430\u0441\u0430 \u043d\u0435\u0442\u0442\u043e<\/dt> <dd> 9.7 lbs \/ 4.4 kg<\/dd> <\/dl> <dl class=\"goodsDesc_item goodsDesc_item_even\"> <dt>\u0420\u043e\u0437\u043c\u0456\u0440 \u043f\u0440\u043e\u0434\u0443\u043a\u0442\u0443<\/dt> <dd> 16.9\" x 13.4\" x 11.8\" \/ 430 x 340 x 300 mm<\/dd> <\/dl> <\/div> <\/div>","protected":false},"excerpt":{"rendered":"<ul>\n<li> Portable Toilet with Flush: No more rushing to find a public restroom while camping or on road trips! This portable toilet features a detachable sewage tank and flush tank, measuring just 15.2&#8243; x 13.4&#8243; x 13.1&#8243; for easy portability. The camping toilet can support up to 440 lbs, ensuring safety for pregnant women, children, and the elderly. Compact yet fully functional, this porta potty provides the comfort of a real home toilet, letting you enjoy nature and your travels without worry. <\/li>\n<li> Pressurized Flush up to 95 Times: The travel toilet features a 2.6 gal (10 L) flush tank with a manual piston pump for a pressurized flush, using 3.4-3.6 oz (100-105 ml) per flush for quick and efficient waste cleaning. The T-type full-coverage water outlet design ensures 360\u00b0 rapid cleaning for a cleaner experience. <\/li>\n<li> Sealed Spill-proof Waste Tank: The 3.2 gal (12 L) waste tank comes with a waste level indicator, displaying the sewage level in the tank and prompting timely disposal. Additionally, the tank&#8217;s exhaust button allows for depressurization and venting, particularly useful when driving an RV to high-altitude areas, as timely venting maintains the balance of internal and external pressure, preventing sewage discharge. <\/li>\n<li> User-Friendly Design: Our RV toilet is made of easy-to-clean and durable material. The inner bucket wall is smooth and non-stick, minimizing the need for laborious brushing. This composting toilet features a removable toilet seat and cover for easy cleaning; a built-in storage bin for toilet paper or detergent; a sewage outlet cover with a sealing ring for leak-proof and odorless use; and a non-slip mat at the base for stable operation. <\/li>\n<li> Easy Operation: Using the outdoor toilet is straightforward. For better cleaning results, when pressing the pump to flush, slowly pull the pump to the highest point, then press down gently for maximum flushing efficiency. To clean the waste tank, lift it, add 1-2 liters of clean water, shake the tank side to side, and turn the 270\u00b0 rotatable sewage pipe to empty the waste tank, ensuring thorough cleaning. <\/li>\n<\/ul>","protected":false},"featured_media":323087,"comment_status":"closed","ping_status":"open","template":"","meta":{"om_disable_all_campaigns":false,"_monsterinsights_skip_tracking":false,"_monsterinsights_sitenote_active":false,"_monsterinsights_sitenote_note":"","_monsterinsights_sitenote_category":0,"_uf_show_specific_survey":0,"_uf_disable_surveys":false},"location":[1935,1934],"product_brand":[21],"product_cat":[2647,2649,2648],"product_tag":[],"class_list":{"0":"post-51514","1":"product","2":"type-product","3":"status-publish","4":"has-post-thumbnail","6":"location-supplier_stock_location","7":"location-local_stock_location","8":"product_brand-vevor","9":"product_cat-bath","10":"product_cat-composting-toilets","11":"product_cat-toilets","13":"first","14":"instock","15":"taxable","16":"shipping-taxable","17":"purchasable","18":"product-type-simple"},"aioseo_notices":[],"jetpack_sharing_enabled":true,"locations":[{"id":1935,"name":"Pieg\u0101d\u0101t\u0101ja noliktav\u0101 (5-7d.d.)","slug":"supplier_stock_location","quantity":"2"},{"id":1934,"name":"R\u012bgas veikal\u0101 (0-2d.d.)","slug":"local_stock_location","quantity":"0"}],"_links":{"self":[{"href":"https:\/\/vevorshop.lv\/uk\/wp-json\/wp\/v2\/product\/51514","targetHints":{"allow":["GET"]}}],"collection":[{"href":"https:\/\/vevorshop.lv\/uk\/wp-json\/wp\/v2\/product"}],"about":[{"href":"https:\/\/vevorshop.lv\/uk\/wp-json\/wp\/v2\/types\/product"}],"replies":[{"embeddable":true,"href":"https:\/\/vevorshop.lv\/uk\/wp-json\/wp\/v2\/comments?post=51514"}],"wp:featuredmedia":[{"embeddable":true,"href":"https:\/\/vevorshop.lv\/uk\/wp-json\/wp\/v2\/media\/323087"}],"wp:attachment":[{"href":"https:\/\/vevorshop.lv\/uk\/wp-json\/wp\/v2\/media?parent=51514"}],"wp:term":[{"taxonomy":"location","embeddable":true,"href":"https:\/\/vevorshop.lv\/uk\/wp-json\/wp\/v2\/location?post=51514"},{"taxonomy":"product_brand","embeddable":true,"href":"https:\/\/vevorshop.lv\/uk\/wp-json\/wp\/v2\/product_brand?post=51514"},{"taxonomy":"product_cat","embeddable":true,"href":"https:\/\/vevorshop.lv\/uk\/wp-json\/wp\/v2\/product_cat?post=51514"},{"taxonomy":"product_tag","embeddable":true,"href":"https:\/\/vevorshop.lv\/uk\/wp-json\/wp\/v2\/product_tag?post=51514"}],"curies":[{"name":"wp","href":"https:\/\/api.w.org\/{rel}","templated":true}]}}