{"id":53266,"date":"2024-11-19T23:13:00","date_gmt":"2024-11-19T23:13:00","guid":{"rendered":"http:\/\/vevorshop.edigo.lv\/Prece\/vevor-single-wall-oven-24-electric-built-in-wall-oven-9-functions-2-68-cu-ft-2\/"},"modified":"2026-04-20T01:01:44","modified_gmt":"2026-04-19T22:01:44","slug":"vevor-single-wall-oven-24-electric-built-in-wall-oven-9-functions-2-68-cu-ft-2","status":"publish","type":"product","link":"https:\/\/vevorshop.lv\/uk\/Prece\/vevor-single-wall-oven-24-electric-built-in-wall-oven-9-functions-2-68-cu-ft-2\/","title":{"rendered":"\u0412\u0431\u0443\u0434\u043e\u0432\u0430\u043d\u0430 \u0435\u043b\u0435\u043a\u0442\u0440\u0438\u0447\u043d\u0430 \u0434\u0443\u0445\u043e\u0432\u0430 \u0448\u0430\u0444\u0430 VEVOR, 76 \u043b, 3550 \u0412\u0442, 9 \u0440\u0435\u0436\u0438\u043c\u0456\u0432, \u043d\u0430\u0433\u0440\u0456\u0432 \u0434\u043e 200\u00b0C \u0437\u0430 5 \u0445\u0432, \u0441\u0430\u043c\u043e\u043e\u0447\u0438\u0449\u0435\u043d\u043d\u044f, \u0442\u0430\u0439\u043c\u0435\u0440, \u0447\u043e\u0440\u043d\u0430"},"content":{"rendered":"<div style=\"color: #fff!important; font-size: 16px; height: 24px; line-height: 24px; margin-top: -24px; \" class=\"product_original_name\">VEVOR Single Wall Oven, 24\" Electric Built-in Wall Oven with 9 Cooking Functions, 2.68 Cu.Ft Electric Wall Ovens, Rapid heating to 200\u00b0C in 5min, 3550W Electric Oven with Baking Rack and Tray, Kitchen<\/div>\n<div style=\"color: #fff!important; font-size: 16px; height: 24px; line-height: 24px; margin-top: -24px; \" class=\"product_sku\">M4I4M3CZ<\/div>\n<div style=\"color: #fff!important; font-size: 16px; height: 24px; line-height: 24px; margin-top: -24px; \" class=\"product_mpn\">QRSDKXJXSXK29HN75V2<\/div><div id=\"js-DM_at-goodDescRich\"><html><head><style>  body {    font-family: Arial;    line-height: 1.5;    color: #1c1c1c;    overflow-x: hidden;    margin: 0;    padding: 0;  }  .MsoNormal b {    font-weight: bolder;  }<\/style><style>  .container.small {    width: 970px;    margin: 0 auto;  }  .logo {    margin: 0 auto 0;  }  .logo img {    display: block;    margin: 0 auto;    max-width: 100%;  }  .logo .pc-banner {    display: block;    width: 1200px;    height: 247.4px;    margin: 0 auto;  }  .logo .pc-banner.small {    width: 970px;  }  .logo .pc-banner.small img {    height: auto!important;  }  .logo .m-banner {    display: none;  }  .ytvideo {    position: relative;    height: 546px;    width: 100%;    margin: 0 auto;  }  .ytvideo img {    width: 100%;    margin: 0 auto;  }  .ytvideo .play-btn {    width: 60px;    height: 42px;    position: absolute;    top: 50%;    left: 50%;    transform: translate(-50%, -50%);    background: url(\"data:image\/png;base64,iVBORw0KGgoAAAANSUhEUgAAAGQAAABGCAMAAAANWMFbAAAC+lBMVEUAAADBGB3kLCfBGB3kLCfcJC7BFx3KKSbiKybkLCbWJCPSIiLSIiLPICHAFx3kLCfgKSXNHiDZJiTIGx\/p4eHcjo7LHSDbJyTkLCbjKyfOHyHPIiL28fHJHB\/GGh7EGR7eKCXDGB3RISHlLSbBGB3AFxzGHB7DGB7BGB3hKybkKybAFx3lLCfAFxzDGR3hKibDGB7cJyTmz8\/elJTlwcHjurrUIyLlLSflLSfAFx3DGR7lLSfCFx3hKibhKibhKybjKybkLCblLSfbJSX49vbx7e3NNzjNMTLMJyjVIyLZf3\/ZQ0LaeHjx0tLgoqLkLCfCGB3HGx\/BGB3BFx3PICHCGB7WJCLOHyC\/Fxy\/Fx3lLCfQISHkLSe\/FxzbJiTBFx3FGx\/AGB7BFx3EGR7AGB3HHSDfKiXAFh3TISHYNzbhKibbJyTTIiL57e325+f039\/v2NjUV1fOHiHiqanfmprch4feKSXVIyPOICHmLibFGh\/mLSe\/Fx7XJCPeKSXXJSPNHyHaJyTGGh7lLCbmLCflLSjSIiLkLCbdKSXLHiC\/GB3KHh++Fh3lKyfoLiXcKCPkx8fYb2\/XaGfVXl3aU1LLHiDksbHgKibPICHbJyTfKSXbJyTCGB3KHSDiKybFGh7TIiL\/\/\/\/VIyPRISHIHB\/GGx\/HHB\/DGR7gKibdKCXLHiDZJiTMHiDNHyHYJSTOICHPICHWJCPcKCXXJSPjLCblLCf+\/f3NGR\/uLijzLynPGR\/IGB7WISHaIyLLGh7UAADxLynNAADRLzDbICLQAADIAAD3MCrUHSHXMTDpKSbLAADp5OTij4\/ejo\/VLy\/1LyngJSTcJCPQHx\/OHB7+\/PzaMS\/OLS\/vLijrLSjSAADaNTPwLyjkKSbNJCbYISHPHB\/KGB7WAAD7+vrn3d3aKynTKCjoLCfsKifRGh\/YAADq5+fhjo7QNDXXKCfmJyXt5+fTLzDLLi\/QKivYHRvMGBrQJCXLISPMExXLDxLaEAvkkI\/bOTfaFQ\/SCgpvLcnHAAAAmnRSTlMA+vv7+gT9Bvf9+8z8\/NSv\/Pr5+P7++vnQIBMP\/v38\/Pn348XDiCYf9OjbzcqxXVcx\/fz8+\/rj1r2poo1+fXFqX0orGP7+\/v7+\/fz8+\/r68uzn4trIxsG\/vri3p6GcmZSNbWVYUUZEPQv+\/f39+\/v7+\/v7+vr64tvV1NTTz87FtbSurqeblJKFg4B3bUY+NjL7+\/v7+\/v67t1cDo8JLQAABkRJREFUWMO0kz9rwkAYh0OIeJkum6YugUAhISCdKoj\/P4C7SMdS+gEKIhSKil10LSg4mzXkILdlEpxCpwTiWOLX6BujvQaEQuGeHLnL+\/64J+SIcKGYTYWnntpdLjrVdqvZmNdn0+EE40GtpuuWVS6Xx6N7YDSGpWXpeq02wHgynM7q80az1a52HpddtVcpsi1zFARBrdaxbhp9iUReTGmwA4KAAr7vx3EYejnCMI6hQYEgy0LQi4jUN0wL19vqFcUC9\/1dAKmEEFkWRYkh5oBejnxQJiSJPJ\/uKBp0Thszx9Mw8hMRIQjKsptCfuES9zr5WJY6vSFCIvE9fCMUmEM1A1kSXcYGxgVYsvI1IPKTZciSTI0us\/SMGG04gDzELDoFBwdcFJrF88dqgYMTiL6DILWYyfOWE8\/kIz38olCNlC03FK95+imxp6y4oUSvAnBjHHhKNtotSDqJzVFiK8c2SBqhZtsrTtgrLXwAyduxZHNE26eHUt5rtuM4WSmds3G+sUdWYo1L+XyxButoh5eKUHk5lByO3G1LqqCWVnfrv\/lyPtf\/4ps1cndNGIri8J1TJ0lx6dR\/oPjq1nbRwdp2dCk4CtIOLW3pVKRL6WZfS5vF2KkIQhpwSsjiYIgNCs1gEMGqiIq24NQX9NwoXFy8Ufrl3twTcg4fv8T9\/JBEySduj6Mjm4bMzYV7EEOxKjjoNDud7yY3Dy71Hq2oLmqfbNR723edH9PgMrNL2utoQ3VmaIDkiw\/4w51P06hlZsTZvkRrbVuSIs\/zwSOsycgzStQouoAkWQqioRT5XI7n2Z1wfVhoZmcAJLsoqjqpjbWCgpOAJXBwHK8PzWbNvoUZJND5wCnSkLAkZ1legx6vqQzjoiTahKlGUGLAiIIoABOHaNVw4sexZBym6\/HWlH5h3IC7yRbxtipcWxdTOkORKiNQAEkFf66x5S2oeRbroOlLgg0sSYkR0hRGEqJZ0jTPiQKatESdBckpWigxaapEH0lImHdWu9pUFF2XqMNM2Z4kped7IwEJw2qabwtrQqnpw6HyKkgcadKWsmpywwesDyIhYRpdzXddqegtGIJlXbAIUMOLkGxJUjRIkokwjUaX9d\/kK62ps\/tYUqZLIMkLTyBhsMZ3C5Z\/kDxOSCb\/DOs\/\/J0qcWSX\/2ipe56EgTCA4\/cB7NAYOsni4mZM1MUPAISoEwkDi4lhVBQ1cWQyIcwalw4EpqZN68JUSK7XC0kTlkLYii5uXSC8jT5ncCAS7mjCv0uHp\/3lueHEEAeQ\/\/VgmdN71\/2uCSA1Xr6DO6uI6sW56zqT2tp2PhgiRUAajV8CY2fkcz6WGNKMgLAt7tJAhD4YHMTeRxlALE6+43WqjSWi8ITxyJl8WrwWSNESQZZOqhDDntO3hJLsd5RtSpbJqdv3YrDJH3F7jL1R2O2aQkn2MyCyKYz0GPGIvSAMgBCrCEiJyKbBaYGwLW4uPRr0A0M4Ux5kUI7IBh+hMdiCEWNqhMZGyYMsOgNE58UQuEQeUnSWCMYwL54hkxK6IoqucQZbQ3pc3XtL0lky1dL0zZJJDpWJovFqpWj6JEHnyam2eQp5QRVAVHjWparTOaVwUOx99YS2MvgxIGV0bb+qIg2HX2qkFFJB+XZcbLiuRkuxD9GRroKyveLxdh4d7Orx+hb7qc3uVRuEogCOnyIxm4ubUoPgF4jianDrC+SDQDKEfJb0GUKmjCGPYHGJvVC6X4hw1\/sAfQAdfYyephIaspXe36RwOP+Ljvfx9B6B3i+Nk0DGq+oCbLn6JpBa9nWAveAIHwFAwtVcIJXPMPL8kRu5OAYPMaL1WScTxjiZDqB9LTJSWphow\/pTYKRTLjCBhvi9iBidvKcDasGSm0QQkycYuLBqj6QCELPctqChDWpTRMWkngNNpQ1Pfp1KkiT\/Y0DGffXAweUNfLAfaJFKDwhb6I+bkYRbkERoEeu3Fyjg2opMz2daZCS9jt6Q7txNfB+OZEVF6Zl5web2xunnLQrtrjXseXKaFYziYINeMFZVxS9VxRhOoesYwxPKXm+gWLG9cuFeq93UNNeJNsf1KlwuDok9n02n3TgIJpOxNfL9naIoQwXtfH9kjceTIIi709ncTg6LZbg+biLH1V6u\/7rxBem06VXKn9raAAAAAElFTkSuQmCC\")      no-repeat center center \/ contain;  }  @media screen and (max-width: 960px) and (orientation: portrait) {    .logo {      width: 100%;    }    .logo .pc-banner {      display: none;    }    .logo .m-banner {      display: block;      width: 100%;    }    .logo .m-banner img {      height: auto!important;    }    .ytvideo {      height: 200px;      width: 100%;    }  }<\/style><style>  .video-section {    width: 100%;    margin: 0 auto;  }  .video-section > img {    width: 100%;  }  .video-section iframe,  .video-section video {    width: 100%;    height: 100%;      }  .video-section-img-m,  .video-section-img-pc > img {    width: 100%;    height: auto;  }  .video-section-img-pc.small > img {    width: 970px;  }  .video-desc {    line-height: 1.5;    font-size: 20px;    font-weight: 400;    margin: 20px 0;    text-align: center;    color: #0f1111;    word-break: break-word;  }  @media screen and (max-width: 960px) and (orientation: portrait) {    .video-section {      width: 100%;    }    .video-section-pc,    .video-section-img-pc {      display: none;    }    .video-section-m,    .video-section-img-m {      display: block;    }    .video-desc {      font-size: 15px;    }  }  @media screen and (min-width: 960px) {    .video-section {      width: 100%;      margin: 0 auto;    }    .video-section-pc,    .video-section-img-pc {      display: block;    }    .video-section-m,    .video-section-img-m {      display: none;    }    .video-desc {      font-size: 20px;    }  }<\/style><style>  .section + .section {    margin-top: 35px;  }  .section-title {    text-align: center;    font-weight: bold;    color: #0d1111;    font-family: \"Arial\";    font-size: 32px;    margin: 15px 0;  }  .section-title:empty {    display: none;  }  .section-desc {    text-align: center;    font-weight: normal;    color: #0d1111;    margin-top: 20px;  }  .section-desc:empty {    display: none;  }  .section-img {    width: 1200px;    height: 492px;    margin: 0 auto;    display: block;  }  .section-img.small {    width: 970px;    height: auto;  }  .section-img.small > img {    height: auto;  }  .section-img > img {    width: 100%;    height: 100%;  }  .section-mobile-img {    display: none;    max-width: 100vw;    max-height: 75vw;    height: 450px;    margin: 0 auto;  }  .section-mobile-img > img {    width: 100%;    height: 100%;  }  @media screen and (max-width: 960px) and (orientation: portrait) {    .container {      width: 100%;    }    .container.small {      width: 100%;    }    .section-mobile-img {      display: block;    }    .section-img {      display: none;    }    .section-title {      font-size: 22px;      margin: 10px 0;    }    .section-desc {      margin-top: 10px;    }    .section + .section {      margin-top: 20px;    }  }<\/style><\/head><body><div class=\"container small\"><div class=\"logo\"><div class=\"pc-banner small\"><div><img decoding=\"async\" src=\"\/vevor\/vevor\/boutique-banner\/pc\/en-pc@1x.jpg\" style=\"width: 100%;\" \/><\/div><\/div><div class=\"m-banner\"><div><img decoding=\"async\" src=\"\/vevor\/vevor\/boutique-banner\/mobile\/en-m@1x.jpg\" style=\"width: 100%;\" \/><\/div><\/div><\/div><div class=\"section-title\">Built-in multifunctional electric oven, easy to cook a variety of delicious<\/div><div class=\"video-section\"><div class=\"video-section-img-pc small\"><img decoding=\"async\" src=\"\/vevor\/product\/QRSDKXJXSXK29HN75\/single-wall-oven-a100-1.4-pt.jpg\" \/><\/div><div class=\"video-section-img-m\"><img decoding=\"async\" src=\"\/vevor\/product\/QRSDKXJXSXK29HN75\/single-wall-oven-a100-1.4-pt.jpg\" \/><\/div><div class=\"section-desc\">Designed with a 76L large capacity and 3550W high power, this single wall oven can quickly heat up to 200\u00b0C within 5 minutes, reducing preheating time and reaching cooking temperatures rapidly, unlocking delicious meals without waiting.<\/div><\/div><div class=\"section\"><div class=\"section-title\"><\/div><div class=\"section-img small\"><img decoding=\"async\" src=\"\/vevor\/product\/QRSDKXJXSXK29HN75\/single-wall-oven-a100-2.2-pt.jpg\" \/><\/div><div class=\"section-mobile-img\"><img decoding=\"async\" src=\"\/vevor\/product\/QRSDKXJXSXK29HN75\/single-wall-oven-a100-2.2-pt.jpg\" \/><\/div><div class=\"section-desc\">Choose from 9 functional modes with a powerful convection cooking system that circulates hot air evenly from all sides, providing ideal temperatures and airflow for quick preheating and uniform cooking.<\/div><\/div><div class=\"section\"><div class=\"section-title\"><\/div><div class=\"section-img small\"><img decoding=\"async\" src=\"\/vevor\/product\/QRSDKXJXSXK29HN75\/single-wall-oven-a100-2.3-pt.jpg\" \/><\/div><div class=\"section-mobile-img\"><img decoding=\"async\" src=\"\/vevor\/product\/QRSDKXJXSXK29HN75\/single-wall-oven-a100-2.3-pt.jpg\" \/><\/div><div class=\"section-desc\">High-temperature steam self-cleaning with a multi-stage self-cleaning system. After cooking, the interior inevitably accumulates oil and residue. High-temperature steam softens grease and automatically dries moisture, making cleaning effortless.<\/div><\/div><div class=\"section\"><div class=\"section-title\"><\/div><div class=\"section-img small\"><img decoding=\"async\" src=\"\/vevor\/product\/QRSDKXJXSXK29HN75\/single-wall-oven-a100-2.4-pt.jpg\" \/><\/div><div class=\"section-mobile-img\"><img decoding=\"async\" src=\"\/vevor\/product\/QRSDKXJXSXK29HN75\/single-wall-oven-a100-2.4-pt.jpg\" \/><\/div><div class=\"section-desc\">Equipped with triple-layer tempered glass and Low-E coating technology, the built-in oven effectively reduces heat transfer, keeping the exterior cool to touch and operating quietly to prevent burns and minimize noise disturbance.<\/div><\/div><div class=\"section\"><div class=\"section-title\"><\/div><div class=\"section-img small\"><img decoding=\"async\" src=\"\/vevor\/product\/QRSDKXJXSXK29HN75\/single-wall-oven-a100-2.5-pt.jpg\" \/><\/div><div class=\"section-mobile-img\"><img decoding=\"async\" src=\"\/vevor\/product\/QRSDKXJXSXK29HN75\/single-wall-oven-a100-2.5-pt.jpg\" \/><\/div><div class=\"section-desc\">With 9 different heating modes, enjoy easy cooking of a variety of dishes, making the cooking process more enjoyable and straightforward.<\/div><\/div><div class=\"section\"><div class=\"section-img small\"><img decoding=\"async\" src=\"\/vevor\/product\/QRSDKXJXSXK29HN75\/single-wall-oven-a100-1.11-pt.jpg\" \/><\/div><div class=\"section-mobile-img\"><img decoding=\"async\" src=\"\/vevor\/product\/QRSDKXJXSXK29HN75\/single-wall-oven-a100-1.11-pt.jpg\" \/><\/div><\/div><\/div><\/body><\/html><\/div>\n<div class=\"DM_at-title\" id=\"js-DM_at-title\"> <div>\u0421\u043f\u0435\u0446\u0438\u0444\u0456\u043a\u0430\u0446\u0456\u044f \u043f\u0440\u043e\u0434\u0443\u043a\u0442\u0443<\/div> <i class=\"icon-arrowup_line\"><\/i> <\/div><div class=\"DM_at-goodsDescAttr\" id=\"js-DM_at-goodsDescAttr\"> <div class=\"DM_at-goodsDescAttrInner\"> <dl class=\"goodsDesc_item goodsDesc_item_even\"> <dt>\u041d\u043e\u043c\u0435\u0440 \u043c\u043e\u0434\u0435\u043b\u0456 \u0432\u0438\u0440\u043e\u0431\u0443<\/dt> <dd> BIL69Tb2-B9-09<\/dd> <\/dl> <dl class=\"goodsDesc_item\"> <dt>\u041f\u043e\u0442\u0443\u0436\u043d\u0456\u0441\u0442\u044c<\/dt> <dd> 3550 W<\/dd> <\/dl> <dl class=\"goodsDesc_item goodsDesc_item_even\"> <dt>\u0420\u043e\u0437\u043c\u0456\u0440<\/dt> <dd> 24 \u0434\u044e\u0439\u043c\u0438<\/dd> <\/dl> <dl class=\"goodsDesc_item\"> <dt>\u0404\u043c\u043d\u0456\u0441\u0442\u044c<\/dt> <dd> 76 L<\/dd> <\/dl> <dl class=\"goodsDesc_item goodsDesc_item_even\"> <dt>Cleaning Method<\/dt> <dd> Manual Steam Cleaning<\/dd> <\/dl> <dl class=\"goodsDesc_item\"> <dt>\u041c\u0435\u0442\u043e\u0434 \u043a\u0435\u0440\u0443\u0432\u0430\u043d\u043d\u044f<\/dt> <dd> Mechanical + Digital Timer<\/dd> <\/dl> <dl class=\"goodsDesc_item goodsDesc_item_even\"> <dt>\u0412\u0430\u0433\u0430 \u043f\u0440\u043e\u0434\u0443\u043a\u0442\u0443<\/dt> <dd> 72.75 lbs \/ 33 kg<\/dd> <\/dl> <dl class=\"goodsDesc_item\"> <dt>\u0417\u043e\u0432\u043d\u0456\u0448\u043d\u0456\u0439 \u0440\u043e\u0437\u043c\u0456\u0440<\/dt> <dd> 23.4\" x 22.3\" x 23.4\" \/ 595 x 567 x 595 mm<\/dd> <\/dl> <dl class=\"goodsDesc_item goodsDesc_item_even\"> <dt>\u0412\u0441\u0442\u0430\u043d\u043e\u0432\u043b\u0435\u043d\u043d\u044f \u0420\u043e\u0437\u043c\u0456\u0440<\/dt> <dd> 21.8\" x 21.5\" x 22.4\" \/ 554 x 547 x 570 mm<\/dd> <\/dl> <dl class=\"goodsDesc_item\"> <dt>\u0420\u043e\u0437\u043c\u0456\u0440 \u0432\u0438\u0440\u0456\u0437\u0443<\/dt> <dd> 22.2\" x 22.0\" x 23.6\" \/ 564 x 560 x 600 mm<\/dd> <\/dl> <\/div> <\/div>","protected":false},"excerpt":{"rendered":"<ul>\n<li> 76L Large Capacity: The 76-liter large capacity design features 6 chrome-plated side racks for placing racks and baking trays. It includes a powerful convection cooking system that circulates hot air around the oven, above, below, and throughout, providing optimal temperature and airflow for quick preheating and even temperature control. This helps eliminate cold spots and ensures uniform baking, heating the entire oven interior to the correct temperature. <\/li>\n<li> 5-Minute Rapid Heating to 200\u00b0C: With up to 3550W of output power, the oven can quickly heat up to 200\u00b0C in just 5 minutes, reducing preheat time and reaching cooking temperature rapidly. It offers up to 9 automatic programming modes for quick start\u2014just twist the knob to begin cooking dishes like cakes, steaks, pizzas, bread, roasts, cookies, and vegetables. Equipped with a digital timer for precise cooking time control, it makes preparing a variety of delicious meals easy and enjoyable! <\/li>\n<li> Easy to Clean: Features a high-temperature steam self-cleaning system. After cooking, the interior may get dirty with grease and residue. The high-temperature steam softens grease, and after the steam dries, you can easily wipe it clean, keeping the oven looking new and extending its lifespan. <\/li>\n<li> Heat Insulation, Energy-Efficient, Low Noise: Equipped with triple-layer tempered glass and low-radiation coating technology. The Low-E glass effectively reduces heat transfer, keeping the oven\u2019s exterior cool to the touch, and maintains low noise levels to prevent burns and noise disturbance. <\/li>\n<li> Perfect Fit for Your Kitchen: The VOVER built-in electric oven has dimensions of 23.4 x 22.3 x 23.4 inches (W x D x H). With its modern design, it can be installed beneath any electric or gas cooktop, perfectly matching your kitchen d\u00e9cor. <\/li>\n<\/ul>","protected":false},"featured_media":332251,"comment_status":"closed","ping_status":"open","template":"","meta":{"om_disable_all_campaigns":false,"_monsterinsights_skip_tracking":false,"_monsterinsights_sitenote_active":false,"_monsterinsights_sitenote_note":"","_monsterinsights_sitenote_category":0,"_uf_show_specific_survey":0,"_uf_disable_surveys":false},"location":[1935,1934],"product_brand":[21],"product_cat":[2445,4411,3110],"product_tag":[],"class_list":{"0":"post-53266","1":"product","2":"type-product","3":"status-publish","4":"has-post-thumbnail","6":"location-supplier_stock_location","7":"location-local_stock_location","8":"product_brand-vevor","9":"product_cat-appliances","10":"product_cat-electric-wall-ovens","11":"product_cat-wall-ovens","13":"first","14":"instock","15":"taxable","16":"shipping-taxable","17":"purchasable","18":"product-type-simple"},"aioseo_notices":[],"jetpack_sharing_enabled":true,"locations":[{"id":1935,"name":"Pieg\u0101d\u0101t\u0101ja noliktav\u0101 (5-7d.d.)","slug":"supplier_stock_location","quantity":"29"},{"id":1934,"name":"R\u012bgas veikal\u0101 (0-2d.d.)","slug":"local_stock_location","quantity":"0"}],"_links":{"self":[{"href":"https:\/\/vevorshop.lv\/uk\/wp-json\/wp\/v2\/product\/53266","targetHints":{"allow":["GET"]}}],"collection":[{"href":"https:\/\/vevorshop.lv\/uk\/wp-json\/wp\/v2\/product"}],"about":[{"href":"https:\/\/vevorshop.lv\/uk\/wp-json\/wp\/v2\/types\/product"}],"replies":[{"embeddable":true,"href":"https:\/\/vevorshop.lv\/uk\/wp-json\/wp\/v2\/comments?post=53266"}],"wp:featuredmedia":[{"embeddable":true,"href":"https:\/\/vevorshop.lv\/uk\/wp-json\/wp\/v2\/media\/332251"}],"wp:attachment":[{"href":"https:\/\/vevorshop.lv\/uk\/wp-json\/wp\/v2\/media?parent=53266"}],"wp:term":[{"taxonomy":"location","embeddable":true,"href":"https:\/\/vevorshop.lv\/uk\/wp-json\/wp\/v2\/location?post=53266"},{"taxonomy":"product_brand","embeddable":true,"href":"https:\/\/vevorshop.lv\/uk\/wp-json\/wp\/v2\/product_brand?post=53266"},{"taxonomy":"product_cat","embeddable":true,"href":"https:\/\/vevorshop.lv\/uk\/wp-json\/wp\/v2\/product_cat?post=53266"},{"taxonomy":"product_tag","embeddable":true,"href":"https:\/\/vevorshop.lv\/uk\/wp-json\/wp\/v2\/product_tag?post=53266"}],"curies":[{"name":"wp","href":"https:\/\/api.w.org\/{rel}","templated":true}]}}